{"id":25865,"date":"2024-01-09T16:22:09","date_gmt":"2024-01-09T16:22:09","guid":{"rendered":"http:\/\/rucashk.com\/?post_type=product&#038;p=25865"},"modified":"2025-06-22T06:42:48","modified_gmt":"2025-06-22T06:42:48","slug":"xiaomi-robot-vacuum-2c-hongkong-shipping","status":"publish","type":"product","link":"https:\/\/www.rucashk.com\/es\/producto\/xiaomi-robot-vacuum-2c-hongkong-shipping\/","title":{"rendered":"Xiaomi Robot Vacuum 2C env\u00edo a Hong Kong"},"content":{"rendered":"<div style=\"text-align: center\" data-spm-anchor-id=\"a2g0o.detail.1000023.i0.5cea4db5PYvo1G\"><strong>Robot aspirador Mijia 2C<\/strong><\/div>\n<div style=\"text-align: center\">99.9% antibacteriano a largo plazo<\/div>\n<div style=\"text-align: center\">Mejora la presi\u00f3n para limpiar el suelo.<\/div>\n<div style=\"text-align: center\">M\u00e1s inteligente<\/div>\n<div style=\"text-align: center\">110 minutos de tiempo de trabajo<\/div>\n<div><img fetchpriority=\"high\" decoding=\"async\" class=\"aligncenter\" src=\"\/wp-content\/uploads\/replace\/afc9aae6842015acaa0a17c8c0dd0b33.jpeg\" alt=\"Xiaomi Robot Vacuum 2C hongkong shipping\" width=\"800\" height=\"780\" \/><\/div>\n<div style=\"text-align: center\"><strong>Experto en limpieza de suelos<\/strong><\/div>\n<div><img decoding=\"async\" class=\"aligncenter\" src=\"\/wp-content\/uploads\/replace\/2e6a67c9ca35034a744c5cbea595a3c4.jpeg\" alt=\"Xiaomi Robot Vacuum 2C hongkong shipping\" width=\"800\" height=\"431\" \/><\/div>\n<div style=\"text-align: center\"><strong>Trapeador antibacteriano nuevo y aumenta la presi\u00f3n para limpiar el piso.<\/strong><\/div>\n<div style=\"text-align: center\">Fuerte succi\u00f3n cicl\u00f3nica de 2700PA.<\/div>\n<div style=\"text-align: center\">Planificaci\u00f3n inteligente, establecimiento autom\u00e1tico del \u00e1rea de la habitaci\u00f3n.<\/div>\n<div style=\"text-align: center\">110 minutos de largo trabajo.<\/div>\n<div><img decoding=\"async\" class=\"aligncenter\" src=\"\/wp-content\/uploads\/replace\/19bbe3935d47532e17c683d17e61834d.jpeg\" alt=\"Xiaomi Robot Vacuum 2C hongkong shipping\" width=\"800\" height=\"1089\" \/><\/div>\n<div style=\"text-align: center\"><strong>99.9% Trapeador Antibacteriano<\/strong><\/div>\n<div style=\"text-align: center\">Utilice material flexible antibacteriano de fibra,<\/div>\n<div style=\"text-align: center\">Y el agente antibacteriano de pol\u00edmero de alto peso molecular de la superficie, la inhibici\u00f3n a largo plazo del crecimiento bacteriano, protege la salud familiar.<\/div>\n<div><img loading=\"lazy\" decoding=\"async\" class=\"aligncenter\" src=\"\/wp-content\/uploads\/replace\/225ce443718b9bb0e415d2762a599890.jpeg\" alt=\"Xiaomi Robot Vacuum 2C hongkong shipping\" width=\"800\" height=\"627\" \/><\/div>\n<div style=\"text-align: center\"><strong>Aumentar la presi\u00f3n para limpiar el piso.<\/strong><\/div>\n<div style=\"text-align: center\">Actualice el m\u00f3dulo de limpieza. Trapar el suelo en h\u00famedo es m\u00e1s eficiente.<\/div>\n<div><img loading=\"lazy\" decoding=\"async\" class=\"aligncenter\" src=\"\/wp-content\/uploads\/replace\/2537beb28db1e1952b94082f28d2f783.jpeg\" alt=\"Xiaomi Robot Vacuum 2C hongkong shipping\" width=\"800\" height=\"753\" \/><\/div>\n<div style=\"text-align: center\"><strong>Tanque de agua inteligente de 250 ml<\/strong><\/div>\n<div style=\"text-align: center\">Roc\u00ede agua uniformemente, Tookfun.<\/div>\n<div style=\"text-align: center\">Puede trapear 150 metros cuadrados h\u00famedos agregando agua a la vez.<\/div>\n<div><img loading=\"lazy\" decoding=\"async\" class=\"aligncenter\" src=\"\/wp-content\/uploads\/replace\/f841e61314cccbca52cad1d9071eb174.jpeg\" alt=\"Xiaomi Robot Vacuum 2C hongkong shipping\" width=\"800\" height=\"763\" \/><\/div>\n<div style=\"text-align: center\"><strong>S\u00faper succi\u00f3n 2700PA<\/strong><\/div>\n<div style=\"text-align: center\">Motor sin escobillas NIDEC Jap\u00f3n, succi\u00f3n fuerte continua, polvo de micras de limpieza profunda,<\/div>\n<div style=\"text-align: center\">Y purifica el aire.<\/div>\n<div style=\"text-align: center\">4 modos de succi\u00f3n, caja de polvo de 550ML.<\/div>\n<div><img loading=\"lazy\" decoding=\"async\" class=\"aligncenter\" src=\"\/wp-content\/uploads\/replace\/3bed3297b2c2cf45cb616136f20c663d.jpeg\" alt=\"Xiaomi Robot Vacuum 2C hongkong shipping\" width=\"800\" height=\"697\" \/><\/div>\n<div style=\"text-align: center\"><strong>Cepillo de limpieza nuevo<\/strong><\/div>\n<div style=\"text-align: center\">Cepillo de limpieza lateral hexagonal,<\/div>\n<div style=\"text-align: center\">Cepillo principal de microfibra de 0,1 mm, limpia profundamente las esquinas y las grietas del piso<\/div>\n<div><img loading=\"lazy\" decoding=\"async\" class=\"aligncenter\" src=\"\/wp-content\/uploads\/replace\/ce314c69ea87e7f7252b12a66280c82e.jpeg\" alt=\"Xiaomi Robot Vacuum 2C hongkong shipping\" width=\"800\" height=\"1044\" \/><\/div>\n<div style=\"text-align: center\"><strong>Sistema de navegaci\u00f3n visual<\/strong><\/div>\n<div style=\"text-align: center\">Escanee r\u00e1pidamente la habitaci\u00f3n y construya un mapa.<\/div>\n<div style=\"text-align: center\">Desarrollar el mejor plan de limpieza.<\/div>\n<div><img loading=\"lazy\" decoding=\"async\" class=\"aligncenter\" src=\"\/wp-content\/uploads\/replace\/c713740717be3192e7ce97d23cc79229.jpeg\" alt=\"Xiaomi Robot Vacuum 2C hongkong shipping\" width=\"800\" height=\"576\" \/><\/div>\n<div style=\"text-align: center\"><strong>Planificaci\u00f3n inteligente, creaci\u00f3n autom\u00e1tica de n\u00fameros de habitaci\u00f3n.<\/strong><\/div>\n<div style=\"text-align: center\">Personalizas diferentes programas de limpieza seg\u00fan la habitaci\u00f3n,<\/div>\n<div><img loading=\"lazy\" decoding=\"async\" class=\"aligncenter\" src=\"\/wp-content\/uploads\/replace\/e7f5fa193b1afb3b262bb2510c99ff7a.jpeg\" alt=\"Xiaomi Robot Vacuum 2C hongkong shipping\" width=\"800\" height=\"688\" \/><\/div>\n<div style=\"text-align: center\"><strong>CPU de cuatro n\u00facleos Cortex-A53<\/strong><\/div>\n<div style=\"text-align: center\">Fuerte capacidad inform\u00e1tica,<\/div>\n<div style=\"text-align: center\">Localice r\u00e1pidamente la posici\u00f3n del robot y dibuje la mejor ruta.<\/div>\n<div><img loading=\"lazy\" decoding=\"async\" class=\"aligncenter\" src=\"\/wp-content\/uploads\/replace\/8ba74fb51ff139db647e95cbac99515c.jpeg\" alt=\"Xiaomi Robot Vacuum 2C hongkong shipping\" width=\"800\" height=\"576\" \/><\/div>\n<div style=\"text-align: center\"><strong>110 minutos de tiempo de trabajo<\/strong><\/div>\n<div style=\"text-align: center\">La capacidad de la bater\u00eda mejorada, 3200 mAH, puede funcionar de forma continua durante 110 minutos.<\/div>\n<div><img loading=\"lazy\" decoding=\"async\" class=\"aligncenter\" src=\"\/wp-content\/uploads\/replace\/1b754f00196ad59977519fe4a3c29302.jpeg\" alt=\"Xiaomi Robot Vacuum 2C hongkong shipping\" width=\"800\" height=\"718\" \/><\/div>\n<div style=\"text-align: center\"><strong>Control remoto de la aplicaci\u00f3n MIJIA MIHOME<\/strong><\/div>\n<div style=\"text-align: center\">A trav\u00e9s de la conexi\u00f3n WIFI, aunque no est\u00e9s en casa, podr\u00e1s seguir controlando el robot.<\/div>\n<div><img loading=\"lazy\" decoding=\"async\" class=\"aligncenter\" src=\"\/wp-content\/uploads\/replace\/c1d7d750e9ab6a21edbad187f35011c8.jpeg\" alt=\"Xiaomi Robot Vacuum 2C hongkong shipping\" width=\"800\" height=\"731\" \/><\/div>\n<div style=\"text-align: center\">8,1 cm de altura, puede limpiar el sof\u00e1 y la base de la cama.<\/div>\n<div style=\"text-align: center\">Regresa autom\u00e1ticamente a la base de carga y contin\u00faa completando la limpieza.<\/div>\n<div style=\"text-align: center\">20 mm sobre obst\u00e1culos.<\/div>\n<div style=\"text-align: center\">Actualizaci\u00f3n en l\u00ednea OTA, contin\u00fae actualizando m\u00e1s funciones.<\/div>\n<div><img loading=\"lazy\" decoding=\"async\" class=\"aligncenter\" src=\"\/wp-content\/uploads\/replace\/ab649da89bdf543e20a8182d0a163995.jpeg\" alt=\"Xiaomi Robot Vacuum 2C hongkong shipping\" width=\"800\" height=\"260\" \/><img loading=\"lazy\" decoding=\"async\" class=\"aligncenter\" src=\"\/wp-content\/uploads\/replace\/90c0bab92fe7e24c232a4a87ae96001d.jpeg\" alt=\"Xiaomi Robot Vacuum 2C hongkong shipping\" width=\"800\" height=\"715\" data-spm-anchor-id=\"a2g0o.detail.1000023.i1.5cea4db5PYvo1G\" \/><img loading=\"lazy\" decoding=\"async\" class=\"aligncenter\" src=\"\/wp-content\/uploads\/replace\/f1509d5552d9dc3e26e50c4d4e4af619.jpeg\" alt=\"Xiaomi Robot Vacuum 2C hongkong shipping\" width=\"800\" height=\"315\" \/><\/div>","protected":false},"excerpt":{"rendered":"<div>\n<div>\n<ul>\n<li><span data-spm-anchor-id=\"a2g0o.detail.1000023.i2.5cea4db5PYvo1G\">Trapeador antibacteriano 99.9%, utilice material flexible antibacteriano de fibra, proteja la salud familiar.<\/span><\/li>\n<li>Aumente la presi\u00f3n para limpiar el piso.<\/li>\n<li>Tanque de agua inteligente de 250 ML, roc\u00eda agua uniformemente.<\/li>\n<li>Fuerte succi\u00f3n cicl\u00f3nica de 2700PA.<\/li>\n<li>Planificaci\u00f3n inteligente, establecimiento autom\u00e1tico del \u00e1rea de la habitaci\u00f3n.<\/li>\n<li>Bater\u00eda de 3200 mAH, 110 minutos de trabajo prolongado.<\/li>\n<li>Nuevo cepillo de limpieza. Cepillo de limpieza lateral hexagonal, cepillo principal de microfibra de 0,1 mm.<\/li>\n<li>8,1 cm de altura, puede limpiar el sof\u00e1 y la base de la cama.<\/li>\n<\/ul>\n<\/div>\n<\/div>","protected":false},"featured_media":25950,"template":"","meta":[],"product_brand":[1363],"product_cat":[1344,1305],"product_tag":[],"class_list":{"0":"post-25865","1":"product","2":"type-product","3":"status-publish","4":"has-post-thumbnail","6":"product_brand-xiaomi","7":"product_cat-mi-vacuum-cleaner","8":"product_cat-xiaomi-eco","10":"first","11":"instock","12":"shipping-taxable","13":"product-type-simple"},"aioseo_notices":[],"aioseo_head":"\n\t\t<!-- All in One SEO Pro 4.5.9.2 - aioseo.com -->\n\t\t<meta name=\"description\" content=\"99.9% antibacterial mop, Use fiber antibacterial flexible material, protect family health. Increase the pressure to wipe the floor. 250ML smart water tank, Spray water evenly. 2700PA cyclone strong suction. Intelligent planning, automatic establishment of room area. 3200mAH battery, 110 minutes of long work. Brand new cleaning brush.Hexagonal side cleaning brush, 0.1mm microfiber main brush. 8.1cm height, can clean sofa and bed bottom.\" \/>\n\t\t<meta name=\"robots\" content=\"max-image-preview:large\" \/>\n\t\t<link rel=\"canonical\" href=\"https:\/\/www.rucashk.com\/es\/producto\/xiaomi-robot-vacuum-2c-hongkong-shipping\/\" \/>\n\t\t<meta name=\"generator\" content=\"All in One SEO Pro (AIOSEO) 4.5.9.2\" \/>\n\t\t<meta property=\"og:locale\" content=\"es_ES\" \/>\n\t\t<meta property=\"og:site_name\" content=\"Rucas - One-stop AIoT Distribution Worldwide\" \/>\n\t\t<meta property=\"og:type\" content=\"article\" \/>\n\t\t<meta property=\"og:title\" content=\"Xiaomi Robot Vacuum 2C hongkong shipping - Rucas - Wholesale and Distribution\" \/>\n\t\t<meta property=\"og:description\" content=\"99.9% antibacterial mop, Use fiber antibacterial flexible material, protect family health. Increase the pressure to wipe the floor. 250ML smart water tank, Spray water evenly. 2700PA cyclone strong suction. Intelligent planning, automatic establishment of room area. 3200mAH battery, 110 minutes of long work. Brand new cleaning brush.Hexagonal side cleaning brush, 0.1mm microfiber main brush. 8.1cm height, can clean sofa and bed bottom.\" \/>\n\t\t<meta property=\"og:url\" content=\"https:\/\/www.rucashk.com\/es\/producto\/xiaomi-robot-vacuum-2c-hongkong-shipping\/\" \/>\n\t\t<meta property=\"og:image\" content=\"https:\/\/www.rucashk.com\/wp-content\/uploads\/replace\/503b8e645f128a97ccde2b6290747646.jpeg\" \/>\n\t\t<meta property=\"og:image:secure_url\" content=\"https:\/\/www.rucashk.com\/wp-content\/uploads\/replace\/503b8e645f128a97ccde2b6290747646.jpeg\" \/>\n\t\t<meta property=\"og:image:width\" content=\"1456\" \/>\n\t\t<meta property=\"og:image:height\" content=\"816\" \/>\n\t\t<meta property=\"article:published_time\" content=\"2024-01-09T16:22:09+00:00\" \/>\n\t\t<meta property=\"article:modified_time\" content=\"2025-06-22T06:42:48+00:00\" \/>\n\t\t<meta name=\"twitter:card\" content=\"summary_large_image\" \/>\n\t\t<meta name=\"twitter:title\" content=\"Xiaomi Robot Vacuum 2C hongkong shipping - Rucas - Wholesale and Distribution\" \/>\n\t\t<meta name=\"twitter:description\" content=\"99.9% antibacterial mop, Use fiber antibacterial flexible material, protect family health. Increase the pressure to wipe the floor. 250ML smart water tank, Spray water evenly. 2700PA cyclone strong suction. Intelligent planning, automatic establishment of room area. 3200mAH battery, 110 minutes of long work. Brand new cleaning brush.Hexagonal side cleaning brush, 0.1mm microfiber main brush. 8.1cm height, can clean sofa and bed bottom.\" \/>\n\t\t<meta name=\"twitter:image\" content=\"https:\/\/www.rucashk.com\/wp-content\/uploads\/replace\/503b8e645f128a97ccde2b6290747646.jpeg\" \/>\n\t\t<script type=\"application\/ld+json\" class=\"aioseo-schema\">\n\t\t\t{\"@context\":\"https:\\\/\\\/schema.org\",\"@graph\":[{\"@type\":\"BreadcrumbList\",\"@id\":\"https:\\\/\\\/www.rucashk.com\\\/es\\\/producto\\\/xiaomi-robot-vacuum-2c-hongkong-shipping\\\/#breadcrumblist\",\"itemListElement\":[{\"@type\":\"ListItem\",\"@id\":\"https:\\\/\\\/www.rucashk.com\\\/es\\\/#listItem\",\"position\":1,\"name\":\"Home\",\"item\":\"https:\\\/\\\/www.rucashk.com\\\/es\\\/\",\"nextItem\":\"https:\\\/\\\/www.rucashk.com\\\/es\\\/producto\\\/xiaomi-robot-vacuum-2c-hongkong-shipping\\\/#listItem\"},{\"@type\":\"ListItem\",\"@id\":\"https:\\\/\\\/www.rucashk.com\\\/es\\\/producto\\\/xiaomi-robot-vacuum-2c-hongkong-shipping\\\/#listItem\",\"position\":2,\"name\":\"Xiaomi Robot Vacuum 2C hongkong shipping\",\"previousItem\":\"https:\\\/\\\/www.rucashk.com\\\/es\\\/#listItem\"}]},{\"@type\":\"Organization\",\"@id\":\"https:\\\/\\\/www.rucashk.com\\\/es\\\/#organization\",\"name\":\"Rucas\",\"url\":\"https:\\\/\\\/www.rucashk.com\\\/es\\\/\",\"logo\":{\"@type\":\"ImageObject\",\"url\":\"https:\\\/\\\/www.rucashk.com\\\/wp-content\\\/uploads\\\/2023\\\/12\\\/Rucas_campany_logo.png\",\"@id\":\"https:\\\/\\\/www.rucashk.com\\\/es\\\/producto\\\/xiaomi-robot-vacuum-2c-hongkong-shipping\\\/#organizationLogo\",\"width\":221,\"height\":65},\"image\":{\"@id\":\"https:\\\/\\\/www.rucashk.com\\\/es\\\/#organizationLogo\"}},{\"@type\":\"Person\",\"@id\":\"https:\\\/\\\/www.rucashk.com\\\/es\\\/author\\\/admin\\\/#author\",\"url\":\"https:\\\/\\\/www.rucashk.com\\\/es\\\/author\\\/admin\\\/\",\"name\":\"admin\",\"image\":{\"@type\":\"ImageObject\",\"@id\":\"https:\\\/\\\/www.rucashk.com\\\/es\\\/producto\\\/xiaomi-robot-vacuum-2c-hongkong-shipping\\\/#authorImage\",\"url\":\"https:\\\/\\\/secure.gravatar.com\\\/avatar\\\/b7c8925b09a27e72b30232f8ecaadbd5af0f70a38c78096863fe51b64f031c24?s=96&d=mm&r=g\",\"width\":96,\"height\":96,\"caption\":\"admin\"}},{\"@type\":\"WebPage\",\"@id\":\"https:\\\/\\\/www.rucashk.com\\\/es\\\/producto\\\/xiaomi-robot-vacuum-2c-hongkong-shipping\\\/#webpage\",\"url\":\"https:\\\/\\\/www.rucashk.com\\\/es\\\/producto\\\/xiaomi-robot-vacuum-2c-hongkong-shipping\\\/\",\"name\":\"Xiaomi Robot Vacuum 2C hongkong shipping - Rucas - Wholesale and Distribution\",\"description\":\"99.9% antibacterial mop, Use fiber antibacterial flexible material, protect family health. Increase the pressure to wipe the floor. 250ML smart water tank, Spray water evenly. 2700PA cyclone strong suction. Intelligent planning, automatic establishment of room area. 3200mAH battery, 110 minutes of long work. Brand new cleaning brush.Hexagonal side cleaning brush, 0.1mm microfiber main brush. 8.1cm height, can clean sofa and bed bottom.\",\"inLanguage\":\"es-ES\",\"isPartOf\":{\"@id\":\"https:\\\/\\\/www.rucashk.com\\\/es\\\/#website\"},\"breadcrumb\":{\"@id\":\"https:\\\/\\\/www.rucashk.com\\\/es\\\/producto\\\/xiaomi-robot-vacuum-2c-hongkong-shipping\\\/#breadcrumblist\"},\"author\":{\"@id\":\"https:\\\/\\\/www.rucashk.com\\\/es\\\/author\\\/admin\\\/#author\"},\"creator\":{\"@id\":\"https:\\\/\\\/www.rucashk.com\\\/es\\\/author\\\/admin\\\/#author\"},\"image\":{\"@type\":\"ImageObject\",\"url\":\"https:\\\/\\\/www.rucashk.com\\\/wp-content\\\/uploads\\\/2024\\\/01\\\/Xiaomi-Robot-Vacuum-2C-hongkong-shipping.jpg\",\"@id\":\"https:\\\/\\\/www.rucashk.com\\\/es\\\/producto\\\/xiaomi-robot-vacuum-2c-hongkong-shipping\\\/#mainImage\",\"width\":800,\"height\":800},\"primaryImageOfPage\":{\"@id\":\"https:\\\/\\\/www.rucashk.com\\\/es\\\/producto\\\/xiaomi-robot-vacuum-2c-hongkong-shipping\\\/#mainImage\"},\"datePublished\":\"2024-01-09T16:22:09+00:00\",\"dateModified\":\"2025-06-22T06:42:48+00:00\"},{\"@type\":\"WebSite\",\"@id\":\"https:\\\/\\\/www.rucashk.com\\\/es\\\/#website\",\"url\":\"https:\\\/\\\/www.rucashk.com\\\/es\\\/\",\"name\":\"Rucas - Wholesale and distribution worldwide\",\"alternateName\":\"Rucas - One-stop AIoT Distribution Worldwide\",\"description\":\"One-stop AIoT Distribution Worldwide\",\"inLanguage\":\"es-ES\",\"publisher\":{\"@id\":\"https:\\\/\\\/www.rucashk.com\\\/es\\\/#organization\"}}]}\n\t\t<\/script>\n\t\t<!-- All in One SEO Pro -->\r\n\t\t<title>Xiaomi Robot Vacuum 2C hongkong shipping - Rucas - Wholesale and Distribution<\/title>\n\n","aioseo_head_json":{"title":"Xiaomi Robot Vacuum 2C hongkong shipping - Rucas - Wholesale and Distribution","description":"99.9% antibacterial mop, Use fiber antibacterial flexible material, protect family health. Increase the pressure to wipe the floor. 250ML smart water tank, Spray water evenly. 2700PA cyclone strong suction. Intelligent planning, automatic establishment of room area. 3200mAH battery, 110 minutes of long work. Brand new cleaning brush.Hexagonal side cleaning brush, 0.1mm microfiber main brush. 8.1cm height, can clean sofa and bed bottom.","canonical_url":"https:\/\/www.rucashk.com\/es\/producto\/xiaomi-robot-vacuum-2c-hongkong-shipping\/","robots":"max-image-preview:large","keywords":"","webmasterTools":{"miscellaneous":""},"og:locale":"es_ES","og:site_name":"Rucas - One-stop AIoT Distribution Worldwide","og:type":"article","og:title":"Xiaomi Robot Vacuum 2C hongkong shipping - Rucas - Wholesale and Distribution","og:description":"99.9% antibacterial mop, Use fiber antibacterial flexible material, protect family health. Increase the pressure to wipe the floor. 250ML smart water tank, Spray water evenly. 2700PA cyclone strong suction. Intelligent planning, automatic establishment of room area. 3200mAH battery, 110 minutes of long work. Brand new cleaning brush.Hexagonal side cleaning brush, 0.1mm microfiber main brush. 8.1cm height, can clean sofa and bed bottom.","og:url":"https:\/\/www.rucashk.com\/es\/producto\/xiaomi-robot-vacuum-2c-hongkong-shipping\/","og:image":"https:\/\/www.rucashk.com\/wp-content\/uploads\/replace\/503b8e645f128a97ccde2b6290747646.jpeg","og:image:secure_url":"https:\/\/www.rucashk.com\/wp-content\/uploads\/replace\/503b8e645f128a97ccde2b6290747646.jpeg","og:image:width":1456,"og:image:height":816,"article:published_time":"2024-01-09T16:22:09+00:00","article:modified_time":"2025-06-22T06:42:48+00:00","twitter:card":"summary_large_image","twitter:title":"Xiaomi Robot Vacuum 2C hongkong shipping - Rucas - Wholesale and Distribution","twitter:description":"99.9% antibacterial mop, Use fiber antibacterial flexible material, protect family health. Increase the pressure to wipe the floor. 250ML smart water tank, Spray water evenly. 2700PA cyclone strong suction. Intelligent planning, automatic establishment of room area. 3200mAH battery, 110 minutes of long work. Brand new cleaning brush.Hexagonal side cleaning brush, 0.1mm microfiber main brush. 8.1cm height, can clean sofa and bed bottom.","twitter:image":"https:\/\/www.rucashk.com\/wp-content\/uploads\/replace\/503b8e645f128a97ccde2b6290747646.jpeg","schema":{"@context":"https:\/\/schema.org","@graph":[{"@type":"BreadcrumbList","@id":"https:\/\/www.rucashk.com\/es\/producto\/xiaomi-robot-vacuum-2c-hongkong-shipping\/#breadcrumblist","itemListElement":[{"@type":"ListItem","@id":"https:\/\/www.rucashk.com\/es\/#listItem","position":1,"name":"Home","item":"https:\/\/www.rucashk.com\/es\/","nextItem":"https:\/\/www.rucashk.com\/es\/producto\/xiaomi-robot-vacuum-2c-hongkong-shipping\/#listItem"},{"@type":"ListItem","@id":"https:\/\/www.rucashk.com\/es\/producto\/xiaomi-robot-vacuum-2c-hongkong-shipping\/#listItem","position":2,"name":"Xiaomi Robot Vacuum 2C hongkong shipping","previousItem":"https:\/\/www.rucashk.com\/es\/#listItem"}]},{"@type":"Organization","@id":"https:\/\/www.rucashk.com\/es\/#organization","name":"Rucas","url":"https:\/\/www.rucashk.com\/es\/","logo":{"@type":"ImageObject","url":"https:\/\/www.rucashk.com\/wp-content\/uploads\/2023\/12\/Rucas_campany_logo.png","@id":"https:\/\/www.rucashk.com\/es\/producto\/xiaomi-robot-vacuum-2c-hongkong-shipping\/#organizationLogo","width":221,"height":65},"image":{"@id":"https:\/\/www.rucashk.com\/es\/#organizationLogo"}},{"@type":"Person","@id":"https:\/\/www.rucashk.com\/es\/author\/admin\/#author","url":"https:\/\/www.rucashk.com\/es\/author\/admin\/","name":"admin","image":{"@type":"ImageObject","@id":"https:\/\/www.rucashk.com\/es\/producto\/xiaomi-robot-vacuum-2c-hongkong-shipping\/#authorImage","url":"https:\/\/secure.gravatar.com\/avatar\/b7c8925b09a27e72b30232f8ecaadbd5af0f70a38c78096863fe51b64f031c24?s=96&d=mm&r=g","width":96,"height":96,"caption":"admin"}},{"@type":"WebPage","@id":"https:\/\/www.rucashk.com\/es\/producto\/xiaomi-robot-vacuum-2c-hongkong-shipping\/#webpage","url":"https:\/\/www.rucashk.com\/es\/producto\/xiaomi-robot-vacuum-2c-hongkong-shipping\/","name":"Xiaomi Robot Vacuum 2C hongkong shipping - Rucas - Wholesale and Distribution","description":"99.9% antibacterial mop, Use fiber antibacterial flexible material, protect family health. Increase the pressure to wipe the floor. 250ML smart water tank, Spray water evenly. 2700PA cyclone strong suction. Intelligent planning, automatic establishment of room area. 3200mAH battery, 110 minutes of long work. Brand new cleaning brush.Hexagonal side cleaning brush, 0.1mm microfiber main brush. 8.1cm height, can clean sofa and bed bottom.","inLanguage":"es-ES","isPartOf":{"@id":"https:\/\/www.rucashk.com\/es\/#website"},"breadcrumb":{"@id":"https:\/\/www.rucashk.com\/es\/producto\/xiaomi-robot-vacuum-2c-hongkong-shipping\/#breadcrumblist"},"author":{"@id":"https:\/\/www.rucashk.com\/es\/author\/admin\/#author"},"creator":{"@id":"https:\/\/www.rucashk.com\/es\/author\/admin\/#author"},"image":{"@type":"ImageObject","url":"https:\/\/www.rucashk.com\/wp-content\/uploads\/2024\/01\/Xiaomi-Robot-Vacuum-2C-hongkong-shipping.jpg","@id":"https:\/\/www.rucashk.com\/es\/producto\/xiaomi-robot-vacuum-2c-hongkong-shipping\/#mainImage","width":800,"height":800},"primaryImageOfPage":{"@id":"https:\/\/www.rucashk.com\/es\/producto\/xiaomi-robot-vacuum-2c-hongkong-shipping\/#mainImage"},"datePublished":"2024-01-09T16:22:09+00:00","dateModified":"2025-06-22T06:42:48+00:00"},{"@type":"WebSite","@id":"https:\/\/www.rucashk.com\/es\/#website","url":"https:\/\/www.rucashk.com\/es\/","name":"Rucas - Wholesale and distribution worldwide","alternateName":"Rucas - One-stop AIoT Distribution Worldwide","description":"One-stop AIoT Distribution Worldwide","inLanguage":"es-ES","publisher":{"@id":"https:\/\/www.rucashk.com\/es\/#organization"}}]}},"aioseo_meta_data":{"post_id":"25865","title":null,"description":null,"keywords":null,"keyphrases":null,"primary_term":null,"canonical_url":null,"og_title":null,"og_description":null,"og_object_type":"default","og_image_type":"default","og_image_url":null,"og_image_width":null,"og_image_height":null,"og_image_custom_url":null,"og_image_custom_fields":null,"og_video":null,"og_custom_url":null,"og_article_section":null,"og_article_tags":null,"twitter_use_og":false,"twitter_card":"default","twitter_image_type":"default","twitter_image_url":null,"twitter_image_custom_url":null,"twitter_image_custom_fields":null,"twitter_title":null,"twitter_description":null,"schema":{"blockGraphs":[],"customGraphs":[],"default":{"data":{"Article":[],"Course":[],"Dataset":[],"FAQPage":[],"Movie":[],"Person":[],"Product":[],"Recipe":[],"Service":[],"SoftwareApplication":[],"WebPage":[]},"graphName":"","isEnabled":true},"graphs":[]},"schema_type":"default","schema_type_options":null,"pillar_content":false,"robots_default":true,"robots_noindex":false,"robots_noarchive":false,"robots_nosnippet":false,"robots_nofollow":false,"robots_noimageindex":false,"robots_noodp":false,"robots_notranslate":false,"robots_max_snippet":null,"robots_max_videopreview":null,"robots_max_imagepreview":"large","priority":null,"frequency":null,"local_seo":null,"breadcrumb_settings":null,"limit_modified_date":false,"created":"2024-04-11 01:57:19","updated":"2025-06-22 18:04:24"},"aioseo_breadcrumb":"<div class=\"aioseo-breadcrumbs\"><span class=\"aioseo-breadcrumb\">\n\t<a href=\"https:\/\/www.rucashk.com\/es\" title=\"Home\">Home<\/a>\n<\/span><span class=\"aioseo-breadcrumb-separator\">&raquo;<\/span><span class=\"aioseo-breadcrumb\">\n\t<a href=\"https:\/\/www.rucashk.com\/es\/products\/\" title=\"Productos\">Productos<\/a>\n<\/span><span class=\"aioseo-breadcrumb-separator\">&raquo;<\/span><span class=\"aioseo-breadcrumb\">\n\t<a href=\"https:\/\/www.rucashk.com\/es\/marca\/xiaomi\/\" title=\"Xiaomi\">Xiaomi<\/a>\n<\/span><span class=\"aioseo-breadcrumb-separator\">&raquo;<\/span><span class=\"aioseo-breadcrumb\">\n\tXiaomi Robot Vacuum 2C hongkong shipping\n<\/span><\/div>","aioseo_breadcrumb_json":[{"label":"Home","link":"https:\/\/www.rucashk.com\/es"},{"label":"Productos","link":"https:\/\/www.rucashk.com\/es\/products\/"},{"label":"Xiaomi","link":"https:\/\/www.rucashk.com\/es\/marca\/xiaomi\/"},{"label":"Xiaomi Robot Vacuum 2C hongkong shipping","link":"https:\/\/www.rucashk.com\/es\/producto\/xiaomi-robot-vacuum-2c-hongkong-shipping\/"}],"_links":{"self":[{"href":"https:\/\/www.rucashk.com\/es\/wp-json\/wp\/v2\/product\/25865","targetHints":{"allow":["GET"]}}],"collection":[{"href":"https:\/\/www.rucashk.com\/es\/wp-json\/wp\/v2\/product"}],"about":[{"href":"https:\/\/www.rucashk.com\/es\/wp-json\/wp\/v2\/types\/product"}],"wp:featuredmedia":[{"embeddable":true,"href":"https:\/\/www.rucashk.com\/es\/wp-json\/wp\/v2\/media\/25950"}],"wp:attachment":[{"href":"https:\/\/www.rucashk.com\/es\/wp-json\/wp\/v2\/media?parent=25865"}],"wp:term":[{"taxonomy":"product_brand","embeddable":true,"href":"https:\/\/www.rucashk.com\/es\/wp-json\/wp\/v2\/product_brand?post=25865"},{"taxonomy":"product_cat","embeddable":true,"href":"https:\/\/www.rucashk.com\/es\/wp-json\/wp\/v2\/product_cat?post=25865"},{"taxonomy":"product_tag","embeddable":true,"href":"https:\/\/www.rucashk.com\/es\/wp-json\/wp\/v2\/product_tag?post=25865"}],"curies":[{"name":"wp","href":"https:\/\/api.w.org\/{rel}","templated":true}]}}