{"id":25836,"date":"2024-01-09T16:21:45","date_gmt":"2024-01-09T16:21:45","guid":{"rendered":"http:\/\/rucashk.com\/?post_type=product&#038;p=25836"},"modified":"2024-03-12T08:12:30","modified_gmt":"2024-03-12T08:12:30","slug":"realme-tv-stick-ean","status":"publish","type":"product","link":"https:\/\/www.rucashk.com\/es\/producto\/realme-tv-stick-ean\/","title":{"rendered":"Realme tv stick EAN"},"content":{"rendered":"<p align=\"center\" data-spm-anchor-id=\"a2g0o.detail.1000023.i0.39f84bf0g2ZLlb\"><img fetchpriority=\"high\" decoding=\"async\" class=\"aligncenter\" src=\"\/wp-content\/uploads\/replace\/11234238a085d1c59923b4ca6cb37da5.jpeg\" alt=\"Realme tv stick  EAN\" width=\"900\" height=\"429\" \/><\/p>\n<p align=\"center\">Ll\u00e9valo a todas partes<br \/>\nEl tama\u00f1o mini del realme Smart TV Stick es s\u00f3lo la mitad del tama\u00f1o del TV Box tradicional, lo que permite ocultarlo perfectamente en la parte posterior del televisor. Ni siquiera lo notar\u00e1s cuando disfrutes del Smart TV.<\/p>\n<p><img decoding=\"async\" class=\"aligncenter\" src=\"\/wp-content\/uploads\/replace\/e007eff8007c04f00aef2538388cff0e.jpeg\" alt=\"Realme tv stick  EAN\" width=\"900\" height=\"628\" \/><\/p>\n<p align=\"center\">Mini cuerpo, monstruo dentro<br \/>\nrealme Smart TV Stick cuenta con un potente procesador con Quad core ARM Cortex-A35 y 2 GB de RAM s\u00faper grande para brindarte una visualizaci\u00f3n y un funcionamiento fluidos.<img decoding=\"async\" class=\"aligncenter\" src=\"\/wp-content\/uploads\/replace\/c7d7344cbb8d155190abfd6a354456e7.jpeg\" alt=\"Realme tv stick  EAN\" width=\"900\" height=\"725\" \/>Excelente foto<br \/>\nrealme Smart TV Stick tiene una alta calidad de imagen que admite salida de hasta 4K y conectividad avanzada para que puedas tener una excelente experiencia visual.<br \/>\nCompatibilidad con 4Kp60\/Compatibilidad con HDR10+\/Compatibilidad con HDMI 2.1<img loading=\"lazy\" decoding=\"async\" class=\"aligncenter\" src=\"\/wp-content\/uploads\/replace\/9d53d3092f01fbc95b293874cbd0fd53.jpeg\" alt=\"Realme tv stick  EAN\" width=\"900\" height=\"857\" \/>Entretenimiento ilimitado<br \/>\nrealme Smart TV Stick ha integrado muchas plataformas de entretenimiento que incluyen m\u00fasica, videos y juegos para brindarte una gama completa de experiencias de entretenimiento.<\/p>\n<p align=\"center\">\n<img loading=\"lazy\" decoding=\"async\" class=\"aligncenter\" src=\"\/wp-content\/uploads\/replace\/4fe6f652f4ff69b40812f350540ed42a.jpeg\" alt=\"Realme tv stick  EAN\" width=\"900\" height=\"714\" \/>Desarrollado por Google TV<img loading=\"lazy\" decoding=\"async\" class=\"aligncenter\" src=\"\/wp-content\/uploads\/replace\/f5014195c03499ec9cc266a64c542444.jpeg\" alt=\"Realme tv stick  EAN\" width=\"900\" height=\"626\" \/>Asistente de Google<br \/>\nrealme Smart TV Stick tiene integrado el inteligente Asistente de Google. Puede hacer preguntas, configurar recordatorios, consultar el pron\u00f3stico del tiempo e interactuar realmente con su Smart TV.<img loading=\"lazy\" decoding=\"async\" class=\"aligncenter\" src=\"\/wp-content\/uploads\/replace\/955fbb8036ea1cda23d7418587f0c10f.jpeg\" alt=\"Realme tv stick  EAN\" width=\"900\" height=\"621\" \/>Chromecast integrado<br \/>\nChromecast puede transmitir el contenido de su tel\u00e9fono a la pantalla del televisor. Ver fotos o videos con tu amigo a trav\u00e9s de la aplicaci\u00f3n Google Home es m\u00e1s f\u00e1cil y divertido.<img loading=\"lazy\" decoding=\"async\" class=\"aligncenter\" src=\"\/wp-content\/uploads\/replace\/8b355ff4dd9a09f4f7d8f26b4518b3f8.jpeg\" alt=\"Realme tv stick  EAN\" width=\"900\" height=\"628\" \/>Conexi\u00f3n m\u00faltiple<br \/>\nWi-Fi \/ Bluetooth 5.0 \/ HDMI 2.1<\/p>\n<p align=\"center\">Control remoto por voz Bluetooth<br \/>\nrealme Smart TV Stick es compatible con todos los mandos a distancia de realme Smart TV. Con el micr\u00f3fono incorporado, podr\u00e1s acceder al asistente de voz r\u00e1pidamente.<img loading=\"lazy\" decoding=\"async\" class=\"aligncenter\" src=\"\/wp-content\/uploads\/replace\/df4ece7c719b03bddb91ef230c0b2472.jpeg\" alt=\"Realme tv stick  EAN\" width=\"900\" height=\"872\" \/><\/p>\n<p align=\"center\">Calidad real<br \/>\nrealme 4K Smart Google TV Stick \/ Prueba de alta temperatura de 144 horas \/ Prueba de ca\u00edda de 100 cm \/ Prueba de enchufe del puerto USB 1000 veces \/ Prueba del bot\u00f3n remoto 50000 veces<img loading=\"lazy\" decoding=\"async\" class=\"aligncenter\" src=\"\/wp-content\/uploads\/replace\/30e3b11919eccc31092eb7a1aa840382.jpeg\" alt=\"Realme tv stick  EAN\" width=\"900\" height=\"606\" data-spm-anchor-id=\"a2g0o.detail.1000023.i1.39f84bf0g2ZLlb\" \/><\/p>\n<p><img loading=\"lazy\" decoding=\"async\" class=\"aligncenter\" src=\"\/wp-content\/uploads\/replace\/2b7d21de623955615eccc36a0764fcd1.jpeg\" alt=\"Realme tv stick  EAN\" width=\"900\" height=\"479\" \/><img loading=\"lazy\" decoding=\"async\" class=\"aligncenter\" src=\"\/wp-content\/uploads\/replace\/01d08eb7bd6a98cc876325f14dde0a9f.jpeg\" alt=\"Realme tv stick  EAN\" width=\"900\" height=\"479\" \/><\/p>","protected":false},"excerpt":{"rendered":"<ul>\n<li>Modelo: realme 4k Smart Google TV Stick<\/li>\n<li>RAM+ROM: 2GB+8GB<\/li>\n<li>CPU: ARM Cortex A35 de cuatro n\u00facleos<\/li>\n<li>GPU:Doble n\u00facleo<\/li>\n<li>Conexi\u00f3n: WIFI; Bluetooth5.0 (control remoto por voz Bluetooth)<\/li>\n<li>\n<p data-spm-anchor-id=\"a2g0o.detail.1000023.i2.39f84bf0g2ZLlb\">Caracter\u00edstica: 4Kp60; HDR10+; Compatibilidad con HDMI 2.1; Asistente de Google<\/p>\n<\/li>\n<\/ul>","protected":false},"featured_media":25930,"template":"","meta":[],"product_brand":[],"product_cat":[1315,1305],"product_tag":[],"class_list":{"0":"post-25836","1":"product","2":"type-product","3":"status-publish","4":"has-post-thumbnail","6":"product_cat-tv-accessories","7":"product_cat-xiaomi-eco","9":"first","10":"instock","11":"shipping-taxable","12":"product-type-simple"},"aioseo_notices":[],"aioseo_head":"\n\t\t<!-- All in One SEO Pro 4.5.9.2 - aioseo.com -->\n\t\t<meta name=\"description\" content=\"Model: realme 4k Smart Google TV Stick RAM+ROM: 2GB+8GB CPU: Quad Core ARM Cortex A35 GPU:Dual core Connection:WIFI; Bluetooth5.0 (Bluetooth Voice control remote) Feature: 4Kp60 ; HDR10+; HDMI 2.1 Support ;Google Assistant\" \/>\n\t\t<meta name=\"robots\" content=\"max-image-preview:large\" \/>\n\t\t<link rel=\"canonical\" href=\"https:\/\/www.rucashk.com\/es\/producto\/realme-tv-stick-ean\/\" \/>\n\t\t<meta name=\"generator\" content=\"All in One SEO Pro (AIOSEO) 4.5.9.2\" \/>\n\t\t<meta property=\"og:locale\" content=\"es_ES\" \/>\n\t\t<meta property=\"og:site_name\" content=\"Rucas - One-stop AIoT Distribution Worldwide\" \/>\n\t\t<meta property=\"og:type\" content=\"article\" \/>\n\t\t<meta property=\"og:title\" content=\"Realme tv stick EAN - Rucas - Wholesale and Distribution\" \/>\n\t\t<meta property=\"og:description\" content=\"Model: realme 4k Smart Google TV Stick RAM+ROM: 2GB+8GB CPU: Quad Core ARM Cortex A35 GPU:Dual core Connection:WIFI; Bluetooth5.0 (Bluetooth Voice control remote) Feature: 4Kp60 ; HDR10+; HDMI 2.1 Support ;Google Assistant\" \/>\n\t\t<meta property=\"og:url\" content=\"https:\/\/www.rucashk.com\/es\/producto\/realme-tv-stick-ean\/\" \/>\n\t\t<meta property=\"og:image\" content=\"https:\/\/www.rucashk.com\/wp-content\/uploads\/replace\/503b8e645f128a97ccde2b6290747646.jpeg\" \/>\n\t\t<meta property=\"og:image:secure_url\" content=\"https:\/\/www.rucashk.com\/wp-content\/uploads\/replace\/503b8e645f128a97ccde2b6290747646.jpeg\" \/>\n\t\t<meta property=\"og:image:width\" content=\"1456\" \/>\n\t\t<meta property=\"og:image:height\" content=\"816\" \/>\n\t\t<meta property=\"article:published_time\" content=\"2024-01-09T16:21:45+00:00\" \/>\n\t\t<meta property=\"article:modified_time\" content=\"2024-03-12T08:12:30+00:00\" \/>\n\t\t<meta name=\"twitter:card\" content=\"summary_large_image\" \/>\n\t\t<meta name=\"twitter:title\" content=\"Realme tv stick EAN - Rucas - Wholesale and Distribution\" \/>\n\t\t<meta name=\"twitter:description\" content=\"Model: realme 4k Smart Google TV Stick RAM+ROM: 2GB+8GB CPU: Quad Core ARM Cortex A35 GPU:Dual core Connection:WIFI; Bluetooth5.0 (Bluetooth Voice control remote) Feature: 4Kp60 ; HDR10+; HDMI 2.1 Support ;Google Assistant\" \/>\n\t\t<meta name=\"twitter:image\" content=\"https:\/\/www.rucashk.com\/wp-content\/uploads\/replace\/503b8e645f128a97ccde2b6290747646.jpeg\" \/>\n\t\t<script type=\"application\/ld+json\" class=\"aioseo-schema\">\n\t\t\t{\"@context\":\"https:\\\/\\\/schema.org\",\"@graph\":[{\"@type\":\"BreadcrumbList\",\"@id\":\"https:\\\/\\\/www.rucashk.com\\\/es\\\/producto\\\/realme-tv-stick-ean\\\/#breadcrumblist\",\"itemListElement\":[{\"@type\":\"ListItem\",\"@id\":\"https:\\\/\\\/www.rucashk.com\\\/es\\\/#listItem\",\"position\":1,\"name\":\"Home\",\"item\":\"https:\\\/\\\/www.rucashk.com\\\/es\\\/\",\"nextItem\":\"https:\\\/\\\/www.rucashk.com\\\/es\\\/producto\\\/realme-tv-stick-ean\\\/#listItem\"},{\"@type\":\"ListItem\",\"@id\":\"https:\\\/\\\/www.rucashk.com\\\/es\\\/producto\\\/realme-tv-stick-ean\\\/#listItem\",\"position\":2,\"name\":\"Realme tv stick  EAN\",\"previousItem\":\"https:\\\/\\\/www.rucashk.com\\\/es\\\/#listItem\"}]},{\"@type\":\"Organization\",\"@id\":\"https:\\\/\\\/www.rucashk.com\\\/es\\\/#organization\",\"name\":\"Rucas\",\"url\":\"https:\\\/\\\/www.rucashk.com\\\/es\\\/\",\"logo\":{\"@type\":\"ImageObject\",\"url\":\"https:\\\/\\\/www.rucashk.com\\\/wp-content\\\/uploads\\\/2023\\\/12\\\/Rucas_campany_logo.png\",\"@id\":\"https:\\\/\\\/www.rucashk.com\\\/es\\\/producto\\\/realme-tv-stick-ean\\\/#organizationLogo\",\"width\":221,\"height\":65},\"image\":{\"@id\":\"https:\\\/\\\/www.rucashk.com\\\/es\\\/#organizationLogo\"}},{\"@type\":\"Person\",\"@id\":\"https:\\\/\\\/www.rucashk.com\\\/es\\\/author\\\/admin\\\/#author\",\"url\":\"https:\\\/\\\/www.rucashk.com\\\/es\\\/author\\\/admin\\\/\",\"name\":\"admin\",\"image\":{\"@type\":\"ImageObject\",\"@id\":\"https:\\\/\\\/www.rucashk.com\\\/es\\\/producto\\\/realme-tv-stick-ean\\\/#authorImage\",\"url\":\"https:\\\/\\\/secure.gravatar.com\\\/avatar\\\/b7c8925b09a27e72b30232f8ecaadbd5af0f70a38c78096863fe51b64f031c24?s=96&d=mm&r=g\",\"width\":96,\"height\":96,\"caption\":\"admin\"}},{\"@type\":\"WebPage\",\"@id\":\"https:\\\/\\\/www.rucashk.com\\\/es\\\/producto\\\/realme-tv-stick-ean\\\/#webpage\",\"url\":\"https:\\\/\\\/www.rucashk.com\\\/es\\\/producto\\\/realme-tv-stick-ean\\\/\",\"name\":\"Realme tv stick EAN - Rucas - Wholesale and Distribution\",\"description\":\"Model: realme 4k Smart Google TV Stick RAM+ROM: 2GB+8GB CPU: Quad Core ARM Cortex A35 GPU:Dual core Connection:WIFI; Bluetooth5.0 (Bluetooth Voice control remote) Feature: 4Kp60 ; HDR10+; HDMI 2.1 Support ;Google Assistant\",\"inLanguage\":\"es-ES\",\"isPartOf\":{\"@id\":\"https:\\\/\\\/www.rucashk.com\\\/es\\\/#website\"},\"breadcrumb\":{\"@id\":\"https:\\\/\\\/www.rucashk.com\\\/es\\\/producto\\\/realme-tv-stick-ean\\\/#breadcrumblist\"},\"author\":{\"@id\":\"https:\\\/\\\/www.rucashk.com\\\/es\\\/author\\\/admin\\\/#author\"},\"creator\":{\"@id\":\"https:\\\/\\\/www.rucashk.com\\\/es\\\/author\\\/admin\\\/#author\"},\"image\":{\"@type\":\"ImageObject\",\"url\":\"https:\\\/\\\/www.rucashk.com\\\/wp-content\\\/uploads\\\/2024\\\/01\\\/Realme-tv-stick-EAN.jpg\",\"@id\":\"https:\\\/\\\/www.rucashk.com\\\/es\\\/producto\\\/realme-tv-stick-ean\\\/#mainImage\",\"width\":800,\"height\":800},\"primaryImageOfPage\":{\"@id\":\"https:\\\/\\\/www.rucashk.com\\\/es\\\/producto\\\/realme-tv-stick-ean\\\/#mainImage\"},\"datePublished\":\"2024-01-09T16:21:45+00:00\",\"dateModified\":\"2024-03-12T08:12:30+00:00\"},{\"@type\":\"WebSite\",\"@id\":\"https:\\\/\\\/www.rucashk.com\\\/es\\\/#website\",\"url\":\"https:\\\/\\\/www.rucashk.com\\\/es\\\/\",\"name\":\"Rucas - Wholesale and distribution worldwide\",\"alternateName\":\"Rucas - One-stop AIoT Distribution Worldwide\",\"description\":\"One-stop AIoT Distribution Worldwide\",\"inLanguage\":\"es-ES\",\"publisher\":{\"@id\":\"https:\\\/\\\/www.rucashk.com\\\/es\\\/#organization\"}}]}\n\t\t<\/script>\n\t\t<!-- All in One SEO Pro -->\r\n\t\t<title>Realme tv stick EAN - Rucas - Wholesale and Distribution<\/title>\n\n","aioseo_head_json":{"title":"Realme tv stick EAN - Rucas - Wholesale and Distribution","description":"Model: realme 4k Smart Google TV Stick RAM+ROM: 2GB+8GB CPU: Quad Core ARM Cortex A35 GPU:Dual core Connection:WIFI; Bluetooth5.0 (Bluetooth Voice control remote) Feature: 4Kp60 ; HDR10+; HDMI 2.1 Support ;Google Assistant","canonical_url":"https:\/\/www.rucashk.com\/es\/producto\/realme-tv-stick-ean\/","robots":"max-image-preview:large","keywords":"","webmasterTools":{"miscellaneous":""},"og:locale":"es_ES","og:site_name":"Rucas - One-stop AIoT Distribution Worldwide","og:type":"article","og:title":"Realme tv stick EAN - Rucas - Wholesale and Distribution","og:description":"Model: realme 4k Smart Google TV Stick RAM+ROM: 2GB+8GB CPU: Quad Core ARM Cortex A35 GPU:Dual core Connection:WIFI; Bluetooth5.0 (Bluetooth Voice control remote) Feature: 4Kp60 ; HDR10+; HDMI 2.1 Support ;Google Assistant","og:url":"https:\/\/www.rucashk.com\/es\/producto\/realme-tv-stick-ean\/","og:image":"https:\/\/www.rucashk.com\/wp-content\/uploads\/replace\/503b8e645f128a97ccde2b6290747646.jpeg","og:image:secure_url":"https:\/\/www.rucashk.com\/wp-content\/uploads\/replace\/503b8e645f128a97ccde2b6290747646.jpeg","og:image:width":1456,"og:image:height":816,"article:published_time":"2024-01-09T16:21:45+00:00","article:modified_time":"2024-03-12T08:12:30+00:00","twitter:card":"summary_large_image","twitter:title":"Realme tv stick EAN - Rucas - Wholesale and Distribution","twitter:description":"Model: realme 4k Smart Google TV Stick RAM+ROM: 2GB+8GB CPU: Quad Core ARM Cortex A35 GPU:Dual core Connection:WIFI; Bluetooth5.0 (Bluetooth Voice control remote) Feature: 4Kp60 ; HDR10+; HDMI 2.1 Support ;Google Assistant","twitter:image":"https:\/\/www.rucashk.com\/wp-content\/uploads\/replace\/503b8e645f128a97ccde2b6290747646.jpeg","schema":{"@context":"https:\/\/schema.org","@graph":[{"@type":"BreadcrumbList","@id":"https:\/\/www.rucashk.com\/es\/producto\/realme-tv-stick-ean\/#breadcrumblist","itemListElement":[{"@type":"ListItem","@id":"https:\/\/www.rucashk.com\/es\/#listItem","position":1,"name":"Home","item":"https:\/\/www.rucashk.com\/es\/","nextItem":"https:\/\/www.rucashk.com\/es\/producto\/realme-tv-stick-ean\/#listItem"},{"@type":"ListItem","@id":"https:\/\/www.rucashk.com\/es\/producto\/realme-tv-stick-ean\/#listItem","position":2,"name":"Realme tv stick  EAN","previousItem":"https:\/\/www.rucashk.com\/es\/#listItem"}]},{"@type":"Organization","@id":"https:\/\/www.rucashk.com\/es\/#organization","name":"Rucas","url":"https:\/\/www.rucashk.com\/es\/","logo":{"@type":"ImageObject","url":"https:\/\/www.rucashk.com\/wp-content\/uploads\/2023\/12\/Rucas_campany_logo.png","@id":"https:\/\/www.rucashk.com\/es\/producto\/realme-tv-stick-ean\/#organizationLogo","width":221,"height":65},"image":{"@id":"https:\/\/www.rucashk.com\/es\/#organizationLogo"}},{"@type":"Person","@id":"https:\/\/www.rucashk.com\/es\/author\/admin\/#author","url":"https:\/\/www.rucashk.com\/es\/author\/admin\/","name":"admin","image":{"@type":"ImageObject","@id":"https:\/\/www.rucashk.com\/es\/producto\/realme-tv-stick-ean\/#authorImage","url":"https:\/\/secure.gravatar.com\/avatar\/b7c8925b09a27e72b30232f8ecaadbd5af0f70a38c78096863fe51b64f031c24?s=96&d=mm&r=g","width":96,"height":96,"caption":"admin"}},{"@type":"WebPage","@id":"https:\/\/www.rucashk.com\/es\/producto\/realme-tv-stick-ean\/#webpage","url":"https:\/\/www.rucashk.com\/es\/producto\/realme-tv-stick-ean\/","name":"Realme tv stick EAN - Rucas - Wholesale and Distribution","description":"Model: realme 4k Smart Google TV Stick RAM+ROM: 2GB+8GB CPU: Quad Core ARM Cortex A35 GPU:Dual core Connection:WIFI; Bluetooth5.0 (Bluetooth Voice control remote) Feature: 4Kp60 ; HDR10+; HDMI 2.1 Support ;Google Assistant","inLanguage":"es-ES","isPartOf":{"@id":"https:\/\/www.rucashk.com\/es\/#website"},"breadcrumb":{"@id":"https:\/\/www.rucashk.com\/es\/producto\/realme-tv-stick-ean\/#breadcrumblist"},"author":{"@id":"https:\/\/www.rucashk.com\/es\/author\/admin\/#author"},"creator":{"@id":"https:\/\/www.rucashk.com\/es\/author\/admin\/#author"},"image":{"@type":"ImageObject","url":"https:\/\/www.rucashk.com\/wp-content\/uploads\/2024\/01\/Realme-tv-stick-EAN.jpg","@id":"https:\/\/www.rucashk.com\/es\/producto\/realme-tv-stick-ean\/#mainImage","width":800,"height":800},"primaryImageOfPage":{"@id":"https:\/\/www.rucashk.com\/es\/producto\/realme-tv-stick-ean\/#mainImage"},"datePublished":"2024-01-09T16:21:45+00:00","dateModified":"2024-03-12T08:12:30+00:00"},{"@type":"WebSite","@id":"https:\/\/www.rucashk.com\/es\/#website","url":"https:\/\/www.rucashk.com\/es\/","name":"Rucas - Wholesale and distribution worldwide","alternateName":"Rucas - One-stop AIoT Distribution Worldwide","description":"One-stop AIoT Distribution Worldwide","inLanguage":"es-ES","publisher":{"@id":"https:\/\/www.rucashk.com\/es\/#organization"}}]}},"aioseo_meta_data":{"post_id":"25836","title":null,"description":null,"keywords":null,"keyphrases":null,"primary_term":null,"canonical_url":null,"og_title":null,"og_description":null,"og_object_type":"default","og_image_type":"default","og_image_url":null,"og_image_width":null,"og_image_height":null,"og_image_custom_url":null,"og_image_custom_fields":null,"og_video":null,"og_custom_url":null,"og_article_section":null,"og_article_tags":null,"twitter_use_og":false,"twitter_card":"default","twitter_image_type":"default","twitter_image_url":null,"twitter_image_custom_url":null,"twitter_image_custom_fields":null,"twitter_title":null,"twitter_description":null,"schema":{"blockGraphs":[],"customGraphs":[],"default":{"data":{"Article":[],"Course":[],"Dataset":[],"FAQPage":[],"Movie":[],"Person":[],"Product":[],"Recipe":[],"Service":[],"SoftwareApplication":[],"WebPage":[]},"graphName":"","isEnabled":true},"graphs":[]},"schema_type":"default","schema_type_options":null,"pillar_content":false,"robots_default":true,"robots_noindex":false,"robots_noarchive":false,"robots_nosnippet":false,"robots_nofollow":false,"robots_noimageindex":false,"robots_noodp":false,"robots_notranslate":false,"robots_max_snippet":null,"robots_max_videopreview":null,"robots_max_imagepreview":"large","priority":null,"frequency":null,"local_seo":null,"breadcrumb_settings":null,"limit_modified_date":false,"created":"2024-04-11 01:57:19","updated":"2025-06-22 18:04:23"},"aioseo_breadcrumb":"<div class=\"aioseo-breadcrumbs\"><span class=\"aioseo-breadcrumb\">\n\t<a href=\"https:\/\/www.rucashk.com\/es\" title=\"Home\">Home<\/a>\n<\/span><span class=\"aioseo-breadcrumb-separator\">&raquo;<\/span><span class=\"aioseo-breadcrumb\">\n\t<a href=\"https:\/\/www.rucashk.com\/es\/products\/\" title=\"Productos\">Productos<\/a>\n<\/span><span class=\"aioseo-breadcrumb-separator\">&raquo;<\/span><span class=\"aioseo-breadcrumb\">\n\t<a href=\"https:\/\/www.rucashk.com\/es\/categoria-producto\/xiaomi-eco\/\" title=\"Xiaomi Eco\">Xiaomi Eco<\/a>\n<\/span><span class=\"aioseo-breadcrumb-separator\">&raquo;<\/span><span class=\"aioseo-breadcrumb\">\n\t<a href=\"https:\/\/www.rucashk.com\/es\/categoria-producto\/xiaomi-eco\/tv-accessories\/\" title=\"TV Accessories\">TV Accessories<\/a>\n<\/span><span class=\"aioseo-breadcrumb-separator\">&raquo;<\/span><span class=\"aioseo-breadcrumb\">\n\tRealme tv stick  EAN\n<\/span><\/div>","aioseo_breadcrumb_json":[{"label":"Home","link":"https:\/\/www.rucashk.com\/es"},{"label":"Productos","link":"https:\/\/www.rucashk.com\/es\/products\/"},{"label":"Xiaomi Eco","link":"https:\/\/www.rucashk.com\/es\/categoria-producto\/xiaomi-eco\/"},{"label":"TV Accessories","link":"https:\/\/www.rucashk.com\/es\/categoria-producto\/xiaomi-eco\/tv-accessories\/"},{"label":"Realme tv stick  EAN","link":"https:\/\/www.rucashk.com\/es\/producto\/realme-tv-stick-ean\/"}],"_links":{"self":[{"href":"https:\/\/www.rucashk.com\/es\/wp-json\/wp\/v2\/product\/25836","targetHints":{"allow":["GET"]}}],"collection":[{"href":"https:\/\/www.rucashk.com\/es\/wp-json\/wp\/v2\/product"}],"about":[{"href":"https:\/\/www.rucashk.com\/es\/wp-json\/wp\/v2\/types\/product"}],"wp:featuredmedia":[{"embeddable":true,"href":"https:\/\/www.rucashk.com\/es\/wp-json\/wp\/v2\/media\/25930"}],"wp:attachment":[{"href":"https:\/\/www.rucashk.com\/es\/wp-json\/wp\/v2\/media?parent=25836"}],"wp:term":[{"taxonomy":"product_brand","embeddable":true,"href":"https:\/\/www.rucashk.com\/es\/wp-json\/wp\/v2\/product_brand?post=25836"},{"taxonomy":"product_cat","embeddable":true,"href":"https:\/\/www.rucashk.com\/es\/wp-json\/wp\/v2\/product_cat?post=25836"},{"taxonomy":"product_tag","embeddable":true,"href":"https:\/\/www.rucashk.com\/es\/wp-json\/wp\/v2\/product_tag?post=25836"}],"curies":[{"name":"wp","href":"https:\/\/api.w.org\/{rel}","templated":true}]}}