{"id":25762,"date":"2024-01-09T16:20:56","date_gmt":"2024-01-09T16:20:56","guid":{"rendered":"http:\/\/rucashk.com\/?post_type=product&#038;p=25762"},"modified":"2024-01-22T06:55:46","modified_gmt":"2024-01-22T06:55:46","slug":"redmi-buds-3","status":"publish","type":"product","link":"https:\/\/www.rucashk.com\/es\/producto\/redmi-buds-3\/","title":{"rendered":"Redmi brotes 3"},"content":{"rendered":"<p><img fetchpriority=\"high\" decoding=\"async\" class=\"aligncenter\" src=\"https:\/\/www.rucashk.com\/wp-content\/uploads\/2021\/11\/H930f6c4e712b46bd95ecf7e5d40cd5b81.jpg\" alt=\"Redmi Buds 3\" width=\"1080\" height=\"517\" \/><\/p>\n<div class=\"detailmodule_html\">\n<div class=\"detail-desc-decorate-richtext\">\n<div class=\"detailmodule_html\">\n<div class=\"detailmodule_html\">\n<div class=\"detail-desc-decorate-richtext\">\n<div class=\"detailmodule_html\">\n<div class=\"detail-desc-decorate-richtext\">\n<div class=\"detailmodule_html\">\n<div class=\"detail-desc-decorate-richtext\">\n<div class=\"detailmodule_html\">\n<div class=\"detail-desc-decorate-richtext\">\n<div class=\"detailmodule_html\">\n<div class=\"detail-desc-decorate-richtext\">\n<div class=\"detailmodule_html\">\n<div class=\"detail-desc-decorate-richtext\">\n<div class=\"detailmodule_html\">\n<div class=\"detail-desc-decorate-richtext\">\n<div class=\"detailmodule_html\">\n<div class=\"detail-desc-decorate-richtext\">\n<div class=\"detailmodule_html\">\n<div class=\"detailmodule_html\">\n<div class=\"detail-desc-decorate-richtext\">\n<div class=\"detail-desc-decorate-richtext\">\n<div class=\"detail-desc-decorate-richtext\">\n<div class=\"detail-desc-decorate-richtext\">\n<div class=\"detail-desc-decorate-richtext\">\n<div class=\"detail-desc-decorate-richtext\">\n<div class=\"detail-desc-decorate-richtext\">\n<div class=\"detail-desc-decorate-richtext\">\n<div class=\"detail-desc-decorate-richtext\">\n<div class=\"detail-desc-decorate-richtext\">\n<div class=\"detail-desc-decorate-richtext\">\n<div class=\"detail-desc-decorate-richtext\">\n<div class=\"detail-desc-decorate-richtext\">\n<div class=\"detail-desc-decorate-richtext\">\n<div class=\"detail-desc-decorate-richtext\">\n<div class=\"detail-desc-decorate-richtext\">\n<div class=\"detail-desc-decorate-richtext\">\n<div class=\"detail-desc-decorate-richtext\">\n<div class=\"detail-desc-decorate-richtext\">\n<div class=\"detail-desc-decorate-richtext\">\n<div class=\"detail-desc-decorate-richtext\">\n<div class=\"detail-desc-decorate-richtext\">\n<div class=\"detail-desc-decorate-richtext\">\n<div class=\"detail-desc-decorate-richtext\">\n<div class=\"detail-desc-decorate-richtext\">\n<div class=\"detail-desc-decorate-richtext\">\n<div class=\"detail-desc-decorate-richtext\">\n<div class=\"detail-desc-decorate-richtext\">\n<div class=\"detail-desc-decorate-richtext\">\n<div class=\"detail-desc-decorate-richtext\">\n<div class=\"detail-desc-decorate-richtext\">\n<div class=\"detail-desc-decorate-richtext\">\n<div class=\"detail-desc-decorate-richtext\">\n<div align=\"center\">\n<div class=\"detail-desc-decorate-richtext\">\n<table class=\"ke-zeroborder\" border=\"0\" cellspacing=\"1\" cellpadding=\"0\">\n<tbody>\n<tr>\n<td>\n<p align=\"center\"><img decoding=\"async\" src=\"https:\/\/www.rucashk.com\/wp-content\/uploads\/2021\/11\/H725b8b3200f246cea23168fbcc05d09eQ.png\" \/><\/p>\n<\/td>\n<td>\n<div>\n<p align=\"center\"><img decoding=\"async\" src=\"https:\/\/www.rucashk.com\/wp-content\/uploads\/2021\/11\/H6c4b046f05bc4df0b3201ee6372206d1T.png\" \/><\/p>\n<\/div>\n<\/td>\n<td>\n<p align=\"center\"><img decoding=\"async\" src=\"https:\/\/www.rucashk.com\/wp-content\/uploads\/2021\/11\/H3deb97af0275492b8edd1b8866d7c5bbQ.png\" \/><\/p>\n<\/td>\n<\/tr>\n<tr>\n<td data-spm-anchor-id=\"a2g0o.detail.1000023.i1.7dbd155eZhQH3g\">\n<p align=\"center\"><strong>Dise\u00f1o ligero semi-in-ear<\/strong><\/p>\n<p align=\"center\">Un solo auricular pesa<br \/>\ns\u00f3lo 4,5 g<\/p>\n<\/td>\n<td>\n<div align=\"center\"><\/div>\n<div align=\"center\"><strong>Qualcomm QCC3040<\/strong><br \/>\ndecodificaci\u00f3n de audio<\/div>\n<div><\/div>\n<\/td>\n<td>\n<p align=\"center\"><strong>Bater\u00eda de 20 horas de duraci\u00f3n<\/strong><strong><br \/>\n<\/strong>Resistencia \u00fanica de<\/p>\n<p align=\"center\">5 horas<\/p>\n<\/td>\n<\/tr>\n<tr>\n<td>\n<div>\n<p align=\"center\"><img decoding=\"async\" src=\"https:\/\/www.rucashk.com\/wp-content\/uploads\/2021\/11\/H798fa1a18c1b44d4b6adf09dd2dd2aa4E.png\" \/><\/p>\n<\/div>\n<\/td>\n<td>\n<div>\n<p align=\"center\"><img decoding=\"async\" src=\"https:\/\/www.rucashk.com\/wp-content\/uploads\/2021\/11\/Hbf9c3be51e244e0cb1f59c705f59831f4.png\" \/><\/p>\n<\/div>\n<\/td>\n<td>\n<p align=\"center\" data-spm-anchor-id=\"a2g0o.detail.1000023.i0.7dbd155eZhQH3g\"><img decoding=\"async\" src=\"https:\/\/www.rucashk.com\/wp-content\/uploads\/2021\/11\/Hf2a8e360750e4e33aa66f8524da25fae2.png\" \/><\/p>\n<\/td>\n<\/tr>\n<tr>\n<td>\n<div align=\"center\"><strong>Bobina m\u00f3vil grande de 12 mm<\/strong><\/div>\n<p align=\"center\">calidad de sonido de alta definici\u00f3n<br \/>\nRestauraci\u00f3n detallada<\/p>\n<div><\/div>\n<\/td>\n<td>\n<div><\/div>\n<div><strong>Reducci\u00f3n de ruido de micr\u00f3fono dual<\/strong><\/div>\n<p align=\"center\">El di\u00e1logo es<\/p>\n<p align=\"center\">natural y claro<\/p>\n<div><\/div>\n<\/td>\n<td>\n<div align=\"center\"><strong>MIUI inteligente<\/strong><strong><br \/>\n<\/strong>Conexi\u00f3n expr\u00e9s<br \/>\nVentana emergente de tel\u00e9fono m\u00f3vil<\/div>\n<\/td>\n<\/tr>\n<\/tbody>\n<\/table>\n<p>&nbsp;<\/p>\n<p style=\"text-align: center\" data-spm-anchor-id=\"a2g0o.detail.1000023.i2.7dbd155eZhQH3g\"><strong data-spm-anchor-id=\"a2g0o.detail.1000023.i3.7dbd155eZhQH3g\">Reducci\u00f3n de ruido de llamada Dual Mike\u00a0<\/strong><strong>\u201cDi, | puedo o\u00edrte\u201d.<\/strong><\/p>\n<p style=\"text-align: center\">Los auriculares tienen integrados dos micr\u00f3fonos de alta sensibilidad. Combinado con la tecnolog\u00eda de reducci\u00f3n de ruido Qualcomm CVC, puede reducir din\u00e1micamente\u00a0<span data-spm-anchor-id=\"a2g0o.detail.1000023.i4.7dbd155eZhQH3g\">El ruido ambiental y reduce eficazmente el eco en la llamada. El otro\u00a0<\/span>El grupo puede escuchar cada palabra que usted dice claramente.<\/p>\n<p><img decoding=\"async\" class=\"aligncenter\" src=\"https:\/\/www.rucashk.com\/wp-content\/uploads\/2021\/11\/H34f4a031f09b4496b09c03b77a9bcb4cU.png\" alt=\"Redmi Buds 3\" width=\"1024\" height=\"559\" \/><\/p>\n<p><img decoding=\"async\" class=\"aligncenter\" src=\"https:\/\/www.rucashk.com\/wp-content\/uploads\/2021\/11\/H896adf2c406c4ccc8766186251e200f3B.jpg\" alt=\"Redmi Buds 3\" width=\"1080\" height=\"586\" \/><\/p>\n<p>&nbsp;<\/p>\n<p><img loading=\"lazy\" decoding=\"async\" class=\"aligncenter\" src=\"https:\/\/www.rucashk.com\/wp-content\/uploads\/2021\/11\/H23d2f2af02d34a6caac2c796253e18106.jpg\" alt=\"Redmi Buds 3\" width=\"1080\" height=\"760\" \/><\/p>\n<p><img loading=\"lazy\" decoding=\"async\" class=\"aligncenter\" src=\"https:\/\/www.rucashk.com\/wp-content\/uploads\/2021\/11\/H1fd869a8d182454ba63b4b68072d394f6.jpg\" alt=\"Redmi Buds 3\" width=\"1080\" height=\"506\" \/><\/p>\n<p><img loading=\"lazy\" decoding=\"async\" class=\"aligncenter\" src=\"https:\/\/www.rucashk.com\/wp-content\/uploads\/2021\/11\/H5138c70b5de247829a6ae04c03d66a92o.jpg\" alt=\"Redmi Buds 3\" width=\"1080\" height=\"586\" \/><\/p>\n<p><img loading=\"lazy\" decoding=\"async\" class=\"aligncenter\" src=\"https:\/\/www.rucashk.com\/wp-content\/uploads\/2021\/11\/H9a3a446c527b419f994059e137688143Z.jpg\" alt=\"Redmi Buds 3\" width=\"1557\" height=\"850\" \/><\/p>\n<p><img loading=\"lazy\" decoding=\"async\" class=\"aligncenter\" src=\"https:\/\/www.rucashk.com\/wp-content\/uploads\/2021\/11\/H9a7cb4254df64d8ba5e2d9b7ea8a54ecu.jpg\" alt=\"Redmi Buds 3\" width=\"1080\" height=\"586\" \/><\/p>\n<p><img loading=\"lazy\" decoding=\"async\" class=\"aligncenter\" src=\"https:\/\/www.rucashk.com\/wp-content\/uploads\/2021\/11\/H22f68a12dc57488980ce18950d6e676ah.jpg\" alt=\"Redmi Buds 3\" width=\"1080\" height=\"586\" \/><\/p>\n<p><img loading=\"lazy\" decoding=\"async\" class=\"aligncenter\" src=\"https:\/\/www.rucashk.com\/wp-content\/uploads\/2021\/11\/Hb367392c52bf448792d23f538cc5c83cZ.jpg\" alt=\"Redmi Buds 3\" width=\"1080\" height=\"596\" \/><\/p>\n<\/div>\n<\/div>\n<\/div>\n<\/div>\n<\/div>\n<\/div>\n<\/div>\n<\/div>\n<\/div>\n<\/div>\n<\/div>\n<\/div>\n<\/div>\n<\/div>\n<\/div>\n<\/div>\n<\/div>\n<\/div>\n<\/div>\n<\/div>\n<\/div>\n<\/div>\n<\/div>\n<\/div>\n<\/div>\n<\/div>\n<\/div>\n<\/div>\n<\/div>\n<\/div>\n<\/div>\n<\/div>\n<\/div>\n<\/div>\n<\/div>\n<\/div>\n<\/div>\n<\/div>\n<\/div>\n<\/div>\n<\/div>\n<\/div>\n<\/div>\n<\/div>\n<\/div>\n<\/div>\n<\/div>\n<\/div>\n<\/div>\n<\/div>\n<\/div>\n<\/div>\n<\/div>\n<\/div>\n<\/div>\n<\/div>\n<div class=\"detail-desc-decorate-richtext\">\n<table class=\"ke-zeroborder\" border=\"0\" cellspacing=\"1\" cellpadding=\"0\">\n<tbody>\n<tr>\n<td>\n<p style=\"text-align: center\" align=\"left\"><strong>Detecci\u00f3n de desgaste<\/strong><\/p>\n<p style=\"text-align: center\" align=\"left\">Qu\u00edtese los auriculares y haga una pausa<\/p>\n<p style=\"text-align: center\" align=\"left\">\u00a0autom\u00e1ticamente Ponte los auriculares<\/p>\n<p style=\"text-align: center\" align=\"left\">y juega autom\u00e1ticamente*<\/p>\n<\/td>\n<td>\n<p align=\"left\"><img loading=\"lazy\" decoding=\"async\" class=\"aligncenter\" src=\"https:\/\/www.rucashk.com\/wp-content\/uploads\/2021\/11\/H6f48e8517362444496c50d35c8953568k.jpg\" alt=\"Redmi Buds 3\" width=\"457\" height=\"431\" \/><\/p>\n<\/td>\n<\/tr>\n<tr>\n<td>\n<p align=\"left\"><img loading=\"lazy\" decoding=\"async\" class=\"aligncenter\" src=\"https:\/\/www.rucashk.com\/wp-content\/uploads\/2021\/11\/H1f3324ce37804b11b92b104c0d92d1acP.jpg\" alt=\"Redmi Buds 3\" width=\"462\" height=\"442\" \/><\/p>\n<\/td>\n<td>\n<p style=\"text-align: center\" align=\"left\"><strong>encontrar auriculares<\/strong><\/p>\n<p style=\"text-align: center\" align=\"left\">Dentro del rango de conexi\u00f3n Bluetooth,<\/p>\n<p style=\"text-align: center\" align=\"left\">Puedes encontrar los auriculares a trav\u00e9s de<\/p>\n<p style=\"text-align: center\" align=\"left\">el tel\u00e9fono m\u00f3vil*<\/p>\n<\/td>\n<\/tr>\n<tr>\n<td>\n<p style=\"text-align: center\" align=\"left\"><strong>Reinicio del bot\u00f3n<\/strong><\/p>\n<p style=\"text-align: center\" align=\"left\">Dile adi\u00f3s al tedioso reinicio del bot\u00f3n<\/p>\n<\/td>\n<td>\n<div><img loading=\"lazy\" decoding=\"async\" class=\"aligncenter\" src=\"https:\/\/www.rucashk.com\/wp-content\/uploads\/2021\/11\/H3c1a6f98232547d7a17d880034640d28d.jpg\" alt=\"Redmi Buds 3\" width=\"462\" height=\"475\" data-spm-anchor-id=\"a2g0o.detail.1000023.i1.14a61c35nYzJkD\" \/><\/div>\n<\/td>\n<\/tr>\n<\/tbody>\n<\/table>\n<p style=\"text-align: center\">Los primeros auriculares semi-in-ear de Redmi pesan s\u00f3lo 4,5 gramos en cada lado y se adaptan al contorno de las orejas, permiti\u00e9ndote escuchar durante horas sin ninguna molestia.<\/p>\n<\/div>","protected":false},"excerpt":{"rendered":"<ul>\n<li>Reducci\u00f3n de ruido de llamadas<\/li>\n<li>Bater\u00eda de 20 horas de duraci\u00f3n<\/li>\n<li>Chip profesional Qualcomm<\/li>\n<li>Semiauricular ligero<\/li>\n<\/ul>","protected":false},"featured_media":25895,"template":"","meta":[],"product_brand":[],"product_cat":[1306,1305],"product_tag":[],"class_list":{"0":"post-25762","1":"product","2":"type-product","3":"status-publish","4":"has-post-thumbnail","6":"product_cat-mi-redmi-earphone","7":"product_cat-xiaomi-eco","9":"first","10":"instock","11":"shipping-taxable","12":"product-type-simple"},"aioseo_notices":[],"aioseo_head":"\n\t\t<!-- All in One SEO Pro 4.5.9.2 - aioseo.com -->\n\t\t<meta name=\"description\" content=\"Call noise reduction 20 hours long battery Qualcomm professional chip Lightweight semi earphone\" \/>\n\t\t<meta name=\"robots\" content=\"max-image-preview:large\" \/>\n\t\t<link rel=\"canonical\" href=\"https:\/\/www.rucashk.com\/es\/producto\/redmi-buds-3\/\" \/>\n\t\t<meta name=\"generator\" content=\"All in One SEO Pro (AIOSEO) 4.5.9.2\" \/>\n\t\t<meta property=\"og:locale\" content=\"es_ES\" \/>\n\t\t<meta property=\"og:site_name\" content=\"Rucas - One-stop AIoT Distribution Worldwide\" \/>\n\t\t<meta property=\"og:type\" content=\"article\" \/>\n\t\t<meta property=\"og:title\" content=\"Redmi Buds 3 - Rucas - Wholesale and Distribution\" \/>\n\t\t<meta property=\"og:description\" content=\"Call noise reduction 20 hours long battery Qualcomm professional chip Lightweight semi earphone\" \/>\n\t\t<meta property=\"og:url\" content=\"https:\/\/www.rucashk.com\/es\/producto\/redmi-buds-3\/\" \/>\n\t\t<meta property=\"og:image\" content=\"https:\/\/www.rucashk.com\/wp-content\/uploads\/replace\/503b8e645f128a97ccde2b6290747646.jpeg\" \/>\n\t\t<meta property=\"og:image:secure_url\" content=\"https:\/\/www.rucashk.com\/wp-content\/uploads\/replace\/503b8e645f128a97ccde2b6290747646.jpeg\" \/>\n\t\t<meta property=\"og:image:width\" content=\"1456\" \/>\n\t\t<meta property=\"og:image:height\" content=\"816\" \/>\n\t\t<meta property=\"article:published_time\" content=\"2024-01-09T16:20:56+00:00\" \/>\n\t\t<meta property=\"article:modified_time\" content=\"2024-01-22T06:55:46+00:00\" \/>\n\t\t<meta name=\"twitter:card\" content=\"summary_large_image\" \/>\n\t\t<meta name=\"twitter:title\" content=\"Redmi Buds 3 - Rucas - Wholesale and Distribution\" \/>\n\t\t<meta name=\"twitter:description\" content=\"Call noise reduction 20 hours long battery Qualcomm professional chip Lightweight semi earphone\" \/>\n\t\t<meta name=\"twitter:image\" content=\"https:\/\/www.rucashk.com\/wp-content\/uploads\/replace\/503b8e645f128a97ccde2b6290747646.jpeg\" \/>\n\t\t<script type=\"application\/ld+json\" class=\"aioseo-schema\">\n\t\t\t{\"@context\":\"https:\\\/\\\/schema.org\",\"@graph\":[{\"@type\":\"BreadcrumbList\",\"@id\":\"https:\\\/\\\/www.rucashk.com\\\/es\\\/producto\\\/redmi-buds-3\\\/#breadcrumblist\",\"itemListElement\":[{\"@type\":\"ListItem\",\"@id\":\"https:\\\/\\\/www.rucashk.com\\\/es\\\/#listItem\",\"position\":1,\"name\":\"Home\",\"item\":\"https:\\\/\\\/www.rucashk.com\\\/es\\\/\",\"nextItem\":\"https:\\\/\\\/www.rucashk.com\\\/es\\\/producto\\\/redmi-buds-3\\\/#listItem\"},{\"@type\":\"ListItem\",\"@id\":\"https:\\\/\\\/www.rucashk.com\\\/es\\\/producto\\\/redmi-buds-3\\\/#listItem\",\"position\":2,\"name\":\"Redmi Buds 3\",\"previousItem\":\"https:\\\/\\\/www.rucashk.com\\\/es\\\/#listItem\"}]},{\"@type\":\"Organization\",\"@id\":\"https:\\\/\\\/www.rucashk.com\\\/es\\\/#organization\",\"name\":\"Rucas\",\"url\":\"https:\\\/\\\/www.rucashk.com\\\/es\\\/\",\"logo\":{\"@type\":\"ImageObject\",\"url\":\"https:\\\/\\\/www.rucashk.com\\\/wp-content\\\/uploads\\\/2023\\\/12\\\/Rucas_campany_logo.png\",\"@id\":\"https:\\\/\\\/www.rucashk.com\\\/es\\\/producto\\\/redmi-buds-3\\\/#organizationLogo\",\"width\":221,\"height\":65},\"image\":{\"@id\":\"https:\\\/\\\/www.rucashk.com\\\/es\\\/#organizationLogo\"}},{\"@type\":\"Person\",\"@id\":\"https:\\\/\\\/www.rucashk.com\\\/es\\\/author\\\/admin\\\/#author\",\"url\":\"https:\\\/\\\/www.rucashk.com\\\/es\\\/author\\\/admin\\\/\",\"name\":\"admin\",\"image\":{\"@type\":\"ImageObject\",\"@id\":\"https:\\\/\\\/www.rucashk.com\\\/es\\\/producto\\\/redmi-buds-3\\\/#authorImage\",\"url\":\"https:\\\/\\\/secure.gravatar.com\\\/avatar\\\/b7c8925b09a27e72b30232f8ecaadbd5af0f70a38c78096863fe51b64f031c24?s=96&d=mm&r=g\",\"width\":96,\"height\":96,\"caption\":\"admin\"}},{\"@type\":\"WebPage\",\"@id\":\"https:\\\/\\\/www.rucashk.com\\\/es\\\/producto\\\/redmi-buds-3\\\/#webpage\",\"url\":\"https:\\\/\\\/www.rucashk.com\\\/es\\\/producto\\\/redmi-buds-3\\\/\",\"name\":\"Redmi Buds 3 - Rucas - Wholesale and Distribution\",\"description\":\"Call noise reduction 20 hours long battery Qualcomm professional chip Lightweight semi earphone\",\"inLanguage\":\"es-ES\",\"isPartOf\":{\"@id\":\"https:\\\/\\\/www.rucashk.com\\\/es\\\/#website\"},\"breadcrumb\":{\"@id\":\"https:\\\/\\\/www.rucashk.com\\\/es\\\/producto\\\/redmi-buds-3\\\/#breadcrumblist\"},\"author\":{\"@id\":\"https:\\\/\\\/www.rucashk.com\\\/es\\\/author\\\/admin\\\/#author\"},\"creator\":{\"@id\":\"https:\\\/\\\/www.rucashk.com\\\/es\\\/author\\\/admin\\\/#author\"},\"image\":{\"@type\":\"ImageObject\",\"url\":\"https:\\\/\\\/www.rucashk.com\\\/wp-content\\\/uploads\\\/2024\\\/01\\\/REDMI-Buds-3\\u4e3b\\u56fe.jpg\",\"@id\":\"https:\\\/\\\/www.rucashk.com\\\/es\\\/producto\\\/redmi-buds-3\\\/#mainImage\",\"width\":600,\"height\":600},\"primaryImageOfPage\":{\"@id\":\"https:\\\/\\\/www.rucashk.com\\\/es\\\/producto\\\/redmi-buds-3\\\/#mainImage\"},\"datePublished\":\"2024-01-09T16:20:56+00:00\",\"dateModified\":\"2024-01-22T06:55:46+00:00\"},{\"@type\":\"WebSite\",\"@id\":\"https:\\\/\\\/www.rucashk.com\\\/es\\\/#website\",\"url\":\"https:\\\/\\\/www.rucashk.com\\\/es\\\/\",\"name\":\"Rucas - Wholesale and distribution worldwide\",\"alternateName\":\"Rucas - One-stop AIoT Distribution Worldwide\",\"description\":\"One-stop AIoT Distribution Worldwide\",\"inLanguage\":\"es-ES\",\"publisher\":{\"@id\":\"https:\\\/\\\/www.rucashk.com\\\/es\\\/#organization\"}}]}\n\t\t<\/script>\n\t\t<!-- All in One SEO Pro -->\r\n\t\t<title>Redmi Buds 3 - Rucas - Wholesale and Distribution<\/title>\n\n","aioseo_head_json":{"title":"Redmi Buds 3 - Rucas - Wholesale and Distribution","description":"Call noise reduction 20 hours long battery Qualcomm professional chip Lightweight semi earphone","canonical_url":"https:\/\/www.rucashk.com\/es\/producto\/redmi-buds-3\/","robots":"max-image-preview:large","keywords":"","webmasterTools":{"miscellaneous":""},"og:locale":"es_ES","og:site_name":"Rucas - One-stop AIoT Distribution Worldwide","og:type":"article","og:title":"Redmi Buds 3 - Rucas - Wholesale and Distribution","og:description":"Call noise reduction 20 hours long battery Qualcomm professional chip Lightweight semi earphone","og:url":"https:\/\/www.rucashk.com\/es\/producto\/redmi-buds-3\/","og:image":"https:\/\/www.rucashk.com\/wp-content\/uploads\/replace\/503b8e645f128a97ccde2b6290747646.jpeg","og:image:secure_url":"https:\/\/www.rucashk.com\/wp-content\/uploads\/replace\/503b8e645f128a97ccde2b6290747646.jpeg","og:image:width":1456,"og:image:height":816,"article:published_time":"2024-01-09T16:20:56+00:00","article:modified_time":"2024-01-22T06:55:46+00:00","twitter:card":"summary_large_image","twitter:title":"Redmi Buds 3 - Rucas - Wholesale and Distribution","twitter:description":"Call noise reduction 20 hours long battery Qualcomm professional chip Lightweight semi earphone","twitter:image":"https:\/\/www.rucashk.com\/wp-content\/uploads\/replace\/503b8e645f128a97ccde2b6290747646.jpeg","schema":{"@context":"https:\/\/schema.org","@graph":[{"@type":"BreadcrumbList","@id":"https:\/\/www.rucashk.com\/es\/producto\/redmi-buds-3\/#breadcrumblist","itemListElement":[{"@type":"ListItem","@id":"https:\/\/www.rucashk.com\/es\/#listItem","position":1,"name":"Home","item":"https:\/\/www.rucashk.com\/es\/","nextItem":"https:\/\/www.rucashk.com\/es\/producto\/redmi-buds-3\/#listItem"},{"@type":"ListItem","@id":"https:\/\/www.rucashk.com\/es\/producto\/redmi-buds-3\/#listItem","position":2,"name":"Redmi Buds 3","previousItem":"https:\/\/www.rucashk.com\/es\/#listItem"}]},{"@type":"Organization","@id":"https:\/\/www.rucashk.com\/es\/#organization","name":"Rucas","url":"https:\/\/www.rucashk.com\/es\/","logo":{"@type":"ImageObject","url":"https:\/\/www.rucashk.com\/wp-content\/uploads\/2023\/12\/Rucas_campany_logo.png","@id":"https:\/\/www.rucashk.com\/es\/producto\/redmi-buds-3\/#organizationLogo","width":221,"height":65},"image":{"@id":"https:\/\/www.rucashk.com\/es\/#organizationLogo"}},{"@type":"Person","@id":"https:\/\/www.rucashk.com\/es\/author\/admin\/#author","url":"https:\/\/www.rucashk.com\/es\/author\/admin\/","name":"admin","image":{"@type":"ImageObject","@id":"https:\/\/www.rucashk.com\/es\/producto\/redmi-buds-3\/#authorImage","url":"https:\/\/secure.gravatar.com\/avatar\/b7c8925b09a27e72b30232f8ecaadbd5af0f70a38c78096863fe51b64f031c24?s=96&d=mm&r=g","width":96,"height":96,"caption":"admin"}},{"@type":"WebPage","@id":"https:\/\/www.rucashk.com\/es\/producto\/redmi-buds-3\/#webpage","url":"https:\/\/www.rucashk.com\/es\/producto\/redmi-buds-3\/","name":"Redmi Buds 3 - Rucas - Wholesale and Distribution","description":"Call noise reduction 20 hours long battery Qualcomm professional chip Lightweight semi earphone","inLanguage":"es-ES","isPartOf":{"@id":"https:\/\/www.rucashk.com\/es\/#website"},"breadcrumb":{"@id":"https:\/\/www.rucashk.com\/es\/producto\/redmi-buds-3\/#breadcrumblist"},"author":{"@id":"https:\/\/www.rucashk.com\/es\/author\/admin\/#author"},"creator":{"@id":"https:\/\/www.rucashk.com\/es\/author\/admin\/#author"},"image":{"@type":"ImageObject","url":"https:\/\/www.rucashk.com\/wp-content\/uploads\/2024\/01\/REDMI-Buds-3\u4e3b\u56fe.jpg","@id":"https:\/\/www.rucashk.com\/es\/producto\/redmi-buds-3\/#mainImage","width":600,"height":600},"primaryImageOfPage":{"@id":"https:\/\/www.rucashk.com\/es\/producto\/redmi-buds-3\/#mainImage"},"datePublished":"2024-01-09T16:20:56+00:00","dateModified":"2024-01-22T06:55:46+00:00"},{"@type":"WebSite","@id":"https:\/\/www.rucashk.com\/es\/#website","url":"https:\/\/www.rucashk.com\/es\/","name":"Rucas - Wholesale and distribution worldwide","alternateName":"Rucas - One-stop AIoT Distribution Worldwide","description":"One-stop AIoT Distribution Worldwide","inLanguage":"es-ES","publisher":{"@id":"https:\/\/www.rucashk.com\/es\/#organization"}}]}},"aioseo_meta_data":{"post_id":"25762","title":null,"description":null,"keywords":null,"keyphrases":null,"primary_term":null,"canonical_url":null,"og_title":null,"og_description":null,"og_object_type":"default","og_image_type":"default","og_image_url":null,"og_image_width":null,"og_image_height":null,"og_image_custom_url":null,"og_image_custom_fields":null,"og_video":null,"og_custom_url":null,"og_article_section":null,"og_article_tags":null,"twitter_use_og":false,"twitter_card":"default","twitter_image_type":"default","twitter_image_url":null,"twitter_image_custom_url":null,"twitter_image_custom_fields":null,"twitter_title":null,"twitter_description":null,"schema":{"blockGraphs":[],"customGraphs":[],"default":{"data":{"Article":[],"Course":[],"Dataset":[],"FAQPage":[],"Movie":[],"Person":[],"Product":[],"Recipe":[],"Service":[],"SoftwareApplication":[],"WebPage":[]},"graphName":"","isEnabled":true},"graphs":[]},"schema_type":"default","schema_type_options":null,"pillar_content":false,"robots_default":true,"robots_noindex":false,"robots_noarchive":false,"robots_nosnippet":false,"robots_nofollow":false,"robots_noimageindex":false,"robots_noodp":false,"robots_notranslate":false,"robots_max_snippet":null,"robots_max_videopreview":null,"robots_max_imagepreview":"large","priority":null,"frequency":null,"local_seo":null,"breadcrumb_settings":null,"limit_modified_date":false,"created":"2024-04-11 01:57:19","updated":"2025-06-22 18:00:59"},"aioseo_breadcrumb":"<div class=\"aioseo-breadcrumbs\"><span class=\"aioseo-breadcrumb\">\n\t<a href=\"https:\/\/www.rucashk.com\/es\" title=\"Home\">Home<\/a>\n<\/span><span class=\"aioseo-breadcrumb-separator\">&raquo;<\/span><span class=\"aioseo-breadcrumb\">\n\t<a href=\"https:\/\/www.rucashk.com\/es\/products\/\" title=\"Productos\">Productos<\/a>\n<\/span><span class=\"aioseo-breadcrumb-separator\">&raquo;<\/span><span class=\"aioseo-breadcrumb\">\n\t<a href=\"https:\/\/www.rucashk.com\/es\/categoria-producto\/xiaomi-eco\/\" title=\"Xiaomi Eco\">Xiaomi Eco<\/a>\n<\/span><span class=\"aioseo-breadcrumb-separator\">&raquo;<\/span><span class=\"aioseo-breadcrumb\">\n\t<a href=\"https:\/\/www.rucashk.com\/es\/categoria-producto\/xiaomi-eco\/mi-redmi-earphone\/\" title=\"Mi Redmi Earphone\">Mi Redmi Earphone<\/a>\n<\/span><span class=\"aioseo-breadcrumb-separator\">&raquo;<\/span><span class=\"aioseo-breadcrumb\">\n\tRedmi Buds 3\n<\/span><\/div>","aioseo_breadcrumb_json":[{"label":"Home","link":"https:\/\/www.rucashk.com\/es"},{"label":"Productos","link":"https:\/\/www.rucashk.com\/es\/products\/"},{"label":"Xiaomi Eco","link":"https:\/\/www.rucashk.com\/es\/categoria-producto\/xiaomi-eco\/"},{"label":"Mi Redmi Earphone","link":"https:\/\/www.rucashk.com\/es\/categoria-producto\/xiaomi-eco\/mi-redmi-earphone\/"},{"label":"Redmi Buds 3","link":"https:\/\/www.rucashk.com\/es\/producto\/redmi-buds-3\/"}],"_links":{"self":[{"href":"https:\/\/www.rucashk.com\/es\/wp-json\/wp\/v2\/product\/25762","targetHints":{"allow":["GET"]}}],"collection":[{"href":"https:\/\/www.rucashk.com\/es\/wp-json\/wp\/v2\/product"}],"about":[{"href":"https:\/\/www.rucashk.com\/es\/wp-json\/wp\/v2\/types\/product"}],"wp:featuredmedia":[{"embeddable":true,"href":"https:\/\/www.rucashk.com\/es\/wp-json\/wp\/v2\/media\/25895"}],"wp:attachment":[{"href":"https:\/\/www.rucashk.com\/es\/wp-json\/wp\/v2\/media?parent=25762"}],"wp:term":[{"taxonomy":"product_brand","embeddable":true,"href":"https:\/\/www.rucashk.com\/es\/wp-json\/wp\/v2\/product_brand?post=25762"},{"taxonomy":"product_cat","embeddable":true,"href":"https:\/\/www.rucashk.com\/es\/wp-json\/wp\/v2\/product_cat?post=25762"},{"taxonomy":"product_tag","embeddable":true,"href":"https:\/\/www.rucashk.com\/es\/wp-json\/wp\/v2\/product_tag?post=25762"}],"curies":[{"name":"wp","href":"https:\/\/api.w.org\/{rel}","templated":true}]}}