{"id":25758,"date":"2024-01-09T16:20:55","date_gmt":"2024-01-09T16:20:55","guid":{"rendered":"http:\/\/rucashk.com\/?post_type=product&#038;p=25758"},"modified":"2024-01-23T09:56:09","modified_gmt":"2024-01-23T09:56:09","slug":"infinix-hot-10i-smartphone","status":"publish","type":"product","link":"https:\/\/www.rucashk.com\/es\/producto\/infinix-hot-10i-smartphone\/","title":{"rendered":"Tel\u00e9fono inteligente Infinix Hot 10i"},"content":{"rendered":"<p style=\"text-align: center\">CALIENTE 10i<br \/>\n<b>POTENCIA TU DIVERSI\u00d3N<\/b><b><br \/>\n<\/b><img fetchpriority=\"high\" decoding=\"async\" class=\"aligncenter\" src=\"https:\/\/www.rucashk.com\/wp-content\/uploads\/2021\/09\/c384554291de718af19dc7e32bf17a32.jpg\" alt=\"Infinix Hot 10i Smartphone\" width=\"1920\" height=\"1026\" data-src=\"https:\/\/www.rucashk.com\/wp-content\/uploads\/2021\/09\/c384554291de718af19dc7e32bf17a32.jpg\" \/><b><br \/>\n<\/b><b>La mejor duraci\u00f3n de bater\u00eda en la competencia<\/b><b><br \/>\n<\/b><img decoding=\"async\" class=\"aligncenter\" src=\"https:\/\/www.rucashk.com\/wp-content\/uploads\/2021\/09\/d80918b9a47140ad40f622068a840161.jpg\" alt=\"Infinix Hot 10i Smartphone\" width=\"1358\" height=\"630\" data-src=\"https:\/\/www.rucashk.com\/wp-content\/uploads\/2021\/09\/d80918b9a47140ad40f622068a840161.jpg\" \/><\/p>\n<p>&nbsp;<\/p>\n<p style=\"text-align: center\">NB: Es posible que se produzcan condiciones de uso y factores ambientales ligeramente diferentes al utilizar datos directamente del laboratorio Infinix.<img decoding=\"async\" class=\"aligncenter\" src=\"https:\/\/www.rucashk.com\/wp-content\/uploads\/2021\/09\/728ce5b7cbd2dc6b0a7883d6b41c929b.jpg\" alt=\"Infinix Hot 10i Smartphone\" width=\"410\" height=\"880\" data-src=\"https:\/\/www.rucashk.com\/wp-content\/uploads\/2021\/09\/728ce5b7cbd2dc6b0a7883d6b41c929b.jpg\" \/><b><br \/>\n<\/b><b>Carga segura<\/b><br \/>\nCarga segura con bater\u00eda masiva de 6000 mAh Con la tecnolog\u00eda Safe Charge, la energ\u00eda se apagar\u00e1 autom\u00e1ticamente cuando su dispositivo est\u00e9 cargando hasta 100%.<\/p>\n<p style=\"text-align: center\"><b>Duraci\u00f3n adicional de la bater\u00eda<\/b><br \/>\nCuando la bater\u00eda est\u00e9 a 5% de su capacidad total, active el modo Ultra Power de Power Marathon y proporcionar\u00e1 3,6 horas adicionales de llamadas.<\/p>\n<p style=\"text-align: center\"><b>Pantalla de alto brillo HD+ de 6,52 \u2033<\/b><br \/>\nUna pantalla legible a la luz del sol para exteriores. HOT 10i est\u00e1 equipado con una pantalla HD+ de 6,52 \u2033 para ofrecer una experiencia visual m\u00e1s inmersiva. Con un brillo m\u00e1ximo de hasta 500 nits, ya sea jugando o viendo v\u00eddeos, tu experiencia se elevar\u00e1 a un nuevo nivel.<img loading=\"lazy\" decoding=\"async\" class=\"aligncenter\" src=\"https:\/\/www.rucashk.com\/wp-content\/uploads\/2021\/09\/52286c150cda02bfd06116dc219ee3a9.jpg\" alt=\"Infinix Hot 10i Smartphone\" width=\"392\" height=\"274\" data-src=\"https:\/\/www.rucashk.com\/wp-content\/uploads\/2021\/09\/52286c150cda02bfd06116dc219ee3a9.jpg\" \/><\/p>\n<p style=\"text-align: center\"><b>C\u00e1mara trasera doble de 13 MP con linterna cu\u00e1druple<\/b><br \/>\nIncre\u00edble incluso a contraluz. HOT 10i cuenta con una c\u00e1mara trasera dual de 13MP con su sensor grande F1.8 y linterna cu\u00e1druple, que no solo permite una presentaci\u00f3n sorprendente y m\u00e1s clara de los detalles, sino tambi\u00e9n un efecto de luz de relleno m\u00e1s delicado y equilibrado.<img loading=\"lazy\" decoding=\"async\" class=\"aligncenter\" src=\"https:\/\/www.rucashk.com\/wp-content\/uploads\/2021\/09\/e274207c632afb7f15738f6793958664.jpg\" alt=\"Infinix Hot 10i Smartphone\" width=\"756\" height=\"814\" data-src=\"https:\/\/www.rucashk.com\/wp-content\/uploads\/2021\/09\/e274207c632afb7f15738f6793958664.jpg\" \/><\/p>\n<p style=\"text-align: center\"><b>V\u00eddeos en c\u00e1mara lenta a 240 FPS<\/b><br \/>\nS\u00e9 tan r\u00e1pido como quieras. Puede captar f\u00e1cilmente cada momento fluido con incre\u00edbles grabaciones de video en c\u00e1mara lenta de 240 FPS.<\/p>\n<p style=\"text-align: center\"><b>C\u00e1mara frontal con IA de 8MP<\/b><br \/>\nLiberando el poder de la belleza Al optimizar autom\u00e1ticamente el contorno facial, la mejora de retratos con IA permite obtener fotograf\u00edas naturalmente hermosas, tanto de retratos frontales como de perfil.<img loading=\"lazy\" decoding=\"async\" class=\"aligncenter\" src=\"https:\/\/www.rucashk.com\/wp-content\/uploads\/2021\/09\/108a99861f234b16b1154eb41044b4a5.jpg\" alt=\"Infinix Hot 10i Smartphone\" width=\"584\" height=\"760\" data-src=\"https:\/\/www.rucashk.com\/wp-content\/uploads\/2021\/09\/108a99861f234b16b1154eb41044b4a5.jpg\" \/><br \/>\nDesbloqueo facial y de huellas dactilares<br \/>\nDesbloquee f\u00e1cilmente con una m\u00e1scara puesta. HOT 10i se puede abrir en un abrir y cerrar de ojos con reconocimiento facial o de huellas dactilares, lo que brinda seguridad y conveniencia.<img loading=\"lazy\" decoding=\"async\" class=\"aligncenter\" src=\"https:\/\/www.rucashk.com\/wp-content\/uploads\/2021\/09\/4017b4b16d5f06081bc96f338ff2de06.jpg\" alt=\"Infinix Hot 10i Smartphone\" width=\"584\" height=\"760\" data-src=\"https:\/\/www.rucashk.com\/wp-content\/uploads\/2021\/09\/4017b4b16d5f06081bc96f338ff2de06.jpg\" \/><\/p>\n<p style=\"text-align: center\"><b>Dise\u00f1o innovador<\/b><br \/>\nAmor a primera vista. La artesan\u00eda del HOT 10i se ha actualizado por completo. Inspirado en la superficie similar a un espejo del Salar de Uyuni en Bolivia, el dise\u00f1o pretende hipnotizar con luces y sombras fluidas.<img loading=\"lazy\" decoding=\"async\" class=\"aligncenter\" src=\"https:\/\/www.rucashk.com\/wp-content\/uploads\/2021\/09\/49b7d90380389fad7d5254d37239ebaa.jpg\" alt=\"Infinix Hot 10i Smartphone\" width=\"700\" height=\"564\" data-src=\"https:\/\/www.rucashk.com\/wp-content\/uploads\/2021\/09\/49b7d90380389fad7d5254d37239ebaa.jpg\" \/><\/p>\n<p style=\"text-align: center\"><b>XOS 7.5<\/b>\u00a0Basado en Android\u2122 11 ofrece un mundo de comodidad<br \/>\nEl sistema XOS 7.5 est\u00e1 inspirado en la aurora verde de Islandia: una interfaz visual revolucionaria y una interacci\u00f3n m\u00e1s inteligente<\/p>\n<p><img loading=\"lazy\" decoding=\"async\" class=\"aligncenter\" src=\"https:\/\/www.rucashk.com\/wp-content\/uploads\/2021\/09\/d2cff078f22cea65e94fd7454b079edd.jpg\" alt=\"Infinix Hot 10i Smartphone\" width=\"1021\" height=\"286\" data-src=\"https:\/\/www.rucashk.com\/wp-content\/uploads\/2021\/09\/d2cff078f22cea65e94fd7454b079edd.jpg\" \/><\/p>\n<p style=\"text-align: center\">\n<b>YoParty 3.0<\/b><br \/>\nNo necesitas ser un profesional para lograr un impacto, compartiendo deliciosas experiencias musicales cuando quieras a trav\u00e9s del nuevo YoParty 3.0 actualizado.<\/p>\n<p style=\"text-align: center\"><b>XFlotador<\/b><br \/>\nEl incre\u00edble Video Ringtone te permite configurar tu propio video personalizado como pantalla de llamada entrante. Cada vez que tengas una llamada entrante, puedes ver sus videos con voz.<\/p>\n<p style=\"text-align: center\"><b>Tono de v\u00eddeo<\/b><br \/>\nCon XFloat, puedes fijar conversaciones en la parte superior de otras aplicaciones y pantallas. Para que puedas acceder al chat en cualquier momento y en cualquier lugar.<\/p>\n<p style=\"text-align: center\">\n<p style=\"text-align: center\"><strong>Rucas, distribuidor l\u00edder de xiaomi en Hong Kong.<\/strong><br \/>\n<strong>Centr\u00e1ndose en productos de accesorios ecol\u00f3gicos de una marca de China, como Amazfit, Haylou, Ninebot, Roborock, Dreame, Imilab, 70Mai, Deerma. Mantenemos cientos de SKU de Xiaomi con stock en el almac\u00e9n de HK y Shenzhen de manera estable para lograr el plazo de entrega m\u00e1s r\u00e1pido.<\/strong>mi.<\/p>","protected":false},"excerpt":{"rendered":"<ul>\n<li>MediaTek Helio G70<\/li>\n<li>Procesador de juegos fluido<\/li>\n<li>Bater\u00eda de 6000 mAh con<\/li>\n<li>Tecnolog\u00eda de marat\u00f3n de energ\u00eda<\/li>\n<li>52&#8243; HD+ High-brightness Screen<\/li>\n<li>Dar-link Ultimate Game Booster<\/li>\n<li>Desbloqueo facial y de huellas dactilares<\/li>\n<li>XOS 7.5 Basado en Android\u2122 11<\/li>\n<\/ul>\n<p>&nbsp;<\/p>","protected":false},"featured_media":25881,"template":"","meta":[],"product_brand":[],"product_cat":[1302,1295],"product_tag":[],"class_list":{"0":"post-25758","1":"product","2":"type-product","3":"status-publish","4":"has-post-thumbnail","6":"product_cat-infinix-mobile-phone","7":"product_cat-mobile-phone","9":"first","10":"instock","11":"shipping-taxable","12":"product-type-simple"},"aioseo_notices":[],"aioseo_head":"\n\t\t<!-- All in One SEO Pro 4.5.9.2 - aioseo.com -->\n\t\t<meta name=\"description\" content=\"MediaTek Helio G70 Smooth Gaming Processor 6000mAh Battery with Power Marathon Tech 52&quot; HD+ High-brightness Screen Dar-link Ultimate Game Booster Facial &amp; Fingerprint Unlock XOS 7.5 Based on Android\u2122 11\" \/>\n\t\t<meta name=\"robots\" content=\"max-image-preview:large\" \/>\n\t\t<link rel=\"canonical\" href=\"https:\/\/www.rucashk.com\/es\/producto\/infinix-hot-10i-smartphone\/\" \/>\n\t\t<meta name=\"generator\" content=\"All in One SEO Pro (AIOSEO) 4.5.9.2\" \/>\n\t\t<meta property=\"og:locale\" content=\"es_ES\" \/>\n\t\t<meta property=\"og:site_name\" content=\"Rucas - One-stop AIoT Distribution Worldwide\" \/>\n\t\t<meta property=\"og:type\" content=\"article\" \/>\n\t\t<meta property=\"og:title\" content=\"Infinix Hot 10i Smartphone - Rucas - Wholesale and Distribution\" \/>\n\t\t<meta property=\"og:description\" content=\"MediaTek Helio G70 Smooth Gaming Processor 6000mAh Battery with Power Marathon Tech 52&quot; HD+ High-brightness Screen Dar-link Ultimate Game Booster Facial &amp; Fingerprint Unlock XOS 7.5 Based on Android\u2122 11\" \/>\n\t\t<meta property=\"og:url\" content=\"https:\/\/www.rucashk.com\/es\/producto\/infinix-hot-10i-smartphone\/\" \/>\n\t\t<meta property=\"og:image\" content=\"https:\/\/www.rucashk.com\/wp-content\/uploads\/replace\/503b8e645f128a97ccde2b6290747646.jpeg\" \/>\n\t\t<meta property=\"og:image:secure_url\" content=\"https:\/\/www.rucashk.com\/wp-content\/uploads\/replace\/503b8e645f128a97ccde2b6290747646.jpeg\" \/>\n\t\t<meta property=\"og:image:width\" content=\"1456\" \/>\n\t\t<meta property=\"og:image:height\" content=\"816\" \/>\n\t\t<meta property=\"article:published_time\" content=\"2024-01-09T16:20:55+00:00\" \/>\n\t\t<meta property=\"article:modified_time\" content=\"2024-01-23T09:56:09+00:00\" \/>\n\t\t<meta name=\"twitter:card\" content=\"summary_large_image\" \/>\n\t\t<meta name=\"twitter:title\" content=\"Infinix Hot 10i Smartphone - Rucas - Wholesale and Distribution\" \/>\n\t\t<meta name=\"twitter:description\" content=\"MediaTek Helio G70 Smooth Gaming Processor 6000mAh Battery with Power Marathon Tech 52&quot; HD+ High-brightness Screen Dar-link Ultimate Game Booster Facial &amp; Fingerprint Unlock XOS 7.5 Based on Android\u2122 11\" \/>\n\t\t<meta name=\"twitter:image\" content=\"https:\/\/www.rucashk.com\/wp-content\/uploads\/replace\/503b8e645f128a97ccde2b6290747646.jpeg\" \/>\n\t\t<script type=\"application\/ld+json\" class=\"aioseo-schema\">\n\t\t\t{\"@context\":\"https:\\\/\\\/schema.org\",\"@graph\":[{\"@type\":\"BreadcrumbList\",\"@id\":\"https:\\\/\\\/www.rucashk.com\\\/es\\\/producto\\\/infinix-hot-10i-smartphone\\\/#breadcrumblist\",\"itemListElement\":[{\"@type\":\"ListItem\",\"@id\":\"https:\\\/\\\/www.rucashk.com\\\/es\\\/#listItem\",\"position\":1,\"name\":\"Home\",\"item\":\"https:\\\/\\\/www.rucashk.com\\\/es\\\/\",\"nextItem\":\"https:\\\/\\\/www.rucashk.com\\\/es\\\/producto\\\/infinix-hot-10i-smartphone\\\/#listItem\"},{\"@type\":\"ListItem\",\"@id\":\"https:\\\/\\\/www.rucashk.com\\\/es\\\/producto\\\/infinix-hot-10i-smartphone\\\/#listItem\",\"position\":2,\"name\":\"Infinix Hot 10i Smartphone\",\"previousItem\":\"https:\\\/\\\/www.rucashk.com\\\/es\\\/#listItem\"}]},{\"@type\":\"Organization\",\"@id\":\"https:\\\/\\\/www.rucashk.com\\\/es\\\/#organization\",\"name\":\"Rucas\",\"url\":\"https:\\\/\\\/www.rucashk.com\\\/es\\\/\",\"logo\":{\"@type\":\"ImageObject\",\"url\":\"https:\\\/\\\/www.rucashk.com\\\/wp-content\\\/uploads\\\/2023\\\/12\\\/Rucas_campany_logo.png\",\"@id\":\"https:\\\/\\\/www.rucashk.com\\\/es\\\/producto\\\/infinix-hot-10i-smartphone\\\/#organizationLogo\",\"width\":221,\"height\":65},\"image\":{\"@id\":\"https:\\\/\\\/www.rucashk.com\\\/es\\\/#organizationLogo\"}},{\"@type\":\"Person\",\"@id\":\"https:\\\/\\\/www.rucashk.com\\\/es\\\/author\\\/admin\\\/#author\",\"url\":\"https:\\\/\\\/www.rucashk.com\\\/es\\\/author\\\/admin\\\/\",\"name\":\"admin\",\"image\":{\"@type\":\"ImageObject\",\"@id\":\"https:\\\/\\\/www.rucashk.com\\\/es\\\/producto\\\/infinix-hot-10i-smartphone\\\/#authorImage\",\"url\":\"https:\\\/\\\/secure.gravatar.com\\\/avatar\\\/b7c8925b09a27e72b30232f8ecaadbd5af0f70a38c78096863fe51b64f031c24?s=96&d=mm&r=g\",\"width\":96,\"height\":96,\"caption\":\"admin\"}},{\"@type\":\"WebPage\",\"@id\":\"https:\\\/\\\/www.rucashk.com\\\/es\\\/producto\\\/infinix-hot-10i-smartphone\\\/#webpage\",\"url\":\"https:\\\/\\\/www.rucashk.com\\\/es\\\/producto\\\/infinix-hot-10i-smartphone\\\/\",\"name\":\"Infinix Hot 10i Smartphone - Rucas - Wholesale and Distribution\",\"description\":\"MediaTek Helio G70 Smooth Gaming Processor 6000mAh Battery with Power Marathon Tech 52\\\" HD+ High-brightness Screen Dar-link Ultimate Game Booster Facial & Fingerprint Unlock XOS 7.5 Based on Android\\u2122 11\",\"inLanguage\":\"es-ES\",\"isPartOf\":{\"@id\":\"https:\\\/\\\/www.rucashk.com\\\/es\\\/#website\"},\"breadcrumb\":{\"@id\":\"https:\\\/\\\/www.rucashk.com\\\/es\\\/producto\\\/infinix-hot-10i-smartphone\\\/#breadcrumblist\"},\"author\":{\"@id\":\"https:\\\/\\\/www.rucashk.com\\\/es\\\/author\\\/admin\\\/#author\"},\"creator\":{\"@id\":\"https:\\\/\\\/www.rucashk.com\\\/es\\\/author\\\/admin\\\/#author\"},\"image\":{\"@type\":\"ImageObject\",\"url\":\"https:\\\/\\\/www.rucashk.com\\\/wp-content\\\/uploads\\\/2024\\\/01\\\/Infinix-Hot-10i-Smartphone.jpg\",\"@id\":\"https:\\\/\\\/www.rucashk.com\\\/es\\\/producto\\\/infinix-hot-10i-smartphone\\\/#mainImage\",\"width\":800,\"height\":800},\"primaryImageOfPage\":{\"@id\":\"https:\\\/\\\/www.rucashk.com\\\/es\\\/producto\\\/infinix-hot-10i-smartphone\\\/#mainImage\"},\"datePublished\":\"2024-01-09T16:20:55+00:00\",\"dateModified\":\"2024-01-23T09:56:09+00:00\"},{\"@type\":\"WebSite\",\"@id\":\"https:\\\/\\\/www.rucashk.com\\\/es\\\/#website\",\"url\":\"https:\\\/\\\/www.rucashk.com\\\/es\\\/\",\"name\":\"Rucas - Wholesale and distribution worldwide\",\"alternateName\":\"Rucas - One-stop AIoT Distribution Worldwide\",\"description\":\"One-stop AIoT Distribution Worldwide\",\"inLanguage\":\"es-ES\",\"publisher\":{\"@id\":\"https:\\\/\\\/www.rucashk.com\\\/es\\\/#organization\"}}]}\n\t\t<\/script>\n\t\t<!-- All in One SEO Pro -->\r\n\t\t<title>Infinix Hot 10i Smartphone - Rucas - Wholesale and Distribution<\/title>\n\n","aioseo_head_json":{"title":"Infinix Hot 10i Smartphone - Rucas - Wholesale and Distribution","description":"MediaTek Helio G70 Smooth Gaming Processor 6000mAh Battery with Power Marathon Tech 52\" HD+ High-brightness Screen Dar-link Ultimate Game Booster Facial & Fingerprint Unlock XOS 7.5 Based on Android\u2122 11","canonical_url":"https:\/\/www.rucashk.com\/es\/producto\/infinix-hot-10i-smartphone\/","robots":"max-image-preview:large","keywords":"","webmasterTools":{"miscellaneous":""},"og:locale":"es_ES","og:site_name":"Rucas - One-stop AIoT Distribution Worldwide","og:type":"article","og:title":"Infinix Hot 10i Smartphone - Rucas - Wholesale and Distribution","og:description":"MediaTek Helio G70 Smooth Gaming Processor 6000mAh Battery with Power Marathon Tech 52&quot; HD+ High-brightness Screen Dar-link Ultimate Game Booster Facial &amp; Fingerprint Unlock XOS 7.5 Based on Android\u2122 11","og:url":"https:\/\/www.rucashk.com\/es\/producto\/infinix-hot-10i-smartphone\/","og:image":"https:\/\/www.rucashk.com\/wp-content\/uploads\/replace\/503b8e645f128a97ccde2b6290747646.jpeg","og:image:secure_url":"https:\/\/www.rucashk.com\/wp-content\/uploads\/replace\/503b8e645f128a97ccde2b6290747646.jpeg","og:image:width":1456,"og:image:height":816,"article:published_time":"2024-01-09T16:20:55+00:00","article:modified_time":"2024-01-23T09:56:09+00:00","twitter:card":"summary_large_image","twitter:title":"Infinix Hot 10i Smartphone - Rucas - Wholesale and Distribution","twitter:description":"MediaTek Helio G70 Smooth Gaming Processor 6000mAh Battery with Power Marathon Tech 52&quot; HD+ High-brightness Screen Dar-link Ultimate Game Booster Facial &amp; Fingerprint Unlock XOS 7.5 Based on Android\u2122 11","twitter:image":"https:\/\/www.rucashk.com\/wp-content\/uploads\/replace\/503b8e645f128a97ccde2b6290747646.jpeg","schema":{"@context":"https:\/\/schema.org","@graph":[{"@type":"BreadcrumbList","@id":"https:\/\/www.rucashk.com\/es\/producto\/infinix-hot-10i-smartphone\/#breadcrumblist","itemListElement":[{"@type":"ListItem","@id":"https:\/\/www.rucashk.com\/es\/#listItem","position":1,"name":"Home","item":"https:\/\/www.rucashk.com\/es\/","nextItem":"https:\/\/www.rucashk.com\/es\/producto\/infinix-hot-10i-smartphone\/#listItem"},{"@type":"ListItem","@id":"https:\/\/www.rucashk.com\/es\/producto\/infinix-hot-10i-smartphone\/#listItem","position":2,"name":"Infinix Hot 10i Smartphone","previousItem":"https:\/\/www.rucashk.com\/es\/#listItem"}]},{"@type":"Organization","@id":"https:\/\/www.rucashk.com\/es\/#organization","name":"Rucas","url":"https:\/\/www.rucashk.com\/es\/","logo":{"@type":"ImageObject","url":"https:\/\/www.rucashk.com\/wp-content\/uploads\/2023\/12\/Rucas_campany_logo.png","@id":"https:\/\/www.rucashk.com\/es\/producto\/infinix-hot-10i-smartphone\/#organizationLogo","width":221,"height":65},"image":{"@id":"https:\/\/www.rucashk.com\/es\/#organizationLogo"}},{"@type":"Person","@id":"https:\/\/www.rucashk.com\/es\/author\/admin\/#author","url":"https:\/\/www.rucashk.com\/es\/author\/admin\/","name":"admin","image":{"@type":"ImageObject","@id":"https:\/\/www.rucashk.com\/es\/producto\/infinix-hot-10i-smartphone\/#authorImage","url":"https:\/\/secure.gravatar.com\/avatar\/b7c8925b09a27e72b30232f8ecaadbd5af0f70a38c78096863fe51b64f031c24?s=96&d=mm&r=g","width":96,"height":96,"caption":"admin"}},{"@type":"WebPage","@id":"https:\/\/www.rucashk.com\/es\/producto\/infinix-hot-10i-smartphone\/#webpage","url":"https:\/\/www.rucashk.com\/es\/producto\/infinix-hot-10i-smartphone\/","name":"Infinix Hot 10i Smartphone - Rucas - Wholesale and Distribution","description":"MediaTek Helio G70 Smooth Gaming Processor 6000mAh Battery with Power Marathon Tech 52\" HD+ High-brightness Screen Dar-link Ultimate Game Booster Facial & Fingerprint Unlock XOS 7.5 Based on Android\u2122 11","inLanguage":"es-ES","isPartOf":{"@id":"https:\/\/www.rucashk.com\/es\/#website"},"breadcrumb":{"@id":"https:\/\/www.rucashk.com\/es\/producto\/infinix-hot-10i-smartphone\/#breadcrumblist"},"author":{"@id":"https:\/\/www.rucashk.com\/es\/author\/admin\/#author"},"creator":{"@id":"https:\/\/www.rucashk.com\/es\/author\/admin\/#author"},"image":{"@type":"ImageObject","url":"https:\/\/www.rucashk.com\/wp-content\/uploads\/2024\/01\/Infinix-Hot-10i-Smartphone.jpg","@id":"https:\/\/www.rucashk.com\/es\/producto\/infinix-hot-10i-smartphone\/#mainImage","width":800,"height":800},"primaryImageOfPage":{"@id":"https:\/\/www.rucashk.com\/es\/producto\/infinix-hot-10i-smartphone\/#mainImage"},"datePublished":"2024-01-09T16:20:55+00:00","dateModified":"2024-01-23T09:56:09+00:00"},{"@type":"WebSite","@id":"https:\/\/www.rucashk.com\/es\/#website","url":"https:\/\/www.rucashk.com\/es\/","name":"Rucas - Wholesale and distribution worldwide","alternateName":"Rucas - One-stop AIoT Distribution Worldwide","description":"One-stop AIoT Distribution Worldwide","inLanguage":"es-ES","publisher":{"@id":"https:\/\/www.rucashk.com\/es\/#organization"}}]}},"aioseo_meta_data":{"post_id":"25758","title":null,"description":null,"keywords":null,"keyphrases":null,"primary_term":null,"canonical_url":null,"og_title":null,"og_description":null,"og_object_type":"default","og_image_type":"default","og_image_url":null,"og_image_width":null,"og_image_height":null,"og_image_custom_url":null,"og_image_custom_fields":null,"og_video":null,"og_custom_url":null,"og_article_section":null,"og_article_tags":null,"twitter_use_og":false,"twitter_card":"default","twitter_image_type":"default","twitter_image_url":null,"twitter_image_custom_url":null,"twitter_image_custom_fields":null,"twitter_title":null,"twitter_description":null,"schema":{"blockGraphs":[],"customGraphs":[],"default":{"data":{"Article":[],"Course":[],"Dataset":[],"FAQPage":[],"Movie":[],"Person":[],"Product":[],"Recipe":[],"Service":[],"SoftwareApplication":[],"WebPage":[]},"graphName":"","isEnabled":true},"graphs":[]},"schema_type":"default","schema_type_options":null,"pillar_content":false,"robots_default":true,"robots_noindex":false,"robots_noarchive":false,"robots_nosnippet":false,"robots_nofollow":false,"robots_noimageindex":false,"robots_noodp":false,"robots_notranslate":false,"robots_max_snippet":null,"robots_max_videopreview":null,"robots_max_imagepreview":"large","priority":null,"frequency":null,"local_seo":null,"breadcrumb_settings":null,"limit_modified_date":false,"created":"2024-04-11 01:57:19","updated":"2025-06-22 18:00:57"},"aioseo_breadcrumb":"<div class=\"aioseo-breadcrumbs\"><span class=\"aioseo-breadcrumb\">\n\t<a href=\"https:\/\/www.rucashk.com\/es\" title=\"Home\">Home<\/a>\n<\/span><span class=\"aioseo-breadcrumb-separator\">&raquo;<\/span><span class=\"aioseo-breadcrumb\">\n\t<a href=\"https:\/\/www.rucashk.com\/es\/products\/\" title=\"Productos\">Productos<\/a>\n<\/span><span class=\"aioseo-breadcrumb-separator\">&raquo;<\/span><span class=\"aioseo-breadcrumb\">\n\t<a href=\"https:\/\/www.rucashk.com\/es\/categoria-producto\/mobile-phone\/\" title=\"Mobile Phone\">Mobile Phone<\/a>\n<\/span><span class=\"aioseo-breadcrumb-separator\">&raquo;<\/span><span class=\"aioseo-breadcrumb\">\n\t<a href=\"https:\/\/www.rucashk.com\/es\/categoria-producto\/mobile-phone\/infinix-mobile-phone\/\" title=\"Infinix\">Infinix<\/a>\n<\/span><span class=\"aioseo-breadcrumb-separator\">&raquo;<\/span><span class=\"aioseo-breadcrumb\">\n\tInfinix Hot 10i Smartphone\n<\/span><\/div>","aioseo_breadcrumb_json":[{"label":"Home","link":"https:\/\/www.rucashk.com\/es"},{"label":"Productos","link":"https:\/\/www.rucashk.com\/es\/products\/"},{"label":"Mobile Phone","link":"https:\/\/www.rucashk.com\/es\/categoria-producto\/mobile-phone\/"},{"label":"Infinix","link":"https:\/\/www.rucashk.com\/es\/categoria-producto\/mobile-phone\/infinix-mobile-phone\/"},{"label":"Infinix Hot 10i Smartphone","link":"https:\/\/www.rucashk.com\/es\/producto\/infinix-hot-10i-smartphone\/"}],"_links":{"self":[{"href":"https:\/\/www.rucashk.com\/es\/wp-json\/wp\/v2\/product\/25758","targetHints":{"allow":["GET"]}}],"collection":[{"href":"https:\/\/www.rucashk.com\/es\/wp-json\/wp\/v2\/product"}],"about":[{"href":"https:\/\/www.rucashk.com\/es\/wp-json\/wp\/v2\/types\/product"}],"wp:featuredmedia":[{"embeddable":true,"href":"https:\/\/www.rucashk.com\/es\/wp-json\/wp\/v2\/media\/25881"}],"wp:attachment":[{"href":"https:\/\/www.rucashk.com\/es\/wp-json\/wp\/v2\/media?parent=25758"}],"wp:term":[{"taxonomy":"product_brand","embeddable":true,"href":"https:\/\/www.rucashk.com\/es\/wp-json\/wp\/v2\/product_brand?post=25758"},{"taxonomy":"product_cat","embeddable":true,"href":"https:\/\/www.rucashk.com\/es\/wp-json\/wp\/v2\/product_cat?post=25758"},{"taxonomy":"product_tag","embeddable":true,"href":"https:\/\/www.rucashk.com\/es\/wp-json\/wp\/v2\/product_tag?post=25758"}],"curies":[{"name":"wp","href":"https:\/\/api.w.org\/{rel}","templated":true}]}}