{"id":25755,"date":"2024-01-09T16:20:55","date_gmt":"2024-01-09T16:20:55","guid":{"rendered":"http:\/\/rucashk.com\/?post_type=product&#038;p=25755"},"modified":"2024-01-23T09:59:36","modified_gmt":"2024-01-23T09:59:36","slug":"tecno-spark-7-kf6-smartphone","status":"publish","type":"product","link":"https:\/\/www.rucashk.com\/es\/producto\/tecno-spark-7-kf6-smartphone\/","title":{"rendered":"Smartphone Tecno Spark 7 KF6"},"content":{"rendered":"<p style=\"text-align: center\" data-wp-editing=\"1\"><img fetchpriority=\"high\" decoding=\"async\" class=\"aligncenter\" src=\"https:\/\/www.rucashk.com\/wp-content\/uploads\/2021\/09\/1a8b503d11f8e838d52da067b53bd90d.jpg\" alt=\" Tecno Spark 7 KF6 Smartphone\" width=\"1920\" height=\"1114\" data-src=\"https:\/\/www.rucashk.com\/wp-content\/uploads\/2021\/09\/1a8b503d11f8e838d52da067b53bd90d.jpg\" \/><br \/>\n<img decoding=\"async\" class=\"aligncenter\" src=\"https:\/\/www.rucashk.com\/wp-content\/uploads\/2021\/09\/7a0057c3b9c78db3b002d6fa1295996b.jpg\" alt=\"image\" data-src=\"https:\/\/www.rucashk.com\/wp-content\/uploads\/2021\/09\/7a0057c3b9c78db3b002d6fa1295996b.jpg\" \/><b>Negocios al frente<\/b>, Fiesta en la parte de atr\u00e1s<br \/>\nSPARK 7 re\u00fane formas perfectamente proporcionadas y las mejores funciones de su clase bajo un mismo techo divertido.<b><br \/>\n<\/b><b><br \/>\n<\/b><b>Cuidado,<\/b>\u00a0O se deslizar\u00e1 por la m\u00e1s peque\u00f1a grieta<br \/>\nTodo lo que siempre deseas est\u00e1 aqu\u00ed: un cuerpo estilizado y una cintura m\u00e1s delgada. \u00bfQu\u00e9 m\u00e1s podr\u00edas querer?<img decoding=\"async\" class=\"aligncenter\" src=\"https:\/\/www.rucashk.com\/wp-content\/uploads\/2021\/09\/b824d7433cdaf4410bd5783d59923fe4.jpg\" alt=\" Tecno Spark 7 KF6 Smartphone\" width=\"1920\" height=\"866\" data-src=\"https:\/\/www.rucashk.com\/wp-content\/uploads\/2021\/09\/b824d7433cdaf4410bd5783d59923fe4.jpg\" \/><br \/>\n<b>color de moda<\/b><br \/>\nResalte su vitalidad y juventud con tres elegantes colores: Morpheus Blue; verde abeto; Im\u00e1n negro; Para nuestra nueva generaci\u00f3n, el logotipo SPARK est\u00e1 especialmente dise\u00f1ado para mostrar su personalidad \u00fanica.<img decoding=\"async\" class=\"aligncenter\" src=\"https:\/\/www.rucashk.com\/wp-content\/uploads\/2021\/09\/a2793ba97807ed5119f7a9a233e0f000.jpg\" alt=\" Tecno Spark 7 KF6 Smartphone\" width=\"1920\" height=\"1154\" data-src=\"https:\/\/www.rucashk.com\/wp-content\/uploads\/2021\/09\/a2793ba97807ed5119f7a9a233e0f000.jpg\" \/><br \/>\n<b>De moda y lujoso<\/b><b><br \/>\n<\/b>\u00bfQuieres algo lujoso en tu tel\u00e9fono? Lo conseguimos. Nuestro elegante panel de c\u00e1mara le ofrece un tel\u00e9fono din\u00e1mico y moderno. Elige SPARK, s\u00e9 la estrella brillante.<img loading=\"lazy\" decoding=\"async\" class=\"aligncenter\" src=\"https:\/\/www.rucashk.com\/wp-content\/uploads\/2021\/09\/21524e1358c1f2a1b5391cdd28040135.jpg\" alt=\" Tecno Spark 7 KF6 Smartphone\" width=\"1920\" height=\"868\" data-src=\"https:\/\/www.rucashk.com\/wp-content\/uploads\/2021\/09\/21524e1358c1f2a1b5391cdd28040135.jpg\" \/><\/p>\n<p style=\"text-align: center\"><b>6.5HD+<\/b>\u00a0Pantalla de muesca de punto<br \/>\nTu fest\u00edn visual pasar\u00e1 a un \u00e1mbito nuevo y m\u00e1s delicado. SPARK 7 est\u00e1 equipado con resoluci\u00f3n s\u00faper alta (720*1600) y pantalla grande de 6,5 pulgadas (16,55 cm) para mejorar su experiencia visual de forma integral. No te puedes perder la exquisita visi\u00f3n.<img loading=\"lazy\" decoding=\"async\" class=\"aligncenter\" src=\"https:\/\/www.rucashk.com\/wp-content\/uploads\/2021\/09\/e0c4e798fe8d597fdbae9b5cafc56b0d.jpg\" alt=\" Tecno Spark 7 KF6 Smartphone\" width=\"1920\" height=\"1499\" data-src=\"https:\/\/www.rucashk.com\/wp-content\/uploads\/2021\/09\/e0c4e798fe8d597fdbae9b5cafc56b0d.jpg\" \/><br \/>\n<b>C\u00e1mara dual IA de 16MP, <\/b>M\u00e1s detalles en tu foto.<br \/>\nLa lente AI recientemente agregada ilumina el entorno oscuro general y le ha facilitado capturar cada momento maravilloso de usted mismo r\u00e1pidamente.<img loading=\"lazy\" decoding=\"async\" class=\"aligncenter\" src=\"https:\/\/www.rucashk.com\/wp-content\/uploads\/2021\/09\/ecd6ec722c02e95745966ed0cd22074e.jpg\" alt=\" Tecno Spark 7 KF6 Smartphone\" width=\"1920\" height=\"1272\" data-src=\"https:\/\/www.rucashk.com\/wp-content\/uploads\/2021\/09\/ecd6ec722c02e95745966ed0cd22074e.jpg\" \/><\/p>\n<p style=\"text-align: center\"><b>instant\u00e1nea de sonrisa,\u00a0<\/b>Calcula el momento a la perfecci\u00f3n<br \/>\nAI Portrait se enfoca en el rostro y captura la foto cuando ve una sonrisa. Nunca te perder\u00e1s la foto perfecta.<img loading=\"lazy\" decoding=\"async\" class=\"aligncenter\" src=\"https:\/\/www.rucashk.com\/wp-content\/uploads\/2021\/09\/68df20cd0004f04a51bf17adb03e5473.jpg\" alt=\" Tecno Spark 7 KF6 Smartphone\" width=\"1920\" height=\"1073\" data-src=\"https:\/\/www.rucashk.com\/wp-content\/uploads\/2021\/09\/68df20cd0004f04a51bf17adb03e5473.jpg\" \/><br \/>\n<b>correcci\u00f3n de documentos,\u00a0<\/b>No se perder\u00e1 ning\u00fan error<br \/>\nNo se preocupe por ning\u00fan problema de lectura de documentos. Nuestra funci\u00f3n de correcci\u00f3n de documentos puede admitir visualizaci\u00f3n en tiempo real, anotaciones y rotaci\u00f3n autom\u00e1tica de pantallas electr\u00f3nicas, documentos, libros o tarjetas de presentaci\u00f3n comunes a trav\u00e9s de la c\u00e1mara.<img loading=\"lazy\" decoding=\"async\" class=\"aligncenter\" src=\"https:\/\/www.rucashk.com\/wp-content\/uploads\/2021\/09\/17725b8ae94ac4032bbfe5bd7a324f49.jpg\" alt=\" Tecno Spark 7 KF6 Smartphone\" width=\"1920\" height=\"1122\" data-src=\"https:\/\/www.rucashk.com\/wp-content\/uploads\/2021\/09\/17725b8ae94ac4032bbfe5bd7a324f49.jpg\" \/><br \/>\n<b>Sin contratiempos<\/b><b><br \/>\n<\/b>SPARK 7 puede salvarte de estos escenarios embarazosos: &quot;Almacenamiento casi lleno&quot; aparece constantemente, la pantalla se retrasa, los juegos no funcionan correctamente, etc. Con 64 GB + 3 GB de almacenamiento, hay m\u00e1s espacio disponible para fotos, m\u00fasica, v\u00eddeos y archivos.<\/p>\n<p style=\"text-align: center\"><b>Compartir es demostrar inter\u00e9s<\/b><b><br \/>\n<\/b>Cuando la felicidad se comparte, se multiplica. Con Bluetooth Audio Share 2.0, puedes compartir tu alegr\u00eda con a\u00fan m\u00e1s personas. Comienza la fiesta en cualquier momento y lugar y deja que tus amigos y familiares se unan a un festival alegre y lleno de m\u00fasica.<img loading=\"lazy\" decoding=\"async\" class=\"aligncenter\" src=\"https:\/\/www.rucashk.com\/wp-content\/uploads\/2021\/09\/e2c81182eab492edea4453c28855febb.jpg\" alt=\" Tecno Spark 7 KF6 Smartphone\" width=\"1920\" height=\"1327\" data-src=\"https:\/\/www.rucashk.com\/wp-content\/uploads\/2021\/09\/e2c81182eab492edea4453c28855febb.jpg\" \/><\/p>\n<p style=\"text-align: center\" data-wp-editing=\"1\">Rucas, distribuidor l\u00edder de xiaomi en Hong Kong.<br \/>\nCentr\u00e1ndose en productos de accesorios ecol\u00f3gicos de una marca de China, como Amazfit, Haylou, Ninebot, Roborock, Dreame, Imilab, 70Mai, Deerma. Mantenemos cientos de SKU de Xiaomi con stock en el almac\u00e9n de HK y Shenzhen de manera estable para lograr el menor plazo de entrega.<\/p>","protected":false},"excerpt":{"rendered":"<ul>\n<li>C\u00e1mara dual IA de 16MP<\/li>\n<li>5&#8243;\uff0816.55CM\uff09 Dot Notch Screen<\/li>\n<li>64 GB de ROM + 3 GB de RAM<\/li>\n<li>V\u00eddeo bokeh<\/li>\n<li>Instant\u00e1nea de la sonrisa<\/li>\n<li>Compartir audio por Bluetooth<\/li>\n<li>Bater\u00eda de 6000 mAh.<\/li>\n<li>C\u00e1mara frontal de 8MP con doble flash<\/li>\n<li>C\u00e1mara trasera doble de 16 MP con flash cu\u00e1druple<\/li>\n<li>HiOS basado en Android\u2122 11<\/li>\n<\/ul>\n<p>&nbsp;<\/p>","protected":false},"featured_media":25872,"template":"","meta":[],"product_brand":[],"product_cat":[1295,1303],"product_tag":[],"class_list":{"0":"post-25755","1":"product","2":"type-product","3":"status-publish","4":"has-post-thumbnail","6":"product_cat-mobile-phone","7":"product_cat-tecno-mobile-phone","9":"first","10":"instock","11":"shipping-taxable","12":"product-type-simple"},"aioseo_notices":[],"aioseo_head":"\n\t\t<!-- All in One SEO Pro 4.5.9.2 - aioseo.com -->\n\t\t<meta name=\"description\" content=\"16MP AI Dual Camera 5&quot;\uff0816.55CM\uff09 Dot Notch Screen 64GB ROM + 3GB RAM Video Bokeh Smile Snapshot Bluetooth Audio Share 6000mAh Battery 8MP Front Camera with Dual Flash 16MP Dual Rear Camera with Quad Flash HiOS based on Android\u2122 11\" \/>\n\t\t<meta name=\"robots\" content=\"max-image-preview:large\" \/>\n\t\t<link rel=\"canonical\" href=\"https:\/\/www.rucashk.com\/es\/producto\/tecno-spark-7-kf6-smartphone\/\" \/>\n\t\t<meta name=\"generator\" content=\"All in One SEO Pro (AIOSEO) 4.5.9.2\" \/>\n\t\t<meta property=\"og:locale\" content=\"es_ES\" \/>\n\t\t<meta property=\"og:site_name\" content=\"Rucas - One-stop AIoT Distribution Worldwide\" \/>\n\t\t<meta property=\"og:type\" content=\"article\" \/>\n\t\t<meta property=\"og:title\" content=\"Tecno Spark 7 KF6 Smartphone - Rucas - Wholesale and Distribution\" \/>\n\t\t<meta property=\"og:description\" content=\"16MP AI Dual Camera 5&quot;\uff0816.55CM\uff09 Dot Notch Screen 64GB ROM + 3GB RAM Video Bokeh Smile Snapshot Bluetooth Audio Share 6000mAh Battery 8MP Front Camera with Dual Flash 16MP Dual Rear Camera with Quad Flash HiOS based on Android\u2122 11\" \/>\n\t\t<meta property=\"og:url\" content=\"https:\/\/www.rucashk.com\/es\/producto\/tecno-spark-7-kf6-smartphone\/\" \/>\n\t\t<meta property=\"og:image\" content=\"https:\/\/www.rucashk.com\/wp-content\/uploads\/replace\/503b8e645f128a97ccde2b6290747646.jpeg\" \/>\n\t\t<meta property=\"og:image:secure_url\" content=\"https:\/\/www.rucashk.com\/wp-content\/uploads\/replace\/503b8e645f128a97ccde2b6290747646.jpeg\" \/>\n\t\t<meta property=\"og:image:width\" content=\"1456\" \/>\n\t\t<meta property=\"og:image:height\" content=\"816\" \/>\n\t\t<meta property=\"article:published_time\" content=\"2024-01-09T16:20:55+00:00\" \/>\n\t\t<meta property=\"article:modified_time\" content=\"2024-01-23T09:59:36+00:00\" \/>\n\t\t<meta name=\"twitter:card\" content=\"summary_large_image\" \/>\n\t\t<meta name=\"twitter:title\" content=\"Tecno Spark 7 KF6 Smartphone - Rucas - Wholesale and Distribution\" \/>\n\t\t<meta name=\"twitter:description\" content=\"16MP AI Dual Camera 5&quot;\uff0816.55CM\uff09 Dot Notch Screen 64GB ROM + 3GB RAM Video Bokeh Smile Snapshot Bluetooth Audio Share 6000mAh Battery 8MP Front Camera with Dual Flash 16MP Dual Rear Camera with Quad Flash HiOS based on Android\u2122 11\" \/>\n\t\t<meta name=\"twitter:image\" content=\"https:\/\/www.rucashk.com\/wp-content\/uploads\/replace\/503b8e645f128a97ccde2b6290747646.jpeg\" \/>\n\t\t<script type=\"application\/ld+json\" class=\"aioseo-schema\">\n\t\t\t{\"@context\":\"https:\\\/\\\/schema.org\",\"@graph\":[{\"@type\":\"BreadcrumbList\",\"@id\":\"https:\\\/\\\/www.rucashk.com\\\/es\\\/producto\\\/tecno-spark-7-kf6-smartphone\\\/#breadcrumblist\",\"itemListElement\":[{\"@type\":\"ListItem\",\"@id\":\"https:\\\/\\\/www.rucashk.com\\\/es\\\/#listItem\",\"position\":1,\"name\":\"Home\",\"item\":\"https:\\\/\\\/www.rucashk.com\\\/es\\\/\",\"nextItem\":\"https:\\\/\\\/www.rucashk.com\\\/es\\\/producto\\\/tecno-spark-7-kf6-smartphone\\\/#listItem\"},{\"@type\":\"ListItem\",\"@id\":\"https:\\\/\\\/www.rucashk.com\\\/es\\\/producto\\\/tecno-spark-7-kf6-smartphone\\\/#listItem\",\"position\":2,\"name\":\"Tecno Spark 7 KF6 Smartphone\",\"previousItem\":\"https:\\\/\\\/www.rucashk.com\\\/es\\\/#listItem\"}]},{\"@type\":\"Organization\",\"@id\":\"https:\\\/\\\/www.rucashk.com\\\/es\\\/#organization\",\"name\":\"Rucas\",\"url\":\"https:\\\/\\\/www.rucashk.com\\\/es\\\/\",\"logo\":{\"@type\":\"ImageObject\",\"url\":\"https:\\\/\\\/www.rucashk.com\\\/wp-content\\\/uploads\\\/2023\\\/12\\\/Rucas_campany_logo.png\",\"@id\":\"https:\\\/\\\/www.rucashk.com\\\/es\\\/producto\\\/tecno-spark-7-kf6-smartphone\\\/#organizationLogo\",\"width\":221,\"height\":65},\"image\":{\"@id\":\"https:\\\/\\\/www.rucashk.com\\\/es\\\/#organizationLogo\"}},{\"@type\":\"Person\",\"@id\":\"https:\\\/\\\/www.rucashk.com\\\/es\\\/author\\\/admin\\\/#author\",\"url\":\"https:\\\/\\\/www.rucashk.com\\\/es\\\/author\\\/admin\\\/\",\"name\":\"admin\",\"image\":{\"@type\":\"ImageObject\",\"@id\":\"https:\\\/\\\/www.rucashk.com\\\/es\\\/producto\\\/tecno-spark-7-kf6-smartphone\\\/#authorImage\",\"url\":\"https:\\\/\\\/secure.gravatar.com\\\/avatar\\\/b7c8925b09a27e72b30232f8ecaadbd5af0f70a38c78096863fe51b64f031c24?s=96&d=mm&r=g\",\"width\":96,\"height\":96,\"caption\":\"admin\"}},{\"@type\":\"WebPage\",\"@id\":\"https:\\\/\\\/www.rucashk.com\\\/es\\\/producto\\\/tecno-spark-7-kf6-smartphone\\\/#webpage\",\"url\":\"https:\\\/\\\/www.rucashk.com\\\/es\\\/producto\\\/tecno-spark-7-kf6-smartphone\\\/\",\"name\":\"Tecno Spark 7 KF6 Smartphone - Rucas - Wholesale and Distribution\",\"description\":\"16MP AI Dual Camera 5\\\"\\uff0816.55CM\\uff09 Dot Notch Screen 64GB ROM + 3GB RAM Video Bokeh Smile Snapshot Bluetooth Audio Share 6000mAh Battery 8MP Front Camera with Dual Flash 16MP Dual Rear Camera with Quad Flash HiOS based on Android\\u2122 11\",\"inLanguage\":\"es-ES\",\"isPartOf\":{\"@id\":\"https:\\\/\\\/www.rucashk.com\\\/es\\\/#website\"},\"breadcrumb\":{\"@id\":\"https:\\\/\\\/www.rucashk.com\\\/es\\\/producto\\\/tecno-spark-7-kf6-smartphone\\\/#breadcrumblist\"},\"author\":{\"@id\":\"https:\\\/\\\/www.rucashk.com\\\/es\\\/author\\\/admin\\\/#author\"},\"creator\":{\"@id\":\"https:\\\/\\\/www.rucashk.com\\\/es\\\/author\\\/admin\\\/#author\"},\"image\":{\"@type\":\"ImageObject\",\"url\":\"https:\\\/\\\/www.rucashk.com\\\/wp-content\\\/uploads\\\/2024\\\/01\\\/Tecno-Spark-7-KF6-Smartphone-3.jpg\",\"@id\":\"https:\\\/\\\/www.rucashk.com\\\/es\\\/producto\\\/tecno-spark-7-kf6-smartphone\\\/#mainImage\",\"width\":800,\"height\":800},\"primaryImageOfPage\":{\"@id\":\"https:\\\/\\\/www.rucashk.com\\\/es\\\/producto\\\/tecno-spark-7-kf6-smartphone\\\/#mainImage\"},\"datePublished\":\"2024-01-09T16:20:55+00:00\",\"dateModified\":\"2024-01-23T09:59:36+00:00\"},{\"@type\":\"WebSite\",\"@id\":\"https:\\\/\\\/www.rucashk.com\\\/es\\\/#website\",\"url\":\"https:\\\/\\\/www.rucashk.com\\\/es\\\/\",\"name\":\"Rucas - Wholesale and distribution worldwide\",\"alternateName\":\"Rucas - One-stop AIoT Distribution Worldwide\",\"description\":\"One-stop AIoT Distribution Worldwide\",\"inLanguage\":\"es-ES\",\"publisher\":{\"@id\":\"https:\\\/\\\/www.rucashk.com\\\/es\\\/#organization\"}}]}\n\t\t<\/script>\n\t\t<!-- All in One SEO Pro -->\r\n\t\t<title>Tecno Spark 7 KF6 Smartphone - Rucas - Wholesale and Distribution<\/title>\n\n","aioseo_head_json":{"title":"Tecno Spark 7 KF6 Smartphone - Rucas - Wholesale and Distribution","description":"16MP AI Dual Camera 5\"\uff0816.55CM\uff09 Dot Notch Screen 64GB ROM + 3GB RAM Video Bokeh Smile Snapshot Bluetooth Audio Share 6000mAh Battery 8MP Front Camera with Dual Flash 16MP Dual Rear Camera with Quad Flash HiOS based on Android\u2122 11","canonical_url":"https:\/\/www.rucashk.com\/es\/producto\/tecno-spark-7-kf6-smartphone\/","robots":"max-image-preview:large","keywords":"","webmasterTools":{"miscellaneous":""},"og:locale":"es_ES","og:site_name":"Rucas - One-stop AIoT Distribution Worldwide","og:type":"article","og:title":"Tecno Spark 7 KF6 Smartphone - Rucas - Wholesale and Distribution","og:description":"16MP AI Dual Camera 5&quot;\uff0816.55CM\uff09 Dot Notch Screen 64GB ROM + 3GB RAM Video Bokeh Smile Snapshot Bluetooth Audio Share 6000mAh Battery 8MP Front Camera with Dual Flash 16MP Dual Rear Camera with Quad Flash HiOS based on Android\u2122 11","og:url":"https:\/\/www.rucashk.com\/es\/producto\/tecno-spark-7-kf6-smartphone\/","og:image":"https:\/\/www.rucashk.com\/wp-content\/uploads\/replace\/503b8e645f128a97ccde2b6290747646.jpeg","og:image:secure_url":"https:\/\/www.rucashk.com\/wp-content\/uploads\/replace\/503b8e645f128a97ccde2b6290747646.jpeg","og:image:width":1456,"og:image:height":816,"article:published_time":"2024-01-09T16:20:55+00:00","article:modified_time":"2024-01-23T09:59:36+00:00","twitter:card":"summary_large_image","twitter:title":"Tecno Spark 7 KF6 Smartphone - Rucas - Wholesale and Distribution","twitter:description":"16MP AI Dual Camera 5&quot;\uff0816.55CM\uff09 Dot Notch Screen 64GB ROM + 3GB RAM Video Bokeh Smile Snapshot Bluetooth Audio Share 6000mAh Battery 8MP Front Camera with Dual Flash 16MP Dual Rear Camera with Quad Flash HiOS based on Android\u2122 11","twitter:image":"https:\/\/www.rucashk.com\/wp-content\/uploads\/replace\/503b8e645f128a97ccde2b6290747646.jpeg","schema":{"@context":"https:\/\/schema.org","@graph":[{"@type":"BreadcrumbList","@id":"https:\/\/www.rucashk.com\/es\/producto\/tecno-spark-7-kf6-smartphone\/#breadcrumblist","itemListElement":[{"@type":"ListItem","@id":"https:\/\/www.rucashk.com\/es\/#listItem","position":1,"name":"Home","item":"https:\/\/www.rucashk.com\/es\/","nextItem":"https:\/\/www.rucashk.com\/es\/producto\/tecno-spark-7-kf6-smartphone\/#listItem"},{"@type":"ListItem","@id":"https:\/\/www.rucashk.com\/es\/producto\/tecno-spark-7-kf6-smartphone\/#listItem","position":2,"name":"Tecno Spark 7 KF6 Smartphone","previousItem":"https:\/\/www.rucashk.com\/es\/#listItem"}]},{"@type":"Organization","@id":"https:\/\/www.rucashk.com\/es\/#organization","name":"Rucas","url":"https:\/\/www.rucashk.com\/es\/","logo":{"@type":"ImageObject","url":"https:\/\/www.rucashk.com\/wp-content\/uploads\/2023\/12\/Rucas_campany_logo.png","@id":"https:\/\/www.rucashk.com\/es\/producto\/tecno-spark-7-kf6-smartphone\/#organizationLogo","width":221,"height":65},"image":{"@id":"https:\/\/www.rucashk.com\/es\/#organizationLogo"}},{"@type":"Person","@id":"https:\/\/www.rucashk.com\/es\/author\/admin\/#author","url":"https:\/\/www.rucashk.com\/es\/author\/admin\/","name":"admin","image":{"@type":"ImageObject","@id":"https:\/\/www.rucashk.com\/es\/producto\/tecno-spark-7-kf6-smartphone\/#authorImage","url":"https:\/\/secure.gravatar.com\/avatar\/b7c8925b09a27e72b30232f8ecaadbd5af0f70a38c78096863fe51b64f031c24?s=96&d=mm&r=g","width":96,"height":96,"caption":"admin"}},{"@type":"WebPage","@id":"https:\/\/www.rucashk.com\/es\/producto\/tecno-spark-7-kf6-smartphone\/#webpage","url":"https:\/\/www.rucashk.com\/es\/producto\/tecno-spark-7-kf6-smartphone\/","name":"Tecno Spark 7 KF6 Smartphone - Rucas - Wholesale and Distribution","description":"16MP AI Dual Camera 5\"\uff0816.55CM\uff09 Dot Notch Screen 64GB ROM + 3GB RAM Video Bokeh Smile Snapshot Bluetooth Audio Share 6000mAh Battery 8MP Front Camera with Dual Flash 16MP Dual Rear Camera with Quad Flash HiOS based on Android\u2122 11","inLanguage":"es-ES","isPartOf":{"@id":"https:\/\/www.rucashk.com\/es\/#website"},"breadcrumb":{"@id":"https:\/\/www.rucashk.com\/es\/producto\/tecno-spark-7-kf6-smartphone\/#breadcrumblist"},"author":{"@id":"https:\/\/www.rucashk.com\/es\/author\/admin\/#author"},"creator":{"@id":"https:\/\/www.rucashk.com\/es\/author\/admin\/#author"},"image":{"@type":"ImageObject","url":"https:\/\/www.rucashk.com\/wp-content\/uploads\/2024\/01\/Tecno-Spark-7-KF6-Smartphone-3.jpg","@id":"https:\/\/www.rucashk.com\/es\/producto\/tecno-spark-7-kf6-smartphone\/#mainImage","width":800,"height":800},"primaryImageOfPage":{"@id":"https:\/\/www.rucashk.com\/es\/producto\/tecno-spark-7-kf6-smartphone\/#mainImage"},"datePublished":"2024-01-09T16:20:55+00:00","dateModified":"2024-01-23T09:59:36+00:00"},{"@type":"WebSite","@id":"https:\/\/www.rucashk.com\/es\/#website","url":"https:\/\/www.rucashk.com\/es\/","name":"Rucas - Wholesale and distribution worldwide","alternateName":"Rucas - One-stop AIoT Distribution Worldwide","description":"One-stop AIoT Distribution Worldwide","inLanguage":"es-ES","publisher":{"@id":"https:\/\/www.rucashk.com\/es\/#organization"}}]}},"aioseo_meta_data":{"post_id":"25755","title":null,"description":null,"keywords":null,"keyphrases":null,"primary_term":null,"canonical_url":null,"og_title":null,"og_description":null,"og_object_type":"default","og_image_type":"default","og_image_url":null,"og_image_width":null,"og_image_height":null,"og_image_custom_url":null,"og_image_custom_fields":null,"og_video":null,"og_custom_url":null,"og_article_section":null,"og_article_tags":null,"twitter_use_og":false,"twitter_card":"default","twitter_image_type":"default","twitter_image_url":null,"twitter_image_custom_url":null,"twitter_image_custom_fields":null,"twitter_title":null,"twitter_description":null,"schema":{"blockGraphs":[],"customGraphs":[],"default":{"data":{"Article":[],"Course":[],"Dataset":[],"FAQPage":[],"Movie":[],"Person":[],"Product":[],"Recipe":[],"Service":[],"SoftwareApplication":[],"WebPage":[]},"graphName":"","isEnabled":true},"graphs":[]},"schema_type":"default","schema_type_options":null,"pillar_content":false,"robots_default":true,"robots_noindex":false,"robots_noarchive":false,"robots_nosnippet":false,"robots_nofollow":false,"robots_noimageindex":false,"robots_noodp":false,"robots_notranslate":false,"robots_max_snippet":null,"robots_max_videopreview":null,"robots_max_imagepreview":"large","priority":null,"frequency":null,"local_seo":null,"breadcrumb_settings":null,"limit_modified_date":false,"created":"2024-04-11 01:57:19","updated":"2025-06-22 18:00:56"},"aioseo_breadcrumb":"<div class=\"aioseo-breadcrumbs\"><span class=\"aioseo-breadcrumb\">\n\t<a href=\"https:\/\/www.rucashk.com\/es\" title=\"Home\">Home<\/a>\n<\/span><span class=\"aioseo-breadcrumb-separator\">&raquo;<\/span><span class=\"aioseo-breadcrumb\">\n\t<a href=\"https:\/\/www.rucashk.com\/es\/products\/\" title=\"Productos\">Productos<\/a>\n<\/span><span class=\"aioseo-breadcrumb-separator\">&raquo;<\/span><span class=\"aioseo-breadcrumb\">\n\t<a href=\"https:\/\/www.rucashk.com\/es\/categoria-producto\/mobile-phone\/\" title=\"Mobile Phone\">Mobile Phone<\/a>\n<\/span><span class=\"aioseo-breadcrumb-separator\">&raquo;<\/span><span class=\"aioseo-breadcrumb\">\n\t<a href=\"https:\/\/www.rucashk.com\/es\/categoria-producto\/mobile-phone\/tecno-mobile-phone\/\" title=\"Tecno\">Tecno<\/a>\n<\/span><span class=\"aioseo-breadcrumb-separator\">&raquo;<\/span><span class=\"aioseo-breadcrumb\">\n\tTecno Spark 7 KF6 Smartphone\n<\/span><\/div>","aioseo_breadcrumb_json":[{"label":"Home","link":"https:\/\/www.rucashk.com\/es"},{"label":"Productos","link":"https:\/\/www.rucashk.com\/es\/products\/"},{"label":"Mobile Phone","link":"https:\/\/www.rucashk.com\/es\/categoria-producto\/mobile-phone\/"},{"label":"Tecno","link":"https:\/\/www.rucashk.com\/es\/categoria-producto\/mobile-phone\/tecno-mobile-phone\/"},{"label":"Tecno Spark 7 KF6 Smartphone","link":"https:\/\/www.rucashk.com\/es\/producto\/tecno-spark-7-kf6-smartphone\/"}],"_links":{"self":[{"href":"https:\/\/www.rucashk.com\/es\/wp-json\/wp\/v2\/product\/25755","targetHints":{"allow":["GET"]}}],"collection":[{"href":"https:\/\/www.rucashk.com\/es\/wp-json\/wp\/v2\/product"}],"about":[{"href":"https:\/\/www.rucashk.com\/es\/wp-json\/wp\/v2\/types\/product"}],"wp:featuredmedia":[{"embeddable":true,"href":"https:\/\/www.rucashk.com\/es\/wp-json\/wp\/v2\/media\/25872"}],"wp:attachment":[{"href":"https:\/\/www.rucashk.com\/es\/wp-json\/wp\/v2\/media?parent=25755"}],"wp:term":[{"taxonomy":"product_brand","embeddable":true,"href":"https:\/\/www.rucashk.com\/es\/wp-json\/wp\/v2\/product_brand?post=25755"},{"taxonomy":"product_cat","embeddable":true,"href":"https:\/\/www.rucashk.com\/es\/wp-json\/wp\/v2\/product_cat?post=25755"},{"taxonomy":"product_tag","embeddable":true,"href":"https:\/\/www.rucashk.com\/es\/wp-json\/wp\/v2\/product_tag?post=25755"}],"curies":[{"name":"wp","href":"https:\/\/api.w.org\/{rel}","templated":true}]}}