{"id":25726,"date":"2024-01-09T16:20:34","date_gmt":"2024-01-09T16:20:34","guid":{"rendered":"http:\/\/rucashk.com\/?post_type=product&#038;p=25726"},"modified":"2024-01-23T09:57:17","modified_gmt":"2024-01-23T09:57:17","slug":"tecno-camon-16-smartphone","status":"publish","type":"product","link":"https:\/\/www.rucashk.com\/es\/producto\/tecno-camon-16-smartphone\/","title":{"rendered":"Smartphone Tecno CAMON 16"},"content":{"rendered":"<p id=\"24bb\" class=\"hk hl fv hm b hn ie ho hp hq if hr hs ht ig hu hv hw ih hx hy hz ii ia ib id dn gr\" style=\"text-align: center\" data-selectable-paragraph=\"\"><img fetchpriority=\"high\" decoding=\"async\" class=\"wp-image-29143 size-full aligncenter\" src=\"https:\/\/www.rucashk.com\/wp-content\/uploads\/2021\/09\/312bbc620fb6f2daf500ec563872746.png\" alt=\"Tecno CAMON 16 Smartphone\" width=\"1220\" height=\"526\" \/><\/p>\n<div id=\"after_verdict\">\n<div>\n<div style=\"text-align: center\"><b>Pantalla y c\u00e1mara<\/b><\/div>\n<div style=\"text-align: center\"><\/div>\n<div style=\"text-align: center\">Tecno Camon 16 tiene una enorme pantalla TFT de 6,8 pulgadas que viene con una resoluci\u00f3n de pantalla de 720 x 1640 p\u00edxeles. La pantalla perforada sin bisel del dispositivo hace alarde de una densidad de p\u00edxeles de 263ppi junto con una relaci\u00f3n de aspecto de 20,5:9.<\/div>\n<div style=\"text-align: center\"><\/div>\n<div style=\"text-align: center\">La parte trasera de Tecno Camon 16 presenta una impresionante configuraci\u00f3n de c\u00e1mara triple con flash Penta LED, una c\u00e1mara principal de 64 MP, junto con una c\u00e1mara de profundidad de 2 MP y otra c\u00e1mara macro de 2 MP. En la parte frontal del tel\u00e9fono inteligente, hay una c\u00e1mara principal de 16MP con flash de doble LED, que puede capturar selfies impresionantes.<\/div>\n<div><img decoding=\"async\" class=\"aligncenter wp-image-29144 size-full\" src=\"https:\/\/www.rucashk.com\/wp-content\/uploads\/2021\/09\/Tecno-CAMON-16-Smartphone-6.jpg\" alt=\"Tecno CAMON 16 Smartphone\" width=\"1920\" height=\"1080\" \/><\/div>\n<div style=\"text-align: center\"><b>Configuraci\u00f3n y bater\u00eda<\/b><\/div>\n<div style=\"text-align: center\"><\/div>\n<div style=\"text-align: center\">Tecno Camon 16 se ejecuta en un chipset MediaTek Helio G70 y un dise\u00f1o de n\u00facleo Octa core Cortex A76 Dual-core y Cortex A55 Hexa, con velocidades de reloj de 2GHz y 1,7GHz. El tel\u00e9fono inteligente tambi\u00e9n est\u00e1 equipado con 4 GB de RAM junto con la GPU Mali-G52 que brinda una experiencia multitarea r\u00e1pida y confiable para el uso diario.<\/div>\n<div style=\"text-align: center\"><\/div>\n<div style=\"text-align: center\">Una celda tipo Li-Polymer alimenta el dispositivo. La bater\u00eda no reemplazable tiene una capacidad de 5000 mAh y tambi\u00e9n es compatible con carga flash de 18 W.<\/div>\n<div><img decoding=\"async\" class=\"aligncenter wp-image-29145 size-full\" src=\"https:\/\/www.rucashk.com\/wp-content\/uploads\/2021\/09\/Tecno-CAMON-16-Smartphone-4.png\" alt=\"Tecno CAMON 16 Smartphone\" width=\"636\" height=\"989\" \/><\/div>\n<div style=\"text-align: center\"><b>Almacenamiento y conectividad<\/b><\/div>\n<div style=\"text-align: center\"><\/div>\n<div style=\"text-align: center\">El tel\u00e9fono inteligente tiene una capacidad de almacenamiento interno de 64 GB que se puede ampliar hasta 256 GB seg\u00fan las necesidades del usuario. Para las opciones de red y conectividad, el dispositivo admite 4G VoLTE, versi\u00f3n 5.0 de Bluetooth, Mobile Hotspot, A-GPS Glonass, Wi-Fi, USB Type-C.<\/div>\n<div><\/div>\n<\/div>\n<div style=\"text-align: center\"><strong>Rucas, distribuidor l\u00edder de xiaomi en Hong Kong.<\/strong><br \/>\n<strong>Centr\u00e1ndose en productos de accesorios ecol\u00f3gicos de una marca de China, como Amazfit, Haylou, Ninebot, Roborock, Dreame, Imilab, 70Mai, Deerma. Mantenemos cientos de SKU de Xiaomi con stock en el almac\u00e9n de HK y Shenzhen de manera estable para lograr el menor plazo de entrega.<\/strong><\/div>\n<\/div>\n<p id=\"a2f6\" class=\"hk hl fv hm b hn ie ho hp hq if hr hs ht ig hu hv hw ih hx hy hz ii ia ib id dn gr\" data-selectable-paragraph=\"\">","protected":false},"excerpt":{"rendered":"<ul>\n<li>4 GB de RAM<\/li>\n<li><span style=\"vertical-align: inherit\"><span style=\"vertical-align: inherit\">ROM de 64GB<\/span><\/span><\/li>\n<li>Ampliable hasta 256 GB<\/li>\n<li>Pantalla HD+ de 27 cm (6,8 pulgadas)<\/li>\n<li><span style=\"vertical-align: inherit\"><span style=\"vertical-align: inherit\">C\u00e1mara cu\u00e1druple con lente AI de 64MP + 2MP + 2MP + AI<\/span><\/span><\/li>\n<li>C\u00e1mara frontal de 16MP<\/li>\n<li><span style=\"vertical-align: inherit\"><span style=\"vertical-align: inherit\">Bater\u00eda de pol\u00edmero de iones de litio de 5000 mAh<\/span><\/span><\/li>\n<li>Procesador MediaTek Helio G70<\/li>\n<\/ul>","protected":false},"featured_media":25861,"template":"","meta":[],"product_brand":[],"product_cat":[1295,1303],"product_tag":[],"class_list":{"0":"post-25726","1":"product","2":"type-product","3":"status-publish","4":"has-post-thumbnail","6":"product_cat-mobile-phone","7":"product_cat-tecno-mobile-phone","9":"first","10":"instock","11":"shipping-taxable","12":"product-type-simple"},"aioseo_notices":[],"aioseo_head":"\n\t\t<!-- All in One SEO Pro 4.5.9.2 - aioseo.com -->\n\t\t<meta name=\"description\" content=\"4 GB RAM 64 GB ROM Expandable Upto 256 GB 27 cm (6.8 inch) HD+ Display 64MP + 2MP + 2MP + AI Lens Quad AI Camera 16MP Front Camera 5000 mAh Li-ion Polymer Battery MediaTek Helio G70 Processor\" \/>\n\t\t<meta name=\"robots\" content=\"max-image-preview:large\" \/>\n\t\t<link rel=\"canonical\" href=\"https:\/\/www.rucashk.com\/es\/producto\/tecno-camon-16-smartphone\/\" \/>\n\t\t<meta name=\"generator\" content=\"All in One SEO Pro (AIOSEO) 4.5.9.2\" \/>\n\t\t<meta property=\"og:locale\" content=\"es_ES\" \/>\n\t\t<meta property=\"og:site_name\" content=\"Rucas - One-stop AIoT Distribution Worldwide\" \/>\n\t\t<meta property=\"og:type\" content=\"article\" \/>\n\t\t<meta property=\"og:title\" content=\"Tecno CAMON 16 Smartphone - Rucas - Wholesale and Distribution\" \/>\n\t\t<meta property=\"og:description\" content=\"4 GB RAM 64 GB ROM Expandable Upto 256 GB 27 cm (6.8 inch) HD+ Display 64MP + 2MP + 2MP + AI Lens Quad AI Camera 16MP Front Camera 5000 mAh Li-ion Polymer Battery MediaTek Helio G70 Processor\" \/>\n\t\t<meta property=\"og:url\" content=\"https:\/\/www.rucashk.com\/es\/producto\/tecno-camon-16-smartphone\/\" \/>\n\t\t<meta property=\"og:image\" content=\"https:\/\/www.rucashk.com\/wp-content\/uploads\/replace\/503b8e645f128a97ccde2b6290747646.jpeg\" \/>\n\t\t<meta property=\"og:image:secure_url\" content=\"https:\/\/www.rucashk.com\/wp-content\/uploads\/replace\/503b8e645f128a97ccde2b6290747646.jpeg\" \/>\n\t\t<meta property=\"og:image:width\" content=\"1456\" \/>\n\t\t<meta property=\"og:image:height\" content=\"816\" \/>\n\t\t<meta property=\"article:published_time\" content=\"2024-01-09T16:20:34+00:00\" \/>\n\t\t<meta property=\"article:modified_time\" content=\"2024-01-23T09:57:17+00:00\" \/>\n\t\t<meta name=\"twitter:card\" content=\"summary_large_image\" \/>\n\t\t<meta name=\"twitter:title\" content=\"Tecno CAMON 16 Smartphone - Rucas - Wholesale and Distribution\" \/>\n\t\t<meta name=\"twitter:description\" content=\"4 GB RAM 64 GB ROM Expandable Upto 256 GB 27 cm (6.8 inch) HD+ Display 64MP + 2MP + 2MP + AI Lens Quad AI Camera 16MP Front Camera 5000 mAh Li-ion Polymer Battery MediaTek Helio G70 Processor\" \/>\n\t\t<meta name=\"twitter:image\" content=\"https:\/\/www.rucashk.com\/wp-content\/uploads\/replace\/503b8e645f128a97ccde2b6290747646.jpeg\" \/>\n\t\t<script type=\"application\/ld+json\" class=\"aioseo-schema\">\n\t\t\t{\"@context\":\"https:\\\/\\\/schema.org\",\"@graph\":[{\"@type\":\"BreadcrumbList\",\"@id\":\"https:\\\/\\\/www.rucashk.com\\\/es\\\/producto\\\/tecno-camon-16-smartphone\\\/#breadcrumblist\",\"itemListElement\":[{\"@type\":\"ListItem\",\"@id\":\"https:\\\/\\\/www.rucashk.com\\\/es\\\/#listItem\",\"position\":1,\"name\":\"Home\",\"item\":\"https:\\\/\\\/www.rucashk.com\\\/es\\\/\",\"nextItem\":\"https:\\\/\\\/www.rucashk.com\\\/es\\\/producto\\\/tecno-camon-16-smartphone\\\/#listItem\"},{\"@type\":\"ListItem\",\"@id\":\"https:\\\/\\\/www.rucashk.com\\\/es\\\/producto\\\/tecno-camon-16-smartphone\\\/#listItem\",\"position\":2,\"name\":\"Tecno CAMON 16 Smartphone\",\"previousItem\":\"https:\\\/\\\/www.rucashk.com\\\/es\\\/#listItem\"}]},{\"@type\":\"Organization\",\"@id\":\"https:\\\/\\\/www.rucashk.com\\\/es\\\/#organization\",\"name\":\"Rucas\",\"url\":\"https:\\\/\\\/www.rucashk.com\\\/es\\\/\",\"logo\":{\"@type\":\"ImageObject\",\"url\":\"https:\\\/\\\/www.rucashk.com\\\/wp-content\\\/uploads\\\/2023\\\/12\\\/Rucas_campany_logo.png\",\"@id\":\"https:\\\/\\\/www.rucashk.com\\\/es\\\/producto\\\/tecno-camon-16-smartphone\\\/#organizationLogo\",\"width\":221,\"height\":65},\"image\":{\"@id\":\"https:\\\/\\\/www.rucashk.com\\\/es\\\/#organizationLogo\"}},{\"@type\":\"Person\",\"@id\":\"https:\\\/\\\/www.rucashk.com\\\/es\\\/author\\\/admin\\\/#author\",\"url\":\"https:\\\/\\\/www.rucashk.com\\\/es\\\/author\\\/admin\\\/\",\"name\":\"admin\",\"image\":{\"@type\":\"ImageObject\",\"@id\":\"https:\\\/\\\/www.rucashk.com\\\/es\\\/producto\\\/tecno-camon-16-smartphone\\\/#authorImage\",\"url\":\"https:\\\/\\\/secure.gravatar.com\\\/avatar\\\/b7c8925b09a27e72b30232f8ecaadbd5af0f70a38c78096863fe51b64f031c24?s=96&d=mm&r=g\",\"width\":96,\"height\":96,\"caption\":\"admin\"}},{\"@type\":\"WebPage\",\"@id\":\"https:\\\/\\\/www.rucashk.com\\\/es\\\/producto\\\/tecno-camon-16-smartphone\\\/#webpage\",\"url\":\"https:\\\/\\\/www.rucashk.com\\\/es\\\/producto\\\/tecno-camon-16-smartphone\\\/\",\"name\":\"Tecno CAMON 16 Smartphone - Rucas - Wholesale and Distribution\",\"description\":\"4 GB RAM 64 GB ROM Expandable Upto 256 GB 27 cm (6.8 inch) HD+ Display 64MP + 2MP + 2MP + AI Lens Quad AI Camera 16MP Front Camera 5000 mAh Li-ion Polymer Battery MediaTek Helio G70 Processor\",\"inLanguage\":\"es-ES\",\"isPartOf\":{\"@id\":\"https:\\\/\\\/www.rucashk.com\\\/es\\\/#website\"},\"breadcrumb\":{\"@id\":\"https:\\\/\\\/www.rucashk.com\\\/es\\\/producto\\\/tecno-camon-16-smartphone\\\/#breadcrumblist\"},\"author\":{\"@id\":\"https:\\\/\\\/www.rucashk.com\\\/es\\\/author\\\/admin\\\/#author\"},\"creator\":{\"@id\":\"https:\\\/\\\/www.rucashk.com\\\/es\\\/author\\\/admin\\\/#author\"},\"image\":{\"@type\":\"ImageObject\",\"url\":\"https:\\\/\\\/www.rucashk.com\\\/wp-content\\\/uploads\\\/2024\\\/01\\\/Tecno-CAMON-16-Smartphone-1.png\",\"@id\":\"https:\\\/\\\/www.rucashk.com\\\/es\\\/producto\\\/tecno-camon-16-smartphone\\\/#mainImage\",\"width\":800,\"height\":800},\"primaryImageOfPage\":{\"@id\":\"https:\\\/\\\/www.rucashk.com\\\/es\\\/producto\\\/tecno-camon-16-smartphone\\\/#mainImage\"},\"datePublished\":\"2024-01-09T16:20:34+00:00\",\"dateModified\":\"2024-01-23T09:57:17+00:00\"},{\"@type\":\"WebSite\",\"@id\":\"https:\\\/\\\/www.rucashk.com\\\/es\\\/#website\",\"url\":\"https:\\\/\\\/www.rucashk.com\\\/es\\\/\",\"name\":\"Rucas - Wholesale and distribution worldwide\",\"alternateName\":\"Rucas - One-stop AIoT Distribution Worldwide\",\"description\":\"One-stop AIoT Distribution Worldwide\",\"inLanguage\":\"es-ES\",\"publisher\":{\"@id\":\"https:\\\/\\\/www.rucashk.com\\\/es\\\/#organization\"}}]}\n\t\t<\/script>\n\t\t<!-- All in One SEO Pro -->\r\n\t\t<title>Tecno CAMON 16 Smartphone - Rucas - Wholesale and Distribution<\/title>\n\n","aioseo_head_json":{"title":"Tecno CAMON 16 Smartphone - Rucas - Wholesale and Distribution","description":"4 GB RAM 64 GB ROM Expandable Upto 256 GB 27 cm (6.8 inch) HD+ Display 64MP + 2MP + 2MP + AI Lens Quad AI Camera 16MP Front Camera 5000 mAh Li-ion Polymer Battery MediaTek Helio G70 Processor","canonical_url":"https:\/\/www.rucashk.com\/es\/producto\/tecno-camon-16-smartphone\/","robots":"max-image-preview:large","keywords":"","webmasterTools":{"miscellaneous":""},"og:locale":"es_ES","og:site_name":"Rucas - One-stop AIoT Distribution Worldwide","og:type":"article","og:title":"Tecno CAMON 16 Smartphone - Rucas - Wholesale and Distribution","og:description":"4 GB RAM 64 GB ROM Expandable Upto 256 GB 27 cm (6.8 inch) HD+ Display 64MP + 2MP + 2MP + AI Lens Quad AI Camera 16MP Front Camera 5000 mAh Li-ion Polymer Battery MediaTek Helio G70 Processor","og:url":"https:\/\/www.rucashk.com\/es\/producto\/tecno-camon-16-smartphone\/","og:image":"https:\/\/www.rucashk.com\/wp-content\/uploads\/replace\/503b8e645f128a97ccde2b6290747646.jpeg","og:image:secure_url":"https:\/\/www.rucashk.com\/wp-content\/uploads\/replace\/503b8e645f128a97ccde2b6290747646.jpeg","og:image:width":1456,"og:image:height":816,"article:published_time":"2024-01-09T16:20:34+00:00","article:modified_time":"2024-01-23T09:57:17+00:00","twitter:card":"summary_large_image","twitter:title":"Tecno CAMON 16 Smartphone - Rucas - Wholesale and Distribution","twitter:description":"4 GB RAM 64 GB ROM Expandable Upto 256 GB 27 cm (6.8 inch) HD+ Display 64MP + 2MP + 2MP + AI Lens Quad AI Camera 16MP Front Camera 5000 mAh Li-ion Polymer Battery MediaTek Helio G70 Processor","twitter:image":"https:\/\/www.rucashk.com\/wp-content\/uploads\/replace\/503b8e645f128a97ccde2b6290747646.jpeg","schema":{"@context":"https:\/\/schema.org","@graph":[{"@type":"BreadcrumbList","@id":"https:\/\/www.rucashk.com\/es\/producto\/tecno-camon-16-smartphone\/#breadcrumblist","itemListElement":[{"@type":"ListItem","@id":"https:\/\/www.rucashk.com\/es\/#listItem","position":1,"name":"Home","item":"https:\/\/www.rucashk.com\/es\/","nextItem":"https:\/\/www.rucashk.com\/es\/producto\/tecno-camon-16-smartphone\/#listItem"},{"@type":"ListItem","@id":"https:\/\/www.rucashk.com\/es\/producto\/tecno-camon-16-smartphone\/#listItem","position":2,"name":"Tecno CAMON 16 Smartphone","previousItem":"https:\/\/www.rucashk.com\/es\/#listItem"}]},{"@type":"Organization","@id":"https:\/\/www.rucashk.com\/es\/#organization","name":"Rucas","url":"https:\/\/www.rucashk.com\/es\/","logo":{"@type":"ImageObject","url":"https:\/\/www.rucashk.com\/wp-content\/uploads\/2023\/12\/Rucas_campany_logo.png","@id":"https:\/\/www.rucashk.com\/es\/producto\/tecno-camon-16-smartphone\/#organizationLogo","width":221,"height":65},"image":{"@id":"https:\/\/www.rucashk.com\/es\/#organizationLogo"}},{"@type":"Person","@id":"https:\/\/www.rucashk.com\/es\/author\/admin\/#author","url":"https:\/\/www.rucashk.com\/es\/author\/admin\/","name":"admin","image":{"@type":"ImageObject","@id":"https:\/\/www.rucashk.com\/es\/producto\/tecno-camon-16-smartphone\/#authorImage","url":"https:\/\/secure.gravatar.com\/avatar\/b7c8925b09a27e72b30232f8ecaadbd5af0f70a38c78096863fe51b64f031c24?s=96&d=mm&r=g","width":96,"height":96,"caption":"admin"}},{"@type":"WebPage","@id":"https:\/\/www.rucashk.com\/es\/producto\/tecno-camon-16-smartphone\/#webpage","url":"https:\/\/www.rucashk.com\/es\/producto\/tecno-camon-16-smartphone\/","name":"Tecno CAMON 16 Smartphone - Rucas - Wholesale and Distribution","description":"4 GB RAM 64 GB ROM Expandable Upto 256 GB 27 cm (6.8 inch) HD+ Display 64MP + 2MP + 2MP + AI Lens Quad AI Camera 16MP Front Camera 5000 mAh Li-ion Polymer Battery MediaTek Helio G70 Processor","inLanguage":"es-ES","isPartOf":{"@id":"https:\/\/www.rucashk.com\/es\/#website"},"breadcrumb":{"@id":"https:\/\/www.rucashk.com\/es\/producto\/tecno-camon-16-smartphone\/#breadcrumblist"},"author":{"@id":"https:\/\/www.rucashk.com\/es\/author\/admin\/#author"},"creator":{"@id":"https:\/\/www.rucashk.com\/es\/author\/admin\/#author"},"image":{"@type":"ImageObject","url":"https:\/\/www.rucashk.com\/wp-content\/uploads\/2024\/01\/Tecno-CAMON-16-Smartphone-1.png","@id":"https:\/\/www.rucashk.com\/es\/producto\/tecno-camon-16-smartphone\/#mainImage","width":800,"height":800},"primaryImageOfPage":{"@id":"https:\/\/www.rucashk.com\/es\/producto\/tecno-camon-16-smartphone\/#mainImage"},"datePublished":"2024-01-09T16:20:34+00:00","dateModified":"2024-01-23T09:57:17+00:00"},{"@type":"WebSite","@id":"https:\/\/www.rucashk.com\/es\/#website","url":"https:\/\/www.rucashk.com\/es\/","name":"Rucas - Wholesale and distribution worldwide","alternateName":"Rucas - One-stop AIoT Distribution Worldwide","description":"One-stop AIoT Distribution Worldwide","inLanguage":"es-ES","publisher":{"@id":"https:\/\/www.rucashk.com\/es\/#organization"}}]}},"aioseo_meta_data":{"post_id":"25726","title":null,"description":null,"keywords":null,"keyphrases":null,"primary_term":null,"canonical_url":null,"og_title":null,"og_description":null,"og_object_type":"default","og_image_type":"default","og_image_url":null,"og_image_width":null,"og_image_height":null,"og_image_custom_url":null,"og_image_custom_fields":null,"og_video":null,"og_custom_url":null,"og_article_section":null,"og_article_tags":null,"twitter_use_og":false,"twitter_card":"default","twitter_image_type":"default","twitter_image_url":null,"twitter_image_custom_url":null,"twitter_image_custom_fields":null,"twitter_title":null,"twitter_description":null,"schema":{"blockGraphs":[],"customGraphs":[],"default":{"data":{"Article":[],"Course":[],"Dataset":[],"FAQPage":[],"Movie":[],"Person":[],"Product":[],"Recipe":[],"Service":[],"SoftwareApplication":[],"WebPage":[]},"graphName":"","isEnabled":true},"graphs":[]},"schema_type":"default","schema_type_options":null,"pillar_content":false,"robots_default":true,"robots_noindex":false,"robots_noarchive":false,"robots_nosnippet":false,"robots_nofollow":false,"robots_noimageindex":false,"robots_noodp":false,"robots_notranslate":false,"robots_max_snippet":null,"robots_max_videopreview":null,"robots_max_imagepreview":"large","priority":null,"frequency":null,"local_seo":null,"breadcrumb_settings":null,"limit_modified_date":false,"created":"2024-04-11 01:57:19","updated":"2025-06-22 18:00:55"},"aioseo_breadcrumb":"<div class=\"aioseo-breadcrumbs\"><span class=\"aioseo-breadcrumb\">\n\t<a href=\"https:\/\/www.rucashk.com\/es\" title=\"Home\">Home<\/a>\n<\/span><span class=\"aioseo-breadcrumb-separator\">&raquo;<\/span><span class=\"aioseo-breadcrumb\">\n\t<a href=\"https:\/\/www.rucashk.com\/es\/products\/\" title=\"Productos\">Productos<\/a>\n<\/span><span class=\"aioseo-breadcrumb-separator\">&raquo;<\/span><span class=\"aioseo-breadcrumb\">\n\t<a href=\"https:\/\/www.rucashk.com\/es\/categoria-producto\/mobile-phone\/\" title=\"Mobile Phone\">Mobile Phone<\/a>\n<\/span><span class=\"aioseo-breadcrumb-separator\">&raquo;<\/span><span class=\"aioseo-breadcrumb\">\n\t<a href=\"https:\/\/www.rucashk.com\/es\/categoria-producto\/mobile-phone\/tecno-mobile-phone\/\" title=\"Tecno\">Tecno<\/a>\n<\/span><span class=\"aioseo-breadcrumb-separator\">&raquo;<\/span><span class=\"aioseo-breadcrumb\">\n\tTecno CAMON 16 Smartphone\n<\/span><\/div>","aioseo_breadcrumb_json":[{"label":"Home","link":"https:\/\/www.rucashk.com\/es"},{"label":"Productos","link":"https:\/\/www.rucashk.com\/es\/products\/"},{"label":"Mobile Phone","link":"https:\/\/www.rucashk.com\/es\/categoria-producto\/mobile-phone\/"},{"label":"Tecno","link":"https:\/\/www.rucashk.com\/es\/categoria-producto\/mobile-phone\/tecno-mobile-phone\/"},{"label":"Tecno CAMON 16 Smartphone","link":"https:\/\/www.rucashk.com\/es\/producto\/tecno-camon-16-smartphone\/"}],"_links":{"self":[{"href":"https:\/\/www.rucashk.com\/es\/wp-json\/wp\/v2\/product\/25726","targetHints":{"allow":["GET"]}}],"collection":[{"href":"https:\/\/www.rucashk.com\/es\/wp-json\/wp\/v2\/product"}],"about":[{"href":"https:\/\/www.rucashk.com\/es\/wp-json\/wp\/v2\/types\/product"}],"wp:featuredmedia":[{"embeddable":true,"href":"https:\/\/www.rucashk.com\/es\/wp-json\/wp\/v2\/media\/25861"}],"wp:attachment":[{"href":"https:\/\/www.rucashk.com\/es\/wp-json\/wp\/v2\/media?parent=25726"}],"wp:term":[{"taxonomy":"product_brand","embeddable":true,"href":"https:\/\/www.rucashk.com\/es\/wp-json\/wp\/v2\/product_brand?post=25726"},{"taxonomy":"product_cat","embeddable":true,"href":"https:\/\/www.rucashk.com\/es\/wp-json\/wp\/v2\/product_cat?post=25726"},{"taxonomy":"product_tag","embeddable":true,"href":"https:\/\/www.rucashk.com\/es\/wp-json\/wp\/v2\/product_tag?post=25726"}],"curies":[{"name":"wp","href":"https:\/\/api.w.org\/{rel}","templated":true}]}}