{"id":25725,"date":"2024-01-09T16:20:34","date_gmt":"2024-01-09T16:20:34","guid":{"rendered":"http:\/\/rucashk.com\/?post_type=product&#038;p=25725"},"modified":"2024-01-23T09:56:56","modified_gmt":"2024-01-23T09:56:56","slug":"tecno-p704a-smartphone","status":"publish","type":"product","link":"https:\/\/www.rucashk.com\/es\/producto\/tecno-p704a-smartphone\/","title":{"rendered":"Tel\u00e9fono inteligente Tecno p704a"},"content":{"rendered":"<p><img fetchpriority=\"high\" decoding=\"async\" class=\"aligncenter wp-image-3051162 size-full\" src=\"https:\/\/www.rucashk.com\/wp-content\/uploads\/2021\/09\/6c99f6e75ddf909915b0dc6ea6828fa3.jpg\" alt=\"Tecno p704a Smartphone\" width=\"591\" height=\"685\" data-src=\"https:\/\/www.rucashk.com\/wp-content\/uploads\/2021\/09\/6c99f6e75ddf909915b0dc6ea6828fa3.jpg\" data-pin-no-hover=\"true\" \/><br \/>\n<img decoding=\"async\" class=\"aligncenter\" src=\"https:\/\/www.rucashk.com\/wp-content\/uploads\/2021\/09\/da4bd06b4e57f0006b5a7a99e3c2be54.jpg\" alt=\"Tecno p704a Smartphone\" width=\"630\" height=\"684\" data-src=\"https:\/\/www.rucashk.com\/wp-content\/uploads\/2021\/09\/da4bd06b4e57f0006b5a7a99e3c2be54.jpg\" \/><img decoding=\"async\" class=\"aligncenter\" src=\"https:\/\/www.rucashk.com\/wp-content\/uploads\/2021\/09\/Tecno-Droidpad-7G-tablet-black-1.jpg\" alt=\"Tecno p704a Smartphone\" width=\"1000\" height=\"1000\" data-src=\"https:\/\/www.rucashk.com\/wp-content\/uploads\/2021\/09\/Tecno-Droidpad-7G-tablet-black-1.jpg\" \/><img loading=\"lazy\" decoding=\"async\" class=\"aligncenter\" src=\"https:\/\/www.rucashk.com\/wp-content\/uploads\/2021\/09\/1ad2d9e4ded2cdf80400fa9682164498.jpg\" alt=\"Tecno p704a Smartphone\" width=\"500\" height=\"500\" data-src=\"https:\/\/www.rucashk.com\/wp-content\/uploads\/2021\/09\/1ad2d9e4ded2cdf80400fa9682164498.jpg\" \/><\/p>\n<p style=\"text-align: center\"><b>Elegante, justo en tu mano<\/b><br \/>\nLa Tab 4G LTE est\u00e1 dise\u00f1ada con textura Kevlar y borde redondeado, lo que hace que el dispositivo sea m\u00e1s elegante y delgado como puedes ver.<\/p>\n<p style=\"text-align: center\"><b>Vista m\u00e1s amplia<\/b><br \/>\nLa Tab 4G LTE est\u00e1 construida con una pantalla IPS de gran angular de 170 grados que te brinda una experiencia visual incre\u00edble con una nitidez y definici\u00f3n que redefine la experiencia de la tableta. Disfrute de detalles incre\u00edbles mientras mira pel\u00edculas en familia.<\/p>\n<p style=\"text-align: center\"><b>Mas poderoso<\/b><br \/>\nEl procesador de cuatro n\u00facleos MTA8321D de 1,3 GHz ofrece un rendimiento mejorado y mantiene todo funcionando sin problemas. Ya sea viendo pel\u00edculas o jugando juegos emocionantes, simplemente disfruta de la velocidad y la pasi\u00f3n.<\/p>\n<p style=\"text-align: center\"><b>androide 10<\/b><br \/>\nEquipada con el sistema operativo Android 10, la Tab 4G LTE est\u00e1 dise\u00f1ada para usuarios de Android y ofrece una experiencia de uso superior. Millones de aplicaciones de Android siempre pueden satisfacer su demanda.<\/p>\n<p style=\"text-align: center\"><b>Estar en dos lugares a la vez<\/b><br \/>\nLas ventanas m\u00faltiples le permiten ejecutar dos aplicaciones una al lado de la otra. As\u00ed que adelante, mira una pel\u00edcula mientras env\u00edas mensajes de texto con tus amigos.<\/p>\n<p style=\"text-align: center\"><b>Mantenga momentos m\u00e1gicos<\/b><br \/>\nLa c\u00e1mara trasera de 5 MP con flash te permite tomar fotograf\u00edas y v\u00eddeos m\u00e1s brillantes y n\u00edtidos, incluso en condiciones de poca luz.<\/p>\n<p style=\"text-align: center\"><b>Navegaci\u00f3n en pantalla grande<\/b><br \/>\nLa pantalla de 7 pulgadas permite m\u00e1s recursos de p\u00e1gina y ofrece la comodidad de navegar mientras est\u00e1s en movimiento.<\/p>\n<p style=\"text-align: center\"><b>Mayor duraci\u00f3n de la bater\u00eda<\/b><br \/>\nLa bater\u00eda de 5000 mAh te brinda hasta 9 horas de navegaci\u00f3n o puedes ver pel\u00edculas por hasta 8 horas sin preocuparte por recargar la bater\u00eda.<\/p>\n<p style=\"text-align: center\"><b>Administrador de s\u00faper poder<\/b><br \/>\nLa tecnolog\u00eda inteligente de ahorro de energ\u00eda ofrece m\u00e1s tiempo para que usted y su familia disfruten de su DroiPad 7D.<\/p>\n<p style=\"text-align: center\"><b>Zona para ni\u00f1os<\/b><br \/>\nCuando abri\u00f3 Kids Zone, puede administrar el contenido y el tiempo que sus hijos miran y juegan.<\/p>\n<p style=\"text-align: center\"><b>Protecci\u00f3n para los ojos<\/b><br \/>\nTab 4G LTE puede cambiar autom\u00e1ticamente al modo de protecci\u00f3n ocular durante la noche, ya que filtrar\u00e1 una longitud de onda da\u00f1ina. Y emite alarmas si sus hijos leen algo mientras est\u00e1n acostados.<\/p>\n<p style=\"text-align: center\">Rucas, distribuidor l\u00edder de xiaomi en Hong Kong.<br \/>\nCentr\u00e1ndose en productos de accesorios ecol\u00f3gicos de una marca de China, como Amazfit, Haylou, Ninebot, Roborock, Dreame, Imilab, 70Mai, Deerma. Mantenemos cientos de SKU de Xiaomi con stock en el almac\u00e9n de HK y Shenzhen de manera estable para lograr el menor plazo de entrega.<\/p>","protected":false},"excerpt":{"rendered":"<ul>\n<li>Pantalla de 0 pulgadas<\/li>\n<li>Bater\u00eda de 5000 mAh.<\/li>\n<li>32 GB de ROM + 2 GB de RAM<\/li>\n<li>Compatibilidad con doble SIM<\/li>\n<li>4G LTE<\/li>\n<li>androide 10<\/li>\n<li>C\u00e1mara trasera de 5MP + c\u00e1mara frontal de 5MP<\/li>\n<li>Soporte OTG<\/li>\n<\/ul>\n<p>&nbsp;<\/p>","protected":false},"featured_media":25857,"template":"","meta":[],"product_brand":[],"product_cat":[1295,1303],"product_tag":[],"class_list":{"0":"post-25725","1":"product","2":"type-product","3":"status-publish","4":"has-post-thumbnail","6":"product_cat-mobile-phone","7":"product_cat-tecno-mobile-phone","9":"first","10":"instock","11":"shipping-taxable","12":"product-type-simple"},"aioseo_notices":[],"aioseo_head":"\n\t\t<!-- All in One SEO Pro 4.5.9.2 - aioseo.com -->\n\t\t<meta name=\"description\" content=\"0 Inch Screen 5000mAh Battery 32GB ROM + 2GB RAM Dual SIM Support 4G LTE Android 10 5MP Rear + 5MP Front Camera OTG Support\" \/>\n\t\t<meta name=\"robots\" content=\"max-image-preview:large\" \/>\n\t\t<link rel=\"canonical\" href=\"https:\/\/www.rucashk.com\/es\/producto\/tecno-p704a-smartphone\/\" \/>\n\t\t<meta name=\"generator\" content=\"All in One SEO Pro (AIOSEO) 4.5.9.2\" \/>\n\t\t<meta property=\"og:locale\" content=\"es_ES\" \/>\n\t\t<meta property=\"og:site_name\" content=\"Rucas - One-stop AIoT Distribution Worldwide\" \/>\n\t\t<meta property=\"og:type\" content=\"article\" \/>\n\t\t<meta property=\"og:title\" content=\"Tecno p704a Smartphone - Rucas - Wholesale and Distribution\" \/>\n\t\t<meta property=\"og:description\" content=\"0 Inch Screen 5000mAh Battery 32GB ROM + 2GB RAM Dual SIM Support 4G LTE Android 10 5MP Rear + 5MP Front Camera OTG Support\" \/>\n\t\t<meta property=\"og:url\" content=\"https:\/\/www.rucashk.com\/es\/producto\/tecno-p704a-smartphone\/\" \/>\n\t\t<meta property=\"og:image\" content=\"https:\/\/www.rucashk.com\/wp-content\/uploads\/replace\/503b8e645f128a97ccde2b6290747646.jpeg\" \/>\n\t\t<meta property=\"og:image:secure_url\" content=\"https:\/\/www.rucashk.com\/wp-content\/uploads\/replace\/503b8e645f128a97ccde2b6290747646.jpeg\" \/>\n\t\t<meta property=\"og:image:width\" content=\"1456\" \/>\n\t\t<meta property=\"og:image:height\" content=\"816\" \/>\n\t\t<meta property=\"article:published_time\" content=\"2024-01-09T16:20:34+00:00\" \/>\n\t\t<meta property=\"article:modified_time\" content=\"2024-01-23T09:56:56+00:00\" \/>\n\t\t<meta name=\"twitter:card\" content=\"summary_large_image\" \/>\n\t\t<meta name=\"twitter:title\" content=\"Tecno p704a Smartphone - Rucas - Wholesale and Distribution\" \/>\n\t\t<meta name=\"twitter:description\" content=\"0 Inch Screen 5000mAh Battery 32GB ROM + 2GB RAM Dual SIM Support 4G LTE Android 10 5MP Rear + 5MP Front Camera OTG Support\" \/>\n\t\t<meta name=\"twitter:image\" content=\"https:\/\/www.rucashk.com\/wp-content\/uploads\/replace\/503b8e645f128a97ccde2b6290747646.jpeg\" \/>\n\t\t<script type=\"application\/ld+json\" class=\"aioseo-schema\">\n\t\t\t{\"@context\":\"https:\\\/\\\/schema.org\",\"@graph\":[{\"@type\":\"BreadcrumbList\",\"@id\":\"https:\\\/\\\/www.rucashk.com\\\/es\\\/producto\\\/tecno-p704a-smartphone\\\/#breadcrumblist\",\"itemListElement\":[{\"@type\":\"ListItem\",\"@id\":\"https:\\\/\\\/www.rucashk.com\\\/es\\\/#listItem\",\"position\":1,\"name\":\"Home\",\"item\":\"https:\\\/\\\/www.rucashk.com\\\/es\\\/\",\"nextItem\":\"https:\\\/\\\/www.rucashk.com\\\/es\\\/producto\\\/tecno-p704a-smartphone\\\/#listItem\"},{\"@type\":\"ListItem\",\"@id\":\"https:\\\/\\\/www.rucashk.com\\\/es\\\/producto\\\/tecno-p704a-smartphone\\\/#listItem\",\"position\":2,\"name\":\"Tecno p704a Smartphone\",\"previousItem\":\"https:\\\/\\\/www.rucashk.com\\\/es\\\/#listItem\"}]},{\"@type\":\"Organization\",\"@id\":\"https:\\\/\\\/www.rucashk.com\\\/es\\\/#organization\",\"name\":\"Rucas\",\"url\":\"https:\\\/\\\/www.rucashk.com\\\/es\\\/\",\"logo\":{\"@type\":\"ImageObject\",\"url\":\"https:\\\/\\\/www.rucashk.com\\\/wp-content\\\/uploads\\\/2023\\\/12\\\/Rucas_campany_logo.png\",\"@id\":\"https:\\\/\\\/www.rucashk.com\\\/es\\\/producto\\\/tecno-p704a-smartphone\\\/#organizationLogo\",\"width\":221,\"height\":65},\"image\":{\"@id\":\"https:\\\/\\\/www.rucashk.com\\\/es\\\/#organizationLogo\"}},{\"@type\":\"Person\",\"@id\":\"https:\\\/\\\/www.rucashk.com\\\/es\\\/author\\\/admin\\\/#author\",\"url\":\"https:\\\/\\\/www.rucashk.com\\\/es\\\/author\\\/admin\\\/\",\"name\":\"admin\",\"image\":{\"@type\":\"ImageObject\",\"@id\":\"https:\\\/\\\/www.rucashk.com\\\/es\\\/producto\\\/tecno-p704a-smartphone\\\/#authorImage\",\"url\":\"https:\\\/\\\/secure.gravatar.com\\\/avatar\\\/b7c8925b09a27e72b30232f8ecaadbd5af0f70a38c78096863fe51b64f031c24?s=96&d=mm&r=g\",\"width\":96,\"height\":96,\"caption\":\"admin\"}},{\"@type\":\"WebPage\",\"@id\":\"https:\\\/\\\/www.rucashk.com\\\/es\\\/producto\\\/tecno-p704a-smartphone\\\/#webpage\",\"url\":\"https:\\\/\\\/www.rucashk.com\\\/es\\\/producto\\\/tecno-p704a-smartphone\\\/\",\"name\":\"Tecno p704a Smartphone - Rucas - Wholesale and Distribution\",\"description\":\"0 Inch Screen 5000mAh Battery 32GB ROM + 2GB RAM Dual SIM Support 4G LTE Android 10 5MP Rear + 5MP Front Camera OTG Support\",\"inLanguage\":\"es-ES\",\"isPartOf\":{\"@id\":\"https:\\\/\\\/www.rucashk.com\\\/es\\\/#website\"},\"breadcrumb\":{\"@id\":\"https:\\\/\\\/www.rucashk.com\\\/es\\\/producto\\\/tecno-p704a-smartphone\\\/#breadcrumblist\"},\"author\":{\"@id\":\"https:\\\/\\\/www.rucashk.com\\\/es\\\/author\\\/admin\\\/#author\"},\"creator\":{\"@id\":\"https:\\\/\\\/www.rucashk.com\\\/es\\\/author\\\/admin\\\/#author\"},\"image\":{\"@type\":\"ImageObject\",\"url\":\"https:\\\/\\\/www.rucashk.com\\\/wp-content\\\/uploads\\\/2024\\\/01\\\/Tecno-p704a.jpg\",\"@id\":\"https:\\\/\\\/www.rucashk.com\\\/es\\\/producto\\\/tecno-p704a-smartphone\\\/#mainImage\",\"width\":800,\"height\":800},\"primaryImageOfPage\":{\"@id\":\"https:\\\/\\\/www.rucashk.com\\\/es\\\/producto\\\/tecno-p704a-smartphone\\\/#mainImage\"},\"datePublished\":\"2024-01-09T16:20:34+00:00\",\"dateModified\":\"2024-01-23T09:56:56+00:00\"},{\"@type\":\"WebSite\",\"@id\":\"https:\\\/\\\/www.rucashk.com\\\/es\\\/#website\",\"url\":\"https:\\\/\\\/www.rucashk.com\\\/es\\\/\",\"name\":\"Rucas - Wholesale and distribution worldwide\",\"alternateName\":\"Rucas - One-stop AIoT Distribution Worldwide\",\"description\":\"One-stop AIoT Distribution Worldwide\",\"inLanguage\":\"es-ES\",\"publisher\":{\"@id\":\"https:\\\/\\\/www.rucashk.com\\\/es\\\/#organization\"}}]}\n\t\t<\/script>\n\t\t<!-- All in One SEO Pro -->\r\n\t\t<title>Tecno p704a Smartphone - Rucas - Wholesale and Distribution<\/title>\n\n","aioseo_head_json":{"title":"Tecno p704a Smartphone - Rucas - Wholesale and Distribution","description":"0 Inch Screen 5000mAh Battery 32GB ROM + 2GB RAM Dual SIM Support 4G LTE Android 10 5MP Rear + 5MP Front Camera OTG Support","canonical_url":"https:\/\/www.rucashk.com\/es\/producto\/tecno-p704a-smartphone\/","robots":"max-image-preview:large","keywords":"","webmasterTools":{"miscellaneous":""},"og:locale":"es_ES","og:site_name":"Rucas - One-stop AIoT Distribution Worldwide","og:type":"article","og:title":"Tecno p704a Smartphone - Rucas - Wholesale and Distribution","og:description":"0 Inch Screen 5000mAh Battery 32GB ROM + 2GB RAM Dual SIM Support 4G LTE Android 10 5MP Rear + 5MP Front Camera OTG Support","og:url":"https:\/\/www.rucashk.com\/es\/producto\/tecno-p704a-smartphone\/","og:image":"https:\/\/www.rucashk.com\/wp-content\/uploads\/replace\/503b8e645f128a97ccde2b6290747646.jpeg","og:image:secure_url":"https:\/\/www.rucashk.com\/wp-content\/uploads\/replace\/503b8e645f128a97ccde2b6290747646.jpeg","og:image:width":1456,"og:image:height":816,"article:published_time":"2024-01-09T16:20:34+00:00","article:modified_time":"2024-01-23T09:56:56+00:00","twitter:card":"summary_large_image","twitter:title":"Tecno p704a Smartphone - Rucas - Wholesale and Distribution","twitter:description":"0 Inch Screen 5000mAh Battery 32GB ROM + 2GB RAM Dual SIM Support 4G LTE Android 10 5MP Rear + 5MP Front Camera OTG Support","twitter:image":"https:\/\/www.rucashk.com\/wp-content\/uploads\/replace\/503b8e645f128a97ccde2b6290747646.jpeg","schema":{"@context":"https:\/\/schema.org","@graph":[{"@type":"BreadcrumbList","@id":"https:\/\/www.rucashk.com\/es\/producto\/tecno-p704a-smartphone\/#breadcrumblist","itemListElement":[{"@type":"ListItem","@id":"https:\/\/www.rucashk.com\/es\/#listItem","position":1,"name":"Home","item":"https:\/\/www.rucashk.com\/es\/","nextItem":"https:\/\/www.rucashk.com\/es\/producto\/tecno-p704a-smartphone\/#listItem"},{"@type":"ListItem","@id":"https:\/\/www.rucashk.com\/es\/producto\/tecno-p704a-smartphone\/#listItem","position":2,"name":"Tecno p704a Smartphone","previousItem":"https:\/\/www.rucashk.com\/es\/#listItem"}]},{"@type":"Organization","@id":"https:\/\/www.rucashk.com\/es\/#organization","name":"Rucas","url":"https:\/\/www.rucashk.com\/es\/","logo":{"@type":"ImageObject","url":"https:\/\/www.rucashk.com\/wp-content\/uploads\/2023\/12\/Rucas_campany_logo.png","@id":"https:\/\/www.rucashk.com\/es\/producto\/tecno-p704a-smartphone\/#organizationLogo","width":221,"height":65},"image":{"@id":"https:\/\/www.rucashk.com\/es\/#organizationLogo"}},{"@type":"Person","@id":"https:\/\/www.rucashk.com\/es\/author\/admin\/#author","url":"https:\/\/www.rucashk.com\/es\/author\/admin\/","name":"admin","image":{"@type":"ImageObject","@id":"https:\/\/www.rucashk.com\/es\/producto\/tecno-p704a-smartphone\/#authorImage","url":"https:\/\/secure.gravatar.com\/avatar\/b7c8925b09a27e72b30232f8ecaadbd5af0f70a38c78096863fe51b64f031c24?s=96&d=mm&r=g","width":96,"height":96,"caption":"admin"}},{"@type":"WebPage","@id":"https:\/\/www.rucashk.com\/es\/producto\/tecno-p704a-smartphone\/#webpage","url":"https:\/\/www.rucashk.com\/es\/producto\/tecno-p704a-smartphone\/","name":"Tecno p704a Smartphone - Rucas - Wholesale and Distribution","description":"0 Inch Screen 5000mAh Battery 32GB ROM + 2GB RAM Dual SIM Support 4G LTE Android 10 5MP Rear + 5MP Front Camera OTG Support","inLanguage":"es-ES","isPartOf":{"@id":"https:\/\/www.rucashk.com\/es\/#website"},"breadcrumb":{"@id":"https:\/\/www.rucashk.com\/es\/producto\/tecno-p704a-smartphone\/#breadcrumblist"},"author":{"@id":"https:\/\/www.rucashk.com\/es\/author\/admin\/#author"},"creator":{"@id":"https:\/\/www.rucashk.com\/es\/author\/admin\/#author"},"image":{"@type":"ImageObject","url":"https:\/\/www.rucashk.com\/wp-content\/uploads\/2024\/01\/Tecno-p704a.jpg","@id":"https:\/\/www.rucashk.com\/es\/producto\/tecno-p704a-smartphone\/#mainImage","width":800,"height":800},"primaryImageOfPage":{"@id":"https:\/\/www.rucashk.com\/es\/producto\/tecno-p704a-smartphone\/#mainImage"},"datePublished":"2024-01-09T16:20:34+00:00","dateModified":"2024-01-23T09:56:56+00:00"},{"@type":"WebSite","@id":"https:\/\/www.rucashk.com\/es\/#website","url":"https:\/\/www.rucashk.com\/es\/","name":"Rucas - Wholesale and distribution worldwide","alternateName":"Rucas - One-stop AIoT Distribution Worldwide","description":"One-stop AIoT Distribution Worldwide","inLanguage":"es-ES","publisher":{"@id":"https:\/\/www.rucashk.com\/es\/#organization"}}]}},"aioseo_meta_data":{"post_id":"25725","title":null,"description":null,"keywords":null,"keyphrases":null,"primary_term":null,"canonical_url":null,"og_title":null,"og_description":null,"og_object_type":"default","og_image_type":"default","og_image_url":null,"og_image_width":null,"og_image_height":null,"og_image_custom_url":null,"og_image_custom_fields":null,"og_video":null,"og_custom_url":null,"og_article_section":null,"og_article_tags":null,"twitter_use_og":false,"twitter_card":"default","twitter_image_type":"default","twitter_image_url":null,"twitter_image_custom_url":null,"twitter_image_custom_fields":null,"twitter_title":null,"twitter_description":null,"schema":{"blockGraphs":[],"customGraphs":[],"default":{"data":{"Article":[],"Course":[],"Dataset":[],"FAQPage":[],"Movie":[],"Person":[],"Product":[],"Recipe":[],"Service":[],"SoftwareApplication":[],"WebPage":[]},"graphName":"","isEnabled":true},"graphs":[]},"schema_type":"default","schema_type_options":null,"pillar_content":false,"robots_default":true,"robots_noindex":false,"robots_noarchive":false,"robots_nosnippet":false,"robots_nofollow":false,"robots_noimageindex":false,"robots_noodp":false,"robots_notranslate":false,"robots_max_snippet":null,"robots_max_videopreview":null,"robots_max_imagepreview":"large","priority":null,"frequency":null,"local_seo":null,"breadcrumb_settings":null,"limit_modified_date":false,"created":"2024-04-11 01:57:19","updated":"2025-06-22 18:00:04"},"aioseo_breadcrumb":"<div class=\"aioseo-breadcrumbs\"><span class=\"aioseo-breadcrumb\">\n\t<a href=\"https:\/\/www.rucashk.com\/es\" title=\"Home\">Home<\/a>\n<\/span><span class=\"aioseo-breadcrumb-separator\">&raquo;<\/span><span class=\"aioseo-breadcrumb\">\n\t<a href=\"https:\/\/www.rucashk.com\/es\/products\/\" title=\"Productos\">Productos<\/a>\n<\/span><span class=\"aioseo-breadcrumb-separator\">&raquo;<\/span><span class=\"aioseo-breadcrumb\">\n\t<a href=\"https:\/\/www.rucashk.com\/es\/categoria-producto\/mobile-phone\/\" title=\"Mobile Phone\">Mobile Phone<\/a>\n<\/span><span class=\"aioseo-breadcrumb-separator\">&raquo;<\/span><span class=\"aioseo-breadcrumb\">\n\t<a href=\"https:\/\/www.rucashk.com\/es\/categoria-producto\/mobile-phone\/tecno-mobile-phone\/\" title=\"Tecno\">Tecno<\/a>\n<\/span><span class=\"aioseo-breadcrumb-separator\">&raquo;<\/span><span class=\"aioseo-breadcrumb\">\n\tTecno p704a Smartphone\n<\/span><\/div>","aioseo_breadcrumb_json":[{"label":"Home","link":"https:\/\/www.rucashk.com\/es"},{"label":"Productos","link":"https:\/\/www.rucashk.com\/es\/products\/"},{"label":"Mobile Phone","link":"https:\/\/www.rucashk.com\/es\/categoria-producto\/mobile-phone\/"},{"label":"Tecno","link":"https:\/\/www.rucashk.com\/es\/categoria-producto\/mobile-phone\/tecno-mobile-phone\/"},{"label":"Tecno p704a Smartphone","link":"https:\/\/www.rucashk.com\/es\/producto\/tecno-p704a-smartphone\/"}],"_links":{"self":[{"href":"https:\/\/www.rucashk.com\/es\/wp-json\/wp\/v2\/product\/25725","targetHints":{"allow":["GET"]}}],"collection":[{"href":"https:\/\/www.rucashk.com\/es\/wp-json\/wp\/v2\/product"}],"about":[{"href":"https:\/\/www.rucashk.com\/es\/wp-json\/wp\/v2\/types\/product"}],"wp:featuredmedia":[{"embeddable":true,"href":"https:\/\/www.rucashk.com\/es\/wp-json\/wp\/v2\/media\/25857"}],"wp:attachment":[{"href":"https:\/\/www.rucashk.com\/es\/wp-json\/wp\/v2\/media?parent=25725"}],"wp:term":[{"taxonomy":"product_brand","embeddable":true,"href":"https:\/\/www.rucashk.com\/es\/wp-json\/wp\/v2\/product_brand?post=25725"},{"taxonomy":"product_cat","embeddable":true,"href":"https:\/\/www.rucashk.com\/es\/wp-json\/wp\/v2\/product_cat?post=25725"},{"taxonomy":"product_tag","embeddable":true,"href":"https:\/\/www.rucashk.com\/es\/wp-json\/wp\/v2\/product_tag?post=25725"}],"curies":[{"name":"wp","href":"https:\/\/api.w.org\/{rel}","templated":true}]}}