{"id":25723,"date":"2024-01-09T16:20:33","date_gmt":"2024-01-09T16:20:33","guid":{"rendered":"http:\/\/rucashk.com\/?post_type=product&#038;p=25723"},"modified":"2024-01-23T09:58:28","modified_gmt":"2024-01-23T09:58:28","slug":"tecno-spark-5-smartphone","status":"publish","type":"product","link":"https:\/\/www.rucashk.com\/es\/producto\/tecno-spark-5-smartphone\/","title":{"rendered":"Smartphone Tecno Spark 5"},"content":{"rendered":"<div class=\"celwidget aplus-module 3p-module-b aplus-standard\" data-csa-c-id=\"f992gj-jqc1n-69onk3-ray8rt\" data-cel-widget=\"aplus-3p-module-b\">\n<div class=\"aplus-module-wrapper aplus-3p-fixed-width\">\n<h3 class=\"a-spacing-mini\" style=\"text-align: center\">Primera gran pantalla completa Dot-In de 6,6\u2033 para entretenimiento Funtastic por debajo de 8k<\/h3>\n<h3 class=\"a-spacing-mini\" style=\"text-align: center\"><img fetchpriority=\"high\" decoding=\"async\" class=\"a-spacing-base aligncenter\" style=\"font-size: 16px\" src=\"https:\/\/www.rucashk.com\/wp-content\/uploads\/2021\/09\/abd7b4e8-2e70-4782-827d-4980f36816c3.__CR0311464906_PT0_SX970_V1___.jpg\" alt=\"Tecno spark 5 Smartphone\" width=\"970\" height=\"600\" data-src=\"https:\/\/www.rucashk.com\/wp-content\/uploads\/2021\/09\/abd7b4e8-2e70-4782-827d-4980f36816c3.__CR0311464906_PT0_SX970_V1___.jpg\" \/><\/h3>\n<p class=\"a-spacing-base\" style=\"text-align: center\"><span class=\"a-text-italic\">SPARK 5 viene con un dise\u00f1o de puntos premium. Cuenta con una pantalla grande de alta definici\u00f3n con una gran relaci\u00f3n de pantalla a cuerpo de 90.2% y un bisel m\u00e1s delgado con una relaci\u00f3n de aspecto m\u00e1s amplia de 20:9.\u00a0<\/span>La pantalla inmersiva agregar\u00e1 una nueva chispa a su experiencia de ver pel\u00edculas y jugar. Entonces, disfruta de tu entretenimiento FUNTASTIC en cualquier momento y en cualquier lugar.<\/p>\n<\/div>\n<\/div>\n<div class=\"celwidget aplus-module 3p-module-b aplus-standard\" style=\"text-align: center\" data-csa-c-id=\"4c0dl-p9x8xf-ft7i9k-nqhkeq\" data-cel-widget=\"aplus-3p-module-b\">\n<div class=\"aplus-module-wrapper aplus-3p-fixed-width\">\n<h3 class=\"a-spacing-mini\">El poder de 4: uno y solo para tener una c\u00e1mara trasera cu\u00e1druple AI de 13MP para fotograf\u00eda Funtastic en el segmento 8K<\/h3>\n<p><img decoding=\"async\" class=\"a-spacing-base aligncenter\" src=\"https:\/\/www.rucashk.com\/wp-content\/uploads\/2021\/09\/4a7395f3-8131-42e1-a229-3df7861214e0.__CR0311464906_PT0_SX970_V1___.jpg\" alt=\"Tecno spark 5 Smartphone\" width=\"970\" height=\"600\" data-src=\"https:\/\/www.rucashk.com\/wp-content\/uploads\/2021\/09\/4a7395f3-8131-42e1-a229-3df7861214e0.__CR0311464906_PT0_SX970_V1___.jpg\" \/><\/p>\n<p class=\"a-spacing-base\">SPARK 5 es el \u00fanico segmento que tiene una fant\u00e1stica c\u00e1mara trasera cu\u00e1druple AI de 13MP con flash cu\u00e1druple, que convertir\u00eda su imagen en un momento fascinante con el poder de la IA y una gran apertura F1.8. Tiene m\u00faltiples modos incorporados como Macro para capturar detalles minuciosos desde una distancia de 4 cm y Bokeh para enfocarte. Entonces, ahora s\u00e9 la comidilla de la ciudad con tus fant\u00e1sticas habilidades fotogr\u00e1ficas.<\/p>\n<\/div>\n<\/div>\n<div class=\"celwidget aplus-module 3p-module-b aplus-standard\" style=\"text-align: center\" data-csa-c-id=\"dj2dob-1oczig-bnn2q-qf2l69\" data-cel-widget=\"aplus-3p-module-b\">\n<div class=\"aplus-module-wrapper aplus-3p-fixed-width\">\n<h3 class=\"a-spacing-mini\">Sensor de huellas dactilares inteligente antiaceite para mayor seguridad<\/h3>\n<p><img decoding=\"async\" class=\"a-spacing-base aligncenter\" src=\"https:\/\/www.rucashk.com\/wp-content\/uploads\/2021\/09\/0cb8e758-3c64-455d-b383-e59339e957b4.__CR0311464906_PT0_SX970_V1___.jpg\" alt=\"Tecno spark 5 Smartphone\" width=\"970\" height=\"600\" data-src=\"https:\/\/www.rucashk.com\/wp-content\/uploads\/2021\/09\/0cb8e758-3c64-455d-b383-e59339e957b4.__CR0311464906_PT0_SX970_V1___.jpg\" \/><\/p>\n<p class=\"a-spacing-base\">Es dif\u00edcil encontrar un dispositivo con sensor de huellas dactilares en el segmento de menos de 8k, pero no te preocupes m\u00e1s con Spark 5, ya que viene con seguridad mejorada con el sensor de huellas dactilares antiaceite, que desbloquea el dispositivo en solo 0,27 segundos. Tambi\u00e9n puede realizar otras funciones como aceptar llamadas, grabar llamadas, hacer clic en im\u00e1genes y descartar alarmas. Entonces, tenga la seguridad de que ahora SPARK 5 est\u00e1 completamente cargado de seguridad.<\/p>\n<\/div>\n<\/div>\n<div class=\"celwidget aplus-module 3p-module-b aplus-standard\" style=\"text-align: center\" data-csa-c-id=\"2sshpm-2z92k-ri47h0-tbc55j\" data-cel-widget=\"aplus-3p-module-b\">\n<div class=\"aplus-module-wrapper aplus-3p-fixed-width\">\n<h3 class=\"a-spacing-mini\">Potente bater\u00eda de 5000 mAh suficiente para uso durante todo el d\u00eda con funci\u00f3n \u00fanica de carga segura<\/h3>\n<p><img loading=\"lazy\" decoding=\"async\" class=\"a-spacing-base aligncenter\" src=\"https:\/\/www.rucashk.com\/wp-content\/uploads\/2021\/09\/bf7e2a30-7eba-4b4d-b5d4-282a7e11037f.__CR0311464906_PT0_SX970_V1___.jpg\" alt=\"Tecno spark 5 Smartphone\" width=\"970\" height=\"600\" data-src=\"https:\/\/www.rucashk.com\/wp-content\/uploads\/2021\/09\/bf7e2a30-7eba-4b4d-b5d4-282a7e11037f.__CR0311464906_PT0_SX970_V1___.jpg\" \/><\/p>\n<p class=\"a-spacing-base\">Un ajuste perfecto para aquellos que son usuarios habituales. Mire videos, juegue juegos, tome fotograf\u00edas, grabe videos, navegue por Internet, compre en l\u00ednea, escuche m\u00fasica y mucho m\u00e1s con una bater\u00eda de alta capacidad de 5000 mAh y una funci\u00f3n de carga segura para evitar sobrecargas y da\u00f1os a la bater\u00eda. Entonces, es hora de llevar una vida divertida.<\/p>\n<\/div>\n<\/div>\n<div class=\"celwidget aplus-module 3p-module-b aplus-standard\" data-csa-c-id=\"mhvyrd-tscsrr-swequ2-fst3ee\" data-cel-widget=\"aplus-3p-module-b\">\n<div class=\"aplus-module-wrapper aplus-3p-fixed-width\">\n<h3 class=\"a-spacing-mini\" style=\"text-align: center\">Una exclusiva c\u00e1mara para selfies con inteligencia artificial debajo de la pantalla de 8 MP para hermosos selfies<\/h3>\n<p><img loading=\"lazy\" decoding=\"async\" class=\"a-spacing-base aligncenter\" src=\"https:\/\/www.rucashk.com\/wp-content\/uploads\/2021\/09\/79fb036e-6ff0-4e16-8a54-936ffbacc47e.__CR0311464906_PT0_SX970_V1___.jpg\" alt=\"Tecno spark 5 Smartphone\" width=\"970\" height=\"600\" data-src=\"https:\/\/www.rucashk.com\/wp-content\/uploads\/2021\/09\/79fb036e-6ff0-4e16-8a54-936ffbacc47e.__CR0311464906_PT0_SX970_V1___.jpg\" \/><\/p>\n<p>&nbsp;<\/p>\n<p style=\"text-align: center\">Rucas, distribuidor l\u00edder de xiaomi en Hong Kong.<br \/>\nCentr\u00e1ndose en productos de accesorios ecol\u00f3gicos de una marca de China, como Amazfit, Haylou, Ninebot, Roborock, Dreame, Imilab, 70Mai, Deerma. Mantenemos cientos de SKU de Xiaomi con stock en el almac\u00e9n de HK y Shenzhen de manera estable para lograr el menor plazo de entrega.<\/p>\n<\/div>\n<\/div>","protected":false},"excerpt":{"rendered":"<ul>\n<li>RENDIMIENTO: MediaTek Helio A22<\/li>\n<li>DISPLAY: 6.6&#8243; (16.76 cm)<\/li>\n<li>C\u00c1MARA: 13MP + 2MP + 2MP<\/li>\n<li>BATER\u00cdA: 5000 mA<\/li>\n<\/ul>","protected":false},"featured_media":25851,"template":"","meta":[],"product_brand":[],"product_cat":[1295,1303],"product_tag":[],"class_list":{"0":"post-25723","1":"product","2":"type-product","3":"status-publish","4":"has-post-thumbnail","6":"product_cat-mobile-phone","7":"product_cat-tecno-mobile-phone","9":"first","10":"instock","11":"shipping-taxable","12":"product-type-simple"},"aioseo_notices":[],"aioseo_head":"\n\t\t<!-- All in One SEO Pro 4.5.9.2 - aioseo.com -->\n\t\t<meta name=\"description\" content=\"PERFORMANCE: MediaTek Helio A22 DISPLAY: 6.6&quot; (16.76 cm) CAMERA: 13MP + 2MP + 2MP BATTERY: 5000 mA\" \/>\n\t\t<meta name=\"robots\" content=\"max-image-preview:large\" \/>\n\t\t<link rel=\"canonical\" href=\"https:\/\/www.rucashk.com\/es\/producto\/tecno-spark-5-smartphone\/\" \/>\n\t\t<meta name=\"generator\" content=\"All in One SEO Pro (AIOSEO) 4.5.9.2\" \/>\n\t\t<meta property=\"og:locale\" content=\"es_ES\" \/>\n\t\t<meta property=\"og:site_name\" content=\"Rucas - One-stop AIoT Distribution Worldwide\" \/>\n\t\t<meta property=\"og:type\" content=\"article\" \/>\n\t\t<meta property=\"og:title\" content=\"Tecno spark 5 Smartphone - Rucas - Wholesale and Distribution\" \/>\n\t\t<meta property=\"og:description\" content=\"PERFORMANCE: MediaTek Helio A22 DISPLAY: 6.6&quot; (16.76 cm) CAMERA: 13MP + 2MP + 2MP BATTERY: 5000 mA\" \/>\n\t\t<meta property=\"og:url\" content=\"https:\/\/www.rucashk.com\/es\/producto\/tecno-spark-5-smartphone\/\" \/>\n\t\t<meta property=\"og:image\" content=\"https:\/\/www.rucashk.com\/wp-content\/uploads\/replace\/503b8e645f128a97ccde2b6290747646.jpeg\" \/>\n\t\t<meta property=\"og:image:secure_url\" content=\"https:\/\/www.rucashk.com\/wp-content\/uploads\/replace\/503b8e645f128a97ccde2b6290747646.jpeg\" \/>\n\t\t<meta property=\"og:image:width\" content=\"1456\" \/>\n\t\t<meta property=\"og:image:height\" content=\"816\" \/>\n\t\t<meta property=\"article:published_time\" content=\"2024-01-09T16:20:33+00:00\" \/>\n\t\t<meta property=\"article:modified_time\" content=\"2024-01-23T09:58:28+00:00\" \/>\n\t\t<meta name=\"twitter:card\" content=\"summary_large_image\" \/>\n\t\t<meta name=\"twitter:title\" content=\"Tecno spark 5 Smartphone - Rucas - Wholesale and Distribution\" \/>\n\t\t<meta name=\"twitter:description\" content=\"PERFORMANCE: MediaTek Helio A22 DISPLAY: 6.6&quot; (16.76 cm) CAMERA: 13MP + 2MP + 2MP BATTERY: 5000 mA\" \/>\n\t\t<meta name=\"twitter:image\" content=\"https:\/\/www.rucashk.com\/wp-content\/uploads\/replace\/503b8e645f128a97ccde2b6290747646.jpeg\" \/>\n\t\t<script type=\"application\/ld+json\" class=\"aioseo-schema\">\n\t\t\t{\"@context\":\"https:\\\/\\\/schema.org\",\"@graph\":[{\"@type\":\"BreadcrumbList\",\"@id\":\"https:\\\/\\\/www.rucashk.com\\\/es\\\/producto\\\/tecno-spark-5-smartphone\\\/#breadcrumblist\",\"itemListElement\":[{\"@type\":\"ListItem\",\"@id\":\"https:\\\/\\\/www.rucashk.com\\\/es\\\/#listItem\",\"position\":1,\"name\":\"Home\",\"item\":\"https:\\\/\\\/www.rucashk.com\\\/es\\\/\",\"nextItem\":\"https:\\\/\\\/www.rucashk.com\\\/es\\\/producto\\\/tecno-spark-5-smartphone\\\/#listItem\"},{\"@type\":\"ListItem\",\"@id\":\"https:\\\/\\\/www.rucashk.com\\\/es\\\/producto\\\/tecno-spark-5-smartphone\\\/#listItem\",\"position\":2,\"name\":\"Tecno spark 5 Smartphone\",\"previousItem\":\"https:\\\/\\\/www.rucashk.com\\\/es\\\/#listItem\"}]},{\"@type\":\"Organization\",\"@id\":\"https:\\\/\\\/www.rucashk.com\\\/es\\\/#organization\",\"name\":\"Rucas\",\"url\":\"https:\\\/\\\/www.rucashk.com\\\/es\\\/\",\"logo\":{\"@type\":\"ImageObject\",\"url\":\"https:\\\/\\\/www.rucashk.com\\\/wp-content\\\/uploads\\\/2023\\\/12\\\/Rucas_campany_logo.png\",\"@id\":\"https:\\\/\\\/www.rucashk.com\\\/es\\\/producto\\\/tecno-spark-5-smartphone\\\/#organizationLogo\",\"width\":221,\"height\":65},\"image\":{\"@id\":\"https:\\\/\\\/www.rucashk.com\\\/es\\\/#organizationLogo\"}},{\"@type\":\"Person\",\"@id\":\"https:\\\/\\\/www.rucashk.com\\\/es\\\/author\\\/admin\\\/#author\",\"url\":\"https:\\\/\\\/www.rucashk.com\\\/es\\\/author\\\/admin\\\/\",\"name\":\"admin\",\"image\":{\"@type\":\"ImageObject\",\"@id\":\"https:\\\/\\\/www.rucashk.com\\\/es\\\/producto\\\/tecno-spark-5-smartphone\\\/#authorImage\",\"url\":\"https:\\\/\\\/secure.gravatar.com\\\/avatar\\\/b7c8925b09a27e72b30232f8ecaadbd5af0f70a38c78096863fe51b64f031c24?s=96&d=mm&r=g\",\"width\":96,\"height\":96,\"caption\":\"admin\"}},{\"@type\":\"WebPage\",\"@id\":\"https:\\\/\\\/www.rucashk.com\\\/es\\\/producto\\\/tecno-spark-5-smartphone\\\/#webpage\",\"url\":\"https:\\\/\\\/www.rucashk.com\\\/es\\\/producto\\\/tecno-spark-5-smartphone\\\/\",\"name\":\"Tecno spark 5 Smartphone - Rucas - Wholesale and Distribution\",\"description\":\"PERFORMANCE: MediaTek Helio A22 DISPLAY: 6.6\\\" (16.76 cm) CAMERA: 13MP + 2MP + 2MP BATTERY: 5000 mA\",\"inLanguage\":\"es-ES\",\"isPartOf\":{\"@id\":\"https:\\\/\\\/www.rucashk.com\\\/es\\\/#website\"},\"breadcrumb\":{\"@id\":\"https:\\\/\\\/www.rucashk.com\\\/es\\\/producto\\\/tecno-spark-5-smartphone\\\/#breadcrumblist\"},\"author\":{\"@id\":\"https:\\\/\\\/www.rucashk.com\\\/es\\\/author\\\/admin\\\/#author\"},\"creator\":{\"@id\":\"https:\\\/\\\/www.rucashk.com\\\/es\\\/author\\\/admin\\\/#author\"},\"image\":{\"@type\":\"ImageObject\",\"url\":\"https:\\\/\\\/www.rucashk.com\\\/wp-content\\\/uploads\\\/2024\\\/01\\\/Tecno-spark-5.jpg\",\"@id\":\"https:\\\/\\\/www.rucashk.com\\\/es\\\/producto\\\/tecno-spark-5-smartphone\\\/#mainImage\",\"width\":800,\"height\":800},\"primaryImageOfPage\":{\"@id\":\"https:\\\/\\\/www.rucashk.com\\\/es\\\/producto\\\/tecno-spark-5-smartphone\\\/#mainImage\"},\"datePublished\":\"2024-01-09T16:20:33+00:00\",\"dateModified\":\"2024-01-23T09:58:28+00:00\"},{\"@type\":\"WebSite\",\"@id\":\"https:\\\/\\\/www.rucashk.com\\\/es\\\/#website\",\"url\":\"https:\\\/\\\/www.rucashk.com\\\/es\\\/\",\"name\":\"Rucas - Wholesale and distribution worldwide\",\"alternateName\":\"Rucas - One-stop AIoT Distribution Worldwide\",\"description\":\"One-stop AIoT Distribution Worldwide\",\"inLanguage\":\"es-ES\",\"publisher\":{\"@id\":\"https:\\\/\\\/www.rucashk.com\\\/es\\\/#organization\"}}]}\n\t\t<\/script>\n\t\t<!-- All in One SEO Pro -->\r\n\t\t<title>Tecno spark 5 Smartphone - Rucas - Wholesale and Distribution<\/title>\n\n","aioseo_head_json":{"title":"Tecno spark 5 Smartphone - Rucas - Wholesale and Distribution","description":"PERFORMANCE: MediaTek Helio A22 DISPLAY: 6.6\" (16.76 cm) CAMERA: 13MP + 2MP + 2MP BATTERY: 5000 mA","canonical_url":"https:\/\/www.rucashk.com\/es\/producto\/tecno-spark-5-smartphone\/","robots":"max-image-preview:large","keywords":"","webmasterTools":{"miscellaneous":""},"og:locale":"es_ES","og:site_name":"Rucas - One-stop AIoT Distribution Worldwide","og:type":"article","og:title":"Tecno spark 5 Smartphone - Rucas - Wholesale and Distribution","og:description":"PERFORMANCE: MediaTek Helio A22 DISPLAY: 6.6&quot; (16.76 cm) CAMERA: 13MP + 2MP + 2MP BATTERY: 5000 mA","og:url":"https:\/\/www.rucashk.com\/es\/producto\/tecno-spark-5-smartphone\/","og:image":"https:\/\/www.rucashk.com\/wp-content\/uploads\/replace\/503b8e645f128a97ccde2b6290747646.jpeg","og:image:secure_url":"https:\/\/www.rucashk.com\/wp-content\/uploads\/replace\/503b8e645f128a97ccde2b6290747646.jpeg","og:image:width":1456,"og:image:height":816,"article:published_time":"2024-01-09T16:20:33+00:00","article:modified_time":"2024-01-23T09:58:28+00:00","twitter:card":"summary_large_image","twitter:title":"Tecno spark 5 Smartphone - Rucas - Wholesale and Distribution","twitter:description":"PERFORMANCE: MediaTek Helio A22 DISPLAY: 6.6&quot; (16.76 cm) CAMERA: 13MP + 2MP + 2MP BATTERY: 5000 mA","twitter:image":"https:\/\/www.rucashk.com\/wp-content\/uploads\/replace\/503b8e645f128a97ccde2b6290747646.jpeg","schema":{"@context":"https:\/\/schema.org","@graph":[{"@type":"BreadcrumbList","@id":"https:\/\/www.rucashk.com\/es\/producto\/tecno-spark-5-smartphone\/#breadcrumblist","itemListElement":[{"@type":"ListItem","@id":"https:\/\/www.rucashk.com\/es\/#listItem","position":1,"name":"Home","item":"https:\/\/www.rucashk.com\/es\/","nextItem":"https:\/\/www.rucashk.com\/es\/producto\/tecno-spark-5-smartphone\/#listItem"},{"@type":"ListItem","@id":"https:\/\/www.rucashk.com\/es\/producto\/tecno-spark-5-smartphone\/#listItem","position":2,"name":"Tecno spark 5 Smartphone","previousItem":"https:\/\/www.rucashk.com\/es\/#listItem"}]},{"@type":"Organization","@id":"https:\/\/www.rucashk.com\/es\/#organization","name":"Rucas","url":"https:\/\/www.rucashk.com\/es\/","logo":{"@type":"ImageObject","url":"https:\/\/www.rucashk.com\/wp-content\/uploads\/2023\/12\/Rucas_campany_logo.png","@id":"https:\/\/www.rucashk.com\/es\/producto\/tecno-spark-5-smartphone\/#organizationLogo","width":221,"height":65},"image":{"@id":"https:\/\/www.rucashk.com\/es\/#organizationLogo"}},{"@type":"Person","@id":"https:\/\/www.rucashk.com\/es\/author\/admin\/#author","url":"https:\/\/www.rucashk.com\/es\/author\/admin\/","name":"admin","image":{"@type":"ImageObject","@id":"https:\/\/www.rucashk.com\/es\/producto\/tecno-spark-5-smartphone\/#authorImage","url":"https:\/\/secure.gravatar.com\/avatar\/b7c8925b09a27e72b30232f8ecaadbd5af0f70a38c78096863fe51b64f031c24?s=96&d=mm&r=g","width":96,"height":96,"caption":"admin"}},{"@type":"WebPage","@id":"https:\/\/www.rucashk.com\/es\/producto\/tecno-spark-5-smartphone\/#webpage","url":"https:\/\/www.rucashk.com\/es\/producto\/tecno-spark-5-smartphone\/","name":"Tecno spark 5 Smartphone - Rucas - Wholesale and Distribution","description":"PERFORMANCE: MediaTek Helio A22 DISPLAY: 6.6\" (16.76 cm) CAMERA: 13MP + 2MP + 2MP BATTERY: 5000 mA","inLanguage":"es-ES","isPartOf":{"@id":"https:\/\/www.rucashk.com\/es\/#website"},"breadcrumb":{"@id":"https:\/\/www.rucashk.com\/es\/producto\/tecno-spark-5-smartphone\/#breadcrumblist"},"author":{"@id":"https:\/\/www.rucashk.com\/es\/author\/admin\/#author"},"creator":{"@id":"https:\/\/www.rucashk.com\/es\/author\/admin\/#author"},"image":{"@type":"ImageObject","url":"https:\/\/www.rucashk.com\/wp-content\/uploads\/2024\/01\/Tecno-spark-5.jpg","@id":"https:\/\/www.rucashk.com\/es\/producto\/tecno-spark-5-smartphone\/#mainImage","width":800,"height":800},"primaryImageOfPage":{"@id":"https:\/\/www.rucashk.com\/es\/producto\/tecno-spark-5-smartphone\/#mainImage"},"datePublished":"2024-01-09T16:20:33+00:00","dateModified":"2024-01-23T09:58:28+00:00"},{"@type":"WebSite","@id":"https:\/\/www.rucashk.com\/es\/#website","url":"https:\/\/www.rucashk.com\/es\/","name":"Rucas - Wholesale and distribution worldwide","alternateName":"Rucas - One-stop AIoT Distribution Worldwide","description":"One-stop AIoT Distribution Worldwide","inLanguage":"es-ES","publisher":{"@id":"https:\/\/www.rucashk.com\/es\/#organization"}}]}},"aioseo_meta_data":{"post_id":"25723","title":null,"description":null,"keywords":null,"keyphrases":null,"primary_term":null,"canonical_url":null,"og_title":null,"og_description":null,"og_object_type":"default","og_image_type":"default","og_image_url":null,"og_image_width":null,"og_image_height":null,"og_image_custom_url":null,"og_image_custom_fields":null,"og_video":null,"og_custom_url":null,"og_article_section":null,"og_article_tags":null,"twitter_use_og":false,"twitter_card":"default","twitter_image_type":"default","twitter_image_url":null,"twitter_image_custom_url":null,"twitter_image_custom_fields":null,"twitter_title":null,"twitter_description":null,"schema":{"blockGraphs":[],"customGraphs":[],"default":{"data":{"Article":[],"Course":[],"Dataset":[],"FAQPage":[],"Movie":[],"Person":[],"Product":[],"Recipe":[],"Service":[],"SoftwareApplication":[],"WebPage":[]},"graphName":"","isEnabled":true},"graphs":[]},"schema_type":"default","schema_type_options":null,"pillar_content":false,"robots_default":true,"robots_noindex":false,"robots_noarchive":false,"robots_nosnippet":false,"robots_nofollow":false,"robots_noimageindex":false,"robots_noodp":false,"robots_notranslate":false,"robots_max_snippet":null,"robots_max_videopreview":null,"robots_max_imagepreview":"large","priority":null,"frequency":null,"local_seo":null,"breadcrumb_settings":null,"limit_modified_date":false,"created":"2024-04-11 01:57:19","updated":"2025-06-22 18:00:04"},"aioseo_breadcrumb":"<div class=\"aioseo-breadcrumbs\"><span class=\"aioseo-breadcrumb\">\n\t<a href=\"https:\/\/www.rucashk.com\/es\" title=\"Home\">Home<\/a>\n<\/span><span class=\"aioseo-breadcrumb-separator\">&raquo;<\/span><span class=\"aioseo-breadcrumb\">\n\t<a href=\"https:\/\/www.rucashk.com\/es\/products\/\" title=\"Productos\">Productos<\/a>\n<\/span><span class=\"aioseo-breadcrumb-separator\">&raquo;<\/span><span class=\"aioseo-breadcrumb\">\n\t<a href=\"https:\/\/www.rucashk.com\/es\/categoria-producto\/mobile-phone\/\" title=\"Mobile Phone\">Mobile Phone<\/a>\n<\/span><span class=\"aioseo-breadcrumb-separator\">&raquo;<\/span><span class=\"aioseo-breadcrumb\">\n\t<a href=\"https:\/\/www.rucashk.com\/es\/categoria-producto\/mobile-phone\/tecno-mobile-phone\/\" title=\"Tecno\">Tecno<\/a>\n<\/span><span class=\"aioseo-breadcrumb-separator\">&raquo;<\/span><span class=\"aioseo-breadcrumb\">\n\tTecno spark 5 Smartphone\n<\/span><\/div>","aioseo_breadcrumb_json":[{"label":"Home","link":"https:\/\/www.rucashk.com\/es"},{"label":"Productos","link":"https:\/\/www.rucashk.com\/es\/products\/"},{"label":"Mobile Phone","link":"https:\/\/www.rucashk.com\/es\/categoria-producto\/mobile-phone\/"},{"label":"Tecno","link":"https:\/\/www.rucashk.com\/es\/categoria-producto\/mobile-phone\/tecno-mobile-phone\/"},{"label":"Tecno spark 5 Smartphone","link":"https:\/\/www.rucashk.com\/es\/producto\/tecno-spark-5-smartphone\/"}],"_links":{"self":[{"href":"https:\/\/www.rucashk.com\/es\/wp-json\/wp\/v2\/product\/25723","targetHints":{"allow":["GET"]}}],"collection":[{"href":"https:\/\/www.rucashk.com\/es\/wp-json\/wp\/v2\/product"}],"about":[{"href":"https:\/\/www.rucashk.com\/es\/wp-json\/wp\/v2\/types\/product"}],"wp:featuredmedia":[{"embeddable":true,"href":"https:\/\/www.rucashk.com\/es\/wp-json\/wp\/v2\/media\/25851"}],"wp:attachment":[{"href":"https:\/\/www.rucashk.com\/es\/wp-json\/wp\/v2\/media?parent=25723"}],"wp:term":[{"taxonomy":"product_brand","embeddable":true,"href":"https:\/\/www.rucashk.com\/es\/wp-json\/wp\/v2\/product_brand?post=25723"},{"taxonomy":"product_cat","embeddable":true,"href":"https:\/\/www.rucashk.com\/es\/wp-json\/wp\/v2\/product_cat?post=25723"},{"taxonomy":"product_tag","embeddable":true,"href":"https:\/\/www.rucashk.com\/es\/wp-json\/wp\/v2\/product_tag?post=25723"}],"curies":[{"name":"wp","href":"https:\/\/api.w.org\/{rel}","templated":true}]}}