{"id":25722,"date":"2024-01-09T16:20:33","date_gmt":"2024-01-09T16:20:33","guid":{"rendered":"http:\/\/rucashk.com\/?post_type=product&#038;p=25722"},"modified":"2024-01-23T09:58:02","modified_gmt":"2024-01-23T09:58:02","slug":"tecno-spark-7p-smartphone","status":"publish","type":"product","link":"https:\/\/www.rucashk.com\/es\/producto\/tecno-spark-7p-smartphone\/","title":{"rendered":"Smartphone Tecno Spark 7P"},"content":{"rendered":"<div id=\"aps-overview\" class=\"aps-tab-content aps-flat-content\">\n<div class=\"aps-column\">\n<p style=\"text-align: center\"><img fetchpriority=\"high\" decoding=\"async\" class=\"aligncenter\" src=\"https:\/\/www.rucashk.com\/wp-content\/uploads\/2021\/09\/b80b61c1e97916915908174990a3b757.jpg\" alt=\"Tecno Spark 7P Smartphone\" width=\"1920\" height=\"1114\" data-src=\"https:\/\/www.rucashk.com\/wp-content\/uploads\/2021\/09\/b80b61c1e97916915908174990a3b757.jpg\" \/><img decoding=\"async\" class=\"aligncenter\" src=\"https:\/\/www.rucashk.com\/wp-content\/uploads\/2021\/09\/6239d6a77e22b345122d3fc9f9b396e9.jpg\" alt=\"Tecno Spark 7P Smartphone\" width=\"1920\" height=\"777\" data-src=\"https:\/\/www.rucashk.com\/wp-content\/uploads\/2021\/09\/6239d6a77e22b345122d3fc9f9b396e9.jpg\" \/><br \/>\n<b>Negocios al frente, Fiesta atr\u00e1s<\/b><b><br \/>\n<\/b>SPARK 7P re\u00fane formas perfectamente proporcionadas y las mejores funciones de su clase bajo un mismo techo divertido<img decoding=\"async\" class=\"aligncenter\" src=\"https:\/\/www.rucashk.com\/wp-content\/uploads\/2021\/09\/29b2961ae7ff58ff7a92af2e83b2af27.jpg\" alt=\"Tecno Spark 7P Smartphone\" width=\"1920\" height=\"1222\" data-src=\"https:\/\/www.rucashk.com\/wp-content\/uploads\/2021\/09\/29b2961ae7ff58ff7a92af2e83b2af27.jpg\" \/><br \/>\n<b>Cuidado, o se deslizar\u00e1 por la m\u00e1s m\u00ednima grieta.<\/b><b><br \/>\n<\/b>Todo lo que siempre deseas est\u00e1 aqu\u00ed: un cuerpo estilizado y una cintura m\u00e1s delgada. \u00bfQu\u00e9 m\u00e1s podr\u00edas querer?<img loading=\"lazy\" decoding=\"async\" class=\"aligncenter\" src=\"https:\/\/www.rucashk.com\/wp-content\/uploads\/2021\/09\/da375f9309f2f0382cf59705517cf268.jpg\" alt=\"Tecno Spark 7P Smartphone\" width=\"1920\" height=\"866\" data-src=\"https:\/\/www.rucashk.com\/wp-content\/uploads\/2021\/09\/da375f9309f2f0382cf59705517cf268.jpg\" \/><br \/>\n<b>color de ti<\/b><br \/>\nResalta tu personalidad \u00fanica con cuatro colores cautivadores: Summer Mojito; verde abeto; Im\u00e1n negro; Alpes Azules; Para nuestra nueva generaci\u00f3n, el logotipo SPARK est\u00e1 especialmente dise\u00f1ado y muestra el ADN de la Serie 7.<img loading=\"lazy\" decoding=\"async\" class=\"aligncenter\" src=\"https:\/\/www.rucashk.com\/wp-content\/uploads\/2021\/09\/ec66648e365538ca1284d8c85dfc128c.jpg\" alt=\"Tecno Spark 7P Smartphone\" width=\"1920\" height=\"1154\" data-src=\"https:\/\/www.rucashk.com\/wp-content\/uploads\/2021\/09\/ec66648e365538ca1284d8c85dfc128c.jpg\" \/><br \/>\nUn hogar brillante para tus c\u00e1maras triples<br \/>\nUn tel\u00e9fono joven y din\u00e1mico siempre viene con un elegante panel de c\u00e1mara. Fabricadas con t\u00e9cnicas de nivel aeroespacial, sus c\u00e1maras ahora est\u00e1n en buenas manos.<img loading=\"lazy\" decoding=\"async\" class=\"aligncenter\" src=\"https:\/\/www.rucashk.com\/wp-content\/uploads\/2021\/09\/6bba4f3c293f7cfc2067866015fac067.jpg\" alt=\"Tecno Spark 7P Smartphone\" width=\"1920\" height=\"868\" data-src=\"https:\/\/www.rucashk.com\/wp-content\/uploads\/2021\/09\/6bba4f3c293f7cfc2067866015fac067.jpg\" \/><br \/>\nCuanto m\u00e1s grande siempre es mejor<br \/>\nCon nuestra pantalla de borde a borde M\u00c1S GRANDE y MEJOR de 6,8 pulgadas, una experiencia cinematogr\u00e1fica inmersiva est\u00e1 al alcance de tu mano.<img loading=\"lazy\" decoding=\"async\" class=\"aligncenter\" src=\"https:\/\/www.rucashk.com\/wp-content\/uploads\/2021\/09\/7ab159f233cb5baf12a473c6a298caae.jpg\" alt=\"Tecno Spark 7P Smartphone\" width=\"1920\" height=\"1499\" data-src=\"https:\/\/www.rucashk.com\/wp-content\/uploads\/2021\/09\/7ab159f233cb5baf12a473c6a298caae.jpg\" \/><br \/>\nC\u00e1mara triple con IA de 16 MP, adopta un mundo m\u00e1s claro<br \/>\nLa lente AI recientemente agregada ilumina el entorno oscuro general y ha hecho que sea m\u00e1s f\u00e1cil resaltar su sonrisa. Gracias a su poca profundidad de campo, la c\u00e1mara de retratos te convertir\u00e1 en el fot\u00f3grafo profesional de todas tus reuniones familiares.<img loading=\"lazy\" decoding=\"async\" class=\"aligncenter\" src=\"https:\/\/www.rucashk.com\/wp-content\/uploads\/2021\/09\/c8dc1794db564c4b0b42e1c8f9a5eff7.jpg\" alt=\"Tecno Spark 7P Smartphone\" width=\"1920\" height=\"348\" data-src=\"https:\/\/www.rucashk.com\/wp-content\/uploads\/2021\/09\/c8dc1794db564c4b0b42e1c8f9a5eff7.jpg\" \/><br \/>\nSmile SnapshotTime el momento a la perfecci\u00f3n<br \/>\nAI Portrait se enfoca en el rostro y captura la foto cuando ve una sonrisa. Nunca te perder\u00e1s la foto perfecta.<img loading=\"lazy\" decoding=\"async\" class=\"aligncenter\" src=\"https:\/\/www.rucashk.com\/wp-content\/uploads\/2021\/09\/c9a9bdec65c4e74bc615690357da5b28.jpg\" alt=\"Tecno Spark 7P Smartphone\" width=\"1920\" height=\"1073\" data-src=\"https:\/\/www.rucashk.com\/wp-content\/uploads\/2021\/09\/c9a9bdec65c4e74bc615690357da5b28.jpg\" \/><br \/>\nRetrato Nocturno, Tu sonrisa puede iluminar la noche<br \/>\nRetrato nocturno te permite tomar retratos hermosos y v\u00edvidos hasta bien entrada la noche, sin perderte ni un solo detalle. Cu\u00e1ndo lucir tu belleza depende completamente de ti, ya sea de d\u00eda o de noche.<img loading=\"lazy\" decoding=\"async\" class=\"aligncenter\" src=\"https:\/\/www.rucashk.com\/wp-content\/uploads\/2021\/09\/1323c655df49cfcad99adcd7b5d78092.jpg\" alt=\"Tecno Spark 7P Smartphone\" width=\"1920\" height=\"778\" data-src=\"https:\/\/www.rucashk.com\/wp-content\/uploads\/2021\/09\/1323c655df49cfcad99adcd7b5d78092.jpg\" \/><br \/>\nModo s\u00faper nocturno<br \/>\nLos momentos en la oscuridad tambi\u00e9n importan<br \/>\nPuede ser una fiesta loca con tus amigos, una noche de fiesta con tu pareja o un recorrido por la ciudad al atardecer... \u00a1todos estos momentos son igualmente preciosos y vale la pena capturarlos! Tus noches brillan m\u00e1s con el modo S\u00faper Noche.<img loading=\"lazy\" decoding=\"async\" class=\"aligncenter\" src=\"https:\/\/www.rucashk.com\/wp-content\/uploads\/2021\/09\/605ed1b2bacdbd5997ecc12b51d18e18.jpg\" alt=\"Tecno Spark 7P Smartphone\" width=\"1920\" height=\"887\" data-src=\"https:\/\/www.rucashk.com\/wp-content\/uploads\/2021\/09\/605ed1b2bacdbd5997ecc12b51d18e18.jpg\" \/><br \/>\n<b>Peque\u00f1o pero poderoso<\/b><br \/>\nUn procesador Octa-core de 2,0 GHz totalmente nuevo y una unidad gr\u00e1fica dedicada de 820 MHz, el SPARK 7P alcanza el doble de velocidad que la generaci\u00f3n anterior.<img loading=\"lazy\" decoding=\"async\" class=\"aligncenter\" src=\"https:\/\/www.rucashk.com\/wp-content\/uploads\/2021\/09\/633ee6958335eca8ce03c350bae7ed3c.jpg\" alt=\"Tecno Spark 7P Smartphone\" width=\"1920\" height=\"1403\" data-src=\"https:\/\/www.rucashk.com\/wp-content\/uploads\/2021\/09\/633ee6958335eca8ce03c350bae7ed3c.jpg\" \/><br \/>\n90Hz<br \/>\nActualizar a una velocidad refrescante<br \/>\nCon nuestra ultrarr\u00e1pida frecuencia de actualizaci\u00f3n de 90 Hz, la animaci\u00f3n en tu tel\u00e9fono no tiene que parecer un libro animado, sino una experiencia fluida, \u00e1gil y refrescante.<img loading=\"lazy\" decoding=\"async\" class=\"aligncenter\" src=\"https:\/\/www.rucashk.com\/wp-content\/uploads\/2021\/09\/653050b66167eef99c8b4152bdd6c114.jpg\" alt=\"Tecno Spark 7P Smartphone\" width=\"1920\" height=\"1742\" data-src=\"https:\/\/www.rucashk.com\/wp-content\/uploads\/2021\/09\/653050b66167eef99c8b4152bdd6c114.jpg\" \/><br \/>\n<b>5000mAh<\/b><br \/>\nY sigue y sigue y sigue y sigue durante 14 d\u00edas. 2 semanas. Medio mes. Ese es el tiempo que tu tel\u00e9fono puede permanecer sin recargar. Atr\u00e1s quedaron los d\u00edas en los que ten\u00edas que correr por la calle entrando en p\u00e1nico y tratando de encontrar una estaci\u00f3n de carga, porque SPARK 7P nunca se apaga f\u00e1cilmente.<img loading=\"lazy\" decoding=\"async\" class=\"aligncenter\" src=\"https:\/\/www.rucashk.com\/wp-content\/uploads\/2021\/09\/4f03873d7e75ad91a0c2ac721f6832a3.jpg\" alt=\"Tecno Spark 7P Smartphone\" width=\"1920\" height=\"1063\" data-src=\"https:\/\/www.rucashk.com\/wp-content\/uploads\/2021\/09\/4f03873d7e75ad91a0c2ac721f6832a3.jpg\" \/><br \/>\nEfecto de sonido est\u00e9reo de Dirac<br \/>\nCuando el sonido cobra vida<br \/>\nD\u00edgale adi\u00f3s a los audios convencionales y sin vida y disfrute de una experiencia de sonido panor\u00e1mica e inmersiva. Una tecnolog\u00eda de calidad cinematogr\u00e1fica para llevar est\u00e1 ah\u00ed, en tu bolsillo.<img loading=\"lazy\" decoding=\"async\" class=\"aligncenter\" src=\"https:\/\/www.rucashk.com\/wp-content\/uploads\/2021\/09\/162aeddb10a3fd27fb5621fc2b6986a6.jpg\" alt=\"Tecno Spark 7P Smartphone\" width=\"1920\" height=\"1438\" data-src=\"https:\/\/www.rucashk.com\/wp-content\/uploads\/2021\/09\/162aeddb10a3fd27fb5621fc2b6986a6.jpg\" \/><br \/>\n<b>Aplicaci\u00f3n gemela<\/b><b><br \/>\n<\/b>Dos es mejor que uno<br \/>\nPara los j\u00f3venes modernos y conocedores de la tecnolog\u00eda, la norma es ejecutar m\u00faltiples plataformas de redes sociales. Por eso, presentamos App Twin, una herramienta sencilla dise\u00f1ada para ayudarte a gestionar tu juego social. Con \u00e9l, puedes ejecutar dos cuentas sociales simult\u00e1neamente y cambiar entre diferentes cuentas sociales de forma r\u00e1pida y fluida.<img loading=\"lazy\" decoding=\"async\" class=\"aligncenter\" src=\"https:\/\/www.rucashk.com\/wp-content\/uploads\/2021\/09\/1d37f0093d8d8ab061bd887d27908d15.jpg\" alt=\"Tecno Spark 7P Smartphone\" width=\"1920\" height=\"1022\" data-src=\"https:\/\/www.rucashk.com\/wp-content\/uploads\/2021\/09\/1d37f0093d8d8ab061bd887d27908d15.jpg\" \/><\/p>\n<\/div>\n<\/div>\n<div id=\"aps-specs\" class=\"aps-tab-content aps-flat-content\">\n<div class=\"aps-column\">\n<div class=\"aps-group\" style=\"text-align: center\">\n<h3 class=\"aps-group-title\" style=\"text-align: center\">Rucas, distribuidor l\u00edder de xiaomi en Hong Kong.<br \/>\nCentr\u00e1ndose en productos de accesorios ecol\u00f3gicos de una marca de China, como Amazfit, Haylou, Ninebot, Roborock, Dreame, Imilab, 70Mai, Deerma. Mantenemos cientos de SKU de Xiaomi con stock en el almac\u00e9n de HK y Shenzhen de manera estable para lograr el menor plazo de entrega.<\/h3>\n<\/div>\n<\/div>\n<\/div>","protected":false},"excerpt":{"rendered":"<ul>\n<li>C\u00e1mara triple con IA de 16 MP<\/li>\n<li>Modo s\u00faper nocturno<\/li>\n<li>Instant\u00e1nea de la sonrisa<\/li>\n<li>Pantalla con muesca de punto y frecuencia de actualizaci\u00f3n de 90 Hz<\/li>\n<li>Procesador Helio G70<\/li>\n<li>64 GB de ROM + 4 GB de RAM<\/li>\n<li>Bater\u00eda de 5000 mAh.<\/li>\n<li>Compartir audio por Bluetooth<\/li>\n<li>Efecto de sonido est\u00e9reo de Dirac<\/li>\n<li>HiOS basado en Android\u2122 11<\/li>\n<\/ul>","protected":false},"featured_media":25848,"template":"","meta":[],"product_brand":[],"product_cat":[1295,1303],"product_tag":[],"class_list":{"0":"post-25722","1":"product","2":"type-product","3":"status-publish","4":"has-post-thumbnail","6":"product_cat-mobile-phone","7":"product_cat-tecno-mobile-phone","9":"first","10":"instock","11":"shipping-taxable","12":"product-type-simple"},"aioseo_notices":[],"aioseo_head":"\n\t\t<!-- All in One SEO Pro 4.5.9.2 - aioseo.com -->\n\t\t<meta name=\"description\" content=\"16MP AI Triple Camera Super Night Mode Smile Snapshot 90Hz Refresh Rate Dot Notch Screen Helio G70 Processor 64GB ROM + 4GB RAM 5000mAh Battery Bluetooth Audio Share Dirac Stereo Sound Effect HiOS based on Android\u2122 11\" \/>\n\t\t<meta name=\"robots\" content=\"max-image-preview:large\" \/>\n\t\t<link rel=\"canonical\" href=\"https:\/\/www.rucashk.com\/es\/producto\/tecno-spark-7p-smartphone\/\" \/>\n\t\t<meta name=\"generator\" content=\"All in One SEO Pro (AIOSEO) 4.5.9.2\" \/>\n\t\t<meta property=\"og:locale\" content=\"es_ES\" \/>\n\t\t<meta property=\"og:site_name\" content=\"Rucas - One-stop AIoT Distribution Worldwide\" \/>\n\t\t<meta property=\"og:type\" content=\"article\" \/>\n\t\t<meta property=\"og:title\" content=\"Tecno Spark 7P Smartphone - Rucas - Wholesale and Distribution\" \/>\n\t\t<meta property=\"og:description\" content=\"16MP AI Triple Camera Super Night Mode Smile Snapshot 90Hz Refresh Rate Dot Notch Screen Helio G70 Processor 64GB ROM + 4GB RAM 5000mAh Battery Bluetooth Audio Share Dirac Stereo Sound Effect HiOS based on Android\u2122 11\" \/>\n\t\t<meta property=\"og:url\" content=\"https:\/\/www.rucashk.com\/es\/producto\/tecno-spark-7p-smartphone\/\" \/>\n\t\t<meta property=\"og:image\" content=\"https:\/\/www.rucashk.com\/wp-content\/uploads\/replace\/503b8e645f128a97ccde2b6290747646.jpeg\" \/>\n\t\t<meta property=\"og:image:secure_url\" content=\"https:\/\/www.rucashk.com\/wp-content\/uploads\/replace\/503b8e645f128a97ccde2b6290747646.jpeg\" \/>\n\t\t<meta property=\"og:image:width\" content=\"1456\" \/>\n\t\t<meta property=\"og:image:height\" content=\"816\" \/>\n\t\t<meta property=\"article:published_time\" content=\"2024-01-09T16:20:33+00:00\" \/>\n\t\t<meta property=\"article:modified_time\" content=\"2024-01-23T09:58:02+00:00\" \/>\n\t\t<meta name=\"twitter:card\" content=\"summary_large_image\" \/>\n\t\t<meta name=\"twitter:title\" content=\"Tecno Spark 7P Smartphone - Rucas - Wholesale and Distribution\" \/>\n\t\t<meta name=\"twitter:description\" content=\"16MP AI Triple Camera Super Night Mode Smile Snapshot 90Hz Refresh Rate Dot Notch Screen Helio G70 Processor 64GB ROM + 4GB RAM 5000mAh Battery Bluetooth Audio Share Dirac Stereo Sound Effect HiOS based on Android\u2122 11\" \/>\n\t\t<meta name=\"twitter:image\" content=\"https:\/\/www.rucashk.com\/wp-content\/uploads\/replace\/503b8e645f128a97ccde2b6290747646.jpeg\" \/>\n\t\t<script type=\"application\/ld+json\" class=\"aioseo-schema\">\n\t\t\t{\"@context\":\"https:\\\/\\\/schema.org\",\"@graph\":[{\"@type\":\"BreadcrumbList\",\"@id\":\"https:\\\/\\\/www.rucashk.com\\\/es\\\/producto\\\/tecno-spark-7p-smartphone\\\/#breadcrumblist\",\"itemListElement\":[{\"@type\":\"ListItem\",\"@id\":\"https:\\\/\\\/www.rucashk.com\\\/es\\\/#listItem\",\"position\":1,\"name\":\"Home\",\"item\":\"https:\\\/\\\/www.rucashk.com\\\/es\\\/\",\"nextItem\":\"https:\\\/\\\/www.rucashk.com\\\/es\\\/producto\\\/tecno-spark-7p-smartphone\\\/#listItem\"},{\"@type\":\"ListItem\",\"@id\":\"https:\\\/\\\/www.rucashk.com\\\/es\\\/producto\\\/tecno-spark-7p-smartphone\\\/#listItem\",\"position\":2,\"name\":\"Tecno Spark 7P Smartphone\",\"previousItem\":\"https:\\\/\\\/www.rucashk.com\\\/es\\\/#listItem\"}]},{\"@type\":\"Organization\",\"@id\":\"https:\\\/\\\/www.rucashk.com\\\/es\\\/#organization\",\"name\":\"Rucas\",\"url\":\"https:\\\/\\\/www.rucashk.com\\\/es\\\/\",\"logo\":{\"@type\":\"ImageObject\",\"url\":\"https:\\\/\\\/www.rucashk.com\\\/wp-content\\\/uploads\\\/2023\\\/12\\\/Rucas_campany_logo.png\",\"@id\":\"https:\\\/\\\/www.rucashk.com\\\/es\\\/producto\\\/tecno-spark-7p-smartphone\\\/#organizationLogo\",\"width\":221,\"height\":65},\"image\":{\"@id\":\"https:\\\/\\\/www.rucashk.com\\\/es\\\/#organizationLogo\"}},{\"@type\":\"Person\",\"@id\":\"https:\\\/\\\/www.rucashk.com\\\/es\\\/author\\\/admin\\\/#author\",\"url\":\"https:\\\/\\\/www.rucashk.com\\\/es\\\/author\\\/admin\\\/\",\"name\":\"admin\",\"image\":{\"@type\":\"ImageObject\",\"@id\":\"https:\\\/\\\/www.rucashk.com\\\/es\\\/producto\\\/tecno-spark-7p-smartphone\\\/#authorImage\",\"url\":\"https:\\\/\\\/secure.gravatar.com\\\/avatar\\\/b7c8925b09a27e72b30232f8ecaadbd5af0f70a38c78096863fe51b64f031c24?s=96&d=mm&r=g\",\"width\":96,\"height\":96,\"caption\":\"admin\"}},{\"@type\":\"WebPage\",\"@id\":\"https:\\\/\\\/www.rucashk.com\\\/es\\\/producto\\\/tecno-spark-7p-smartphone\\\/#webpage\",\"url\":\"https:\\\/\\\/www.rucashk.com\\\/es\\\/producto\\\/tecno-spark-7p-smartphone\\\/\",\"name\":\"Tecno Spark 7P Smartphone - Rucas - Wholesale and Distribution\",\"description\":\"16MP AI Triple Camera Super Night Mode Smile Snapshot 90Hz Refresh Rate Dot Notch Screen Helio G70 Processor 64GB ROM + 4GB RAM 5000mAh Battery Bluetooth Audio Share Dirac Stereo Sound Effect HiOS based on Android\\u2122 11\",\"inLanguage\":\"es-ES\",\"isPartOf\":{\"@id\":\"https:\\\/\\\/www.rucashk.com\\\/es\\\/#website\"},\"breadcrumb\":{\"@id\":\"https:\\\/\\\/www.rucashk.com\\\/es\\\/producto\\\/tecno-spark-7p-smartphone\\\/#breadcrumblist\"},\"author\":{\"@id\":\"https:\\\/\\\/www.rucashk.com\\\/es\\\/author\\\/admin\\\/#author\"},\"creator\":{\"@id\":\"https:\\\/\\\/www.rucashk.com\\\/es\\\/author\\\/admin\\\/#author\"},\"image\":{\"@type\":\"ImageObject\",\"url\":\"https:\\\/\\\/www.rucashk.com\\\/wp-content\\\/uploads\\\/2024\\\/01\\\/Tecno-Spark-7P-Smartphone-1.jpg\",\"@id\":\"https:\\\/\\\/www.rucashk.com\\\/es\\\/producto\\\/tecno-spark-7p-smartphone\\\/#mainImage\",\"width\":800,\"height\":800},\"primaryImageOfPage\":{\"@id\":\"https:\\\/\\\/www.rucashk.com\\\/es\\\/producto\\\/tecno-spark-7p-smartphone\\\/#mainImage\"},\"datePublished\":\"2024-01-09T16:20:33+00:00\",\"dateModified\":\"2024-01-23T09:58:02+00:00\"},{\"@type\":\"WebSite\",\"@id\":\"https:\\\/\\\/www.rucashk.com\\\/es\\\/#website\",\"url\":\"https:\\\/\\\/www.rucashk.com\\\/es\\\/\",\"name\":\"Rucas - Wholesale and distribution worldwide\",\"alternateName\":\"Rucas - One-stop AIoT Distribution Worldwide\",\"description\":\"One-stop AIoT Distribution Worldwide\",\"inLanguage\":\"es-ES\",\"publisher\":{\"@id\":\"https:\\\/\\\/www.rucashk.com\\\/es\\\/#organization\"}}]}\n\t\t<\/script>\n\t\t<!-- All in One SEO Pro -->\r\n\t\t<title>Tecno Spark 7P Smartphone - Rucas - Wholesale and Distribution<\/title>\n\n","aioseo_head_json":{"title":"Tecno Spark 7P Smartphone - Rucas - Wholesale and Distribution","description":"16MP AI Triple Camera Super Night Mode Smile Snapshot 90Hz Refresh Rate Dot Notch Screen Helio G70 Processor 64GB ROM + 4GB RAM 5000mAh Battery Bluetooth Audio Share Dirac Stereo Sound Effect HiOS based on Android\u2122 11","canonical_url":"https:\/\/www.rucashk.com\/es\/producto\/tecno-spark-7p-smartphone\/","robots":"max-image-preview:large","keywords":"","webmasterTools":{"miscellaneous":""},"og:locale":"es_ES","og:site_name":"Rucas - One-stop AIoT Distribution Worldwide","og:type":"article","og:title":"Tecno Spark 7P Smartphone - Rucas - Wholesale and Distribution","og:description":"16MP AI Triple Camera Super Night Mode Smile Snapshot 90Hz Refresh Rate Dot Notch Screen Helio G70 Processor 64GB ROM + 4GB RAM 5000mAh Battery Bluetooth Audio Share Dirac Stereo Sound Effect HiOS based on Android\u2122 11","og:url":"https:\/\/www.rucashk.com\/es\/producto\/tecno-spark-7p-smartphone\/","og:image":"https:\/\/www.rucashk.com\/wp-content\/uploads\/replace\/503b8e645f128a97ccde2b6290747646.jpeg","og:image:secure_url":"https:\/\/www.rucashk.com\/wp-content\/uploads\/replace\/503b8e645f128a97ccde2b6290747646.jpeg","og:image:width":1456,"og:image:height":816,"article:published_time":"2024-01-09T16:20:33+00:00","article:modified_time":"2024-01-23T09:58:02+00:00","twitter:card":"summary_large_image","twitter:title":"Tecno Spark 7P Smartphone - Rucas - Wholesale and Distribution","twitter:description":"16MP AI Triple Camera Super Night Mode Smile Snapshot 90Hz Refresh Rate Dot Notch Screen Helio G70 Processor 64GB ROM + 4GB RAM 5000mAh Battery Bluetooth Audio Share Dirac Stereo Sound Effect HiOS based on Android\u2122 11","twitter:image":"https:\/\/www.rucashk.com\/wp-content\/uploads\/replace\/503b8e645f128a97ccde2b6290747646.jpeg","schema":{"@context":"https:\/\/schema.org","@graph":[{"@type":"BreadcrumbList","@id":"https:\/\/www.rucashk.com\/es\/producto\/tecno-spark-7p-smartphone\/#breadcrumblist","itemListElement":[{"@type":"ListItem","@id":"https:\/\/www.rucashk.com\/es\/#listItem","position":1,"name":"Home","item":"https:\/\/www.rucashk.com\/es\/","nextItem":"https:\/\/www.rucashk.com\/es\/producto\/tecno-spark-7p-smartphone\/#listItem"},{"@type":"ListItem","@id":"https:\/\/www.rucashk.com\/es\/producto\/tecno-spark-7p-smartphone\/#listItem","position":2,"name":"Tecno Spark 7P Smartphone","previousItem":"https:\/\/www.rucashk.com\/es\/#listItem"}]},{"@type":"Organization","@id":"https:\/\/www.rucashk.com\/es\/#organization","name":"Rucas","url":"https:\/\/www.rucashk.com\/es\/","logo":{"@type":"ImageObject","url":"https:\/\/www.rucashk.com\/wp-content\/uploads\/2023\/12\/Rucas_campany_logo.png","@id":"https:\/\/www.rucashk.com\/es\/producto\/tecno-spark-7p-smartphone\/#organizationLogo","width":221,"height":65},"image":{"@id":"https:\/\/www.rucashk.com\/es\/#organizationLogo"}},{"@type":"Person","@id":"https:\/\/www.rucashk.com\/es\/author\/admin\/#author","url":"https:\/\/www.rucashk.com\/es\/author\/admin\/","name":"admin","image":{"@type":"ImageObject","@id":"https:\/\/www.rucashk.com\/es\/producto\/tecno-spark-7p-smartphone\/#authorImage","url":"https:\/\/secure.gravatar.com\/avatar\/b7c8925b09a27e72b30232f8ecaadbd5af0f70a38c78096863fe51b64f031c24?s=96&d=mm&r=g","width":96,"height":96,"caption":"admin"}},{"@type":"WebPage","@id":"https:\/\/www.rucashk.com\/es\/producto\/tecno-spark-7p-smartphone\/#webpage","url":"https:\/\/www.rucashk.com\/es\/producto\/tecno-spark-7p-smartphone\/","name":"Tecno Spark 7P Smartphone - Rucas - Wholesale and Distribution","description":"16MP AI Triple Camera Super Night Mode Smile Snapshot 90Hz Refresh Rate Dot Notch Screen Helio G70 Processor 64GB ROM + 4GB RAM 5000mAh Battery Bluetooth Audio Share Dirac Stereo Sound Effect HiOS based on Android\u2122 11","inLanguage":"es-ES","isPartOf":{"@id":"https:\/\/www.rucashk.com\/es\/#website"},"breadcrumb":{"@id":"https:\/\/www.rucashk.com\/es\/producto\/tecno-spark-7p-smartphone\/#breadcrumblist"},"author":{"@id":"https:\/\/www.rucashk.com\/es\/author\/admin\/#author"},"creator":{"@id":"https:\/\/www.rucashk.com\/es\/author\/admin\/#author"},"image":{"@type":"ImageObject","url":"https:\/\/www.rucashk.com\/wp-content\/uploads\/2024\/01\/Tecno-Spark-7P-Smartphone-1.jpg","@id":"https:\/\/www.rucashk.com\/es\/producto\/tecno-spark-7p-smartphone\/#mainImage","width":800,"height":800},"primaryImageOfPage":{"@id":"https:\/\/www.rucashk.com\/es\/producto\/tecno-spark-7p-smartphone\/#mainImage"},"datePublished":"2024-01-09T16:20:33+00:00","dateModified":"2024-01-23T09:58:02+00:00"},{"@type":"WebSite","@id":"https:\/\/www.rucashk.com\/es\/#website","url":"https:\/\/www.rucashk.com\/es\/","name":"Rucas - Wholesale and distribution worldwide","alternateName":"Rucas - One-stop AIoT Distribution Worldwide","description":"One-stop AIoT Distribution Worldwide","inLanguage":"es-ES","publisher":{"@id":"https:\/\/www.rucashk.com\/es\/#organization"}}]}},"aioseo_meta_data":{"post_id":"25722","title":null,"description":null,"keywords":null,"keyphrases":null,"primary_term":null,"canonical_url":null,"og_title":null,"og_description":null,"og_object_type":"default","og_image_type":"default","og_image_url":null,"og_image_width":null,"og_image_height":null,"og_image_custom_url":null,"og_image_custom_fields":null,"og_video":null,"og_custom_url":null,"og_article_section":null,"og_article_tags":null,"twitter_use_og":false,"twitter_card":"default","twitter_image_type":"default","twitter_image_url":null,"twitter_image_custom_url":null,"twitter_image_custom_fields":null,"twitter_title":null,"twitter_description":null,"schema":{"blockGraphs":[],"customGraphs":[],"default":{"data":{"Article":[],"Course":[],"Dataset":[],"FAQPage":[],"Movie":[],"Person":[],"Product":[],"Recipe":[],"Service":[],"SoftwareApplication":[],"WebPage":[]},"graphName":"","isEnabled":true},"graphs":[]},"schema_type":"default","schema_type_options":null,"pillar_content":false,"robots_default":true,"robots_noindex":false,"robots_noarchive":false,"robots_nosnippet":false,"robots_nofollow":false,"robots_noimageindex":false,"robots_noodp":false,"robots_notranslate":false,"robots_max_snippet":null,"robots_max_videopreview":null,"robots_max_imagepreview":"large","priority":null,"frequency":null,"local_seo":null,"breadcrumb_settings":null,"limit_modified_date":false,"created":"2024-04-11 01:57:19","updated":"2025-06-22 18:00:04"},"aioseo_breadcrumb":"<div class=\"aioseo-breadcrumbs\"><span class=\"aioseo-breadcrumb\">\n\t<a href=\"https:\/\/www.rucashk.com\/es\" title=\"Home\">Home<\/a>\n<\/span><span class=\"aioseo-breadcrumb-separator\">&raquo;<\/span><span class=\"aioseo-breadcrumb\">\n\t<a href=\"https:\/\/www.rucashk.com\/es\/products\/\" title=\"Productos\">Productos<\/a>\n<\/span><span class=\"aioseo-breadcrumb-separator\">&raquo;<\/span><span class=\"aioseo-breadcrumb\">\n\t<a href=\"https:\/\/www.rucashk.com\/es\/categoria-producto\/mobile-phone\/\" title=\"Mobile Phone\">Mobile Phone<\/a>\n<\/span><span class=\"aioseo-breadcrumb-separator\">&raquo;<\/span><span class=\"aioseo-breadcrumb\">\n\t<a href=\"https:\/\/www.rucashk.com\/es\/categoria-producto\/mobile-phone\/tecno-mobile-phone\/\" title=\"Tecno\">Tecno<\/a>\n<\/span><span class=\"aioseo-breadcrumb-separator\">&raquo;<\/span><span class=\"aioseo-breadcrumb\">\n\tTecno Spark 7P Smartphone\n<\/span><\/div>","aioseo_breadcrumb_json":[{"label":"Home","link":"https:\/\/www.rucashk.com\/es"},{"label":"Productos","link":"https:\/\/www.rucashk.com\/es\/products\/"},{"label":"Mobile Phone","link":"https:\/\/www.rucashk.com\/es\/categoria-producto\/mobile-phone\/"},{"label":"Tecno","link":"https:\/\/www.rucashk.com\/es\/categoria-producto\/mobile-phone\/tecno-mobile-phone\/"},{"label":"Tecno Spark 7P Smartphone","link":"https:\/\/www.rucashk.com\/es\/producto\/tecno-spark-7p-smartphone\/"}],"_links":{"self":[{"href":"https:\/\/www.rucashk.com\/es\/wp-json\/wp\/v2\/product\/25722","targetHints":{"allow":["GET"]}}],"collection":[{"href":"https:\/\/www.rucashk.com\/es\/wp-json\/wp\/v2\/product"}],"about":[{"href":"https:\/\/www.rucashk.com\/es\/wp-json\/wp\/v2\/types\/product"}],"wp:featuredmedia":[{"embeddable":true,"href":"https:\/\/www.rucashk.com\/es\/wp-json\/wp\/v2\/media\/25848"}],"wp:attachment":[{"href":"https:\/\/www.rucashk.com\/es\/wp-json\/wp\/v2\/media?parent=25722"}],"wp:term":[{"taxonomy":"product_brand","embeddable":true,"href":"https:\/\/www.rucashk.com\/es\/wp-json\/wp\/v2\/product_brand?post=25722"},{"taxonomy":"product_cat","embeddable":true,"href":"https:\/\/www.rucashk.com\/es\/wp-json\/wp\/v2\/product_cat?post=25722"},{"taxonomy":"product_tag","embeddable":true,"href":"https:\/\/www.rucashk.com\/es\/wp-json\/wp\/v2\/product_tag?post=25722"}],"curies":[{"name":"wp","href":"https:\/\/api.w.org\/{rel}","templated":true}]}}