{"id":25721,"date":"2024-01-09T16:20:33","date_gmt":"2024-01-09T16:20:33","guid":{"rendered":"http:\/\/rucashk.com\/?post_type=product&#038;p=25721"},"modified":"2024-01-23T09:57:38","modified_gmt":"2024-01-23T09:57:38","slug":"tecno-pop-4-pro-smartphone","status":"publish","type":"product","link":"https:\/\/www.rucashk.com\/es\/producto\/tecno-pop-4-pro-smartphone\/","title":{"rendered":"Smartphone Tecno pop 4 pro"},"content":{"rendered":"<div id=\"aps-overview\" class=\"aps-tab-content aps-flat-content\">\n<div class=\"aps-column\">\n<p><img fetchpriority=\"high\" decoding=\"async\" class=\"aligncenter wp-image-3044424 size-full\" title=\"Tecno Pop 4 Pro 4\" src=\"https:\/\/www.rucashk.com\/wp-content\/uploads\/2021\/09\/TECNO-POP4-Pro-2.jpg\" alt=\"Tecno pop 4 pro Smartphone\" width=\"698\" height=\"626\" \/><\/p>\n<p style=\"text-align: center\">Debajo del cap\u00f3, el Pop 4 Pro funciona con una CPU MediaTek MT6739 de cuatro n\u00facleos con frecuencia de 1,3 GHz. Para satisfacer las necesidades gr\u00e1ficas se encuentra una GPU PowerVR GE8100, junto con 1 GB de RAM y 16 GB de almacenamiento interno. Si esa capacidad de almacenamiento no es suficiente para usted, siempre puede conectar una tarjeta SD adicional al tel\u00e9fono.<\/p>\n<p style=\"text-align: center\"><img decoding=\"async\" class=\"aligncenter wp-image-3044422 size-full\" title=\"Tecno Pop 4 Pro 5\" src=\"https:\/\/www.rucashk.com\/wp-content\/uploads\/2021\/09\/TECNO-POP4-Pro-4.jpg\" alt=\"Tecno pop 4 pro Smartphone\" width=\"551\" height=\"383\" \/><\/p>\n<p style=\"text-align: center\">En cuanto al departamento de c\u00e1maras, el Pop 4 Pro viene con una c\u00e1mara principal dual de 8 MP + 0,3 MP y una c\u00e1mara \u00fanica de 8 megap\u00edxeles en la parte delantera, con un \u00fanico flash LED en la parte trasera y delantera.<\/p>\n<p style=\"text-align: center\"><img decoding=\"async\" class=\"aligncenter wp-image-3044423 size-full\" title=\"Tecno Pop 4 Pro 6\" src=\"https:\/\/www.rucashk.com\/wp-content\/uploads\/2021\/09\/TECNO-POP4-Pro-1.jpg\" alt=\"Tecno pop 4 pro Smartphone\" width=\"1200\" height=\"782\" \/><\/p>\n<p style=\"text-align: center\">Tambi\u00e9n en la parte posterior, hay un esc\u00e1ner de huellas dactilares ubicado en la parte trasera y el tel\u00e9fono est\u00e1 disponible en colores negro y dorado. Admite tarjetas SIM duales con red 4G LTE en ambas tarjetas SIM. Curiosamente, obtienes una bater\u00eda grande de 5000 mAh y Google Android 10 (Go Edition) listos para usar.<\/p>\n<p style=\"text-align: center\"><b>Visibilidad m\u00e1s n\u00edtida, m\u00e1s grande y mejor<\/b><br \/>\nEl POP4 Pro adopta la cl\u00e1sica pantalla Dot Notch de 6,52\u201d. Un tama\u00f1o de pantalla m\u00e1s grande y una relaci\u00f3n pantalla-borde perfecta para una mejor visibilidad. Tambi\u00e9n se han mejorado el color y el brillo de la pantalla. Las im\u00e1genes de POP4 Pro ser\u00e1n m\u00e1s v\u00edvidas y atractivas.<\/p>\n<p style=\"text-align: center\"><b>Sigue siendo potente y duradero<\/b><br \/>\nLa bater\u00eda de 5000 mAh te permite usarlo todo el d\u00eda. Hasta 40,5 horas de llamadas, 9,1 horas de v\u00eddeos, 112,5 horas de m\u00fasica, incluso 1000 horas en espera, una bater\u00eda verdaderamente duradera y potente.<\/p>\n<p style=\"text-align: center\"><b>Toma una foto como quieras<\/b><br \/>\nLa c\u00e1mara frontal de 8MP recientemente actualizada y el sistema de c\u00e1mara dual trasera le permiten tomar fotograf\u00edas v\u00edvidas. Se ha mejorado enormemente la claridad, el color y la calidad de las fotograf\u00edas tomadas con el POP4 Pro. Modo belleza de 7 niveles tanto en la c\u00e1mara frontal como en la trasera. El modo Retrato mejorado le permite capturar detalles con mayor precisi\u00f3n y le permite enfocarse en la imagen.<\/p>\n<p style=\"text-align: center\"><b>4G LTE<\/b><br \/>\nEl POP4 Pro utiliza la red 4G LTE. Navegar\u00e1s por Internet mucho m\u00e1s r\u00e1pido y sencillo. Esperar\u00e1s menos para ver un v\u00eddeo o escuchar m\u00fasica.<\/p>\n<p style=\"text-align: center\"><b>Excelente actuaci\u00f3n<\/b><br \/>\nGuarde sus favoritos con 16 GB de espacio ROM. Inicie aplicaciones m\u00e1s f\u00e1cilmente con 1 GB de RAM y un procesador de cuatro n\u00facleos. La experiencia del usuario se lleva al siguiente nivel.<\/p>\n<p style=\"text-align: center\"><b>Acceso inteligente<\/b>\u00a0(Desbloqueo por reconocimiento facial + detector de huellas dactilares)<br \/>\nAcceso m\u00e1s r\u00e1pido y seguro a tu tel\u00e9fono m\u00f3vil. Puede desbloquear su tel\u00e9fono de forma m\u00e1s r\u00e1pida y segura gracias al sensor y al algoritmo que se inventaron recientemente.<\/p>\n<p style=\"text-align: center\"><b>Dise\u00f1o delgado y elegante<\/b><br \/>\nEl POP4 Pro est\u00e1 cambiando de cara, ya que le traemos tres colores de moda: Pearl Black, Cosmic Glow y Holiday Blue. La delgadez del cuerpo te proporciona un mejor agarre y m\u00e1s comodidad.<\/p>\n<p style=\"text-align: center\"><b>Funci\u00f3n OTG<\/b><br \/>\nInicie la funci\u00f3n OTG, el usuario puede cargar otros dispositivos digitales a trav\u00e9s del tel\u00e9fono celular. Tambi\u00e9n puedes transferir informaci\u00f3n entre diferentes dispositivos, o \u201chacia\u201d o \u201cdesde\u201d una memoria USB. * Tenga en cuenta que algunos dispositivos pueden ser incompatibles y no poder conectarse.<\/p>\n<p style=\"text-align: center\">\n<\/div>\n<p style=\"text-align: center\">Rucas, distribuidor l\u00edder de xiaomi en Hong Kong.<br \/>\nCentr\u00e1ndose en productos de accesorios ecol\u00f3gicos de una marca de China, como Amazfit, Haylou, Ninebot, Roborock, Dreame, Imilab, 70Mai, Deerma. Mantenemos cientos de SKU de Xiaomi con stock en el almac\u00e9n de HK y Shenzhen de manera estable para lograr el menor plazo de entrega.<\/p>\n<div class=\"aps-column\">\n<div class=\"code-block code-block-2\" style=\"text-align: center\"><\/div>\n<\/div>\n<\/div>","protected":false},"excerpt":{"rendered":"<ul>\n<li>16 GB de ROM + 1 GB de RAM<\/li>\n<li>4G LTE<\/li>\n<li>52&#8243; Dot Notch Display<\/li>\n<li>bater\u00eda de 5000mah<\/li>\n<li>C\u00e1mara de doble lente de 8MP + IA<\/li>\n<li>Estilo delgado y elegante<\/li>\n<li>detector de huellas dactilares<\/li>\n<li>Desbloqueo por reconocimiento facial<\/li>\n<li>Android\u2122 10 (edici\u00f3n Go)<\/li>\n<\/ul>","protected":false},"featured_media":25844,"template":"","meta":[],"product_brand":[],"product_cat":[1295,1303],"product_tag":[],"class_list":{"0":"post-25721","1":"product","2":"type-product","3":"status-publish","4":"has-post-thumbnail","6":"product_cat-mobile-phone","7":"product_cat-tecno-mobile-phone","9":"first","10":"instock","11":"shipping-taxable","12":"product-type-simple"},"aioseo_notices":[],"aioseo_head":"\n\t\t<!-- All in One SEO Pro 4.5.9.2 - aioseo.com -->\n\t\t<meta name=\"description\" content=\"16GB ROM + 1GB RAM 4G LTE 52&quot; Dot Notch Display 5000mAh battery 8MP + AI dual lens camera Slim and elegant style Fingerprint detector Unlocking by facial recognition Android \u2122 10 (Go edition)\" \/>\n\t\t<meta name=\"robots\" content=\"max-image-preview:large\" \/>\n\t\t<link rel=\"canonical\" href=\"https:\/\/www.rucashk.com\/es\/producto\/tecno-pop-4-pro-smartphone\/\" \/>\n\t\t<meta name=\"generator\" content=\"All in One SEO Pro (AIOSEO) 4.5.9.2\" \/>\n\t\t<meta property=\"og:locale\" content=\"es_ES\" \/>\n\t\t<meta property=\"og:site_name\" content=\"Rucas - One-stop AIoT Distribution Worldwide\" \/>\n\t\t<meta property=\"og:type\" content=\"article\" \/>\n\t\t<meta property=\"og:title\" content=\"Tecno pop 4 pro Smartphone - Rucas - Wholesale and Distribution\" \/>\n\t\t<meta property=\"og:description\" content=\"16GB ROM + 1GB RAM 4G LTE 52&quot; Dot Notch Display 5000mAh battery 8MP + AI dual lens camera Slim and elegant style Fingerprint detector Unlocking by facial recognition Android \u2122 10 (Go edition)\" \/>\n\t\t<meta property=\"og:url\" content=\"https:\/\/www.rucashk.com\/es\/producto\/tecno-pop-4-pro-smartphone\/\" \/>\n\t\t<meta property=\"og:image\" content=\"https:\/\/www.rucashk.com\/wp-content\/uploads\/replace\/503b8e645f128a97ccde2b6290747646.jpeg\" \/>\n\t\t<meta property=\"og:image:secure_url\" content=\"https:\/\/www.rucashk.com\/wp-content\/uploads\/replace\/503b8e645f128a97ccde2b6290747646.jpeg\" \/>\n\t\t<meta property=\"og:image:width\" content=\"1456\" \/>\n\t\t<meta property=\"og:image:height\" content=\"816\" \/>\n\t\t<meta property=\"article:published_time\" content=\"2024-01-09T16:20:33+00:00\" \/>\n\t\t<meta property=\"article:modified_time\" content=\"2024-01-23T09:57:38+00:00\" \/>\n\t\t<meta name=\"twitter:card\" content=\"summary_large_image\" \/>\n\t\t<meta name=\"twitter:title\" content=\"Tecno pop 4 pro Smartphone - Rucas - Wholesale and Distribution\" \/>\n\t\t<meta name=\"twitter:description\" content=\"16GB ROM + 1GB RAM 4G LTE 52&quot; Dot Notch Display 5000mAh battery 8MP + AI dual lens camera Slim and elegant style Fingerprint detector Unlocking by facial recognition Android \u2122 10 (Go edition)\" \/>\n\t\t<meta name=\"twitter:image\" content=\"https:\/\/www.rucashk.com\/wp-content\/uploads\/replace\/503b8e645f128a97ccde2b6290747646.jpeg\" \/>\n\t\t<script type=\"application\/ld+json\" class=\"aioseo-schema\">\n\t\t\t{\"@context\":\"https:\\\/\\\/schema.org\",\"@graph\":[{\"@type\":\"BreadcrumbList\",\"@id\":\"https:\\\/\\\/www.rucashk.com\\\/es\\\/producto\\\/tecno-pop-4-pro-smartphone\\\/#breadcrumblist\",\"itemListElement\":[{\"@type\":\"ListItem\",\"@id\":\"https:\\\/\\\/www.rucashk.com\\\/es\\\/#listItem\",\"position\":1,\"name\":\"Home\",\"item\":\"https:\\\/\\\/www.rucashk.com\\\/es\\\/\",\"nextItem\":\"https:\\\/\\\/www.rucashk.com\\\/es\\\/producto\\\/tecno-pop-4-pro-smartphone\\\/#listItem\"},{\"@type\":\"ListItem\",\"@id\":\"https:\\\/\\\/www.rucashk.com\\\/es\\\/producto\\\/tecno-pop-4-pro-smartphone\\\/#listItem\",\"position\":2,\"name\":\"Tecno pop 4 pro Smartphone\",\"previousItem\":\"https:\\\/\\\/www.rucashk.com\\\/es\\\/#listItem\"}]},{\"@type\":\"Organization\",\"@id\":\"https:\\\/\\\/www.rucashk.com\\\/es\\\/#organization\",\"name\":\"Rucas\",\"url\":\"https:\\\/\\\/www.rucashk.com\\\/es\\\/\",\"logo\":{\"@type\":\"ImageObject\",\"url\":\"https:\\\/\\\/www.rucashk.com\\\/wp-content\\\/uploads\\\/2023\\\/12\\\/Rucas_campany_logo.png\",\"@id\":\"https:\\\/\\\/www.rucashk.com\\\/es\\\/producto\\\/tecno-pop-4-pro-smartphone\\\/#organizationLogo\",\"width\":221,\"height\":65},\"image\":{\"@id\":\"https:\\\/\\\/www.rucashk.com\\\/es\\\/#organizationLogo\"}},{\"@type\":\"Person\",\"@id\":\"https:\\\/\\\/www.rucashk.com\\\/es\\\/author\\\/admin\\\/#author\",\"url\":\"https:\\\/\\\/www.rucashk.com\\\/es\\\/author\\\/admin\\\/\",\"name\":\"admin\",\"image\":{\"@type\":\"ImageObject\",\"@id\":\"https:\\\/\\\/www.rucashk.com\\\/es\\\/producto\\\/tecno-pop-4-pro-smartphone\\\/#authorImage\",\"url\":\"https:\\\/\\\/secure.gravatar.com\\\/avatar\\\/b7c8925b09a27e72b30232f8ecaadbd5af0f70a38c78096863fe51b64f031c24?s=96&d=mm&r=g\",\"width\":96,\"height\":96,\"caption\":\"admin\"}},{\"@type\":\"WebPage\",\"@id\":\"https:\\\/\\\/www.rucashk.com\\\/es\\\/producto\\\/tecno-pop-4-pro-smartphone\\\/#webpage\",\"url\":\"https:\\\/\\\/www.rucashk.com\\\/es\\\/producto\\\/tecno-pop-4-pro-smartphone\\\/\",\"name\":\"Tecno pop 4 pro Smartphone - Rucas - Wholesale and Distribution\",\"description\":\"16GB ROM + 1GB RAM 4G LTE 52\\\" Dot Notch Display 5000mAh battery 8MP + AI dual lens camera Slim and elegant style Fingerprint detector Unlocking by facial recognition Android \\u2122 10 (Go edition)\",\"inLanguage\":\"es-ES\",\"isPartOf\":{\"@id\":\"https:\\\/\\\/www.rucashk.com\\\/es\\\/#website\"},\"breadcrumb\":{\"@id\":\"https:\\\/\\\/www.rucashk.com\\\/es\\\/producto\\\/tecno-pop-4-pro-smartphone\\\/#breadcrumblist\"},\"author\":{\"@id\":\"https:\\\/\\\/www.rucashk.com\\\/es\\\/author\\\/admin\\\/#author\"},\"creator\":{\"@id\":\"https:\\\/\\\/www.rucashk.com\\\/es\\\/author\\\/admin\\\/#author\"},\"image\":{\"@type\":\"ImageObject\",\"url\":\"https:\\\/\\\/www.rucashk.com\\\/wp-content\\\/uploads\\\/2024\\\/01\\\/Tecno-pop-4-pro-Smartphone-2.jpg\",\"@id\":\"https:\\\/\\\/www.rucashk.com\\\/es\\\/producto\\\/tecno-pop-4-pro-smartphone\\\/#mainImage\",\"width\":800,\"height\":800},\"primaryImageOfPage\":{\"@id\":\"https:\\\/\\\/www.rucashk.com\\\/es\\\/producto\\\/tecno-pop-4-pro-smartphone\\\/#mainImage\"},\"datePublished\":\"2024-01-09T16:20:33+00:00\",\"dateModified\":\"2024-01-23T09:57:38+00:00\"},{\"@type\":\"WebSite\",\"@id\":\"https:\\\/\\\/www.rucashk.com\\\/es\\\/#website\",\"url\":\"https:\\\/\\\/www.rucashk.com\\\/es\\\/\",\"name\":\"Rucas - Wholesale and distribution worldwide\",\"alternateName\":\"Rucas - One-stop AIoT Distribution Worldwide\",\"description\":\"One-stop AIoT Distribution Worldwide\",\"inLanguage\":\"es-ES\",\"publisher\":{\"@id\":\"https:\\\/\\\/www.rucashk.com\\\/es\\\/#organization\"}}]}\n\t\t<\/script>\n\t\t<!-- All in One SEO Pro -->\r\n\t\t<title>Tecno pop 4 pro Smartphone - Rucas - Wholesale and Distribution<\/title>\n\n","aioseo_head_json":{"title":"Tecno pop 4 pro Smartphone - Rucas - Wholesale and Distribution","description":"16GB ROM + 1GB RAM 4G LTE 52\" Dot Notch Display 5000mAh battery 8MP + AI dual lens camera Slim and elegant style Fingerprint detector Unlocking by facial recognition Android \u2122 10 (Go edition)","canonical_url":"https:\/\/www.rucashk.com\/es\/producto\/tecno-pop-4-pro-smartphone\/","robots":"max-image-preview:large","keywords":"","webmasterTools":{"miscellaneous":""},"og:locale":"es_ES","og:site_name":"Rucas - One-stop AIoT Distribution Worldwide","og:type":"article","og:title":"Tecno pop 4 pro Smartphone - Rucas - Wholesale and Distribution","og:description":"16GB ROM + 1GB RAM 4G LTE 52&quot; Dot Notch Display 5000mAh battery 8MP + AI dual lens camera Slim and elegant style Fingerprint detector Unlocking by facial recognition Android \u2122 10 (Go edition)","og:url":"https:\/\/www.rucashk.com\/es\/producto\/tecno-pop-4-pro-smartphone\/","og:image":"https:\/\/www.rucashk.com\/wp-content\/uploads\/replace\/503b8e645f128a97ccde2b6290747646.jpeg","og:image:secure_url":"https:\/\/www.rucashk.com\/wp-content\/uploads\/replace\/503b8e645f128a97ccde2b6290747646.jpeg","og:image:width":1456,"og:image:height":816,"article:published_time":"2024-01-09T16:20:33+00:00","article:modified_time":"2024-01-23T09:57:38+00:00","twitter:card":"summary_large_image","twitter:title":"Tecno pop 4 pro Smartphone - Rucas - Wholesale and Distribution","twitter:description":"16GB ROM + 1GB RAM 4G LTE 52&quot; Dot Notch Display 5000mAh battery 8MP + AI dual lens camera Slim and elegant style Fingerprint detector Unlocking by facial recognition Android \u2122 10 (Go edition)","twitter:image":"https:\/\/www.rucashk.com\/wp-content\/uploads\/replace\/503b8e645f128a97ccde2b6290747646.jpeg","schema":{"@context":"https:\/\/schema.org","@graph":[{"@type":"BreadcrumbList","@id":"https:\/\/www.rucashk.com\/es\/producto\/tecno-pop-4-pro-smartphone\/#breadcrumblist","itemListElement":[{"@type":"ListItem","@id":"https:\/\/www.rucashk.com\/es\/#listItem","position":1,"name":"Home","item":"https:\/\/www.rucashk.com\/es\/","nextItem":"https:\/\/www.rucashk.com\/es\/producto\/tecno-pop-4-pro-smartphone\/#listItem"},{"@type":"ListItem","@id":"https:\/\/www.rucashk.com\/es\/producto\/tecno-pop-4-pro-smartphone\/#listItem","position":2,"name":"Tecno pop 4 pro Smartphone","previousItem":"https:\/\/www.rucashk.com\/es\/#listItem"}]},{"@type":"Organization","@id":"https:\/\/www.rucashk.com\/es\/#organization","name":"Rucas","url":"https:\/\/www.rucashk.com\/es\/","logo":{"@type":"ImageObject","url":"https:\/\/www.rucashk.com\/wp-content\/uploads\/2023\/12\/Rucas_campany_logo.png","@id":"https:\/\/www.rucashk.com\/es\/producto\/tecno-pop-4-pro-smartphone\/#organizationLogo","width":221,"height":65},"image":{"@id":"https:\/\/www.rucashk.com\/es\/#organizationLogo"}},{"@type":"Person","@id":"https:\/\/www.rucashk.com\/es\/author\/admin\/#author","url":"https:\/\/www.rucashk.com\/es\/author\/admin\/","name":"admin","image":{"@type":"ImageObject","@id":"https:\/\/www.rucashk.com\/es\/producto\/tecno-pop-4-pro-smartphone\/#authorImage","url":"https:\/\/secure.gravatar.com\/avatar\/b7c8925b09a27e72b30232f8ecaadbd5af0f70a38c78096863fe51b64f031c24?s=96&d=mm&r=g","width":96,"height":96,"caption":"admin"}},{"@type":"WebPage","@id":"https:\/\/www.rucashk.com\/es\/producto\/tecno-pop-4-pro-smartphone\/#webpage","url":"https:\/\/www.rucashk.com\/es\/producto\/tecno-pop-4-pro-smartphone\/","name":"Tecno pop 4 pro Smartphone - Rucas - Wholesale and Distribution","description":"16GB ROM + 1GB RAM 4G LTE 52\" Dot Notch Display 5000mAh battery 8MP + AI dual lens camera Slim and elegant style Fingerprint detector Unlocking by facial recognition Android \u2122 10 (Go edition)","inLanguage":"es-ES","isPartOf":{"@id":"https:\/\/www.rucashk.com\/es\/#website"},"breadcrumb":{"@id":"https:\/\/www.rucashk.com\/es\/producto\/tecno-pop-4-pro-smartphone\/#breadcrumblist"},"author":{"@id":"https:\/\/www.rucashk.com\/es\/author\/admin\/#author"},"creator":{"@id":"https:\/\/www.rucashk.com\/es\/author\/admin\/#author"},"image":{"@type":"ImageObject","url":"https:\/\/www.rucashk.com\/wp-content\/uploads\/2024\/01\/Tecno-pop-4-pro-Smartphone-2.jpg","@id":"https:\/\/www.rucashk.com\/es\/producto\/tecno-pop-4-pro-smartphone\/#mainImage","width":800,"height":800},"primaryImageOfPage":{"@id":"https:\/\/www.rucashk.com\/es\/producto\/tecno-pop-4-pro-smartphone\/#mainImage"},"datePublished":"2024-01-09T16:20:33+00:00","dateModified":"2024-01-23T09:57:38+00:00"},{"@type":"WebSite","@id":"https:\/\/www.rucashk.com\/es\/#website","url":"https:\/\/www.rucashk.com\/es\/","name":"Rucas - Wholesale and distribution worldwide","alternateName":"Rucas - One-stop AIoT Distribution Worldwide","description":"One-stop AIoT Distribution Worldwide","inLanguage":"es-ES","publisher":{"@id":"https:\/\/www.rucashk.com\/es\/#organization"}}]}},"aioseo_meta_data":{"post_id":"25721","title":null,"description":null,"keywords":null,"keyphrases":null,"primary_term":null,"canonical_url":null,"og_title":null,"og_description":null,"og_object_type":"default","og_image_type":"default","og_image_url":null,"og_image_width":null,"og_image_height":null,"og_image_custom_url":null,"og_image_custom_fields":null,"og_video":null,"og_custom_url":null,"og_article_section":null,"og_article_tags":null,"twitter_use_og":false,"twitter_card":"default","twitter_image_type":"default","twitter_image_url":null,"twitter_image_custom_url":null,"twitter_image_custom_fields":null,"twitter_title":null,"twitter_description":null,"schema":{"blockGraphs":[],"customGraphs":[],"default":{"data":{"Article":[],"Course":[],"Dataset":[],"FAQPage":[],"Movie":[],"Person":[],"Product":[],"Recipe":[],"Service":[],"SoftwareApplication":[],"WebPage":[]},"graphName":"","isEnabled":true},"graphs":[]},"schema_type":"default","schema_type_options":null,"pillar_content":false,"robots_default":true,"robots_noindex":false,"robots_noarchive":false,"robots_nosnippet":false,"robots_nofollow":false,"robots_noimageindex":false,"robots_noodp":false,"robots_notranslate":false,"robots_max_snippet":null,"robots_max_videopreview":null,"robots_max_imagepreview":"large","priority":null,"frequency":null,"local_seo":null,"breadcrumb_settings":null,"limit_modified_date":false,"created":"2024-04-11 01:57:19","updated":"2025-06-22 18:00:03"},"aioseo_breadcrumb":"<div class=\"aioseo-breadcrumbs\"><span class=\"aioseo-breadcrumb\">\n\t<a href=\"https:\/\/www.rucashk.com\/es\" title=\"Home\">Home<\/a>\n<\/span><span class=\"aioseo-breadcrumb-separator\">&raquo;<\/span><span class=\"aioseo-breadcrumb\">\n\t<a href=\"https:\/\/www.rucashk.com\/es\/products\/\" title=\"Productos\">Productos<\/a>\n<\/span><span class=\"aioseo-breadcrumb-separator\">&raquo;<\/span><span class=\"aioseo-breadcrumb\">\n\t<a href=\"https:\/\/www.rucashk.com\/es\/categoria-producto\/mobile-phone\/\" title=\"Mobile Phone\">Mobile Phone<\/a>\n<\/span><span class=\"aioseo-breadcrumb-separator\">&raquo;<\/span><span class=\"aioseo-breadcrumb\">\n\t<a href=\"https:\/\/www.rucashk.com\/es\/categoria-producto\/mobile-phone\/tecno-mobile-phone\/\" title=\"Tecno\">Tecno<\/a>\n<\/span><span class=\"aioseo-breadcrumb-separator\">&raquo;<\/span><span class=\"aioseo-breadcrumb\">\n\tTecno pop 4 pro Smartphone\n<\/span><\/div>","aioseo_breadcrumb_json":[{"label":"Home","link":"https:\/\/www.rucashk.com\/es"},{"label":"Productos","link":"https:\/\/www.rucashk.com\/es\/products\/"},{"label":"Mobile Phone","link":"https:\/\/www.rucashk.com\/es\/categoria-producto\/mobile-phone\/"},{"label":"Tecno","link":"https:\/\/www.rucashk.com\/es\/categoria-producto\/mobile-phone\/tecno-mobile-phone\/"},{"label":"Tecno pop 4 pro Smartphone","link":"https:\/\/www.rucashk.com\/es\/producto\/tecno-pop-4-pro-smartphone\/"}],"_links":{"self":[{"href":"https:\/\/www.rucashk.com\/es\/wp-json\/wp\/v2\/product\/25721","targetHints":{"allow":["GET"]}}],"collection":[{"href":"https:\/\/www.rucashk.com\/es\/wp-json\/wp\/v2\/product"}],"about":[{"href":"https:\/\/www.rucashk.com\/es\/wp-json\/wp\/v2\/types\/product"}],"wp:featuredmedia":[{"embeddable":true,"href":"https:\/\/www.rucashk.com\/es\/wp-json\/wp\/v2\/media\/25844"}],"wp:attachment":[{"href":"https:\/\/www.rucashk.com\/es\/wp-json\/wp\/v2\/media?parent=25721"}],"wp:term":[{"taxonomy":"product_brand","embeddable":true,"href":"https:\/\/www.rucashk.com\/es\/wp-json\/wp\/v2\/product_brand?post=25721"},{"taxonomy":"product_cat","embeddable":true,"href":"https:\/\/www.rucashk.com\/es\/wp-json\/wp\/v2\/product_cat?post=25721"},{"taxonomy":"product_tag","embeddable":true,"href":"https:\/\/www.rucashk.com\/es\/wp-json\/wp\/v2\/product_tag?post=25721"}],"curies":[{"name":"wp","href":"https:\/\/api.w.org\/{rel}","templated":true}]}}