{"id":25686,"date":"2024-01-09T16:20:10","date_gmt":"2024-01-09T16:20:10","guid":{"rendered":"http:\/\/rucashk.com\/?post_type=product&#038;p=25686"},"modified":"2025-06-22T06:34:21","modified_gmt":"2025-06-22T06:34:21","slug":"qcy-ht03-bluetooth-earphones","status":"publish","type":"product","link":"https:\/\/www.rucashk.com\/es\/producto\/qcy-ht03-bluetooth-earphones\/","title":{"rendered":"Auriculares Bluetooth QCY HT03"},"content":{"rendered":"<p class=\"detail-desc-decorate-title\" data-spm-anchor-id=\"a2g0o.detail.1000023.i0.15b1509dhHqAc7\"><img fetchpriority=\"high\" decoding=\"async\" class=\"detail-desc-decorate-image aligncenter\" src=\"https:\/\/www.rucashk.com\/wp-content\/uploads\/2021\/09\/H091525cfa4ef494c8ad77ab652c375dc4.jpg\" alt=\"QCY HT03 Bluetooth Earphones\" width=\"1920\" height=\"1085\" \/><\/p>\n<div class=\"detailmodule_html\">\n<div class=\"detail-desc-decorate-richtext\">\n<div class=\"detailmodule_text-image\" style=\"text-align: center\"><img decoding=\"async\" class=\"detail-desc-decorate-image aligncenter\" src=\"https:\/\/www.rucashk.com\/wp-content\/uploads\/2021\/09\/H9085172c9ed44ea492c1ab6db84cb638I.jpg\" alt=\"QCY HT03 Bluetooth Earphones\" width=\"1920\" height=\"616\" \/><\/div>\n<div class=\"detailmodule_text-image\" style=\"text-align: center\">\n<p class=\"detail-desc-decorate-title\">Cancelaci\u00f3n de ruido de 35 dB que ofrece un ambiente silencioso<\/p>\n<p class=\"detail-desc-decorate-content\">Con la tecnolog\u00eda h\u00edbrida-ANC, los micr\u00f3fonos integrados hacia adelante y hacia atr\u00e1s ayudan a capturar los ruidos tanto del entorno como del canal auditivo. Pronto se generar\u00e1n ondas de sonido inversas para neutralizar dichos ruidos.<br \/>\nSiempre que necesites un mundo tranquilo, simplemente toca el auricular.<\/p>\n<div><img decoding=\"async\" class=\"detail-desc-decorate-image aligncenter\" src=\"https:\/\/www.rucashk.com\/wp-content\/uploads\/2021\/09\/He560ba4106f94b968d7abdeaa04cd2d8u.jpg\" alt=\"QCY HT03 Bluetooth Earphones\" width=\"1920\" height=\"1088\" \/><\/div>\n<\/div>\n<div class=\"detailmodule_text-image\" style=\"text-align: center\">\n<p class=\"detail-desc-decorate-title\">Aumente su audici\u00f3n Haga que todo lo que le rodea se note<\/p>\n<p class=\"detail-desc-decorate-content\">El modo transparente le permite notar las condiciones ambientales.<br \/>\nM\u00e1s seguro para los conductores;<br \/>\nCharle con amigos sin quitarse los auriculares; siga notando informaci\u00f3n importante en lugares como el aeropuerto.<\/p>\n<div><img loading=\"lazy\" decoding=\"async\" class=\"detail-desc-decorate-image aligncenter\" src=\"https:\/\/www.rucashk.com\/wp-content\/uploads\/2021\/09\/H60f8ec81daee4ccbafebf9324947bab3Y.jpg\" alt=\"QCY HT03 Bluetooth Earphones\" width=\"1920\" height=\"1077\" \/><\/div>\n<\/div>\n<div class=\"detailmodule_text-image\" style=\"text-align: center\">\n<p class=\"detail-desc-decorate-title\">Viviendas incre\u00edbles desde todos los \u00e1ngulos Un tama\u00f1o no sirve para todos<\/p>\n<p class=\"detail-desc-decorate-content\">Gracias al recubrimiento pulido UV, el HT 03 presenta una carcasa similar al cristal con un dise\u00f1o aerodin\u00e1mico especial, es redondo y f para ofrecer una textura excepcional.<\/p>\n<div><img loading=\"lazy\" decoding=\"async\" class=\"detail-desc-decorate-image aligncenter\" src=\"https:\/\/www.rucashk.com\/wp-content\/uploads\/2021\/09\/Hc9f8011704de4a8fba2c00a13a80ac4bk.jpg\" alt=\"QCY HT03 Bluetooth Earphones\" width=\"1920\" height=\"1079\" \/><\/div>\n<\/div>\n<div class=\"detailmodule_text-image\" style=\"text-align: center\">\n<p class=\"detail-desc-decorate-title\">Experiencia inmersiva El mal sonido nunca es una opci\u00f3n<\/p>\n<p class=\"detail-desc-decorate-content\">Con una potencia asombrosa bajo un cuerpo compacto, el controlador integrado de 10 mm ofrece graves potentes y un escenario de sonido din\u00e1mico.<br \/>\nCada banda sonora es clara y cada nota es rica.<br \/>\n\u00a1Eso es lo que pueden ofrecer estos auriculares equilibrados de tres bandas!<\/p>\n<div><img loading=\"lazy\" decoding=\"async\" class=\"detail-desc-decorate-image aligncenter\" src=\"https:\/\/www.rucashk.com\/wp-content\/uploads\/2021\/09\/H0866f877cec746c999ee58391705070dB.jpg\" alt=\"QCY HT03 Bluetooth Earphones\" width=\"1920\" height=\"1082\" \/><\/div>\n<\/div>\n<div class=\"detailmodule_text-image\" style=\"text-align: center\">\n<p class=\"detail-desc-decorate-title\">Neo Chip m\u00e1s r\u00e1pido que nunca<\/p>\n<p class=\"detail-desc-decorate-content\">Con la tecnolog\u00eda Bluetooth 5.1 de vanguardia, el HT-03 tiene menos consumo de energ\u00eda, transmisi\u00f3n m\u00e1s r\u00e1pida y menor latencia.<br \/>\nEso es lo que demuestra que el HT-03 le ofrece una experiencia excepcional.<\/p>\n<div><img loading=\"lazy\" decoding=\"async\" class=\"detail-desc-decorate-image aligncenter\" src=\"https:\/\/www.rucashk.com\/wp-content\/uploads\/2021\/09\/H5679ff8ec85547baa141b0b280034fd5u.jpg\" alt=\"QCY HT03 Bluetooth Earphones\" width=\"1920\" height=\"1078\" \/><\/div>\n<\/div>\n<div class=\"detailmodule_text-image\" style=\"text-align: center\">\n<p class=\"detail-desc-decorate-title\">Escuchar es un paso m\u00e1s para lograr conversaciones tranquilas y gratuitas incluso en lugares ruidosos<\/p>\n<p class=\"detail-desc-decorate-content\">Con la tecnolog\u00eda ANC, los micr\u00f3fonos principal y directo de cada auricular funcionan juntos para bloquear la mayor\u00eda de los ruidos ambientales durante las llamadas.<br \/>\nHT-03 hace que las llamadas est\u00e9n libres de latencia sin importar d\u00f3nde est\u00e9s<\/p>\n<div><img loading=\"lazy\" decoding=\"async\" class=\"detail-desc-decorate-image aligncenter\" src=\"https:\/\/www.rucashk.com\/wp-content\/uploads\/2021\/09\/H58687d865cd54ffdb944f8301f28da60N.jpg\" alt=\"QCY HT03 Bluetooth Earphones\" width=\"1920\" height=\"1082\" \/><\/div>\n<\/div>\n<div class=\"detailmodule_text-image\" style=\"text-align: center\">\n<p class=\"detail-desc-decorate-title\">Una reproducci\u00f3n de todo el d\u00eda Ver apagado Advertencia de bater\u00eda baja<\/p>\n<p class=\"detail-desc-decorate-content\">ANC y obtienes una reproducci\u00f3n de 6 horas sin cargo adicional. Con estuche de carga, el HT-03 puede ofrecer hasta 24 horas de m\u00fasica.<br \/>\n\u00a1La m\u00fasica no puede parar durante un d\u00eda entero!<\/p>\n<div><img loading=\"lazy\" decoding=\"async\" class=\"detail-desc-decorate-image aligncenter\" src=\"https:\/\/www.rucashk.com\/wp-content\/uploads\/2021\/09\/H56b352ea708c4c2784f698aa4d155b60V.jpg\" alt=\"QCY HT03 Bluetooth Earphones\" width=\"1920\" height=\"1082\" \/><\/div>\n<\/div>\n<div class=\"detailmodule_text-image\" style=\"text-align: center\">\n<p class=\"detail-desc-decorate-title\">El rendimiento de latencia sin sentido se mantiene perfecto<\/p>\n<p class=\"detail-desc-decorate-content\">Equipado con un chip incre\u00edble y una configuraci\u00f3n de alto nivel.<br \/>\nLos auriculares verdaderamente inal\u00e1mbricos cuentan con latencia ultrabaja para brindar una experiencia de transmisi\u00f3n excepcional<\/p>\n<div><img loading=\"lazy\" decoding=\"async\" class=\"detail-desc-decorate-image aligncenter\" src=\"https:\/\/www.rucashk.com\/wp-content\/uploads\/2021\/09\/H6bdcac3b46ad427d84833a1ca7daf4f7g.jpg\" alt=\"QCY HT03 Bluetooth Earphones\" width=\"1920\" height=\"1086\" \/><\/div>\n<\/div>\n<div class=\"detailmodule_text-image\" style=\"text-align: center\">\n<p class=\"detail-desc-decorate-title\">APLICACI\u00d3N QCY exclusiva F\u00e1cil de usar<\/p>\n<p class=\"detail-desc-decorate-content\">La aplicaci\u00f3n QCY le permite personalizar el control, configurar el ecualizador...<br \/>\nPara que puedas construir HT-03 a tu manera.<\/p>\n<div><img loading=\"lazy\" decoding=\"async\" class=\"detail-desc-decorate-image aligncenter\" src=\"https:\/\/www.rucashk.com\/wp-content\/uploads\/2021\/09\/H0bdff8f70c5e4924a6a48b1007442b11g.jpg\" alt=\"QCY HT03 Bluetooth Earphones\" width=\"1920\" height=\"1080\" \/><\/div>\n<\/div>\n<div class=\"detailmodule_text-image\" style=\"text-align: center\">\n<p class=\"detail-desc-decorate-title\">Experiencia sin presi\u00f3n de control t\u00e1ctil<\/p>\n<p class=\"detail-desc-decorate-content\">Ya no tendr\u00e1s que presionar un bot\u00f3n f\u00edsico, todo lo que necesitas hacer ahora es un toque suave y todo estar\u00e1 al alcance de tu mano.<\/p>\n<div><img loading=\"lazy\" decoding=\"async\" class=\"detail-desc-decorate-image aligncenter\" src=\"https:\/\/www.rucashk.com\/wp-content\/uploads\/2021\/09\/H183741b2d3b941d4bc2ba46efb0e26d1s.jpg\" alt=\"QCY HT03 Bluetooth Earphones\" width=\"1920\" height=\"1082\" \/><\/div>\n<\/div>\n<div class=\"detailmodule_text-image\">\n<p class=\"detail-desc-decorate-title\" style=\"text-align: center\">Qu\u00e9 hay en la caja<\/p>\n<div><img loading=\"lazy\" decoding=\"async\" class=\"detail-desc-decorate-image aligncenter\" src=\"https:\/\/www.rucashk.com\/wp-content\/uploads\/2021\/09\/H962dc87d8ae94032b795eb7e8f7a0d49q.jpg\" alt=\"QCY HT03 Bluetooth Earphones\" width=\"1920\" height=\"1073\" \/><\/div>\n<div><\/div>\n<div style=\"text-align: center\">Rucas, distribuidor l\u00edder de xiaomi en Hong Kong.<br \/>\nCentr\u00e1ndose en productos de accesorios ecol\u00f3gicos de una marca de China, como Amazfit, Haylou, Ninebot, Roborock, Dreame, Imilab, 70Mai, Deerma. Mantenemos cientos de SKU de Xiaomi con stock en el almac\u00e9n de HK y Shenzhen de manera estable para lograr el menor plazo de entrega.<\/div>\n<\/div>\n<\/div>\n<\/div>","protected":false},"excerpt":{"rendered":"<ul>\n<li>ANC: cancelaci\u00f3n de ruido h\u00edbrida<\/li>\n<li>Modo transparente: observa el mundo que te rodea<\/li>\n<li>Bluetooth V5.1: chip Bluetooth de \u00faltima generaci\u00f3n<\/li>\n<li>Cuatro micr\u00f3fonos: para cancelar el ruido al llamar<\/li>\n<li>Controlador de 10 mm\/bater\u00eda de duraci\u00f3n ultralarga de 24 horas<\/li>\n<li>Latencia sin sentido: navegaci\u00f3n genial en l\u00ednea<\/li>\n<li>Ventana emergente: f\u00e1cil de conectar<\/li>\n<li>Control de aplicaciones: personalizaci\u00f3n de auriculares<\/li>\n<\/ul>","protected":false},"featured_media":25812,"template":"","meta":[],"product_brand":[1417],"product_cat":[1311,1305],"product_tag":[],"class_list":{"0":"post-25686","1":"product","2":"type-product","3":"status-publish","4":"has-post-thumbnail","6":"product_brand-qcy","7":"product_cat-qcy-earphone","8":"product_cat-xiaomi-eco","10":"first","11":"instock","12":"shipping-taxable","13":"product-type-simple"},"aioseo_notices":[],"aioseo_head":"\n\t\t<!-- All in One SEO Pro 4.5.9.2 - aioseo.com -->\n\t\t<meta name=\"description\" content=\"ANC \u2013 Hybrid noise canceling Transparent mode \u2013 notice the world around you Bluetooth V5.1 \u2013 Cutting-edge Bluetooth chip Four microphones \u2013 for noise-canceling in calling 10mm driver \/ 24hr ultra-long battery life Senseless latency \u2013 cool surf online Pop up window \u2013 easy to connect App Control \u2013 customizing earbuds\" \/>\n\t\t<meta name=\"robots\" content=\"max-image-preview:large\" \/>\n\t\t<link rel=\"canonical\" href=\"https:\/\/www.rucashk.com\/es\/producto\/qcy-ht03-bluetooth-earphones\/\" \/>\n\t\t<meta name=\"generator\" content=\"All in One SEO Pro (AIOSEO) 4.5.9.2\" \/>\n\t\t<meta property=\"og:locale\" content=\"es_ES\" \/>\n\t\t<meta property=\"og:site_name\" content=\"Rucas - One-stop AIoT Distribution Worldwide\" \/>\n\t\t<meta property=\"og:type\" content=\"article\" \/>\n\t\t<meta property=\"og:title\" content=\"QCY HT03 Bluetooth Earphones - Rucas - Wholesale and Distribution\" \/>\n\t\t<meta property=\"og:description\" content=\"ANC \u2013 Hybrid noise canceling Transparent mode \u2013 notice the world around you Bluetooth V5.1 \u2013 Cutting-edge Bluetooth chip Four microphones \u2013 for noise-canceling in calling 10mm driver \/ 24hr ultra-long battery life Senseless latency \u2013 cool surf online Pop up window \u2013 easy to connect App Control \u2013 customizing earbuds\" \/>\n\t\t<meta property=\"og:url\" content=\"https:\/\/www.rucashk.com\/es\/producto\/qcy-ht03-bluetooth-earphones\/\" \/>\n\t\t<meta property=\"og:image\" content=\"https:\/\/www.rucashk.com\/wp-content\/uploads\/replace\/503b8e645f128a97ccde2b6290747646.jpeg\" \/>\n\t\t<meta property=\"og:image:secure_url\" content=\"https:\/\/www.rucashk.com\/wp-content\/uploads\/replace\/503b8e645f128a97ccde2b6290747646.jpeg\" \/>\n\t\t<meta property=\"og:image:width\" content=\"1456\" \/>\n\t\t<meta property=\"og:image:height\" content=\"816\" \/>\n\t\t<meta property=\"article:published_time\" content=\"2024-01-09T16:20:10+00:00\" \/>\n\t\t<meta property=\"article:modified_time\" content=\"2025-06-22T06:34:21+00:00\" \/>\n\t\t<meta name=\"twitter:card\" content=\"summary_large_image\" \/>\n\t\t<meta name=\"twitter:title\" content=\"QCY HT03 Bluetooth Earphones - Rucas - Wholesale and Distribution\" \/>\n\t\t<meta name=\"twitter:description\" content=\"ANC \u2013 Hybrid noise canceling Transparent mode \u2013 notice the world around you Bluetooth V5.1 \u2013 Cutting-edge Bluetooth chip Four microphones \u2013 for noise-canceling in calling 10mm driver \/ 24hr ultra-long battery life Senseless latency \u2013 cool surf online Pop up window \u2013 easy to connect App Control \u2013 customizing earbuds\" \/>\n\t\t<meta name=\"twitter:image\" content=\"https:\/\/www.rucashk.com\/wp-content\/uploads\/replace\/503b8e645f128a97ccde2b6290747646.jpeg\" \/>\n\t\t<script type=\"application\/ld+json\" class=\"aioseo-schema\">\n\t\t\t{\"@context\":\"https:\\\/\\\/schema.org\",\"@graph\":[{\"@type\":\"BreadcrumbList\",\"@id\":\"https:\\\/\\\/www.rucashk.com\\\/es\\\/producto\\\/qcy-ht03-bluetooth-earphones\\\/#breadcrumblist\",\"itemListElement\":[{\"@type\":\"ListItem\",\"@id\":\"https:\\\/\\\/www.rucashk.com\\\/es\\\/#listItem\",\"position\":1,\"name\":\"Home\",\"item\":\"https:\\\/\\\/www.rucashk.com\\\/es\\\/\",\"nextItem\":\"https:\\\/\\\/www.rucashk.com\\\/es\\\/producto\\\/qcy-ht03-bluetooth-earphones\\\/#listItem\"},{\"@type\":\"ListItem\",\"@id\":\"https:\\\/\\\/www.rucashk.com\\\/es\\\/producto\\\/qcy-ht03-bluetooth-earphones\\\/#listItem\",\"position\":2,\"name\":\"QCY HT03 Bluetooth Earphones\",\"previousItem\":\"https:\\\/\\\/www.rucashk.com\\\/es\\\/#listItem\"}]},{\"@type\":\"Organization\",\"@id\":\"https:\\\/\\\/www.rucashk.com\\\/es\\\/#organization\",\"name\":\"Rucas\",\"url\":\"https:\\\/\\\/www.rucashk.com\\\/es\\\/\",\"logo\":{\"@type\":\"ImageObject\",\"url\":\"https:\\\/\\\/www.rucashk.com\\\/wp-content\\\/uploads\\\/2023\\\/12\\\/Rucas_campany_logo.png\",\"@id\":\"https:\\\/\\\/www.rucashk.com\\\/es\\\/producto\\\/qcy-ht03-bluetooth-earphones\\\/#organizationLogo\",\"width\":221,\"height\":65},\"image\":{\"@id\":\"https:\\\/\\\/www.rucashk.com\\\/es\\\/#organizationLogo\"}},{\"@type\":\"Person\",\"@id\":\"https:\\\/\\\/www.rucashk.com\\\/es\\\/author\\\/admin\\\/#author\",\"url\":\"https:\\\/\\\/www.rucashk.com\\\/es\\\/author\\\/admin\\\/\",\"name\":\"admin\",\"image\":{\"@type\":\"ImageObject\",\"@id\":\"https:\\\/\\\/www.rucashk.com\\\/es\\\/producto\\\/qcy-ht03-bluetooth-earphones\\\/#authorImage\",\"url\":\"https:\\\/\\\/secure.gravatar.com\\\/avatar\\\/b7c8925b09a27e72b30232f8ecaadbd5af0f70a38c78096863fe51b64f031c24?s=96&d=mm&r=g\",\"width\":96,\"height\":96,\"caption\":\"admin\"}},{\"@type\":\"WebPage\",\"@id\":\"https:\\\/\\\/www.rucashk.com\\\/es\\\/producto\\\/qcy-ht03-bluetooth-earphones\\\/#webpage\",\"url\":\"https:\\\/\\\/www.rucashk.com\\\/es\\\/producto\\\/qcy-ht03-bluetooth-earphones\\\/\",\"name\":\"QCY HT03 Bluetooth Earphones - Rucas - Wholesale and Distribution\",\"description\":\"ANC \\u2013 Hybrid noise canceling Transparent mode \\u2013 notice the world around you Bluetooth V5.1 \\u2013 Cutting-edge Bluetooth chip Four microphones \\u2013 for noise-canceling in calling 10mm driver \\\/ 24hr ultra-long battery life Senseless latency \\u2013 cool surf online Pop up window \\u2013 easy to connect App Control \\u2013 customizing earbuds\",\"inLanguage\":\"es-ES\",\"isPartOf\":{\"@id\":\"https:\\\/\\\/www.rucashk.com\\\/es\\\/#website\"},\"breadcrumb\":{\"@id\":\"https:\\\/\\\/www.rucashk.com\\\/es\\\/producto\\\/qcy-ht03-bluetooth-earphones\\\/#breadcrumblist\"},\"author\":{\"@id\":\"https:\\\/\\\/www.rucashk.com\\\/es\\\/author\\\/admin\\\/#author\"},\"creator\":{\"@id\":\"https:\\\/\\\/www.rucashk.com\\\/es\\\/author\\\/admin\\\/#author\"},\"image\":{\"@type\":\"ImageObject\",\"url\":\"https:\\\/\\\/www.rucashk.com\\\/wp-content\\\/uploads\\\/2024\\\/01\\\/QCY-HT03-Bluetooth-Earphones.png\",\"@id\":\"https:\\\/\\\/www.rucashk.com\\\/es\\\/producto\\\/qcy-ht03-bluetooth-earphones\\\/#mainImage\",\"width\":800,\"height\":800},\"primaryImageOfPage\":{\"@id\":\"https:\\\/\\\/www.rucashk.com\\\/es\\\/producto\\\/qcy-ht03-bluetooth-earphones\\\/#mainImage\"},\"datePublished\":\"2024-01-09T16:20:10+00:00\",\"dateModified\":\"2025-06-22T06:34:21+00:00\"},{\"@type\":\"WebSite\",\"@id\":\"https:\\\/\\\/www.rucashk.com\\\/es\\\/#website\",\"url\":\"https:\\\/\\\/www.rucashk.com\\\/es\\\/\",\"name\":\"Rucas - Wholesale and distribution worldwide\",\"alternateName\":\"Rucas - One-stop AIoT Distribution Worldwide\",\"description\":\"One-stop AIoT Distribution Worldwide\",\"inLanguage\":\"es-ES\",\"publisher\":{\"@id\":\"https:\\\/\\\/www.rucashk.com\\\/es\\\/#organization\"}}]}\n\t\t<\/script>\n\t\t<!-- All in One SEO Pro -->\r\n\t\t<title>QCY HT03 Bluetooth Earphones - Rucas - Wholesale and Distribution<\/title>\n\n","aioseo_head_json":{"title":"QCY HT03 Bluetooth Earphones - Rucas - Wholesale and Distribution","description":"ANC \u2013 Hybrid noise canceling Transparent mode \u2013 notice the world around you Bluetooth V5.1 \u2013 Cutting-edge Bluetooth chip Four microphones \u2013 for noise-canceling in calling 10mm driver \/ 24hr ultra-long battery life Senseless latency \u2013 cool surf online Pop up window \u2013 easy to connect App Control \u2013 customizing earbuds","canonical_url":"https:\/\/www.rucashk.com\/es\/producto\/qcy-ht03-bluetooth-earphones\/","robots":"max-image-preview:large","keywords":"","webmasterTools":{"miscellaneous":""},"og:locale":"es_ES","og:site_name":"Rucas - One-stop AIoT Distribution Worldwide","og:type":"article","og:title":"QCY HT03 Bluetooth Earphones - Rucas - Wholesale and Distribution","og:description":"ANC \u2013 Hybrid noise canceling Transparent mode \u2013 notice the world around you Bluetooth V5.1 \u2013 Cutting-edge Bluetooth chip Four microphones \u2013 for noise-canceling in calling 10mm driver \/ 24hr ultra-long battery life Senseless latency \u2013 cool surf online Pop up window \u2013 easy to connect App Control \u2013 customizing earbuds","og:url":"https:\/\/www.rucashk.com\/es\/producto\/qcy-ht03-bluetooth-earphones\/","og:image":"https:\/\/www.rucashk.com\/wp-content\/uploads\/replace\/503b8e645f128a97ccde2b6290747646.jpeg","og:image:secure_url":"https:\/\/www.rucashk.com\/wp-content\/uploads\/replace\/503b8e645f128a97ccde2b6290747646.jpeg","og:image:width":1456,"og:image:height":816,"article:published_time":"2024-01-09T16:20:10+00:00","article:modified_time":"2025-06-22T06:34:21+00:00","twitter:card":"summary_large_image","twitter:title":"QCY HT03 Bluetooth Earphones - Rucas - Wholesale and Distribution","twitter:description":"ANC \u2013 Hybrid noise canceling Transparent mode \u2013 notice the world around you Bluetooth V5.1 \u2013 Cutting-edge Bluetooth chip Four microphones \u2013 for noise-canceling in calling 10mm driver \/ 24hr ultra-long battery life Senseless latency \u2013 cool surf online Pop up window \u2013 easy to connect App Control \u2013 customizing earbuds","twitter:image":"https:\/\/www.rucashk.com\/wp-content\/uploads\/replace\/503b8e645f128a97ccde2b6290747646.jpeg","schema":{"@context":"https:\/\/schema.org","@graph":[{"@type":"BreadcrumbList","@id":"https:\/\/www.rucashk.com\/es\/producto\/qcy-ht03-bluetooth-earphones\/#breadcrumblist","itemListElement":[{"@type":"ListItem","@id":"https:\/\/www.rucashk.com\/es\/#listItem","position":1,"name":"Home","item":"https:\/\/www.rucashk.com\/es\/","nextItem":"https:\/\/www.rucashk.com\/es\/producto\/qcy-ht03-bluetooth-earphones\/#listItem"},{"@type":"ListItem","@id":"https:\/\/www.rucashk.com\/es\/producto\/qcy-ht03-bluetooth-earphones\/#listItem","position":2,"name":"QCY HT03 Bluetooth Earphones","previousItem":"https:\/\/www.rucashk.com\/es\/#listItem"}]},{"@type":"Organization","@id":"https:\/\/www.rucashk.com\/es\/#organization","name":"Rucas","url":"https:\/\/www.rucashk.com\/es\/","logo":{"@type":"ImageObject","url":"https:\/\/www.rucashk.com\/wp-content\/uploads\/2023\/12\/Rucas_campany_logo.png","@id":"https:\/\/www.rucashk.com\/es\/producto\/qcy-ht03-bluetooth-earphones\/#organizationLogo","width":221,"height":65},"image":{"@id":"https:\/\/www.rucashk.com\/es\/#organizationLogo"}},{"@type":"Person","@id":"https:\/\/www.rucashk.com\/es\/author\/admin\/#author","url":"https:\/\/www.rucashk.com\/es\/author\/admin\/","name":"admin","image":{"@type":"ImageObject","@id":"https:\/\/www.rucashk.com\/es\/producto\/qcy-ht03-bluetooth-earphones\/#authorImage","url":"https:\/\/secure.gravatar.com\/avatar\/b7c8925b09a27e72b30232f8ecaadbd5af0f70a38c78096863fe51b64f031c24?s=96&d=mm&r=g","width":96,"height":96,"caption":"admin"}},{"@type":"WebPage","@id":"https:\/\/www.rucashk.com\/es\/producto\/qcy-ht03-bluetooth-earphones\/#webpage","url":"https:\/\/www.rucashk.com\/es\/producto\/qcy-ht03-bluetooth-earphones\/","name":"QCY HT03 Bluetooth Earphones - Rucas - Wholesale and Distribution","description":"ANC \u2013 Hybrid noise canceling Transparent mode \u2013 notice the world around you Bluetooth V5.1 \u2013 Cutting-edge Bluetooth chip Four microphones \u2013 for noise-canceling in calling 10mm driver \/ 24hr ultra-long battery life Senseless latency \u2013 cool surf online Pop up window \u2013 easy to connect App Control \u2013 customizing earbuds","inLanguage":"es-ES","isPartOf":{"@id":"https:\/\/www.rucashk.com\/es\/#website"},"breadcrumb":{"@id":"https:\/\/www.rucashk.com\/es\/producto\/qcy-ht03-bluetooth-earphones\/#breadcrumblist"},"author":{"@id":"https:\/\/www.rucashk.com\/es\/author\/admin\/#author"},"creator":{"@id":"https:\/\/www.rucashk.com\/es\/author\/admin\/#author"},"image":{"@type":"ImageObject","url":"https:\/\/www.rucashk.com\/wp-content\/uploads\/2024\/01\/QCY-HT03-Bluetooth-Earphones.png","@id":"https:\/\/www.rucashk.com\/es\/producto\/qcy-ht03-bluetooth-earphones\/#mainImage","width":800,"height":800},"primaryImageOfPage":{"@id":"https:\/\/www.rucashk.com\/es\/producto\/qcy-ht03-bluetooth-earphones\/#mainImage"},"datePublished":"2024-01-09T16:20:10+00:00","dateModified":"2025-06-22T06:34:21+00:00"},{"@type":"WebSite","@id":"https:\/\/www.rucashk.com\/es\/#website","url":"https:\/\/www.rucashk.com\/es\/","name":"Rucas - Wholesale and distribution worldwide","alternateName":"Rucas - One-stop AIoT Distribution Worldwide","description":"One-stop AIoT Distribution Worldwide","inLanguage":"es-ES","publisher":{"@id":"https:\/\/www.rucashk.com\/es\/#organization"}}]}},"aioseo_meta_data":{"post_id":"25686","title":null,"description":null,"keywords":null,"keyphrases":null,"primary_term":null,"canonical_url":null,"og_title":null,"og_description":null,"og_object_type":"default","og_image_type":"default","og_image_url":null,"og_image_width":null,"og_image_height":null,"og_image_custom_url":null,"og_image_custom_fields":null,"og_video":null,"og_custom_url":null,"og_article_section":null,"og_article_tags":null,"twitter_use_og":false,"twitter_card":"default","twitter_image_type":"default","twitter_image_url":null,"twitter_image_custom_url":null,"twitter_image_custom_fields":null,"twitter_title":null,"twitter_description":null,"schema":{"blockGraphs":[],"customGraphs":[],"default":{"data":{"Article":[],"Course":[],"Dataset":[],"FAQPage":[],"Movie":[],"Person":[],"Product":[],"Recipe":[],"Service":[],"SoftwareApplication":[],"WebPage":[]},"graphName":"","isEnabled":true},"graphs":[]},"schema_type":"default","schema_type_options":null,"pillar_content":false,"robots_default":true,"robots_noindex":false,"robots_noarchive":false,"robots_nosnippet":false,"robots_nofollow":false,"robots_noimageindex":false,"robots_noodp":false,"robots_notranslate":false,"robots_max_snippet":null,"robots_max_videopreview":null,"robots_max_imagepreview":"large","priority":null,"frequency":null,"local_seo":null,"breadcrumb_settings":null,"limit_modified_date":false,"created":"2024-04-11 01:57:19","updated":"2025-06-22 17:59:28"},"aioseo_breadcrumb":"<div class=\"aioseo-breadcrumbs\"><span class=\"aioseo-breadcrumb\">\n\t<a href=\"https:\/\/www.rucashk.com\/es\" title=\"Home\">Home<\/a>\n<\/span><span class=\"aioseo-breadcrumb-separator\">&raquo;<\/span><span class=\"aioseo-breadcrumb\">\n\t<a href=\"https:\/\/www.rucashk.com\/es\/products\/\" title=\"Productos\">Productos<\/a>\n<\/span><span class=\"aioseo-breadcrumb-separator\">&raquo;<\/span><span class=\"aioseo-breadcrumb\">\n\t<a href=\"https:\/\/www.rucashk.com\/es\/marca\/qcy\/\" title=\"QCY\">QCY<\/a>\n<\/span><span class=\"aioseo-breadcrumb-separator\">&raquo;<\/span><span class=\"aioseo-breadcrumb\">\n\tQCY HT03 Bluetooth Earphones\n<\/span><\/div>","aioseo_breadcrumb_json":[{"label":"Home","link":"https:\/\/www.rucashk.com\/es"},{"label":"Productos","link":"https:\/\/www.rucashk.com\/es\/products\/"},{"label":"QCY","link":"https:\/\/www.rucashk.com\/es\/marca\/qcy\/"},{"label":"QCY HT03 Bluetooth Earphones","link":"https:\/\/www.rucashk.com\/es\/producto\/qcy-ht03-bluetooth-earphones\/"}],"_links":{"self":[{"href":"https:\/\/www.rucashk.com\/es\/wp-json\/wp\/v2\/product\/25686","targetHints":{"allow":["GET"]}}],"collection":[{"href":"https:\/\/www.rucashk.com\/es\/wp-json\/wp\/v2\/product"}],"about":[{"href":"https:\/\/www.rucashk.com\/es\/wp-json\/wp\/v2\/types\/product"}],"wp:featuredmedia":[{"embeddable":true,"href":"https:\/\/www.rucashk.com\/es\/wp-json\/wp\/v2\/media\/25812"}],"wp:attachment":[{"href":"https:\/\/www.rucashk.com\/es\/wp-json\/wp\/v2\/media?parent=25686"}],"wp:term":[{"taxonomy":"product_brand","embeddable":true,"href":"https:\/\/www.rucashk.com\/es\/wp-json\/wp\/v2\/product_brand?post=25686"},{"taxonomy":"product_cat","embeddable":true,"href":"https:\/\/www.rucashk.com\/es\/wp-json\/wp\/v2\/product_cat?post=25686"},{"taxonomy":"product_tag","embeddable":true,"href":"https:\/\/www.rucashk.com\/es\/wp-json\/wp\/v2\/product_tag?post=25686"}],"curies":[{"name":"wp","href":"https:\/\/api.w.org\/{rel}","templated":true}]}}