{"id":25657,"date":"2024-01-09T16:19:46","date_gmt":"2024-01-09T16:19:46","guid":{"rendered":"http:\/\/rucashk.com\/?post_type=product&#038;p=25657"},"modified":"2024-01-22T07:10:17","modified_gmt":"2024-01-22T07:10:17","slug":"huawei-freebuds-4i-bluetooth-earphone","status":"publish","type":"product","link":"https:\/\/www.rucashk.com\/es\/producto\/huawei-freebuds-4i-bluetooth-earphone\/","title":{"rendered":"Auricular Bluetooth HUAWEI FreeBuds 4i"},"content":{"rendered":"<div class=\"detailmodule_html\">\n<div class=\"detail-desc-decorate-richtext\"><\/div>\n<\/div>\n<div class=\"detailmodule_text-image\">\n<div><img fetchpriority=\"high\" decoding=\"async\" class=\"detail-desc-decorate-image aligncenter\" src=\"https:\/\/www.rucashk.com\/wp-content\/uploads\/2021\/09\/H72ce86d2745e44d790db43be0d36fdb1T.png\" alt=\"HUAWEI FreeBuds 4i Bluetooth Earphone \" width=\"1200\" height=\"550\" \/><img decoding=\"async\" class=\"detail-desc-decorate-image aligncenter\" src=\"https:\/\/www.rucashk.com\/wp-content\/uploads\/2021\/09\/H9f3f965172e3488d8a798dc05f237a91l.png\" alt=\"HUAWEI FreeBuds 4i Bluetooth Earphone \" width=\"1200\" height=\"646\" \/><\/div>\n<\/div>\n<div class=\"detailmodule_text-image\" style=\"text-align: center\">\n<p class=\"detail-desc-decorate-title\">Ligeramente, m\u00e1s simple<\/p>\n<p class=\"detail-desc-decorate-content\">Toque los auriculares, puede controlarlos f\u00e1cilmente, de modo que cada vez que se someta a una operaci\u00f3n card\u00edaca se realice.<\/p>\n<div><img decoding=\"async\" class=\"detail-desc-decorate-image aligncenter\" src=\"https:\/\/www.rucashk.com\/wp-content\/uploads\/2021\/09\/H321fb77e7fa44058b8e6917847937be6b.png\" alt=\"HUAWEI FreeBuds 4i Bluetooth Earphone \" width=\"1200\" height=\"730\" \/><\/div>\n<\/div>\n<div class=\"detailmodule_text-image\" style=\"text-align: center\">\n<p class=\"detail-desc-decorate-title\">Este par, un par natural.<\/p>\n<p class=\"detail-desc-decorate-content\">Auriculares bi\u00f3nicos Dise\u00f1o ergon\u00f3mico 3D y ajuste perfecto al canal auditivo 2 ; Cuerpo liviano, que reduce la carga en la oreja y una experiencia de uso m\u00e1s c\u00f3moda.<\/p>\n<div><img loading=\"lazy\" decoding=\"async\" class=\"detail-desc-decorate-image aligncenter\" src=\"https:\/\/www.rucashk.com\/wp-content\/uploads\/2021\/09\/H96786b398e5f4523b97b4da59c049762q.png\" alt=\"HUAWEI FreeBuds 4i Bluetooth Earphone \" width=\"1200\" height=\"680\" \/><\/div>\n<\/div>\n<div class=\"detailmodule_text-image\" style=\"text-align: center\">\n<p class=\"detail-desc-decorate-title\">No importa lo ruidoso que sea el mundo, esc\u00fachate a ti mismo.<\/p>\n<p class=\"detail-desc-decorate-content\">La tecnolog\u00eda de reducci\u00f3n activa de ruido de Huawei puede reducir eficazmente el ruido de la vida com\u00fan 3. Ya sea una estaci\u00f3n ruidosa, un animado centro comercial o un metro en las horas pico de la ma\u00f1ana y de la tarde, active la reducci\u00f3n de ruido y podr\u00e1 ingresar al mundo de la m\u00fasica tranquila sin subir el volumen.<br \/>\nEl micr\u00f3fono dual<\/p>\n<div><img loading=\"lazy\" decoding=\"async\" class=\"detail-desc-decorate-image aligncenter\" src=\"https:\/\/www.rucashk.com\/wp-content\/uploads\/2021\/09\/H0c50f2c0661f40b48fc33b6aaeba88f3y.png\" alt=\"HUAWEI FreeBuds 4i Bluetooth Earphone \" width=\"1200\" height=\"750\" \/><img loading=\"lazy\" decoding=\"async\" class=\"detail-desc-decorate-image aligncenter\" src=\"https:\/\/www.rucashk.com\/wp-content\/uploads\/2021\/09\/H2015c83506284df28ce613304215d49eh.png\" alt=\"HUAWEI FreeBuds 4i Bluetooth Earphone \" width=\"1200\" height=\"650\" \/><\/div>\n<\/div>\n<div class=\"detailmodule_text-image\" style=\"text-align: center\">\n<p class=\"detail-desc-decorate-title\">Buen sonido, nunca te canses de escuchar<\/p>\n<p class=\"detail-desc-decorate-content\">Auriculares compactos, unidad de bobina din\u00e1mica incorporada de 10 mm, con diafragma compuesto de pol\u00edmero, voces claras y transparentes, detalles sobresalientes del instrumento, equilibrio general de tres bandas, capas claras, le permiten sentir m\u00e1s emociones musicales.<\/p>\n<div><img loading=\"lazy\" decoding=\"async\" class=\"detail-desc-decorate-image aligncenter\" src=\"https:\/\/www.rucashk.com\/wp-content\/uploads\/2021\/09\/H39135c8bce5046a8abc3e7e625b5f2ceW.png\" alt=\"HUAWEI FreeBuds 4i Bluetooth Earphone \" width=\"1200\" height=\"650\" \/><\/div>\n<\/div>\n<div class=\"detailmodule_text-image\" style=\"text-align: center\">\n<p class=\"detail-desc-decorate-title\">Bater\u00eda de larga duraci\u00f3n, siempre contigo<\/p>\n<p class=\"detail-desc-decorate-content\">Tiempo de reproducci\u00f3n continua de m\u00fasica de los auriculares de hasta 10 horas 1, carga durante 10 minutos y 4 horas para brindarte una experiencia auditiva fluida 5, deja que la m\u00fasica te acompa\u00f1e en cualquier momento.<\/p>\n<div><img loading=\"lazy\" decoding=\"async\" class=\"detail-desc-decorate-image aligncenter\" src=\"https:\/\/www.rucashk.com\/wp-content\/uploads\/2021\/09\/Hb9d83457d92c44eaacda5ba7259bd4edd.png\" alt=\"HUAWEI FreeBuds 4i Bluetooth Earphone \" width=\"1200\" height=\"650\" \/><\/div>\n<\/div>\n<div class=\"detailmodule_text-image\" style=\"text-align: center\">\n<p class=\"detail-desc-decorate-title\">El sonido ambiental se transmite, puedes escucharlo si quieres.<\/p>\n<p class=\"detail-desc-decorate-content\">Mantenga presionado el auricular para cambiar r\u00e1pidamente el modo de transmisi\u00f3n transparente, podr\u00e1 percibir el entorno circundante sin quitarse el auricular y comunicarse con las personas m\u00e1s f\u00e1cilmente.<\/p>\n<div><img loading=\"lazy\" decoding=\"async\" class=\"detail-desc-decorate-image aligncenter\" src=\"https:\/\/www.rucashk.com\/wp-content\/uploads\/2021\/09\/Hd653fb7f06034c40a895e436cea0ef0a7.png\" alt=\"HUAWEI FreeBuds 4i Bluetooth Earphone \" width=\"1200\" height=\"650\" \/><\/div>\n<\/div>\n<div class=\"detailmodule_text-image\" style=\"text-align: center\">\n<p class=\"detail-desc-decorate-title\">Sincronizaci\u00f3n de audio y v\u00eddeo, compartir diversi\u00f3n<\/p>\n<p class=\"detail-desc-decorate-content\">Los auriculares utilizan un algoritmo 7 avanzado de baja latencia, que acorta el intervalo de comunicaci\u00f3n entre la visi\u00f3n y la audici\u00f3n, lo que le permite jugar, ver dramas y ver juegos, todo en una feliz sincronizaci\u00f3n.<\/p>\n<div><img loading=\"lazy\" decoding=\"async\" class=\"detail-desc-decorate-image aligncenter\" src=\"https:\/\/www.rucashk.com\/wp-content\/uploads\/2021\/09\/H1d7e636422464e81919046900504359cD.png\" alt=\"HUAWEI FreeBuds 4i Bluetooth Earphone \" width=\"1200\" height=\"650\" \/><img loading=\"lazy\" decoding=\"async\" class=\"detail-desc-decorate-image aligncenter\" src=\"https:\/\/www.rucashk.com\/wp-content\/uploads\/2021\/09\/Hc23b3800f84c42a5a1eea9d2a152bfe0c.png\" alt=\"HUAWEI FreeBuds 4i Bluetooth Earphone \" width=\"1200\" height=\"650\" \/><\/div>\n<\/div>\n<div class=\"detailmodule_text-image\" style=\"text-align: center\">\n<p class=\"detail-desc-decorate-title\">Peque\u00f1o, no debe subestimarse<\/p>\n<p class=\"detail-desc-decorate-content\">La peque\u00f1a y redonda caja de auriculares se sostiene en la palma de la mano y el toque c\u00e1lido llega al coraz\u00f3n. El dise\u00f1o del proceso claro y conciso utiliza cada arco para delinear el contorno exquisito de los auriculares.<\/p>\n<div><img loading=\"lazy\" decoding=\"async\" class=\"detail-desc-decorate-image aligncenter\" src=\"https:\/\/www.rucashk.com\/wp-content\/uploads\/2021\/09\/H397c89154c804919abb0168845aa3444v.png\" alt=\"HUAWEI FreeBuds 4i Bluetooth Earphone \" width=\"1200\" height=\"646\" \/><\/div>\n<\/div>\n<div class=\"detailmodule_text-image\">\n<p class=\"detail-desc-decorate-title\" style=\"text-align: center\">Acompa\u00f1amiento para cada momento de la vida.<\/p>\n<p class=\"detail-desc-decorate-content\" style=\"text-align: center\">Huawei Music ofrece decenas de millones de bibliotecas de m\u00fasica, listas de reproducci\u00f3n populares, columnas exclusivas, estaciones de audio, canciones con calidad de sonido ultra clara de alta fidelidad y otros servicios personalizados, como multicanal panor\u00e1mico, m\u00fasica en ejecuci\u00f3n, tonos de llamada y disfraces. Los usuarios pueden disfrutarlos en cualquier momento y en cualquier lugar. La diversi\u00f3n de la m\u00fasica de alta calidad.<\/p>\n<div><img loading=\"lazy\" decoding=\"async\" class=\"detail-desc-decorate-image aligncenter\" src=\"https:\/\/www.rucashk.com\/wp-content\/uploads\/2021\/09\/H7442641b6c4848c0837f9e89d25f5180C.png\" alt=\"HUAWEI FreeBuds 4i Bluetooth Earphone \" width=\"1200\" height=\"550\" \/><\/div>\n<div>\n<p style=\"text-align: center\"><span data-spm-anchor-id=\"a2g0o.detail.1000023.i2.58c82624czevUO\">Nombre del modelo: Huawei Freebuds 4i<\/span><\/p>\n<p style=\"text-align: center\">Capacidad de la bater\u00eda:<\/p>\n<p style=\"text-align: center\">Por auricular: 55 mAh (min.)* \/ Estuche de carga: 215 mAh (min.)*<\/p>\n<p style=\"text-align: center\">Tiempo de juego:<\/p>\n<p style=\"text-align: center\">Duraci\u00f3n de la reproducci\u00f3n de m\u00fasica: 10 horas (con cancelaci\u00f3n de ruido desactivada)**<\/p>\n<p style=\"text-align: center\">Duraci\u00f3n de la reproducci\u00f3n de m\u00fasica: 7,5 horas (con cancelaci\u00f3n de ruido habilitada)**<\/p>\n<p style=\"text-align: center\">Duraci\u00f3n de la llamada de voz: 6,5 horas (con cancelaci\u00f3n de ruido desactivada)***<\/p>\n<p style=\"text-align: center\">Duraci\u00f3n de la llamada de voz: 5,5 horas (con cancelaci\u00f3n de ruido habilitada)***<\/p>\n<p style=\"text-align: center\">Tipo de Bater\u00eda:<\/p>\n<p style=\"text-align: center\">Bater\u00eda de pol\u00edmero de iones de litio<\/p>\n<p style=\"text-align: center\">Control S:<\/p>\n<p style=\"text-align: center\">Control de prensa: dos veces\/pulsaci\u00f3n larga.<\/p>\n<p style=\"text-align: center\">Compatibilidad Bluetooth: BT 5.2<\/p>\n<p style=\"text-align: center\">Par emergente: compatible*<\/p>\n<p style=\"text-align: center\">Detecci\u00f3n de desgaste: compatible<\/p>\n<p style=\"text-align: center\">*Requiere tel\u00e9fonos inteligentes con EMUI10 o superior.<\/p>\n<p style=\"text-align: center\">Sensor:Ambos auriculares utilizan capacitivo incorporado<\/p>\n<p style=\"text-align: center\">Conductor: Din\u00e1mico de 10 mm<\/p>\n<p style=\"text-align: center\">Tecnolog\u00eda de audio:<\/p>\n<p style=\"text-align: center\">Cancelaci\u00f3n activa de ruido<\/p>\n<p style=\"text-align: center\">Cancelaci\u00f3n de ruido de llamada<\/p>\n<p>&nbsp;<\/p>\n<p style=\"text-align: center\">Rucas, distribuidor l\u00edder de xiaomi en Hong Kong.<br \/>\nCentr\u00e1ndose en productos de accesorios ecol\u00f3gicos de una marca de China, como Amazfit, Haylou, Ninebot, Roborock, Dreame, Imilab, 70Mai, Deerma. Mantenemos cientos de SKU de Xiaomi con stock en el almac\u00e9n de HK y Shenzhen de manera estable para lograr el menor plazo de entrega.<\/p>\n<\/div>\n<\/div>","protected":false},"excerpt":{"rendered":"<ul>\n<li>Dise\u00f1o premium<\/li>\n<li>Tama\u00f1o mini, aspecto moderno.<\/li>\n<li>Cancelaci\u00f3n activa de ruido<\/li>\n<li>Escucha lo que quieres<\/li>\n<li>10 horas de reproducci\u00f3n continua1<\/li>\n<li>Dura todo el d\u00eda, m\u00fasica hasta el final<\/li>\n<li>Audio puro<\/li>\n<li>Sonido cristalino que te dejar\u00e1 boquiabierto<\/li>\n<\/ul>","protected":false},"featured_media":25807,"template":"","meta":[],"product_brand":[],"product_cat":[1345,1322],"product_tag":[],"class_list":{"0":"post-25657","1":"product","2":"type-product","3":"status-publish","4":"has-post-thumbnail","6":"product_cat-huawei-other-a-brands","7":"product_cat-other-a-brands","9":"first","10":"instock","11":"shipping-taxable","12":"product-type-simple"},"aioseo_notices":[],"aioseo_head":"\n\t\t<!-- All in One SEO Pro 4.5.9.2 - aioseo.com -->\n\t\t<meta name=\"description\" content=\"Premium Design Mini Size, Modern Look Active Noise Cancellation Hear What You Want 10 Hours Continuous Playback1 Last All Day, Music All the Way Pure Audio Crystal Clear Sound that Blows You Away\" \/>\n\t\t<meta name=\"robots\" content=\"max-image-preview:large\" \/>\n\t\t<link rel=\"canonical\" href=\"https:\/\/www.rucashk.com\/es\/producto\/huawei-freebuds-4i-bluetooth-earphone\/\" \/>\n\t\t<meta name=\"generator\" content=\"All in One SEO Pro (AIOSEO) 4.5.9.2\" \/>\n\t\t<meta property=\"og:locale\" content=\"es_ES\" \/>\n\t\t<meta property=\"og:site_name\" content=\"Rucas - One-stop AIoT Distribution Worldwide\" \/>\n\t\t<meta property=\"og:type\" content=\"article\" \/>\n\t\t<meta property=\"og:title\" content=\"HUAWEI FreeBuds 4i Bluetooth Earphone - Rucas - Wholesale and Distribution\" \/>\n\t\t<meta property=\"og:description\" content=\"Premium Design Mini Size, Modern Look Active Noise Cancellation Hear What You Want 10 Hours Continuous Playback1 Last All Day, Music All the Way Pure Audio Crystal Clear Sound that Blows You Away\" \/>\n\t\t<meta property=\"og:url\" content=\"https:\/\/www.rucashk.com\/es\/producto\/huawei-freebuds-4i-bluetooth-earphone\/\" \/>\n\t\t<meta property=\"og:image\" content=\"https:\/\/www.rucashk.com\/wp-content\/uploads\/replace\/503b8e645f128a97ccde2b6290747646.jpeg\" \/>\n\t\t<meta property=\"og:image:secure_url\" content=\"https:\/\/www.rucashk.com\/wp-content\/uploads\/replace\/503b8e645f128a97ccde2b6290747646.jpeg\" \/>\n\t\t<meta property=\"og:image:width\" content=\"1456\" \/>\n\t\t<meta property=\"og:image:height\" content=\"816\" \/>\n\t\t<meta property=\"article:published_time\" content=\"2024-01-09T16:19:46+00:00\" \/>\n\t\t<meta property=\"article:modified_time\" content=\"2024-01-22T07:10:17+00:00\" \/>\n\t\t<meta name=\"twitter:card\" content=\"summary_large_image\" \/>\n\t\t<meta name=\"twitter:title\" content=\"HUAWEI FreeBuds 4i Bluetooth Earphone - Rucas - Wholesale and Distribution\" \/>\n\t\t<meta name=\"twitter:description\" content=\"Premium Design Mini Size, Modern Look Active Noise Cancellation Hear What You Want 10 Hours Continuous Playback1 Last All Day, Music All the Way Pure Audio Crystal Clear Sound that Blows You Away\" \/>\n\t\t<meta name=\"twitter:image\" content=\"https:\/\/www.rucashk.com\/wp-content\/uploads\/replace\/503b8e645f128a97ccde2b6290747646.jpeg\" \/>\n\t\t<script type=\"application\/ld+json\" class=\"aioseo-schema\">\n\t\t\t{\"@context\":\"https:\\\/\\\/schema.org\",\"@graph\":[{\"@type\":\"BreadcrumbList\",\"@id\":\"https:\\\/\\\/www.rucashk.com\\\/es\\\/producto\\\/huawei-freebuds-4i-bluetooth-earphone\\\/#breadcrumblist\",\"itemListElement\":[{\"@type\":\"ListItem\",\"@id\":\"https:\\\/\\\/www.rucashk.com\\\/es\\\/#listItem\",\"position\":1,\"name\":\"Home\",\"item\":\"https:\\\/\\\/www.rucashk.com\\\/es\\\/\",\"nextItem\":\"https:\\\/\\\/www.rucashk.com\\\/es\\\/producto\\\/huawei-freebuds-4i-bluetooth-earphone\\\/#listItem\"},{\"@type\":\"ListItem\",\"@id\":\"https:\\\/\\\/www.rucashk.com\\\/es\\\/producto\\\/huawei-freebuds-4i-bluetooth-earphone\\\/#listItem\",\"position\":2,\"name\":\"HUAWEI FreeBuds 4i Bluetooth Earphone\",\"previousItem\":\"https:\\\/\\\/www.rucashk.com\\\/es\\\/#listItem\"}]},{\"@type\":\"Organization\",\"@id\":\"https:\\\/\\\/www.rucashk.com\\\/es\\\/#organization\",\"name\":\"Rucas\",\"url\":\"https:\\\/\\\/www.rucashk.com\\\/es\\\/\",\"logo\":{\"@type\":\"ImageObject\",\"url\":\"https:\\\/\\\/www.rucashk.com\\\/wp-content\\\/uploads\\\/2023\\\/12\\\/Rucas_campany_logo.png\",\"@id\":\"https:\\\/\\\/www.rucashk.com\\\/es\\\/producto\\\/huawei-freebuds-4i-bluetooth-earphone\\\/#organizationLogo\",\"width\":221,\"height\":65},\"image\":{\"@id\":\"https:\\\/\\\/www.rucashk.com\\\/es\\\/#organizationLogo\"}},{\"@type\":\"Person\",\"@id\":\"https:\\\/\\\/www.rucashk.com\\\/es\\\/author\\\/admin\\\/#author\",\"url\":\"https:\\\/\\\/www.rucashk.com\\\/es\\\/author\\\/admin\\\/\",\"name\":\"admin\",\"image\":{\"@type\":\"ImageObject\",\"@id\":\"https:\\\/\\\/www.rucashk.com\\\/es\\\/producto\\\/huawei-freebuds-4i-bluetooth-earphone\\\/#authorImage\",\"url\":\"https:\\\/\\\/secure.gravatar.com\\\/avatar\\\/b7c8925b09a27e72b30232f8ecaadbd5af0f70a38c78096863fe51b64f031c24?s=96&d=mm&r=g\",\"width\":96,\"height\":96,\"caption\":\"admin\"}},{\"@type\":\"WebPage\",\"@id\":\"https:\\\/\\\/www.rucashk.com\\\/es\\\/producto\\\/huawei-freebuds-4i-bluetooth-earphone\\\/#webpage\",\"url\":\"https:\\\/\\\/www.rucashk.com\\\/es\\\/producto\\\/huawei-freebuds-4i-bluetooth-earphone\\\/\",\"name\":\"HUAWEI FreeBuds 4i Bluetooth Earphone - Rucas - Wholesale and Distribution\",\"description\":\"Premium Design Mini Size, Modern Look Active Noise Cancellation Hear What You Want 10 Hours Continuous Playback1 Last All Day, Music All the Way Pure Audio Crystal Clear Sound that Blows You Away\",\"inLanguage\":\"es-ES\",\"isPartOf\":{\"@id\":\"https:\\\/\\\/www.rucashk.com\\\/es\\\/#website\"},\"breadcrumb\":{\"@id\":\"https:\\\/\\\/www.rucashk.com\\\/es\\\/producto\\\/huawei-freebuds-4i-bluetooth-earphone\\\/#breadcrumblist\"},\"author\":{\"@id\":\"https:\\\/\\\/www.rucashk.com\\\/es\\\/author\\\/admin\\\/#author\"},\"creator\":{\"@id\":\"https:\\\/\\\/www.rucashk.com\\\/es\\\/author\\\/admin\\\/#author\"},\"image\":{\"@type\":\"ImageObject\",\"url\":\"https:\\\/\\\/www.rucashk.com\\\/wp-content\\\/uploads\\\/2024\\\/01\\\/HUAWEI-FreeBuds-4i-Bluetooth-Earphone-1.png\",\"@id\":\"https:\\\/\\\/www.rucashk.com\\\/es\\\/producto\\\/huawei-freebuds-4i-bluetooth-earphone\\\/#mainImage\",\"width\":800,\"height\":800},\"primaryImageOfPage\":{\"@id\":\"https:\\\/\\\/www.rucashk.com\\\/es\\\/producto\\\/huawei-freebuds-4i-bluetooth-earphone\\\/#mainImage\"},\"datePublished\":\"2024-01-09T16:19:46+00:00\",\"dateModified\":\"2024-01-22T07:10:17+00:00\"},{\"@type\":\"WebSite\",\"@id\":\"https:\\\/\\\/www.rucashk.com\\\/es\\\/#website\",\"url\":\"https:\\\/\\\/www.rucashk.com\\\/es\\\/\",\"name\":\"Rucas - Wholesale and distribution worldwide\",\"alternateName\":\"Rucas - One-stop AIoT Distribution Worldwide\",\"description\":\"One-stop AIoT Distribution Worldwide\",\"inLanguage\":\"es-ES\",\"publisher\":{\"@id\":\"https:\\\/\\\/www.rucashk.com\\\/es\\\/#organization\"}}]}\n\t\t<\/script>\n\t\t<!-- All in One SEO Pro -->\r\n\t\t<title>HUAWEI FreeBuds 4i Bluetooth Earphone - Rucas - Wholesale and Distribution<\/title>\n\n","aioseo_head_json":{"title":"HUAWEI FreeBuds 4i Bluetooth Earphone - Rucas - Wholesale and Distribution","description":"Premium Design Mini Size, Modern Look Active Noise Cancellation Hear What You Want 10 Hours Continuous Playback1 Last All Day, Music All the Way Pure Audio Crystal Clear Sound that Blows You Away","canonical_url":"https:\/\/www.rucashk.com\/es\/producto\/huawei-freebuds-4i-bluetooth-earphone\/","robots":"max-image-preview:large","keywords":"","webmasterTools":{"miscellaneous":""},"og:locale":"es_ES","og:site_name":"Rucas - One-stop AIoT Distribution Worldwide","og:type":"article","og:title":"HUAWEI FreeBuds 4i Bluetooth Earphone - Rucas - Wholesale and Distribution","og:description":"Premium Design Mini Size, Modern Look Active Noise Cancellation Hear What You Want 10 Hours Continuous Playback1 Last All Day, Music All the Way Pure Audio Crystal Clear Sound that Blows You Away","og:url":"https:\/\/www.rucashk.com\/es\/producto\/huawei-freebuds-4i-bluetooth-earphone\/","og:image":"https:\/\/www.rucashk.com\/wp-content\/uploads\/replace\/503b8e645f128a97ccde2b6290747646.jpeg","og:image:secure_url":"https:\/\/www.rucashk.com\/wp-content\/uploads\/replace\/503b8e645f128a97ccde2b6290747646.jpeg","og:image:width":1456,"og:image:height":816,"article:published_time":"2024-01-09T16:19:46+00:00","article:modified_time":"2024-01-22T07:10:17+00:00","twitter:card":"summary_large_image","twitter:title":"HUAWEI FreeBuds 4i Bluetooth Earphone - Rucas - Wholesale and Distribution","twitter:description":"Premium Design Mini Size, Modern Look Active Noise Cancellation Hear What You Want 10 Hours Continuous Playback1 Last All Day, Music All the Way Pure Audio Crystal Clear Sound that Blows You Away","twitter:image":"https:\/\/www.rucashk.com\/wp-content\/uploads\/replace\/503b8e645f128a97ccde2b6290747646.jpeg","schema":{"@context":"https:\/\/schema.org","@graph":[{"@type":"BreadcrumbList","@id":"https:\/\/www.rucashk.com\/es\/producto\/huawei-freebuds-4i-bluetooth-earphone\/#breadcrumblist","itemListElement":[{"@type":"ListItem","@id":"https:\/\/www.rucashk.com\/es\/#listItem","position":1,"name":"Home","item":"https:\/\/www.rucashk.com\/es\/","nextItem":"https:\/\/www.rucashk.com\/es\/producto\/huawei-freebuds-4i-bluetooth-earphone\/#listItem"},{"@type":"ListItem","@id":"https:\/\/www.rucashk.com\/es\/producto\/huawei-freebuds-4i-bluetooth-earphone\/#listItem","position":2,"name":"HUAWEI FreeBuds 4i Bluetooth Earphone","previousItem":"https:\/\/www.rucashk.com\/es\/#listItem"}]},{"@type":"Organization","@id":"https:\/\/www.rucashk.com\/es\/#organization","name":"Rucas","url":"https:\/\/www.rucashk.com\/es\/","logo":{"@type":"ImageObject","url":"https:\/\/www.rucashk.com\/wp-content\/uploads\/2023\/12\/Rucas_campany_logo.png","@id":"https:\/\/www.rucashk.com\/es\/producto\/huawei-freebuds-4i-bluetooth-earphone\/#organizationLogo","width":221,"height":65},"image":{"@id":"https:\/\/www.rucashk.com\/es\/#organizationLogo"}},{"@type":"Person","@id":"https:\/\/www.rucashk.com\/es\/author\/admin\/#author","url":"https:\/\/www.rucashk.com\/es\/author\/admin\/","name":"admin","image":{"@type":"ImageObject","@id":"https:\/\/www.rucashk.com\/es\/producto\/huawei-freebuds-4i-bluetooth-earphone\/#authorImage","url":"https:\/\/secure.gravatar.com\/avatar\/b7c8925b09a27e72b30232f8ecaadbd5af0f70a38c78096863fe51b64f031c24?s=96&d=mm&r=g","width":96,"height":96,"caption":"admin"}},{"@type":"WebPage","@id":"https:\/\/www.rucashk.com\/es\/producto\/huawei-freebuds-4i-bluetooth-earphone\/#webpage","url":"https:\/\/www.rucashk.com\/es\/producto\/huawei-freebuds-4i-bluetooth-earphone\/","name":"HUAWEI FreeBuds 4i Bluetooth Earphone - Rucas - Wholesale and Distribution","description":"Premium Design Mini Size, Modern Look Active Noise Cancellation Hear What You Want 10 Hours Continuous Playback1 Last All Day, Music All the Way Pure Audio Crystal Clear Sound that Blows You Away","inLanguage":"es-ES","isPartOf":{"@id":"https:\/\/www.rucashk.com\/es\/#website"},"breadcrumb":{"@id":"https:\/\/www.rucashk.com\/es\/producto\/huawei-freebuds-4i-bluetooth-earphone\/#breadcrumblist"},"author":{"@id":"https:\/\/www.rucashk.com\/es\/author\/admin\/#author"},"creator":{"@id":"https:\/\/www.rucashk.com\/es\/author\/admin\/#author"},"image":{"@type":"ImageObject","url":"https:\/\/www.rucashk.com\/wp-content\/uploads\/2024\/01\/HUAWEI-FreeBuds-4i-Bluetooth-Earphone-1.png","@id":"https:\/\/www.rucashk.com\/es\/producto\/huawei-freebuds-4i-bluetooth-earphone\/#mainImage","width":800,"height":800},"primaryImageOfPage":{"@id":"https:\/\/www.rucashk.com\/es\/producto\/huawei-freebuds-4i-bluetooth-earphone\/#mainImage"},"datePublished":"2024-01-09T16:19:46+00:00","dateModified":"2024-01-22T07:10:17+00:00"},{"@type":"WebSite","@id":"https:\/\/www.rucashk.com\/es\/#website","url":"https:\/\/www.rucashk.com\/es\/","name":"Rucas - Wholesale and distribution worldwide","alternateName":"Rucas - One-stop AIoT Distribution Worldwide","description":"One-stop AIoT Distribution Worldwide","inLanguage":"es-ES","publisher":{"@id":"https:\/\/www.rucashk.com\/es\/#organization"}}]}},"aioseo_meta_data":{"post_id":"25657","title":null,"description":null,"keywords":null,"keyphrases":null,"primary_term":null,"canonical_url":null,"og_title":null,"og_description":null,"og_object_type":"default","og_image_type":"default","og_image_url":null,"og_image_width":null,"og_image_height":null,"og_image_custom_url":null,"og_image_custom_fields":null,"og_video":null,"og_custom_url":null,"og_article_section":null,"og_article_tags":null,"twitter_use_og":false,"twitter_card":"default","twitter_image_type":"default","twitter_image_url":null,"twitter_image_custom_url":null,"twitter_image_custom_fields":null,"twitter_title":null,"twitter_description":null,"schema":{"blockGraphs":[],"customGraphs":[],"default":{"data":{"Article":[],"Course":[],"Dataset":[],"FAQPage":[],"Movie":[],"Person":[],"Product":[],"Recipe":[],"Service":[],"SoftwareApplication":[],"WebPage":[]},"graphName":"","isEnabled":true},"graphs":[]},"schema_type":"default","schema_type_options":null,"pillar_content":false,"robots_default":true,"robots_noindex":false,"robots_noarchive":false,"robots_nosnippet":false,"robots_nofollow":false,"robots_noimageindex":false,"robots_noodp":false,"robots_notranslate":false,"robots_max_snippet":null,"robots_max_videopreview":null,"robots_max_imagepreview":"large","priority":null,"frequency":null,"local_seo":null,"breadcrumb_settings":null,"limit_modified_date":false,"created":"2024-04-11 01:57:19","updated":"2025-06-22 17:59:28"},"aioseo_breadcrumb":"<div class=\"aioseo-breadcrumbs\"><span class=\"aioseo-breadcrumb\">\n\t<a href=\"https:\/\/www.rucashk.com\/es\" title=\"Home\">Home<\/a>\n<\/span><span class=\"aioseo-breadcrumb-separator\">&raquo;<\/span><span class=\"aioseo-breadcrumb\">\n\t<a href=\"https:\/\/www.rucashk.com\/es\/products\/\" title=\"Productos\">Productos<\/a>\n<\/span><span class=\"aioseo-breadcrumb-separator\">&raquo;<\/span><span class=\"aioseo-breadcrumb\">\n\t<a href=\"https:\/\/www.rucashk.com\/es\/categoria-producto\/other-a-brands\/\" title=\"Other A-Brands\">Other A-Brands<\/a>\n<\/span><span class=\"aioseo-breadcrumb-separator\">&raquo;<\/span><span class=\"aioseo-breadcrumb\">\n\t<a href=\"https:\/\/www.rucashk.com\/es\/categoria-producto\/other-a-brands\/huawei-other-a-brands\/\" title=\"Huawei\">Huawei<\/a>\n<\/span><span class=\"aioseo-breadcrumb-separator\">&raquo;<\/span><span class=\"aioseo-breadcrumb\">\n\tHUAWEI FreeBuds 4i Bluetooth Earphone\n<\/span><\/div>","aioseo_breadcrumb_json":[{"label":"Home","link":"https:\/\/www.rucashk.com\/es"},{"label":"Productos","link":"https:\/\/www.rucashk.com\/es\/products\/"},{"label":"Other A-Brands","link":"https:\/\/www.rucashk.com\/es\/categoria-producto\/other-a-brands\/"},{"label":"Huawei","link":"https:\/\/www.rucashk.com\/es\/categoria-producto\/other-a-brands\/huawei-other-a-brands\/"},{"label":"HUAWEI FreeBuds 4i Bluetooth Earphone","link":"https:\/\/www.rucashk.com\/es\/producto\/huawei-freebuds-4i-bluetooth-earphone\/"}],"_links":{"self":[{"href":"https:\/\/www.rucashk.com\/es\/wp-json\/wp\/v2\/product\/25657","targetHints":{"allow":["GET"]}}],"collection":[{"href":"https:\/\/www.rucashk.com\/es\/wp-json\/wp\/v2\/product"}],"about":[{"href":"https:\/\/www.rucashk.com\/es\/wp-json\/wp\/v2\/types\/product"}],"wp:featuredmedia":[{"embeddable":true,"href":"https:\/\/www.rucashk.com\/es\/wp-json\/wp\/v2\/media\/25807"}],"wp:attachment":[{"href":"https:\/\/www.rucashk.com\/es\/wp-json\/wp\/v2\/media?parent=25657"}],"wp:term":[{"taxonomy":"product_brand","embeddable":true,"href":"https:\/\/www.rucashk.com\/es\/wp-json\/wp\/v2\/product_brand?post=25657"},{"taxonomy":"product_cat","embeddable":true,"href":"https:\/\/www.rucashk.com\/es\/wp-json\/wp\/v2\/product_cat?post=25657"},{"taxonomy":"product_tag","embeddable":true,"href":"https:\/\/www.rucashk.com\/es\/wp-json\/wp\/v2\/product_tag?post=25657"}],"curies":[{"name":"wp","href":"https:\/\/api.w.org\/{rel}","templated":true}]}}