{"id":25623,"date":"2024-01-09T16:19:24","date_gmt":"2024-01-09T16:19:24","guid":{"rendered":"http:\/\/rucashk.com\/?post_type=product&#038;p=25623"},"modified":"2025-06-22T07:16:13","modified_gmt":"2025-06-22T07:16:13","slug":"mi-smart-clock","status":"publish","type":"product","link":"https:\/\/www.rucashk.com\/es\/producto\/mi-smart-clock\/","title":{"rendered":"mi reloj inteligente"},"content":{"rendered":"<p style=\"text-align: center\" data-spm-anchor-id=\"a2g0o.detail.1000023.i5.1e802b20y2eYpY\"><img fetchpriority=\"high\" decoding=\"async\" class=\"aligncenter\" src=\"https:\/\/www.rucashk.com\/wp-content\/uploads\/2021\/09\/H2e6ea0c114fc4b0697ecbd4754c11ea4y.jpg\" alt=\"Mi smart clock\" width=\"930\" height=\"778\" data-spm-anchor-id=\"a2g0o.detail.1000023.i8.1e802b20y2eYpY\" \/><strong>Pantalla t\u00e1ctil de 4\u2033<\/strong><\/p>\n<p style=\"text-align: center\">Una pantalla t\u00e1ctil a todo color de 4\u2033 con m\u00faltiples esferas de reloj, que le representa abundante informaci\u00f3n como la hora, el clima, el calendario y m\u00e1s.<\/p>\n<p style=\"text-align: center\"><strong>Transmitir m\u00fasica favorita<\/strong><\/p>\n<p style=\"text-align: center\">Con soporte para Spotify, m\u00fasica de Youtube y m\u00e1s servicios de transmisi\u00f3n, puedes disfrutar de tu m\u00fasica favorita usando solo tu voz.<\/p>\n<p style=\"text-align: center\"><strong>Centro de control inteligente de IoT<\/strong><\/p>\n<p style=\"text-align: center\">Con Mi Smart Clock, puedes obtener ayuda con manos libres en toda la casa. Simplemente p\u00eddele a Google que controle todos tus dispositivos inteligentes de lote.<\/p>\n<p style=\"text-align: center\"><strong>Marco de foto digital<\/strong><\/p>\n<p style=\"text-align: center\">Mi Smart Clock se puede configurar para que muestre im\u00e1genes almacenadas en Google Photos para que puedas recordar momentos divertidos del pasado.<\/p>\n<p style=\"text-align: center\"><strong>Est\u00e9 atento y si\u00e9ntase seguro<\/strong><\/p>\n<p style=\"text-align: center\">Una vez que conecte su c\u00e1mara de seguridad con Google Home, podr\u00e1 usar Mi Smart Clock para ver qu\u00e9 est\u00e1 grabando la c\u00e1mara, as\u00ed como controlar a los beb\u00e9s que duermen, a sus mascotas y m\u00e1s.<\/p>\n<p style=\"text-align: center\"><strong>Chromecast integrado<\/strong><\/p>\n<p style=\"text-align: center\"><span data-spm-anchor-id=\"a2g0o.detail.1000023.i7.1e802b20y2eYpY\">Con Chromecast integrado en tus parlantes, tu tel\u00e9fono se convierte en tu control remoto. Simplemente toca el bot\u00f3n Transmitir desde las aplicaciones para transmitir m\u00fasica desde tu tel\u00e9fono, tableta o computadora port\u00e1til a tus parlantes.<\/span><\/p>\n<p style=\"text-align: center\"><img decoding=\"async\" class=\"aligncenter\" src=\"https:\/\/www.rucashk.com\/wp-content\/uploads\/2021\/09\/H01472cefba1c47a3843066bbbc43a982O.jpg\" alt=\"Mi smart clock\" width=\"930\" height=\"474\" data-spm-anchor-id=\"a2g0o.detail.1000023.i6.1e802b20y2eYpY\" \/><\/p>\n<p style=\"text-align: center\"><strong>Muestra tus recuerdos favoritos<\/strong><br \/>\n\u00c1lbum de fotos digitales<\/p>\n<p style=\"text-align: center\">Comienza tu d\u00eda suavemente con el modo Amanecer<\/p>\n<p style=\"text-align: center\"><strong>Transmite tu m\u00fasica favorita<\/strong><br \/>\nusando solo tu voz, solo preg\u00fantale a Google<br \/>\nEst\u00e1 bien Google<\/p>\n<p style=\"text-align: center\"><strong>Centro de control de lote inteligente<\/strong><br \/>\nObtenga ayuda manos libres en la casa. Preg\u00fantale a Google.<\/p>\n<p style=\"text-align: center\"><img decoding=\"async\" class=\"aligncenter\" src=\"https:\/\/www.rucashk.com\/wp-content\/uploads\/2021\/09\/H29bf99bcfcff4fed9e9a139e20cecbear.jpg\" alt=\"Mi smart clock\" width=\"930\" height=\"447\" \/><img loading=\"lazy\" decoding=\"async\" class=\"aligncenter\" src=\"https:\/\/www.rucashk.com\/wp-content\/uploads\/2021\/09\/H059f4b00d90a48f191a2081af21df84ej.jpg\" alt=\"Mi smart clock\" width=\"930\" height=\"465\" \/>Mi reloj inteligente<\/p>\n<p style=\"text-align: center\">Pantalla t\u00e1ctil a todo color de 4\u2033<\/p>\n<p style=\"text-align: center\">Marco de fotos digital perfecto<\/p>\n<p style=\"text-align: center\">Transmite tu m\u00fasica favorita<\/p>\n<p style=\"text-align: center\">Centro de control inteligente para dispositivos inteligentes<\/p>\n<p style=\"text-align: center\">Asistente de Google y Chromecast integrados<\/p>\n<p style=\"text-align: center\">Transmita video desde dispositivos de seguridad compatibles<img loading=\"lazy\" decoding=\"async\" class=\"aligncenter\" src=\"https:\/\/www.rucashk.com\/wp-content\/uploads\/2021\/09\/Haddd7a30e59d45cda79df9a6dc9e6dd5E.jpg\" alt=\"Mi smart clock\" width=\"1000\" height=\"563\" \/>Pantalla t\u00e1ctil a todo color de 4\u2033<\/p>\n<p style=\"text-align: center\">Una pantalla t\u00e1ctil a todo color de 4\u2033 con m\u00faltiples esferas de reloj<\/p>\n<p style=\"text-align: center\">Le representa mucha informaci\u00f3n como hora, clima, alarma, calendario y m\u00e1s.<\/p>\n<p style=\"text-align: center\">Tambi\u00e9n puedes personalizar la funci\u00f3n Rutina de buenos d\u00edas para proporcionarte la informaci\u00f3n que necesitas a primera hora de la ma\u00f1ana, como informaci\u00f3n de tr\u00e1fico, noticias diarias y pr\u00f3ximas citas.<img loading=\"lazy\" decoding=\"async\" class=\"aligncenter\" src=\"https:\/\/www.rucashk.com\/wp-content\/uploads\/2021\/09\/Ha541ec2028494e7f9e9b757cb764d4130.jpg\" alt=\"Mi smart clock\" width=\"1000\" height=\"563\" \/>Marco de fotos digital perfecto<\/p>\n<p style=\"text-align: center\">Mi Smart Clock se puede configurar para que muestre im\u00e1genes almacenadas en Google Photos para que puedas recordar momentos divertidos del pasado y tener siempre tus fotos favoritas a la vista para alegrar tu d\u00eda.<img loading=\"lazy\" decoding=\"async\" class=\"aligncenter\" src=\"https:\/\/www.rucashk.com\/wp-content\/uploads\/2021\/09\/H995a110554744e3493719471891cb57e5.jpg\" alt=\"Mi smart clock\" width=\"1000\" height=\"563\" \/>Transmite tu m\u00fasica favorita<\/p>\n<p style=\"text-align: center\">Con soporte para Spotify, m\u00fasica de Youtube y m\u00e1s servicios de transmisi\u00f3n, puedes disfrutar de tu m\u00fasica favorita usando solo tu voz.<img loading=\"lazy\" decoding=\"async\" class=\"aligncenter\" src=\"https:\/\/www.rucashk.com\/wp-content\/uploads\/2021\/09\/Hb4a03d3db1a94400bc18ec97a2418d41N.jpg\" alt=\"Mi smart clock\" width=\"1000\" height=\"563\" \/>Centro de control inteligente<\/p>\n<p style=\"text-align: center\">Con Mi Smart Clock, puedes obtener ayuda con manos libres en la casa. Aten\u00faa las luces, enciende el televisor o sube la calefacci\u00f3n, controla tu dispositivo, solo p\u00eddele a Google que controle todos tus dispositivos inteligentes.<\/p>\n<p style=\"text-align: center\">Funciona con miles de dispositivos inteligentes compatibles<img loading=\"lazy\" decoding=\"async\" class=\"aligncenter\" src=\"https:\/\/www.rucashk.com\/wp-content\/uploads\/2021\/09\/H1640dd4a4b064ea6992e4a78b98c312b8.jpg\" alt=\"Mi smart clock\" width=\"1000\" height=\"563\" \/>Asistente de Google y Chromecast integrados<\/p>\n<p style=\"text-align: center\">Haga las cosas con manos libres con el Asistente de Google<\/p>\n<p style=\"text-align: center\">Con Chromecast integrado en tus parlantes, tu tel\u00e9fono se convierte en tu control remoto. Simplemente toca el bot\u00f3n Transmitir desde las aplicaciones que ya conoces y te encantan para transmitir m\u00fasica desde tu tel\u00e9fono, tableta o computadora port\u00e1til a tus parlantes.<img loading=\"lazy\" decoding=\"async\" class=\"aligncenter\" src=\"https:\/\/www.rucashk.com\/wp-content\/uploads\/2021\/09\/He9e50a5612304bb0b3b0142e656334a5u.jpg\" alt=\"Mi smart clock\" width=\"1000\" height=\"563\" \/>Transmita video desde dispositivos de seguridad compatibles<\/p>\n<p style=\"text-align: center\">Una vez que conecte su c\u00e1mara de seguridad con Google Home, podr\u00e1 usar Mi Smart Clock para ver qu\u00e9 est\u00e1 grabando la c\u00e1mara, as\u00ed como controlar a los beb\u00e9s que duermen, a sus mascotas y m\u00e1s.<img loading=\"lazy\" decoding=\"async\" class=\"aligncenter\" src=\"https:\/\/www.rucashk.com\/wp-content\/uploads\/2021\/09\/H6fe252f3c6cf4ead93b352224f0924b7g.jpg\" alt=\"Mi smart clock\" width=\"1000\" height=\"563\" \/>Dise\u00f1o simple<\/p>\n<p style=\"text-align: center\">Con un dise\u00f1o simple y una cubierta de color blanco puro, el compacto Mi Smart Clock combina perfectamente con cualquier habitaci\u00f3n.<\/p>\n<p style=\"text-align: center\">Para respetar su privacidad, hay un pr\u00e1ctico bot\u00f3n de silencio en la parte superior para impedir que el dispositivo escuche<img loading=\"lazy\" decoding=\"async\" class=\"aligncenter\" src=\"https:\/\/www.rucashk.com\/wp-content\/uploads\/2021\/09\/H49a448e630334c998b4094a560e83883Z.jpg\" alt=\"Mi smart clock\" width=\"1000\" height=\"563\" \/><img loading=\"lazy\" decoding=\"async\" class=\"aligncenter\" src=\"https:\/\/www.rucashk.com\/wp-content\/uploads\/2021\/09\/H57278a12cce349beba6e4708641dcfbct.jpg\" alt=\"Mi smart clock\" width=\"1000\" height=\"563\" \/><img loading=\"lazy\" decoding=\"async\" class=\"aligncenter\" src=\"https:\/\/www.rucashk.com\/wp-content\/uploads\/2021\/09\/H5158240834c143768c9fe7252616cf2au.jpg\" alt=\"Mi smart clock\" width=\"930\" height=\"386\" \/><\/p>\n<p style=\"text-align: center\"><strong><span data-spm-anchor-id=\"a2g0o.detail.1000023.i15.1e802b20y2eYpY\">Especificaciones<\/span><\/strong><\/p>\n<p style=\"text-align: center\">Modelo: X04G<\/p>\n<p style=\"text-align: center\" data-spm-anchor-id=\"a2g0o.detail.1000023.i14.1e802b20y2eYpY\">Pantalla: 3,97\u2033 800*480<\/p>\n<p style=\"text-align: center\">Altavoz: altavoz de 1*1,5 \u2033<\/p>\n<p style=\"text-align: center\">Micr\u00f3fono: 2 micr\u00f3fonos de campo lejano<\/p>\n<p style=\"text-align: center\">RAM y ROM: RAM 1GB, ROM 4GB<\/p>\n<p style=\"text-align: center\">Wi-Fi: IEEE 802.11b\/g\/n<\/p>\n<p style=\"text-align: center\">Bluetooth:BT 5,0<\/p>\n<p style=\"text-align: center\">Formatos de audio: HE-AAC, LC-AAC, CELT\/Opus, MP3, Vorbis, Wav (audio\/wav), FLAC<\/p>\n<p style=\"text-align: center\">Puerto: Micro USB<\/p>\n<p style=\"text-align: center\">Potencia: 5V\/2A<\/p>\n<p style=\"text-align: center\" data-spm-anchor-id=\"a2g0o.detail.1000023.i13.1e802b20y2eYpY\">Dimensi\u00f3n: 113*68*81,5mm<\/p>\n<p style=\"text-align: center\">Rucas, distribuidor l\u00edder de xiaomi en Hong Kong.<br \/>\nCentr\u00e1ndose en productos de accesorios ecol\u00f3gicos de una marca de China, como Amazfit, Haylou, Ninebot, Roborock, Dreame, Imilab, 70Mai, Deerma. Mantenemos cientos de SKU de Xiaomi con stock en el almac\u00e9n de HK y Shenzhen de manera estable para lograr el menor plazo de entrega.<\/p>","protected":false},"excerpt":{"rendered":"<ul>\n<li>Pantalla t\u00e1ctil de 4\u2033<\/li>\n<li>Transmitir m\u00fasica favorita<\/li>\n<li>Centro de control inteligente de IoT<\/li>\n<li>Marco de foto digital<\/li>\n<li>Est\u00e9 atento y si\u00e9ntase seguro<\/li>\n<li>Chromecast integrado<\/li>\n<\/ul>","protected":false},"featured_media":25772,"template":"","meta":[],"product_brand":[1363],"product_cat":[1318,1305],"product_tag":[],"class_list":{"0":"post-25623","1":"product","2":"type-product","3":"status-publish","4":"has-post-thumbnail","6":"product_brand-xiaomi","7":"product_cat-gadgets","8":"product_cat-xiaomi-eco","10":"first","11":"instock","12":"shipping-taxable","13":"product-type-simple"},"aioseo_notices":[],"aioseo_head":"\n\t\t<!-- All in One SEO Pro 4.5.9.2 - aioseo.com -->\n\t\t<meta name=\"description\" content=\"4&quot; Touchsreen Display Stream Favorite Music Smart IoT Control Hub Digital Photo Frame Keep Watch &amp; Feel Safe Chromecast Built-in\" \/>\n\t\t<meta name=\"robots\" content=\"max-image-preview:large\" \/>\n\t\t<link rel=\"canonical\" href=\"https:\/\/www.rucashk.com\/es\/producto\/mi-smart-clock\/\" \/>\n\t\t<meta name=\"generator\" content=\"All in One SEO Pro (AIOSEO) 4.5.9.2\" \/>\n\t\t<meta property=\"og:locale\" content=\"es_ES\" \/>\n\t\t<meta property=\"og:site_name\" content=\"Rucas - One-stop AIoT Distribution Worldwide\" \/>\n\t\t<meta property=\"og:type\" content=\"article\" \/>\n\t\t<meta property=\"og:title\" content=\"Mi smart clock - Rucas - Wholesale and Distribution\" \/>\n\t\t<meta property=\"og:description\" content=\"4&quot; Touchsreen Display Stream Favorite Music Smart IoT Control Hub Digital Photo Frame Keep Watch &amp; Feel Safe Chromecast Built-in\" \/>\n\t\t<meta property=\"og:url\" content=\"https:\/\/www.rucashk.com\/es\/producto\/mi-smart-clock\/\" \/>\n\t\t<meta property=\"og:image\" content=\"https:\/\/www.rucashk.com\/wp-content\/uploads\/replace\/503b8e645f128a97ccde2b6290747646.jpeg\" \/>\n\t\t<meta property=\"og:image:secure_url\" content=\"https:\/\/www.rucashk.com\/wp-content\/uploads\/replace\/503b8e645f128a97ccde2b6290747646.jpeg\" \/>\n\t\t<meta property=\"og:image:width\" content=\"1456\" \/>\n\t\t<meta property=\"og:image:height\" content=\"816\" \/>\n\t\t<meta property=\"article:published_time\" content=\"2024-01-09T16:19:24+00:00\" \/>\n\t\t<meta property=\"article:modified_time\" content=\"2025-06-22T07:16:13+00:00\" \/>\n\t\t<meta name=\"twitter:card\" content=\"summary_large_image\" \/>\n\t\t<meta name=\"twitter:title\" content=\"Mi smart clock - Rucas - Wholesale and Distribution\" \/>\n\t\t<meta name=\"twitter:description\" content=\"4&quot; Touchsreen Display Stream Favorite Music Smart IoT Control Hub Digital Photo Frame Keep Watch &amp; Feel Safe Chromecast Built-in\" \/>\n\t\t<meta name=\"twitter:image\" content=\"https:\/\/www.rucashk.com\/wp-content\/uploads\/replace\/503b8e645f128a97ccde2b6290747646.jpeg\" \/>\n\t\t<script type=\"application\/ld+json\" class=\"aioseo-schema\">\n\t\t\t{\"@context\":\"https:\\\/\\\/schema.org\",\"@graph\":[{\"@type\":\"BreadcrumbList\",\"@id\":\"https:\\\/\\\/www.rucashk.com\\\/es\\\/producto\\\/mi-smart-clock\\\/#breadcrumblist\",\"itemListElement\":[{\"@type\":\"ListItem\",\"@id\":\"https:\\\/\\\/www.rucashk.com\\\/es\\\/#listItem\",\"position\":1,\"name\":\"Home\",\"item\":\"https:\\\/\\\/www.rucashk.com\\\/es\\\/\",\"nextItem\":\"https:\\\/\\\/www.rucashk.com\\\/es\\\/producto\\\/mi-smart-clock\\\/#listItem\"},{\"@type\":\"ListItem\",\"@id\":\"https:\\\/\\\/www.rucashk.com\\\/es\\\/producto\\\/mi-smart-clock\\\/#listItem\",\"position\":2,\"name\":\"Mi smart clock\",\"previousItem\":\"https:\\\/\\\/www.rucashk.com\\\/es\\\/#listItem\"}]},{\"@type\":\"Organization\",\"@id\":\"https:\\\/\\\/www.rucashk.com\\\/es\\\/#organization\",\"name\":\"Rucas\",\"url\":\"https:\\\/\\\/www.rucashk.com\\\/es\\\/\",\"logo\":{\"@type\":\"ImageObject\",\"url\":\"https:\\\/\\\/www.rucashk.com\\\/wp-content\\\/uploads\\\/2023\\\/12\\\/Rucas_campany_logo.png\",\"@id\":\"https:\\\/\\\/www.rucashk.com\\\/es\\\/producto\\\/mi-smart-clock\\\/#organizationLogo\",\"width\":221,\"height\":65},\"image\":{\"@id\":\"https:\\\/\\\/www.rucashk.com\\\/es\\\/#organizationLogo\"}},{\"@type\":\"Person\",\"@id\":\"https:\\\/\\\/www.rucashk.com\\\/es\\\/author\\\/admin\\\/#author\",\"url\":\"https:\\\/\\\/www.rucashk.com\\\/es\\\/author\\\/admin\\\/\",\"name\":\"admin\",\"image\":{\"@type\":\"ImageObject\",\"@id\":\"https:\\\/\\\/www.rucashk.com\\\/es\\\/producto\\\/mi-smart-clock\\\/#authorImage\",\"url\":\"https:\\\/\\\/secure.gravatar.com\\\/avatar\\\/b7c8925b09a27e72b30232f8ecaadbd5af0f70a38c78096863fe51b64f031c24?s=96&d=mm&r=g\",\"width\":96,\"height\":96,\"caption\":\"admin\"}},{\"@type\":\"WebPage\",\"@id\":\"https:\\\/\\\/www.rucashk.com\\\/es\\\/producto\\\/mi-smart-clock\\\/#webpage\",\"url\":\"https:\\\/\\\/www.rucashk.com\\\/es\\\/producto\\\/mi-smart-clock\\\/\",\"name\":\"Mi smart clock - Rucas - Wholesale and Distribution\",\"description\":\"4\\\" Touchsreen Display Stream Favorite Music Smart IoT Control Hub Digital Photo Frame Keep Watch & Feel Safe Chromecast Built-in\",\"inLanguage\":\"es-ES\",\"isPartOf\":{\"@id\":\"https:\\\/\\\/www.rucashk.com\\\/es\\\/#website\"},\"breadcrumb\":{\"@id\":\"https:\\\/\\\/www.rucashk.com\\\/es\\\/producto\\\/mi-smart-clock\\\/#breadcrumblist\"},\"author\":{\"@id\":\"https:\\\/\\\/www.rucashk.com\\\/es\\\/author\\\/admin\\\/#author\"},\"creator\":{\"@id\":\"https:\\\/\\\/www.rucashk.com\\\/es\\\/author\\\/admin\\\/#author\"},\"image\":{\"@type\":\"ImageObject\",\"url\":\"https:\\\/\\\/www.rucashk.com\\\/wp-content\\\/uploads\\\/2024\\\/01\\\/Mi-smart-clock-1.jpg\",\"@id\":\"https:\\\/\\\/www.rucashk.com\\\/es\\\/producto\\\/mi-smart-clock\\\/#mainImage\",\"width\":800,\"height\":800},\"primaryImageOfPage\":{\"@id\":\"https:\\\/\\\/www.rucashk.com\\\/es\\\/producto\\\/mi-smart-clock\\\/#mainImage\"},\"datePublished\":\"2024-01-09T16:19:24+00:00\",\"dateModified\":\"2025-06-22T07:16:13+00:00\"},{\"@type\":\"WebSite\",\"@id\":\"https:\\\/\\\/www.rucashk.com\\\/es\\\/#website\",\"url\":\"https:\\\/\\\/www.rucashk.com\\\/es\\\/\",\"name\":\"Rucas - Wholesale and distribution worldwide\",\"alternateName\":\"Rucas - One-stop AIoT Distribution Worldwide\",\"description\":\"One-stop AIoT Distribution Worldwide\",\"inLanguage\":\"es-ES\",\"publisher\":{\"@id\":\"https:\\\/\\\/www.rucashk.com\\\/es\\\/#organization\"}}]}\n\t\t<\/script>\n\t\t<!-- All in One SEO Pro -->\r\n\t\t<title>Mi smart clock - Rucas - Wholesale and Distribution<\/title>\n\n","aioseo_head_json":{"title":"Mi smart clock - Rucas - Wholesale and Distribution","description":"4\" Touchsreen Display Stream Favorite Music Smart IoT Control Hub Digital Photo Frame Keep Watch & Feel Safe Chromecast Built-in","canonical_url":"https:\/\/www.rucashk.com\/es\/producto\/mi-smart-clock\/","robots":"max-image-preview:large","keywords":"","webmasterTools":{"miscellaneous":""},"og:locale":"es_ES","og:site_name":"Rucas - One-stop AIoT Distribution Worldwide","og:type":"article","og:title":"Mi smart clock - Rucas - Wholesale and Distribution","og:description":"4&quot; Touchsreen Display Stream Favorite Music Smart IoT Control Hub Digital Photo Frame Keep Watch &amp; Feel Safe Chromecast Built-in","og:url":"https:\/\/www.rucashk.com\/es\/producto\/mi-smart-clock\/","og:image":"https:\/\/www.rucashk.com\/wp-content\/uploads\/replace\/503b8e645f128a97ccde2b6290747646.jpeg","og:image:secure_url":"https:\/\/www.rucashk.com\/wp-content\/uploads\/replace\/503b8e645f128a97ccde2b6290747646.jpeg","og:image:width":1456,"og:image:height":816,"article:published_time":"2024-01-09T16:19:24+00:00","article:modified_time":"2025-06-22T07:16:13+00:00","twitter:card":"summary_large_image","twitter:title":"Mi smart clock - Rucas - Wholesale and Distribution","twitter:description":"4&quot; Touchsreen Display Stream Favorite Music Smart IoT Control Hub Digital Photo Frame Keep Watch &amp; Feel Safe Chromecast Built-in","twitter:image":"https:\/\/www.rucashk.com\/wp-content\/uploads\/replace\/503b8e645f128a97ccde2b6290747646.jpeg","schema":{"@context":"https:\/\/schema.org","@graph":[{"@type":"BreadcrumbList","@id":"https:\/\/www.rucashk.com\/es\/producto\/mi-smart-clock\/#breadcrumblist","itemListElement":[{"@type":"ListItem","@id":"https:\/\/www.rucashk.com\/es\/#listItem","position":1,"name":"Home","item":"https:\/\/www.rucashk.com\/es\/","nextItem":"https:\/\/www.rucashk.com\/es\/producto\/mi-smart-clock\/#listItem"},{"@type":"ListItem","@id":"https:\/\/www.rucashk.com\/es\/producto\/mi-smart-clock\/#listItem","position":2,"name":"Mi smart clock","previousItem":"https:\/\/www.rucashk.com\/es\/#listItem"}]},{"@type":"Organization","@id":"https:\/\/www.rucashk.com\/es\/#organization","name":"Rucas","url":"https:\/\/www.rucashk.com\/es\/","logo":{"@type":"ImageObject","url":"https:\/\/www.rucashk.com\/wp-content\/uploads\/2023\/12\/Rucas_campany_logo.png","@id":"https:\/\/www.rucashk.com\/es\/producto\/mi-smart-clock\/#organizationLogo","width":221,"height":65},"image":{"@id":"https:\/\/www.rucashk.com\/es\/#organizationLogo"}},{"@type":"Person","@id":"https:\/\/www.rucashk.com\/es\/author\/admin\/#author","url":"https:\/\/www.rucashk.com\/es\/author\/admin\/","name":"admin","image":{"@type":"ImageObject","@id":"https:\/\/www.rucashk.com\/es\/producto\/mi-smart-clock\/#authorImage","url":"https:\/\/secure.gravatar.com\/avatar\/b7c8925b09a27e72b30232f8ecaadbd5af0f70a38c78096863fe51b64f031c24?s=96&d=mm&r=g","width":96,"height":96,"caption":"admin"}},{"@type":"WebPage","@id":"https:\/\/www.rucashk.com\/es\/producto\/mi-smart-clock\/#webpage","url":"https:\/\/www.rucashk.com\/es\/producto\/mi-smart-clock\/","name":"Mi smart clock - Rucas - Wholesale and Distribution","description":"4\" Touchsreen Display Stream Favorite Music Smart IoT Control Hub Digital Photo Frame Keep Watch & Feel Safe Chromecast Built-in","inLanguage":"es-ES","isPartOf":{"@id":"https:\/\/www.rucashk.com\/es\/#website"},"breadcrumb":{"@id":"https:\/\/www.rucashk.com\/es\/producto\/mi-smart-clock\/#breadcrumblist"},"author":{"@id":"https:\/\/www.rucashk.com\/es\/author\/admin\/#author"},"creator":{"@id":"https:\/\/www.rucashk.com\/es\/author\/admin\/#author"},"image":{"@type":"ImageObject","url":"https:\/\/www.rucashk.com\/wp-content\/uploads\/2024\/01\/Mi-smart-clock-1.jpg","@id":"https:\/\/www.rucashk.com\/es\/producto\/mi-smart-clock\/#mainImage","width":800,"height":800},"primaryImageOfPage":{"@id":"https:\/\/www.rucashk.com\/es\/producto\/mi-smart-clock\/#mainImage"},"datePublished":"2024-01-09T16:19:24+00:00","dateModified":"2025-06-22T07:16:13+00:00"},{"@type":"WebSite","@id":"https:\/\/www.rucashk.com\/es\/#website","url":"https:\/\/www.rucashk.com\/es\/","name":"Rucas - Wholesale and distribution worldwide","alternateName":"Rucas - One-stop AIoT Distribution Worldwide","description":"One-stop AIoT Distribution Worldwide","inLanguage":"es-ES","publisher":{"@id":"https:\/\/www.rucashk.com\/es\/#organization"}}]}},"aioseo_meta_data":{"post_id":"25623","title":null,"description":null,"keywords":null,"keyphrases":null,"primary_term":null,"canonical_url":null,"og_title":null,"og_description":null,"og_object_type":"default","og_image_type":"default","og_image_url":null,"og_image_width":null,"og_image_height":null,"og_image_custom_url":null,"og_image_custom_fields":null,"og_video":null,"og_custom_url":null,"og_article_section":null,"og_article_tags":null,"twitter_use_og":false,"twitter_card":"default","twitter_image_type":"default","twitter_image_url":null,"twitter_image_custom_url":null,"twitter_image_custom_fields":null,"twitter_title":null,"twitter_description":null,"schema":{"blockGraphs":[],"customGraphs":[],"default":{"data":{"Article":[],"Course":[],"Dataset":[],"FAQPage":[],"Movie":[],"Person":[],"Product":[],"Recipe":[],"Service":[],"SoftwareApplication":[],"WebPage":[]},"graphName":"","isEnabled":true},"graphs":[]},"schema_type":"default","schema_type_options":null,"pillar_content":false,"robots_default":true,"robots_noindex":false,"robots_noarchive":false,"robots_nosnippet":false,"robots_nofollow":false,"robots_noimageindex":false,"robots_noodp":false,"robots_notranslate":false,"robots_max_snippet":null,"robots_max_videopreview":null,"robots_max_imagepreview":"large","priority":null,"frequency":null,"local_seo":null,"breadcrumb_settings":null,"limit_modified_date":false,"created":"2024-04-11 01:57:19","updated":"2025-06-22 17:59:25"},"aioseo_breadcrumb":"<div class=\"aioseo-breadcrumbs\"><span class=\"aioseo-breadcrumb\">\n\t<a href=\"https:\/\/www.rucashk.com\/es\" title=\"Home\">Home<\/a>\n<\/span><span class=\"aioseo-breadcrumb-separator\">&raquo;<\/span><span class=\"aioseo-breadcrumb\">\n\t<a href=\"https:\/\/www.rucashk.com\/es\/products\/\" title=\"Productos\">Productos<\/a>\n<\/span><span class=\"aioseo-breadcrumb-separator\">&raquo;<\/span><span class=\"aioseo-breadcrumb\">\n\t<a href=\"https:\/\/www.rucashk.com\/es\/marca\/xiaomi\/\" title=\"Xiaomi\">Xiaomi<\/a>\n<\/span><span class=\"aioseo-breadcrumb-separator\">&raquo;<\/span><span class=\"aioseo-breadcrumb\">\n\tMi smart clock\n<\/span><\/div>","aioseo_breadcrumb_json":[{"label":"Home","link":"https:\/\/www.rucashk.com\/es"},{"label":"Productos","link":"https:\/\/www.rucashk.com\/es\/products\/"},{"label":"Xiaomi","link":"https:\/\/www.rucashk.com\/es\/marca\/xiaomi\/"},{"label":"Mi smart clock","link":"https:\/\/www.rucashk.com\/es\/producto\/mi-smart-clock\/"}],"_links":{"self":[{"href":"https:\/\/www.rucashk.com\/es\/wp-json\/wp\/v2\/product\/25623","targetHints":{"allow":["GET"]}}],"collection":[{"href":"https:\/\/www.rucashk.com\/es\/wp-json\/wp\/v2\/product"}],"about":[{"href":"https:\/\/www.rucashk.com\/es\/wp-json\/wp\/v2\/types\/product"}],"wp:featuredmedia":[{"embeddable":true,"href":"https:\/\/www.rucashk.com\/es\/wp-json\/wp\/v2\/media\/25772"}],"wp:attachment":[{"href":"https:\/\/www.rucashk.com\/es\/wp-json\/wp\/v2\/media?parent=25623"}],"wp:term":[{"taxonomy":"product_brand","embeddable":true,"href":"https:\/\/www.rucashk.com\/es\/wp-json\/wp\/v2\/product_brand?post=25623"},{"taxonomy":"product_cat","embeddable":true,"href":"https:\/\/www.rucashk.com\/es\/wp-json\/wp\/v2\/product_cat?post=25623"},{"taxonomy":"product_tag","embeddable":true,"href":"https:\/\/www.rucashk.com\/es\/wp-json\/wp\/v2\/product_tag?post=25623"}],"curies":[{"name":"wp","href":"https:\/\/api.w.org\/{rel}","templated":true}]}}