{"id":25593,"date":"2024-01-09T16:18:59","date_gmt":"2024-01-09T16:18:59","guid":{"rendered":"http:\/\/rucashk.com\/?post_type=product&#038;p=25593"},"modified":"2025-06-22T07:16:14","modified_gmt":"2025-06-22T07:16:14","slug":"mi-laser-projector-tv-4k-150-inch","status":"publish","type":"product","link":"https:\/\/www.rucashk.com\/es\/producto\/mi-laser-projector-tv-4k-150-inch\/","title":{"rendered":"Mi Proyector L\u00e1ser TV 4K 150 pulgadas"},"content":{"rendered":"<div class=\"detailmodule_text\">\n<p class=\"detail-desc-decorate-content\" data-spm-anchor-id=\"a2g0o.detail.1000023.i1.1b6b7a55s5j14r\"><img fetchpriority=\"high\" decoding=\"async\" class=\"detail-desc-decorate-image aligncenter\" src=\"https:\/\/www.rucashk.com\/wp-content\/uploads\/2021\/09\/Hdeba84f6488b407b8754f4b3bfb70e203.jpg\" alt=\"Mi Laser Projector TV 4K 150 inch\" width=\"1000\" height=\"1181\" \/><img decoding=\"async\" class=\"detail-desc-decorate-image aligncenter\" src=\"https:\/\/www.rucashk.com\/wp-content\/uploads\/2021\/09\/H63bdf036e1354f87b76c913c7b708819F.jpg\" alt=\"Mi Laser Projector TV 4K 150 inch\" width=\"1000\" height=\"1773\" \/><img decoding=\"async\" class=\"detail-desc-decorate-image aligncenter\" src=\"https:\/\/www.rucashk.com\/wp-content\/uploads\/2021\/09\/H75ae27d39e34467da4fc95b886309320F.jpg\" alt=\"Mi Laser Projector TV 4K 150 inch\" width=\"1000\" height=\"1112\" \/><img loading=\"lazy\" decoding=\"async\" class=\"detail-desc-decorate-image aligncenter\" src=\"https:\/\/www.rucashk.com\/wp-content\/uploads\/2021\/09\/H7c6fcd51c63146a082173292676b0c39D.jpg\" alt=\"Mi Laser Projector TV 4K 150 inch\" width=\"1000\" height=\"971\" \/><img loading=\"lazy\" decoding=\"async\" class=\"detail-desc-decorate-image aligncenter\" src=\"https:\/\/www.rucashk.com\/wp-content\/uploads\/2021\/09\/H334694f11b3145ec997570321a12a473u.jpg\" alt=\"Mi Laser Projector TV 4K 150 inch\" width=\"1000\" height=\"1182\" \/><img loading=\"lazy\" decoding=\"async\" class=\"detail-desc-decorate-image aligncenter\" src=\"https:\/\/www.rucashk.com\/wp-content\/uploads\/2021\/09\/Hd845420ed1154c739ed8aae83b48acbbC.jpg\" alt=\"Mi Laser Projector TV 4K 150 inch\" width=\"1000\" height=\"1203\" \/><img loading=\"lazy\" decoding=\"async\" class=\"detail-desc-decorate-image aligncenter\" src=\"https:\/\/www.rucashk.com\/wp-content\/uploads\/2021\/09\/Hb043d5705e8e4638a7ff40b05d8115d1m.jpg\" alt=\"Mi Laser Projector TV 4K 150 inch\" width=\"1000\" height=\"974\" \/><img loading=\"lazy\" decoding=\"async\" class=\"detail-desc-decorate-image aligncenter\" src=\"https:\/\/www.rucashk.com\/wp-content\/uploads\/2021\/09\/H0eb695e0962c4b4d8d4560bbde102ccfp.jpg\" alt=\"Mi Laser Projector TV 4K 150 inch\" width=\"1000\" height=\"1055\" \/><img loading=\"lazy\" decoding=\"async\" class=\"detail-desc-decorate-image aligncenter\" src=\"https:\/\/www.rucashk.com\/wp-content\/uploads\/2021\/09\/He5201495dcb7435790f2a34a79bd74dcw.jpg\" alt=\"Mi Laser Projector TV 4K 150 inch\" width=\"1000\" height=\"1096\" \/><img loading=\"lazy\" decoding=\"async\" class=\"detail-desc-decorate-image aligncenter\" src=\"https:\/\/www.rucashk.com\/wp-content\/uploads\/2021\/09\/H8b99a2ea3bad40acbef6cb04cf45a2c4X.jpg\" alt=\"Mi Laser Projector TV 4K 150 inch\" width=\"1000\" height=\"1071\" \/><img loading=\"lazy\" decoding=\"async\" class=\"detail-desc-decorate-image aligncenter\" src=\"https:\/\/www.rucashk.com\/wp-content\/uploads\/2021\/09\/H974512ee277440e39afbf1627ee23611O.jpg\" alt=\"Mi Laser Projector TV 4K 150 inch\" width=\"1080\" height=\"1080\" \/><\/p>\n<\/div>\n<p style=\"text-align: center\">Especificaciones<\/p>\n<p style=\"text-align: center\">Modelo: Proyector l\u00e1ser Xiaomi mijia 4K 1S<br \/>\nResoluci\u00f3n: 4K (3840x2160 ppp)<br \/>\nSistema: Android<br \/>\nRAM+ ROM: 2GB DDR3+16GB eMMC<br \/>\nCPU: T968-H<br \/>\nFunci\u00f3n: Wifi\/Bluetooth<br \/>\nBrillo: 5000 l\u00famenes<br \/>\nContraste :3001:1-4000:1<br \/>\nRelaci\u00f3n de lanzamiento: 0,233:1<br \/>\nEfecto de v\u00eddeo: 2D \/ 3D<br \/>\nTama\u00f1o de la pantalla de proyecci\u00f3n: 50-150 pulgadas<br \/>\nTecnolog\u00eda: DLP<br \/>\nCorrecci\u00f3n trapezoidal: \u00b140\u00b0(vertical)<br \/>\nVida \u00fatil de la l\u00e1mpara: 25000 h+<br \/>\nTipo de bombilla: Fuente de luz l\u00e1ser<br \/>\nDistancia \u00f3ptima: 14 cm-50 cm<br \/>\nPotencia: 220W<br \/>\nTama\u00f1o del proyector: 41*29,1*8,8 cm<br \/>\nPeso del proyector: 7,2 kg<br \/>\nConsumo de energ\u00eda: &lt; 300W (modo resaltado)<br \/>\nEntrada de energ\u00eda: 200-240 V, 50\/60 Hz<br \/>\nConsumo de energ\u00eda en espera: &lt; 0,5 W<br \/>\nTecnolog\u00eda de visualizaci\u00f3n: 0,47 \u201cDMD<br \/>\nTecnolog\u00eda de fuente de luz: ALPD<br \/>\nSistema operativo: MIUI TV<br \/>\nImagen din\u00e1mica: compatible con HDR<br \/>\nEnfoque: enfoque el\u00e9ctrico<\/p>\n<p>&nbsp;<\/p>\n<p style=\"text-align: center\">Rucas, distribuidor l\u00edder de xiaomi en Hong Kong.<br \/>\nCentr\u00e1ndose en productos de accesorios ecol\u00f3gicos de una marca de China, como Amazfit, Haylou, Ninebot, Roborock, Dreame, Imilab, 70Mai, Deerma. Mantenemos cientos de SKU de Xiaomi con stock en el almac\u00e9n de HK y Shenzhen de manera estable para lograr el menor plazo de entrega.<\/p>","protected":false},"excerpt":{"rendered":"<ul>\n<li>Imagen 4K, disfruta del fest\u00edn de los sentidos visuales.<\/li>\n<li>Directly placed in the TV cabinet to cast 80 &#8211; 150 inch large screen<\/li>\n<li>Enfoque ultracorto, solo necesita 24 cm de la pared para proyectar una pantalla grande de 100 pulgadas, sin espacio, adi\u00f3s a la pantalla<\/li>\n<li>ALPD 3.0, tecnolog\u00eda de fuente l\u00e1ser de calidad cinematogr\u00e1fica<\/li>\n<li>Relaci\u00f3n de contraste de 3000:1, imagen v\u00edvida<\/li>\n<li>Audio de alta fidelidad, altavoz de tubo invertido, doble frecuencia de rango completo<\/li>\n<li>Enfriamiento inteligente, ventilador de control de temperatura en tiempo real<\/li>\n<li>Idioma del sistema: chino (predeterminado), ingl\u00e9s. Parte de la aplicaci\u00f3n china simplemente se puede mostrar en chino.<\/li>\n<\/ul>","protected":false},"featured_media":25730,"template":"","meta":[],"product_brand":[1363],"product_cat":[1313,1305],"product_tag":[],"class_list":{"0":"post-25593","1":"product","2":"type-product","3":"status-publish","4":"has-post-thumbnail","6":"product_brand-xiaomi","7":"product_cat-projector","8":"product_cat-xiaomi-eco","10":"first","11":"instock","12":"shipping-taxable","13":"product-type-simple"},"aioseo_notices":[],"aioseo_head":"\n\t\t<!-- All in One SEO Pro 4.5.9.2 - aioseo.com -->\n\t\t<meta name=\"description\" content=\"4K picture, enjoy the visual sense feast Directly placed in the TV cabinet to cast 80 - 150 inch large screen Ultra short-focus, only need 24cm from the wall to cast 100 inch large screen, no space, farewell to the screen ALPD 3.0, cinema-grade laser source technology 3000:1 contrast ratio, vivid image High-fidelity audio, inverted tube speaker, dual full-range dual-frequency Intelligent cooling, real-time temperature control fan System language: Chinese ( default ), English. Part of Chinese APP can merely be displayed in Chinese.\" \/>\n\t\t<meta name=\"robots\" content=\"max-image-preview:large\" \/>\n\t\t<link rel=\"canonical\" href=\"https:\/\/www.rucashk.com\/es\/producto\/mi-laser-projector-tv-4k-150-inch\/\" \/>\n\t\t<meta name=\"generator\" content=\"All in One SEO Pro (AIOSEO) 4.5.9.2\" \/>\n\t\t<meta property=\"og:locale\" content=\"es_ES\" \/>\n\t\t<meta property=\"og:site_name\" content=\"Rucas - One-stop AIoT Distribution Worldwide\" \/>\n\t\t<meta property=\"og:type\" content=\"article\" \/>\n\t\t<meta property=\"og:title\" content=\"Mi Laser Projector TV 4K 150 inch - Rucas - Wholesale and Distribution\" \/>\n\t\t<meta property=\"og:description\" content=\"4K picture, enjoy the visual sense feast Directly placed in the TV cabinet to cast 80 - 150 inch large screen Ultra short-focus, only need 24cm from the wall to cast 100 inch large screen, no space, farewell to the screen ALPD 3.0, cinema-grade laser source technology 3000:1 contrast ratio, vivid image High-fidelity audio, inverted tube speaker, dual full-range dual-frequency Intelligent cooling, real-time temperature control fan System language: Chinese ( default ), English. Part of Chinese APP can merely be displayed in Chinese.\" \/>\n\t\t<meta property=\"og:url\" content=\"https:\/\/www.rucashk.com\/es\/producto\/mi-laser-projector-tv-4k-150-inch\/\" \/>\n\t\t<meta property=\"og:image\" content=\"https:\/\/www.rucashk.com\/wp-content\/uploads\/replace\/503b8e645f128a97ccde2b6290747646.jpeg\" \/>\n\t\t<meta property=\"og:image:secure_url\" content=\"https:\/\/www.rucashk.com\/wp-content\/uploads\/replace\/503b8e645f128a97ccde2b6290747646.jpeg\" \/>\n\t\t<meta property=\"og:image:width\" content=\"1456\" \/>\n\t\t<meta property=\"og:image:height\" content=\"816\" \/>\n\t\t<meta property=\"article:published_time\" content=\"2024-01-09T16:18:59+00:00\" \/>\n\t\t<meta property=\"article:modified_time\" content=\"2025-06-22T07:16:14+00:00\" \/>\n\t\t<meta name=\"twitter:card\" content=\"summary_large_image\" \/>\n\t\t<meta name=\"twitter:title\" content=\"Mi Laser Projector TV 4K 150 inch - Rucas - Wholesale and Distribution\" \/>\n\t\t<meta name=\"twitter:description\" content=\"4K picture, enjoy the visual sense feast Directly placed in the TV cabinet to cast 80 - 150 inch large screen Ultra short-focus, only need 24cm from the wall to cast 100 inch large screen, no space, farewell to the screen ALPD 3.0, cinema-grade laser source technology 3000:1 contrast ratio, vivid image High-fidelity audio, inverted tube speaker, dual full-range dual-frequency Intelligent cooling, real-time temperature control fan System language: Chinese ( default ), English. Part of Chinese APP can merely be displayed in Chinese.\" \/>\n\t\t<meta name=\"twitter:image\" content=\"https:\/\/www.rucashk.com\/wp-content\/uploads\/replace\/503b8e645f128a97ccde2b6290747646.jpeg\" \/>\n\t\t<script type=\"application\/ld+json\" class=\"aioseo-schema\">\n\t\t\t{\"@context\":\"https:\\\/\\\/schema.org\",\"@graph\":[{\"@type\":\"BreadcrumbList\",\"@id\":\"https:\\\/\\\/www.rucashk.com\\\/es\\\/producto\\\/mi-laser-projector-tv-4k-150-inch\\\/#breadcrumblist\",\"itemListElement\":[{\"@type\":\"ListItem\",\"@id\":\"https:\\\/\\\/www.rucashk.com\\\/es\\\/#listItem\",\"position\":1,\"name\":\"Home\",\"item\":\"https:\\\/\\\/www.rucashk.com\\\/es\\\/\",\"nextItem\":\"https:\\\/\\\/www.rucashk.com\\\/es\\\/producto\\\/mi-laser-projector-tv-4k-150-inch\\\/#listItem\"},{\"@type\":\"ListItem\",\"@id\":\"https:\\\/\\\/www.rucashk.com\\\/es\\\/producto\\\/mi-laser-projector-tv-4k-150-inch\\\/#listItem\",\"position\":2,\"name\":\"Mi Laser Projector TV 4K 150 inch\",\"previousItem\":\"https:\\\/\\\/www.rucashk.com\\\/es\\\/#listItem\"}]},{\"@type\":\"Organization\",\"@id\":\"https:\\\/\\\/www.rucashk.com\\\/es\\\/#organization\",\"name\":\"Rucas\",\"url\":\"https:\\\/\\\/www.rucashk.com\\\/es\\\/\",\"logo\":{\"@type\":\"ImageObject\",\"url\":\"https:\\\/\\\/www.rucashk.com\\\/wp-content\\\/uploads\\\/2023\\\/12\\\/Rucas_campany_logo.png\",\"@id\":\"https:\\\/\\\/www.rucashk.com\\\/es\\\/producto\\\/mi-laser-projector-tv-4k-150-inch\\\/#organizationLogo\",\"width\":221,\"height\":65},\"image\":{\"@id\":\"https:\\\/\\\/www.rucashk.com\\\/es\\\/#organizationLogo\"}},{\"@type\":\"Person\",\"@id\":\"https:\\\/\\\/www.rucashk.com\\\/es\\\/author\\\/admin\\\/#author\",\"url\":\"https:\\\/\\\/www.rucashk.com\\\/es\\\/author\\\/admin\\\/\",\"name\":\"admin\",\"image\":{\"@type\":\"ImageObject\",\"@id\":\"https:\\\/\\\/www.rucashk.com\\\/es\\\/producto\\\/mi-laser-projector-tv-4k-150-inch\\\/#authorImage\",\"url\":\"https:\\\/\\\/secure.gravatar.com\\\/avatar\\\/b7c8925b09a27e72b30232f8ecaadbd5af0f70a38c78096863fe51b64f031c24?s=96&d=mm&r=g\",\"width\":96,\"height\":96,\"caption\":\"admin\"}},{\"@type\":\"WebPage\",\"@id\":\"https:\\\/\\\/www.rucashk.com\\\/es\\\/producto\\\/mi-laser-projector-tv-4k-150-inch\\\/#webpage\",\"url\":\"https:\\\/\\\/www.rucashk.com\\\/es\\\/producto\\\/mi-laser-projector-tv-4k-150-inch\\\/\",\"name\":\"Mi Laser Projector TV 4K 150 inch - Rucas - Wholesale and Distribution\",\"description\":\"4K picture, enjoy the visual sense feast Directly placed in the TV cabinet to cast 80 - 150 inch large screen Ultra short-focus, only need 24cm from the wall to cast 100 inch large screen, no space, farewell to the screen ALPD 3.0, cinema-grade laser source technology 3000:1 contrast ratio, vivid image High-fidelity audio, inverted tube speaker, dual full-range dual-frequency Intelligent cooling, real-time temperature control fan System language: Chinese ( default ), English. Part of Chinese APP can merely be displayed in Chinese.\",\"inLanguage\":\"es-ES\",\"isPartOf\":{\"@id\":\"https:\\\/\\\/www.rucashk.com\\\/es\\\/#website\"},\"breadcrumb\":{\"@id\":\"https:\\\/\\\/www.rucashk.com\\\/es\\\/producto\\\/mi-laser-projector-tv-4k-150-inch\\\/#breadcrumblist\"},\"author\":{\"@id\":\"https:\\\/\\\/www.rucashk.com\\\/es\\\/author\\\/admin\\\/#author\"},\"creator\":{\"@id\":\"https:\\\/\\\/www.rucashk.com\\\/es\\\/author\\\/admin\\\/#author\"},\"image\":{\"@type\":\"ImageObject\",\"url\":\"https:\\\/\\\/www.rucashk.com\\\/wp-content\\\/uploads\\\/2024\\\/01\\\/Mi-Laser-Projector-TV-4K-150-inch-3.jpg\",\"@id\":\"https:\\\/\\\/www.rucashk.com\\\/es\\\/producto\\\/mi-laser-projector-tv-4k-150-inch\\\/#mainImage\",\"width\":800,\"height\":800},\"primaryImageOfPage\":{\"@id\":\"https:\\\/\\\/www.rucashk.com\\\/es\\\/producto\\\/mi-laser-projector-tv-4k-150-inch\\\/#mainImage\"},\"datePublished\":\"2024-01-09T16:18:59+00:00\",\"dateModified\":\"2025-06-22T07:16:14+00:00\"},{\"@type\":\"WebSite\",\"@id\":\"https:\\\/\\\/www.rucashk.com\\\/es\\\/#website\",\"url\":\"https:\\\/\\\/www.rucashk.com\\\/es\\\/\",\"name\":\"Rucas - Wholesale and distribution worldwide\",\"alternateName\":\"Rucas - One-stop AIoT Distribution Worldwide\",\"description\":\"One-stop AIoT Distribution Worldwide\",\"inLanguage\":\"es-ES\",\"publisher\":{\"@id\":\"https:\\\/\\\/www.rucashk.com\\\/es\\\/#organization\"}}]}\n\t\t<\/script>\n\t\t<!-- All in One SEO Pro -->\r\n\t\t<title>Mi Laser Projector TV 4K 150 inch - Rucas - Wholesale and Distribution<\/title>\n\n","aioseo_head_json":{"title":"Mi Laser Projector TV 4K 150 inch - Rucas - Wholesale and Distribution","description":"4K picture, enjoy the visual sense feast Directly placed in the TV cabinet to cast 80 - 150 inch large screen Ultra short-focus, only need 24cm from the wall to cast 100 inch large screen, no space, farewell to the screen ALPD 3.0, cinema-grade laser source technology 3000:1 contrast ratio, vivid image High-fidelity audio, inverted tube speaker, dual full-range dual-frequency Intelligent cooling, real-time temperature control fan System language: Chinese ( default ), English. Part of Chinese APP can merely be displayed in Chinese.","canonical_url":"https:\/\/www.rucashk.com\/es\/producto\/mi-laser-projector-tv-4k-150-inch\/","robots":"max-image-preview:large","keywords":"","webmasterTools":{"miscellaneous":""},"og:locale":"es_ES","og:site_name":"Rucas - One-stop AIoT Distribution Worldwide","og:type":"article","og:title":"Mi Laser Projector TV 4K 150 inch - Rucas - Wholesale and Distribution","og:description":"4K picture, enjoy the visual sense feast Directly placed in the TV cabinet to cast 80 - 150 inch large screen Ultra short-focus, only need 24cm from the wall to cast 100 inch large screen, no space, farewell to the screen ALPD 3.0, cinema-grade laser source technology 3000:1 contrast ratio, vivid image High-fidelity audio, inverted tube speaker, dual full-range dual-frequency Intelligent cooling, real-time temperature control fan System language: Chinese ( default ), English. Part of Chinese APP can merely be displayed in Chinese.","og:url":"https:\/\/www.rucashk.com\/es\/producto\/mi-laser-projector-tv-4k-150-inch\/","og:image":"https:\/\/www.rucashk.com\/wp-content\/uploads\/replace\/503b8e645f128a97ccde2b6290747646.jpeg","og:image:secure_url":"https:\/\/www.rucashk.com\/wp-content\/uploads\/replace\/503b8e645f128a97ccde2b6290747646.jpeg","og:image:width":1456,"og:image:height":816,"article:published_time":"2024-01-09T16:18:59+00:00","article:modified_time":"2025-06-22T07:16:14+00:00","twitter:card":"summary_large_image","twitter:title":"Mi Laser Projector TV 4K 150 inch - Rucas - Wholesale and Distribution","twitter:description":"4K picture, enjoy the visual sense feast Directly placed in the TV cabinet to cast 80 - 150 inch large screen Ultra short-focus, only need 24cm from the wall to cast 100 inch large screen, no space, farewell to the screen ALPD 3.0, cinema-grade laser source technology 3000:1 contrast ratio, vivid image High-fidelity audio, inverted tube speaker, dual full-range dual-frequency Intelligent cooling, real-time temperature control fan System language: Chinese ( default ), English. Part of Chinese APP can merely be displayed in Chinese.","twitter:image":"https:\/\/www.rucashk.com\/wp-content\/uploads\/replace\/503b8e645f128a97ccde2b6290747646.jpeg","schema":{"@context":"https:\/\/schema.org","@graph":[{"@type":"BreadcrumbList","@id":"https:\/\/www.rucashk.com\/es\/producto\/mi-laser-projector-tv-4k-150-inch\/#breadcrumblist","itemListElement":[{"@type":"ListItem","@id":"https:\/\/www.rucashk.com\/es\/#listItem","position":1,"name":"Home","item":"https:\/\/www.rucashk.com\/es\/","nextItem":"https:\/\/www.rucashk.com\/es\/producto\/mi-laser-projector-tv-4k-150-inch\/#listItem"},{"@type":"ListItem","@id":"https:\/\/www.rucashk.com\/es\/producto\/mi-laser-projector-tv-4k-150-inch\/#listItem","position":2,"name":"Mi Laser Projector TV 4K 150 inch","previousItem":"https:\/\/www.rucashk.com\/es\/#listItem"}]},{"@type":"Organization","@id":"https:\/\/www.rucashk.com\/es\/#organization","name":"Rucas","url":"https:\/\/www.rucashk.com\/es\/","logo":{"@type":"ImageObject","url":"https:\/\/www.rucashk.com\/wp-content\/uploads\/2023\/12\/Rucas_campany_logo.png","@id":"https:\/\/www.rucashk.com\/es\/producto\/mi-laser-projector-tv-4k-150-inch\/#organizationLogo","width":221,"height":65},"image":{"@id":"https:\/\/www.rucashk.com\/es\/#organizationLogo"}},{"@type":"Person","@id":"https:\/\/www.rucashk.com\/es\/author\/admin\/#author","url":"https:\/\/www.rucashk.com\/es\/author\/admin\/","name":"admin","image":{"@type":"ImageObject","@id":"https:\/\/www.rucashk.com\/es\/producto\/mi-laser-projector-tv-4k-150-inch\/#authorImage","url":"https:\/\/secure.gravatar.com\/avatar\/b7c8925b09a27e72b30232f8ecaadbd5af0f70a38c78096863fe51b64f031c24?s=96&d=mm&r=g","width":96,"height":96,"caption":"admin"}},{"@type":"WebPage","@id":"https:\/\/www.rucashk.com\/es\/producto\/mi-laser-projector-tv-4k-150-inch\/#webpage","url":"https:\/\/www.rucashk.com\/es\/producto\/mi-laser-projector-tv-4k-150-inch\/","name":"Mi Laser Projector TV 4K 150 inch - Rucas - Wholesale and Distribution","description":"4K picture, enjoy the visual sense feast Directly placed in the TV cabinet to cast 80 - 150 inch large screen Ultra short-focus, only need 24cm from the wall to cast 100 inch large screen, no space, farewell to the screen ALPD 3.0, cinema-grade laser source technology 3000:1 contrast ratio, vivid image High-fidelity audio, inverted tube speaker, dual full-range dual-frequency Intelligent cooling, real-time temperature control fan System language: Chinese ( default ), English. Part of Chinese APP can merely be displayed in Chinese.","inLanguage":"es-ES","isPartOf":{"@id":"https:\/\/www.rucashk.com\/es\/#website"},"breadcrumb":{"@id":"https:\/\/www.rucashk.com\/es\/producto\/mi-laser-projector-tv-4k-150-inch\/#breadcrumblist"},"author":{"@id":"https:\/\/www.rucashk.com\/es\/author\/admin\/#author"},"creator":{"@id":"https:\/\/www.rucashk.com\/es\/author\/admin\/#author"},"image":{"@type":"ImageObject","url":"https:\/\/www.rucashk.com\/wp-content\/uploads\/2024\/01\/Mi-Laser-Projector-TV-4K-150-inch-3.jpg","@id":"https:\/\/www.rucashk.com\/es\/producto\/mi-laser-projector-tv-4k-150-inch\/#mainImage","width":800,"height":800},"primaryImageOfPage":{"@id":"https:\/\/www.rucashk.com\/es\/producto\/mi-laser-projector-tv-4k-150-inch\/#mainImage"},"datePublished":"2024-01-09T16:18:59+00:00","dateModified":"2025-06-22T07:16:14+00:00"},{"@type":"WebSite","@id":"https:\/\/www.rucashk.com\/es\/#website","url":"https:\/\/www.rucashk.com\/es\/","name":"Rucas - Wholesale and distribution worldwide","alternateName":"Rucas - One-stop AIoT Distribution Worldwide","description":"One-stop AIoT Distribution Worldwide","inLanguage":"es-ES","publisher":{"@id":"https:\/\/www.rucashk.com\/es\/#organization"}}]}},"aioseo_meta_data":{"post_id":"25593","title":null,"description":null,"keywords":null,"keyphrases":null,"primary_term":null,"canonical_url":null,"og_title":null,"og_description":null,"og_object_type":"default","og_image_type":"default","og_image_url":null,"og_image_width":null,"og_image_height":null,"og_image_custom_url":null,"og_image_custom_fields":null,"og_video":null,"og_custom_url":null,"og_article_section":null,"og_article_tags":null,"twitter_use_og":false,"twitter_card":"default","twitter_image_type":"default","twitter_image_url":null,"twitter_image_custom_url":null,"twitter_image_custom_fields":null,"twitter_title":null,"twitter_description":null,"schema":{"blockGraphs":[],"customGraphs":[],"default":{"data":{"Article":[],"Course":[],"Dataset":[],"FAQPage":[],"Movie":[],"Person":[],"Product":[],"Recipe":[],"Service":[],"SoftwareApplication":[],"WebPage":[]},"graphName":"","isEnabled":true},"graphs":[]},"schema_type":"default","schema_type_options":null,"pillar_content":false,"robots_default":true,"robots_noindex":false,"robots_noarchive":false,"robots_nosnippet":false,"robots_nofollow":false,"robots_noimageindex":false,"robots_noodp":false,"robots_notranslate":false,"robots_max_snippet":null,"robots_max_videopreview":null,"robots_max_imagepreview":"large","priority":null,"frequency":null,"local_seo":null,"breadcrumb_settings":null,"limit_modified_date":false,"created":"2024-04-11 01:57:19","updated":"2025-06-22 17:58:12"},"aioseo_breadcrumb":"<div class=\"aioseo-breadcrumbs\"><span class=\"aioseo-breadcrumb\">\n\t<a href=\"https:\/\/www.rucashk.com\/es\" title=\"Home\">Home<\/a>\n<\/span><span class=\"aioseo-breadcrumb-separator\">&raquo;<\/span><span class=\"aioseo-breadcrumb\">\n\t<a href=\"https:\/\/www.rucashk.com\/es\/products\/\" title=\"Productos\">Productos<\/a>\n<\/span><span class=\"aioseo-breadcrumb-separator\">&raquo;<\/span><span class=\"aioseo-breadcrumb\">\n\t<a href=\"https:\/\/www.rucashk.com\/es\/marca\/xiaomi\/\" title=\"Xiaomi\">Xiaomi<\/a>\n<\/span><span class=\"aioseo-breadcrumb-separator\">&raquo;<\/span><span class=\"aioseo-breadcrumb\">\n\tMi Laser Projector TV 4K 150 inch\n<\/span><\/div>","aioseo_breadcrumb_json":[{"label":"Home","link":"https:\/\/www.rucashk.com\/es"},{"label":"Productos","link":"https:\/\/www.rucashk.com\/es\/products\/"},{"label":"Xiaomi","link":"https:\/\/www.rucashk.com\/es\/marca\/xiaomi\/"},{"label":"Mi Laser Projector TV 4K 150 inch","link":"https:\/\/www.rucashk.com\/es\/producto\/mi-laser-projector-tv-4k-150-inch\/"}],"_links":{"self":[{"href":"https:\/\/www.rucashk.com\/es\/wp-json\/wp\/v2\/product\/25593","targetHints":{"allow":["GET"]}}],"collection":[{"href":"https:\/\/www.rucashk.com\/es\/wp-json\/wp\/v2\/product"}],"about":[{"href":"https:\/\/www.rucashk.com\/es\/wp-json\/wp\/v2\/types\/product"}],"wp:featuredmedia":[{"embeddable":true,"href":"https:\/\/www.rucashk.com\/es\/wp-json\/wp\/v2\/media\/25730"}],"wp:attachment":[{"href":"https:\/\/www.rucashk.com\/es\/wp-json\/wp\/v2\/media?parent=25593"}],"wp:term":[{"taxonomy":"product_brand","embeddable":true,"href":"https:\/\/www.rucashk.com\/es\/wp-json\/wp\/v2\/product_brand?post=25593"},{"taxonomy":"product_cat","embeddable":true,"href":"https:\/\/www.rucashk.com\/es\/wp-json\/wp\/v2\/product_cat?post=25593"},{"taxonomy":"product_tag","embeddable":true,"href":"https:\/\/www.rucashk.com\/es\/wp-json\/wp\/v2\/product_tag?post=25593"}],"curies":[{"name":"wp","href":"https:\/\/api.w.org\/{rel}","templated":true}]}}