{"id":25592,"date":"2024-01-09T16:18:59","date_gmt":"2024-01-09T16:18:59","guid":{"rendered":"http:\/\/rucashk.com\/?post_type=product&#038;p=25592"},"modified":"2025-06-22T07:16:14","modified_gmt":"2025-06-22T07:16:14","slug":"xiaomi-tv-sound-bar","status":"publish","type":"product","link":"https:\/\/www.rucashk.com\/es\/producto\/xiaomi-tv-sound-bar\/","title":{"rendered":"Barra de sonido para televisor Xiaomi"},"content":{"rendered":"<p><img fetchpriority=\"high\" decoding=\"async\" class=\"aligncenter\" src=\"\/wp-content\/uploads\/replace\/cea2def8c3fe7bfe04f3a7db34d04bd2.jpeg\" alt=\"Xiaomi TV sound bar\" width=\"1000\" height=\"609\" \/><\/p>\n<p style=\"text-align: center\">Disfrute de un sonido de calidad con este compa\u00f1ero de TV.<\/p>\n<p style=\"text-align: center\"><img decoding=\"async\" class=\"aligncenter\" src=\"\/wp-content\/uploads\/replace\/c9fe4c9684ba4232ff7e18f8b2aaa503.jpeg\" alt=\"Xiaomi TV sound bar\" width=\"1000\" height=\"609\" \/><\/p>\n<p style=\"text-align: center\"><img decoding=\"async\" class=\"aligncenter\" src=\"\/wp-content\/uploads\/replace\/bf881d278f15984bb74b95436d95c552.jpeg\" alt=\"Xiaomi TV sound bar\" width=\"1000\" height=\"573\" \/><\/p>\n<p style=\"text-align: center\"><img loading=\"lazy\" decoding=\"async\" class=\"aligncenter\" src=\"\/wp-content\/uploads\/replace\/a318549ed643b2a9e724fccd2a342f5f.jpeg\" alt=\"Xiaomi TV sound bar\" width=\"1000\" height=\"446\" \/><\/p>\n<p style=\"text-align: center\">Buen audio para la televisi\u00f3n.<\/p>\n<p style=\"text-align: center\">Soporta la mayor\u00eda de televisores del mercado.<\/p>\n<p style=\"text-align: center\">Real Sound \u2013 8 unidades generadoras de sonido<\/p>\n<p style=\"text-align: center\">M\u00faltiples puertos de conexi\u00f3n: SPDIF, \u00d3ptico, L\u00ednea AUX, Bluetooth<\/p>\n<p style=\"text-align: center\">Montado en la pared o en el escritorio<\/p>\n<div style=\"text-align: center\"><\/div>\n<p style=\"text-align: center\"><img loading=\"lazy\" decoding=\"async\" class=\"aligncenter\" src=\"\/wp-content\/uploads\/replace\/0ba8d65dd47e1ec20904f61cfb55d9f4.jpeg\" alt=\"Xiaomi TV sound bar\" width=\"1000\" height=\"870\" \/><\/p>\n<p style=\"text-align: center\">El sonido envolvente aporta un efecto cinematogr\u00e1fico.<\/p>\n<p style=\"text-align: center\">Experiencia m\u00e1s inmersiva al jugar, sentido de sustituci\u00f3n<\/p>\n<p style=\"text-align: center\">Reproduzca m\u00fasica desde su televisor y sus dispositivos m\u00f3viles a trav\u00e9s de una conexi\u00f3n Bluetooth<\/p>\n<div style=\"text-align: center\"><\/div>\n<p style=\"text-align: center\"><img loading=\"lazy\" decoding=\"async\" class=\"aligncenter\" src=\"\/wp-content\/uploads\/replace\/c72ee08fea8a62736091bd0e615c8b19.jpeg\" alt=\"Xiaomi TV sound bar\" width=\"1000\" height=\"500\" \/><\/p>\n<p style=\"text-align: center\">8 unidades generadoras de sonido para un verdadero sonido natural<\/p>\n<p style=\"text-align: center\">El rango de respuesta de frecuencia de audio es de 50 Hz ~ 25000 Hz<\/p>\n<p style=\"text-align: center\">Dos tweeters de c\u00fapula de 20 n\u00facleos para unos agudos claros y transparentes<\/p>\n<p style=\"text-align: center\">Cuatro radiadores pasivos para bajo.<\/p>\n<p style=\"text-align: center\">Dos subwoofers de 2,5 pulgadas para unos graves medios plenos y estables<\/p>\n<p style=\"text-align: center\"><img loading=\"lazy\" decoding=\"async\" class=\"aligncenter\" src=\"\/wp-content\/uploads\/replace\/6254400cc014a7fc10d7f344d8d25eeb.jpeg\" alt=\"Xiaomi TV sound bar\" width=\"1000\" height=\"700\" \/><\/p>\n<p style=\"text-align: center\">Amplia variedad de interfaces de conexi\u00f3n<\/p>\n<p style=\"text-align: center\"><img loading=\"lazy\" decoding=\"async\" class=\"aligncenter\" src=\"\/wp-content\/uploads\/replace\/b2484fbd467f4906f0dd3dac92df4520.jpeg\" alt=\"Xiaomi TV sound bar\" width=\"1000\" height=\"386\" \/><\/p>\n<p style=\"text-align: center\">Transmisi\u00f3n inal\u00e1mbrica Bluetooth 4.2, r\u00e1pida y estable, fuerte antiinterferencias.<\/p>\n<p style=\"text-align: center\"><img loading=\"lazy\" decoding=\"async\" class=\"aligncenter\" src=\"\/wp-content\/uploads\/replace\/51d58fc00e422fc5acf825dbbc36c878.jpeg\" alt=\"Xiaomi TV sound bar\" width=\"1000\" height=\"532\" \/><\/p>\n<p style=\"text-align: center\">Dise\u00f1o de materiales de tela: combinaci\u00f3n perfecta de moda y funcionalidad.<\/p>\n<p style=\"text-align: center\"><img loading=\"lazy\" decoding=\"async\" class=\"aligncenter\" src=\"\/wp-content\/uploads\/replace\/3985c03898f3fe0a73ab3406e77d1e56.jpeg\" alt=\"Xiaomi TV sound bar\" width=\"1000\" height=\"700\" \/><\/p>\n<p style=\"text-align: center\">F\u00e1cil de usar, ligero y compacto.<\/p>\n<p style=\"text-align: center\">Conexi\u00f3n con solo UNA l\u00ednea.<\/p>\n<p style=\"text-align: center\"><img loading=\"lazy\" decoding=\"async\" class=\"aligncenter\" src=\"\/wp-content\/uploads\/replace\/86f300fffb2dc98e4641f881b3b5cf48.jpeg\" alt=\"Xiaomi TV sound bar\" width=\"1000\" height=\"540\" \/><\/p>\n<p style=\"text-align: center\">Instalaci\u00f3n en 3 pasos: con\u00e9ctese al televisor, con\u00e9ctese a la alimentaci\u00f3n, presione el bot\u00f3n de encendido y \u00a1listo!<\/p>\n<p style=\"text-align: center\"><img loading=\"lazy\" decoding=\"async\" class=\"aligncenter\" src=\"\/wp-content\/uploads\/replace\/cf4540d67fdc6076a75aeebce11f22d1.jpeg\" alt=\"Xiaomi TV sound bar\" width=\"1000\" height=\"600\" \/><\/p>\n<div style=\"text-align: center\"><\/div>\n<p style=\"text-align: center\"><img loading=\"lazy\" decoding=\"async\" class=\"aligncenter\" src=\"\/wp-content\/uploads\/replace\/820ac29b0d438a49bb82f7280e482f53.jpeg\" alt=\"Xiaomi TV sound bar\" width=\"1000\" height=\"1000\" \/><\/p>\n<p style=\"text-align: center\"><img loading=\"lazy\" decoding=\"async\" class=\"aligncenter\" src=\"\/wp-content\/uploads\/replace\/b2cefa3e062e643e5cd4544da17fbd6a.jpeg\" alt=\"Xiaomi TV sound bar\" width=\"1000\" height=\"500\" \/><\/p>\n<div style=\"text-align: center\"><\/div>\n<p style=\"text-align: center\"><img loading=\"lazy\" decoding=\"async\" class=\"aligncenter\" src=\"\/wp-content\/uploads\/replace\/751f2643b73c453b9ac51218dd241085.jpeg\" alt=\"Xiaomi TV sound bar\" width=\"1000\" height=\"500\" \/><\/p>\n<p><img loading=\"lazy\" decoding=\"async\" class=\"aligncenter\" src=\"\/wp-content\/uploads\/replace\/97ccd0831233e54705a1211f76734e51.jpeg\" alt=\"Xiaomi TV sound bar\" width=\"1000\" height=\"1000\" data-spm-anchor-id=\"a2g0o.detail.1000023.i1.4c623abbVc3mCM\" \/><\/p>\n<p>&nbsp;<\/p>\n<p style=\"text-align: center\">Rucas, distribuidor l\u00edder de xiaomi en Hong Kong.<br \/>\nCentr\u00e1ndose en productos de accesorios ecol\u00f3gicos de una marca de China, como Amazfit, Haylou, Ninebot, Roborock, Dreame, Imilab, 70Mai, Deerma. Mantenemos cientos de SKU de Xiaomi con stock en el almac\u00e9n de HK y Shenzhen de manera estable para lograr el menor plazo de entrega.<\/p>","protected":false},"excerpt":{"rendered":"<ul>\n<li>Bluetooth 4.2 admite reproducci\u00f3n de m\u00fasica A2DP<\/li>\n<li>Interfaz de entrada de audio externa: entrada AUX est\u00e9reo de 3,5 mm, entrada de fibra \u00f3ptica, entrada coaxial, entrada de audio roja y blanca<\/li>\n<li>Potencia de entrada: &gt; 14W X 2 @1kHz, THD &lt; 1%<\/li>\n<li>Rango de respuesta de frecuencia: 50 Hz ~ 25000 Hz (-10 dB)<\/li>\n<li>Impedancia nominal: 6 ohmios<\/li>\n<\/ul>","protected":false},"featured_media":25727,"template":"","meta":[],"product_brand":[1363],"product_cat":[1315,1305],"product_tag":[],"class_list":{"0":"post-25592","1":"product","2":"type-product","3":"status-publish","4":"has-post-thumbnail","6":"product_brand-xiaomi","7":"product_cat-tv-accessories","8":"product_cat-xiaomi-eco","10":"first","11":"instock","12":"shipping-taxable","13":"product-type-simple"},"aioseo_notices":[],"aioseo_head":"\n\t\t<!-- All in One SEO Pro 4.5.9.2 - aioseo.com -->\n\t\t<meta name=\"description\" content=\"Bluetooth 4.2 supports A2DP music playback External audio input interface: 3.5mm stereo AUX input, optical fiber input, coaxial input, red and white audio input Input power: &gt; 14W X 2 @1kHz, THD &lt; 1% Frequency response range: 50Hz ~ 25000Hz ( -10dB) Rated impedance: 6 ohms\" \/>\n\t\t<meta name=\"robots\" content=\"max-image-preview:large\" \/>\n\t\t<link rel=\"canonical\" href=\"https:\/\/www.rucashk.com\/es\/producto\/xiaomi-tv-sound-bar\/\" \/>\n\t\t<meta name=\"generator\" content=\"All in One SEO Pro (AIOSEO) 4.5.9.2\" \/>\n\t\t<meta property=\"og:locale\" content=\"es_ES\" \/>\n\t\t<meta property=\"og:site_name\" content=\"Rucas - One-stop AIoT Distribution Worldwide\" \/>\n\t\t<meta property=\"og:type\" content=\"article\" \/>\n\t\t<meta property=\"og:title\" content=\"Xiaomi TV sound bar - Rucas - Wholesale and Distribution\" \/>\n\t\t<meta property=\"og:description\" content=\"Bluetooth 4.2 supports A2DP music playback External audio input interface: 3.5mm stereo AUX input, optical fiber input, coaxial input, red and white audio input Input power: &gt; 14W X 2 @1kHz, THD &lt; 1% Frequency response range: 50Hz ~ 25000Hz ( -10dB) Rated impedance: 6 ohms\" \/>\n\t\t<meta property=\"og:url\" content=\"https:\/\/www.rucashk.com\/es\/producto\/xiaomi-tv-sound-bar\/\" \/>\n\t\t<meta property=\"og:image\" content=\"https:\/\/www.rucashk.com\/wp-content\/uploads\/replace\/503b8e645f128a97ccde2b6290747646.jpeg\" \/>\n\t\t<meta property=\"og:image:secure_url\" content=\"https:\/\/www.rucashk.com\/wp-content\/uploads\/replace\/503b8e645f128a97ccde2b6290747646.jpeg\" \/>\n\t\t<meta property=\"og:image:width\" content=\"1456\" \/>\n\t\t<meta property=\"og:image:height\" content=\"816\" \/>\n\t\t<meta property=\"article:published_time\" content=\"2024-01-09T16:18:59+00:00\" \/>\n\t\t<meta property=\"article:modified_time\" content=\"2025-06-22T07:16:14+00:00\" \/>\n\t\t<meta name=\"twitter:card\" content=\"summary_large_image\" \/>\n\t\t<meta name=\"twitter:title\" content=\"Xiaomi TV sound bar - Rucas - Wholesale and Distribution\" \/>\n\t\t<meta name=\"twitter:description\" content=\"Bluetooth 4.2 supports A2DP music playback External audio input interface: 3.5mm stereo AUX input, optical fiber input, coaxial input, red and white audio input Input power: &gt; 14W X 2 @1kHz, THD &lt; 1% Frequency response range: 50Hz ~ 25000Hz ( -10dB) Rated impedance: 6 ohms\" \/>\n\t\t<meta name=\"twitter:image\" content=\"https:\/\/www.rucashk.com\/wp-content\/uploads\/replace\/503b8e645f128a97ccde2b6290747646.jpeg\" \/>\n\t\t<script type=\"application\/ld+json\" class=\"aioseo-schema\">\n\t\t\t{\"@context\":\"https:\\\/\\\/schema.org\",\"@graph\":[{\"@type\":\"BreadcrumbList\",\"@id\":\"https:\\\/\\\/www.rucashk.com\\\/es\\\/producto\\\/xiaomi-tv-sound-bar\\\/#breadcrumblist\",\"itemListElement\":[{\"@type\":\"ListItem\",\"@id\":\"https:\\\/\\\/www.rucashk.com\\\/es\\\/#listItem\",\"position\":1,\"name\":\"Home\",\"item\":\"https:\\\/\\\/www.rucashk.com\\\/es\\\/\",\"nextItem\":\"https:\\\/\\\/www.rucashk.com\\\/es\\\/producto\\\/xiaomi-tv-sound-bar\\\/#listItem\"},{\"@type\":\"ListItem\",\"@id\":\"https:\\\/\\\/www.rucashk.com\\\/es\\\/producto\\\/xiaomi-tv-sound-bar\\\/#listItem\",\"position\":2,\"name\":\"Xiaomi TV sound bar\",\"previousItem\":\"https:\\\/\\\/www.rucashk.com\\\/es\\\/#listItem\"}]},{\"@type\":\"Organization\",\"@id\":\"https:\\\/\\\/www.rucashk.com\\\/es\\\/#organization\",\"name\":\"Rucas\",\"url\":\"https:\\\/\\\/www.rucashk.com\\\/es\\\/\",\"logo\":{\"@type\":\"ImageObject\",\"url\":\"https:\\\/\\\/www.rucashk.com\\\/wp-content\\\/uploads\\\/2023\\\/12\\\/Rucas_campany_logo.png\",\"@id\":\"https:\\\/\\\/www.rucashk.com\\\/es\\\/producto\\\/xiaomi-tv-sound-bar\\\/#organizationLogo\",\"width\":221,\"height\":65},\"image\":{\"@id\":\"https:\\\/\\\/www.rucashk.com\\\/es\\\/#organizationLogo\"}},{\"@type\":\"Person\",\"@id\":\"https:\\\/\\\/www.rucashk.com\\\/es\\\/author\\\/admin\\\/#author\",\"url\":\"https:\\\/\\\/www.rucashk.com\\\/es\\\/author\\\/admin\\\/\",\"name\":\"admin\",\"image\":{\"@type\":\"ImageObject\",\"@id\":\"https:\\\/\\\/www.rucashk.com\\\/es\\\/producto\\\/xiaomi-tv-sound-bar\\\/#authorImage\",\"url\":\"https:\\\/\\\/secure.gravatar.com\\\/avatar\\\/b7c8925b09a27e72b30232f8ecaadbd5af0f70a38c78096863fe51b64f031c24?s=96&d=mm&r=g\",\"width\":96,\"height\":96,\"caption\":\"admin\"}},{\"@type\":\"WebPage\",\"@id\":\"https:\\\/\\\/www.rucashk.com\\\/es\\\/producto\\\/xiaomi-tv-sound-bar\\\/#webpage\",\"url\":\"https:\\\/\\\/www.rucashk.com\\\/es\\\/producto\\\/xiaomi-tv-sound-bar\\\/\",\"name\":\"Xiaomi TV sound bar - Rucas - Wholesale and Distribution\",\"description\":\"Bluetooth 4.2 supports A2DP music playback External audio input interface: 3.5mm stereo AUX input, optical fiber input, coaxial input, red and white audio input Input power: > 14W X 2 @1kHz, THD < 1% Frequency response range: 50Hz ~ 25000Hz ( -10dB) Rated impedance: 6 ohms\",\"inLanguage\":\"es-ES\",\"isPartOf\":{\"@id\":\"https:\\\/\\\/www.rucashk.com\\\/es\\\/#website\"},\"breadcrumb\":{\"@id\":\"https:\\\/\\\/www.rucashk.com\\\/es\\\/producto\\\/xiaomi-tv-sound-bar\\\/#breadcrumblist\"},\"author\":{\"@id\":\"https:\\\/\\\/www.rucashk.com\\\/es\\\/author\\\/admin\\\/#author\"},\"creator\":{\"@id\":\"https:\\\/\\\/www.rucashk.com\\\/es\\\/author\\\/admin\\\/#author\"},\"image\":{\"@type\":\"ImageObject\",\"url\":\"https:\\\/\\\/www.rucashk.com\\\/wp-content\\\/uploads\\\/2024\\\/01\\\/Xiaomi-TV-sound-bar_\\u526f\\u672c.jpg\",\"@id\":\"https:\\\/\\\/www.rucashk.com\\\/es\\\/producto\\\/xiaomi-tv-sound-bar\\\/#mainImage\",\"width\":800,\"height\":800},\"primaryImageOfPage\":{\"@id\":\"https:\\\/\\\/www.rucashk.com\\\/es\\\/producto\\\/xiaomi-tv-sound-bar\\\/#mainImage\"},\"datePublished\":\"2024-01-09T16:18:59+00:00\",\"dateModified\":\"2025-06-22T07:16:14+00:00\"},{\"@type\":\"WebSite\",\"@id\":\"https:\\\/\\\/www.rucashk.com\\\/es\\\/#website\",\"url\":\"https:\\\/\\\/www.rucashk.com\\\/es\\\/\",\"name\":\"Rucas - Wholesale and distribution worldwide\",\"alternateName\":\"Rucas - One-stop AIoT Distribution Worldwide\",\"description\":\"One-stop AIoT Distribution Worldwide\",\"inLanguage\":\"es-ES\",\"publisher\":{\"@id\":\"https:\\\/\\\/www.rucashk.com\\\/es\\\/#organization\"}}]}\n\t\t<\/script>\n\t\t<!-- All in One SEO Pro -->\r\n\t\t<title>Xiaomi TV sound bar - Rucas - Wholesale and Distribution<\/title>\n\n","aioseo_head_json":{"title":"Xiaomi TV sound bar - Rucas - Wholesale and Distribution","description":"Bluetooth 4.2 supports A2DP music playback External audio input interface: 3.5mm stereo AUX input, optical fiber input, coaxial input, red and white audio input Input power: > 14W X 2 @1kHz, THD < 1% Frequency response range: 50Hz ~ 25000Hz ( -10dB) Rated impedance: 6 ohms","canonical_url":"https:\/\/www.rucashk.com\/es\/producto\/xiaomi-tv-sound-bar\/","robots":"max-image-preview:large","keywords":"","webmasterTools":{"miscellaneous":""},"og:locale":"es_ES","og:site_name":"Rucas - One-stop AIoT Distribution Worldwide","og:type":"article","og:title":"Xiaomi TV sound bar - Rucas - Wholesale and Distribution","og:description":"Bluetooth 4.2 supports A2DP music playback External audio input interface: 3.5mm stereo AUX input, optical fiber input, coaxial input, red and white audio input Input power: &gt; 14W X 2 @1kHz, THD &lt; 1% Frequency response range: 50Hz ~ 25000Hz ( -10dB) Rated impedance: 6 ohms","og:url":"https:\/\/www.rucashk.com\/es\/producto\/xiaomi-tv-sound-bar\/","og:image":"https:\/\/www.rucashk.com\/wp-content\/uploads\/replace\/503b8e645f128a97ccde2b6290747646.jpeg","og:image:secure_url":"https:\/\/www.rucashk.com\/wp-content\/uploads\/replace\/503b8e645f128a97ccde2b6290747646.jpeg","og:image:width":1456,"og:image:height":816,"article:published_time":"2024-01-09T16:18:59+00:00","article:modified_time":"2025-06-22T07:16:14+00:00","twitter:card":"summary_large_image","twitter:title":"Xiaomi TV sound bar - Rucas - Wholesale and Distribution","twitter:description":"Bluetooth 4.2 supports A2DP music playback External audio input interface: 3.5mm stereo AUX input, optical fiber input, coaxial input, red and white audio input Input power: &gt; 14W X 2 @1kHz, THD &lt; 1% Frequency response range: 50Hz ~ 25000Hz ( -10dB) Rated impedance: 6 ohms","twitter:image":"https:\/\/www.rucashk.com\/wp-content\/uploads\/replace\/503b8e645f128a97ccde2b6290747646.jpeg","schema":{"@context":"https:\/\/schema.org","@graph":[{"@type":"BreadcrumbList","@id":"https:\/\/www.rucashk.com\/es\/producto\/xiaomi-tv-sound-bar\/#breadcrumblist","itemListElement":[{"@type":"ListItem","@id":"https:\/\/www.rucashk.com\/es\/#listItem","position":1,"name":"Home","item":"https:\/\/www.rucashk.com\/es\/","nextItem":"https:\/\/www.rucashk.com\/es\/producto\/xiaomi-tv-sound-bar\/#listItem"},{"@type":"ListItem","@id":"https:\/\/www.rucashk.com\/es\/producto\/xiaomi-tv-sound-bar\/#listItem","position":2,"name":"Xiaomi TV sound bar","previousItem":"https:\/\/www.rucashk.com\/es\/#listItem"}]},{"@type":"Organization","@id":"https:\/\/www.rucashk.com\/es\/#organization","name":"Rucas","url":"https:\/\/www.rucashk.com\/es\/","logo":{"@type":"ImageObject","url":"https:\/\/www.rucashk.com\/wp-content\/uploads\/2023\/12\/Rucas_campany_logo.png","@id":"https:\/\/www.rucashk.com\/es\/producto\/xiaomi-tv-sound-bar\/#organizationLogo","width":221,"height":65},"image":{"@id":"https:\/\/www.rucashk.com\/es\/#organizationLogo"}},{"@type":"Person","@id":"https:\/\/www.rucashk.com\/es\/author\/admin\/#author","url":"https:\/\/www.rucashk.com\/es\/author\/admin\/","name":"admin","image":{"@type":"ImageObject","@id":"https:\/\/www.rucashk.com\/es\/producto\/xiaomi-tv-sound-bar\/#authorImage","url":"https:\/\/secure.gravatar.com\/avatar\/b7c8925b09a27e72b30232f8ecaadbd5af0f70a38c78096863fe51b64f031c24?s=96&d=mm&r=g","width":96,"height":96,"caption":"admin"}},{"@type":"WebPage","@id":"https:\/\/www.rucashk.com\/es\/producto\/xiaomi-tv-sound-bar\/#webpage","url":"https:\/\/www.rucashk.com\/es\/producto\/xiaomi-tv-sound-bar\/","name":"Xiaomi TV sound bar - Rucas - Wholesale and Distribution","description":"Bluetooth 4.2 supports A2DP music playback External audio input interface: 3.5mm stereo AUX input, optical fiber input, coaxial input, red and white audio input Input power: > 14W X 2 @1kHz, THD < 1% Frequency response range: 50Hz ~ 25000Hz ( -10dB) Rated impedance: 6 ohms","inLanguage":"es-ES","isPartOf":{"@id":"https:\/\/www.rucashk.com\/es\/#website"},"breadcrumb":{"@id":"https:\/\/www.rucashk.com\/es\/producto\/xiaomi-tv-sound-bar\/#breadcrumblist"},"author":{"@id":"https:\/\/www.rucashk.com\/es\/author\/admin\/#author"},"creator":{"@id":"https:\/\/www.rucashk.com\/es\/author\/admin\/#author"},"image":{"@type":"ImageObject","url":"https:\/\/www.rucashk.com\/wp-content\/uploads\/2024\/01\/Xiaomi-TV-sound-bar_\u526f\u672c.jpg","@id":"https:\/\/www.rucashk.com\/es\/producto\/xiaomi-tv-sound-bar\/#mainImage","width":800,"height":800},"primaryImageOfPage":{"@id":"https:\/\/www.rucashk.com\/es\/producto\/xiaomi-tv-sound-bar\/#mainImage"},"datePublished":"2024-01-09T16:18:59+00:00","dateModified":"2025-06-22T07:16:14+00:00"},{"@type":"WebSite","@id":"https:\/\/www.rucashk.com\/es\/#website","url":"https:\/\/www.rucashk.com\/es\/","name":"Rucas - Wholesale and distribution worldwide","alternateName":"Rucas - One-stop AIoT Distribution Worldwide","description":"One-stop AIoT Distribution Worldwide","inLanguage":"es-ES","publisher":{"@id":"https:\/\/www.rucashk.com\/es\/#organization"}}]}},"aioseo_meta_data":{"post_id":"25592","title":null,"description":null,"keywords":null,"keyphrases":null,"primary_term":null,"canonical_url":null,"og_title":null,"og_description":null,"og_object_type":"default","og_image_type":"default","og_image_url":null,"og_image_width":null,"og_image_height":null,"og_image_custom_url":null,"og_image_custom_fields":null,"og_video":null,"og_custom_url":null,"og_article_section":null,"og_article_tags":null,"twitter_use_og":false,"twitter_card":"default","twitter_image_type":"default","twitter_image_url":null,"twitter_image_custom_url":null,"twitter_image_custom_fields":null,"twitter_title":null,"twitter_description":null,"schema":{"blockGraphs":[],"customGraphs":[],"default":{"data":{"Article":[],"Course":[],"Dataset":[],"FAQPage":[],"Movie":[],"Person":[],"Product":[],"Recipe":[],"Service":[],"SoftwareApplication":[],"WebPage":[]},"graphName":"","isEnabled":true},"graphs":[]},"schema_type":"default","schema_type_options":null,"pillar_content":false,"robots_default":true,"robots_noindex":false,"robots_noarchive":false,"robots_nosnippet":false,"robots_nofollow":false,"robots_noimageindex":false,"robots_noodp":false,"robots_notranslate":false,"robots_max_snippet":null,"robots_max_videopreview":null,"robots_max_imagepreview":"large","priority":null,"frequency":null,"local_seo":null,"breadcrumb_settings":null,"limit_modified_date":false,"created":"2024-04-11 01:57:18","updated":"2025-06-22 17:58:11"},"aioseo_breadcrumb":"<div class=\"aioseo-breadcrumbs\"><span class=\"aioseo-breadcrumb\">\n\t<a href=\"https:\/\/www.rucashk.com\/es\" title=\"Home\">Home<\/a>\n<\/span><span class=\"aioseo-breadcrumb-separator\">&raquo;<\/span><span class=\"aioseo-breadcrumb\">\n\t<a href=\"https:\/\/www.rucashk.com\/es\/products\/\" title=\"Productos\">Productos<\/a>\n<\/span><span class=\"aioseo-breadcrumb-separator\">&raquo;<\/span><span class=\"aioseo-breadcrumb\">\n\t<a href=\"https:\/\/www.rucashk.com\/es\/marca\/xiaomi\/\" title=\"Xiaomi\">Xiaomi<\/a>\n<\/span><span class=\"aioseo-breadcrumb-separator\">&raquo;<\/span><span class=\"aioseo-breadcrumb\">\n\tXiaomi TV sound bar\n<\/span><\/div>","aioseo_breadcrumb_json":[{"label":"Home","link":"https:\/\/www.rucashk.com\/es"},{"label":"Productos","link":"https:\/\/www.rucashk.com\/es\/products\/"},{"label":"Xiaomi","link":"https:\/\/www.rucashk.com\/es\/marca\/xiaomi\/"},{"label":"Xiaomi TV sound bar","link":"https:\/\/www.rucashk.com\/es\/producto\/xiaomi-tv-sound-bar\/"}],"_links":{"self":[{"href":"https:\/\/www.rucashk.com\/es\/wp-json\/wp\/v2\/product\/25592","targetHints":{"allow":["GET"]}}],"collection":[{"href":"https:\/\/www.rucashk.com\/es\/wp-json\/wp\/v2\/product"}],"about":[{"href":"https:\/\/www.rucashk.com\/es\/wp-json\/wp\/v2\/types\/product"}],"wp:featuredmedia":[{"embeddable":true,"href":"https:\/\/www.rucashk.com\/es\/wp-json\/wp\/v2\/media\/25727"}],"wp:attachment":[{"href":"https:\/\/www.rucashk.com\/es\/wp-json\/wp\/v2\/media?parent=25592"}],"wp:term":[{"taxonomy":"product_brand","embeddable":true,"href":"https:\/\/www.rucashk.com\/es\/wp-json\/wp\/v2\/product_brand?post=25592"},{"taxonomy":"product_cat","embeddable":true,"href":"https:\/\/www.rucashk.com\/es\/wp-json\/wp\/v2\/product_cat?post=25592"},{"taxonomy":"product_tag","embeddable":true,"href":"https:\/\/www.rucashk.com\/es\/wp-json\/wp\/v2\/product_tag?post=25592"}],"curies":[{"name":"wp","href":"https:\/\/api.w.org\/{rel}","templated":true}]}}