{"id":25591,"date":"2024-01-09T16:18:59","date_gmt":"2024-01-09T16:18:59","guid":{"rendered":"http:\/\/rucashk.com\/?post_type=product&#038;p=25591"},"modified":"2024-01-23T10:01:09","modified_gmt":"2024-01-23T10:01:09","slug":"poco-f3-smartphone","status":"publish","type":"product","link":"https:\/\/www.rucashk.com\/es\/producto\/poco-f3-smartphone\/","title":{"rendered":"Tel\u00e9fono inteligente POCO F3"},"content":{"rendered":"<div class=\"detailmodule_text\">\n<p class=\"detail-desc-decorate-content\" data-spm-anchor-id=\"a2g0o.detail.1000023.i0.69176ee2ac6IGz\"><img fetchpriority=\"high\" decoding=\"async\" class=\"detail-desc-decorate-image aligncenter\" src=\"https:\/\/www.rucashk.com\/wp-content\/uploads\/2021\/09\/H138d73992fd3477696869f4ece1de93ak.jpg\" alt=\"POCO F3 Smartphone\" width=\"1195\" height=\"983\" \/><img decoding=\"async\" class=\"detail-desc-decorate-image aligncenter\" src=\"https:\/\/www.rucashk.com\/wp-content\/uploads\/2021\/09\/H1351a969d987486cac81c63f89680aadT.jpg\" alt=\"POCO F3 Smartphone\" width=\"1195\" height=\"676\" \/><img decoding=\"async\" class=\"detail-desc-decorate-image aligncenter\" src=\"https:\/\/www.rucashk.com\/wp-content\/uploads\/2021\/09\/H1eb24307a6124a1184cc41ddd3d4635aR.jpg\" alt=\"POCO F3 Smartphone\" width=\"1195\" height=\"522\" \/><img loading=\"lazy\" decoding=\"async\" class=\"detail-desc-decorate-image aligncenter\" src=\"https:\/\/www.rucashk.com\/wp-content\/uploads\/2021\/09\/H48f703ffa1024341aa0800960f201f4bu.jpg\" alt=\"POCO F3 Smartphone\" width=\"1195\" height=\"945\" \/><img loading=\"lazy\" decoding=\"async\" class=\"detail-desc-decorate-image aligncenter\" src=\"https:\/\/www.rucashk.com\/wp-content\/uploads\/2021\/09\/Hb52a2705fff8424aa0833207ba87084ey.jpg\" alt=\"POCO F3 Smartphone\" width=\"1195\" height=\"1342\" \/><img loading=\"lazy\" decoding=\"async\" class=\"detail-desc-decorate-image aligncenter\" src=\"https:\/\/www.rucashk.com\/wp-content\/uploads\/2021\/09\/H4e91fd5d18404f008946a90ebac13f9dj.jpg\" alt=\"POCO F3 Smartphone\" width=\"1195\" height=\"913\" \/><img loading=\"lazy\" decoding=\"async\" class=\"detail-desc-decorate-image aligncenter\" src=\"https:\/\/www.rucashk.com\/wp-content\/uploads\/2021\/09\/Heb7ed60deb4c41ef84489e7246b7c82eU.jpg\" alt=\"POCO F3 Smartphone\" width=\"1195\" height=\"1259\" \/><img loading=\"lazy\" decoding=\"async\" class=\"detail-desc-decorate-image aligncenter\" src=\"https:\/\/www.rucashk.com\/wp-content\/uploads\/2021\/09\/H0923d85cb9cf4772838eeed44331c05fp.jpg\" alt=\"POCO F3 Smartphone\" width=\"1195\" height=\"1077\" \/><img loading=\"lazy\" decoding=\"async\" class=\"detail-desc-decorate-image aligncenter\" src=\"https:\/\/www.rucashk.com\/wp-content\/uploads\/2021\/09\/H8ffc98a7237e4125a025c8f2884ec9b8L.jpg\" alt=\"POCO F3 Smartphone\" width=\"1195\" height=\"849\" \/><img loading=\"lazy\" decoding=\"async\" class=\"detail-desc-decorate-image aligncenter\" src=\"https:\/\/www.rucashk.com\/wp-content\/uploads\/2021\/09\/H4f5f1d70ec384a198e4ac19c7e9118e8v.jpg\" alt=\"POCO F3 Smartphone\" width=\"1195\" height=\"866\" \/><\/p>\n<\/div>\n<div class=\"detailmodule_image\"><img loading=\"lazy\" decoding=\"async\" class=\"detail-desc-decorate-image aligncenter\" src=\"https:\/\/www.rucashk.com\/wp-content\/uploads\/2021\/09\/H2dfb0616ff9544929665656837b1d932W.jpg\" alt=\"POCO F3 Smartphone\" width=\"1195\" height=\"1292\" \/><img loading=\"lazy\" decoding=\"async\" class=\"detail-desc-decorate-image aligncenter\" src=\"https:\/\/www.rucashk.com\/wp-content\/uploads\/2021\/09\/Hedf64fbc2877413b910f206a451e2787W.jpg\" alt=\"POCO F3 Smartphone\" width=\"1195\" height=\"1336\" \/><img loading=\"lazy\" decoding=\"async\" class=\"detail-desc-decorate-image aligncenter\" src=\"https:\/\/www.rucashk.com\/wp-content\/uploads\/2021\/09\/Hd4480eab094f4eac877979c81a614b98K.jpg\" alt=\"POCO F3 Smartphone\" width=\"1195\" height=\"1502\" \/><img loading=\"lazy\" decoding=\"async\" class=\"detail-desc-decorate-image aligncenter\" src=\"https:\/\/www.rucashk.com\/wp-content\/uploads\/2021\/09\/Hf7c7c2cb9ae44673995373c1ff2bca6eQ.jpg\" alt=\"POCO F3 Smartphone\" width=\"1195\" height=\"874\" \/><img loading=\"lazy\" decoding=\"async\" class=\"detail-desc-decorate-image aligncenter\" src=\"https:\/\/www.rucashk.com\/wp-content\/uploads\/2021\/09\/Hdb3f0424ccfc4ada9747ed98d03543573.jpg\" alt=\"POCO F3 Smartphone\" width=\"1195\" height=\"1472\" \/><img loading=\"lazy\" decoding=\"async\" class=\"detail-desc-decorate-image aligncenter\" src=\"https:\/\/www.rucashk.com\/wp-content\/uploads\/2021\/09\/H8b2505a9688c421e87a42b775c53ec0dt.jpg\" alt=\"POCO F3 Smartphone\" width=\"1195\" height=\"1044\" \/><img loading=\"lazy\" decoding=\"async\" class=\"detail-desc-decorate-image aligncenter\" src=\"https:\/\/www.rucashk.com\/wp-content\/uploads\/2021\/09\/Hff46acf53da24160856126f291a5823fr.jpg\" alt=\"POCO F3 Smartphone\" width=\"1195\" height=\"1314\" \/><img loading=\"lazy\" decoding=\"async\" class=\"detail-desc-decorate-image aligncenter\" src=\"https:\/\/www.rucashk.com\/wp-content\/uploads\/2021\/09\/Hdc8d87484b734d7fafaf6c811f405ff4U.jpg\" alt=\"POCO F3 Smartphone\" width=\"1195\" height=\"889\" \/><img loading=\"lazy\" decoding=\"async\" class=\"detail-desc-decorate-image aligncenter\" src=\"https:\/\/www.rucashk.com\/wp-content\/uploads\/2021\/09\/H6b097a86ba5d49ee9cd8e55fc17028b1g.jpg\" alt=\"POCO F3 Smartphone\" width=\"1195\" height=\"574\" \/><img loading=\"lazy\" decoding=\"async\" class=\"detail-desc-decorate-image aligncenter\" src=\"https:\/\/www.rucashk.com\/wp-content\/uploads\/2021\/09\/H66443448eb9847469d321164c6914d1d6.jpg\" alt=\"POCO F3 Smartphone\" width=\"1195\" height=\"614\" \/><\/div>\n<p style=\"text-align: center\" align=\"start\">CPU \u2014\u2014\u2014\u2013CPU Snapdragon 870Octa Core<br \/>\nPantalla \u2014\u2014\u20136.67\u2033 E4 AMOLED2400x1080 FHD+, DotDisplay ultrapeque\u00f1o<br \/>\nFrecuencia de actualizaci\u00f3n de 120 Hz, frecuencia de muestreo t\u00e1ctil de 360 Hz<br \/>\nRAM+ROM \u20136GB + 128GB \/ 8GB + 256GB<br \/>\nC\u00e1mara: c\u00e1mara triple AI de 48MP+8MP+5MP, c\u00e1mara frontal de 20MP<br \/>\nBater\u00eda: 4520 mAh (t\u00edpica), compatible con carga r\u00e1pida de 33 W, cargador de 33 W incluido<br \/>\nSO\u2014\u2014\u2014\u2013MIUI, versi\u00f3n global, compatible con varios idiomas y Google Play<br \/>\nOtros \u2014\u2014\u2013Wi-FI 6, Bluetooth 5.1, GPS, OTG,NFC<br \/>\nRed: Netcom completo, doble SIM y modo de espera dual<\/p>\n<p style=\"text-align: center\" align=\"start\">Rucas, distribuidor l\u00edder de xiaomi en Hong Kong.<br \/>\nCentr\u00e1ndose en productos de accesorios ecol\u00f3gicos de una marca de China, como Amazfit, Haylou, Ninebot, Roborock, Dreame, Imilab, 70Mai, Deerma. Mantenemos cientos de SKU de Xiaomi con stock en el almac\u00e9n de HK y Shenzhen de manera estable para lograr el menor plazo de entrega.<\/p>","protected":false},"excerpt":{"rendered":"<ul>\n<li>5G Snapdragon\u2122 870<\/li>\n<li>AMOLED de 120Hz<\/li>\n<li>Altavoces duales Dolby Atmos\u00ae<\/li>\n<\/ul>","protected":false},"featured_media":25717,"template":"","meta":[],"product_brand":[],"product_cat":[1295,1298],"product_tag":[],"class_list":{"0":"post-25591","1":"product","2":"type-product","3":"status-publish","4":"has-post-thumbnail","6":"product_cat-mobile-phone","7":"product_cat-poco-mobile-phone","9":"first","10":"instock","11":"shipping-taxable","12":"product-type-simple"},"aioseo_notices":[],"aioseo_head":"\n\t\t<!-- All in One SEO Pro 4.5.9.2 - aioseo.com -->\n\t\t<meta name=\"description\" content=\"5G Snapdragon\u2122 870 120Hz AMOLED Dolby Atmos\u00ae dual speakers\" \/>\n\t\t<meta name=\"robots\" content=\"max-image-preview:large\" \/>\n\t\t<link rel=\"canonical\" href=\"https:\/\/www.rucashk.com\/es\/producto\/poco-f3-smartphone\/\" \/>\n\t\t<meta name=\"generator\" content=\"All in One SEO Pro (AIOSEO) 4.5.9.2\" \/>\n\t\t<meta property=\"og:locale\" content=\"es_ES\" \/>\n\t\t<meta property=\"og:site_name\" content=\"Rucas - One-stop AIoT Distribution Worldwide\" \/>\n\t\t<meta property=\"og:type\" content=\"article\" \/>\n\t\t<meta property=\"og:title\" content=\"POCO F3 Smartphone - Rucas - Wholesale and Distribution\" \/>\n\t\t<meta property=\"og:description\" content=\"5G Snapdragon\u2122 870 120Hz AMOLED Dolby Atmos\u00ae dual speakers\" \/>\n\t\t<meta property=\"og:url\" content=\"https:\/\/www.rucashk.com\/es\/producto\/poco-f3-smartphone\/\" \/>\n\t\t<meta property=\"og:image\" content=\"https:\/\/www.rucashk.com\/wp-content\/uploads\/replace\/503b8e645f128a97ccde2b6290747646.jpeg\" \/>\n\t\t<meta property=\"og:image:secure_url\" content=\"https:\/\/www.rucashk.com\/wp-content\/uploads\/replace\/503b8e645f128a97ccde2b6290747646.jpeg\" \/>\n\t\t<meta property=\"og:image:width\" content=\"1456\" \/>\n\t\t<meta property=\"og:image:height\" content=\"816\" \/>\n\t\t<meta property=\"article:published_time\" content=\"2024-01-09T16:18:59+00:00\" \/>\n\t\t<meta property=\"article:modified_time\" content=\"2024-01-23T10:01:09+00:00\" \/>\n\t\t<meta name=\"twitter:card\" content=\"summary_large_image\" \/>\n\t\t<meta name=\"twitter:title\" content=\"POCO F3 Smartphone - Rucas - Wholesale and Distribution\" \/>\n\t\t<meta name=\"twitter:description\" content=\"5G Snapdragon\u2122 870 120Hz AMOLED Dolby Atmos\u00ae dual speakers\" \/>\n\t\t<meta name=\"twitter:image\" content=\"https:\/\/www.rucashk.com\/wp-content\/uploads\/replace\/503b8e645f128a97ccde2b6290747646.jpeg\" \/>\n\t\t<script type=\"application\/ld+json\" class=\"aioseo-schema\">\n\t\t\t{\"@context\":\"https:\\\/\\\/schema.org\",\"@graph\":[{\"@type\":\"BreadcrumbList\",\"@id\":\"https:\\\/\\\/www.rucashk.com\\\/es\\\/producto\\\/poco-f3-smartphone\\\/#breadcrumblist\",\"itemListElement\":[{\"@type\":\"ListItem\",\"@id\":\"https:\\\/\\\/www.rucashk.com\\\/es\\\/#listItem\",\"position\":1,\"name\":\"Home\",\"item\":\"https:\\\/\\\/www.rucashk.com\\\/es\\\/\",\"nextItem\":\"https:\\\/\\\/www.rucashk.com\\\/es\\\/producto\\\/poco-f3-smartphone\\\/#listItem\"},{\"@type\":\"ListItem\",\"@id\":\"https:\\\/\\\/www.rucashk.com\\\/es\\\/producto\\\/poco-f3-smartphone\\\/#listItem\",\"position\":2,\"name\":\"POCO F3 Smartphone\",\"previousItem\":\"https:\\\/\\\/www.rucashk.com\\\/es\\\/#listItem\"}]},{\"@type\":\"Organization\",\"@id\":\"https:\\\/\\\/www.rucashk.com\\\/es\\\/#organization\",\"name\":\"Rucas\",\"url\":\"https:\\\/\\\/www.rucashk.com\\\/es\\\/\",\"logo\":{\"@type\":\"ImageObject\",\"url\":\"https:\\\/\\\/www.rucashk.com\\\/wp-content\\\/uploads\\\/2023\\\/12\\\/Rucas_campany_logo.png\",\"@id\":\"https:\\\/\\\/www.rucashk.com\\\/es\\\/producto\\\/poco-f3-smartphone\\\/#organizationLogo\",\"width\":221,\"height\":65},\"image\":{\"@id\":\"https:\\\/\\\/www.rucashk.com\\\/es\\\/#organizationLogo\"}},{\"@type\":\"Person\",\"@id\":\"https:\\\/\\\/www.rucashk.com\\\/es\\\/author\\\/admin\\\/#author\",\"url\":\"https:\\\/\\\/www.rucashk.com\\\/es\\\/author\\\/admin\\\/\",\"name\":\"admin\",\"image\":{\"@type\":\"ImageObject\",\"@id\":\"https:\\\/\\\/www.rucashk.com\\\/es\\\/producto\\\/poco-f3-smartphone\\\/#authorImage\",\"url\":\"https:\\\/\\\/secure.gravatar.com\\\/avatar\\\/b7c8925b09a27e72b30232f8ecaadbd5af0f70a38c78096863fe51b64f031c24?s=96&d=mm&r=g\",\"width\":96,\"height\":96,\"caption\":\"admin\"}},{\"@type\":\"WebPage\",\"@id\":\"https:\\\/\\\/www.rucashk.com\\\/es\\\/producto\\\/poco-f3-smartphone\\\/#webpage\",\"url\":\"https:\\\/\\\/www.rucashk.com\\\/es\\\/producto\\\/poco-f3-smartphone\\\/\",\"name\":\"POCO F3 Smartphone - Rucas - Wholesale and Distribution\",\"description\":\"5G Snapdragon\\u2122 870 120Hz AMOLED Dolby Atmos\\u00ae dual speakers\",\"inLanguage\":\"es-ES\",\"isPartOf\":{\"@id\":\"https:\\\/\\\/www.rucashk.com\\\/es\\\/#website\"},\"breadcrumb\":{\"@id\":\"https:\\\/\\\/www.rucashk.com\\\/es\\\/producto\\\/poco-f3-smartphone\\\/#breadcrumblist\"},\"author\":{\"@id\":\"https:\\\/\\\/www.rucashk.com\\\/es\\\/author\\\/admin\\\/#author\"},\"creator\":{\"@id\":\"https:\\\/\\\/www.rucashk.com\\\/es\\\/author\\\/admin\\\/#author\"},\"image\":{\"@type\":\"ImageObject\",\"url\":\"https:\\\/\\\/www.rucashk.com\\\/wp-content\\\/uploads\\\/2024\\\/01\\\/POCO-F3-Smartphone-1.png\",\"@id\":\"https:\\\/\\\/www.rucashk.com\\\/es\\\/producto\\\/poco-f3-smartphone\\\/#mainImage\",\"width\":800,\"height\":800},\"primaryImageOfPage\":{\"@id\":\"https:\\\/\\\/www.rucashk.com\\\/es\\\/producto\\\/poco-f3-smartphone\\\/#mainImage\"},\"datePublished\":\"2024-01-09T16:18:59+00:00\",\"dateModified\":\"2024-01-23T10:01:09+00:00\"},{\"@type\":\"WebSite\",\"@id\":\"https:\\\/\\\/www.rucashk.com\\\/es\\\/#website\",\"url\":\"https:\\\/\\\/www.rucashk.com\\\/es\\\/\",\"name\":\"Rucas - Wholesale and distribution worldwide\",\"alternateName\":\"Rucas - One-stop AIoT Distribution Worldwide\",\"description\":\"One-stop AIoT Distribution Worldwide\",\"inLanguage\":\"es-ES\",\"publisher\":{\"@id\":\"https:\\\/\\\/www.rucashk.com\\\/es\\\/#organization\"}}]}\n\t\t<\/script>\n\t\t<!-- All in One SEO Pro -->\r\n\t\t<title>POCO F3 Smartphone - Rucas - Wholesale and Distribution<\/title>\n\n","aioseo_head_json":{"title":"POCO F3 Smartphone - Rucas - Wholesale and Distribution","description":"5G Snapdragon\u2122 870 120Hz AMOLED Dolby Atmos\u00ae dual speakers","canonical_url":"https:\/\/www.rucashk.com\/es\/producto\/poco-f3-smartphone\/","robots":"max-image-preview:large","keywords":"","webmasterTools":{"miscellaneous":""},"og:locale":"es_ES","og:site_name":"Rucas - One-stop AIoT Distribution Worldwide","og:type":"article","og:title":"POCO F3 Smartphone - Rucas - Wholesale and Distribution","og:description":"5G Snapdragon\u2122 870 120Hz AMOLED Dolby Atmos\u00ae dual speakers","og:url":"https:\/\/www.rucashk.com\/es\/producto\/poco-f3-smartphone\/","og:image":"https:\/\/www.rucashk.com\/wp-content\/uploads\/replace\/503b8e645f128a97ccde2b6290747646.jpeg","og:image:secure_url":"https:\/\/www.rucashk.com\/wp-content\/uploads\/replace\/503b8e645f128a97ccde2b6290747646.jpeg","og:image:width":1456,"og:image:height":816,"article:published_time":"2024-01-09T16:18:59+00:00","article:modified_time":"2024-01-23T10:01:09+00:00","twitter:card":"summary_large_image","twitter:title":"POCO F3 Smartphone - Rucas - Wholesale and Distribution","twitter:description":"5G Snapdragon\u2122 870 120Hz AMOLED Dolby Atmos\u00ae dual speakers","twitter:image":"https:\/\/www.rucashk.com\/wp-content\/uploads\/replace\/503b8e645f128a97ccde2b6290747646.jpeg","schema":{"@context":"https:\/\/schema.org","@graph":[{"@type":"BreadcrumbList","@id":"https:\/\/www.rucashk.com\/es\/producto\/poco-f3-smartphone\/#breadcrumblist","itemListElement":[{"@type":"ListItem","@id":"https:\/\/www.rucashk.com\/es\/#listItem","position":1,"name":"Home","item":"https:\/\/www.rucashk.com\/es\/","nextItem":"https:\/\/www.rucashk.com\/es\/producto\/poco-f3-smartphone\/#listItem"},{"@type":"ListItem","@id":"https:\/\/www.rucashk.com\/es\/producto\/poco-f3-smartphone\/#listItem","position":2,"name":"POCO F3 Smartphone","previousItem":"https:\/\/www.rucashk.com\/es\/#listItem"}]},{"@type":"Organization","@id":"https:\/\/www.rucashk.com\/es\/#organization","name":"Rucas","url":"https:\/\/www.rucashk.com\/es\/","logo":{"@type":"ImageObject","url":"https:\/\/www.rucashk.com\/wp-content\/uploads\/2023\/12\/Rucas_campany_logo.png","@id":"https:\/\/www.rucashk.com\/es\/producto\/poco-f3-smartphone\/#organizationLogo","width":221,"height":65},"image":{"@id":"https:\/\/www.rucashk.com\/es\/#organizationLogo"}},{"@type":"Person","@id":"https:\/\/www.rucashk.com\/es\/author\/admin\/#author","url":"https:\/\/www.rucashk.com\/es\/author\/admin\/","name":"admin","image":{"@type":"ImageObject","@id":"https:\/\/www.rucashk.com\/es\/producto\/poco-f3-smartphone\/#authorImage","url":"https:\/\/secure.gravatar.com\/avatar\/b7c8925b09a27e72b30232f8ecaadbd5af0f70a38c78096863fe51b64f031c24?s=96&d=mm&r=g","width":96,"height":96,"caption":"admin"}},{"@type":"WebPage","@id":"https:\/\/www.rucashk.com\/es\/producto\/poco-f3-smartphone\/#webpage","url":"https:\/\/www.rucashk.com\/es\/producto\/poco-f3-smartphone\/","name":"POCO F3 Smartphone - Rucas - Wholesale and Distribution","description":"5G Snapdragon\u2122 870 120Hz AMOLED Dolby Atmos\u00ae dual speakers","inLanguage":"es-ES","isPartOf":{"@id":"https:\/\/www.rucashk.com\/es\/#website"},"breadcrumb":{"@id":"https:\/\/www.rucashk.com\/es\/producto\/poco-f3-smartphone\/#breadcrumblist"},"author":{"@id":"https:\/\/www.rucashk.com\/es\/author\/admin\/#author"},"creator":{"@id":"https:\/\/www.rucashk.com\/es\/author\/admin\/#author"},"image":{"@type":"ImageObject","url":"https:\/\/www.rucashk.com\/wp-content\/uploads\/2024\/01\/POCO-F3-Smartphone-1.png","@id":"https:\/\/www.rucashk.com\/es\/producto\/poco-f3-smartphone\/#mainImage","width":800,"height":800},"primaryImageOfPage":{"@id":"https:\/\/www.rucashk.com\/es\/producto\/poco-f3-smartphone\/#mainImage"},"datePublished":"2024-01-09T16:18:59+00:00","dateModified":"2024-01-23T10:01:09+00:00"},{"@type":"WebSite","@id":"https:\/\/www.rucashk.com\/es\/#website","url":"https:\/\/www.rucashk.com\/es\/","name":"Rucas - Wholesale and distribution worldwide","alternateName":"Rucas - One-stop AIoT Distribution Worldwide","description":"One-stop AIoT Distribution Worldwide","inLanguage":"es-ES","publisher":{"@id":"https:\/\/www.rucashk.com\/es\/#organization"}}]}},"aioseo_meta_data":{"post_id":"25591","title":null,"description":null,"keywords":null,"keyphrases":null,"primary_term":null,"canonical_url":null,"og_title":null,"og_description":null,"og_object_type":"default","og_image_type":"default","og_image_url":null,"og_image_width":null,"og_image_height":null,"og_image_custom_url":null,"og_image_custom_fields":null,"og_video":null,"og_custom_url":null,"og_article_section":null,"og_article_tags":null,"twitter_use_og":false,"twitter_card":"default","twitter_image_type":"default","twitter_image_url":null,"twitter_image_custom_url":null,"twitter_image_custom_fields":null,"twitter_title":null,"twitter_description":null,"schema":{"blockGraphs":[],"customGraphs":[],"default":{"data":{"Article":[],"Course":[],"Dataset":[],"FAQPage":[],"Movie":[],"Person":[],"Product":[],"Recipe":[],"Service":[],"SoftwareApplication":[],"WebPage":[]},"graphName":"","isEnabled":true},"graphs":[]},"schema_type":"default","schema_type_options":null,"pillar_content":false,"robots_default":true,"robots_noindex":false,"robots_noarchive":false,"robots_nosnippet":false,"robots_nofollow":false,"robots_noimageindex":false,"robots_noodp":false,"robots_notranslate":false,"robots_max_snippet":null,"robots_max_videopreview":null,"robots_max_imagepreview":"large","priority":null,"frequency":null,"local_seo":null,"breadcrumb_settings":null,"limit_modified_date":false,"created":"2024-04-11 01:57:18","updated":"2025-06-22 17:58:11"},"aioseo_breadcrumb":"<div class=\"aioseo-breadcrumbs\"><span class=\"aioseo-breadcrumb\">\n\t<a href=\"https:\/\/www.rucashk.com\/es\" title=\"Home\">Home<\/a>\n<\/span><span class=\"aioseo-breadcrumb-separator\">&raquo;<\/span><span class=\"aioseo-breadcrumb\">\n\t<a href=\"https:\/\/www.rucashk.com\/es\/products\/\" title=\"Productos\">Productos<\/a>\n<\/span><span class=\"aioseo-breadcrumb-separator\">&raquo;<\/span><span class=\"aioseo-breadcrumb\">\n\t<a href=\"https:\/\/www.rucashk.com\/es\/categoria-producto\/mobile-phone\/\" title=\"Mobile Phone\">Mobile Phone<\/a>\n<\/span><span class=\"aioseo-breadcrumb-separator\">&raquo;<\/span><span class=\"aioseo-breadcrumb\">\n\t<a href=\"https:\/\/www.rucashk.com\/es\/categoria-producto\/mobile-phone\/poco-mobile-phone\/\" title=\"Poco\">Poco<\/a>\n<\/span><span class=\"aioseo-breadcrumb-separator\">&raquo;<\/span><span class=\"aioseo-breadcrumb\">\n\tPOCO F3 Smartphone\n<\/span><\/div>","aioseo_breadcrumb_json":[{"label":"Home","link":"https:\/\/www.rucashk.com\/es"},{"label":"Productos","link":"https:\/\/www.rucashk.com\/es\/products\/"},{"label":"Mobile Phone","link":"https:\/\/www.rucashk.com\/es\/categoria-producto\/mobile-phone\/"},{"label":"Poco","link":"https:\/\/www.rucashk.com\/es\/categoria-producto\/mobile-phone\/poco-mobile-phone\/"},{"label":"POCO F3 Smartphone","link":"https:\/\/www.rucashk.com\/es\/producto\/poco-f3-smartphone\/"}],"_links":{"self":[{"href":"https:\/\/www.rucashk.com\/es\/wp-json\/wp\/v2\/product\/25591","targetHints":{"allow":["GET"]}}],"collection":[{"href":"https:\/\/www.rucashk.com\/es\/wp-json\/wp\/v2\/product"}],"about":[{"href":"https:\/\/www.rucashk.com\/es\/wp-json\/wp\/v2\/types\/product"}],"wp:featuredmedia":[{"embeddable":true,"href":"https:\/\/www.rucashk.com\/es\/wp-json\/wp\/v2\/media\/25717"}],"wp:attachment":[{"href":"https:\/\/www.rucashk.com\/es\/wp-json\/wp\/v2\/media?parent=25591"}],"wp:term":[{"taxonomy":"product_brand","embeddable":true,"href":"https:\/\/www.rucashk.com\/es\/wp-json\/wp\/v2\/product_brand?post=25591"},{"taxonomy":"product_cat","embeddable":true,"href":"https:\/\/www.rucashk.com\/es\/wp-json\/wp\/v2\/product_cat?post=25591"},{"taxonomy":"product_tag","embeddable":true,"href":"https:\/\/www.rucashk.com\/es\/wp-json\/wp\/v2\/product_tag?post=25591"}],"curies":[{"name":"wp","href":"https:\/\/api.w.org\/{rel}","templated":true}]}}