{"id":25566,"date":"2024-01-09T16:18:37","date_gmt":"2024-01-09T16:18:37","guid":{"rendered":"http:\/\/rucashk.com\/?post_type=product&#038;p=25566"},"modified":"2025-06-22T07:16:14","modified_gmt":"2025-06-22T07:16:14","slug":"mi-11i-smartphone","status":"publish","type":"product","link":"https:\/\/www.rucashk.com\/es\/producto\/mi-11i-smartphone\/","title":{"rendered":"Tel\u00e9fono inteligente Mi 11i"},"content":{"rendered":"<p align=\"start\"><img fetchpriority=\"high\" decoding=\"async\" class=\"aligncenter\" src=\"https:\/\/www.rucashk.com\/wp-content\/uploads\/2021\/09\/H6864f4fca2a24d9dbb9463b48f03539dl.jpg\" alt=\"Mi 11i Smartphone\" width=\"944\" height=\"409\" \/><img decoding=\"async\" class=\"aligncenter\" src=\"https:\/\/www.rucashk.com\/wp-content\/uploads\/2021\/09\/Hc8c4273978f64d108e6ebab9df433508C.jpg\" alt=\"Mi 11i Smartphone\" width=\"944\" height=\"540\" \/><img decoding=\"async\" class=\"aligncenter\" src=\"https:\/\/www.rucashk.com\/wp-content\/uploads\/2021\/09\/H5cce1c79da08468bb90536fc85fe941bg.jpg\" alt=\"Mi 11i Smartphone\" width=\"1200\" height=\"1000\" \/><img loading=\"lazy\" decoding=\"async\" class=\"aligncenter\" src=\"https:\/\/www.rucashk.com\/wp-content\/uploads\/2021\/09\/Ha06413ff98834b5cb653f560ead31f52a.jpg\" alt=\"Mi 11i Smartphone\" width=\"1200\" height=\"1312\" \/><img loading=\"lazy\" decoding=\"async\" class=\"aligncenter\" src=\"https:\/\/www.rucashk.com\/wp-content\/uploads\/2021\/09\/H9273ef27163e4639b879ed54f2076fa2j.jpg\" alt=\"Mi 11i Smartphone\" width=\"1200\" height=\"686\" \/><\/p>\n<p style=\"text-align: center\" align=\"start\"><img loading=\"lazy\" decoding=\"async\" class=\"aligncenter\" src=\"https:\/\/www.rucashk.com\/wp-content\/uploads\/2021\/09\/H23179ad3f1f2449b8cfa3b1026021bd4D.jpg\" alt=\"Mi 11i Smartphone\" width=\"1200\" height=\"1206\" \/><img loading=\"lazy\" decoding=\"async\" class=\"aligncenter\" src=\"https:\/\/www.rucashk.com\/wp-content\/uploads\/2021\/09\/H0052f93542e946c59fd4dc18684f64d1G.jpg\" alt=\"Mi 11i Smartphone\" width=\"1200\" height=\"1253\" \/><img loading=\"lazy\" decoding=\"async\" class=\"aligncenter\" src=\"https:\/\/www.rucashk.com\/wp-content\/uploads\/2021\/09\/Ha5c74bbf36774b888b176b350c21cf5bi.jpg\" alt=\"Mi 11i Smartphone\" width=\"1200\" height=\"894\" \/><\/p>\n<p style=\"text-align: center\" align=\"start\"><img loading=\"lazy\" decoding=\"async\" class=\"aligncenter\" src=\"https:\/\/www.rucashk.com\/wp-content\/uploads\/2021\/09\/H7f74495622bb4ad3a738774ffa595fdfn.jpg\" alt=\"Mi 11i Smartphone\" width=\"1200\" height=\"1092\" \/><\/p>\n<p align=\"start\"><img loading=\"lazy\" decoding=\"async\" class=\"aligncenter\" src=\"https:\/\/www.rucashk.com\/wp-content\/uploads\/2021\/09\/H66b0e8b7548f489da9bc299b4da0e4b8I.jpg\" alt=\"Mi 11i Smartphone\" width=\"1200\" height=\"1101\" \/><img loading=\"lazy\" decoding=\"async\" class=\"aligncenter\" src=\"https:\/\/www.rucashk.com\/wp-content\/uploads\/2021\/09\/He1e2f7df49bb42088ed99afc2db5eb1dg.jpg\" alt=\"Mi 11i Smartphone\" width=\"1200\" height=\"1136\" \/><img loading=\"lazy\" decoding=\"async\" class=\"aligncenter\" src=\"https:\/\/www.rucashk.com\/wp-content\/uploads\/2021\/09\/Hde6ba81cc35c4956944a530b54d3d373a.jpg\" alt=\"Mi 11i Smartphone\" width=\"1200\" height=\"1039\" data-spm-anchor-id=\"a2g0o.detail.1000023.i1.12ab2945trYAAO\" \/><\/p>\n<p align=\"start\">\n<p style=\"text-align: center\" align=\"start\"><span data-spm-anchor-id=\"a2g0o.detail.1000023.i3.12ab2945trYAAO\">CPU\u2014\u2014\u2014\u2014Snapdragon 888 Octa Core<\/span><\/p>\n<p style=\"text-align: center\" align=\"start\">Pantalla\u2014\u2014\u2014Pantalla AMOLED de 6,67 \u2033 +2K, 2400 x 1080 WQHD<\/p>\n<p style=\"text-align: center\" align=\"start\">RAM+ROM\u2014-8GB +256GB<\/p>\n<p style=\"text-align: center\" align=\"start\" data-spm-anchor-id=\"a2g0o.detail.1000023.i4.12ab2945trYAAO\">C\u00e1mara\u2014\u2014\u2013C\u00e1mara trasera triple de 108MP, c\u00e1mara frontal de 20MP<\/p>\n<p style=\"text-align: center\" align=\"start\">Bater\u00eda\u2014\u2014\u2014 4520 mAh (t\u00edpico) \/ 4500 mAh (min), admite carga r\u00e1pida de 33 W, carga inal\u00e1mbrica de 33 W, carga inversa inal\u00e1mbrica de 10 W<\/p>\n<p style=\"text-align: center\" align=\"start\">Sistema operativo\u2014\u2014\u2014\u2014-Versi\u00f3n global, MIUI12, admite actualizaci\u00f3n OTA y admite portugu\u00e9s, espa\u00f1ol y ruso. Idiomas en varios pa\u00edses y regiones. Compatible con servicios de Google.<\/p>\n<p style=\"text-align: center\" align=\"start\">Otro\u2014\u2014\u2014-Wi-Fi 5G, Bluetooth 5.1, GPS, frecuencia de actualizaci\u00f3n de pantalla de 120 Hz, NFC<\/p>\n<p align=\"start\">\n<p style=\"text-align: center\" align=\"start\">Rucas, distribuidor l\u00edder de xiaomi en Hong Kong.<br \/>\nCentr\u00e1ndose en productos de accesorios ecol\u00f3gicos de una marca de China, como Amazfit, Haylou, Ninebot, Roborock, Dreame, Imilab, 70Mai, Deerma. Mantenemos cientos de SKU de Xiaomi con stock en el almac\u00e9n de HK y Shenzhen de manera estable para lograr el menor plazo de entrega.<\/p>","protected":false},"excerpt":{"rendered":"<ul>\n<li>Procesador Qualcomm\u00ae Snapdragon\u2122 888, rendimiento y eficiencia energ\u00e9tica excepcionales<\/li>\n<li>C\u00e1mara triple de hasta 108 MP, efectos cinematogr\u00e1ficos y filtros<\/li>\n<li>67&#8243; 120Hz AMOLED Display, 360Hz Touch Sampling Rate<\/li>\n<li>Bater\u00eda de 4520 mAh (t\u00edpica), carga r\u00e1pida de 33 W<\/li>\n<li>Altavoces duales est\u00e9reo Dolby Atmos\u00ae, innovador sistema de tres micr\u00f3fonos<\/li>\n<\/ul>","protected":false},"featured_media":25710,"template":"","meta":[],"product_brand":[1363],"product_cat":[1295,1296],"product_tag":[],"class_list":{"0":"post-25566","1":"product","2":"type-product","3":"status-publish","4":"has-post-thumbnail","6":"product_brand-xiaomi","7":"product_cat-mobile-phone","8":"product_cat-xiaomi-mobile-phone","10":"first","11":"instock","12":"shipping-taxable","13":"product-type-simple"},"aioseo_notices":[],"aioseo_head":"\n\t\t<!-- All in One SEO Pro 4.5.9.2 - aioseo.com -->\n\t\t<meta name=\"description\" content=\"Qualcomm\u00ae Snapdragon\u2122 888 Processor, Outstanding Performance and Power Efficiency Up to 108MP Triple Camera, Cinematic Movie Effects and Filters 67&quot; 120Hz AMOLED Display, 360Hz Touch Sampling Rate 4520mAh (typ) Battery, 33W Fast Charging Dolby Atmos\u00ae Stereo Dual Speakers, Innovative three-microphone system\" \/>\n\t\t<meta name=\"robots\" content=\"max-image-preview:large\" \/>\n\t\t<link rel=\"canonical\" href=\"https:\/\/www.rucashk.com\/es\/producto\/mi-11i-smartphone\/\" \/>\n\t\t<meta name=\"generator\" content=\"All in One SEO Pro (AIOSEO) 4.5.9.2\" \/>\n\t\t<meta property=\"og:locale\" content=\"es_ES\" \/>\n\t\t<meta property=\"og:site_name\" content=\"Rucas - One-stop AIoT Distribution Worldwide\" \/>\n\t\t<meta property=\"og:type\" content=\"article\" \/>\n\t\t<meta property=\"og:title\" content=\"Mi 11i Smartphone - Rucas - Wholesale and Distribution\" \/>\n\t\t<meta property=\"og:description\" content=\"Qualcomm\u00ae Snapdragon\u2122 888 Processor, Outstanding Performance and Power Efficiency Up to 108MP Triple Camera, Cinematic Movie Effects and Filters 67&quot; 120Hz AMOLED Display, 360Hz Touch Sampling Rate 4520mAh (typ) Battery, 33W Fast Charging Dolby Atmos\u00ae Stereo Dual Speakers, Innovative three-microphone system\" \/>\n\t\t<meta property=\"og:url\" content=\"https:\/\/www.rucashk.com\/es\/producto\/mi-11i-smartphone\/\" \/>\n\t\t<meta property=\"og:image\" content=\"https:\/\/www.rucashk.com\/wp-content\/uploads\/replace\/503b8e645f128a97ccde2b6290747646.jpeg\" \/>\n\t\t<meta property=\"og:image:secure_url\" content=\"https:\/\/www.rucashk.com\/wp-content\/uploads\/replace\/503b8e645f128a97ccde2b6290747646.jpeg\" \/>\n\t\t<meta property=\"og:image:width\" content=\"1456\" \/>\n\t\t<meta property=\"og:image:height\" content=\"816\" \/>\n\t\t<meta property=\"article:published_time\" content=\"2024-01-09T16:18:37+00:00\" \/>\n\t\t<meta property=\"article:modified_time\" content=\"2025-06-22T07:16:14+00:00\" \/>\n\t\t<meta name=\"twitter:card\" content=\"summary_large_image\" \/>\n\t\t<meta name=\"twitter:title\" content=\"Mi 11i Smartphone - Rucas - Wholesale and Distribution\" \/>\n\t\t<meta name=\"twitter:description\" content=\"Qualcomm\u00ae Snapdragon\u2122 888 Processor, Outstanding Performance and Power Efficiency Up to 108MP Triple Camera, Cinematic Movie Effects and Filters 67&quot; 120Hz AMOLED Display, 360Hz Touch Sampling Rate 4520mAh (typ) Battery, 33W Fast Charging Dolby Atmos\u00ae Stereo Dual Speakers, Innovative three-microphone system\" \/>\n\t\t<meta name=\"twitter:image\" content=\"https:\/\/www.rucashk.com\/wp-content\/uploads\/replace\/503b8e645f128a97ccde2b6290747646.jpeg\" \/>\n\t\t<script type=\"application\/ld+json\" class=\"aioseo-schema\">\n\t\t\t{\"@context\":\"https:\\\/\\\/schema.org\",\"@graph\":[{\"@type\":\"BreadcrumbList\",\"@id\":\"https:\\\/\\\/www.rucashk.com\\\/es\\\/producto\\\/mi-11i-smartphone\\\/#breadcrumblist\",\"itemListElement\":[{\"@type\":\"ListItem\",\"@id\":\"https:\\\/\\\/www.rucashk.com\\\/es\\\/#listItem\",\"position\":1,\"name\":\"Home\",\"item\":\"https:\\\/\\\/www.rucashk.com\\\/es\\\/\",\"nextItem\":\"https:\\\/\\\/www.rucashk.com\\\/es\\\/producto\\\/mi-11i-smartphone\\\/#listItem\"},{\"@type\":\"ListItem\",\"@id\":\"https:\\\/\\\/www.rucashk.com\\\/es\\\/producto\\\/mi-11i-smartphone\\\/#listItem\",\"position\":2,\"name\":\"Mi 11i Smartphone\",\"previousItem\":\"https:\\\/\\\/www.rucashk.com\\\/es\\\/#listItem\"}]},{\"@type\":\"Organization\",\"@id\":\"https:\\\/\\\/www.rucashk.com\\\/es\\\/#organization\",\"name\":\"Rucas\",\"url\":\"https:\\\/\\\/www.rucashk.com\\\/es\\\/\",\"logo\":{\"@type\":\"ImageObject\",\"url\":\"https:\\\/\\\/www.rucashk.com\\\/wp-content\\\/uploads\\\/2023\\\/12\\\/Rucas_campany_logo.png\",\"@id\":\"https:\\\/\\\/www.rucashk.com\\\/es\\\/producto\\\/mi-11i-smartphone\\\/#organizationLogo\",\"width\":221,\"height\":65},\"image\":{\"@id\":\"https:\\\/\\\/www.rucashk.com\\\/es\\\/#organizationLogo\"}},{\"@type\":\"Person\",\"@id\":\"https:\\\/\\\/www.rucashk.com\\\/es\\\/author\\\/admin\\\/#author\",\"url\":\"https:\\\/\\\/www.rucashk.com\\\/es\\\/author\\\/admin\\\/\",\"name\":\"admin\",\"image\":{\"@type\":\"ImageObject\",\"@id\":\"https:\\\/\\\/www.rucashk.com\\\/es\\\/producto\\\/mi-11i-smartphone\\\/#authorImage\",\"url\":\"https:\\\/\\\/secure.gravatar.com\\\/avatar\\\/b7c8925b09a27e72b30232f8ecaadbd5af0f70a38c78096863fe51b64f031c24?s=96&d=mm&r=g\",\"width\":96,\"height\":96,\"caption\":\"admin\"}},{\"@type\":\"WebPage\",\"@id\":\"https:\\\/\\\/www.rucashk.com\\\/es\\\/producto\\\/mi-11i-smartphone\\\/#webpage\",\"url\":\"https:\\\/\\\/www.rucashk.com\\\/es\\\/producto\\\/mi-11i-smartphone\\\/\",\"name\":\"Mi 11i Smartphone - Rucas - Wholesale and Distribution\",\"description\":\"Qualcomm\\u00ae Snapdragon\\u2122 888 Processor, Outstanding Performance and Power Efficiency Up to 108MP Triple Camera, Cinematic Movie Effects and Filters 67\\\" 120Hz AMOLED Display, 360Hz Touch Sampling Rate 4520mAh (typ) Battery, 33W Fast Charging Dolby Atmos\\u00ae Stereo Dual Speakers, Innovative three-microphone system\",\"inLanguage\":\"es-ES\",\"isPartOf\":{\"@id\":\"https:\\\/\\\/www.rucashk.com\\\/es\\\/#website\"},\"breadcrumb\":{\"@id\":\"https:\\\/\\\/www.rucashk.com\\\/es\\\/producto\\\/mi-11i-smartphone\\\/#breadcrumblist\"},\"author\":{\"@id\":\"https:\\\/\\\/www.rucashk.com\\\/es\\\/author\\\/admin\\\/#author\"},\"creator\":{\"@id\":\"https:\\\/\\\/www.rucashk.com\\\/es\\\/author\\\/admin\\\/#author\"},\"image\":{\"@type\":\"ImageObject\",\"url\":\"https:\\\/\\\/www.rucashk.com\\\/wp-content\\\/uploads\\\/2024\\\/01\\\/Mi-11i-Smartphone-5.jpg\",\"@id\":\"https:\\\/\\\/www.rucashk.com\\\/es\\\/producto\\\/mi-11i-smartphone\\\/#mainImage\",\"width\":800,\"height\":800},\"primaryImageOfPage\":{\"@id\":\"https:\\\/\\\/www.rucashk.com\\\/es\\\/producto\\\/mi-11i-smartphone\\\/#mainImage\"},\"datePublished\":\"2024-01-09T16:18:37+00:00\",\"dateModified\":\"2025-06-22T07:16:14+00:00\"},{\"@type\":\"WebSite\",\"@id\":\"https:\\\/\\\/www.rucashk.com\\\/es\\\/#website\",\"url\":\"https:\\\/\\\/www.rucashk.com\\\/es\\\/\",\"name\":\"Rucas - Wholesale and distribution worldwide\",\"alternateName\":\"Rucas - One-stop AIoT Distribution Worldwide\",\"description\":\"One-stop AIoT Distribution Worldwide\",\"inLanguage\":\"es-ES\",\"publisher\":{\"@id\":\"https:\\\/\\\/www.rucashk.com\\\/es\\\/#organization\"}}]}\n\t\t<\/script>\n\t\t<!-- All in One SEO Pro -->\r\n\t\t<title>Mi 11i Smartphone - Rucas - Wholesale and Distribution<\/title>\n\n","aioseo_head_json":{"title":"Mi 11i Smartphone - Rucas - Wholesale and Distribution","description":"Qualcomm\u00ae Snapdragon\u2122 888 Processor, Outstanding Performance and Power Efficiency Up to 108MP Triple Camera, Cinematic Movie Effects and Filters 67\" 120Hz AMOLED Display, 360Hz Touch Sampling Rate 4520mAh (typ) Battery, 33W Fast Charging Dolby Atmos\u00ae Stereo Dual Speakers, Innovative three-microphone system","canonical_url":"https:\/\/www.rucashk.com\/es\/producto\/mi-11i-smartphone\/","robots":"max-image-preview:large","keywords":"","webmasterTools":{"miscellaneous":""},"og:locale":"es_ES","og:site_name":"Rucas - One-stop AIoT Distribution Worldwide","og:type":"article","og:title":"Mi 11i Smartphone - Rucas - Wholesale and Distribution","og:description":"Qualcomm\u00ae Snapdragon\u2122 888 Processor, Outstanding Performance and Power Efficiency Up to 108MP Triple Camera, Cinematic Movie Effects and Filters 67&quot; 120Hz AMOLED Display, 360Hz Touch Sampling Rate 4520mAh (typ) Battery, 33W Fast Charging Dolby Atmos\u00ae Stereo Dual Speakers, Innovative three-microphone system","og:url":"https:\/\/www.rucashk.com\/es\/producto\/mi-11i-smartphone\/","og:image":"https:\/\/www.rucashk.com\/wp-content\/uploads\/replace\/503b8e645f128a97ccde2b6290747646.jpeg","og:image:secure_url":"https:\/\/www.rucashk.com\/wp-content\/uploads\/replace\/503b8e645f128a97ccde2b6290747646.jpeg","og:image:width":1456,"og:image:height":816,"article:published_time":"2024-01-09T16:18:37+00:00","article:modified_time":"2025-06-22T07:16:14+00:00","twitter:card":"summary_large_image","twitter:title":"Mi 11i Smartphone - Rucas - Wholesale and Distribution","twitter:description":"Qualcomm\u00ae Snapdragon\u2122 888 Processor, Outstanding Performance and Power Efficiency Up to 108MP Triple Camera, Cinematic Movie Effects and Filters 67&quot; 120Hz AMOLED Display, 360Hz Touch Sampling Rate 4520mAh (typ) Battery, 33W Fast Charging Dolby Atmos\u00ae Stereo Dual Speakers, Innovative three-microphone system","twitter:image":"https:\/\/www.rucashk.com\/wp-content\/uploads\/replace\/503b8e645f128a97ccde2b6290747646.jpeg","schema":{"@context":"https:\/\/schema.org","@graph":[{"@type":"BreadcrumbList","@id":"https:\/\/www.rucashk.com\/es\/producto\/mi-11i-smartphone\/#breadcrumblist","itemListElement":[{"@type":"ListItem","@id":"https:\/\/www.rucashk.com\/es\/#listItem","position":1,"name":"Home","item":"https:\/\/www.rucashk.com\/es\/","nextItem":"https:\/\/www.rucashk.com\/es\/producto\/mi-11i-smartphone\/#listItem"},{"@type":"ListItem","@id":"https:\/\/www.rucashk.com\/es\/producto\/mi-11i-smartphone\/#listItem","position":2,"name":"Mi 11i Smartphone","previousItem":"https:\/\/www.rucashk.com\/es\/#listItem"}]},{"@type":"Organization","@id":"https:\/\/www.rucashk.com\/es\/#organization","name":"Rucas","url":"https:\/\/www.rucashk.com\/es\/","logo":{"@type":"ImageObject","url":"https:\/\/www.rucashk.com\/wp-content\/uploads\/2023\/12\/Rucas_campany_logo.png","@id":"https:\/\/www.rucashk.com\/es\/producto\/mi-11i-smartphone\/#organizationLogo","width":221,"height":65},"image":{"@id":"https:\/\/www.rucashk.com\/es\/#organizationLogo"}},{"@type":"Person","@id":"https:\/\/www.rucashk.com\/es\/author\/admin\/#author","url":"https:\/\/www.rucashk.com\/es\/author\/admin\/","name":"admin","image":{"@type":"ImageObject","@id":"https:\/\/www.rucashk.com\/es\/producto\/mi-11i-smartphone\/#authorImage","url":"https:\/\/secure.gravatar.com\/avatar\/b7c8925b09a27e72b30232f8ecaadbd5af0f70a38c78096863fe51b64f031c24?s=96&d=mm&r=g","width":96,"height":96,"caption":"admin"}},{"@type":"WebPage","@id":"https:\/\/www.rucashk.com\/es\/producto\/mi-11i-smartphone\/#webpage","url":"https:\/\/www.rucashk.com\/es\/producto\/mi-11i-smartphone\/","name":"Mi 11i Smartphone - Rucas - Wholesale and Distribution","description":"Qualcomm\u00ae Snapdragon\u2122 888 Processor, Outstanding Performance and Power Efficiency Up to 108MP Triple Camera, Cinematic Movie Effects and Filters 67\" 120Hz AMOLED Display, 360Hz Touch Sampling Rate 4520mAh (typ) Battery, 33W Fast Charging Dolby Atmos\u00ae Stereo Dual Speakers, Innovative three-microphone system","inLanguage":"es-ES","isPartOf":{"@id":"https:\/\/www.rucashk.com\/es\/#website"},"breadcrumb":{"@id":"https:\/\/www.rucashk.com\/es\/producto\/mi-11i-smartphone\/#breadcrumblist"},"author":{"@id":"https:\/\/www.rucashk.com\/es\/author\/admin\/#author"},"creator":{"@id":"https:\/\/www.rucashk.com\/es\/author\/admin\/#author"},"image":{"@type":"ImageObject","url":"https:\/\/www.rucashk.com\/wp-content\/uploads\/2024\/01\/Mi-11i-Smartphone-5.jpg","@id":"https:\/\/www.rucashk.com\/es\/producto\/mi-11i-smartphone\/#mainImage","width":800,"height":800},"primaryImageOfPage":{"@id":"https:\/\/www.rucashk.com\/es\/producto\/mi-11i-smartphone\/#mainImage"},"datePublished":"2024-01-09T16:18:37+00:00","dateModified":"2025-06-22T07:16:14+00:00"},{"@type":"WebSite","@id":"https:\/\/www.rucashk.com\/es\/#website","url":"https:\/\/www.rucashk.com\/es\/","name":"Rucas - Wholesale and distribution worldwide","alternateName":"Rucas - One-stop AIoT Distribution Worldwide","description":"One-stop AIoT Distribution Worldwide","inLanguage":"es-ES","publisher":{"@id":"https:\/\/www.rucashk.com\/es\/#organization"}}]}},"aioseo_meta_data":{"post_id":"25566","title":null,"description":null,"keywords":null,"keyphrases":null,"primary_term":null,"canonical_url":null,"og_title":null,"og_description":null,"og_object_type":"default","og_image_type":"default","og_image_url":null,"og_image_width":null,"og_image_height":null,"og_image_custom_url":null,"og_image_custom_fields":null,"og_video":null,"og_custom_url":null,"og_article_section":null,"og_article_tags":null,"twitter_use_og":false,"twitter_card":"default","twitter_image_type":"default","twitter_image_url":null,"twitter_image_custom_url":null,"twitter_image_custom_fields":null,"twitter_title":null,"twitter_description":null,"schema":{"blockGraphs":[],"customGraphs":[],"default":{"data":{"Article":[],"Course":[],"Dataset":[],"FAQPage":[],"Movie":[],"Person":[],"Product":[],"Recipe":[],"Service":[],"SoftwareApplication":[],"WebPage":[]},"graphName":"","isEnabled":true},"graphs":[]},"schema_type":"default","schema_type_options":null,"pillar_content":false,"robots_default":true,"robots_noindex":false,"robots_noarchive":false,"robots_nosnippet":false,"robots_nofollow":false,"robots_noimageindex":false,"robots_noodp":false,"robots_notranslate":false,"robots_max_snippet":null,"robots_max_videopreview":null,"robots_max_imagepreview":"large","priority":null,"frequency":null,"local_seo":null,"breadcrumb_settings":null,"limit_modified_date":false,"created":"2024-04-11 01:57:18","updated":"2025-06-22 17:57:11"},"aioseo_breadcrumb":"<div class=\"aioseo-breadcrumbs\"><span class=\"aioseo-breadcrumb\">\n\t<a href=\"https:\/\/www.rucashk.com\/es\" title=\"Home\">Home<\/a>\n<\/span><span class=\"aioseo-breadcrumb-separator\">&raquo;<\/span><span class=\"aioseo-breadcrumb\">\n\t<a href=\"https:\/\/www.rucashk.com\/es\/products\/\" title=\"Productos\">Productos<\/a>\n<\/span><span class=\"aioseo-breadcrumb-separator\">&raquo;<\/span><span class=\"aioseo-breadcrumb\">\n\t<a href=\"https:\/\/www.rucashk.com\/es\/marca\/xiaomi\/\" title=\"Xiaomi\">Xiaomi<\/a>\n<\/span><span class=\"aioseo-breadcrumb-separator\">&raquo;<\/span><span class=\"aioseo-breadcrumb\">\n\tMi 11i Smartphone\n<\/span><\/div>","aioseo_breadcrumb_json":[{"label":"Home","link":"https:\/\/www.rucashk.com\/es"},{"label":"Productos","link":"https:\/\/www.rucashk.com\/es\/products\/"},{"label":"Xiaomi","link":"https:\/\/www.rucashk.com\/es\/marca\/xiaomi\/"},{"label":"Mi 11i Smartphone","link":"https:\/\/www.rucashk.com\/es\/producto\/mi-11i-smartphone\/"}],"_links":{"self":[{"href":"https:\/\/www.rucashk.com\/es\/wp-json\/wp\/v2\/product\/25566","targetHints":{"allow":["GET"]}}],"collection":[{"href":"https:\/\/www.rucashk.com\/es\/wp-json\/wp\/v2\/product"}],"about":[{"href":"https:\/\/www.rucashk.com\/es\/wp-json\/wp\/v2\/types\/product"}],"wp:featuredmedia":[{"embeddable":true,"href":"https:\/\/www.rucashk.com\/es\/wp-json\/wp\/v2\/media\/25710"}],"wp:attachment":[{"href":"https:\/\/www.rucashk.com\/es\/wp-json\/wp\/v2\/media?parent=25566"}],"wp:term":[{"taxonomy":"product_brand","embeddable":true,"href":"https:\/\/www.rucashk.com\/es\/wp-json\/wp\/v2\/product_brand?post=25566"},{"taxonomy":"product_cat","embeddable":true,"href":"https:\/\/www.rucashk.com\/es\/wp-json\/wp\/v2\/product_cat?post=25566"},{"taxonomy":"product_tag","embeddable":true,"href":"https:\/\/www.rucashk.com\/es\/wp-json\/wp\/v2\/product_tag?post=25566"}],"curies":[{"name":"wp","href":"https:\/\/api.w.org\/{rel}","templated":true}]}}