{"id":25564,"date":"2024-01-09T16:18:37","date_gmt":"2024-01-09T16:18:37","guid":{"rendered":"http:\/\/rucashk.com\/?post_type=product&#038;p=25564"},"modified":"2025-06-22T07:16:14","modified_gmt":"2025-06-22T07:16:14","slug":"mi-home-security-camera-360-2k-stock-list","status":"publish","type":"product","link":"https:\/\/www.rucashk.com\/es\/producto\/mi-home-security-camera-360-2k-stock-list\/","title":{"rendered":"Lista de existencias de Mi Home Security Camera 360\u00b0 2K"},"content":{"rendered":"<p align=\"center\" data-spm-anchor-id=\"a2g0o.detail.1000023.i2.47881a8dE0lWkI\"><strong>C\u00e1mara de seguridad para el hogar Mi 360\u00b0 2K<\/strong><\/p>\n<p align=\"center\" data-spm-anchor-id=\"a2g0o.detail.1000023.i1.47881a8dE0lWkI\">Con calidad de imagen 2K s\u00faper clara e IA mejorada<\/p>\n<p align=\"center\"><span data-spm-anchor-id=\"a2g0o.detail.1000023.i0.47881a8dE0lWkI\">3 megap\u00edxeles\uff5cF1.4 de gran apertura\uff5cA todo color en condiciones de poca luz\uff5cDetecci\u00f3n humana mediante IA<\/span><\/p>\n<p align=\"center\"><img fetchpriority=\"high\" decoding=\"async\" class=\"aligncenter\" src=\"https:\/\/www.rucashk.com\/wp-content\/uploads\/2021\/09\/H6ace3601477d421d8ae5fa43665d9264V.jpg\" alt=\"Mi 360\u00b0 Home Security Camera 2K\" width=\"1000\" height=\"472\" \/><strong>2K HD ultraclaro, calidad de imagen totalmente mejorada<\/strong><\/p>\n<p align=\"center\">La c\u00e1mara de seguridad para el hogar Mi 360\u00b0 2K utiliza tecnolog\u00eda HD ultra clara para capturar im\u00e1genes m\u00e1s detalladas. Disfrute de una experiencia visual mejorada con la tecnolog\u00eda HD ultra clara 2K completamente actualizada.<img decoding=\"async\" class=\"aligncenter\" src=\"https:\/\/www.rucashk.com\/wp-content\/uploads\/2021\/09\/H54bf91423ada425893f8337a852ca4071.jpg\" alt=\"Mi 360\u00b0 Home Security Camera 2K\" width=\"1000\" height=\"634\" \/><strong>Gran apertura para una imagen clara incluso en condiciones de poca luz<\/strong><\/p>\n<p align=\"center\">La lente de gran apertura F1.4 permite que entre mucha m\u00e1s luz, capturando im\u00e1genes detalladas incluso en condiciones de poca luz.<img decoding=\"async\" class=\"aligncenter\" src=\"https:\/\/www.rucashk.com\/wp-content\/uploads\/2021\/09\/Hf5e62ab8a91545108c32bc24a2de6338H.jpg\" alt=\"Mi 360\u00b0 Home Security Camera 2K\" width=\"1000\" height=\"606\" \/><strong>Lente 6P mejorada para una visualizaci\u00f3n de mayor calidad<\/strong><\/p>\n<p align=\"center\">La lente totalmente mejorada reduce eficazmente la refracci\u00f3n de la luz para obtener im\u00e1genes m\u00e1s claras y detalladas.<img loading=\"lazy\" decoding=\"async\" class=\"aligncenter\" src=\"https:\/\/www.rucashk.com\/wp-content\/uploads\/2021\/09\/Hc30ed1521aff4246be9e380fd333974ce.jpg\" alt=\"Mi 360\u00b0 Home Security Camera 2K\" width=\"1000\" height=\"594\" \/><strong>Visi\u00f3n nocturna infrarroja mejorada para im\u00e1genes claras incluso en condiciones de poca luz.<\/strong><\/p>\n<p align=\"center\">La luz infrarroja de 940 nm sin brillo rojo visible le permite a usted y a su familia dormir tranquilos; Cuenta con un sensor de imagen de alta sensibilidad y muestra v\u00eddeo en color incluso en condiciones de poca luz.<img loading=\"lazy\" decoding=\"async\" class=\"aligncenter\" src=\"https:\/\/www.rucashk.com\/wp-content\/uploads\/2021\/09\/Hfafac4cf5f584da59495faa457367d0eK.jpg\" alt=\"Mi 360\u00b0 Home Security Camera 2K\" width=\"1000\" height=\"581\" \/><strong>Muestre la salida de video de la c\u00e1mara en su dispositivo<\/strong><\/p>\n<p align=\"center\">Simplemente p\u00eddele a tu Mi Smart Clock que muestre la salida de video en tiempo real desde tu c\u00e1mara.<img loading=\"lazy\" decoding=\"async\" class=\"aligncenter\" src=\"https:\/\/www.rucashk.com\/wp-content\/uploads\/2021\/09\/Ha280f225264d4643ba1b55184687460fk.jpg\" alt=\"Mi 360\u00b0 Home Security Camera 2K\" width=\"1000\" height=\"555\" \/><strong>La detecci\u00f3n humana por IA filtra eficazmente las falsas alarmas<\/strong><\/p>\n<p align=\"center\">Con una combinaci\u00f3n de aplicaciones de aprendizaje profundo, as\u00ed como optimizaci\u00f3n de algoritmos y redes, la IA filtra eficazmente las falsas alarmas para mejorar la precisi\u00f3n.<img loading=\"lazy\" decoding=\"async\" class=\"aligncenter\" src=\"https:\/\/www.rucashk.com\/wp-content\/uploads\/2021\/09\/H3959ded520284830bbe9b03a18d75e8em.jpg\" alt=\"Mi 360\u00b0 Home Security Camera 2K\" width=\"1000\" height=\"697\" \/><strong>Vista panor\u00e1mica de giro, inclinaci\u00f3n y zoom de 360\u00b0 para un monitoreo completo sin puntos ciegos<\/strong><\/p>\n<p align=\"center\">Cuenta con un motor de giro, inclinaci\u00f3n y zoom de doble eje, con un \u00e1ngulo de visi\u00f3n horizontal de 360\u00b0 y un \u00e1ngulo de visi\u00f3n vertical de 118\u00b0.<img loading=\"lazy\" decoding=\"async\" class=\"aligncenter\" src=\"https:\/\/www.rucashk.com\/wp-content\/uploads\/2021\/09\/H330e4966cf1641bbaf4306386cbe612cH.jpg\" alt=\"Mi 360\u00b0 Home Security Camera 2K\" width=\"1000\" height=\"628\" \/><strong>Llamadas de voz bidireccionales en tiempo real, para que puedas \u201cvisitar casa\u201d cuando quieras<\/strong><\/p>\n<p style=\"text-align: center\" align=\"left\">Admite llamadas de voz bidireccionales en tiempo real que se sienten como una conversaci\u00f3n cara a cara, para que pueda charlar \u00edntimamente con sus seres queridos sin importar d\u00f3nde se encuentre.<img loading=\"lazy\" decoding=\"async\" class=\"aligncenter\" src=\"https:\/\/www.rucashk.com\/wp-content\/uploads\/2021\/09\/Hda2e4f7facc341348754a5141b17ff8b1.jpg\" alt=\"Mi 360\u00b0 Home Security Camera 2K\" width=\"1000\" height=\"560\" \/><img loading=\"lazy\" decoding=\"async\" class=\"aligncenter\" src=\"https:\/\/www.rucashk.com\/wp-content\/uploads\/2021\/09\/He281f146fa264a73af3fc3b0c0aafaccB.jpg\" alt=\"Mi 360\u00b0 Home Security Camera 2K\" width=\"1000\" height=\"523\" \/><strong>Habilite su c\u00e1mara de seguridad en tres simples pasos<\/strong><\/p>\n<p style=\"text-align: center\" align=\"left\">1. Descarga la aplicaci\u00f3n Mi Home\/Xiaomi Home;<\/p>\n<p style=\"text-align: center\" align=\"left\">2. Encienda la c\u00e1mara de seguridad para el hogar Mi 360\u00b0 2K;<\/p>\n<p style=\"text-align: center\" align=\"left\">3. Abra la aplicaci\u00f3n, busque y con\u00e9ctese al dispositivo para usarlo normalmente;<img loading=\"lazy\" decoding=\"async\" class=\"aligncenter\" src=\"https:\/\/www.rucashk.com\/wp-content\/uploads\/2021\/09\/Hbde0fd86de7643448cb0bbd88c21c16cy.jpg\" alt=\"Mi 360\u00b0 Home Security Camera 2K\" width=\"1000\" height=\"309\" \/><\/p>\n<p style=\"text-align: center\" align=\"left\"><strong>Rucas, distribuidor l\u00edder de xiaomi en Hong Kong.<\/strong><br \/>\nCentr\u00e1ndose en productos de accesorios ecol\u00f3gicos de una marca de China, como Amazfit, Haylou, Ninebot, Roborock, Dreame, Imilab, 70Mai, Deerma. Mantenemos cientos de SKU de Xiaomi con stock en el almac\u00e9n de HK y Shenzhen de manera estable para lograr el menor plazo de entrega.<\/p>","protected":false},"excerpt":{"rendered":"<ul>\n<li>Resoluci\u00f3n: 2304*1296<\/li>\n<li>Codificaci\u00f3n de v\u00eddeo: H.265<\/li>\n<li>Temperatura de trabajo: -10 \u2103 ~ 50 \u2103<\/li>\n<li>\u00c1ngulo de visi\u00f3n: 110\u00b0<\/li>\n<li>Memoria ampliable: Tarjeta Micro SD (hasta 32 GB)<\/li>\n<li>Compatible con: Android 4.4, iOS 9.0 o superior<\/li>\n<li>Entrada de energ\u00eda: 5V 2A<\/li>\n<li>Tama\u00f1o: 115x78x78mm<\/li>\n<\/ul>","protected":false},"featured_media":25702,"template":"","meta":[],"product_brand":[1363],"product_cat":[1316,1305],"product_tag":[],"class_list":{"0":"post-25564","1":"product","2":"type-product","3":"status-publish","4":"has-post-thumbnail","6":"product_brand-xiaomi","7":"product_cat-mi-camera","8":"product_cat-xiaomi-eco","10":"first","11":"instock","12":"shipping-taxable","13":"product-type-simple"},"aioseo_notices":[],"aioseo_head":"\n\t\t<!-- All in One SEO Pro 4.5.9.2 - aioseo.com -->\n\t\t<meta name=\"description\" content=\"Resolution: 2304*1296 Video Coding: H.265 Working Temperature\uff1a-10\u2103 ~ 50\u2103 Angle of View: 110\u00b0 Expandable Memory\uff1aMicro SD Card (up to 32GB) Compatible with: Android 4.4, iOS 9.0 or above Power Input: 5V 2A Size: 115 x 78 x 78mm\" \/>\n\t\t<meta name=\"robots\" content=\"max-image-preview:large\" \/>\n\t\t<link rel=\"canonical\" href=\"https:\/\/www.rucashk.com\/es\/producto\/mi-home-security-camera-360-2k-stock-list\/\" \/>\n\t\t<meta name=\"generator\" content=\"All in One SEO Pro (AIOSEO) 4.5.9.2\" \/>\n\t\t<meta property=\"og:locale\" content=\"es_ES\" \/>\n\t\t<meta property=\"og:site_name\" content=\"Rucas - One-stop AIoT Distribution Worldwide\" \/>\n\t\t<meta property=\"og:type\" content=\"article\" \/>\n\t\t<meta property=\"og:title\" content=\"Mi Home Security Camera 360\u00b0 2K stock list - Rucas - Wholesale and Distribution\" \/>\n\t\t<meta property=\"og:description\" content=\"Resolution: 2304*1296 Video Coding: H.265 Working Temperature\uff1a-10\u2103 ~ 50\u2103 Angle of View: 110\u00b0 Expandable Memory\uff1aMicro SD Card (up to 32GB) Compatible with: Android 4.4, iOS 9.0 or above Power Input: 5V 2A Size: 115 x 78 x 78mm\" \/>\n\t\t<meta property=\"og:url\" content=\"https:\/\/www.rucashk.com\/es\/producto\/mi-home-security-camera-360-2k-stock-list\/\" \/>\n\t\t<meta property=\"og:image\" content=\"https:\/\/www.rucashk.com\/wp-content\/uploads\/replace\/503b8e645f128a97ccde2b6290747646.jpeg\" \/>\n\t\t<meta property=\"og:image:secure_url\" content=\"https:\/\/www.rucashk.com\/wp-content\/uploads\/replace\/503b8e645f128a97ccde2b6290747646.jpeg\" \/>\n\t\t<meta property=\"og:image:width\" content=\"1456\" \/>\n\t\t<meta property=\"og:image:height\" content=\"816\" \/>\n\t\t<meta property=\"article:published_time\" content=\"2024-01-09T16:18:37+00:00\" \/>\n\t\t<meta property=\"article:modified_time\" content=\"2025-06-22T07:16:14+00:00\" \/>\n\t\t<meta name=\"twitter:card\" content=\"summary_large_image\" \/>\n\t\t<meta name=\"twitter:title\" content=\"Mi Home Security Camera 360\u00b0 2K stock list - Rucas - Wholesale and Distribution\" \/>\n\t\t<meta name=\"twitter:description\" content=\"Resolution: 2304*1296 Video Coding: H.265 Working Temperature\uff1a-10\u2103 ~ 50\u2103 Angle of View: 110\u00b0 Expandable Memory\uff1aMicro SD Card (up to 32GB) Compatible with: Android 4.4, iOS 9.0 or above Power Input: 5V 2A Size: 115 x 78 x 78mm\" \/>\n\t\t<meta name=\"twitter:image\" content=\"https:\/\/www.rucashk.com\/wp-content\/uploads\/replace\/503b8e645f128a97ccde2b6290747646.jpeg\" \/>\n\t\t<script type=\"application\/ld+json\" class=\"aioseo-schema\">\n\t\t\t{\"@context\":\"https:\\\/\\\/schema.org\",\"@graph\":[{\"@type\":\"BreadcrumbList\",\"@id\":\"https:\\\/\\\/www.rucashk.com\\\/es\\\/producto\\\/mi-home-security-camera-360-2k-stock-list\\\/#breadcrumblist\",\"itemListElement\":[{\"@type\":\"ListItem\",\"@id\":\"https:\\\/\\\/www.rucashk.com\\\/es\\\/#listItem\",\"position\":1,\"name\":\"Home\",\"item\":\"https:\\\/\\\/www.rucashk.com\\\/es\\\/\",\"nextItem\":\"https:\\\/\\\/www.rucashk.com\\\/es\\\/producto\\\/mi-home-security-camera-360-2k-stock-list\\\/#listItem\"},{\"@type\":\"ListItem\",\"@id\":\"https:\\\/\\\/www.rucashk.com\\\/es\\\/producto\\\/mi-home-security-camera-360-2k-stock-list\\\/#listItem\",\"position\":2,\"name\":\"Mi Home Security Camera 360\\u00b0 2K stock list\",\"previousItem\":\"https:\\\/\\\/www.rucashk.com\\\/es\\\/#listItem\"}]},{\"@type\":\"Organization\",\"@id\":\"https:\\\/\\\/www.rucashk.com\\\/es\\\/#organization\",\"name\":\"Rucas\",\"url\":\"https:\\\/\\\/www.rucashk.com\\\/es\\\/\",\"logo\":{\"@type\":\"ImageObject\",\"url\":\"https:\\\/\\\/www.rucashk.com\\\/wp-content\\\/uploads\\\/2023\\\/12\\\/Rucas_campany_logo.png\",\"@id\":\"https:\\\/\\\/www.rucashk.com\\\/es\\\/producto\\\/mi-home-security-camera-360-2k-stock-list\\\/#organizationLogo\",\"width\":221,\"height\":65},\"image\":{\"@id\":\"https:\\\/\\\/www.rucashk.com\\\/es\\\/#organizationLogo\"}},{\"@type\":\"Person\",\"@id\":\"https:\\\/\\\/www.rucashk.com\\\/es\\\/author\\\/admin\\\/#author\",\"url\":\"https:\\\/\\\/www.rucashk.com\\\/es\\\/author\\\/admin\\\/\",\"name\":\"admin\",\"image\":{\"@type\":\"ImageObject\",\"@id\":\"https:\\\/\\\/www.rucashk.com\\\/es\\\/producto\\\/mi-home-security-camera-360-2k-stock-list\\\/#authorImage\",\"url\":\"https:\\\/\\\/secure.gravatar.com\\\/avatar\\\/b7c8925b09a27e72b30232f8ecaadbd5af0f70a38c78096863fe51b64f031c24?s=96&d=mm&r=g\",\"width\":96,\"height\":96,\"caption\":\"admin\"}},{\"@type\":\"WebPage\",\"@id\":\"https:\\\/\\\/www.rucashk.com\\\/es\\\/producto\\\/mi-home-security-camera-360-2k-stock-list\\\/#webpage\",\"url\":\"https:\\\/\\\/www.rucashk.com\\\/es\\\/producto\\\/mi-home-security-camera-360-2k-stock-list\\\/\",\"name\":\"Mi Home Security Camera 360\\u00b0 2K stock list - Rucas - Wholesale and Distribution\",\"description\":\"Resolution: 2304*1296 Video Coding: H.265 Working Temperature\\uff1a-10\\u2103 ~ 50\\u2103 Angle of View: 110\\u00b0 Expandable Memory\\uff1aMicro SD Card (up to 32GB) Compatible with: Android 4.4, iOS 9.0 or above Power Input: 5V 2A Size: 115 x 78 x 78mm\",\"inLanguage\":\"es-ES\",\"isPartOf\":{\"@id\":\"https:\\\/\\\/www.rucashk.com\\\/es\\\/#website\"},\"breadcrumb\":{\"@id\":\"https:\\\/\\\/www.rucashk.com\\\/es\\\/producto\\\/mi-home-security-camera-360-2k-stock-list\\\/#breadcrumblist\"},\"author\":{\"@id\":\"https:\\\/\\\/www.rucashk.com\\\/es\\\/author\\\/admin\\\/#author\"},\"creator\":{\"@id\":\"https:\\\/\\\/www.rucashk.com\\\/es\\\/author\\\/admin\\\/#author\"},\"image\":{\"@type\":\"ImageObject\",\"url\":\"https:\\\/\\\/www.rucashk.com\\\/wp-content\\\/uploads\\\/2024\\\/01\\\/Mi-360\\u00b0-Home-Security-Camera-2K-14.jpg\",\"@id\":\"https:\\\/\\\/www.rucashk.com\\\/es\\\/producto\\\/mi-home-security-camera-360-2k-stock-list\\\/#mainImage\",\"width\":800,\"height\":800},\"primaryImageOfPage\":{\"@id\":\"https:\\\/\\\/www.rucashk.com\\\/es\\\/producto\\\/mi-home-security-camera-360-2k-stock-list\\\/#mainImage\"},\"datePublished\":\"2024-01-09T16:18:37+00:00\",\"dateModified\":\"2025-06-22T07:16:14+00:00\"},{\"@type\":\"WebSite\",\"@id\":\"https:\\\/\\\/www.rucashk.com\\\/es\\\/#website\",\"url\":\"https:\\\/\\\/www.rucashk.com\\\/es\\\/\",\"name\":\"Rucas - Wholesale and distribution worldwide\",\"alternateName\":\"Rucas - One-stop AIoT Distribution Worldwide\",\"description\":\"One-stop AIoT Distribution Worldwide\",\"inLanguage\":\"es-ES\",\"publisher\":{\"@id\":\"https:\\\/\\\/www.rucashk.com\\\/es\\\/#organization\"}}]}\n\t\t<\/script>\n\t\t<!-- All in One SEO Pro -->\r\n\t\t<title>Mi Home Security Camera 360\u00b0 2K stock list - Rucas - Wholesale and Distribution<\/title>\n\n","aioseo_head_json":{"title":"Mi Home Security Camera 360\u00b0 2K stock list - Rucas - Wholesale and Distribution","description":"Resolution: 2304*1296 Video Coding: H.265 Working Temperature\uff1a-10\u2103 ~ 50\u2103 Angle of View: 110\u00b0 Expandable Memory\uff1aMicro SD Card (up to 32GB) Compatible with: Android 4.4, iOS 9.0 or above Power Input: 5V 2A Size: 115 x 78 x 78mm","canonical_url":"https:\/\/www.rucashk.com\/es\/producto\/mi-home-security-camera-360-2k-stock-list\/","robots":"max-image-preview:large","keywords":"","webmasterTools":{"miscellaneous":""},"og:locale":"es_ES","og:site_name":"Rucas - One-stop AIoT Distribution Worldwide","og:type":"article","og:title":"Mi Home Security Camera 360\u00b0 2K stock list - Rucas - Wholesale and Distribution","og:description":"Resolution: 2304*1296 Video Coding: H.265 Working Temperature\uff1a-10\u2103 ~ 50\u2103 Angle of View: 110\u00b0 Expandable Memory\uff1aMicro SD Card (up to 32GB) Compatible with: Android 4.4, iOS 9.0 or above Power Input: 5V 2A Size: 115 x 78 x 78mm","og:url":"https:\/\/www.rucashk.com\/es\/producto\/mi-home-security-camera-360-2k-stock-list\/","og:image":"https:\/\/www.rucashk.com\/wp-content\/uploads\/replace\/503b8e645f128a97ccde2b6290747646.jpeg","og:image:secure_url":"https:\/\/www.rucashk.com\/wp-content\/uploads\/replace\/503b8e645f128a97ccde2b6290747646.jpeg","og:image:width":1456,"og:image:height":816,"article:published_time":"2024-01-09T16:18:37+00:00","article:modified_time":"2025-06-22T07:16:14+00:00","twitter:card":"summary_large_image","twitter:title":"Mi Home Security Camera 360\u00b0 2K stock list - Rucas - Wholesale and Distribution","twitter:description":"Resolution: 2304*1296 Video Coding: H.265 Working Temperature\uff1a-10\u2103 ~ 50\u2103 Angle of View: 110\u00b0 Expandable Memory\uff1aMicro SD Card (up to 32GB) Compatible with: Android 4.4, iOS 9.0 or above Power Input: 5V 2A Size: 115 x 78 x 78mm","twitter:image":"https:\/\/www.rucashk.com\/wp-content\/uploads\/replace\/503b8e645f128a97ccde2b6290747646.jpeg","schema":{"@context":"https:\/\/schema.org","@graph":[{"@type":"BreadcrumbList","@id":"https:\/\/www.rucashk.com\/es\/producto\/mi-home-security-camera-360-2k-stock-list\/#breadcrumblist","itemListElement":[{"@type":"ListItem","@id":"https:\/\/www.rucashk.com\/es\/#listItem","position":1,"name":"Home","item":"https:\/\/www.rucashk.com\/es\/","nextItem":"https:\/\/www.rucashk.com\/es\/producto\/mi-home-security-camera-360-2k-stock-list\/#listItem"},{"@type":"ListItem","@id":"https:\/\/www.rucashk.com\/es\/producto\/mi-home-security-camera-360-2k-stock-list\/#listItem","position":2,"name":"Mi Home Security Camera 360\u00b0 2K stock list","previousItem":"https:\/\/www.rucashk.com\/es\/#listItem"}]},{"@type":"Organization","@id":"https:\/\/www.rucashk.com\/es\/#organization","name":"Rucas","url":"https:\/\/www.rucashk.com\/es\/","logo":{"@type":"ImageObject","url":"https:\/\/www.rucashk.com\/wp-content\/uploads\/2023\/12\/Rucas_campany_logo.png","@id":"https:\/\/www.rucashk.com\/es\/producto\/mi-home-security-camera-360-2k-stock-list\/#organizationLogo","width":221,"height":65},"image":{"@id":"https:\/\/www.rucashk.com\/es\/#organizationLogo"}},{"@type":"Person","@id":"https:\/\/www.rucashk.com\/es\/author\/admin\/#author","url":"https:\/\/www.rucashk.com\/es\/author\/admin\/","name":"admin","image":{"@type":"ImageObject","@id":"https:\/\/www.rucashk.com\/es\/producto\/mi-home-security-camera-360-2k-stock-list\/#authorImage","url":"https:\/\/secure.gravatar.com\/avatar\/b7c8925b09a27e72b30232f8ecaadbd5af0f70a38c78096863fe51b64f031c24?s=96&d=mm&r=g","width":96,"height":96,"caption":"admin"}},{"@type":"WebPage","@id":"https:\/\/www.rucashk.com\/es\/producto\/mi-home-security-camera-360-2k-stock-list\/#webpage","url":"https:\/\/www.rucashk.com\/es\/producto\/mi-home-security-camera-360-2k-stock-list\/","name":"Mi Home Security Camera 360\u00b0 2K stock list - Rucas - Wholesale and Distribution","description":"Resolution: 2304*1296 Video Coding: H.265 Working Temperature\uff1a-10\u2103 ~ 50\u2103 Angle of View: 110\u00b0 Expandable Memory\uff1aMicro SD Card (up to 32GB) Compatible with: Android 4.4, iOS 9.0 or above Power Input: 5V 2A Size: 115 x 78 x 78mm","inLanguage":"es-ES","isPartOf":{"@id":"https:\/\/www.rucashk.com\/es\/#website"},"breadcrumb":{"@id":"https:\/\/www.rucashk.com\/es\/producto\/mi-home-security-camera-360-2k-stock-list\/#breadcrumblist"},"author":{"@id":"https:\/\/www.rucashk.com\/es\/author\/admin\/#author"},"creator":{"@id":"https:\/\/www.rucashk.com\/es\/author\/admin\/#author"},"image":{"@type":"ImageObject","url":"https:\/\/www.rucashk.com\/wp-content\/uploads\/2024\/01\/Mi-360\u00b0-Home-Security-Camera-2K-14.jpg","@id":"https:\/\/www.rucashk.com\/es\/producto\/mi-home-security-camera-360-2k-stock-list\/#mainImage","width":800,"height":800},"primaryImageOfPage":{"@id":"https:\/\/www.rucashk.com\/es\/producto\/mi-home-security-camera-360-2k-stock-list\/#mainImage"},"datePublished":"2024-01-09T16:18:37+00:00","dateModified":"2025-06-22T07:16:14+00:00"},{"@type":"WebSite","@id":"https:\/\/www.rucashk.com\/es\/#website","url":"https:\/\/www.rucashk.com\/es\/","name":"Rucas - Wholesale and distribution worldwide","alternateName":"Rucas - One-stop AIoT Distribution Worldwide","description":"One-stop AIoT Distribution Worldwide","inLanguage":"es-ES","publisher":{"@id":"https:\/\/www.rucashk.com\/es\/#organization"}}]}},"aioseo_meta_data":{"post_id":"25564","title":null,"description":null,"keywords":null,"keyphrases":null,"primary_term":null,"canonical_url":null,"og_title":null,"og_description":null,"og_object_type":"default","og_image_type":"default","og_image_url":null,"og_image_width":null,"og_image_height":null,"og_image_custom_url":null,"og_image_custom_fields":null,"og_video":null,"og_custom_url":null,"og_article_section":null,"og_article_tags":null,"twitter_use_og":false,"twitter_card":"default","twitter_image_type":"default","twitter_image_url":null,"twitter_image_custom_url":null,"twitter_image_custom_fields":null,"twitter_title":null,"twitter_description":null,"schema":{"blockGraphs":[],"customGraphs":[],"default":{"data":{"Article":[],"Course":[],"Dataset":[],"FAQPage":[],"Movie":[],"Person":[],"Product":[],"Recipe":[],"Service":[],"SoftwareApplication":[],"WebPage":[]},"graphName":"","isEnabled":true},"graphs":[]},"schema_type":"default","schema_type_options":null,"pillar_content":false,"robots_default":true,"robots_noindex":false,"robots_noarchive":false,"robots_nosnippet":false,"robots_nofollow":false,"robots_noimageindex":false,"robots_noodp":false,"robots_notranslate":false,"robots_max_snippet":null,"robots_max_videopreview":null,"robots_max_imagepreview":"large","priority":null,"frequency":null,"local_seo":null,"breadcrumb_settings":null,"limit_modified_date":false,"created":"2024-04-11 01:57:18","updated":"2025-06-22 17:57:10"},"aioseo_breadcrumb":"<div class=\"aioseo-breadcrumbs\"><span class=\"aioseo-breadcrumb\">\n\t<a href=\"https:\/\/www.rucashk.com\/es\" title=\"Home\">Home<\/a>\n<\/span><span class=\"aioseo-breadcrumb-separator\">&raquo;<\/span><span class=\"aioseo-breadcrumb\">\n\t<a href=\"https:\/\/www.rucashk.com\/es\/products\/\" title=\"Productos\">Productos<\/a>\n<\/span><span class=\"aioseo-breadcrumb-separator\">&raquo;<\/span><span class=\"aioseo-breadcrumb\">\n\t<a href=\"https:\/\/www.rucashk.com\/es\/marca\/xiaomi\/\" title=\"Xiaomi\">Xiaomi<\/a>\n<\/span><span class=\"aioseo-breadcrumb-separator\">&raquo;<\/span><span class=\"aioseo-breadcrumb\">\n\tMi Home Security Camera 360\u00b0 2K stock list\n<\/span><\/div>","aioseo_breadcrumb_json":[{"label":"Home","link":"https:\/\/www.rucashk.com\/es"},{"label":"Productos","link":"https:\/\/www.rucashk.com\/es\/products\/"},{"label":"Xiaomi","link":"https:\/\/www.rucashk.com\/es\/marca\/xiaomi\/"},{"label":"Mi Home Security Camera 360\u00b0 2K stock list","link":"https:\/\/www.rucashk.com\/es\/producto\/mi-home-security-camera-360-2k-stock-list\/"}],"_links":{"self":[{"href":"https:\/\/www.rucashk.com\/es\/wp-json\/wp\/v2\/product\/25564","targetHints":{"allow":["GET"]}}],"collection":[{"href":"https:\/\/www.rucashk.com\/es\/wp-json\/wp\/v2\/product"}],"about":[{"href":"https:\/\/www.rucashk.com\/es\/wp-json\/wp\/v2\/types\/product"}],"wp:featuredmedia":[{"embeddable":true,"href":"https:\/\/www.rucashk.com\/es\/wp-json\/wp\/v2\/media\/25702"}],"wp:attachment":[{"href":"https:\/\/www.rucashk.com\/es\/wp-json\/wp\/v2\/media?parent=25564"}],"wp:term":[{"taxonomy":"product_brand","embeddable":true,"href":"https:\/\/www.rucashk.com\/es\/wp-json\/wp\/v2\/product_brand?post=25564"},{"taxonomy":"product_cat","embeddable":true,"href":"https:\/\/www.rucashk.com\/es\/wp-json\/wp\/v2\/product_cat?post=25564"},{"taxonomy":"product_tag","embeddable":true,"href":"https:\/\/www.rucashk.com\/es\/wp-json\/wp\/v2\/product_tag?post=25564"}],"curies":[{"name":"wp","href":"https:\/\/api.w.org\/{rel}","templated":true}]}}