{"id":25495,"date":"2024-01-09T16:17:51","date_gmt":"2024-01-09T16:17:51","guid":{"rendered":"http:\/\/rucashk.com\/?post_type=product&#038;p=25495"},"modified":"2024-01-23T10:04:17","modified_gmt":"2024-01-23T10:04:17","slug":"realme-x50-smartphone","status":"publish","type":"product","link":"https:\/\/www.rucashk.com\/es\/producto\/realme-x50-smartphone\/","title":{"rendered":"Tel\u00e9fono inteligente Realme x50"},"content":{"rendered":"<div align=\"start\">\n<p><img fetchpriority=\"high\" decoding=\"async\" class=\"aligncenter\" src=\"https:\/\/www.rucashk.com\/wp-content\/uploads\/2021\/08\/1593753286911.jpg\" alt=\"Realme\u00a0x50 Smartphone\" width=\"2280\" height=\"800\" \/><img decoding=\"async\" class=\"aligncenter\" src=\"https:\/\/www.rucashk.com\/wp-content\/uploads\/2021\/08\/1593753309077.jpg\" alt=\"Realme\u00a0x50 Smartphone\" width=\"2280\" height=\"1621\" \/><\/p>\n<div class=\"detailmodule_text-image\" style=\"text-align: center\" align=\"start\">\n<p><img decoding=\"async\" class=\"aligncenter\" src=\"https:\/\/www.rucashk.com\/wp-content\/uploads\/2021\/08\/1594121542199.jpg\" alt=\"Realme\u00a0x50 Smartphone\" width=\"2280\" height=\"1305\" \/><\/p>\n<\/div>\n<div class=\"detailmodule_text-image\" style=\"text-align: center\" align=\"start\">\n<div>\n<div>\n<div>\n<div>\n<div>\n<div>\n<div>\n<div class=\"detailmodule_text-image\" align=\"start\">\n<div><img loading=\"lazy\" decoding=\"async\" class=\"aligncenter\" src=\"https:\/\/www.rucashk.com\/wp-content\/uploads\/2021\/08\/1594121869393.jpg\" alt=\"Realme\u00a0x50 Smartphone\" width=\"2280\" height=\"1534\" \/><\/div>\n<\/div>\n<\/div>\n<\/div>\n<\/div>\n<\/div>\n<\/div>\n<\/div>\n<\/div>\n<\/div>\n<div class=\"detailmodule_text-image\" style=\"text-align: center\" align=\"start\">\n<div><img loading=\"lazy\" decoding=\"async\" class=\"aligncenter\" src=\"https:\/\/www.rucashk.com\/wp-content\/uploads\/2021\/08\/1594121922460.jpg\" alt=\"Realme\u00a0x50 Smartphone\" width=\"2280\" height=\"1680\" \/><\/div>\n<\/div>\n<div class=\"detailmodule_text-image\" style=\"text-align: center\" align=\"start\">\n<p><img loading=\"lazy\" decoding=\"async\" class=\"aligncenter\" src=\"https:\/\/www.rucashk.com\/wp-content\/uploads\/2021\/08\/1594122005403.jpg\" alt=\"Realme\u00a0x50 Smartphone\" width=\"2280\" height=\"1140\" \/><\/p>\n<\/div>\n<div class=\"detailmodule_text-image\" style=\"text-align: center\" align=\"start\">\n<p><img loading=\"lazy\" decoding=\"async\" class=\"aligncenter\" src=\"https:\/\/www.rucashk.com\/wp-content\/uploads\/2021\/08\/1594122033259.jpg\" alt=\"Realme\u00a0x50 Smartphone\" width=\"2280\" height=\"1067\" \/><\/p>\n<\/div>\n<div class=\"detailmodule_text-image\" style=\"text-align: center\" align=\"start\">\n<div>\n<div>\n<div>\n<div>\n<div>\n<div>\n<div>\n<div class=\"detailmodule_text-image\" align=\"start\">\n<p><img loading=\"lazy\" decoding=\"async\" class=\"aligncenter\" src=\"https:\/\/www.rucashk.com\/wp-content\/uploads\/2021\/08\/1594122070063.jpg\" alt=\"Realme\u00a0x50 Smartphone\" width=\"2280\" height=\"1943\" \/><img loading=\"lazy\" decoding=\"async\" class=\"aligncenter\" src=\"https:\/\/www.rucashk.com\/wp-content\/uploads\/2021\/08\/1594122096648.jpg\" alt=\"Realme\u00a0x50 Smartphone\" width=\"2280\" height=\"2320\" \/><img loading=\"lazy\" decoding=\"async\" class=\"aligncenter\" src=\"https:\/\/www.rucashk.com\/wp-content\/uploads\/2021\/08\/1594122112417.jpg\" alt=\"Realme\u00a0x50 Smartphone\" width=\"2280\" height=\"1832\" \/><img loading=\"lazy\" decoding=\"async\" class=\"aligncenter\" src=\"https:\/\/www.rucashk.com\/wp-content\/uploads\/2021\/08\/1594122185625.jpg\" alt=\"Realme\u00a0x50 Smartphone\" width=\"2280\" height=\"1853\" \/><img loading=\"lazy\" decoding=\"async\" class=\"aligncenter\" src=\"https:\/\/www.rucashk.com\/wp-content\/uploads\/2021\/08\/1594122190091.jpg\" alt=\"Realme\u00a0x50 Smartphone\" width=\"2280\" height=\"2324\" \/><img loading=\"lazy\" decoding=\"async\" class=\"aligncenter\" src=\"https:\/\/www.rucashk.com\/wp-content\/uploads\/2021\/08\/1594122352904.jpg\" alt=\"Realme\u00a0x50 Smartphone\" width=\"2280\" height=\"1623\" \/><img loading=\"lazy\" decoding=\"async\" class=\"aligncenter\" src=\"https:\/\/www.rucashk.com\/wp-content\/uploads\/2021\/08\/1594122359534.jpg\" alt=\"Realme\u00a0x50 Smartphone\" width=\"2280\" height=\"1536\" \/><img loading=\"lazy\" decoding=\"async\" class=\"aligncenter\" src=\"https:\/\/www.rucashk.com\/wp-content\/uploads\/2021\/08\/1594122365660.jpg\" alt=\"Realme\u00a0x50 Smartphone\" width=\"2280\" height=\"1358\" \/><img loading=\"lazy\" decoding=\"async\" class=\"aligncenter\" src=\"https:\/\/www.rucashk.com\/wp-content\/uploads\/2021\/08\/1594122371713.jpg\" alt=\"Realme\u00a0x50 Smartphone\" width=\"2280\" height=\"1474\" \/><\/p>\n<\/div>\n<\/div>\n<\/div>\n<\/div>\n<\/div>\n<\/div>\n<\/div>\n<\/div>\n<\/div>\n<div class=\"detailmodule_text-image\" style=\"text-align: center\" align=\"start\">\n<p><img loading=\"lazy\" decoding=\"async\" class=\"aligncenter\" src=\"https:\/\/www.rucashk.com\/wp-content\/uploads\/2021\/08\/1594122675837.jpg\" alt=\"Realme\u00a0x50 Smartphone\" width=\"2280\" height=\"1400\" \/><\/p>\n<\/div>\n<div class=\"detailmodule_media\" style=\"text-align: center\" align=\"start\">\n<p><img loading=\"lazy\" decoding=\"async\" class=\"aligncenter\" src=\"https:\/\/www.rucashk.com\/wp-content\/uploads\/2021\/08\/1594122689023.jpg\" alt=\"Realme\u00a0x50 Smartphone\" width=\"2280\" height=\"1202\" \/><\/p>\n<\/div>\n<div class=\"detailmodule_text-image\" style=\"text-align: center\" align=\"start\">\n<div><img loading=\"lazy\" decoding=\"async\" class=\"aligncenter\" src=\"https:\/\/www.rucashk.com\/wp-content\/uploads\/2021\/08\/1594122735145.jpg\" alt=\"Realme\u00a0x50 Smartphone\" width=\"2280\" height=\"1332\" \/><\/div>\n<div><\/div>\n<\/div>\n<div style=\"text-align: center\">Rucas, distribuidor l\u00edder de xiaomi en Hong Kong.<br \/>\nCentr\u00e1ndose en productos de accesorios ecol\u00f3gicos de una marca de China, como Amazfit, Haylou, Ninebot, Roborock, Dreame, Imilab, 70Mai, Deerma. Mantenemos cientos de SKU de Xiaomi con stock en el almac\u00e9n de HK y Shenzhen de manera estable para lograr el menor plazo de entrega.<\/div>\n<\/div>\n<div style=\"text-align: center\"><\/div>","protected":false},"excerpt":{"rendered":"<ul>\n<li>Procesador: Snapdragon 765G<\/li>\n<li>Pantalla: 6,57 pulgadas, 120Hz<\/li>\n<li>SO: Realme UI (basado en Android 10)<\/li>\n<li>RAM+ROM: 6 GB de RAM + 128 GB de ROM y 8 GB de RAM + 128 GB de ROM<\/li>\n<li>C\u00e1mara: c\u00e1mara cu\u00e1druple de 48MP+8MP+8MP+2MP, c\u00e1mara selfie dual en pantalla de 16MP+2MP<\/li>\n<li>Bater\u00eda: 4200 mAh (t\u00edpica)<\/li>\n<li>Huella digital: Huella digital lateral<\/li>\n<\/ul>","protected":false},"featured_media":25637,"template":"","meta":[],"product_brand":[],"product_cat":[1295,1301],"product_tag":[],"class_list":{"0":"post-25495","1":"product","2":"type-product","3":"status-publish","4":"has-post-thumbnail","6":"product_cat-mobile-phone","7":"product_cat-realme-mobile-phone","9":"first","10":"instock","11":"shipping-taxable","12":"product-type-simple"},"aioseo_notices":[],"aioseo_head":"\n\t\t<!-- All in One SEO Pro 4.5.9.2 - aioseo.com -->\n\t\t<meta name=\"description\" content=\"CPU: Snapdragon 765G Screen: 6.57 inch, 120Hz OS: Realme UI (Based on Android 10) RAM+ROM: 6GB RAM +128GB ROM &amp; 8GB RAM +128GB ROM Camera\uff1a48MP+8MP+8MP+2MP Quad Camera, 16MP+2MP Dual In-display Selfie Camera Battery: 4200mAh(typ) Fingerprint: Side Fingerprint\" \/>\n\t\t<meta name=\"robots\" content=\"max-image-preview:large\" \/>\n\t\t<link rel=\"canonical\" href=\"https:\/\/www.rucashk.com\/es\/producto\/realme-x50-smartphone\/\" \/>\n\t\t<meta name=\"generator\" content=\"All in One SEO Pro (AIOSEO) 4.5.9.2\" \/>\n\t\t<meta property=\"og:locale\" content=\"es_ES\" \/>\n\t\t<meta property=\"og:site_name\" content=\"Rucas - One-stop AIoT Distribution Worldwide\" \/>\n\t\t<meta property=\"og:type\" content=\"article\" \/>\n\t\t<meta property=\"og:title\" content=\"Realme x50 Smartphone - Rucas - Wholesale and Distribution\" \/>\n\t\t<meta property=\"og:description\" content=\"CPU: Snapdragon 765G Screen: 6.57 inch, 120Hz OS: Realme UI (Based on Android 10) RAM+ROM: 6GB RAM +128GB ROM &amp; 8GB RAM +128GB ROM Camera\uff1a48MP+8MP+8MP+2MP Quad Camera, 16MP+2MP Dual In-display Selfie Camera Battery: 4200mAh(typ) Fingerprint: Side Fingerprint\" \/>\n\t\t<meta property=\"og:url\" content=\"https:\/\/www.rucashk.com\/es\/producto\/realme-x50-smartphone\/\" \/>\n\t\t<meta property=\"og:image\" content=\"https:\/\/www.rucashk.com\/wp-content\/uploads\/replace\/503b8e645f128a97ccde2b6290747646.jpeg\" \/>\n\t\t<meta property=\"og:image:secure_url\" content=\"https:\/\/www.rucashk.com\/wp-content\/uploads\/replace\/503b8e645f128a97ccde2b6290747646.jpeg\" \/>\n\t\t<meta property=\"og:image:width\" content=\"1456\" \/>\n\t\t<meta property=\"og:image:height\" content=\"816\" \/>\n\t\t<meta property=\"article:published_time\" content=\"2024-01-09T16:17:51+00:00\" \/>\n\t\t<meta property=\"article:modified_time\" content=\"2024-01-23T10:04:17+00:00\" \/>\n\t\t<meta name=\"twitter:card\" content=\"summary_large_image\" \/>\n\t\t<meta name=\"twitter:title\" content=\"Realme x50 Smartphone - Rucas - Wholesale and Distribution\" \/>\n\t\t<meta name=\"twitter:description\" content=\"CPU: Snapdragon 765G Screen: 6.57 inch, 120Hz OS: Realme UI (Based on Android 10) RAM+ROM: 6GB RAM +128GB ROM &amp; 8GB RAM +128GB ROM Camera\uff1a48MP+8MP+8MP+2MP Quad Camera, 16MP+2MP Dual In-display Selfie Camera Battery: 4200mAh(typ) Fingerprint: Side Fingerprint\" \/>\n\t\t<meta name=\"twitter:image\" content=\"https:\/\/www.rucashk.com\/wp-content\/uploads\/replace\/503b8e645f128a97ccde2b6290747646.jpeg\" \/>\n\t\t<script type=\"application\/ld+json\" class=\"aioseo-schema\">\n\t\t\t{\"@context\":\"https:\\\/\\\/schema.org\",\"@graph\":[{\"@type\":\"BreadcrumbList\",\"@id\":\"https:\\\/\\\/www.rucashk.com\\\/es\\\/producto\\\/realme-x50-smartphone\\\/#breadcrumblist\",\"itemListElement\":[{\"@type\":\"ListItem\",\"@id\":\"https:\\\/\\\/www.rucashk.com\\\/es\\\/#listItem\",\"position\":1,\"name\":\"Home\",\"item\":\"https:\\\/\\\/www.rucashk.com\\\/es\\\/\",\"nextItem\":\"https:\\\/\\\/www.rucashk.com\\\/es\\\/producto\\\/realme-x50-smartphone\\\/#listItem\"},{\"@type\":\"ListItem\",\"@id\":\"https:\\\/\\\/www.rucashk.com\\\/es\\\/producto\\\/realme-x50-smartphone\\\/#listItem\",\"position\":2,\"name\":\"Realme\\u00a0x50 Smartphone\",\"previousItem\":\"https:\\\/\\\/www.rucashk.com\\\/es\\\/#listItem\"}]},{\"@type\":\"Organization\",\"@id\":\"https:\\\/\\\/www.rucashk.com\\\/es\\\/#organization\",\"name\":\"Rucas\",\"url\":\"https:\\\/\\\/www.rucashk.com\\\/es\\\/\",\"logo\":{\"@type\":\"ImageObject\",\"url\":\"https:\\\/\\\/www.rucashk.com\\\/wp-content\\\/uploads\\\/2023\\\/12\\\/Rucas_campany_logo.png\",\"@id\":\"https:\\\/\\\/www.rucashk.com\\\/es\\\/producto\\\/realme-x50-smartphone\\\/#organizationLogo\",\"width\":221,\"height\":65},\"image\":{\"@id\":\"https:\\\/\\\/www.rucashk.com\\\/es\\\/#organizationLogo\"}},{\"@type\":\"Person\",\"@id\":\"https:\\\/\\\/www.rucashk.com\\\/es\\\/author\\\/admin\\\/#author\",\"url\":\"https:\\\/\\\/www.rucashk.com\\\/es\\\/author\\\/admin\\\/\",\"name\":\"admin\",\"image\":{\"@type\":\"ImageObject\",\"@id\":\"https:\\\/\\\/www.rucashk.com\\\/es\\\/producto\\\/realme-x50-smartphone\\\/#authorImage\",\"url\":\"https:\\\/\\\/secure.gravatar.com\\\/avatar\\\/b7c8925b09a27e72b30232f8ecaadbd5af0f70a38c78096863fe51b64f031c24?s=96&d=mm&r=g\",\"width\":96,\"height\":96,\"caption\":\"admin\"}},{\"@type\":\"WebPage\",\"@id\":\"https:\\\/\\\/www.rucashk.com\\\/es\\\/producto\\\/realme-x50-smartphone\\\/#webpage\",\"url\":\"https:\\\/\\\/www.rucashk.com\\\/es\\\/producto\\\/realme-x50-smartphone\\\/\",\"name\":\"Realme x50 Smartphone - Rucas - Wholesale and Distribution\",\"description\":\"CPU: Snapdragon 765G Screen: 6.57 inch, 120Hz OS: Realme UI (Based on Android 10) RAM+ROM: 6GB RAM +128GB ROM & 8GB RAM +128GB ROM Camera\\uff1a48MP+8MP+8MP+2MP Quad Camera, 16MP+2MP Dual In-display Selfie Camera Battery: 4200mAh(typ) Fingerprint: Side Fingerprint\",\"inLanguage\":\"es-ES\",\"isPartOf\":{\"@id\":\"https:\\\/\\\/www.rucashk.com\\\/es\\\/#website\"},\"breadcrumb\":{\"@id\":\"https:\\\/\\\/www.rucashk.com\\\/es\\\/producto\\\/realme-x50-smartphone\\\/#breadcrumblist\"},\"author\":{\"@id\":\"https:\\\/\\\/www.rucashk.com\\\/es\\\/author\\\/admin\\\/#author\"},\"creator\":{\"@id\":\"https:\\\/\\\/www.rucashk.com\\\/es\\\/author\\\/admin\\\/#author\"},\"image\":{\"@type\":\"ImageObject\",\"url\":\"https:\\\/\\\/www.rucashk.com\\\/wp-content\\\/uploads\\\/2024\\\/01\\\/realme-x50-4.jpg\",\"@id\":\"https:\\\/\\\/www.rucashk.com\\\/es\\\/producto\\\/realme-x50-smartphone\\\/#mainImage\",\"width\":800,\"height\":800},\"primaryImageOfPage\":{\"@id\":\"https:\\\/\\\/www.rucashk.com\\\/es\\\/producto\\\/realme-x50-smartphone\\\/#mainImage\"},\"datePublished\":\"2024-01-09T16:17:51+00:00\",\"dateModified\":\"2024-01-23T10:04:17+00:00\"},{\"@type\":\"WebSite\",\"@id\":\"https:\\\/\\\/www.rucashk.com\\\/es\\\/#website\",\"url\":\"https:\\\/\\\/www.rucashk.com\\\/es\\\/\",\"name\":\"Rucas - Wholesale and distribution worldwide\",\"alternateName\":\"Rucas - One-stop AIoT Distribution Worldwide\",\"description\":\"One-stop AIoT Distribution Worldwide\",\"inLanguage\":\"es-ES\",\"publisher\":{\"@id\":\"https:\\\/\\\/www.rucashk.com\\\/es\\\/#organization\"}}]}\n\t\t<\/script>\n\t\t<!-- All in One SEO Pro -->\r\n\t\t<title>Realme x50 Smartphone - Rucas - Wholesale and Distribution<\/title>\n\n","aioseo_head_json":{"title":"Realme x50 Smartphone - Rucas - Wholesale and Distribution","description":"CPU: Snapdragon 765G Screen: 6.57 inch, 120Hz OS: Realme UI (Based on Android 10) RAM+ROM: 6GB RAM +128GB ROM & 8GB RAM +128GB ROM Camera\uff1a48MP+8MP+8MP+2MP Quad Camera, 16MP+2MP Dual In-display Selfie Camera Battery: 4200mAh(typ) Fingerprint: Side Fingerprint","canonical_url":"https:\/\/www.rucashk.com\/es\/producto\/realme-x50-smartphone\/","robots":"max-image-preview:large","keywords":"","webmasterTools":{"miscellaneous":""},"og:locale":"es_ES","og:site_name":"Rucas - One-stop AIoT Distribution Worldwide","og:type":"article","og:title":"Realme x50 Smartphone - Rucas - Wholesale and Distribution","og:description":"CPU: Snapdragon 765G Screen: 6.57 inch, 120Hz OS: Realme UI (Based on Android 10) RAM+ROM: 6GB RAM +128GB ROM &amp; 8GB RAM +128GB ROM Camera\uff1a48MP+8MP+8MP+2MP Quad Camera, 16MP+2MP Dual In-display Selfie Camera Battery: 4200mAh(typ) Fingerprint: Side Fingerprint","og:url":"https:\/\/www.rucashk.com\/es\/producto\/realme-x50-smartphone\/","og:image":"https:\/\/www.rucashk.com\/wp-content\/uploads\/replace\/503b8e645f128a97ccde2b6290747646.jpeg","og:image:secure_url":"https:\/\/www.rucashk.com\/wp-content\/uploads\/replace\/503b8e645f128a97ccde2b6290747646.jpeg","og:image:width":1456,"og:image:height":816,"article:published_time":"2024-01-09T16:17:51+00:00","article:modified_time":"2024-01-23T10:04:17+00:00","twitter:card":"summary_large_image","twitter:title":"Realme x50 Smartphone - Rucas - Wholesale and Distribution","twitter:description":"CPU: Snapdragon 765G Screen: 6.57 inch, 120Hz OS: Realme UI (Based on Android 10) RAM+ROM: 6GB RAM +128GB ROM &amp; 8GB RAM +128GB ROM Camera\uff1a48MP+8MP+8MP+2MP Quad Camera, 16MP+2MP Dual In-display Selfie Camera Battery: 4200mAh(typ) Fingerprint: Side Fingerprint","twitter:image":"https:\/\/www.rucashk.com\/wp-content\/uploads\/replace\/503b8e645f128a97ccde2b6290747646.jpeg","schema":{"@context":"https:\/\/schema.org","@graph":[{"@type":"BreadcrumbList","@id":"https:\/\/www.rucashk.com\/es\/producto\/realme-x50-smartphone\/#breadcrumblist","itemListElement":[{"@type":"ListItem","@id":"https:\/\/www.rucashk.com\/es\/#listItem","position":1,"name":"Home","item":"https:\/\/www.rucashk.com\/es\/","nextItem":"https:\/\/www.rucashk.com\/es\/producto\/realme-x50-smartphone\/#listItem"},{"@type":"ListItem","@id":"https:\/\/www.rucashk.com\/es\/producto\/realme-x50-smartphone\/#listItem","position":2,"name":"Realme\u00a0x50 Smartphone","previousItem":"https:\/\/www.rucashk.com\/es\/#listItem"}]},{"@type":"Organization","@id":"https:\/\/www.rucashk.com\/es\/#organization","name":"Rucas","url":"https:\/\/www.rucashk.com\/es\/","logo":{"@type":"ImageObject","url":"https:\/\/www.rucashk.com\/wp-content\/uploads\/2023\/12\/Rucas_campany_logo.png","@id":"https:\/\/www.rucashk.com\/es\/producto\/realme-x50-smartphone\/#organizationLogo","width":221,"height":65},"image":{"@id":"https:\/\/www.rucashk.com\/es\/#organizationLogo"}},{"@type":"Person","@id":"https:\/\/www.rucashk.com\/es\/author\/admin\/#author","url":"https:\/\/www.rucashk.com\/es\/author\/admin\/","name":"admin","image":{"@type":"ImageObject","@id":"https:\/\/www.rucashk.com\/es\/producto\/realme-x50-smartphone\/#authorImage","url":"https:\/\/secure.gravatar.com\/avatar\/b7c8925b09a27e72b30232f8ecaadbd5af0f70a38c78096863fe51b64f031c24?s=96&d=mm&r=g","width":96,"height":96,"caption":"admin"}},{"@type":"WebPage","@id":"https:\/\/www.rucashk.com\/es\/producto\/realme-x50-smartphone\/#webpage","url":"https:\/\/www.rucashk.com\/es\/producto\/realme-x50-smartphone\/","name":"Realme x50 Smartphone - Rucas - Wholesale and Distribution","description":"CPU: Snapdragon 765G Screen: 6.57 inch, 120Hz OS: Realme UI (Based on Android 10) RAM+ROM: 6GB RAM +128GB ROM & 8GB RAM +128GB ROM Camera\uff1a48MP+8MP+8MP+2MP Quad Camera, 16MP+2MP Dual In-display Selfie Camera Battery: 4200mAh(typ) Fingerprint: Side Fingerprint","inLanguage":"es-ES","isPartOf":{"@id":"https:\/\/www.rucashk.com\/es\/#website"},"breadcrumb":{"@id":"https:\/\/www.rucashk.com\/es\/producto\/realme-x50-smartphone\/#breadcrumblist"},"author":{"@id":"https:\/\/www.rucashk.com\/es\/author\/admin\/#author"},"creator":{"@id":"https:\/\/www.rucashk.com\/es\/author\/admin\/#author"},"image":{"@type":"ImageObject","url":"https:\/\/www.rucashk.com\/wp-content\/uploads\/2024\/01\/realme-x50-4.jpg","@id":"https:\/\/www.rucashk.com\/es\/producto\/realme-x50-smartphone\/#mainImage","width":800,"height":800},"primaryImageOfPage":{"@id":"https:\/\/www.rucashk.com\/es\/producto\/realme-x50-smartphone\/#mainImage"},"datePublished":"2024-01-09T16:17:51+00:00","dateModified":"2024-01-23T10:04:17+00:00"},{"@type":"WebSite","@id":"https:\/\/www.rucashk.com\/es\/#website","url":"https:\/\/www.rucashk.com\/es\/","name":"Rucas - Wholesale and distribution worldwide","alternateName":"Rucas - One-stop AIoT Distribution Worldwide","description":"One-stop AIoT Distribution Worldwide","inLanguage":"es-ES","publisher":{"@id":"https:\/\/www.rucashk.com\/es\/#organization"}}]}},"aioseo_meta_data":{"post_id":"25495","title":null,"description":null,"keywords":null,"keyphrases":null,"primary_term":null,"canonical_url":null,"og_title":null,"og_description":null,"og_object_type":"default","og_image_type":"default","og_image_url":null,"og_image_width":null,"og_image_height":null,"og_image_custom_url":null,"og_image_custom_fields":null,"og_video":null,"og_custom_url":null,"og_article_section":null,"og_article_tags":null,"twitter_use_og":false,"twitter_card":"default","twitter_image_type":"default","twitter_image_url":null,"twitter_image_custom_url":null,"twitter_image_custom_fields":null,"twitter_title":null,"twitter_description":null,"schema":{"blockGraphs":[],"customGraphs":[],"default":{"data":{"Article":[],"Course":[],"Dataset":[],"FAQPage":[],"Movie":[],"Person":[],"Product":[],"Recipe":[],"Service":[],"SoftwareApplication":[],"WebPage":[]},"graphName":"","isEnabled":true},"graphs":[]},"schema_type":"default","schema_type_options":null,"pillar_content":false,"robots_default":true,"robots_noindex":false,"robots_noarchive":false,"robots_nosnippet":false,"robots_nofollow":false,"robots_noimageindex":false,"robots_noodp":false,"robots_notranslate":false,"robots_max_snippet":null,"robots_max_videopreview":null,"robots_max_imagepreview":"large","priority":null,"frequency":null,"local_seo":null,"breadcrumb_settings":null,"limit_modified_date":false,"created":"2024-04-11 01:57:18","updated":"2025-06-22 17:56:13"},"aioseo_breadcrumb":"<div class=\"aioseo-breadcrumbs\"><span class=\"aioseo-breadcrumb\">\n\t<a href=\"https:\/\/www.rucashk.com\/es\" title=\"Home\">Home<\/a>\n<\/span><span class=\"aioseo-breadcrumb-separator\">&raquo;<\/span><span class=\"aioseo-breadcrumb\">\n\t<a href=\"https:\/\/www.rucashk.com\/es\/products\/\" title=\"Productos\">Productos<\/a>\n<\/span><span class=\"aioseo-breadcrumb-separator\">&raquo;<\/span><span class=\"aioseo-breadcrumb\">\n\t<a href=\"https:\/\/www.rucashk.com\/es\/categoria-producto\/mobile-phone\/\" title=\"Mobile Phone\">Mobile Phone<\/a>\n<\/span><span class=\"aioseo-breadcrumb-separator\">&raquo;<\/span><span class=\"aioseo-breadcrumb\">\n\t<a href=\"https:\/\/www.rucashk.com\/es\/categoria-producto\/mobile-phone\/realme-mobile-phone\/\" title=\"Realme\">Realme<\/a>\n<\/span><span class=\"aioseo-breadcrumb-separator\">&raquo;<\/span><span class=\"aioseo-breadcrumb\">\n\tRealme\u00a0x50 Smartphone\n<\/span><\/div>","aioseo_breadcrumb_json":[{"label":"Home","link":"https:\/\/www.rucashk.com\/es"},{"label":"Productos","link":"https:\/\/www.rucashk.com\/es\/products\/"},{"label":"Mobile Phone","link":"https:\/\/www.rucashk.com\/es\/categoria-producto\/mobile-phone\/"},{"label":"Realme","link":"https:\/\/www.rucashk.com\/es\/categoria-producto\/mobile-phone\/realme-mobile-phone\/"},{"label":"Realme\u00a0x50 Smartphone","link":"https:\/\/www.rucashk.com\/es\/producto\/realme-x50-smartphone\/"}],"_links":{"self":[{"href":"https:\/\/www.rucashk.com\/es\/wp-json\/wp\/v2\/product\/25495","targetHints":{"allow":["GET"]}}],"collection":[{"href":"https:\/\/www.rucashk.com\/es\/wp-json\/wp\/v2\/product"}],"about":[{"href":"https:\/\/www.rucashk.com\/es\/wp-json\/wp\/v2\/types\/product"}],"wp:featuredmedia":[{"embeddable":true,"href":"https:\/\/www.rucashk.com\/es\/wp-json\/wp\/v2\/media\/25637"}],"wp:attachment":[{"href":"https:\/\/www.rucashk.com\/es\/wp-json\/wp\/v2\/media?parent=25495"}],"wp:term":[{"taxonomy":"product_brand","embeddable":true,"href":"https:\/\/www.rucashk.com\/es\/wp-json\/wp\/v2\/product_brand?post=25495"},{"taxonomy":"product_cat","embeddable":true,"href":"https:\/\/www.rucashk.com\/es\/wp-json\/wp\/v2\/product_cat?post=25495"},{"taxonomy":"product_tag","embeddable":true,"href":"https:\/\/www.rucashk.com\/es\/wp-json\/wp\/v2\/product_tag?post=25495"}],"curies":[{"name":"wp","href":"https:\/\/api.w.org\/{rel}","templated":true}]}}