{"id":25453,"date":"2024-01-09T16:17:27","date_gmt":"2024-01-09T16:17:27","guid":{"rendered":"http:\/\/rucashk.com\/?post_type=product&#038;p=25453"},"modified":"2025-06-22T07:36:23","modified_gmt":"2025-06-22T07:36:23","slug":"mi-11-lite-5g-smartphone","status":"publish","type":"product","link":"https:\/\/www.rucashk.com\/es\/producto\/mi-11-lite-5g-smartphone\/","title":{"rendered":"Tel\u00e9fono inteligente Mi 11 Lite 5G"},"content":{"rendered":"<p><img fetchpriority=\"high\" decoding=\"async\" class=\"aligncenter\" src=\"https:\/\/www.rucashk.com\/wp-content\/uploads\/2021\/08\/H5accc27863b7487f870240515efdd44fo.jpg\" alt=\"Mi 11 Lite Smartphone\" width=\"3762\" height=\"1617\" \/><img decoding=\"async\" class=\"aligncenter\" src=\"https:\/\/www.rucashk.com\/wp-content\/uploads\/2021\/08\/Hbe74e766a32e4b4a8c381799ccb29c27a.jpg\" alt=\"Mi 11 Lite Smartphone\" width=\"3768\" height=\"1613\" \/><img decoding=\"async\" class=\"aligncenter\" src=\"https:\/\/www.rucashk.com\/wp-content\/uploads\/2021\/08\/H797e6239e21243f7bd24ddf995cb6c26t.jpg\" alt=\"Mi 11 Lite Smartphone\" width=\"3760\" height=\"825\" \/><img loading=\"lazy\" decoding=\"async\" class=\"aligncenter\" src=\"https:\/\/www.rucashk.com\/wp-content\/uploads\/2021\/08\/H24cceb06b6b5452681b24238b7e32dc0e.jpg\" alt=\"Mi 11 Lite Smartphone\" width=\"3770\" height=\"1271\" \/><img loading=\"lazy\" decoding=\"async\" class=\"aligncenter\" src=\"https:\/\/www.rucashk.com\/wp-content\/uploads\/2021\/08\/H66f20256e4cf4ad98c91222e809a4714Q.jpg\" alt=\"Mi 11 Lite Smartphone\" width=\"3762\" height=\"1387\" \/><img loading=\"lazy\" decoding=\"async\" class=\"aligncenter\" src=\"https:\/\/www.rucashk.com\/wp-content\/uploads\/2021\/08\/H45107358ca5a41668ffcb901113405ebs.jpg\" alt=\"Mi 11 Lite Smartphone\" width=\"3764\" height=\"1132\" \/><img loading=\"lazy\" decoding=\"async\" class=\"aligncenter\" src=\"https:\/\/www.rucashk.com\/wp-content\/uploads\/2021\/08\/H271c3f86176e470f887f94a8b7d841f9u.jpg\" alt=\"Mi 11 Lite Smartphone\" width=\"2560\" height=\"1201\" \/><img loading=\"lazy\" decoding=\"async\" class=\"aligncenter\" src=\"https:\/\/www.rucashk.com\/wp-content\/uploads\/2021\/08\/H28dcfd6e31d449d4b942c1937a8af890u.jpg\" alt=\"Mi 11 Lite Smartphone\" width=\"2560\" height=\"1201\" \/><img loading=\"lazy\" decoding=\"async\" class=\"aligncenter\" src=\"https:\/\/www.rucashk.com\/wp-content\/uploads\/2021\/08\/H876de9a068e44a579d4ae632e69bdb0fH.jpg\" alt=\"Mi 11 Lite Smartphone\" width=\"2560\" height=\"1201\" \/><img loading=\"lazy\" decoding=\"async\" class=\"aligncenter\" src=\"https:\/\/www.rucashk.com\/wp-content\/uploads\/2021\/08\/He6eef084210d4562aceeb54800b030d16.jpg\" alt=\"Mi 11 Lite Smartphone\" width=\"3766\" height=\"1643\" \/><img loading=\"lazy\" decoding=\"async\" class=\"aligncenter\" src=\"https:\/\/www.rucashk.com\/wp-content\/uploads\/2021\/08\/H50b9e7801c544eb08e97354ea4d4db208.jpg\" alt=\"Mi 11 Lite Smartphone\" width=\"1560\" height=\"1100\" \/><img loading=\"lazy\" decoding=\"async\" class=\"aligncenter\" src=\"https:\/\/www.rucashk.com\/wp-content\/uploads\/2021\/08\/H453c51eb06be4d5e8841b3fe7f395455o.jpg\" alt=\"Mi 11 Lite Smartphone\" width=\"1560\" height=\"1100\" \/><img loading=\"lazy\" decoding=\"async\" class=\"aligncenter\" src=\"https:\/\/www.rucashk.com\/wp-content\/uploads\/2021\/08\/H1a35b22c61a04ac9b41bac1b0c1e684dF.jpg\" alt=\"Mi 11 Lite Smartphone\" width=\"1560\" height=\"1100\" \/><img loading=\"lazy\" decoding=\"async\" class=\"aligncenter\" src=\"https:\/\/www.rucashk.com\/wp-content\/uploads\/2021\/08\/He6166634470149728602fabc77df58b6c.jpg\" alt=\"Mi 11 Lite Smartphone\" width=\"3768\" height=\"1655\" \/><img loading=\"lazy\" decoding=\"async\" class=\"aligncenter\" src=\"https:\/\/www.rucashk.com\/wp-content\/uploads\/2021\/08\/H281120e581d543ab90190e7edf64388aY.jpg\" alt=\"Mi 11 Lite Smartphone\" width=\"3774\" height=\"1595\" \/><img loading=\"lazy\" decoding=\"async\" class=\"aligncenter\" src=\"https:\/\/www.rucashk.com\/wp-content\/uploads\/2021\/08\/H4ce7c139bf0d4092ba407a9ef1c2ee01y.jpg\" alt=\"Mi 11 Lite Smartphone\" width=\"3782\" height=\"1639\" \/><img loading=\"lazy\" decoding=\"async\" class=\"aligncenter\" src=\"https:\/\/www.rucashk.com\/wp-content\/uploads\/2021\/08\/H1f9d33f42557411bbca6de5b6e68d3a6R.jpg\" alt=\"Mi 11 Lite Smartphone\" width=\"3772\" height=\"1235\" \/><img loading=\"lazy\" decoding=\"async\" class=\"aligncenter\" src=\"https:\/\/www.rucashk.com\/wp-content\/uploads\/2021\/08\/H5f714e29223b4ed18241c9b4e31c30b0l.jpg\" alt=\"Mi 11 Lite Smartphone\" width=\"3770\" height=\"1568\" \/><img loading=\"lazy\" decoding=\"async\" class=\"aligncenter\" src=\"https:\/\/www.rucashk.com\/wp-content\/uploads\/2021\/08\/H4aa70801637b42638e8f7b0efb9427310.jpg\" alt=\"Mi 11 Lite Smartphone\" width=\"1900\" height=\"800\" \/><img loading=\"lazy\" decoding=\"async\" class=\"aligncenter\" src=\"https:\/\/www.rucashk.com\/wp-content\/uploads\/2021\/08\/H0fa3ec4a53c24ccbabfd73c03b771476i.jpg\" alt=\"Mi 11 Lite Smartphone\" width=\"1152\" height=\"800\" \/><img loading=\"lazy\" decoding=\"async\" class=\"aligncenter\" src=\"https:\/\/www.rucashk.com\/wp-content\/uploads\/2021\/08\/He17ec2c8333a49acb726b2898fa7189b8.jpg\" alt=\"Mi 11 Lite Smartphone\" width=\"3768\" height=\"649\" \/><\/p>\n<p>&nbsp;<\/p>\n<div class=\"detailmodule_media\">\n<div class=\"video-container-317628908387 video-container-detail\" data-aplus-ae=\"x9_60ad4520\" data-spm-anchor-id=\"a2g0o.detail.1000023.i0.2f0c37f3L1tjW7\"><img loading=\"lazy\" decoding=\"async\" id=\"poster\" class=\"aligncenter\" src=\"https:\/\/www.rucashk.com\/wp-content\/uploads\/2021\/08\/O1CN01KbVOng1GurCl8lHhb_6000000000683-0-tbvideo.jpg\" alt=\"Mi 11 Lite Smartphone\" width=\"1900\" height=\"800\" \/><\/div>\n<\/div>\n<p><img loading=\"lazy\" decoding=\"async\" class=\"aligncenter\" src=\"https:\/\/www.rucashk.com\/wp-content\/uploads\/2021\/08\/H34c96e1b391742f484afe039f7f79e13Q.jpg\" alt=\"Mi 11 Lite Smartphone\" width=\"3770\" height=\"1492\" \/><img loading=\"lazy\" decoding=\"async\" class=\"aligncenter\" src=\"https:\/\/www.rucashk.com\/wp-content\/uploads\/2021\/08\/Hda45784a3c8e4a7a95b3c315061b5df04.jpg\" alt=\"Mi 11 Lite Smartphone\" width=\"950\" height=\"900\" \/><img loading=\"lazy\" decoding=\"async\" class=\"aligncenter\" src=\"https:\/\/www.rucashk.com\/wp-content\/uploads\/2021\/08\/H9b535866569641569d77c19f5adf9eb2w.jpg\" alt=\"Mi 11 Lite Smartphone\" width=\"950\" height=\"900\" \/><img loading=\"lazy\" decoding=\"async\" class=\"aligncenter\" src=\"https:\/\/www.rucashk.com\/wp-content\/uploads\/2021\/08\/H00e4ab73314b481fa6d0693181dd6f07v.jpg\" alt=\"Mi 11 Lite Smartphone\" width=\"3764\" height=\"1643\" \/><img loading=\"lazy\" decoding=\"async\" class=\"aligncenter\" src=\"https:\/\/www.rucashk.com\/wp-content\/uploads\/2021\/08\/Hf2a6c0ae79904c6e8af6d0ab66663b202.jpg\" alt=\"Mi 11 Lite Smartphone\" width=\"3768\" height=\"590\" \/><img loading=\"lazy\" decoding=\"async\" class=\"aligncenter\" src=\"https:\/\/www.rucashk.com\/wp-content\/uploads\/2021\/08\/H2a2083f911ab4ad189682eb8d99ca225a.jpg\" alt=\"Mi 11 Lite Smartphone\" width=\"3764\" height=\"718\" \/><img loading=\"lazy\" decoding=\"async\" class=\"aligncenter\" src=\"https:\/\/www.rucashk.com\/wp-content\/uploads\/2021\/08\/H4aa7ffae17a346428f77026ce30057a0k.jpg\" alt=\"Mi 11 Lite Smartphone\" width=\"3766\" height=\"1352\" \/><img loading=\"lazy\" decoding=\"async\" class=\"aligncenter\" src=\"https:\/\/www.rucashk.com\/wp-content\/uploads\/2021\/08\/Ha2773b50e04840fc9f8160e3e1c350866.png\" alt=\"Mi 11 Lite Smartphone\" width=\"1904\" height=\"677\" \/><\/p>\n<p style=\"text-align: center\">Rucas, distribuidor l\u00edder de xiaomi en Hong Kong.<br \/>\nCentr\u00e1ndose en productos de accesorios ecol\u00f3gicos de una marca de China, como Amazfit, Haylou, Ninebot, Roborock, Dreame, Imilab, 70Mai, Deerma. Mantenemos cientos de SKU de Xiaomi con stock en el almac\u00e9n de HK y Shenzhen de manera estable para lograr el menor plazo de entrega.<\/p>","protected":false},"excerpt":{"rendered":"<ul>\n<li>CPU: Procesador Qualcomm Snapdragon\u2122 732G Octa Core<\/li>\n<li>Screen: 6.55\u201c AMOLED DotDisplay,\u00a02400&#215;1080 FHD+402 ppi<\/li>\n<li>SO: versi\u00f3n global, MIUI12, compatible con actualizaci\u00f3n OTA y varios idiomas<\/li>\n<li>RAM+ROM: 6GB + 128GB<\/li>\n<li>C\u00e1mara: c\u00e1mara trasera triple de 64MP+8MP+5MP, c\u00e1mara frontal de 16MP<\/li>\n<li>Bater\u00eda: 4250 mAh (t\u00edpica), admite carga r\u00e1pida de 33 W<\/li>\n<li>Otros: IR Blaster, Bluetooth 5.1, GPS, frecuencia de actualizaci\u00f3n de pantalla de 90 Hz, NFC<\/li>\n<li>Red: Netcom completo, doble SIM y doble modo de espera<\/li>\n<li>2G: GSM: 2\/3\/5\/8<\/li>\n<li>3G:WCDMA: 1\/2\/4\/5\/8<\/li>\n<li>4G:: FDD-LTE: B1 \/ B2 \/ B3 \/ B4 \/ B5 \/ B7 \/ B8 \/ B12 \/ B17 \/ B20 \/ B28 \/ B32 \/ B66<\/li>\n<li>TDD-LTE: B38 \/ B40 \/ B41 (120MHz)<\/li>\n<\/ul>","protected":false},"featured_media":25598,"template":"","meta":[],"product_brand":[1363],"product_cat":[1295,1296],"product_tag":[],"class_list":{"0":"post-25453","1":"product","2":"type-product","3":"status-publish","4":"has-post-thumbnail","6":"product_brand-xiaomi","7":"product_cat-mobile-phone","8":"product_cat-xiaomi-mobile-phone","10":"first","11":"instock","12":"shipping-taxable","13":"product-type-simple"},"aioseo_notices":[],"aioseo_head":"\n\t\t<!-- All in One SEO Pro 4.5.9.2 - aioseo.com -->\n\t\t<meta name=\"description\" content=\"CPU: Qualcomm Snapdragon\u2122 732G Octa Core Processor Screen: 6.55\u201c AMOLED DotDisplay, 2400x1080 FHD+402 ppi OS: Global Version , MIUI12, Support OTA Update and Multi-Languages RAM+ROM: 6GB + 128GB Camera: 64MP+8MP+5MP Triple Rear Camera, 16MP Front Camera Battery: 4250mAh(typ) ,Supports 33W fast charging Other: IR Blaster, Bluetooth 5.1, GPS, 90Hz Screen refresh rate, NFC Network: Full Netcom, Dual SIM Dual Standby 2G:GSM: 2\/3\/5\/8 3G:WCDMA: 1\/2\/4\/5\/8 4G:\uff1aFDD-LTE \uff1aB1 \/ B2 \/ B3 \/ B4 \/ B5 \/ B7 \/ B8 \/ B12 \/ B17 \/ B20 \/ B28 \/ B32 \/ B66 TDD-LTE\uff1aB38 \/ B40 \/ B41 (120MHz)\" \/>\n\t\t<meta name=\"robots\" content=\"max-image-preview:large\" \/>\n\t\t<link rel=\"canonical\" href=\"https:\/\/www.rucashk.com\/es\/producto\/mi-11-lite-5g-smartphone\/\" \/>\n\t\t<meta name=\"generator\" content=\"All in One SEO Pro (AIOSEO) 4.5.9.2\" \/>\n\t\t<meta property=\"og:locale\" content=\"es_ES\" \/>\n\t\t<meta property=\"og:site_name\" content=\"Rucas - One-stop AIoT Distribution Worldwide\" \/>\n\t\t<meta property=\"og:type\" content=\"article\" \/>\n\t\t<meta property=\"og:title\" content=\"Mi 11 Lite 5G Smartphone - Rucas - Wholesale and Distribution\" \/>\n\t\t<meta property=\"og:description\" content=\"CPU: Qualcomm Snapdragon\u2122 732G Octa Core Processor Screen: 6.55\u201c AMOLED DotDisplay, 2400x1080 FHD+402 ppi OS: Global Version , MIUI12, Support OTA Update and Multi-Languages RAM+ROM: 6GB + 128GB Camera: 64MP+8MP+5MP Triple Rear Camera, 16MP Front Camera Battery: 4250mAh(typ) ,Supports 33W fast charging Other: IR Blaster, Bluetooth 5.1, GPS, 90Hz Screen refresh rate, NFC Network: Full Netcom, Dual SIM Dual Standby 2G:GSM: 2\/3\/5\/8 3G:WCDMA: 1\/2\/4\/5\/8 4G:\uff1aFDD-LTE \uff1aB1 \/ B2 \/ B3 \/ B4 \/ B5 \/ B7 \/ B8 \/ B12 \/ B17 \/ B20 \/ B28 \/ B32 \/ B66 TDD-LTE\uff1aB38 \/ B40 \/ B41 (120MHz)\" \/>\n\t\t<meta property=\"og:url\" content=\"https:\/\/www.rucashk.com\/es\/producto\/mi-11-lite-5g-smartphone\/\" \/>\n\t\t<meta property=\"og:image\" content=\"https:\/\/www.rucashk.com\/wp-content\/uploads\/replace\/503b8e645f128a97ccde2b6290747646.jpeg\" \/>\n\t\t<meta property=\"og:image:secure_url\" content=\"https:\/\/www.rucashk.com\/wp-content\/uploads\/replace\/503b8e645f128a97ccde2b6290747646.jpeg\" \/>\n\t\t<meta property=\"og:image:width\" content=\"1456\" \/>\n\t\t<meta property=\"og:image:height\" content=\"816\" \/>\n\t\t<meta property=\"article:published_time\" content=\"2024-01-09T16:17:27+00:00\" \/>\n\t\t<meta property=\"article:modified_time\" content=\"2025-06-22T07:36:23+00:00\" \/>\n\t\t<meta name=\"twitter:card\" content=\"summary_large_image\" \/>\n\t\t<meta name=\"twitter:title\" content=\"Mi 11 Lite 5G Smartphone - Rucas - Wholesale and Distribution\" \/>\n\t\t<meta name=\"twitter:description\" content=\"CPU: Qualcomm Snapdragon\u2122 732G Octa Core Processor Screen: 6.55\u201c AMOLED DotDisplay, 2400x1080 FHD+402 ppi OS: Global Version , MIUI12, Support OTA Update and Multi-Languages RAM+ROM: 6GB + 128GB Camera: 64MP+8MP+5MP Triple Rear Camera, 16MP Front Camera Battery: 4250mAh(typ) ,Supports 33W fast charging Other: IR Blaster, Bluetooth 5.1, GPS, 90Hz Screen refresh rate, NFC Network: Full Netcom, Dual SIM Dual Standby 2G:GSM: 2\/3\/5\/8 3G:WCDMA: 1\/2\/4\/5\/8 4G:\uff1aFDD-LTE \uff1aB1 \/ B2 \/ B3 \/ B4 \/ B5 \/ B7 \/ B8 \/ B12 \/ B17 \/ B20 \/ B28 \/ B32 \/ B66 TDD-LTE\uff1aB38 \/ B40 \/ B41 (120MHz)\" \/>\n\t\t<meta name=\"twitter:image\" content=\"https:\/\/www.rucashk.com\/wp-content\/uploads\/replace\/503b8e645f128a97ccde2b6290747646.jpeg\" \/>\n\t\t<script type=\"application\/ld+json\" class=\"aioseo-schema\">\n\t\t\t{\"@context\":\"https:\\\/\\\/schema.org\",\"@graph\":[{\"@type\":\"BreadcrumbList\",\"@id\":\"https:\\\/\\\/www.rucashk.com\\\/es\\\/producto\\\/mi-11-lite-5g-smartphone\\\/#breadcrumblist\",\"itemListElement\":[{\"@type\":\"ListItem\",\"@id\":\"https:\\\/\\\/www.rucashk.com\\\/es\\\/#listItem\",\"position\":1,\"name\":\"Home\",\"item\":\"https:\\\/\\\/www.rucashk.com\\\/es\\\/\",\"nextItem\":\"https:\\\/\\\/www.rucashk.com\\\/es\\\/producto\\\/mi-11-lite-5g-smartphone\\\/#listItem\"},{\"@type\":\"ListItem\",\"@id\":\"https:\\\/\\\/www.rucashk.com\\\/es\\\/producto\\\/mi-11-lite-5g-smartphone\\\/#listItem\",\"position\":2,\"name\":\"Mi 11 Lite 5G Smartphone\",\"previousItem\":\"https:\\\/\\\/www.rucashk.com\\\/es\\\/#listItem\"}]},{\"@type\":\"Organization\",\"@id\":\"https:\\\/\\\/www.rucashk.com\\\/es\\\/#organization\",\"name\":\"Rucas\",\"url\":\"https:\\\/\\\/www.rucashk.com\\\/es\\\/\",\"logo\":{\"@type\":\"ImageObject\",\"url\":\"https:\\\/\\\/www.rucashk.com\\\/wp-content\\\/uploads\\\/2023\\\/12\\\/Rucas_campany_logo.png\",\"@id\":\"https:\\\/\\\/www.rucashk.com\\\/es\\\/producto\\\/mi-11-lite-5g-smartphone\\\/#organizationLogo\",\"width\":221,\"height\":65},\"image\":{\"@id\":\"https:\\\/\\\/www.rucashk.com\\\/es\\\/#organizationLogo\"}},{\"@type\":\"Person\",\"@id\":\"https:\\\/\\\/www.rucashk.com\\\/es\\\/author\\\/admin\\\/#author\",\"url\":\"https:\\\/\\\/www.rucashk.com\\\/es\\\/author\\\/admin\\\/\",\"name\":\"admin\",\"image\":{\"@type\":\"ImageObject\",\"@id\":\"https:\\\/\\\/www.rucashk.com\\\/es\\\/producto\\\/mi-11-lite-5g-smartphone\\\/#authorImage\",\"url\":\"https:\\\/\\\/secure.gravatar.com\\\/avatar\\\/b7c8925b09a27e72b30232f8ecaadbd5af0f70a38c78096863fe51b64f031c24?s=96&d=mm&r=g\",\"width\":96,\"height\":96,\"caption\":\"admin\"}},{\"@type\":\"WebPage\",\"@id\":\"https:\\\/\\\/www.rucashk.com\\\/es\\\/producto\\\/mi-11-lite-5g-smartphone\\\/#webpage\",\"url\":\"https:\\\/\\\/www.rucashk.com\\\/es\\\/producto\\\/mi-11-lite-5g-smartphone\\\/\",\"name\":\"Mi 11 Lite 5G Smartphone - Rucas - Wholesale and Distribution\",\"description\":\"CPU: Qualcomm Snapdragon\\u2122 732G Octa Core Processor Screen: 6.55\\u201c AMOLED DotDisplay, 2400x1080 FHD+402 ppi OS: Global Version , MIUI12, Support OTA Update and Multi-Languages RAM+ROM: 6GB + 128GB Camera: 64MP+8MP+5MP Triple Rear Camera, 16MP Front Camera Battery: 4250mAh(typ) ,Supports 33W fast charging Other: IR Blaster, Bluetooth 5.1, GPS, 90Hz Screen refresh rate, NFC Network: Full Netcom, Dual SIM Dual Standby 2G:GSM: 2\\\/3\\\/5\\\/8 3G:WCDMA: 1\\\/2\\\/4\\\/5\\\/8 4G:\\uff1aFDD-LTE \\uff1aB1 \\\/ B2 \\\/ B3 \\\/ B4 \\\/ B5 \\\/ B7 \\\/ B8 \\\/ B12 \\\/ B17 \\\/ B20 \\\/ B28 \\\/ B32 \\\/ B66 TDD-LTE\\uff1aB38 \\\/ B40 \\\/ B41 (120MHz)\",\"inLanguage\":\"es-ES\",\"isPartOf\":{\"@id\":\"https:\\\/\\\/www.rucashk.com\\\/es\\\/#website\"},\"breadcrumb\":{\"@id\":\"https:\\\/\\\/www.rucashk.com\\\/es\\\/producto\\\/mi-11-lite-5g-smartphone\\\/#breadcrumblist\"},\"author\":{\"@id\":\"https:\\\/\\\/www.rucashk.com\\\/es\\\/author\\\/admin\\\/#author\"},\"creator\":{\"@id\":\"https:\\\/\\\/www.rucashk.com\\\/es\\\/author\\\/admin\\\/#author\"},\"image\":{\"@type\":\"ImageObject\",\"url\":\"https:\\\/\\\/www.rucashk.com\\\/wp-content\\\/uploads\\\/2024\\\/01\\\/Mi-11-Lite-Smartphone-2.png\",\"@id\":\"https:\\\/\\\/www.rucashk.com\\\/es\\\/producto\\\/mi-11-lite-5g-smartphone\\\/#mainImage\",\"width\":1600,\"height\":1600},\"primaryImageOfPage\":{\"@id\":\"https:\\\/\\\/www.rucashk.com\\\/es\\\/producto\\\/mi-11-lite-5g-smartphone\\\/#mainImage\"},\"datePublished\":\"2024-01-09T16:17:27+00:00\",\"dateModified\":\"2025-06-22T07:36:23+00:00\"},{\"@type\":\"WebSite\",\"@id\":\"https:\\\/\\\/www.rucashk.com\\\/es\\\/#website\",\"url\":\"https:\\\/\\\/www.rucashk.com\\\/es\\\/\",\"name\":\"Rucas - Wholesale and distribution worldwide\",\"alternateName\":\"Rucas - One-stop AIoT Distribution Worldwide\",\"description\":\"One-stop AIoT Distribution Worldwide\",\"inLanguage\":\"es-ES\",\"publisher\":{\"@id\":\"https:\\\/\\\/www.rucashk.com\\\/es\\\/#organization\"}}]}\n\t\t<\/script>\n\t\t<!-- All in One SEO Pro -->\r\n\t\t<title>Mi 11 Lite 5G Smartphone - Rucas - Wholesale and Distribution<\/title>\n\n","aioseo_head_json":{"title":"Mi 11 Lite 5G Smartphone - Rucas - Wholesale and Distribution","description":"CPU: Qualcomm Snapdragon\u2122 732G Octa Core Processor Screen: 6.55\u201c AMOLED DotDisplay, 2400x1080 FHD+402 ppi OS: Global Version , MIUI12, Support OTA Update and Multi-Languages RAM+ROM: 6GB + 128GB Camera: 64MP+8MP+5MP Triple Rear Camera, 16MP Front Camera Battery: 4250mAh(typ) ,Supports 33W fast charging Other: IR Blaster, Bluetooth 5.1, GPS, 90Hz Screen refresh rate, NFC Network: Full Netcom, Dual SIM Dual Standby 2G:GSM: 2\/3\/5\/8 3G:WCDMA: 1\/2\/4\/5\/8 4G:\uff1aFDD-LTE \uff1aB1 \/ B2 \/ B3 \/ B4 \/ B5 \/ B7 \/ B8 \/ B12 \/ B17 \/ B20 \/ B28 \/ B32 \/ B66 TDD-LTE\uff1aB38 \/ B40 \/ B41 (120MHz)","canonical_url":"https:\/\/www.rucashk.com\/es\/producto\/mi-11-lite-5g-smartphone\/","robots":"max-image-preview:large","keywords":"","webmasterTools":{"miscellaneous":""},"og:locale":"es_ES","og:site_name":"Rucas - One-stop AIoT Distribution Worldwide","og:type":"article","og:title":"Mi 11 Lite 5G Smartphone - Rucas - Wholesale and Distribution","og:description":"CPU: Qualcomm Snapdragon\u2122 732G Octa Core Processor Screen: 6.55\u201c AMOLED DotDisplay, 2400x1080 FHD+402 ppi OS: Global Version , MIUI12, Support OTA Update and Multi-Languages RAM+ROM: 6GB + 128GB Camera: 64MP+8MP+5MP Triple Rear Camera, 16MP Front Camera Battery: 4250mAh(typ) ,Supports 33W fast charging Other: IR Blaster, Bluetooth 5.1, GPS, 90Hz Screen refresh rate, NFC Network: Full Netcom, Dual SIM Dual Standby 2G:GSM: 2\/3\/5\/8 3G:WCDMA: 1\/2\/4\/5\/8 4G:\uff1aFDD-LTE \uff1aB1 \/ B2 \/ B3 \/ B4 \/ B5 \/ B7 \/ B8 \/ B12 \/ B17 \/ B20 \/ B28 \/ B32 \/ B66 TDD-LTE\uff1aB38 \/ B40 \/ B41 (120MHz)","og:url":"https:\/\/www.rucashk.com\/es\/producto\/mi-11-lite-5g-smartphone\/","og:image":"https:\/\/www.rucashk.com\/wp-content\/uploads\/replace\/503b8e645f128a97ccde2b6290747646.jpeg","og:image:secure_url":"https:\/\/www.rucashk.com\/wp-content\/uploads\/replace\/503b8e645f128a97ccde2b6290747646.jpeg","og:image:width":1456,"og:image:height":816,"article:published_time":"2024-01-09T16:17:27+00:00","article:modified_time":"2025-06-22T07:36:23+00:00","twitter:card":"summary_large_image","twitter:title":"Mi 11 Lite 5G Smartphone - Rucas - Wholesale and Distribution","twitter:description":"CPU: Qualcomm Snapdragon\u2122 732G Octa Core Processor Screen: 6.55\u201c AMOLED DotDisplay, 2400x1080 FHD+402 ppi OS: Global Version , MIUI12, Support OTA Update and Multi-Languages RAM+ROM: 6GB + 128GB Camera: 64MP+8MP+5MP Triple Rear Camera, 16MP Front Camera Battery: 4250mAh(typ) ,Supports 33W fast charging Other: IR Blaster, Bluetooth 5.1, GPS, 90Hz Screen refresh rate, NFC Network: Full Netcom, Dual SIM Dual Standby 2G:GSM: 2\/3\/5\/8 3G:WCDMA: 1\/2\/4\/5\/8 4G:\uff1aFDD-LTE \uff1aB1 \/ B2 \/ B3 \/ B4 \/ B5 \/ B7 \/ B8 \/ B12 \/ B17 \/ B20 \/ B28 \/ B32 \/ B66 TDD-LTE\uff1aB38 \/ B40 \/ B41 (120MHz)","twitter:image":"https:\/\/www.rucashk.com\/wp-content\/uploads\/replace\/503b8e645f128a97ccde2b6290747646.jpeg","schema":{"@context":"https:\/\/schema.org","@graph":[{"@type":"BreadcrumbList","@id":"https:\/\/www.rucashk.com\/es\/producto\/mi-11-lite-5g-smartphone\/#breadcrumblist","itemListElement":[{"@type":"ListItem","@id":"https:\/\/www.rucashk.com\/es\/#listItem","position":1,"name":"Home","item":"https:\/\/www.rucashk.com\/es\/","nextItem":"https:\/\/www.rucashk.com\/es\/producto\/mi-11-lite-5g-smartphone\/#listItem"},{"@type":"ListItem","@id":"https:\/\/www.rucashk.com\/es\/producto\/mi-11-lite-5g-smartphone\/#listItem","position":2,"name":"Mi 11 Lite 5G Smartphone","previousItem":"https:\/\/www.rucashk.com\/es\/#listItem"}]},{"@type":"Organization","@id":"https:\/\/www.rucashk.com\/es\/#organization","name":"Rucas","url":"https:\/\/www.rucashk.com\/es\/","logo":{"@type":"ImageObject","url":"https:\/\/www.rucashk.com\/wp-content\/uploads\/2023\/12\/Rucas_campany_logo.png","@id":"https:\/\/www.rucashk.com\/es\/producto\/mi-11-lite-5g-smartphone\/#organizationLogo","width":221,"height":65},"image":{"@id":"https:\/\/www.rucashk.com\/es\/#organizationLogo"}},{"@type":"Person","@id":"https:\/\/www.rucashk.com\/es\/author\/admin\/#author","url":"https:\/\/www.rucashk.com\/es\/author\/admin\/","name":"admin","image":{"@type":"ImageObject","@id":"https:\/\/www.rucashk.com\/es\/producto\/mi-11-lite-5g-smartphone\/#authorImage","url":"https:\/\/secure.gravatar.com\/avatar\/b7c8925b09a27e72b30232f8ecaadbd5af0f70a38c78096863fe51b64f031c24?s=96&d=mm&r=g","width":96,"height":96,"caption":"admin"}},{"@type":"WebPage","@id":"https:\/\/www.rucashk.com\/es\/producto\/mi-11-lite-5g-smartphone\/#webpage","url":"https:\/\/www.rucashk.com\/es\/producto\/mi-11-lite-5g-smartphone\/","name":"Mi 11 Lite 5G Smartphone - Rucas - Wholesale and Distribution","description":"CPU: Qualcomm Snapdragon\u2122 732G Octa Core Processor Screen: 6.55\u201c AMOLED DotDisplay, 2400x1080 FHD+402 ppi OS: Global Version , MIUI12, Support OTA Update and Multi-Languages RAM+ROM: 6GB + 128GB Camera: 64MP+8MP+5MP Triple Rear Camera, 16MP Front Camera Battery: 4250mAh(typ) ,Supports 33W fast charging Other: IR Blaster, Bluetooth 5.1, GPS, 90Hz Screen refresh rate, NFC Network: Full Netcom, Dual SIM Dual Standby 2G:GSM: 2\/3\/5\/8 3G:WCDMA: 1\/2\/4\/5\/8 4G:\uff1aFDD-LTE \uff1aB1 \/ B2 \/ B3 \/ B4 \/ B5 \/ B7 \/ B8 \/ B12 \/ B17 \/ B20 \/ B28 \/ B32 \/ B66 TDD-LTE\uff1aB38 \/ B40 \/ B41 (120MHz)","inLanguage":"es-ES","isPartOf":{"@id":"https:\/\/www.rucashk.com\/es\/#website"},"breadcrumb":{"@id":"https:\/\/www.rucashk.com\/es\/producto\/mi-11-lite-5g-smartphone\/#breadcrumblist"},"author":{"@id":"https:\/\/www.rucashk.com\/es\/author\/admin\/#author"},"creator":{"@id":"https:\/\/www.rucashk.com\/es\/author\/admin\/#author"},"image":{"@type":"ImageObject","url":"https:\/\/www.rucashk.com\/wp-content\/uploads\/2024\/01\/Mi-11-Lite-Smartphone-2.png","@id":"https:\/\/www.rucashk.com\/es\/producto\/mi-11-lite-5g-smartphone\/#mainImage","width":1600,"height":1600},"primaryImageOfPage":{"@id":"https:\/\/www.rucashk.com\/es\/producto\/mi-11-lite-5g-smartphone\/#mainImage"},"datePublished":"2024-01-09T16:17:27+00:00","dateModified":"2025-06-22T07:36:23+00:00"},{"@type":"WebSite","@id":"https:\/\/www.rucashk.com\/es\/#website","url":"https:\/\/www.rucashk.com\/es\/","name":"Rucas - Wholesale and distribution worldwide","alternateName":"Rucas - One-stop AIoT Distribution Worldwide","description":"One-stop AIoT Distribution Worldwide","inLanguage":"es-ES","publisher":{"@id":"https:\/\/www.rucashk.com\/es\/#organization"}}]}},"aioseo_meta_data":{"post_id":"25453","title":null,"description":null,"keywords":null,"keyphrases":null,"primary_term":null,"canonical_url":null,"og_title":null,"og_description":null,"og_object_type":"default","og_image_type":"default","og_image_url":null,"og_image_width":null,"og_image_height":null,"og_image_custom_url":null,"og_image_custom_fields":null,"og_video":"","og_custom_url":null,"og_article_section":null,"og_article_tags":null,"twitter_use_og":false,"twitter_card":"default","twitter_image_type":"default","twitter_image_url":null,"twitter_image_custom_url":null,"twitter_image_custom_fields":null,"twitter_title":null,"twitter_description":null,"schema":{"blockGraphs":[],"customGraphs":[],"default":{"data":{"Article":[],"Course":[],"Dataset":[],"FAQPage":[],"Movie":[],"Person":[],"Product":[],"Recipe":[],"Service":[],"SoftwareApplication":[],"WebPage":[]},"graphName":"","isEnabled":true},"graphs":[]},"schema_type":"default","schema_type_options":null,"pillar_content":false,"robots_default":true,"robots_noindex":false,"robots_noarchive":false,"robots_nosnippet":false,"robots_nofollow":false,"robots_noimageindex":false,"robots_noodp":false,"robots_notranslate":false,"robots_max_snippet":"-1","robots_max_videopreview":"-1","robots_max_imagepreview":"large","priority":null,"frequency":"default","local_seo":null,"breadcrumb_settings":null,"limit_modified_date":false,"created":"2024-04-11 01:57:18","updated":"2025-06-22 17:55:08"},"aioseo_breadcrumb":"<div class=\"aioseo-breadcrumbs\"><span class=\"aioseo-breadcrumb\">\n\t<a href=\"https:\/\/www.rucashk.com\/es\" title=\"Home\">Home<\/a>\n<\/span><span class=\"aioseo-breadcrumb-separator\">&raquo;<\/span><span class=\"aioseo-breadcrumb\">\n\t<a href=\"https:\/\/www.rucashk.com\/es\/products\/\" title=\"Productos\">Productos<\/a>\n<\/span><span class=\"aioseo-breadcrumb-separator\">&raquo;<\/span><span class=\"aioseo-breadcrumb\">\n\t<a href=\"https:\/\/www.rucashk.com\/es\/marca\/xiaomi\/\" title=\"Xiaomi\">Xiaomi<\/a>\n<\/span><span class=\"aioseo-breadcrumb-separator\">&raquo;<\/span><span class=\"aioseo-breadcrumb\">\n\tMi 11 Lite 5G Smartphone\n<\/span><\/div>","aioseo_breadcrumb_json":[{"label":"Home","link":"https:\/\/www.rucashk.com\/es"},{"label":"Productos","link":"https:\/\/www.rucashk.com\/es\/products\/"},{"label":"Xiaomi","link":"https:\/\/www.rucashk.com\/es\/marca\/xiaomi\/"},{"label":"Mi 11 Lite 5G Smartphone","link":"https:\/\/www.rucashk.com\/es\/producto\/mi-11-lite-5g-smartphone\/"}],"_links":{"self":[{"href":"https:\/\/www.rucashk.com\/es\/wp-json\/wp\/v2\/product\/25453","targetHints":{"allow":["GET"]}}],"collection":[{"href":"https:\/\/www.rucashk.com\/es\/wp-json\/wp\/v2\/product"}],"about":[{"href":"https:\/\/www.rucashk.com\/es\/wp-json\/wp\/v2\/types\/product"}],"wp:featuredmedia":[{"embeddable":true,"href":"https:\/\/www.rucashk.com\/es\/wp-json\/wp\/v2\/media\/25598"}],"wp:attachment":[{"href":"https:\/\/www.rucashk.com\/es\/wp-json\/wp\/v2\/media?parent=25453"}],"wp:term":[{"taxonomy":"product_brand","embeddable":true,"href":"https:\/\/www.rucashk.com\/es\/wp-json\/wp\/v2\/product_brand?post=25453"},{"taxonomy":"product_cat","embeddable":true,"href":"https:\/\/www.rucashk.com\/es\/wp-json\/wp\/v2\/product_cat?post=25453"},{"taxonomy":"product_tag","embeddable":true,"href":"https:\/\/www.rucashk.com\/es\/wp-json\/wp\/v2\/product_tag?post=25453"}],"curies":[{"name":"wp","href":"https:\/\/api.w.org\/{rel}","templated":true}]}}