{"id":25368,"date":"2024-01-09T16:16:39","date_gmt":"2024-01-09T16:16:39","guid":{"rendered":"http:\/\/rucashk.com\/?post_type=product&#038;p=25368"},"modified":"2024-01-22T07:48:26","modified_gmt":"2024-01-22T07:48:26","slug":"himo-eectric-bicycle-c30s","status":"publish","type":"product","link":"https:\/\/www.rucashk.com\/es\/producto\/himo-eectric-bicycle-c30s\/","title":{"rendered":"Bicicleta el\u00e9ctrica HIMO C30S"},"content":{"rendered":"<h2>\u00a0 \u00a0 \u00a0 \u00a0 \u00a0 \u00a0 \u00a0 \u00a0 \u00a0 \u00a0 \u00a0 \u00a0 \u00a0 \u00a0 \u00a0 \u00a0 \u00a0 \u00a0 \u00a0Bicicleta el\u00e9ctrica HIMO C30S<\/h2>\n<p style=\"text-align: center\"><img fetchpriority=\"high\" decoding=\"async\" class=\"wp-image-27337 size-full aligncenter\" src=\"https:\/\/www.rucashk.com\/wp-content\/uploads\/2021\/06\/Hacb97a045e784a1fbd6dfc0519f9e0d2A.jpg\" alt=\"HIMO Eectric Bicycle C30S \" width=\"800\" height=\"800\" \/><\/p>\n<p style=\"text-align: center\"><img decoding=\"async\" class=\"detail-desc-decorate-image aligncenter\" src=\"https:\/\/www.rucashk.com\/wp-content\/uploads\/2021\/05\/H33ab38fc66c3416eaf05d0254d3c60104.jpg\" alt=\"HIMO Eectric Bicycle C30S \" width=\"1080\" height=\"1524\" \/><\/p>\n<p style=\"text-align: center\"><strong>Motor de 250 W, velocidad m\u00e1xima de 25 km\/h<\/strong><\/p>\n<p style=\"text-align: center\">El motor de 250 W proporciona una velocidad m\u00e1xima de 25 km\/h.<\/p>\n<p style=\"text-align: center\"><strong>Kilometraje m\u00e1ximo de 75 km<\/strong><\/p>\n<p style=\"text-align: center\">Bater\u00eda Samsung Li-ion de 10 Ah para un kilometraje m\u00e1ximo de 75 km con modo de asistencia el\u00e9ctrica (los datos est\u00e1n en un estado completamente cargado, 25 grados cent\u00edgrados, sin viento, carga de 75 kg, en el modo de tercera marcha a una velocidad promedio de 15 km\/h en Carreteras planas y sin viento, el valor es solo de referencia).<\/p>\n<p style=\"text-align: center\"><strong>Neum\u00e1ticos KENDA 700C x 32C<\/strong><\/p>\n<p style=\"text-align: center\">Neum\u00e1ticos 700c para diferentes terrenos.<img decoding=\"async\" class=\"product_lazy aligncenter\" src=\"https:\/\/www.rucashk.com\/wp-content\/uploads\/2021\/06\/f17f1255-7802-4802-b7b1-234ab6b2df13.jpg\" alt=\"HIMO Eectric Bicycle C30S \" width=\"1000\" height=\"494\" data-original=\"\/\/img.gkbcdn.com\/s3\/d\/202012\/f17f1255-7802-4802-b7b1-234ab6b2df13.jpg\" \/><img loading=\"lazy\" decoding=\"async\" class=\"product_lazy aligncenter\" src=\"https:\/\/www.rucashk.com\/wp-content\/uploads\/2021\/06\/723e7545-941e-49f3-83f0-a9e80e324b4c.jpg\" alt=\"HIMO Eectric Bicycle C30S \" width=\"1000\" height=\"762\" data-original=\"\/\/img.gkbcdn.com\/s3\/d\/202012\/723e7545-941e-49f3-83f0-a9e80e324b4c.jpg\" \/><img decoding=\"async\" class=\"product_lazy aligncenter\" src=\"https:\/\/www.rucashk.com\/wp-content\/uploads\/2021\/06\/9e5e6896-a9cc-4c74-a976-a5742c98e87f.jpg\" alt=\"HIMO C30R Electric Bike 250W Motor 25Km\/h Samsung 36V 10Ah Battery Up To 75km Range Tektro Dual Disc Brake Shimano Shift Gear Kenda 700C Tyres - Silver\" data-original=\"\/\/img.gkbcdn.com\/s3\/d\/202012\/9e5e6896-a9cc-4c74-a976-a5742c98e87f.jpg\" \/><img loading=\"lazy\" decoding=\"async\" class=\"product_lazy aligncenter\" src=\"https:\/\/www.rucashk.com\/wp-content\/uploads\/2021\/06\/fc5b9233-cf03-43f4-9fba-d081eb5077f7.jpg\" alt=\"HIMO Eectric Bicycle C30S \" width=\"1000\" height=\"774\" data-original=\"\/\/img.gkbcdn.com\/s3\/d\/202012\/fc5b9233-cf03-43f4-9fba-d081eb5077f7.jpg\" \/><img loading=\"lazy\" decoding=\"async\" class=\"product_lazy aligncenter\" src=\"https:\/\/www.rucashk.com\/wp-content\/uploads\/2021\/06\/d2490597-4250-4a2a-b3e7-53305c17be14.jpg\" alt=\"HIMO Eectric Bicycle C30S \" width=\"1000\" height=\"935\" data-original=\"\/\/img.gkbcdn.com\/s3\/d\/202012\/d2490597-4250-4a2a-b3e7-53305c17be14.jpg\" \/><img loading=\"lazy\" decoding=\"async\" class=\"product_lazy aligncenter\" src=\"https:\/\/www.rucashk.com\/wp-content\/uploads\/2021\/06\/a5be62f5-d052-4d9a-932d-2895aa86bc81.jpg\" alt=\"HIMO Eectric Bicycle C30S \" width=\"1000\" height=\"980\" data-original=\"\/\/img.gkbcdn.com\/s3\/d\/202012\/a5be62f5-d052-4d9a-932d-2895aa86bc81.jpg\" \/><img loading=\"lazy\" decoding=\"async\" class=\"product_lazy aligncenter\" src=\"https:\/\/www.rucashk.com\/wp-content\/uploads\/2021\/06\/b81f9e0f-3fc2-4e7f-8e8c-021e35029742.jpg\" alt=\"HIMO Eectric Bicycle C30S \" width=\"1000\" height=\"1000\" data-original=\"\/\/img.gkbcdn.com\/s3\/d\/202012\/b81f9e0f-3fc2-4e7f-8e8c-021e35029742.jpg\" \/><\/p>\n<p><img loading=\"lazy\" decoding=\"async\" class=\"product_lazy alignnone aligncenter\" src=\"https:\/\/www.rucashk.com\/wp-content\/uploads\/2021\/06\/afb994f3-bd5a-45d6-a296-9d3736b0c29c.jpg\" alt=\"HIMO Eectric Bicycle C30S \" width=\"1000\" height=\"762\" data-original=\"\/\/img.gkbcdn.com\/s3\/d\/202012\/afb994f3-bd5a-45d6-a296-9d3736b0c29c.jpg\" \/><img decoding=\"async\" class=\"product_lazy aligncenter\" src=\"https:\/\/www.rucashk.com\/wp-content\/uploads\/2021\/06\/745a6755-5742-484b-b301-13aa6e0e9f90.jpg\" alt=\"HIMO C30S Electric Bike 250W Motor 25Km\/h Samsung 36V 10Ah Battery Up To 75km Range Tektro Dual Disc Brake Shimano Shift Gear Kenda 700C Tyres - Grey\" data-original=\"\/\/img.gkbcdn.com\/s3\/d\/202012\/745a6755-5742-484b-b301-13aa6e0e9f90.jpg\" \/><img loading=\"lazy\" decoding=\"async\" class=\"product_lazy alignnone aligncenter\" src=\"https:\/\/www.rucashk.com\/wp-content\/uploads\/2021\/06\/1da16eda-e976-4f00-b3cd-b30a098f70b7.jpg\" alt=\"HIMO Eectric Bicycle C30S \" width=\"1000\" height=\"762\" data-original=\"\/\/img.gkbcdn.com\/s3\/d\/202012\/1da16eda-e976-4f00-b3cd-b30a098f70b7.jpg\" \/><img decoding=\"async\" class=\"product_lazy aligncenter\" src=\"https:\/\/www.rucashk.com\/wp-content\/uploads\/2021\/06\/e8e210f4-f7cb-4c67-b889-a2a8a33a025b.jpg\" alt=\"HIMO C30S Electric Bike 250W Motor 25Km\/h Samsung 36V 10Ah Battery Up To 75km Range Tektro Dual Disc Brake Shimano Shift Gear Kenda 700C Tyres - Grey\" data-original=\"\/\/img.gkbcdn.com\/s3\/d\/202012\/e8e210f4-f7cb-4c67-b889-a2a8a33a025b.jpg\" \/><\/p>","protected":false},"excerpt":{"rendered":"<h1>caracter\u00edstica:<\/h1>\n<p>HIMO C30S Electric Bike 250W Motor 25Km\/h Samsung 36V 10Ah Battery Up To 75km Range Tektro Dual Disc Brake Shimano Shift Gear Kenda 700C Tyres &#8211; Gray<\/p>","protected":false},"featured_media":25481,"template":"","meta":[],"product_brand":[],"product_cat":[1341,1305],"product_tag":[],"class_list":{"0":"post-25368","1":"product","2":"type-product","3":"status-publish","4":"has-post-thumbnail","6":"product_cat-others","7":"product_cat-xiaomi-eco","9":"first","10":"instock","11":"shipping-taxable","12":"product-type-simple"},"aioseo_notices":[],"aioseo_head":"\n\t\t<!-- All in One SEO Pro 4.5.9.2 - aioseo.com -->\n\t\t<meta name=\"description\" content=\"feature\uff1a HIMO C30S Electric Bike 250W Motor 25Km\/h Samsung 36V 10Ah Battery Up To 75km Range Tektro Dual Disc Brake Shimano Shift Gear Kenda 700C Tyres - Gray\" \/>\n\t\t<meta name=\"robots\" content=\"max-image-preview:large\" \/>\n\t\t<link rel=\"canonical\" href=\"https:\/\/www.rucashk.com\/es\/producto\/himo-eectric-bicycle-c30s\/\" \/>\n\t\t<meta name=\"generator\" content=\"All in One SEO Pro (AIOSEO) 4.5.9.2\" \/>\n\t\t<meta property=\"og:locale\" content=\"es_ES\" \/>\n\t\t<meta property=\"og:site_name\" content=\"Rucas - One-stop AIoT Distribution Worldwide\" \/>\n\t\t<meta property=\"og:type\" content=\"article\" \/>\n\t\t<meta property=\"og:title\" content=\"HIMO Eectric Bicycle C30S - Rucas - Wholesale and Distribution\" \/>\n\t\t<meta property=\"og:description\" content=\"feature\uff1a HIMO C30S Electric Bike 250W Motor 25Km\/h Samsung 36V 10Ah Battery Up To 75km Range Tektro Dual Disc Brake Shimano Shift Gear Kenda 700C Tyres - Gray\" \/>\n\t\t<meta property=\"og:url\" content=\"https:\/\/www.rucashk.com\/es\/producto\/himo-eectric-bicycle-c30s\/\" \/>\n\t\t<meta property=\"og:image\" content=\"https:\/\/www.rucashk.com\/wp-content\/uploads\/replace\/503b8e645f128a97ccde2b6290747646.jpeg\" \/>\n\t\t<meta property=\"og:image:secure_url\" content=\"https:\/\/www.rucashk.com\/wp-content\/uploads\/replace\/503b8e645f128a97ccde2b6290747646.jpeg\" \/>\n\t\t<meta property=\"og:image:width\" content=\"1456\" \/>\n\t\t<meta property=\"og:image:height\" content=\"816\" \/>\n\t\t<meta property=\"article:published_time\" content=\"2024-01-09T16:16:39+00:00\" \/>\n\t\t<meta property=\"article:modified_time\" content=\"2024-01-22T07:48:26+00:00\" \/>\n\t\t<meta name=\"twitter:card\" content=\"summary_large_image\" \/>\n\t\t<meta name=\"twitter:title\" content=\"HIMO Eectric Bicycle C30S - Rucas - Wholesale and Distribution\" \/>\n\t\t<meta name=\"twitter:description\" content=\"feature\uff1a HIMO C30S Electric Bike 250W Motor 25Km\/h Samsung 36V 10Ah Battery Up To 75km Range Tektro Dual Disc Brake Shimano Shift Gear Kenda 700C Tyres - Gray\" \/>\n\t\t<meta name=\"twitter:image\" content=\"https:\/\/www.rucashk.com\/wp-content\/uploads\/replace\/503b8e645f128a97ccde2b6290747646.jpeg\" \/>\n\t\t<script type=\"application\/ld+json\" class=\"aioseo-schema\">\n\t\t\t{\"@context\":\"https:\\\/\\\/schema.org\",\"@graph\":[{\"@type\":\"BreadcrumbList\",\"@id\":\"https:\\\/\\\/www.rucashk.com\\\/es\\\/producto\\\/himo-eectric-bicycle-c30s\\\/#breadcrumblist\",\"itemListElement\":[{\"@type\":\"ListItem\",\"@id\":\"https:\\\/\\\/www.rucashk.com\\\/es\\\/#listItem\",\"position\":1,\"name\":\"Home\",\"item\":\"https:\\\/\\\/www.rucashk.com\\\/es\\\/\",\"nextItem\":\"https:\\\/\\\/www.rucashk.com\\\/es\\\/producto\\\/himo-eectric-bicycle-c30s\\\/#listItem\"},{\"@type\":\"ListItem\",\"@id\":\"https:\\\/\\\/www.rucashk.com\\\/es\\\/producto\\\/himo-eectric-bicycle-c30s\\\/#listItem\",\"position\":2,\"name\":\"HIMO Eectric Bicycle C30S\",\"previousItem\":\"https:\\\/\\\/www.rucashk.com\\\/es\\\/#listItem\"}]},{\"@type\":\"Organization\",\"@id\":\"https:\\\/\\\/www.rucashk.com\\\/es\\\/#organization\",\"name\":\"Rucas\",\"url\":\"https:\\\/\\\/www.rucashk.com\\\/es\\\/\",\"logo\":{\"@type\":\"ImageObject\",\"url\":\"https:\\\/\\\/www.rucashk.com\\\/wp-content\\\/uploads\\\/2023\\\/12\\\/Rucas_campany_logo.png\",\"@id\":\"https:\\\/\\\/www.rucashk.com\\\/es\\\/producto\\\/himo-eectric-bicycle-c30s\\\/#organizationLogo\",\"width\":221,\"height\":65},\"image\":{\"@id\":\"https:\\\/\\\/www.rucashk.com\\\/es\\\/#organizationLogo\"}},{\"@type\":\"Person\",\"@id\":\"https:\\\/\\\/www.rucashk.com\\\/es\\\/author\\\/admin\\\/#author\",\"url\":\"https:\\\/\\\/www.rucashk.com\\\/es\\\/author\\\/admin\\\/\",\"name\":\"admin\",\"image\":{\"@type\":\"ImageObject\",\"@id\":\"https:\\\/\\\/www.rucashk.com\\\/es\\\/producto\\\/himo-eectric-bicycle-c30s\\\/#authorImage\",\"url\":\"https:\\\/\\\/secure.gravatar.com\\\/avatar\\\/b7c8925b09a27e72b30232f8ecaadbd5af0f70a38c78096863fe51b64f031c24?s=96&d=mm&r=g\",\"width\":96,\"height\":96,\"caption\":\"admin\"}},{\"@type\":\"WebPage\",\"@id\":\"https:\\\/\\\/www.rucashk.com\\\/es\\\/producto\\\/himo-eectric-bicycle-c30s\\\/#webpage\",\"url\":\"https:\\\/\\\/www.rucashk.com\\\/es\\\/producto\\\/himo-eectric-bicycle-c30s\\\/\",\"name\":\"HIMO Eectric Bicycle C30S - Rucas - Wholesale and Distribution\",\"description\":\"feature\\uff1a HIMO C30S Electric Bike 250W Motor 25Km\\\/h Samsung 36V 10Ah Battery Up To 75km Range Tektro Dual Disc Brake Shimano Shift Gear Kenda 700C Tyres - Gray\",\"inLanguage\":\"es-ES\",\"isPartOf\":{\"@id\":\"https:\\\/\\\/www.rucashk.com\\\/es\\\/#website\"},\"breadcrumb\":{\"@id\":\"https:\\\/\\\/www.rucashk.com\\\/es\\\/producto\\\/himo-eectric-bicycle-c30s\\\/#breadcrumblist\"},\"author\":{\"@id\":\"https:\\\/\\\/www.rucashk.com\\\/es\\\/author\\\/admin\\\/#author\"},\"creator\":{\"@id\":\"https:\\\/\\\/www.rucashk.com\\\/es\\\/author\\\/admin\\\/#author\"},\"image\":{\"@type\":\"ImageObject\",\"url\":\"https:\\\/\\\/www.rucashk.com\\\/wp-content\\\/uploads\\\/2024\\\/01\\\/HIMO-C30-Electric-Powered-Road-eBike-250w-rear-wheel-motor-36v-hidden-lithium-battery-Torque-sensor-2.jpg\",\"@id\":\"https:\\\/\\\/www.rucashk.com\\\/es\\\/producto\\\/himo-eectric-bicycle-c30s\\\/#mainImage\",\"width\":800,\"height\":800},\"primaryImageOfPage\":{\"@id\":\"https:\\\/\\\/www.rucashk.com\\\/es\\\/producto\\\/himo-eectric-bicycle-c30s\\\/#mainImage\"},\"datePublished\":\"2024-01-09T16:16:39+00:00\",\"dateModified\":\"2024-01-22T07:48:26+00:00\"},{\"@type\":\"WebSite\",\"@id\":\"https:\\\/\\\/www.rucashk.com\\\/es\\\/#website\",\"url\":\"https:\\\/\\\/www.rucashk.com\\\/es\\\/\",\"name\":\"Rucas - Wholesale and distribution worldwide\",\"alternateName\":\"Rucas - One-stop AIoT Distribution Worldwide\",\"description\":\"One-stop AIoT Distribution Worldwide\",\"inLanguage\":\"es-ES\",\"publisher\":{\"@id\":\"https:\\\/\\\/www.rucashk.com\\\/es\\\/#organization\"}}]}\n\t\t<\/script>\n\t\t<!-- All in One SEO Pro -->\r\n\t\t<title>HIMO Eectric Bicycle C30S - Rucas - Wholesale and Distribution<\/title>\n\n","aioseo_head_json":{"title":"HIMO Eectric Bicycle C30S - Rucas - Wholesale and Distribution","description":"feature\uff1a HIMO C30S Electric Bike 250W Motor 25Km\/h Samsung 36V 10Ah Battery Up To 75km Range Tektro Dual Disc Brake Shimano Shift Gear Kenda 700C Tyres - Gray","canonical_url":"https:\/\/www.rucashk.com\/es\/producto\/himo-eectric-bicycle-c30s\/","robots":"max-image-preview:large","keywords":"","webmasterTools":{"miscellaneous":""},"og:locale":"es_ES","og:site_name":"Rucas - One-stop AIoT Distribution Worldwide","og:type":"article","og:title":"HIMO Eectric Bicycle C30S - Rucas - Wholesale and Distribution","og:description":"feature\uff1a HIMO C30S Electric Bike 250W Motor 25Km\/h Samsung 36V 10Ah Battery Up To 75km Range Tektro Dual Disc Brake Shimano Shift Gear Kenda 700C Tyres - Gray","og:url":"https:\/\/www.rucashk.com\/es\/producto\/himo-eectric-bicycle-c30s\/","og:image":"https:\/\/www.rucashk.com\/wp-content\/uploads\/replace\/503b8e645f128a97ccde2b6290747646.jpeg","og:image:secure_url":"https:\/\/www.rucashk.com\/wp-content\/uploads\/replace\/503b8e645f128a97ccde2b6290747646.jpeg","og:image:width":1456,"og:image:height":816,"article:published_time":"2024-01-09T16:16:39+00:00","article:modified_time":"2024-01-22T07:48:26+00:00","twitter:card":"summary_large_image","twitter:title":"HIMO Eectric Bicycle C30S - Rucas - Wholesale and Distribution","twitter:description":"feature\uff1a HIMO C30S Electric Bike 250W Motor 25Km\/h Samsung 36V 10Ah Battery Up To 75km Range Tektro Dual Disc Brake Shimano Shift Gear Kenda 700C Tyres - Gray","twitter:image":"https:\/\/www.rucashk.com\/wp-content\/uploads\/replace\/503b8e645f128a97ccde2b6290747646.jpeg","schema":{"@context":"https:\/\/schema.org","@graph":[{"@type":"BreadcrumbList","@id":"https:\/\/www.rucashk.com\/es\/producto\/himo-eectric-bicycle-c30s\/#breadcrumblist","itemListElement":[{"@type":"ListItem","@id":"https:\/\/www.rucashk.com\/es\/#listItem","position":1,"name":"Home","item":"https:\/\/www.rucashk.com\/es\/","nextItem":"https:\/\/www.rucashk.com\/es\/producto\/himo-eectric-bicycle-c30s\/#listItem"},{"@type":"ListItem","@id":"https:\/\/www.rucashk.com\/es\/producto\/himo-eectric-bicycle-c30s\/#listItem","position":2,"name":"HIMO Eectric Bicycle C30S","previousItem":"https:\/\/www.rucashk.com\/es\/#listItem"}]},{"@type":"Organization","@id":"https:\/\/www.rucashk.com\/es\/#organization","name":"Rucas","url":"https:\/\/www.rucashk.com\/es\/","logo":{"@type":"ImageObject","url":"https:\/\/www.rucashk.com\/wp-content\/uploads\/2023\/12\/Rucas_campany_logo.png","@id":"https:\/\/www.rucashk.com\/es\/producto\/himo-eectric-bicycle-c30s\/#organizationLogo","width":221,"height":65},"image":{"@id":"https:\/\/www.rucashk.com\/es\/#organizationLogo"}},{"@type":"Person","@id":"https:\/\/www.rucashk.com\/es\/author\/admin\/#author","url":"https:\/\/www.rucashk.com\/es\/author\/admin\/","name":"admin","image":{"@type":"ImageObject","@id":"https:\/\/www.rucashk.com\/es\/producto\/himo-eectric-bicycle-c30s\/#authorImage","url":"https:\/\/secure.gravatar.com\/avatar\/b7c8925b09a27e72b30232f8ecaadbd5af0f70a38c78096863fe51b64f031c24?s=96&d=mm&r=g","width":96,"height":96,"caption":"admin"}},{"@type":"WebPage","@id":"https:\/\/www.rucashk.com\/es\/producto\/himo-eectric-bicycle-c30s\/#webpage","url":"https:\/\/www.rucashk.com\/es\/producto\/himo-eectric-bicycle-c30s\/","name":"HIMO Eectric Bicycle C30S - Rucas - Wholesale and Distribution","description":"feature\uff1a HIMO C30S Electric Bike 250W Motor 25Km\/h Samsung 36V 10Ah Battery Up To 75km Range Tektro Dual Disc Brake Shimano Shift Gear Kenda 700C Tyres - Gray","inLanguage":"es-ES","isPartOf":{"@id":"https:\/\/www.rucashk.com\/es\/#website"},"breadcrumb":{"@id":"https:\/\/www.rucashk.com\/es\/producto\/himo-eectric-bicycle-c30s\/#breadcrumblist"},"author":{"@id":"https:\/\/www.rucashk.com\/es\/author\/admin\/#author"},"creator":{"@id":"https:\/\/www.rucashk.com\/es\/author\/admin\/#author"},"image":{"@type":"ImageObject","url":"https:\/\/www.rucashk.com\/wp-content\/uploads\/2024\/01\/HIMO-C30-Electric-Powered-Road-eBike-250w-rear-wheel-motor-36v-hidden-lithium-battery-Torque-sensor-2.jpg","@id":"https:\/\/www.rucashk.com\/es\/producto\/himo-eectric-bicycle-c30s\/#mainImage","width":800,"height":800},"primaryImageOfPage":{"@id":"https:\/\/www.rucashk.com\/es\/producto\/himo-eectric-bicycle-c30s\/#mainImage"},"datePublished":"2024-01-09T16:16:39+00:00","dateModified":"2024-01-22T07:48:26+00:00"},{"@type":"WebSite","@id":"https:\/\/www.rucashk.com\/es\/#website","url":"https:\/\/www.rucashk.com\/es\/","name":"Rucas - Wholesale and distribution worldwide","alternateName":"Rucas - One-stop AIoT Distribution Worldwide","description":"One-stop AIoT Distribution Worldwide","inLanguage":"es-ES","publisher":{"@id":"https:\/\/www.rucashk.com\/es\/#organization"}}]}},"aioseo_meta_data":{"post_id":"25368","title":null,"description":null,"keywords":null,"keyphrases":null,"primary_term":null,"canonical_url":null,"og_title":null,"og_description":null,"og_object_type":"default","og_image_type":"default","og_image_url":null,"og_image_width":null,"og_image_height":null,"og_image_custom_url":null,"og_image_custom_fields":null,"og_video":null,"og_custom_url":null,"og_article_section":null,"og_article_tags":null,"twitter_use_og":false,"twitter_card":"default","twitter_image_type":"default","twitter_image_url":null,"twitter_image_custom_url":null,"twitter_image_custom_fields":null,"twitter_title":null,"twitter_description":null,"schema":{"blockGraphs":[],"customGraphs":[],"default":{"data":{"Article":[],"Course":[],"Dataset":[],"FAQPage":[],"Movie":[],"Person":[],"Product":[],"Recipe":[],"Service":[],"SoftwareApplication":[],"WebPage":[]},"graphName":"","isEnabled":true},"graphs":[]},"schema_type":"default","schema_type_options":null,"pillar_content":false,"robots_default":true,"robots_noindex":false,"robots_noarchive":false,"robots_nosnippet":false,"robots_nofollow":false,"robots_noimageindex":false,"robots_noodp":false,"robots_notranslate":false,"robots_max_snippet":null,"robots_max_videopreview":null,"robots_max_imagepreview":"large","priority":null,"frequency":null,"local_seo":null,"breadcrumb_settings":null,"limit_modified_date":false,"created":"2024-04-11 01:57:18","updated":"2025-06-22 17:53:55"},"aioseo_breadcrumb":"<div class=\"aioseo-breadcrumbs\"><span class=\"aioseo-breadcrumb\">\n\t<a href=\"https:\/\/www.rucashk.com\/es\" title=\"Home\">Home<\/a>\n<\/span><span class=\"aioseo-breadcrumb-separator\">&raquo;<\/span><span class=\"aioseo-breadcrumb\">\n\t<a href=\"https:\/\/www.rucashk.com\/es\/products\/\" title=\"Productos\">Productos<\/a>\n<\/span><span class=\"aioseo-breadcrumb-separator\">&raquo;<\/span><span class=\"aioseo-breadcrumb\">\n\t<a href=\"https:\/\/www.rucashk.com\/es\/categoria-producto\/xiaomi-eco\/\" title=\"Xiaomi Eco\">Xiaomi Eco<\/a>\n<\/span><span class=\"aioseo-breadcrumb-separator\">&raquo;<\/span><span class=\"aioseo-breadcrumb\">\n\t<a href=\"https:\/\/www.rucashk.com\/es\/categoria-producto\/xiaomi-eco\/others\/\" title=\"Others\">Others<\/a>\n<\/span><span class=\"aioseo-breadcrumb-separator\">&raquo;<\/span><span class=\"aioseo-breadcrumb\">\n\tHIMO Eectric Bicycle C30S\n<\/span><\/div>","aioseo_breadcrumb_json":[{"label":"Home","link":"https:\/\/www.rucashk.com\/es"},{"label":"Productos","link":"https:\/\/www.rucashk.com\/es\/products\/"},{"label":"Xiaomi Eco","link":"https:\/\/www.rucashk.com\/es\/categoria-producto\/xiaomi-eco\/"},{"label":"Others","link":"https:\/\/www.rucashk.com\/es\/categoria-producto\/xiaomi-eco\/others\/"},{"label":"HIMO Eectric Bicycle C30S","link":"https:\/\/www.rucashk.com\/es\/producto\/himo-eectric-bicycle-c30s\/"}],"_links":{"self":[{"href":"https:\/\/www.rucashk.com\/es\/wp-json\/wp\/v2\/product\/25368","targetHints":{"allow":["GET"]}}],"collection":[{"href":"https:\/\/www.rucashk.com\/es\/wp-json\/wp\/v2\/product"}],"about":[{"href":"https:\/\/www.rucashk.com\/es\/wp-json\/wp\/v2\/types\/product"}],"wp:featuredmedia":[{"embeddable":true,"href":"https:\/\/www.rucashk.com\/es\/wp-json\/wp\/v2\/media\/25481"}],"wp:attachment":[{"href":"https:\/\/www.rucashk.com\/es\/wp-json\/wp\/v2\/media?parent=25368"}],"wp:term":[{"taxonomy":"product_brand","embeddable":true,"href":"https:\/\/www.rucashk.com\/es\/wp-json\/wp\/v2\/product_brand?post=25368"},{"taxonomy":"product_cat","embeddable":true,"href":"https:\/\/www.rucashk.com\/es\/wp-json\/wp\/v2\/product_cat?post=25368"},{"taxonomy":"product_tag","embeddable":true,"href":"https:\/\/www.rucashk.com\/es\/wp-json\/wp\/v2\/product_tag?post=25368"}],"curies":[{"name":"wp","href":"https:\/\/api.w.org\/{rel}","templated":true}]}}