{"id":25336,"date":"2024-01-09T16:16:16","date_gmt":"2024-01-09T16:16:16","guid":{"rendered":"http:\/\/rucashk.com\/?post_type=product&#038;p=25336"},"modified":"2024-01-21T08:28:10","modified_gmt":"2024-01-21T08:28:10","slug":"mavic-2-fly-more-combo-kit","status":"publish","type":"product","link":"https:\/\/www.rucashk.com\/es\/producto\/mavic-2-fly-more-combo-kit\/","title":{"rendered":"DJI MAVIC 2 vuela m\u00e1s kit combinado"},"content":{"rendered":"<p style=\"text-align: center\" data-spm-anchor-id=\"a2g0o.detail.1000023.i1.28e5692e73LqRc\"><strong>DJI Mavic 2 pro volar m\u00e1s kit combinado<\/strong><\/p>\n<p style=\"text-align: center\"><strong><img fetchpriority=\"high\" decoding=\"async\" class=\"aligncenter\" src=\"https:\/\/www.rucashk.com\/wp-content\/uploads\/2021\/05\/HTB1LUnJKk9WBuNjSspeq6yz5VXaw.jpg\" alt=\"MAVIC 2 fly more combo kit\" width=\"720\" height=\"480\" data-spm-anchor-id=\"a2g0o.detail.1000023.i0.28e5692e73LqRc\" \/><img decoding=\"async\" class=\"aligncenter\" src=\"https:\/\/www.rucashk.com\/wp-content\/uploads\/2021\/05\/HTB1__VwdjbguuRkHFrdq6z.LFXay_.jpg\" alt=\"MAVIC 2 fly more combo kit\" width=\"720\" height=\"480\" \/><\/strong><\/p>\n<hr class=\"bucketDivider\" noshade=\"noshade\" size=\"1\" \/>\n<h2 style=\"text-align: center\">Desde el fabricante<\/h2>\n<div class=\"aplus-v2 desktop celwidget\" style=\"text-align: center\" data-csa-c-id=\"m6o12b-he39i3-xtn4ku-en4q94\" data-cel-widget=\"aplus\">\n<div class=\"celwidget aplus-module module-2 aplus-standard\" data-csa-c-id=\"js69yk-ekqbv3-cvuj0d-ssc3y3\" data-cel-widget=\"aplus-module-2\">\n<div class=\"a-expander-collapsed-height a-row a-expander-container a-expander-partial-collapse-container\" data-a-expander-name=\"aplus-module-expander\" data-a-expander-collapsed-height=\"700\">\n<div class=\"a-expander-content a-expander-partial-collapse-content\">\n<div class=\"aplus-module-wrapper apm-floatnone apm-fixed-width\">\n<div class=\"apm-sidemodule apm-spacing\">\n<div class=\"apm-sidemodule-imageleft\"><img decoding=\"async\" class=\"aligncenter\" src=\"https:\/\/www.rucashk.com\/wp-content\/uploads\/2021\/05\/79c622bf-fc83-42eb-8935-2d54b1223773.__CR640025602560_PT0_SX300_V1___.jpg\" alt=\" MAVIC 2 fly more combo kit\" width=\"803\" height=\"803\" data-src=\"https:\/\/www.rucashk.com\/wp-content\/uploads\/2021\/05\/79c622bf-fc83-42eb-8935-2d54b1223773.__CR640025602560_PT0_SX300_V1___.jpg\" \/><\/div>\n<div class=\"apm-sidemodule-textright\">\n<h3 class=\"a-spacing-mini\">DJI Mavic 2 Fly More Kit para Mavic 2 PRO y Mavic 2 Zoom Paquete combinado de accesorios<\/h3>\n<p>El kit Mavic 2 Fly More incluye dos bater\u00edas de vuelo inteligentes, un cargador para autom\u00f3vil Mavic 2, un centro de carga de bater\u00eda, un adaptador de bater\u00eda a banco de energ\u00eda, h\u00e9lices de bajo ruido y una bolsa de hombro Mavic 2, lo que le brinda soporte integral durante la filmaci\u00f3n.<\/p>\n<p>Ambas Bater\u00edas de Vuelo Inteligentes tienen una capacidad de hasta 59,29 Wh y cada una tiene un tiempo de vuelo m\u00e1ximo de 31 minutos. Con un sistema de gesti\u00f3n inteligente de bater\u00eda DJI incorporado, el estado de la bater\u00eda se monitorea y se informa en tiempo real, lo que le permite concentrarse menos en sus niveles de energ\u00eda y m\u00e1s en tener un vuelo \u00e9pico.<\/p>\n<p>El cargador para autom\u00f3vil Mavic 2 le permite cargar bater\u00edas mientras conduce, tiene una potencia de salida m\u00e1xima de hasta 80 W y cuenta con tecnolog\u00eda de protecci\u00f3n de bajo voltaje que garantiza que la carga no impedir\u00e1 que su autom\u00f3vil arranque normalmente.<\/p>\n<\/div>\n<\/div>\n<\/div>\n<div><\/div>\n<\/div>\n<\/div>\n<\/div>\n<div class=\"celwidget aplus-module module-3 aplus-standard\" data-csa-c-id=\"r5bk9e-tn39p7-6dsm61-a48fjp\" data-cel-widget=\"aplus-module-3\">\n<div class=\"a-expander-collapsed-height a-row a-expander-container a-expander-partial-collapse-container\" data-a-expander-name=\"aplus-module-expander\" data-a-expander-collapsed-height=\"700\">\n<div class=\"a-expander-content a-expander-partial-collapse-content\">\n<div class=\"aplus-module-wrapper apm-floatnone apm-fixed-width\">\n<div class=\"apm-sidemodule apm-spacing\">\n<div class=\"apm-sidemodule-imageright\"><\/div>\n<div class=\"apm-sidemodule-textleft\">\n<p>El centro de carga de bater\u00edas mejora la eficiencia al cargar las bater\u00edas en secuencia de acuerdo con su nivel de energ\u00eda restante, siendo las bater\u00edas m\u00e1s completamente cargadas las que reciben energ\u00eda primero. Gracias al dise\u00f1o plegable del centro de carga de bater\u00eda, es f\u00e1cil llevarlo dondequiera que vaya. Incluso puedes disfrutar de hasta cuatro puertos de carga cuando lo usas con el cargador para autom\u00f3vil o el cargador de bater\u00eda.<\/p>\n<p>El adaptador de bater\u00eda a banco de energ\u00eda convierte sus bater\u00edas de vuelo inteligentes en bancos de energ\u00eda de alta capacidad. Cada adaptador de bater\u00eda a banco de energ\u00eda tiene dos puertos USB tipo A, que ofrecen una salida dual de 10 W, lo que le permite cargar completamente un tel\u00e9fono inteligente usando solo 20% de una bater\u00eda.<\/p>\n<p>El kit tambi\u00e9n incluye dos pares de h\u00e9lices de bajo ruido. Estas h\u00e9lices de pr\u00f3xima generaci\u00f3n adoptan un dise\u00f1o aerodin\u00e1mico completamente nuevo, que da como resultado un vuelo m\u00e1s silencioso, mayor eficiencia y mayor tiempo de vuelo.<\/p>\n<\/div>\n<\/div>\n<\/div>\n<div><\/div>\n<\/div>\n<\/div>\n<\/div>\n<div class=\"celwidget aplus-module basic-module-13-text aplus-standard\" data-csa-c-id=\"yvb5b3-mjnf9s-nrtj4f-8nfe14\" data-cel-widget=\"aplus-basic-module-13-text\">\n<div class=\"a-section a-spacing-none aplus-module aplus-module-13 aplus-module-wrapper apm-fixed-width\">\n<div class=\"a-section a-spacing-none aplus-13-heading\"><\/div>\n<div class=\"a-section a-spacing-none aplus-module-section aplus-text-section\">\n<p class=\"description\">El vers\u00e1til bolso de hombro Mavic 2 est\u00e1 especialmente dise\u00f1ado para el Mavic 2. Es capaz de albergar un avi\u00f3n, un control remoto, cuatro bater\u00edas de vuelo inteligentes, un tel\u00e9fono inteligente, h\u00e9lices adicionales, filtros ND, cables, tarjetas microSD y muchos otros accesorios.<\/p>\n<p class=\"description\"><span class=\"a-text-bold\">Reflejos<\/span><\/p>\n<p><span class=\"a-list-item\">M\u00faltiples bater\u00edas de vuelo inteligentes para un vuelo m\u00e1s largo<\/span><\/p>\n<p><span class=\"a-list-item\">Cargue las bater\u00edas mientras conduce<\/span><\/p>\n<p><span class=\"a-list-item\">Convierte tus bater\u00edas en powerbanks<\/span><\/p>\n<p><span class=\"a-list-item\">H\u00e9lices silenciosas para un vuelo m\u00e1s silencioso<\/span><\/p>\n<p><span class=\"a-list-item\">Un bolso de hombro vers\u00e1til para llevarlo todo<\/span><\/p>\n<\/div>\n<\/div>\n<\/div>\n<\/div>\n<p style=\"text-align: center\"><strong><img decoding=\"async\" class=\"aligncenter\" src=\"https:\/\/www.rucashk.com\/wp-content\/uploads\/2021\/05\/HTB1k60hXsvrK1Rjy0Feq6ATmVXa4.jpg\" data-spm-anchor-id=\"a2g0o.detail.1000023.i2.28e5692e73LqRc\" \/><\/strong><\/p>\n<p style=\"text-align: center\">","protected":false},"excerpt":{"rendered":"<p><span id=\"productTitle\" class=\"a-size-large product-title-word-break\">DJI Mavic 2 Fly More Kit para Mavic 2 PRO y Mavic 2 Zoom Paquete combinado de accesorios<\/span><\/p>\n<table class=\"a-normal a-spacing-micro\">\n<tbody>\n<tr class=\"a-spacing-small\">\n<td class=\"a-span3\"><span class=\"a-size-base a-text-bold\">Marca<\/span><\/td>\n<td class=\"a-span9\"><span class=\"a-size-base\">dji<\/span><\/td>\n<\/tr>\n<tr class=\"a-spacing-small\">\n<td class=\"a-span3\"><span class=\"a-size-base a-text-bold\">Nombre del modelo<\/span><\/td>\n<td class=\"a-span9\"><span class=\"a-size-base\">CP.MA.00000037.01<\/span><\/td>\n<\/tr>\n<tr class=\"a-spacing-small\">\n<td class=\"a-span3\"><span class=\"a-size-base a-text-bold\">Material<\/span><\/td>\n<td class=\"a-span9\"><span class=\"a-size-base\">cuero de imitaci\u00f3n<\/span><\/td>\n<\/tr>\n<tr class=\"a-spacing-small\">\n<td class=\"a-span3\"><span class=\"a-size-base a-text-bold\">\u00bfEst\u00e1n incluidas las pilas?<\/span><\/td>\n<td class=\"a-span9\"><span class=\"a-size-base\">S\u00ed<\/span><\/td>\n<\/tr>\n<tr class=\"a-spacing-small\">\n<td class=\"a-span3\"><span class=\"a-size-base a-text-bold\">Peso del art\u00edculo<\/span><\/td>\n<td class=\"a-span9\"><span class=\"a-size-base\">600 Gramos<\/span><\/td>\n<\/tr>\n<tr class=\"a-spacing-small\">\n<td class=\"a-span3\"><span class=\"a-size-base a-text-bold\">\u00bfControl remoto incluido?<\/span><\/td>\n<td class=\"a-span9\"><span class=\"a-size-base\">No<\/span><\/td>\n<\/tr>\n<tr class=\"a-spacing-small\">\n<td class=\"a-span3\"><span class=\"a-size-base a-text-bold\">Composici\u00f3n de las celdas de la bater\u00eda<\/span><\/td>\n<td class=\"a-span9\"><span class=\"a-size-base\">Iones de litio<\/span><\/td>\n<\/tr>\n<tr class=\"a-spacing-small\">\n<td class=\"a-span3\"><span class=\"a-size-base a-text-bold\">Bater\u00eda recargable incluida<\/span><\/td>\n<td class=\"a-span9\"><span class=\"a-size-base\">S\u00ed<\/span><\/td>\n<\/tr>\n<\/tbody>\n<\/table>","protected":false},"featured_media":25458,"template":"","meta":[],"product_brand":[],"product_cat":[1322],"product_tag":[],"class_list":{"0":"post-25336","1":"product","2":"type-product","3":"status-publish","4":"has-post-thumbnail","6":"product_cat-other-a-brands","8":"first","9":"instock","10":"shipping-taxable","11":"product-type-simple"},"aioseo_notices":[],"aioseo_head":"\n\t\t<!-- All in One SEO Pro 4.5.9.2 - aioseo.com -->\n\t\t<meta name=\"description\" content=\"DJI Mavic 2 Fly More Kit for Mavic 2 PRO &amp; Mavic 2 Zoom Accessories Combo Bundle Brand DJI Model Name CP.MA.00000037.01 Material Faux Leather Are Batteries Included Yes Item Weight 600 Grams Remote Control Included? No Battery Cell Composition Lithium Ion Rechargeable Battery Included Yes\" \/>\n\t\t<meta name=\"robots\" content=\"max-image-preview:large\" \/>\n\t\t<link rel=\"canonical\" href=\"https:\/\/www.rucashk.com\/es\/producto\/mavic-2-fly-more-combo-kit\/\" \/>\n\t\t<meta name=\"generator\" content=\"All in One SEO Pro (AIOSEO) 4.5.9.2\" \/>\n\t\t<meta property=\"og:locale\" content=\"es_ES\" \/>\n\t\t<meta property=\"og:site_name\" content=\"Rucas - One-stop AIoT Distribution Worldwide\" \/>\n\t\t<meta property=\"og:type\" content=\"article\" \/>\n\t\t<meta property=\"og:title\" content=\"DJI MAVIC 2 fly more combo kit - Rucas - Wholesale and Distribution\" \/>\n\t\t<meta property=\"og:description\" content=\"DJI Mavic 2 Fly More Kit for Mavic 2 PRO &amp; Mavic 2 Zoom Accessories Combo Bundle Brand DJI Model Name CP.MA.00000037.01 Material Faux Leather Are Batteries Included Yes Item Weight 600 Grams Remote Control Included? No Battery Cell Composition Lithium Ion Rechargeable Battery Included Yes\" \/>\n\t\t<meta property=\"og:url\" content=\"https:\/\/www.rucashk.com\/es\/producto\/mavic-2-fly-more-combo-kit\/\" \/>\n\t\t<meta property=\"og:image\" content=\"https:\/\/www.rucashk.com\/wp-content\/uploads\/replace\/503b8e645f128a97ccde2b6290747646.jpeg\" \/>\n\t\t<meta property=\"og:image:secure_url\" content=\"https:\/\/www.rucashk.com\/wp-content\/uploads\/replace\/503b8e645f128a97ccde2b6290747646.jpeg\" \/>\n\t\t<meta property=\"og:image:width\" content=\"1456\" \/>\n\t\t<meta property=\"og:image:height\" content=\"816\" \/>\n\t\t<meta property=\"article:published_time\" content=\"2024-01-09T16:16:16+00:00\" \/>\n\t\t<meta property=\"article:modified_time\" content=\"2024-01-21T08:28:10+00:00\" \/>\n\t\t<meta name=\"twitter:card\" content=\"summary_large_image\" \/>\n\t\t<meta name=\"twitter:title\" content=\"DJI MAVIC 2 fly more combo kit - Rucas - Wholesale and Distribution\" \/>\n\t\t<meta name=\"twitter:description\" content=\"DJI Mavic 2 Fly More Kit for Mavic 2 PRO &amp; Mavic 2 Zoom Accessories Combo Bundle Brand DJI Model Name CP.MA.00000037.01 Material Faux Leather Are Batteries Included Yes Item Weight 600 Grams Remote Control Included? No Battery Cell Composition Lithium Ion Rechargeable Battery Included Yes\" \/>\n\t\t<meta name=\"twitter:image\" content=\"https:\/\/www.rucashk.com\/wp-content\/uploads\/replace\/503b8e645f128a97ccde2b6290747646.jpeg\" \/>\n\t\t<script type=\"application\/ld+json\" class=\"aioseo-schema\">\n\t\t\t{\"@context\":\"https:\\\/\\\/schema.org\",\"@graph\":[{\"@type\":\"BreadcrumbList\",\"@id\":\"https:\\\/\\\/www.rucashk.com\\\/es\\\/producto\\\/mavic-2-fly-more-combo-kit\\\/#breadcrumblist\",\"itemListElement\":[{\"@type\":\"ListItem\",\"@id\":\"https:\\\/\\\/www.rucashk.com\\\/es\\\/#listItem\",\"position\":1,\"name\":\"Home\",\"item\":\"https:\\\/\\\/www.rucashk.com\\\/es\\\/\",\"nextItem\":\"https:\\\/\\\/www.rucashk.com\\\/es\\\/producto\\\/mavic-2-fly-more-combo-kit\\\/#listItem\"},{\"@type\":\"ListItem\",\"@id\":\"https:\\\/\\\/www.rucashk.com\\\/es\\\/producto\\\/mavic-2-fly-more-combo-kit\\\/#listItem\",\"position\":2,\"name\":\"DJI MAVIC 2 fly more combo kit\",\"previousItem\":\"https:\\\/\\\/www.rucashk.com\\\/es\\\/#listItem\"}]},{\"@type\":\"Organization\",\"@id\":\"https:\\\/\\\/www.rucashk.com\\\/es\\\/#organization\",\"name\":\"Rucas\",\"url\":\"https:\\\/\\\/www.rucashk.com\\\/es\\\/\",\"logo\":{\"@type\":\"ImageObject\",\"url\":\"https:\\\/\\\/www.rucashk.com\\\/wp-content\\\/uploads\\\/2023\\\/12\\\/Rucas_campany_logo.png\",\"@id\":\"https:\\\/\\\/www.rucashk.com\\\/es\\\/producto\\\/mavic-2-fly-more-combo-kit\\\/#organizationLogo\",\"width\":221,\"height\":65},\"image\":{\"@id\":\"https:\\\/\\\/www.rucashk.com\\\/es\\\/#organizationLogo\"}},{\"@type\":\"Person\",\"@id\":\"https:\\\/\\\/www.rucashk.com\\\/es\\\/author\\\/admin\\\/#author\",\"url\":\"https:\\\/\\\/www.rucashk.com\\\/es\\\/author\\\/admin\\\/\",\"name\":\"admin\",\"image\":{\"@type\":\"ImageObject\",\"@id\":\"https:\\\/\\\/www.rucashk.com\\\/es\\\/producto\\\/mavic-2-fly-more-combo-kit\\\/#authorImage\",\"url\":\"https:\\\/\\\/secure.gravatar.com\\\/avatar\\\/b7c8925b09a27e72b30232f8ecaadbd5af0f70a38c78096863fe51b64f031c24?s=96&d=mm&r=g\",\"width\":96,\"height\":96,\"caption\":\"admin\"}},{\"@type\":\"WebPage\",\"@id\":\"https:\\\/\\\/www.rucashk.com\\\/es\\\/producto\\\/mavic-2-fly-more-combo-kit\\\/#webpage\",\"url\":\"https:\\\/\\\/www.rucashk.com\\\/es\\\/producto\\\/mavic-2-fly-more-combo-kit\\\/\",\"name\":\"DJI MAVIC 2 fly more combo kit - Rucas - Wholesale and Distribution\",\"description\":\"DJI Mavic 2 Fly More Kit for Mavic 2 PRO & Mavic 2 Zoom Accessories Combo Bundle Brand DJI Model Name CP.MA.00000037.01 Material Faux Leather Are Batteries Included Yes Item Weight 600 Grams Remote Control Included? No Battery Cell Composition Lithium Ion Rechargeable Battery Included Yes\",\"inLanguage\":\"es-ES\",\"isPartOf\":{\"@id\":\"https:\\\/\\\/www.rucashk.com\\\/es\\\/#website\"},\"breadcrumb\":{\"@id\":\"https:\\\/\\\/www.rucashk.com\\\/es\\\/producto\\\/mavic-2-fly-more-combo-kit\\\/#breadcrumblist\"},\"author\":{\"@id\":\"https:\\\/\\\/www.rucashk.com\\\/es\\\/author\\\/admin\\\/#author\"},\"creator\":{\"@id\":\"https:\\\/\\\/www.rucashk.com\\\/es\\\/author\\\/admin\\\/#author\"},\"image\":{\"@type\":\"ImageObject\",\"url\":\"https:\\\/\\\/www.rucashk.com\\\/wp-content\\\/uploads\\\/2024\\\/01\\\/large_7aba93f6-dbaf-44b4-82e7-9bbab2f1f059.jpg\",\"@id\":\"https:\\\/\\\/www.rucashk.com\\\/es\\\/producto\\\/mavic-2-fly-more-combo-kit\\\/#mainImage\",\"width\":800,\"height\":800},\"primaryImageOfPage\":{\"@id\":\"https:\\\/\\\/www.rucashk.com\\\/es\\\/producto\\\/mavic-2-fly-more-combo-kit\\\/#mainImage\"},\"datePublished\":\"2024-01-09T16:16:16+00:00\",\"dateModified\":\"2024-01-21T08:28:10+00:00\"},{\"@type\":\"WebSite\",\"@id\":\"https:\\\/\\\/www.rucashk.com\\\/es\\\/#website\",\"url\":\"https:\\\/\\\/www.rucashk.com\\\/es\\\/\",\"name\":\"Rucas - Wholesale and distribution worldwide\",\"alternateName\":\"Rucas - One-stop AIoT Distribution Worldwide\",\"description\":\"One-stop AIoT Distribution Worldwide\",\"inLanguage\":\"es-ES\",\"publisher\":{\"@id\":\"https:\\\/\\\/www.rucashk.com\\\/es\\\/#organization\"}}]}\n\t\t<\/script>\n\t\t<!-- All in One SEO Pro -->\r\n\t\t<title>DJI MAVIC 2 fly more combo kit - Rucas - Wholesale and Distribution<\/title>\n\n","aioseo_head_json":{"title":"DJI MAVIC 2 fly more combo kit - Rucas - Wholesale and Distribution","description":"DJI Mavic 2 Fly More Kit for Mavic 2 PRO & Mavic 2 Zoom Accessories Combo Bundle Brand DJI Model Name CP.MA.00000037.01 Material Faux Leather Are Batteries Included Yes Item Weight 600 Grams Remote Control Included? No Battery Cell Composition Lithium Ion Rechargeable Battery Included Yes","canonical_url":"https:\/\/www.rucashk.com\/es\/producto\/mavic-2-fly-more-combo-kit\/","robots":"max-image-preview:large","keywords":"","webmasterTools":{"miscellaneous":""},"og:locale":"es_ES","og:site_name":"Rucas - One-stop AIoT Distribution Worldwide","og:type":"article","og:title":"DJI MAVIC 2 fly more combo kit - Rucas - Wholesale and Distribution","og:description":"DJI Mavic 2 Fly More Kit for Mavic 2 PRO &amp; Mavic 2 Zoom Accessories Combo Bundle Brand DJI Model Name CP.MA.00000037.01 Material Faux Leather Are Batteries Included Yes Item Weight 600 Grams Remote Control Included? No Battery Cell Composition Lithium Ion Rechargeable Battery Included Yes","og:url":"https:\/\/www.rucashk.com\/es\/producto\/mavic-2-fly-more-combo-kit\/","og:image":"https:\/\/www.rucashk.com\/wp-content\/uploads\/replace\/503b8e645f128a97ccde2b6290747646.jpeg","og:image:secure_url":"https:\/\/www.rucashk.com\/wp-content\/uploads\/replace\/503b8e645f128a97ccde2b6290747646.jpeg","og:image:width":1456,"og:image:height":816,"article:published_time":"2024-01-09T16:16:16+00:00","article:modified_time":"2024-01-21T08:28:10+00:00","twitter:card":"summary_large_image","twitter:title":"DJI MAVIC 2 fly more combo kit - Rucas - Wholesale and Distribution","twitter:description":"DJI Mavic 2 Fly More Kit for Mavic 2 PRO &amp; Mavic 2 Zoom Accessories Combo Bundle Brand DJI Model Name CP.MA.00000037.01 Material Faux Leather Are Batteries Included Yes Item Weight 600 Grams Remote Control Included? No Battery Cell Composition Lithium Ion Rechargeable Battery Included Yes","twitter:image":"https:\/\/www.rucashk.com\/wp-content\/uploads\/replace\/503b8e645f128a97ccde2b6290747646.jpeg","schema":{"@context":"https:\/\/schema.org","@graph":[{"@type":"BreadcrumbList","@id":"https:\/\/www.rucashk.com\/es\/producto\/mavic-2-fly-more-combo-kit\/#breadcrumblist","itemListElement":[{"@type":"ListItem","@id":"https:\/\/www.rucashk.com\/es\/#listItem","position":1,"name":"Home","item":"https:\/\/www.rucashk.com\/es\/","nextItem":"https:\/\/www.rucashk.com\/es\/producto\/mavic-2-fly-more-combo-kit\/#listItem"},{"@type":"ListItem","@id":"https:\/\/www.rucashk.com\/es\/producto\/mavic-2-fly-more-combo-kit\/#listItem","position":2,"name":"DJI MAVIC 2 fly more combo kit","previousItem":"https:\/\/www.rucashk.com\/es\/#listItem"}]},{"@type":"Organization","@id":"https:\/\/www.rucashk.com\/es\/#organization","name":"Rucas","url":"https:\/\/www.rucashk.com\/es\/","logo":{"@type":"ImageObject","url":"https:\/\/www.rucashk.com\/wp-content\/uploads\/2023\/12\/Rucas_campany_logo.png","@id":"https:\/\/www.rucashk.com\/es\/producto\/mavic-2-fly-more-combo-kit\/#organizationLogo","width":221,"height":65},"image":{"@id":"https:\/\/www.rucashk.com\/es\/#organizationLogo"}},{"@type":"Person","@id":"https:\/\/www.rucashk.com\/es\/author\/admin\/#author","url":"https:\/\/www.rucashk.com\/es\/author\/admin\/","name":"admin","image":{"@type":"ImageObject","@id":"https:\/\/www.rucashk.com\/es\/producto\/mavic-2-fly-more-combo-kit\/#authorImage","url":"https:\/\/secure.gravatar.com\/avatar\/b7c8925b09a27e72b30232f8ecaadbd5af0f70a38c78096863fe51b64f031c24?s=96&d=mm&r=g","width":96,"height":96,"caption":"admin"}},{"@type":"WebPage","@id":"https:\/\/www.rucashk.com\/es\/producto\/mavic-2-fly-more-combo-kit\/#webpage","url":"https:\/\/www.rucashk.com\/es\/producto\/mavic-2-fly-more-combo-kit\/","name":"DJI MAVIC 2 fly more combo kit - Rucas - Wholesale and Distribution","description":"DJI Mavic 2 Fly More Kit for Mavic 2 PRO & Mavic 2 Zoom Accessories Combo Bundle Brand DJI Model Name CP.MA.00000037.01 Material Faux Leather Are Batteries Included Yes Item Weight 600 Grams Remote Control Included? No Battery Cell Composition Lithium Ion Rechargeable Battery Included Yes","inLanguage":"es-ES","isPartOf":{"@id":"https:\/\/www.rucashk.com\/es\/#website"},"breadcrumb":{"@id":"https:\/\/www.rucashk.com\/es\/producto\/mavic-2-fly-more-combo-kit\/#breadcrumblist"},"author":{"@id":"https:\/\/www.rucashk.com\/es\/author\/admin\/#author"},"creator":{"@id":"https:\/\/www.rucashk.com\/es\/author\/admin\/#author"},"image":{"@type":"ImageObject","url":"https:\/\/www.rucashk.com\/wp-content\/uploads\/2024\/01\/large_7aba93f6-dbaf-44b4-82e7-9bbab2f1f059.jpg","@id":"https:\/\/www.rucashk.com\/es\/producto\/mavic-2-fly-more-combo-kit\/#mainImage","width":800,"height":800},"primaryImageOfPage":{"@id":"https:\/\/www.rucashk.com\/es\/producto\/mavic-2-fly-more-combo-kit\/#mainImage"},"datePublished":"2024-01-09T16:16:16+00:00","dateModified":"2024-01-21T08:28:10+00:00"},{"@type":"WebSite","@id":"https:\/\/www.rucashk.com\/es\/#website","url":"https:\/\/www.rucashk.com\/es\/","name":"Rucas - Wholesale and distribution worldwide","alternateName":"Rucas - One-stop AIoT Distribution Worldwide","description":"One-stop AIoT Distribution Worldwide","inLanguage":"es-ES","publisher":{"@id":"https:\/\/www.rucashk.com\/es\/#organization"}}]}},"aioseo_meta_data":{"post_id":"25336","title":null,"description":null,"keywords":null,"keyphrases":null,"primary_term":null,"canonical_url":null,"og_title":null,"og_description":null,"og_object_type":"default","og_image_type":"default","og_image_url":null,"og_image_width":null,"og_image_height":null,"og_image_custom_url":null,"og_image_custom_fields":null,"og_video":null,"og_custom_url":null,"og_article_section":null,"og_article_tags":null,"twitter_use_og":false,"twitter_card":"default","twitter_image_type":"default","twitter_image_url":null,"twitter_image_custom_url":null,"twitter_image_custom_fields":null,"twitter_title":null,"twitter_description":null,"schema":{"blockGraphs":[],"customGraphs":[],"default":{"data":{"Article":[],"Course":[],"Dataset":[],"FAQPage":[],"Movie":[],"Person":[],"Product":[],"Recipe":[],"Service":[],"SoftwareApplication":[],"WebPage":[]},"graphName":"","isEnabled":true},"graphs":[]},"schema_type":"default","schema_type_options":null,"pillar_content":false,"robots_default":true,"robots_noindex":false,"robots_noarchive":false,"robots_nosnippet":false,"robots_nofollow":false,"robots_noimageindex":false,"robots_noodp":false,"robots_notranslate":false,"robots_max_snippet":null,"robots_max_videopreview":null,"robots_max_imagepreview":"large","priority":null,"frequency":null,"local_seo":null,"breadcrumb_settings":null,"limit_modified_date":false,"created":"2024-04-11 01:57:18","updated":"2025-06-22 17:53:04"},"aioseo_breadcrumb":"<div class=\"aioseo-breadcrumbs\"><span class=\"aioseo-breadcrumb\">\n\t<a href=\"https:\/\/www.rucashk.com\/es\" title=\"Home\">Home<\/a>\n<\/span><span class=\"aioseo-breadcrumb-separator\">&raquo;<\/span><span class=\"aioseo-breadcrumb\">\n\t<a href=\"https:\/\/www.rucashk.com\/es\/products\/\" title=\"Productos\">Productos<\/a>\n<\/span><span class=\"aioseo-breadcrumb-separator\">&raquo;<\/span><span class=\"aioseo-breadcrumb\">\n\t<a href=\"https:\/\/www.rucashk.com\/es\/categoria-producto\/other-a-brands\/\" title=\"Other A-Brands\">Other A-Brands<\/a>\n<\/span><span class=\"aioseo-breadcrumb-separator\">&raquo;<\/span><span class=\"aioseo-breadcrumb\">\n\tDJI MAVIC 2 fly more combo kit\n<\/span><\/div>","aioseo_breadcrumb_json":[{"label":"Home","link":"https:\/\/www.rucashk.com\/es"},{"label":"Productos","link":"https:\/\/www.rucashk.com\/es\/products\/"},{"label":"Other A-Brands","link":"https:\/\/www.rucashk.com\/es\/categoria-producto\/other-a-brands\/"},{"label":"DJI MAVIC 2 fly more combo kit","link":"https:\/\/www.rucashk.com\/es\/producto\/mavic-2-fly-more-combo-kit\/"}],"_links":{"self":[{"href":"https:\/\/www.rucashk.com\/es\/wp-json\/wp\/v2\/product\/25336","targetHints":{"allow":["GET"]}}],"collection":[{"href":"https:\/\/www.rucashk.com\/es\/wp-json\/wp\/v2\/product"}],"about":[{"href":"https:\/\/www.rucashk.com\/es\/wp-json\/wp\/v2\/types\/product"}],"wp:featuredmedia":[{"embeddable":true,"href":"https:\/\/www.rucashk.com\/es\/wp-json\/wp\/v2\/media\/25458"}],"wp:attachment":[{"href":"https:\/\/www.rucashk.com\/es\/wp-json\/wp\/v2\/media?parent=25336"}],"wp:term":[{"taxonomy":"product_brand","embeddable":true,"href":"https:\/\/www.rucashk.com\/es\/wp-json\/wp\/v2\/product_brand?post=25336"},{"taxonomy":"product_cat","embeddable":true,"href":"https:\/\/www.rucashk.com\/es\/wp-json\/wp\/v2\/product_cat?post=25336"},{"taxonomy":"product_tag","embeddable":true,"href":"https:\/\/www.rucashk.com\/es\/wp-json\/wp\/v2\/product_tag?post=25336"}],"curies":[{"name":"wp","href":"https:\/\/api.w.org\/{rel}","templated":true}]}}