{"id":25332,"date":"2024-01-09T16:16:16","date_gmt":"2024-01-09T16:16:16","guid":{"rendered":"http:\/\/rucashk.com\/?post_type=product&#038;p=25332"},"modified":"2024-01-21T08:26:34","modified_gmt":"2024-01-21T08:26:34","slug":"mavic2-pro-controller","status":"publish","type":"product","link":"https:\/\/www.rucashk.com\/es\/producto\/mavic2-pro-controller\/","title":{"rendered":"DJI Mavic2 pro + controlador"},"content":{"rendered":"<p><img fetchpriority=\"high\" decoding=\"async\" class=\"alignnone size-full wp-image-27130 aligncenter\" src=\"https:\/\/www.rucashk.com\/wp-content\/uploads\/2021\/05\/DJI-Mavic-2-Pro-with-DJI-Smart-Controller-Hasselblad-Camera-1-CMOS-Sensor-4K-10-bit.jpg\" alt=\"Mavic2 pro + controller\" width=\"800\" height=\"800\" \/><\/p>\n<p style=\"text-align: center\"><img \/><img decoding=\"async\" class=\"aligncenter\" src=\"https:\/\/www.rucashk.com\/wp-content\/uploads\/2021\/05\/ef162a07-59ed-48e3-a058-e2698a866b13.__CR0029281200_PT0_SX1464_V1___.jpg\" alt=\"Mavic2 pro + controller\" width=\"1464\" height=\"600\" \/><br \/>\n<img \/><\/p>\n<div class=\"a-section a-spacing-none aplus-module-section aplus-display-table-cell aplus-image-section\" style=\"text-align: center\"><img decoding=\"async\" class=\"aligncenter\" src=\"https:\/\/www.rucashk.com\/wp-content\/uploads\/2021\/05\/f6d6501a-b1ba-4e7c-a223-af083687c644.__CR170027162037_PT0_SX800_V1___.jpg\" alt=\"Mavic2 pro + controller\" width=\"800\" height=\"600\" data-src=\"https:\/\/www.rucashk.com\/wp-content\/uploads\/2021\/05\/f6d6501a-b1ba-4e7c-a223-af083687c644.__CR170027162037_PT0_SX800_V1___.jpg\" \/><\/div>\n<div class=\"a-section a-spacing-none aplus-module-section aplus-display-table-cell aplus-text-section-right\" style=\"text-align: center\">\n<p><span class=\"aplus-accent1 aplus-module-1-topic a-text-bold\">Calidad de imagen ic\u00f3nica<\/span><\/p>\n<h1 class=\"aplus-h1 aplus-module-1-heading a-text-bold\">C\u00e1mara Hasselblad L1D-20c<\/h1>\n<p class=\"aplus-p2 aplus-module-1-description\">La L1D-20c posee la tecnolog\u00eda Hasselblad Natural Color Solution de Hasselblad, que ayuda a los usuarios a capturar tomas a\u00e9reas de 20 MP con un detalle sorprendente. El nuevo sensor CMOS de 1 pulgada tiene un \u00e1rea de detecci\u00f3n activa cuatro veces m\u00e1s efectiva que el Mavic Pro original. El sensor grande tambi\u00e9n significa un mejor rendimiento en entornos con poca luz con un rango ISO m\u00e1s amplio, ISO m\u00e1ximo elevado de 3200 a 12800.<img loading=\"lazy\" decoding=\"async\" class=\"wp-image-27113 size-full aligncenter\" src=\"https:\/\/www.rucashk.com\/wp-content\/uploads\/2021\/05\/H84bd38d3fbe74915bfd107ca8700581fH.jpg\" alt=\"Mavic2 pro + controller\" width=\"960\" height=\"1426\" \/><\/p>\n<\/div>\n<p><img class=\"aligncenter\" \/><img class=\"aligncenter\" \/><img class=\"aligncenter\" \/><img class=\"aligncenter\" \/><img class=\"aligncenter\" \/><img class=\"aligncenter\" data-spm-anchor-id=\"a2g0o.detail.1000023.i0.32499872jE4yMI\" \/><img class=\"aligncenter\" \/><img class=\"aligncenter\" \/><img class=\"aligncenter\" \/><img class=\"aligncenter\" \/><img class=\"aligncenter\" \/><img class=\"aligncenter\" \/><img class=\"aligncenter\" \/><img class=\"aligncenter\" \/><img class=\"aligncenter\" \/><img class=\"aligncenter\" \/><img class=\"aligncenter\" \/><br \/>\n<img class=\"aligncenter\" \/><img loading=\"lazy\" decoding=\"async\" class=\"alignnone wp-image-27116 size-full aligncenter\" src=\"https:\/\/www.rucashk.com\/wp-content\/uploads\/2021\/05\/H1a11dab47d944cedb6ef6525319117498.jpg\" alt=\"Mavic2 pro + controller\" width=\"960\" height=\"1378\" \/> <img loading=\"lazy\" decoding=\"async\" class=\"alignnone wp-image-27117 aligncenter\" src=\"https:\/\/www.rucashk.com\/wp-content\/uploads\/2021\/05\/H2e2987bd6ccb4fdc829f89015185d999Q.jpg\" alt=\"MAVIC 2 pro\" width=\"764\" height=\"833\" \/> <img loading=\"lazy\" decoding=\"async\" class=\"alignnone wp-image-27118 aligncenter\" src=\"https:\/\/www.rucashk.com\/wp-content\/uploads\/2021\/05\/H4cd1f5ed392f41fc925009e0870ea594z.jpg\" alt=\"Mavic2 pro + controller\" width=\"879\" height=\"1221\" \/> <img loading=\"lazy\" decoding=\"async\" class=\"alignnone wp-image-27119 aligncenter\" src=\"https:\/\/www.rucashk.com\/wp-content\/uploads\/2021\/05\/H84bd38d3fbe74915bfd107ca8700581fH-1.jpg\" alt=\"Mavic2 pro + controller\" width=\"1030\" height=\"1530\" \/> \u00a0<img loading=\"lazy\" decoding=\"async\" class=\"alignnone wp-image-27121 aligncenter\" src=\"https:\/\/www.rucashk.com\/wp-content\/uploads\/2021\/05\/H6485e173895b41618c43abc9e4493923p.jpg\" alt=\"Mavic2 pro + controller\" width=\"861\" height=\"844\" \/> <img loading=\"lazy\" decoding=\"async\" class=\"alignnone wp-image-27122 aligncenter\" src=\"https:\/\/www.rucashk.com\/wp-content\/uploads\/2021\/05\/Ha7165177ab474b0bb4d56130e7ae9f33I.jpg\" alt=\"Mavic2 pro + controller\" width=\"952\" height=\"1322\" \/><img class=\"aligncenter\" \/><img class=\"aligncenter\" \/><img class=\"aligncenter\" \/><img class=\"aligncenter\" \/><img class=\"aligncenter\" \/><img class=\"aligncenter\" \/><img class=\"aligncenter\" \/><img class=\"aligncenter\" \/><img class=\"aligncenter\" \/><img class=\"aligncenter\" \/><img class=\"aligncenter\" \/><br \/>\n<img class=\"aligncenter\" \/><img class=\"aligncenter\" \/><img class=\"aligncenter\" \/><img class=\"aligncenter\" \/><img class=\"aligncenter\" data-spm-anchor-id=\"a2g0o.detail.1000023.i1.32499872jE4yMI\" \/><br \/>\n<img class=\"aligncenter\" \/><img class=\"aligncenter\" \/><img class=\"aligncenter\" \/><img class=\"aligncenter\" data-spm-anchor-id=\"a2g0o.detail.1000023.i0.32499872jE4yMI\" \/><img class=\"aligncenter\" \/><img class=\"aligncenter\" \/><img class=\"aligncenter\" \/><img class=\"aligncenter\" \/><img class=\"aligncenter\" \/><img class=\"aligncenter\" \/><img class=\"aligncenter\" \/><img class=\"aligncenter\" \/><img class=\"aligncenter\" \/><img class=\"aligncenter\" \/><img class=\"aligncenter\" \/><br \/>\n<img class=\"aligncenter\" \/><img loading=\"lazy\" decoding=\"async\" class=\"alignnone wp-image-27123 size-full aligncenter\" src=\"https:\/\/www.rucashk.com\/wp-content\/uploads\/2021\/05\/DJI-Mavic-2-Pro-Hasselblad-Camera-4K-HDR-Video-1-CMOS-8km-Remote-31Mins-Flight-Time.jpg\" alt=\"Mavic2 pro + controller\" width=\"800\" height=\"800\" \/> <img loading=\"lazy\" decoding=\"async\" class=\"alignnone wp-image-27124 aligncenter\" src=\"https:\/\/www.rucashk.com\/wp-content\/uploads\/2021\/05\/DJI-Mavic-2-Pro-Mavic-2-Zoom-DJI-drone-Smart-Controller-Hasselblad-Camera-4K-HDR-Video.jpg\" alt=\"Mavic2 pro + controller\" width=\"938\" height=\"938\" \/><img class=\"aligncenter\" \/><img class=\"aligncenter\" \/><img class=\"aligncenter\" \/><img class=\"aligncenter\" \/><img class=\"aligncenter\" \/><img class=\"aligncenter\" \/><img class=\"aligncenter\" \/><img class=\"aligncenter\" \/><img class=\"aligncenter\" \/><img class=\"aligncenter\" \/><img class=\"aligncenter\" \/><br \/>\n<img class=\"aligncenter\" \/><img class=\"aligncenter\" \/><img class=\"aligncenter\" \/><img class=\"aligncenter\" \/><img class=\"aligncenter\" data-spm-anchor-id=\"a2g0o.detail.1000023.i1.32499872jE4yMI\" \/><br \/>\n<img class=\"aligncenter\" \/><img class=\"aligncenter\" \/><img class=\"aligncenter\" \/><img class=\"aligncenter\" data-spm-anchor-id=\"a2g0o.detail.1000023.i0.32499872jE4yMI\" \/><img class=\"aligncenter\" \/><img class=\"aligncenter\" \/><img class=\"aligncenter\" \/><img class=\"aligncenter\" \/><img class=\"aligncenter\" \/><img class=\"aligncenter\" \/><img class=\"aligncenter\" \/><img class=\"aligncenter\" \/><img class=\"aligncenter\" \/><img class=\"aligncenter\" \/><img class=\"aligncenter\" \/><br \/>\n<img class=\"aligncenter\" \/><img class=\"aligncenter\" \/><img class=\"aligncenter\" \/><img class=\"aligncenter\" \/><img class=\"aligncenter\" \/><img class=\"aligncenter\" \/><img class=\"aligncenter\" \/><img class=\"aligncenter\" \/><img class=\"aligncenter\" \/><img class=\"aligncenter\" \/><img class=\"aligncenter\" \/><img class=\"aligncenter\" \/><br \/>\n<img class=\"aligncenter\" \/><img class=\"aligncenter\" \/><img class=\"aligncenter\" \/><img class=\"aligncenter\" \/><img class=\"aligncenter\" data-spm-anchor-id=\"a2g0o.detail.1000023.i1.32499872jE4yMI\" \/><img class=\"aligncenter\" \/><img class=\"aligncenter\" \/><img class=\"aligncenter\" data-spm-anchor-id=\"a2g0o.detail.1000023.i0.32499872jE4yMI\" \/><img class=\"aligncenter\" \/><img class=\"aligncenter\" \/><img class=\"aligncenter\" \/><img class=\"aligncenter\" \/><img class=\"aligncenter\" \/><img class=\"aligncenter\" \/><img class=\"aligncenter\" \/><img class=\"aligncenter\" \/><img class=\"aligncenter\" \/><img class=\"aligncenter\" \/><img class=\"aligncenter\" \/><br \/>\n<img class=\"aligncenter\" \/><\/p>","protected":false},"excerpt":{"rendered":"<table class=\"a-normal a-spacing-micro\">\n<tbody>\n<tr class=\"a-spacing-small\">\n<td class=\"a-span3\"><span class=\"a-size-base a-text-bold\">Marca<\/span><\/td>\n<td class=\"a-span9\"><span class=\"a-size-base\">dji<\/span><\/td>\n<\/tr>\n<tr class=\"a-spacing-small\">\n<td class=\"a-span3\"><span class=\"a-size-base a-text-bold\">Color<\/span><\/td>\n<td class=\"a-span9\"><span class=\"a-size-base\">Gris<\/span><\/td>\n<\/tr>\n<tr class=\"a-spacing-small\">\n<td class=\"a-span3\"><span class=\"a-size-base a-text-bold\">Tipo de control<\/span><\/td>\n<td class=\"a-span9\"><span class=\"a-size-base\">Control remoto<\/span><\/td>\n<\/tr>\n<tr class=\"a-spacing-small\">\n<td class=\"a-span3\"><span class=\"a-size-base a-text-bold\">Resoluci\u00f3n de captura de v\u00eddeo<\/span><\/td>\n<td class=\"a-span9\"><span class=\"a-size-base\">5,4K HD<\/span><\/td>\n<\/tr>\n<tr class=\"a-spacing-small\">\n<td class=\"a-span3\"><span class=\"a-size-base a-text-bold\">\u00bfEst\u00e1n incluidas las pilas?<\/span><\/td>\n<td class=\"a-span9\"><span class=\"a-size-base\">S\u00ed<\/span><\/td>\n<\/tr>\n<tr class=\"a-spacing-small\">\n<td class=\"a-span3\"><span class=\"a-size-base a-text-bold\">Peso del art\u00edculo<\/span><\/td>\n<td class=\"a-span9\"><span class=\"a-size-base\">595 gramos<\/span><\/td>\n<\/tr>\n<tr class=\"a-spacing-small\">\n<td class=\"a-span3\"><span class=\"a-size-base a-text-bold\">\u00bfControl remoto incluido?<\/span><\/td>\n<td class=\"a-span9\"><span class=\"a-size-base\">S\u00ed<\/span><\/td>\n<\/tr>\n<tr class=\"a-spacing-small\">\n<td class=\"a-span3\"><span class=\"a-size-base a-text-bold\">Composici\u00f3n de las celdas de la bater\u00eda<\/span><\/td>\n<td class=\"a-span9\"><span class=\"a-size-base\">Iones de litio<\/span><\/td>\n<\/tr>\n<tr class=\"a-spacing-small\">\n<td class=\"a-span3\"><span class=\"a-size-base a-text-bold\">Bater\u00eda recargable incluida<\/span><\/td>\n<td class=\"a-span9\"><span class=\"a-size-base\">S\u00ed<\/span><\/td>\n<\/tr>\n<\/tbody>\n<\/table>","protected":false},"featured_media":25432,"template":"","meta":[],"product_brand":[],"product_cat":[1322],"product_tag":[],"class_list":{"0":"post-25332","1":"product","2":"type-product","3":"status-publish","4":"has-post-thumbnail","6":"product_cat-other-a-brands","8":"first","9":"instock","10":"shipping-taxable","11":"product-type-simple"},"aioseo_notices":[],"aioseo_head":"\n\t\t<!-- All in One SEO Pro 4.5.9.2 - aioseo.com -->\n\t\t<meta name=\"description\" content=\"Brand DJI Color Gray Control Type Remote Control Video Capture Resolution 5.4K HD Are Batteries Included Yes Item Weight 595 Grams Remote Control Included? Yes Battery Cell Composition Lithium Ion Rechargeable Battery Included Yes\" \/>\n\t\t<meta name=\"robots\" content=\"max-image-preview:large\" \/>\n\t\t<link rel=\"canonical\" href=\"https:\/\/www.rucashk.com\/es\/producto\/mavic2-pro-controller\/\" \/>\n\t\t<meta name=\"generator\" content=\"All in One SEO Pro (AIOSEO) 4.5.9.2\" \/>\n\t\t<meta property=\"og:locale\" content=\"es_ES\" \/>\n\t\t<meta property=\"og:site_name\" content=\"Rucas - One-stop AIoT Distribution Worldwide\" \/>\n\t\t<meta property=\"og:type\" content=\"article\" \/>\n\t\t<meta property=\"og:title\" content=\"DJI Mavic2 pro + controller - Rucas - Wholesale and Distribution\" \/>\n\t\t<meta property=\"og:description\" content=\"Brand DJI Color Gray Control Type Remote Control Video Capture Resolution 5.4K HD Are Batteries Included Yes Item Weight 595 Grams Remote Control Included? Yes Battery Cell Composition Lithium Ion Rechargeable Battery Included Yes\" \/>\n\t\t<meta property=\"og:url\" content=\"https:\/\/www.rucashk.com\/es\/producto\/mavic2-pro-controller\/\" \/>\n\t\t<meta property=\"og:image\" content=\"https:\/\/www.rucashk.com\/wp-content\/uploads\/replace\/503b8e645f128a97ccde2b6290747646.jpeg\" \/>\n\t\t<meta property=\"og:image:secure_url\" content=\"https:\/\/www.rucashk.com\/wp-content\/uploads\/replace\/503b8e645f128a97ccde2b6290747646.jpeg\" \/>\n\t\t<meta property=\"og:image:width\" content=\"1456\" \/>\n\t\t<meta property=\"og:image:height\" content=\"816\" \/>\n\t\t<meta property=\"article:published_time\" content=\"2024-01-09T16:16:16+00:00\" \/>\n\t\t<meta property=\"article:modified_time\" content=\"2024-01-21T08:26:34+00:00\" \/>\n\t\t<meta name=\"twitter:card\" content=\"summary_large_image\" \/>\n\t\t<meta name=\"twitter:title\" content=\"DJI Mavic2 pro + controller - Rucas - Wholesale and Distribution\" \/>\n\t\t<meta name=\"twitter:description\" content=\"Brand DJI Color Gray Control Type Remote Control Video Capture Resolution 5.4K HD Are Batteries Included Yes Item Weight 595 Grams Remote Control Included? Yes Battery Cell Composition Lithium Ion Rechargeable Battery Included Yes\" \/>\n\t\t<meta name=\"twitter:image\" content=\"https:\/\/www.rucashk.com\/wp-content\/uploads\/replace\/503b8e645f128a97ccde2b6290747646.jpeg\" \/>\n\t\t<script type=\"application\/ld+json\" class=\"aioseo-schema\">\n\t\t\t{\"@context\":\"https:\\\/\\\/schema.org\",\"@graph\":[{\"@type\":\"BreadcrumbList\",\"@id\":\"https:\\\/\\\/www.rucashk.com\\\/es\\\/producto\\\/mavic2-pro-controller\\\/#breadcrumblist\",\"itemListElement\":[{\"@type\":\"ListItem\",\"@id\":\"https:\\\/\\\/www.rucashk.com\\\/es\\\/#listItem\",\"position\":1,\"name\":\"Home\",\"item\":\"https:\\\/\\\/www.rucashk.com\\\/es\\\/\",\"nextItem\":\"https:\\\/\\\/www.rucashk.com\\\/es\\\/producto\\\/mavic2-pro-controller\\\/#listItem\"},{\"@type\":\"ListItem\",\"@id\":\"https:\\\/\\\/www.rucashk.com\\\/es\\\/producto\\\/mavic2-pro-controller\\\/#listItem\",\"position\":2,\"name\":\"DJI Mavic2 pro + controller\",\"previousItem\":\"https:\\\/\\\/www.rucashk.com\\\/es\\\/#listItem\"}]},{\"@type\":\"Organization\",\"@id\":\"https:\\\/\\\/www.rucashk.com\\\/es\\\/#organization\",\"name\":\"Rucas\",\"url\":\"https:\\\/\\\/www.rucashk.com\\\/es\\\/\",\"logo\":{\"@type\":\"ImageObject\",\"url\":\"https:\\\/\\\/www.rucashk.com\\\/wp-content\\\/uploads\\\/2023\\\/12\\\/Rucas_campany_logo.png\",\"@id\":\"https:\\\/\\\/www.rucashk.com\\\/es\\\/producto\\\/mavic2-pro-controller\\\/#organizationLogo\",\"width\":221,\"height\":65},\"image\":{\"@id\":\"https:\\\/\\\/www.rucashk.com\\\/es\\\/#organizationLogo\"}},{\"@type\":\"Person\",\"@id\":\"https:\\\/\\\/www.rucashk.com\\\/es\\\/author\\\/admin\\\/#author\",\"url\":\"https:\\\/\\\/www.rucashk.com\\\/es\\\/author\\\/admin\\\/\",\"name\":\"admin\",\"image\":{\"@type\":\"ImageObject\",\"@id\":\"https:\\\/\\\/www.rucashk.com\\\/es\\\/producto\\\/mavic2-pro-controller\\\/#authorImage\",\"url\":\"https:\\\/\\\/secure.gravatar.com\\\/avatar\\\/b7c8925b09a27e72b30232f8ecaadbd5af0f70a38c78096863fe51b64f031c24?s=96&d=mm&r=g\",\"width\":96,\"height\":96,\"caption\":\"admin\"}},{\"@type\":\"WebPage\",\"@id\":\"https:\\\/\\\/www.rucashk.com\\\/es\\\/producto\\\/mavic2-pro-controller\\\/#webpage\",\"url\":\"https:\\\/\\\/www.rucashk.com\\\/es\\\/producto\\\/mavic2-pro-controller\\\/\",\"name\":\"DJI Mavic2 pro + controller - Rucas - Wholesale and Distribution\",\"description\":\"Brand DJI Color Gray Control Type Remote Control Video Capture Resolution 5.4K HD Are Batteries Included Yes Item Weight 595 Grams Remote Control Included? Yes Battery Cell Composition Lithium Ion Rechargeable Battery Included Yes\",\"inLanguage\":\"es-ES\",\"isPartOf\":{\"@id\":\"https:\\\/\\\/www.rucashk.com\\\/es\\\/#website\"},\"breadcrumb\":{\"@id\":\"https:\\\/\\\/www.rucashk.com\\\/es\\\/producto\\\/mavic2-pro-controller\\\/#breadcrumblist\"},\"author\":{\"@id\":\"https:\\\/\\\/www.rucashk.com\\\/es\\\/author\\\/admin\\\/#author\"},\"creator\":{\"@id\":\"https:\\\/\\\/www.rucashk.com\\\/es\\\/author\\\/admin\\\/#author\"},\"image\":{\"@type\":\"ImageObject\",\"url\":\"https:\\\/\\\/www.rucashk.com\\\/wp-content\\\/uploads\\\/2024\\\/01\\\/DJI-Mavic-2-Pro-with-DJI-Smart-Controller-Hasselblad-Camera-1-CMOS-Sensor-4K-10-bit.jpg\",\"@id\":\"https:\\\/\\\/www.rucashk.com\\\/es\\\/producto\\\/mavic2-pro-controller\\\/#mainImage\",\"width\":800,\"height\":800},\"primaryImageOfPage\":{\"@id\":\"https:\\\/\\\/www.rucashk.com\\\/es\\\/producto\\\/mavic2-pro-controller\\\/#mainImage\"},\"datePublished\":\"2024-01-09T16:16:16+00:00\",\"dateModified\":\"2024-01-21T08:26:34+00:00\"},{\"@type\":\"WebSite\",\"@id\":\"https:\\\/\\\/www.rucashk.com\\\/es\\\/#website\",\"url\":\"https:\\\/\\\/www.rucashk.com\\\/es\\\/\",\"name\":\"Rucas - Wholesale and distribution worldwide\",\"alternateName\":\"Rucas - One-stop AIoT Distribution Worldwide\",\"description\":\"One-stop AIoT Distribution Worldwide\",\"inLanguage\":\"es-ES\",\"publisher\":{\"@id\":\"https:\\\/\\\/www.rucashk.com\\\/es\\\/#organization\"}}]}\n\t\t<\/script>\n\t\t<!-- All in One SEO Pro -->\r\n\t\t<title>DJI Mavic2 pro + controller - Rucas - Wholesale and Distribution<\/title>\n\n","aioseo_head_json":{"title":"DJI Mavic2 pro + controller - Rucas - Wholesale and Distribution","description":"Brand DJI Color Gray Control Type Remote Control Video Capture Resolution 5.4K HD Are Batteries Included Yes Item Weight 595 Grams Remote Control Included? Yes Battery Cell Composition Lithium Ion Rechargeable Battery Included Yes","canonical_url":"https:\/\/www.rucashk.com\/es\/producto\/mavic2-pro-controller\/","robots":"max-image-preview:large","keywords":"","webmasterTools":{"miscellaneous":""},"og:locale":"es_ES","og:site_name":"Rucas - One-stop AIoT Distribution Worldwide","og:type":"article","og:title":"DJI Mavic2 pro + controller - Rucas - Wholesale and Distribution","og:description":"Brand DJI Color Gray Control Type Remote Control Video Capture Resolution 5.4K HD Are Batteries Included Yes Item Weight 595 Grams Remote Control Included? Yes Battery Cell Composition Lithium Ion Rechargeable Battery Included Yes","og:url":"https:\/\/www.rucashk.com\/es\/producto\/mavic2-pro-controller\/","og:image":"https:\/\/www.rucashk.com\/wp-content\/uploads\/replace\/503b8e645f128a97ccde2b6290747646.jpeg","og:image:secure_url":"https:\/\/www.rucashk.com\/wp-content\/uploads\/replace\/503b8e645f128a97ccde2b6290747646.jpeg","og:image:width":1456,"og:image:height":816,"article:published_time":"2024-01-09T16:16:16+00:00","article:modified_time":"2024-01-21T08:26:34+00:00","twitter:card":"summary_large_image","twitter:title":"DJI Mavic2 pro + controller - Rucas - Wholesale and Distribution","twitter:description":"Brand DJI Color Gray Control Type Remote Control Video Capture Resolution 5.4K HD Are Batteries Included Yes Item Weight 595 Grams Remote Control Included? Yes Battery Cell Composition Lithium Ion Rechargeable Battery Included Yes","twitter:image":"https:\/\/www.rucashk.com\/wp-content\/uploads\/replace\/503b8e645f128a97ccde2b6290747646.jpeg","schema":{"@context":"https:\/\/schema.org","@graph":[{"@type":"BreadcrumbList","@id":"https:\/\/www.rucashk.com\/es\/producto\/mavic2-pro-controller\/#breadcrumblist","itemListElement":[{"@type":"ListItem","@id":"https:\/\/www.rucashk.com\/es\/#listItem","position":1,"name":"Home","item":"https:\/\/www.rucashk.com\/es\/","nextItem":"https:\/\/www.rucashk.com\/es\/producto\/mavic2-pro-controller\/#listItem"},{"@type":"ListItem","@id":"https:\/\/www.rucashk.com\/es\/producto\/mavic2-pro-controller\/#listItem","position":2,"name":"DJI Mavic2 pro + controller","previousItem":"https:\/\/www.rucashk.com\/es\/#listItem"}]},{"@type":"Organization","@id":"https:\/\/www.rucashk.com\/es\/#organization","name":"Rucas","url":"https:\/\/www.rucashk.com\/es\/","logo":{"@type":"ImageObject","url":"https:\/\/www.rucashk.com\/wp-content\/uploads\/2023\/12\/Rucas_campany_logo.png","@id":"https:\/\/www.rucashk.com\/es\/producto\/mavic2-pro-controller\/#organizationLogo","width":221,"height":65},"image":{"@id":"https:\/\/www.rucashk.com\/es\/#organizationLogo"}},{"@type":"Person","@id":"https:\/\/www.rucashk.com\/es\/author\/admin\/#author","url":"https:\/\/www.rucashk.com\/es\/author\/admin\/","name":"admin","image":{"@type":"ImageObject","@id":"https:\/\/www.rucashk.com\/es\/producto\/mavic2-pro-controller\/#authorImage","url":"https:\/\/secure.gravatar.com\/avatar\/b7c8925b09a27e72b30232f8ecaadbd5af0f70a38c78096863fe51b64f031c24?s=96&d=mm&r=g","width":96,"height":96,"caption":"admin"}},{"@type":"WebPage","@id":"https:\/\/www.rucashk.com\/es\/producto\/mavic2-pro-controller\/#webpage","url":"https:\/\/www.rucashk.com\/es\/producto\/mavic2-pro-controller\/","name":"DJI Mavic2 pro + controller - Rucas - Wholesale and Distribution","description":"Brand DJI Color Gray Control Type Remote Control Video Capture Resolution 5.4K HD Are Batteries Included Yes Item Weight 595 Grams Remote Control Included? Yes Battery Cell Composition Lithium Ion Rechargeable Battery Included Yes","inLanguage":"es-ES","isPartOf":{"@id":"https:\/\/www.rucashk.com\/es\/#website"},"breadcrumb":{"@id":"https:\/\/www.rucashk.com\/es\/producto\/mavic2-pro-controller\/#breadcrumblist"},"author":{"@id":"https:\/\/www.rucashk.com\/es\/author\/admin\/#author"},"creator":{"@id":"https:\/\/www.rucashk.com\/es\/author\/admin\/#author"},"image":{"@type":"ImageObject","url":"https:\/\/www.rucashk.com\/wp-content\/uploads\/2024\/01\/DJI-Mavic-2-Pro-with-DJI-Smart-Controller-Hasselblad-Camera-1-CMOS-Sensor-4K-10-bit.jpg","@id":"https:\/\/www.rucashk.com\/es\/producto\/mavic2-pro-controller\/#mainImage","width":800,"height":800},"primaryImageOfPage":{"@id":"https:\/\/www.rucashk.com\/es\/producto\/mavic2-pro-controller\/#mainImage"},"datePublished":"2024-01-09T16:16:16+00:00","dateModified":"2024-01-21T08:26:34+00:00"},{"@type":"WebSite","@id":"https:\/\/www.rucashk.com\/es\/#website","url":"https:\/\/www.rucashk.com\/es\/","name":"Rucas - Wholesale and distribution worldwide","alternateName":"Rucas - One-stop AIoT Distribution Worldwide","description":"One-stop AIoT Distribution Worldwide","inLanguage":"es-ES","publisher":{"@id":"https:\/\/www.rucashk.com\/es\/#organization"}}]}},"aioseo_meta_data":{"post_id":"25332","title":null,"description":null,"keywords":null,"keyphrases":null,"primary_term":null,"canonical_url":null,"og_title":null,"og_description":null,"og_object_type":"default","og_image_type":"default","og_image_url":null,"og_image_width":null,"og_image_height":null,"og_image_custom_url":null,"og_image_custom_fields":null,"og_video":null,"og_custom_url":null,"og_article_section":null,"og_article_tags":null,"twitter_use_og":false,"twitter_card":"default","twitter_image_type":"default","twitter_image_url":null,"twitter_image_custom_url":null,"twitter_image_custom_fields":null,"twitter_title":null,"twitter_description":null,"schema":{"blockGraphs":[],"customGraphs":[],"default":{"data":{"Article":[],"Course":[],"Dataset":[],"FAQPage":[],"Movie":[],"Person":[],"Product":[],"Recipe":[],"Service":[],"SoftwareApplication":[],"WebPage":[]},"graphName":"","isEnabled":true},"graphs":[]},"schema_type":"default","schema_type_options":null,"pillar_content":false,"robots_default":true,"robots_noindex":false,"robots_noarchive":false,"robots_nosnippet":false,"robots_nofollow":false,"robots_noimageindex":false,"robots_noodp":false,"robots_notranslate":false,"robots_max_snippet":null,"robots_max_videopreview":null,"robots_max_imagepreview":"large","priority":null,"frequency":null,"local_seo":null,"breadcrumb_settings":null,"limit_modified_date":false,"created":"2024-04-11 01:57:18","updated":"2025-06-22 17:53:03"},"aioseo_breadcrumb":"<div class=\"aioseo-breadcrumbs\"><span class=\"aioseo-breadcrumb\">\n\t<a href=\"https:\/\/www.rucashk.com\/es\" title=\"Home\">Home<\/a>\n<\/span><span class=\"aioseo-breadcrumb-separator\">&raquo;<\/span><span class=\"aioseo-breadcrumb\">\n\t<a href=\"https:\/\/www.rucashk.com\/es\/products\/\" title=\"Productos\">Productos<\/a>\n<\/span><span class=\"aioseo-breadcrumb-separator\">&raquo;<\/span><span class=\"aioseo-breadcrumb\">\n\t<a href=\"https:\/\/www.rucashk.com\/es\/categoria-producto\/other-a-brands\/\" title=\"Other A-Brands\">Other A-Brands<\/a>\n<\/span><span class=\"aioseo-breadcrumb-separator\">&raquo;<\/span><span class=\"aioseo-breadcrumb\">\n\tDJI Mavic2 pro + controller\n<\/span><\/div>","aioseo_breadcrumb_json":[{"label":"Home","link":"https:\/\/www.rucashk.com\/es"},{"label":"Productos","link":"https:\/\/www.rucashk.com\/es\/products\/"},{"label":"Other A-Brands","link":"https:\/\/www.rucashk.com\/es\/categoria-producto\/other-a-brands\/"},{"label":"DJI Mavic2 pro + controller","link":"https:\/\/www.rucashk.com\/es\/producto\/mavic2-pro-controller\/"}],"_links":{"self":[{"href":"https:\/\/www.rucashk.com\/es\/wp-json\/wp\/v2\/product\/25332","targetHints":{"allow":["GET"]}}],"collection":[{"href":"https:\/\/www.rucashk.com\/es\/wp-json\/wp\/v2\/product"}],"about":[{"href":"https:\/\/www.rucashk.com\/es\/wp-json\/wp\/v2\/types\/product"}],"wp:featuredmedia":[{"embeddable":true,"href":"https:\/\/www.rucashk.com\/es\/wp-json\/wp\/v2\/media\/25432"}],"wp:attachment":[{"href":"https:\/\/www.rucashk.com\/es\/wp-json\/wp\/v2\/media?parent=25332"}],"wp:term":[{"taxonomy":"product_brand","embeddable":true,"href":"https:\/\/www.rucashk.com\/es\/wp-json\/wp\/v2\/product_brand?post=25332"},{"taxonomy":"product_cat","embeddable":true,"href":"https:\/\/www.rucashk.com\/es\/wp-json\/wp\/v2\/product_cat?post=25332"},{"taxonomy":"product_tag","embeddable":true,"href":"https:\/\/www.rucashk.com\/es\/wp-json\/wp\/v2\/product_tag?post=25332"}],"curies":[{"name":"wp","href":"https:\/\/api.w.org\/{rel}","templated":true}]}}