{"id":25329,"date":"2024-01-09T16:16:15","date_gmt":"2024-01-09T16:16:15","guid":{"rendered":"http:\/\/rucashk.com\/?post_type=product&#038;p=25329"},"modified":"2024-01-21T08:28:51","modified_gmt":"2024-01-21T08:28:51","slug":"dji-mini-2-combo","status":"publish","type":"product","link":"https:\/\/www.rucashk.com\/es\/producto\/dji-mini-2-combo\/","title":{"rendered":"Combinaci\u00f3n DJI Mini 2"},"content":{"rendered":"<div class=\"txt\">\n<h2><img fetchpriority=\"high\" decoding=\"async\" class=\"alignnone aligncenter\" style=\"font-size: 16px\" src=\"https:\/\/www.rucashk.com\/wp-content\/uploads\/2021\/05\/12174921_en_01.jpg\" alt=\"DJI Mini 2 combo\" width=\"852\" height=\"4620\" \/><\/h2>\n<\/div>\n<h2 style=\"text-align: center\">Especificaciones<\/h2>\n<div class=\"col12 all-speces-table\">\n<div class=\"clearfix\" style=\"text-align: center\"><\/div>\n<div class=\"colspan2 mcolspan12 title p fwb\" style=\"text-align: center\">\n<table>\n<tbody>\n<tr>\n<td>Lugar de fabricaci\u00f3n<\/td>\n<\/tr>\n<\/tbody>\n<\/table>\n<\/div>\n<div class=\"colspan10 mcolspan12 content p\" style=\"text-align: center\">\n<p>Porcelana<\/p>\n<\/div>\n<div class=\"clearfix\" style=\"text-align: center\"><\/div>\n<div class=\"colspan2 mcolspan12 title p fwb\" style=\"text-align: center\">\n<table>\n<tbody>\n<tr>\n<td>Videoc\u00e1mara integrada<\/td>\n<\/tr>\n<\/tbody>\n<\/table>\n<\/div>\n<div class=\"colspan10 mcolspan12 content p\" style=\"text-align: center\">\n<p>S\u00ed<\/p>\n<\/div>\n<div class=\"clearfix\" style=\"text-align: center\"><\/div>\n<div class=\"colspan2 mcolspan12 title p fwb\" style=\"text-align: center\">\n<table>\n<tbody>\n<tr>\n<td>Resoluci\u00f3n m\u00e1xima de captura de v\u00eddeo<\/td>\n<\/tr>\n<\/tbody>\n<\/table>\n<\/div>\n<div class=\"colspan10 mcolspan12 content p\" style=\"text-align: center\">\n<p>4k<\/p>\n<\/div>\n<div class=\"clearfix\" style=\"text-align: center\"><\/div>\n<div class=\"colspan2 mcolspan12 title p fwb\" style=\"text-align: center\">\n<table>\n<tbody>\n<tr>\n<td>N\u00famero de rotores<\/td>\n<\/tr>\n<\/tbody>\n<\/table>\n<\/div>\n<div class=\"colspan10 mcolspan12 content p\" style=\"text-align: center\">\n<p>3<\/p>\n<\/div>\n<div class=\"clearfix\" style=\"text-align: center\"><\/div>\n<div class=\"colspan2 mcolspan12 title p fwb\" style=\"text-align: center\">\n<table>\n<tbody>\n<tr>\n<td>Soporte GPS<\/td>\n<\/tr>\n<\/tbody>\n<\/table>\n<\/div>\n<div class=\"colspan10 mcolspan12 content p\" style=\"text-align: center\">\n<p>S\u00ed<\/p>\n<\/div>\n<div class=\"clearfix\" style=\"text-align: center\"><\/div>\n<div class=\"colspan2 mcolspan12 title p fwb\" style=\"text-align: center\">\n<table>\n<tbody>\n<tr>\n<td>Con control remoto<\/td>\n<\/tr>\n<\/tbody>\n<\/table>\n<\/div>\n<div class=\"colspan10 mcolspan12 content p\" style=\"text-align: center\">\n<p>S\u00ed<\/p>\n<\/div>\n<div class=\"clearfix\" style=\"text-align: center\"><\/div>\n<div class=\"colspan2 mcolspan12 title p fwb\" style=\"text-align: center\">\n<table>\n<tbody>\n<tr>\n<td>Cuadros m\u00e1ximos por segundo (4K)<\/td>\n<\/tr>\n<\/tbody>\n<\/table>\n<\/div>\n<div class=\"colspan10 mcolspan12 content p\" style=\"text-align: center\">\n<p>30<\/p>\n<\/div>\n<div class=\"clearfix\" style=\"text-align: center\"><\/div>\n<div class=\"colspan2 mcolspan12 title p fwb\" style=\"text-align: center\">\n<table>\n<tbody>\n<tr>\n<td>Wi-fi incorporado<\/td>\n<\/tr>\n<\/tbody>\n<\/table>\n<\/div>\n<div class=\"colspan10 mcolspan12 content p\" style=\"text-align: center\">\n<p>S\u00ed<\/p>\n<\/div>\n<div class=\"clearfix\" style=\"text-align: center\"><\/div>\n<div class=\"colspan2 mcolspan12 title p fwb\" style=\"text-align: center\">\n<table>\n<tbody>\n<tr>\n<td>Tiempo m\u00e1ximo de vuelo (minutos)<\/td>\n<\/tr>\n<\/tbody>\n<\/table>\n<\/div>\n<div class=\"colspan10 mcolspan12 content p\" style=\"text-align: center\">\n<p>31<\/p>\n<\/div>\n<div class=\"clearfix\" style=\"text-align: center\"><\/div>\n<div class=\"colspan2 mcolspan12 title p fwb\" style=\"text-align: center\">\n<table>\n<tbody>\n<tr>\n<td>Soporte Regreso al punto de despegue<\/td>\n<\/tr>\n<\/tbody>\n<\/table>\n<\/div>\n<div class=\"colspan10 mcolspan12 content p\" style=\"text-align: center\">\n<p>S\u00ed<\/p>\n<\/div>\n<div class=\"clearfix\" style=\"text-align: center\"><\/div>\n<div class=\"colspan2 mcolspan12 title p fwb\" style=\"text-align: center\">\n<table>\n<tbody>\n<tr>\n<td>Compatible con sistema operativo m\u00f3vil<\/td>\n<\/tr>\n<\/tbody>\n<\/table>\n<\/div>\n<div class=\"colspan10 mcolspan12 content p\" style=\"text-align: center\">\n<p>iOS y Android<\/p>\n<\/div>\n<div class=\"clearfix\" style=\"text-align: center\"><\/div>\n<div class=\"colspan2 mcolspan12 title p fwb\" style=\"text-align: center\">\n<table>\n<tbody>\n<tr>\n<td>* Rango de zoom \u00f3ptico de la lente*<\/td>\n<\/tr>\n<\/tbody>\n<\/table>\n<\/div>\n<div class=\"colspan10 mcolspan12 content p\" style=\"text-align: center\">\n<p>4\u500d\u6578\u78bc\u8b8a\u7126<\/p>\n<\/div>\n<div class=\"clearfix\" style=\"text-align: center\"><\/div>\n<div class=\"colspan2 mcolspan12 title p fwb\" style=\"text-align: center\">\n<table>\n<tbody>\n<tr>\n<td>*Tipos de almacenamiento*<\/td>\n<\/tr>\n<\/tbody>\n<\/table>\n<\/div>\n<div class=\"colspan10 mcolspan12 content p\" style=\"text-align: center\">\n<p>Tarjeta de memoria flash<\/p>\n<\/div>\n<div class=\"clearfix\" style=\"text-align: center\"><\/div>\n<div class=\"colspan2 mcolspan12 title p fwb\" style=\"text-align: center\">\n<table>\n<tbody>\n<tr>\n<td>* Capacidad de almacenamiento*<\/td>\n<\/tr>\n<\/tbody>\n<\/table>\n<\/div>\n<div class=\"colspan10 mcolspan12 content p\" style=\"text-align: center\">\n<p>N \/ A<\/p>\n<\/div>\n<div class=\"clearfix\" style=\"text-align: center\"><\/div>\n<div class=\"colspan2 mcolspan12 title p fwb\" style=\"text-align: center\">\n<table>\n<tbody>\n<tr>\n<td>* Tipo de tarjeta de memoria y almacenamiento*<\/td>\n<\/tr>\n<\/tbody>\n<\/table>\n<\/div>\n<div class=\"colspan10 mcolspan12 content p\" style=\"text-align: center\">\n<p>Micro SD, 256 GB<\/p>\n<\/div>\n<div class=\"clearfix\" style=\"text-align: center\"><\/div>\n<div class=\"colspan2 mcolspan12 title p fwb\" style=\"text-align: center\">\n<table>\n<tbody>\n<tr>\n<td>* Resoluci\u00f3n de imagen fija *<\/td>\n<\/tr>\n<\/tbody>\n<\/table>\n<\/div>\n<div class=\"colspan10 mcolspan12 content p\" style=\"text-align: center\">\n<p>1200\u842c<\/p>\n<\/div>\n<div class=\"clearfix\" style=\"text-align: center\"><\/div>\n<div class=\"colspan2 mcolspan12 title p fwb\" style=\"text-align: center\">\n<table>\n<tbody>\n<tr>\n<td>Dimensi\u00f3n (An x Al x Pr mm)<\/td>\n<\/tr>\n<\/tbody>\n<\/table>\n<\/div>\n<div class=\"colspan10 mcolspan12 content p\" style=\"text-align: center\">\n<p>58x81x138<\/p>\n<\/div>\n<div class=\"clearfix\" style=\"text-align: center\"><\/div>\n<div class=\"colspan2 mcolspan12 title p fwb\" style=\"text-align: center\">\n<table>\n<tbody>\n<tr>\n<td>Regi\u00f3n de cobertura de garant\u00eda<\/td>\n<\/tr>\n<\/tbody>\n<\/table>\n<\/div>\n<div class=\"colspan10 mcolspan12 content p\" style=\"text-align: center\">\n<p>Hong Kong<\/p>\n<\/div>\n<div class=\"clearfix\" style=\"text-align: center\"><\/div>\n<div class=\"colspan2 mcolspan12 title p fwb\" style=\"text-align: center\">\n<table>\n<tbody>\n<tr>\n<td>Informaci\u00f3n de garant\u00eda<\/td>\n<\/tr>\n<\/tbody>\n<\/table>\n<\/div>\n<div class=\"colspan10 mcolspan12 content p\">\n<p style=\"text-align: center\">Garant\u00eda de 1 a\u00f1o: mano de obra + piezas<\/p>\n<\/div>\n<\/div>","protected":false},"excerpt":{"rendered":"<p>Drone ultraligero de 249g, resistencia al viento nivel 5, tiempo m\u00e1ximo de vuelo 31 minutos, OcuSync 2.0, transmisi\u00f3n de im\u00e1genes HD de 10km, visi\u00f3n + GPS de precisi\u00f3n en vuelo estacionario, c\u00e1mara 4K de 3 ejes estabilizada mec\u00e1nicamente<\/p>","protected":false},"featured_media":25418,"template":"","meta":[],"product_brand":[],"product_cat":[1322],"product_tag":[],"class_list":{"0":"post-25329","1":"product","2":"type-product","3":"status-publish","4":"has-post-thumbnail","6":"product_cat-other-a-brands","8":"first","9":"instock","10":"shipping-taxable","11":"product-type-simple"},"aioseo_notices":[],"aioseo_head":"\n\t\t<!-- All in One SEO Pro 4.5.9.2 - aioseo.com -->\n\t\t<meta name=\"description\" content=\"249g ultralight drone, level 5 wind resistance, 31 minutes maximum flight time, OcuSync 2.0, 10km HD image transmission, vision + GPS precision hovering, 3-axis 4K mechanically stabilized camera\" \/>\n\t\t<meta name=\"robots\" content=\"max-image-preview:large\" \/>\n\t\t<link rel=\"canonical\" href=\"https:\/\/www.rucashk.com\/es\/producto\/dji-mini-2-combo\/\" \/>\n\t\t<meta name=\"generator\" content=\"All in One SEO Pro (AIOSEO) 4.5.9.2\" \/>\n\t\t<meta property=\"og:locale\" content=\"es_ES\" \/>\n\t\t<meta property=\"og:site_name\" content=\"Rucas - One-stop AIoT Distribution Worldwide\" \/>\n\t\t<meta property=\"og:type\" content=\"article\" \/>\n\t\t<meta property=\"og:title\" content=\"DJI Mini 2 combo - Rucas - Wholesale and Distribution\" \/>\n\t\t<meta property=\"og:description\" content=\"249g ultralight drone, level 5 wind resistance, 31 minutes maximum flight time, OcuSync 2.0, 10km HD image transmission, vision + GPS precision hovering, 3-axis 4K mechanically stabilized camera\" \/>\n\t\t<meta property=\"og:url\" content=\"https:\/\/www.rucashk.com\/es\/producto\/dji-mini-2-combo\/\" \/>\n\t\t<meta property=\"og:image\" content=\"https:\/\/www.rucashk.com\/wp-content\/uploads\/replace\/503b8e645f128a97ccde2b6290747646.jpeg\" \/>\n\t\t<meta property=\"og:image:secure_url\" content=\"https:\/\/www.rucashk.com\/wp-content\/uploads\/replace\/503b8e645f128a97ccde2b6290747646.jpeg\" \/>\n\t\t<meta property=\"og:image:width\" content=\"1456\" \/>\n\t\t<meta property=\"og:image:height\" content=\"816\" \/>\n\t\t<meta property=\"article:published_time\" content=\"2024-01-09T16:16:15+00:00\" \/>\n\t\t<meta property=\"article:modified_time\" content=\"2024-01-21T08:28:51+00:00\" \/>\n\t\t<meta name=\"twitter:card\" content=\"summary_large_image\" \/>\n\t\t<meta name=\"twitter:title\" content=\"DJI Mini 2 combo - Rucas - Wholesale and Distribution\" \/>\n\t\t<meta name=\"twitter:description\" content=\"249g ultralight drone, level 5 wind resistance, 31 minutes maximum flight time, OcuSync 2.0, 10km HD image transmission, vision + GPS precision hovering, 3-axis 4K mechanically stabilized camera\" \/>\n\t\t<meta name=\"twitter:image\" content=\"https:\/\/www.rucashk.com\/wp-content\/uploads\/replace\/503b8e645f128a97ccde2b6290747646.jpeg\" \/>\n\t\t<script type=\"application\/ld+json\" class=\"aioseo-schema\">\n\t\t\t{\"@context\":\"https:\\\/\\\/schema.org\",\"@graph\":[{\"@type\":\"BreadcrumbList\",\"@id\":\"https:\\\/\\\/www.rucashk.com\\\/es\\\/producto\\\/dji-mini-2-combo\\\/#breadcrumblist\",\"itemListElement\":[{\"@type\":\"ListItem\",\"@id\":\"https:\\\/\\\/www.rucashk.com\\\/es\\\/#listItem\",\"position\":1,\"name\":\"Home\",\"item\":\"https:\\\/\\\/www.rucashk.com\\\/es\\\/\",\"nextItem\":\"https:\\\/\\\/www.rucashk.com\\\/es\\\/producto\\\/dji-mini-2-combo\\\/#listItem\"},{\"@type\":\"ListItem\",\"@id\":\"https:\\\/\\\/www.rucashk.com\\\/es\\\/producto\\\/dji-mini-2-combo\\\/#listItem\",\"position\":2,\"name\":\"DJI Mini 2 combo\",\"previousItem\":\"https:\\\/\\\/www.rucashk.com\\\/es\\\/#listItem\"}]},{\"@type\":\"Organization\",\"@id\":\"https:\\\/\\\/www.rucashk.com\\\/es\\\/#organization\",\"name\":\"Rucas\",\"url\":\"https:\\\/\\\/www.rucashk.com\\\/es\\\/\",\"logo\":{\"@type\":\"ImageObject\",\"url\":\"https:\\\/\\\/www.rucashk.com\\\/wp-content\\\/uploads\\\/2023\\\/12\\\/Rucas_campany_logo.png\",\"@id\":\"https:\\\/\\\/www.rucashk.com\\\/es\\\/producto\\\/dji-mini-2-combo\\\/#organizationLogo\",\"width\":221,\"height\":65},\"image\":{\"@id\":\"https:\\\/\\\/www.rucashk.com\\\/es\\\/#organizationLogo\"}},{\"@type\":\"Person\",\"@id\":\"https:\\\/\\\/www.rucashk.com\\\/es\\\/author\\\/admin\\\/#author\",\"url\":\"https:\\\/\\\/www.rucashk.com\\\/es\\\/author\\\/admin\\\/\",\"name\":\"admin\",\"image\":{\"@type\":\"ImageObject\",\"@id\":\"https:\\\/\\\/www.rucashk.com\\\/es\\\/producto\\\/dji-mini-2-combo\\\/#authorImage\",\"url\":\"https:\\\/\\\/secure.gravatar.com\\\/avatar\\\/b7c8925b09a27e72b30232f8ecaadbd5af0f70a38c78096863fe51b64f031c24?s=96&d=mm&r=g\",\"width\":96,\"height\":96,\"caption\":\"admin\"}},{\"@type\":\"WebPage\",\"@id\":\"https:\\\/\\\/www.rucashk.com\\\/es\\\/producto\\\/dji-mini-2-combo\\\/#webpage\",\"url\":\"https:\\\/\\\/www.rucashk.com\\\/es\\\/producto\\\/dji-mini-2-combo\\\/\",\"name\":\"DJI Mini 2 combo - Rucas - Wholesale and Distribution\",\"description\":\"249g ultralight drone, level 5 wind resistance, 31 minutes maximum flight time, OcuSync 2.0, 10km HD image transmission, vision + GPS precision hovering, 3-axis 4K mechanically stabilized camera\",\"inLanguage\":\"es-ES\",\"isPartOf\":{\"@id\":\"https:\\\/\\\/www.rucashk.com\\\/es\\\/#website\"},\"breadcrumb\":{\"@id\":\"https:\\\/\\\/www.rucashk.com\\\/es\\\/producto\\\/dji-mini-2-combo\\\/#breadcrumblist\"},\"author\":{\"@id\":\"https:\\\/\\\/www.rucashk.com\\\/es\\\/author\\\/admin\\\/#author\"},\"creator\":{\"@id\":\"https:\\\/\\\/www.rucashk.com\\\/es\\\/author\\\/admin\\\/#author\"},\"image\":{\"@type\":\"ImageObject\",\"url\":\"https:\\\/\\\/www.rucashk.com\\\/wp-content\\\/uploads\\\/2024\\\/01\\\/\\u5fae\\u4fe1\\u622a\\u56fe_20210528181121.png\",\"@id\":\"https:\\\/\\\/www.rucashk.com\\\/es\\\/producto\\\/dji-mini-2-combo\\\/#mainImage\",\"width\":800,\"height\":800},\"primaryImageOfPage\":{\"@id\":\"https:\\\/\\\/www.rucashk.com\\\/es\\\/producto\\\/dji-mini-2-combo\\\/#mainImage\"},\"datePublished\":\"2024-01-09T16:16:15+00:00\",\"dateModified\":\"2024-01-21T08:28:51+00:00\"},{\"@type\":\"WebSite\",\"@id\":\"https:\\\/\\\/www.rucashk.com\\\/es\\\/#website\",\"url\":\"https:\\\/\\\/www.rucashk.com\\\/es\\\/\",\"name\":\"Rucas - Wholesale and distribution worldwide\",\"alternateName\":\"Rucas - One-stop AIoT Distribution Worldwide\",\"description\":\"One-stop AIoT Distribution Worldwide\",\"inLanguage\":\"es-ES\",\"publisher\":{\"@id\":\"https:\\\/\\\/www.rucashk.com\\\/es\\\/#organization\"}}]}\n\t\t<\/script>\n\t\t<!-- All in One SEO Pro -->\r\n\t\t<title>DJI Mini 2 combo - Rucas - Wholesale and Distribution<\/title>\n\n","aioseo_head_json":{"title":"DJI Mini 2 combo - Rucas - Wholesale and Distribution","description":"249g ultralight drone, level 5 wind resistance, 31 minutes maximum flight time, OcuSync 2.0, 10km HD image transmission, vision + GPS precision hovering, 3-axis 4K mechanically stabilized camera","canonical_url":"https:\/\/www.rucashk.com\/es\/producto\/dji-mini-2-combo\/","robots":"max-image-preview:large","keywords":"","webmasterTools":{"miscellaneous":""},"og:locale":"es_ES","og:site_name":"Rucas - One-stop AIoT Distribution Worldwide","og:type":"article","og:title":"DJI Mini 2 combo - Rucas - Wholesale and Distribution","og:description":"249g ultralight drone, level 5 wind resistance, 31 minutes maximum flight time, OcuSync 2.0, 10km HD image transmission, vision + GPS precision hovering, 3-axis 4K mechanically stabilized camera","og:url":"https:\/\/www.rucashk.com\/es\/producto\/dji-mini-2-combo\/","og:image":"https:\/\/www.rucashk.com\/wp-content\/uploads\/replace\/503b8e645f128a97ccde2b6290747646.jpeg","og:image:secure_url":"https:\/\/www.rucashk.com\/wp-content\/uploads\/replace\/503b8e645f128a97ccde2b6290747646.jpeg","og:image:width":1456,"og:image:height":816,"article:published_time":"2024-01-09T16:16:15+00:00","article:modified_time":"2024-01-21T08:28:51+00:00","twitter:card":"summary_large_image","twitter:title":"DJI Mini 2 combo - Rucas - Wholesale and Distribution","twitter:description":"249g ultralight drone, level 5 wind resistance, 31 minutes maximum flight time, OcuSync 2.0, 10km HD image transmission, vision + GPS precision hovering, 3-axis 4K mechanically stabilized camera","twitter:image":"https:\/\/www.rucashk.com\/wp-content\/uploads\/replace\/503b8e645f128a97ccde2b6290747646.jpeg","schema":{"@context":"https:\/\/schema.org","@graph":[{"@type":"BreadcrumbList","@id":"https:\/\/www.rucashk.com\/es\/producto\/dji-mini-2-combo\/#breadcrumblist","itemListElement":[{"@type":"ListItem","@id":"https:\/\/www.rucashk.com\/es\/#listItem","position":1,"name":"Home","item":"https:\/\/www.rucashk.com\/es\/","nextItem":"https:\/\/www.rucashk.com\/es\/producto\/dji-mini-2-combo\/#listItem"},{"@type":"ListItem","@id":"https:\/\/www.rucashk.com\/es\/producto\/dji-mini-2-combo\/#listItem","position":2,"name":"DJI Mini 2 combo","previousItem":"https:\/\/www.rucashk.com\/es\/#listItem"}]},{"@type":"Organization","@id":"https:\/\/www.rucashk.com\/es\/#organization","name":"Rucas","url":"https:\/\/www.rucashk.com\/es\/","logo":{"@type":"ImageObject","url":"https:\/\/www.rucashk.com\/wp-content\/uploads\/2023\/12\/Rucas_campany_logo.png","@id":"https:\/\/www.rucashk.com\/es\/producto\/dji-mini-2-combo\/#organizationLogo","width":221,"height":65},"image":{"@id":"https:\/\/www.rucashk.com\/es\/#organizationLogo"}},{"@type":"Person","@id":"https:\/\/www.rucashk.com\/es\/author\/admin\/#author","url":"https:\/\/www.rucashk.com\/es\/author\/admin\/","name":"admin","image":{"@type":"ImageObject","@id":"https:\/\/www.rucashk.com\/es\/producto\/dji-mini-2-combo\/#authorImage","url":"https:\/\/secure.gravatar.com\/avatar\/b7c8925b09a27e72b30232f8ecaadbd5af0f70a38c78096863fe51b64f031c24?s=96&d=mm&r=g","width":96,"height":96,"caption":"admin"}},{"@type":"WebPage","@id":"https:\/\/www.rucashk.com\/es\/producto\/dji-mini-2-combo\/#webpage","url":"https:\/\/www.rucashk.com\/es\/producto\/dji-mini-2-combo\/","name":"DJI Mini 2 combo - Rucas - Wholesale and Distribution","description":"249g ultralight drone, level 5 wind resistance, 31 minutes maximum flight time, OcuSync 2.0, 10km HD image transmission, vision + GPS precision hovering, 3-axis 4K mechanically stabilized camera","inLanguage":"es-ES","isPartOf":{"@id":"https:\/\/www.rucashk.com\/es\/#website"},"breadcrumb":{"@id":"https:\/\/www.rucashk.com\/es\/producto\/dji-mini-2-combo\/#breadcrumblist"},"author":{"@id":"https:\/\/www.rucashk.com\/es\/author\/admin\/#author"},"creator":{"@id":"https:\/\/www.rucashk.com\/es\/author\/admin\/#author"},"image":{"@type":"ImageObject","url":"https:\/\/www.rucashk.com\/wp-content\/uploads\/2024\/01\/\u5fae\u4fe1\u622a\u56fe_20210528181121.png","@id":"https:\/\/www.rucashk.com\/es\/producto\/dji-mini-2-combo\/#mainImage","width":800,"height":800},"primaryImageOfPage":{"@id":"https:\/\/www.rucashk.com\/es\/producto\/dji-mini-2-combo\/#mainImage"},"datePublished":"2024-01-09T16:16:15+00:00","dateModified":"2024-01-21T08:28:51+00:00"},{"@type":"WebSite","@id":"https:\/\/www.rucashk.com\/es\/#website","url":"https:\/\/www.rucashk.com\/es\/","name":"Rucas - Wholesale and distribution worldwide","alternateName":"Rucas - One-stop AIoT Distribution Worldwide","description":"One-stop AIoT Distribution Worldwide","inLanguage":"es-ES","publisher":{"@id":"https:\/\/www.rucashk.com\/es\/#organization"}}]}},"aioseo_meta_data":{"post_id":"25329","title":null,"description":null,"keywords":null,"keyphrases":null,"primary_term":null,"canonical_url":null,"og_title":null,"og_description":null,"og_object_type":"default","og_image_type":"default","og_image_url":null,"og_image_width":null,"og_image_height":null,"og_image_custom_url":null,"og_image_custom_fields":null,"og_video":null,"og_custom_url":null,"og_article_section":null,"og_article_tags":null,"twitter_use_og":false,"twitter_card":"default","twitter_image_type":"default","twitter_image_url":null,"twitter_image_custom_url":null,"twitter_image_custom_fields":null,"twitter_title":null,"twitter_description":null,"schema":{"blockGraphs":[],"customGraphs":[],"default":{"data":{"Article":[],"Course":[],"Dataset":[],"FAQPage":[],"Movie":[],"Person":[],"Product":[],"Recipe":[],"Service":[],"SoftwareApplication":[],"WebPage":[]},"graphName":"","isEnabled":true},"graphs":[]},"schema_type":"default","schema_type_options":null,"pillar_content":false,"robots_default":true,"robots_noindex":false,"robots_noarchive":false,"robots_nosnippet":false,"robots_nofollow":false,"robots_noimageindex":false,"robots_noodp":false,"robots_notranslate":false,"robots_max_snippet":null,"robots_max_videopreview":null,"robots_max_imagepreview":"large","priority":null,"frequency":null,"local_seo":null,"breadcrumb_settings":null,"limit_modified_date":false,"created":"2024-04-11 01:57:18","updated":"2025-06-22 17:52:01"},"aioseo_breadcrumb":"<div class=\"aioseo-breadcrumbs\"><span class=\"aioseo-breadcrumb\">\n\t<a href=\"https:\/\/www.rucashk.com\/es\" title=\"Home\">Home<\/a>\n<\/span><span class=\"aioseo-breadcrumb-separator\">&raquo;<\/span><span class=\"aioseo-breadcrumb\">\n\t<a href=\"https:\/\/www.rucashk.com\/es\/products\/\" title=\"Productos\">Productos<\/a>\n<\/span><span class=\"aioseo-breadcrumb-separator\">&raquo;<\/span><span class=\"aioseo-breadcrumb\">\n\t<a href=\"https:\/\/www.rucashk.com\/es\/categoria-producto\/other-a-brands\/\" title=\"Other A-Brands\">Other A-Brands<\/a>\n<\/span><span class=\"aioseo-breadcrumb-separator\">&raquo;<\/span><span class=\"aioseo-breadcrumb\">\n\tDJI Mini 2 combo\n<\/span><\/div>","aioseo_breadcrumb_json":[{"label":"Home","link":"https:\/\/www.rucashk.com\/es"},{"label":"Productos","link":"https:\/\/www.rucashk.com\/es\/products\/"},{"label":"Other A-Brands","link":"https:\/\/www.rucashk.com\/es\/categoria-producto\/other-a-brands\/"},{"label":"DJI Mini 2 combo","link":"https:\/\/www.rucashk.com\/es\/producto\/dji-mini-2-combo\/"}],"_links":{"self":[{"href":"https:\/\/www.rucashk.com\/es\/wp-json\/wp\/v2\/product\/25329","targetHints":{"allow":["GET"]}}],"collection":[{"href":"https:\/\/www.rucashk.com\/es\/wp-json\/wp\/v2\/product"}],"about":[{"href":"https:\/\/www.rucashk.com\/es\/wp-json\/wp\/v2\/types\/product"}],"wp:featuredmedia":[{"embeddable":true,"href":"https:\/\/www.rucashk.com\/es\/wp-json\/wp\/v2\/media\/25418"}],"wp:attachment":[{"href":"https:\/\/www.rucashk.com\/es\/wp-json\/wp\/v2\/media?parent=25329"}],"wp:term":[{"taxonomy":"product_brand","embeddable":true,"href":"https:\/\/www.rucashk.com\/es\/wp-json\/wp\/v2\/product_brand?post=25329"},{"taxonomy":"product_cat","embeddable":true,"href":"https:\/\/www.rucashk.com\/es\/wp-json\/wp\/v2\/product_cat?post=25329"},{"taxonomy":"product_tag","embeddable":true,"href":"https:\/\/www.rucashk.com\/es\/wp-json\/wp\/v2\/product_tag?post=25329"}],"curies":[{"name":"wp","href":"https:\/\/api.w.org\/{rel}","templated":true}]}}