{"id":25290,"date":"2024-01-09T16:15:52","date_gmt":"2024-01-09T16:15:52","guid":{"rendered":"http:\/\/rucashk.com\/?post_type=product&#038;p=25290"},"modified":"2024-01-21T08:29:12","modified_gmt":"2024-01-21T08:29:12","slug":"fimi-x8-mini","status":"publish","type":"product","link":"https:\/\/www.rucashk.com\/es\/producto\/fimi-x8-mini\/","title":{"rendered":"FIMI X8 MINI"},"content":{"rendered":"<div class=\"product-overview\">\n<div id=\"product-description\" class=\"product-description\" data-spm=\"1000023\" data-spm-anchor-id=\"a2g0o.detail.0.1000023.42391d44mWfw9D\">\n<div class=\"origin-part box-sizing\">\n<div style=\"text-align: center\">\n<p><a href=\"https:\/\/www.aliexpress.com\/item\/1005002315441435.html\"><img fetchpriority=\"high\" decoding=\"async\" class=\"aligncenter\" src=\"https:\/\/www.rucashk.com\/wp-content\/uploads\/2021\/05\/Hd4327029a1bf424d9c2735b296b62c747.png\" alt=\"FIMI X8 MINI\" width=\"704\" height=\"370\" \/><\/a><\/p>\n<p><a href=\"https:\/\/www.aliexpress.com\/item\/4000006940831.html\" target=\"_self\" rel=\"noopener noreferrer\"><img decoding=\"async\" src=\"https:\/\/www.rucashk.com\/wp-content\/uploads\/2021\/05\/H65471bbcd4de4688893ef0493c7465b73.png\" width=\"178\" height=\"222\" \/><\/a><a href=\"https:\/\/www.aliexpress.com\/item\/4000006940831.html\" target=\"_self\" rel=\"noopener noreferrer\"><img decoding=\"async\" src=\"https:\/\/www.rucashk.com\/wp-content\/uploads\/2021\/05\/H8dd59c08922642b3a7a5f63e52e2cd4ai.png\" width=\"174\" height=\"222\" \/><\/a><a href=\"https:\/\/www.aliexpress.com\/item\/1005001770927447.html?\" target=\"_self\" rel=\"noopener noreferrer\"><img loading=\"lazy\" decoding=\"async\" src=\"https:\/\/www.rucashk.com\/wp-content\/uploads\/2021\/05\/H8aff0d8d6c404ffd86e7c8ddc2546406S.png\" width=\"174\" height=\"222\" \/><\/a><a href=\"https:\/\/www.aliexpress.com\/item\/33049103865.html\" target=\"_self\" rel=\"noopener noreferrer\"><img loading=\"lazy\" decoding=\"async\" src=\"https:\/\/www.rucashk.com\/wp-content\/uploads\/2021\/05\/H70852a737ffc4a778df7dcbd5e34efe81.png\" width=\"178\" height=\"222\" \/><\/a><\/p>\n<\/div>\n<p><img loading=\"lazy\" decoding=\"async\" class=\"aligncenter\" src=\"https:\/\/www.rucashk.com\/wp-content\/uploads\/2021\/05\/Hf77d16b531de4b268b63f12347440816E.jpg\" alt=\"FIMI X8 MINI\" width=\"1080\" height=\"1400\" \/><img loading=\"lazy\" decoding=\"async\" class=\"aligncenter\" src=\"https:\/\/www.rucashk.com\/wp-content\/uploads\/2021\/05\/Hdf2003aba53c488f924c6b7947daf69a5.jpg\" alt=\"FIMI X8 MINI\" width=\"1080\" height=\"1455\" \/><img loading=\"lazy\" decoding=\"async\" class=\"aligncenter\" src=\"https:\/\/www.rucashk.com\/wp-content\/uploads\/2021\/05\/H1c8205d61fbb41c9aced14031606754bD.jpg\" alt=\"FIMI X8 MINI\" width=\"1080\" height=\"1438\" \/><img loading=\"lazy\" decoding=\"async\" class=\"aligncenter\" src=\"https:\/\/www.rucashk.com\/wp-content\/uploads\/2021\/05\/H92c869b6d2884432b4c0cba281cf9faaT.jpg\" alt=\"FIMI X8 MINI\" width=\"1080\" height=\"1021\" \/><img loading=\"lazy\" decoding=\"async\" class=\"alignnone aligncenter\" src=\"https:\/\/www.rucashk.com\/wp-content\/uploads\/2021\/05\/Hd75d56c3b5fd42e9a2cb0c806ce5a5ecj.jpg\" alt=\"FIMI X8\u8ff7\u4f60\" width=\"1080\" height=\"818\" \/><img loading=\"lazy\" decoding=\"async\" class=\"aligncenter\" src=\"https:\/\/www.rucashk.com\/wp-content\/uploads\/2021\/05\/H3f11e53b2e5946f59de058e214957470b.jpg\" alt=\"FIMI X8 MINI\" width=\"1080\" height=\"1119\" \/><img decoding=\"async\" class=\"aligncenter\" src=\"https:\/\/www.rucashk.com\/wp-content\/uploads\/2021\/05\/Hb8aa7aa7f5874dc485733774de461ecdi.jpg\" \/><img loading=\"lazy\" decoding=\"async\" class=\"aligncenter\" src=\"https:\/\/www.rucashk.com\/wp-content\/uploads\/2021\/05\/H45fdca0e972446eea09372023516cd5dd.jpg\" alt=\"FIMI X8 MINI\" width=\"1080\" height=\"1255\" \/><img loading=\"lazy\" decoding=\"async\" class=\"aligncenter\" src=\"https:\/\/www.rucashk.com\/wp-content\/uploads\/2021\/05\/H48f86116f5624d029f47dac647021836y.jpg\" alt=\"FIMI X8 MINI\" width=\"1080\" height=\"1213\" \/><img loading=\"lazy\" decoding=\"async\" class=\"aligncenter\" src=\"https:\/\/www.rucashk.com\/wp-content\/uploads\/2021\/05\/H3ac20be2546f4b9387c2379fea40ddceW.jpg\" alt=\"FIMI X8 MINI\" width=\"1080\" height=\"1139\" \/><img loading=\"lazy\" decoding=\"async\" class=\"alignnone aligncenter\" src=\"https:\/\/www.rucashk.com\/wp-content\/uploads\/2021\/05\/H2216de0409dc4c8683544063117877ebl.jpg\" alt=\"FIMI X8\u8ff7\u4f60\" width=\"1080\" height=\"923\" \/><img loading=\"lazy\" decoding=\"async\" class=\"alignnone aligncenter\" src=\"https:\/\/www.rucashk.com\/wp-content\/uploads\/2021\/05\/Hf7d62496bb304812a3935f2dcc737546S.jpg\" alt=\"FIMI X8 MINI FIMI X8 MINI\" width=\"1080\" height=\"1488\" \/><img loading=\"lazy\" decoding=\"async\" class=\"aligncenter\" src=\"https:\/\/www.rucashk.com\/wp-content\/uploads\/2021\/05\/H39f24a3469cb48d09a396ecf119b702by.jpg\" alt=\"FIMI X8 MINI\" width=\"1080\" height=\"1406\" \/><img loading=\"lazy\" decoding=\"async\" class=\"aligncenter\" src=\"https:\/\/www.rucashk.com\/wp-content\/uploads\/2021\/05\/Hb30811c4d3f246569d3457cb10d759c82.jpg\" alt=\"FIMI X8 MINI\" width=\"1080\" height=\"1052\" \/><img loading=\"lazy\" decoding=\"async\" class=\"alignnone aligncenter\" src=\"https:\/\/www.rucashk.com\/wp-content\/uploads\/2021\/05\/He7a00dc868b44a66ad288fdf97078463W.jpg\" alt=\"FIMI X8\u8ff7\u4f60\" width=\"1080\" height=\"1009\" \/><img loading=\"lazy\" decoding=\"async\" class=\"aligncenter\" src=\"https:\/\/www.rucashk.com\/wp-content\/uploads\/2021\/05\/Hfad28dcce142428db8f5a5cab24cab70N.jpg\" alt=\"FIMI X8 MINI\" width=\"1080\" height=\"1310\" \/><img loading=\"lazy\" decoding=\"async\" class=\"aligncenter\" src=\"https:\/\/www.rucashk.com\/wp-content\/uploads\/2021\/05\/H579b6b5f4b2740c3819bf343ed230d68t.jpg\" alt=\"FIMI X8 MINI\" width=\"1080\" height=\"967\" \/><img loading=\"lazy\" decoding=\"async\" class=\"alignnone aligncenter\" src=\"https:\/\/www.rucashk.com\/wp-content\/uploads\/2021\/05\/H23dcd37f98044408a71a519e44dfcd83z.jpg\" alt=\"FIMI X8\u8ff7\u4f60\" width=\"1080\" height=\"1050\" \/><img loading=\"lazy\" decoding=\"async\" class=\"alignnone aligncenter\" src=\"https:\/\/www.rucashk.com\/wp-content\/uploads\/2021\/05\/H436a1a90ea304780aee989f468c4c0796.jpg\" alt=\"FIMI X8\u8ff7\u4f60\" width=\"1080\" height=\"1360\" \/><img loading=\"lazy\" decoding=\"async\" class=\"aligncenter\" src=\"https:\/\/www.rucashk.com\/wp-content\/uploads\/2021\/05\/H3534272271c64950878c24e74424ba12t.jpg\" alt=\"FIMI X8 MINI\" width=\"1080\" height=\"1453\" \/><img loading=\"lazy\" decoding=\"async\" class=\"aligncenter\" src=\"https:\/\/www.rucashk.com\/wp-content\/uploads\/2021\/05\/Hd34dcb917fda43c78f5d23671f033643w.jpg\" alt=\"FIMI X8 MINI\" width=\"1080\" height=\"1201\" \/><img loading=\"lazy\" decoding=\"async\" class=\"alignnone aligncenter\" src=\"https:\/\/www.rucashk.com\/wp-content\/uploads\/2021\/05\/He39192feac934109afe4c34ebac6e219K.jpg\" alt=\"FIMI X8\u8ff7\u4f60\" width=\"1080\" height=\"813\" \/><img loading=\"lazy\" decoding=\"async\" class=\"aligncenter\" src=\"https:\/\/www.rucashk.com\/wp-content\/uploads\/2021\/05\/Hb90f0a1282d04b4e8c73bc376c193c18H.jpg\" alt=\"FIMI X8 MINI\" width=\"1080\" height=\"962\" \/><img decoding=\"async\" class=\"aligncenter\" src=\"https:\/\/www.rucashk.com\/wp-content\/uploads\/2021\/05\/H0355507042704d25a6729e51435afb43d.jpg\" data-spm-anchor-id=\"a2g0o.detail.1000023.i0.42391d44mWfw9D\" \/><\/p>\n<\/div>\n<\/div>\n<\/div>","protected":false},"excerpt":{"rendered":"<p class=\"product-title-text\" data-spm-anchor-id=\"a2g0o.detail.1000016.i3.42391d44mWfw9D\">FIMI X8 Mini c\u00e1mara Drone 250g clase drones 8km 4k mini drone profesional Quadcopter con c\u00e1mara gps Helic\u00f3ptero De Control Remoto<\/p>","protected":false},"featured_media":25393,"template":"","meta":[],"product_brand":[],"product_cat":[1318,1305],"product_tag":[],"class_list":{"0":"post-25290","1":"product","2":"type-product","3":"status-publish","4":"has-post-thumbnail","6":"product_cat-gadgets","7":"product_cat-xiaomi-eco","9":"first","10":"instock","11":"shipping-taxable","12":"product-type-simple"},"aioseo_notices":[],"aioseo_head":"\n\t\t<!-- All in One SEO Pro 4.5.9.2 - aioseo.com -->\n\t\t<meta name=\"description\" content=\"FIMI X8 Mini Camera Drone 250g-class drones 8km 4k professional mini drone Quadcopter with camera gps remote control helicopter\" \/>\n\t\t<meta name=\"robots\" content=\"max-image-preview:large\" \/>\n\t\t<link rel=\"canonical\" href=\"https:\/\/www.rucashk.com\/es\/producto\/fimi-x8-mini\/\" \/>\n\t\t<meta name=\"generator\" content=\"All in One SEO Pro (AIOSEO) 4.5.9.2\" \/>\n\t\t<meta property=\"og:locale\" content=\"es_ES\" \/>\n\t\t<meta property=\"og:site_name\" content=\"Rucas - One-stop AIoT Distribution Worldwide\" \/>\n\t\t<meta property=\"og:type\" content=\"article\" \/>\n\t\t<meta property=\"og:title\" content=\"FIMI X8 MINI - Rucas - Wholesale and Distribution\" \/>\n\t\t<meta property=\"og:description\" content=\"FIMI X8 Mini Camera Drone 250g-class drones 8km 4k professional mini drone Quadcopter with camera gps remote control helicopter\" \/>\n\t\t<meta property=\"og:url\" content=\"https:\/\/www.rucashk.com\/es\/producto\/fimi-x8-mini\/\" \/>\n\t\t<meta property=\"og:image\" content=\"https:\/\/www.rucashk.com\/wp-content\/uploads\/replace\/503b8e645f128a97ccde2b6290747646.jpeg\" \/>\n\t\t<meta property=\"og:image:secure_url\" content=\"https:\/\/www.rucashk.com\/wp-content\/uploads\/replace\/503b8e645f128a97ccde2b6290747646.jpeg\" \/>\n\t\t<meta property=\"og:image:width\" content=\"1456\" \/>\n\t\t<meta property=\"og:image:height\" content=\"816\" \/>\n\t\t<meta property=\"article:published_time\" content=\"2024-01-09T16:15:52+00:00\" \/>\n\t\t<meta property=\"article:modified_time\" content=\"2024-01-21T08:29:12+00:00\" \/>\n\t\t<meta name=\"twitter:card\" content=\"summary_large_image\" \/>\n\t\t<meta name=\"twitter:title\" content=\"FIMI X8 MINI - Rucas - Wholesale and Distribution\" \/>\n\t\t<meta name=\"twitter:description\" content=\"FIMI X8 Mini Camera Drone 250g-class drones 8km 4k professional mini drone Quadcopter with camera gps remote control helicopter\" \/>\n\t\t<meta name=\"twitter:image\" content=\"https:\/\/www.rucashk.com\/wp-content\/uploads\/replace\/503b8e645f128a97ccde2b6290747646.jpeg\" \/>\n\t\t<script type=\"application\/ld+json\" class=\"aioseo-schema\">\n\t\t\t{\"@context\":\"https:\\\/\\\/schema.org\",\"@graph\":[{\"@type\":\"BreadcrumbList\",\"@id\":\"https:\\\/\\\/www.rucashk.com\\\/es\\\/producto\\\/fimi-x8-mini\\\/#breadcrumblist\",\"itemListElement\":[{\"@type\":\"ListItem\",\"@id\":\"https:\\\/\\\/www.rucashk.com\\\/es\\\/#listItem\",\"position\":1,\"name\":\"Home\",\"item\":\"https:\\\/\\\/www.rucashk.com\\\/es\\\/\",\"nextItem\":\"https:\\\/\\\/www.rucashk.com\\\/es\\\/producto\\\/fimi-x8-mini\\\/#listItem\"},{\"@type\":\"ListItem\",\"@id\":\"https:\\\/\\\/www.rucashk.com\\\/es\\\/producto\\\/fimi-x8-mini\\\/#listItem\",\"position\":2,\"name\":\"FIMI X8 MINI\",\"previousItem\":\"https:\\\/\\\/www.rucashk.com\\\/es\\\/#listItem\"}]},{\"@type\":\"Organization\",\"@id\":\"https:\\\/\\\/www.rucashk.com\\\/es\\\/#organization\",\"name\":\"Rucas\",\"url\":\"https:\\\/\\\/www.rucashk.com\\\/es\\\/\",\"logo\":{\"@type\":\"ImageObject\",\"url\":\"https:\\\/\\\/www.rucashk.com\\\/wp-content\\\/uploads\\\/2023\\\/12\\\/Rucas_campany_logo.png\",\"@id\":\"https:\\\/\\\/www.rucashk.com\\\/es\\\/producto\\\/fimi-x8-mini\\\/#organizationLogo\",\"width\":221,\"height\":65},\"image\":{\"@id\":\"https:\\\/\\\/www.rucashk.com\\\/es\\\/#organizationLogo\"}},{\"@type\":\"Person\",\"@id\":\"https:\\\/\\\/www.rucashk.com\\\/es\\\/author\\\/admin\\\/#author\",\"url\":\"https:\\\/\\\/www.rucashk.com\\\/es\\\/author\\\/admin\\\/\",\"name\":\"admin\",\"image\":{\"@type\":\"ImageObject\",\"@id\":\"https:\\\/\\\/www.rucashk.com\\\/es\\\/producto\\\/fimi-x8-mini\\\/#authorImage\",\"url\":\"https:\\\/\\\/secure.gravatar.com\\\/avatar\\\/b7c8925b09a27e72b30232f8ecaadbd5af0f70a38c78096863fe51b64f031c24?s=96&d=mm&r=g\",\"width\":96,\"height\":96,\"caption\":\"admin\"}},{\"@type\":\"WebPage\",\"@id\":\"https:\\\/\\\/www.rucashk.com\\\/es\\\/producto\\\/fimi-x8-mini\\\/#webpage\",\"url\":\"https:\\\/\\\/www.rucashk.com\\\/es\\\/producto\\\/fimi-x8-mini\\\/\",\"name\":\"FIMI X8 MINI - Rucas - Wholesale and Distribution\",\"description\":\"FIMI X8 Mini Camera Drone 250g-class drones 8km 4k professional mini drone Quadcopter with camera gps remote control helicopter\",\"inLanguage\":\"es-ES\",\"isPartOf\":{\"@id\":\"https:\\\/\\\/www.rucashk.com\\\/es\\\/#website\"},\"breadcrumb\":{\"@id\":\"https:\\\/\\\/www.rucashk.com\\\/es\\\/producto\\\/fimi-x8-mini\\\/#breadcrumblist\"},\"author\":{\"@id\":\"https:\\\/\\\/www.rucashk.com\\\/es\\\/author\\\/admin\\\/#author\"},\"creator\":{\"@id\":\"https:\\\/\\\/www.rucashk.com\\\/es\\\/author\\\/admin\\\/#author\"},\"image\":{\"@type\":\"ImageObject\",\"url\":\"https:\\\/\\\/www.rucashk.com\\\/wp-content\\\/uploads\\\/2024\\\/01\\\/FIMI-X8-Mini-8KM-FPV-With-3-Mechanical-Gimbal-4K-Camera-HDR-Video-30mins-Flight-Time-1.jpg\",\"@id\":\"https:\\\/\\\/www.rucashk.com\\\/es\\\/producto\\\/fimi-x8-mini\\\/#mainImage\",\"width\":800,\"height\":800},\"primaryImageOfPage\":{\"@id\":\"https:\\\/\\\/www.rucashk.com\\\/es\\\/producto\\\/fimi-x8-mini\\\/#mainImage\"},\"datePublished\":\"2024-01-09T16:15:52+00:00\",\"dateModified\":\"2024-01-21T08:29:12+00:00\"},{\"@type\":\"WebSite\",\"@id\":\"https:\\\/\\\/www.rucashk.com\\\/es\\\/#website\",\"url\":\"https:\\\/\\\/www.rucashk.com\\\/es\\\/\",\"name\":\"Rucas - Wholesale and distribution worldwide\",\"alternateName\":\"Rucas - One-stop AIoT Distribution Worldwide\",\"description\":\"One-stop AIoT Distribution Worldwide\",\"inLanguage\":\"es-ES\",\"publisher\":{\"@id\":\"https:\\\/\\\/www.rucashk.com\\\/es\\\/#organization\"}}]}\n\t\t<\/script>\n\t\t<!-- All in One SEO Pro -->\r\n\t\t<title>FIMI X8 MINI - Rucas - Wholesale and Distribution<\/title>\n\n","aioseo_head_json":{"title":"FIMI X8 MINI - Rucas - Wholesale and Distribution","description":"FIMI X8 Mini Camera Drone 250g-class drones 8km 4k professional mini drone Quadcopter with camera gps remote control helicopter","canonical_url":"https:\/\/www.rucashk.com\/es\/producto\/fimi-x8-mini\/","robots":"max-image-preview:large","keywords":"","webmasterTools":{"miscellaneous":""},"og:locale":"es_ES","og:site_name":"Rucas - One-stop AIoT Distribution Worldwide","og:type":"article","og:title":"FIMI X8 MINI - Rucas - Wholesale and Distribution","og:description":"FIMI X8 Mini Camera Drone 250g-class drones 8km 4k professional mini drone Quadcopter with camera gps remote control helicopter","og:url":"https:\/\/www.rucashk.com\/es\/producto\/fimi-x8-mini\/","og:image":"https:\/\/www.rucashk.com\/wp-content\/uploads\/replace\/503b8e645f128a97ccde2b6290747646.jpeg","og:image:secure_url":"https:\/\/www.rucashk.com\/wp-content\/uploads\/replace\/503b8e645f128a97ccde2b6290747646.jpeg","og:image:width":1456,"og:image:height":816,"article:published_time":"2024-01-09T16:15:52+00:00","article:modified_time":"2024-01-21T08:29:12+00:00","twitter:card":"summary_large_image","twitter:title":"FIMI X8 MINI - Rucas - Wholesale and Distribution","twitter:description":"FIMI X8 Mini Camera Drone 250g-class drones 8km 4k professional mini drone Quadcopter with camera gps remote control helicopter","twitter:image":"https:\/\/www.rucashk.com\/wp-content\/uploads\/replace\/503b8e645f128a97ccde2b6290747646.jpeg","schema":{"@context":"https:\/\/schema.org","@graph":[{"@type":"BreadcrumbList","@id":"https:\/\/www.rucashk.com\/es\/producto\/fimi-x8-mini\/#breadcrumblist","itemListElement":[{"@type":"ListItem","@id":"https:\/\/www.rucashk.com\/es\/#listItem","position":1,"name":"Home","item":"https:\/\/www.rucashk.com\/es\/","nextItem":"https:\/\/www.rucashk.com\/es\/producto\/fimi-x8-mini\/#listItem"},{"@type":"ListItem","@id":"https:\/\/www.rucashk.com\/es\/producto\/fimi-x8-mini\/#listItem","position":2,"name":"FIMI X8 MINI","previousItem":"https:\/\/www.rucashk.com\/es\/#listItem"}]},{"@type":"Organization","@id":"https:\/\/www.rucashk.com\/es\/#organization","name":"Rucas","url":"https:\/\/www.rucashk.com\/es\/","logo":{"@type":"ImageObject","url":"https:\/\/www.rucashk.com\/wp-content\/uploads\/2023\/12\/Rucas_campany_logo.png","@id":"https:\/\/www.rucashk.com\/es\/producto\/fimi-x8-mini\/#organizationLogo","width":221,"height":65},"image":{"@id":"https:\/\/www.rucashk.com\/es\/#organizationLogo"}},{"@type":"Person","@id":"https:\/\/www.rucashk.com\/es\/author\/admin\/#author","url":"https:\/\/www.rucashk.com\/es\/author\/admin\/","name":"admin","image":{"@type":"ImageObject","@id":"https:\/\/www.rucashk.com\/es\/producto\/fimi-x8-mini\/#authorImage","url":"https:\/\/secure.gravatar.com\/avatar\/b7c8925b09a27e72b30232f8ecaadbd5af0f70a38c78096863fe51b64f031c24?s=96&d=mm&r=g","width":96,"height":96,"caption":"admin"}},{"@type":"WebPage","@id":"https:\/\/www.rucashk.com\/es\/producto\/fimi-x8-mini\/#webpage","url":"https:\/\/www.rucashk.com\/es\/producto\/fimi-x8-mini\/","name":"FIMI X8 MINI - Rucas - Wholesale and Distribution","description":"FIMI X8 Mini Camera Drone 250g-class drones 8km 4k professional mini drone Quadcopter with camera gps remote control helicopter","inLanguage":"es-ES","isPartOf":{"@id":"https:\/\/www.rucashk.com\/es\/#website"},"breadcrumb":{"@id":"https:\/\/www.rucashk.com\/es\/producto\/fimi-x8-mini\/#breadcrumblist"},"author":{"@id":"https:\/\/www.rucashk.com\/es\/author\/admin\/#author"},"creator":{"@id":"https:\/\/www.rucashk.com\/es\/author\/admin\/#author"},"image":{"@type":"ImageObject","url":"https:\/\/www.rucashk.com\/wp-content\/uploads\/2024\/01\/FIMI-X8-Mini-8KM-FPV-With-3-Mechanical-Gimbal-4K-Camera-HDR-Video-30mins-Flight-Time-1.jpg","@id":"https:\/\/www.rucashk.com\/es\/producto\/fimi-x8-mini\/#mainImage","width":800,"height":800},"primaryImageOfPage":{"@id":"https:\/\/www.rucashk.com\/es\/producto\/fimi-x8-mini\/#mainImage"},"datePublished":"2024-01-09T16:15:52+00:00","dateModified":"2024-01-21T08:29:12+00:00"},{"@type":"WebSite","@id":"https:\/\/www.rucashk.com\/es\/#website","url":"https:\/\/www.rucashk.com\/es\/","name":"Rucas - Wholesale and distribution worldwide","alternateName":"Rucas - One-stop AIoT Distribution Worldwide","description":"One-stop AIoT Distribution Worldwide","inLanguage":"es-ES","publisher":{"@id":"https:\/\/www.rucashk.com\/es\/#organization"}}]}},"aioseo_meta_data":{"post_id":"25290","title":null,"description":null,"keywords":null,"keyphrases":null,"primary_term":null,"canonical_url":null,"og_title":null,"og_description":null,"og_object_type":"default","og_image_type":"default","og_image_url":null,"og_image_width":null,"og_image_height":null,"og_image_custom_url":null,"og_image_custom_fields":null,"og_video":null,"og_custom_url":null,"og_article_section":null,"og_article_tags":null,"twitter_use_og":false,"twitter_card":"default","twitter_image_type":"default","twitter_image_url":null,"twitter_image_custom_url":null,"twitter_image_custom_fields":null,"twitter_title":null,"twitter_description":null,"schema":{"blockGraphs":[],"customGraphs":[],"default":{"data":{"Article":[],"Course":[],"Dataset":[],"FAQPage":[],"Movie":[],"Person":[],"Product":[],"Recipe":[],"Service":[],"SoftwareApplication":[],"WebPage":[]},"graphName":"","isEnabled":true},"graphs":[]},"schema_type":"default","schema_type_options":null,"pillar_content":false,"robots_default":true,"robots_noindex":false,"robots_noarchive":false,"robots_nosnippet":false,"robots_nofollow":false,"robots_noimageindex":false,"robots_noodp":false,"robots_notranslate":false,"robots_max_snippet":null,"robots_max_videopreview":null,"robots_max_imagepreview":"large","priority":null,"frequency":null,"local_seo":null,"breadcrumb_settings":null,"limit_modified_date":false,"created":"2024-04-11 01:57:18","updated":"2025-06-22 17:52:00"},"aioseo_breadcrumb":"<div class=\"aioseo-breadcrumbs\"><span class=\"aioseo-breadcrumb\">\n\t<a href=\"https:\/\/www.rucashk.com\/es\" title=\"Home\">Home<\/a>\n<\/span><span class=\"aioseo-breadcrumb-separator\">&raquo;<\/span><span class=\"aioseo-breadcrumb\">\n\t<a href=\"https:\/\/www.rucashk.com\/es\/products\/\" title=\"Productos\">Productos<\/a>\n<\/span><span class=\"aioseo-breadcrumb-separator\">&raquo;<\/span><span class=\"aioseo-breadcrumb\">\n\t<a href=\"https:\/\/www.rucashk.com\/es\/categoria-producto\/xiaomi-eco\/\" title=\"Xiaomi Eco\">Xiaomi Eco<\/a>\n<\/span><span class=\"aioseo-breadcrumb-separator\">&raquo;<\/span><span class=\"aioseo-breadcrumb\">\n\t<a href=\"https:\/\/www.rucashk.com\/es\/categoria-producto\/xiaomi-eco\/gadgets\/\" title=\"Gadgets\">Gadgets<\/a>\n<\/span><span class=\"aioseo-breadcrumb-separator\">&raquo;<\/span><span class=\"aioseo-breadcrumb\">\n\tFIMI X8 MINI\n<\/span><\/div>","aioseo_breadcrumb_json":[{"label":"Home","link":"https:\/\/www.rucashk.com\/es"},{"label":"Productos","link":"https:\/\/www.rucashk.com\/es\/products\/"},{"label":"Xiaomi Eco","link":"https:\/\/www.rucashk.com\/es\/categoria-producto\/xiaomi-eco\/"},{"label":"Gadgets","link":"https:\/\/www.rucashk.com\/es\/categoria-producto\/xiaomi-eco\/gadgets\/"},{"label":"FIMI X8 MINI","link":"https:\/\/www.rucashk.com\/es\/producto\/fimi-x8-mini\/"}],"_links":{"self":[{"href":"https:\/\/www.rucashk.com\/es\/wp-json\/wp\/v2\/product\/25290","targetHints":{"allow":["GET"]}}],"collection":[{"href":"https:\/\/www.rucashk.com\/es\/wp-json\/wp\/v2\/product"}],"about":[{"href":"https:\/\/www.rucashk.com\/es\/wp-json\/wp\/v2\/types\/product"}],"wp:featuredmedia":[{"embeddable":true,"href":"https:\/\/www.rucashk.com\/es\/wp-json\/wp\/v2\/media\/25393"}],"wp:attachment":[{"href":"https:\/\/www.rucashk.com\/es\/wp-json\/wp\/v2\/media?parent=25290"}],"wp:term":[{"taxonomy":"product_brand","embeddable":true,"href":"https:\/\/www.rucashk.com\/es\/wp-json\/wp\/v2\/product_brand?post=25290"},{"taxonomy":"product_cat","embeddable":true,"href":"https:\/\/www.rucashk.com\/es\/wp-json\/wp\/v2\/product_cat?post=25290"},{"taxonomy":"product_tag","embeddable":true,"href":"https:\/\/www.rucashk.com\/es\/wp-json\/wp\/v2\/product_tag?post=25290"}],"curies":[{"name":"wp","href":"https:\/\/api.w.org\/{rel}","templated":true}]}}