{"id":25288,"date":"2024-01-09T16:15:52","date_gmt":"2024-01-09T16:15:52","guid":{"rendered":"http:\/\/rucashk.com\/?post_type=product&#038;p=25288"},"modified":"2024-03-12T04:01:35","modified_gmt":"2024-03-12T04:01:35","slug":"honor-magic-watch-2-42mm","status":"publish","type":"product","link":"https:\/\/www.rucashk.com\/es\/producto\/honor-magic-watch-2-42mm\/","title":{"rendered":"Huawei Honor reloj m\u00e1gico 2 42mm"},"content":{"rendered":"<div class=\"detailmodule_text-image\">\n<p class=\"detail-desc-decorate-title\" style=\"text-align: center\" data-spm-anchor-id=\"a2g0o.detail.1000023.i1.40471ce6LsIixO\">Innovaci\u00f3n hecha personal<\/p>\n<p class=\"detail-desc-decorate-content\" style=\"text-align: center\">* Duraci\u00f3n de la bater\u00eda de 7 d\u00edas * Esferas de reloj personalizadas * 15 modos de acondicionamiento f\u00edsico basados en objetivos<\/p>\n<p><img fetchpriority=\"high\" decoding=\"async\" class=\"detail-desc-decorate-image aligncenter\" src=\"\/wp-content\/uploads\/replace\/1a4f8cb4549137e7473c537cc39b32f1.jpeg\" alt=\"Honor magic watch 2 42mm\" width=\"1000\" height=\"628\" \/><\/p>\n<\/div>\n<div class=\"detailmodule_text-image\" style=\"text-align: center\">\n<p class=\"detail-desc-decorate-title\">Acero inoxidable 316L.<\/p>\n<p class=\"detail-desc-decorate-content\">La carcasa del MagicWatch 2 est\u00e1 hecha de acero inoxidable 316L refinado, un material com\u00fanmente utilizado en la industria aeroespacial, que ofrece una alta relaci\u00f3n resistencia-peso y menos susceptibilidad a rasgu\u00f1os y rasgu\u00f1os causados por las actividades cotidianas.<\/p>\n<p><img decoding=\"async\" class=\"detail-desc-decorate-image aligncenter\" src=\"\/wp-content\/uploads\/replace\/5713b6aba2a3fe06030b5aafd083112a.jpeg\" alt=\"Honor magic watch 2 42mm\" width=\"1000\" height=\"595\" \/><\/p>\n<\/div>\n<div class=\"detailmodule_text-image\" style=\"text-align: center\">\n<p class=\"detail-desc-decorate-title\">Pantalla siempre encendida<\/p>\n<p class=\"detail-desc-decorate-content\">La pantalla AMOLED siempre encendida permanece encendida para que puedas ver la hora sin que la pantalla tarde en iluminarse.<\/p>\n<p><img decoding=\"async\" class=\"detail-desc-decorate-image aligncenter\" src=\"\/wp-content\/uploads\/replace\/0085c7efe0e2686a8e6d14f8b16c20c1.jpeg\" alt=\"Honor magic watch 2 42mm\" width=\"1000\" height=\"800\" \/><\/p>\n<\/div>\n<div class=\"detailmodule_text-image\" style=\"text-align: center\">\n<p class=\"detail-desc-decorate-title\">Esferas de reloj personalizadas<\/p>\n<p class=\"detail-desc-decorate-content\">M\u00e1s all\u00e1 de simplemente decir la hora, MagicWatch 2 puede mostrar tu toque personal con tus fotos. Como puedes almacenar varias fotos en \u00e9l, cada vez que levantes la mu\u00f1eca, aparecer\u00e1 una foto diferente.<\/p>\n<p><img loading=\"lazy\" decoding=\"async\" class=\"detail-desc-decorate-image aligncenter\" src=\"\/wp-content\/uploads\/replace\/acb8a95ec32120e6caa08dbc6e64b2f8.jpeg\" alt=\"Honor magic watch 2 42mm\" width=\"1000\" height=\"700\" \/><\/p>\n<\/div>\n<div class=\"detailmodule_text-image\" style=\"text-align: center\">\n<p class=\"detail-desc-decorate-title\">Funciones inteligentes m\u00e1s \u00fatiles<\/p>\n<p class=\"detail-desc-decorate-content\">MagicWatch 2 te ayuda a optimizar el entrenamiento seguro con una variedad de datos como VO2Max7 y los efectos del ejercicio anaer\u00f3bico o aer\u00f3bico.<\/p>\n<p><img loading=\"lazy\" decoding=\"async\" class=\"detail-desc-decorate-image aligncenter\" src=\"\/wp-content\/uploads\/replace\/84f006e0ce7674a03673856b62006445.jpeg\" alt=\"Honor magic watch 2 42mm\" width=\"1000\" height=\"768\" \/><\/p>\n<\/div>\n<div class=\"detailmodule_text-image\" style=\"text-align: center\">\n<p class=\"detail-desc-decorate-title\">Un gran avance en el rendimiento de la bater\u00eda durante hasta 7 d\u00edas<\/p>\n<p class=\"detail-desc-decorate-content\">Obtenga m\u00e1s de su desempe\u00f1o 24 horas al d\u00eda, 7 d\u00edas a la semana. Equipado con el nuevo chipset HUAWEI Kirin A1, MagicWatch 2 procesa datos m\u00e1s r\u00e1pido y utiliza menos energ\u00eda para obtener los mismos resultados.<\/p>\n<p><img loading=\"lazy\" decoding=\"async\" class=\"detail-desc-decorate-image aligncenter\" src=\"\/wp-content\/uploads\/replace\/546e2283835d7c35fb019008ebdc68e0.jpeg\" alt=\"Honor magic watch 2 42mm\" width=\"1000\" height=\"664\" \/><\/p>\n<\/div>\n<div class=\"detailmodule_text-image\" style=\"text-align: center\">\n<p class=\"detail-desc-decorate-title\">15 modos de fitness basados en objetivos<\/p>\n<p><img loading=\"lazy\" decoding=\"async\" class=\"detail-desc-decorate-image aligncenter\" src=\"\/wp-content\/uploads\/replace\/94116969e35415d4c73eaf7776f47454.jpeg\" alt=\"Honor magic watch 2 42mm\" width=\"1000\" height=\"780\" \/><\/p>\n<\/div>\n<div class=\"detailmodule_text-image\" style=\"text-align: center\">\n<p class=\"detail-desc-decorate-title\">Sistemas duales de posicionamiento por sat\u00e9lite<\/p>\n<p class=\"detail-desc-decorate-content\">Con sistemas de posicionamiento por sat\u00e9lite dual, MagicWatch 2 registra con precisi\u00f3n su velocidad y ruta cuando corre, camina o anda en bicicleta. Un alt\u00edmetro o un alt\u00edmetro incluso rastrear\u00e1n su elevaci\u00f3n durante caminatas y ascensos.<\/p>\n<p><img loading=\"lazy\" decoding=\"async\" class=\"detail-desc-decorate-image aligncenter\" src=\"\/wp-content\/uploads\/replace\/98649fdd9ee97bb4f64287ec29e52158.jpeg\" alt=\"Honor magic watch 2 42mm\" width=\"1000\" height=\"800\" \/><\/p>\n<\/div>\n<div class=\"detailmodule_text-image\" style=\"text-align: center\">\n<p class=\"detail-desc-decorate-title\">Cursos de carrera<\/p>\n<p class=\"detail-desc-decorate-content\">La aplicaci\u00f3n para correr incorporada viene con 13 recorridos de carrera diferentes con gu\u00eda VoiceOver en tiempo real. Si eres nuevo en el mundo del running o tienes experiencia, encontrar\u00e1s algo adecuado que te ayudar\u00e1 a mejorar tu resistencia de inmediato.<\/p>\n<p><img loading=\"lazy\" decoding=\"async\" class=\"detail-desc-decorate-image aligncenter\" src=\"\/wp-content\/uploads\/replace\/c0c0e58db9b653db21565e7b71341e2e.jpeg\" alt=\"Honor magic watch 2 42mm\" width=\"1000\" height=\"563\" data-spm-anchor-id=\"a2g0o.detail.1000023.i0.40471ce6LsIixO\" \/><\/p>\n<\/div>\n<div class=\"detailmodule_text-image\" style=\"text-align: center\">\n<p class=\"detail-desc-decorate-title\">Monitoreo de frecuencia card\u00edaca en nataci\u00f3n<\/p>\n<p><img loading=\"lazy\" decoding=\"async\" class=\"detail-desc-decorate-image aligncenter\" src=\"\/wp-content\/uploads\/replace\/5cdb3af397c75ce3c166d8a0ca74a8dc.jpeg\" alt=\"Honor magic watch 2 42mm\" width=\"1000\" height=\"780\" \/><\/p>\n<\/div>\n<div class=\"detailmodule_text-image\" style=\"text-align: center\">\n<p class=\"detail-desc-decorate-title\">Tu salud por encima de todo<\/p>\n<p class=\"detail-desc-decorate-content\">MagicWatch 2 te permite controlar el estr\u00e9s diario con HUAWEI TruRelax\u2122, calmando tu mente a trav\u00e9s de una serie de ejercicios de respiraci\u00f3n dentro de la aplicaci\u00f3n de respiraci\u00f3n. Comprenda mejor sus patrones de sue\u00f1o con HUAWEI TruSleep\u2122 2.0 y obtenga informaci\u00f3n personalizada sobre c\u00f3mo dormir mejor por la noche.<\/p>\n<p><img loading=\"lazy\" decoding=\"async\" class=\"detail-desc-decorate-image aligncenter\" src=\"\/wp-content\/uploads\/replace\/052cc29cf593db3817450ba58cfe81cf.jpeg\" alt=\"Honor magic watch 2 42mm\" width=\"1000\" height=\"1000\" \/><\/p>\n<\/div>\n<div class=\"detailmodule_text-image\">\n<p class=\"detail-desc-decorate-title\" style=\"text-align: center\">Reproducci\u00f3n de m\u00fasica inal\u00e1mbrica<\/p>\n<p class=\"detail-desc-decorate-content\" style=\"text-align: center\">Controla la reproducci\u00f3n de m\u00fasica de tus canciones favoritas directamente desde tu mu\u00f1eca. Gracias al almacenamiento integrado de 4 GB del MagicWatch 2, puedes conectarte instant\u00e1neamente a tus auriculares HONOR Sport PRO mientras corres sin necesidad de tu tel\u00e9fono inteligente HONOR.<\/p>\n<p><img loading=\"lazy\" decoding=\"async\" class=\"detail-desc-decorate-image aligncenter\" src=\"\/wp-content\/uploads\/replace\/8e8ebdeea9681c05b90fc1f63b94fa0e.jpeg\" alt=\"Honor magic watch 2 42mm\" width=\"1000\" height=\"768\" \/><\/p>\n<\/div>\n<div><\/div>\n<div><\/div>","protected":false},"excerpt":{"rendered":"<p><strong>Caracter\u00edstica:<\/strong><\/p>\n<p>* 7-Day Battery Life<\/p>\n<p>* Personalized Watch Faces<\/p>\n<p>* 15 Goal-Based Fitness Modes<\/p>\n<p>*Personalized Watch Faces<\/p>\n<p>*Dual Satellite Positioning Systems<\/p>","protected":false},"featured_media":25387,"template":"","meta":[],"product_brand":[],"product_cat":[1345,1322],"product_tag":[],"class_list":{"0":"post-25288","1":"product","2":"type-product","3":"status-publish","4":"has-post-thumbnail","6":"product_cat-huawei-other-a-brands","7":"product_cat-other-a-brands","9":"first","10":"instock","11":"shipping-taxable","12":"product-type-simple"},"aioseo_notices":[],"aioseo_head":"\n\t\t<!-- All in One SEO Pro 4.5.9.2 - aioseo.com -->\n\t\t<meta name=\"description\" content=\"Feature: * 7-Day Battery Life * Personalized Watch Faces * 15 Goal-Based Fitness Modes *Personalized Watch Faces *Dual Satellite Positioning Systems\" \/>\n\t\t<meta name=\"robots\" content=\"max-image-preview:large\" \/>\n\t\t<link rel=\"canonical\" href=\"https:\/\/www.rucashk.com\/es\/producto\/honor-magic-watch-2-42mm\/\" \/>\n\t\t<meta name=\"generator\" content=\"All in One SEO Pro (AIOSEO) 4.5.9.2\" \/>\n\t\t<meta property=\"og:locale\" content=\"es_ES\" \/>\n\t\t<meta property=\"og:site_name\" content=\"Rucas - One-stop AIoT Distribution Worldwide\" \/>\n\t\t<meta property=\"og:type\" content=\"article\" \/>\n\t\t<meta property=\"og:title\" content=\"Huawei Honor magic watch 2 42mm - Rucas - Wholesale and Distribution\" \/>\n\t\t<meta property=\"og:description\" content=\"Feature: * 7-Day Battery Life * Personalized Watch Faces * 15 Goal-Based Fitness Modes *Personalized Watch Faces *Dual Satellite Positioning Systems\" \/>\n\t\t<meta property=\"og:url\" content=\"https:\/\/www.rucashk.com\/es\/producto\/honor-magic-watch-2-42mm\/\" \/>\n\t\t<meta property=\"og:image\" content=\"https:\/\/www.rucashk.com\/wp-content\/uploads\/replace\/503b8e645f128a97ccde2b6290747646.jpeg\" \/>\n\t\t<meta property=\"og:image:secure_url\" content=\"https:\/\/www.rucashk.com\/wp-content\/uploads\/replace\/503b8e645f128a97ccde2b6290747646.jpeg\" \/>\n\t\t<meta property=\"og:image:width\" content=\"1456\" \/>\n\t\t<meta property=\"og:image:height\" content=\"816\" \/>\n\t\t<meta property=\"article:published_time\" content=\"2024-01-09T16:15:52+00:00\" \/>\n\t\t<meta property=\"article:modified_time\" content=\"2024-03-12T04:01:35+00:00\" \/>\n\t\t<meta name=\"twitter:card\" content=\"summary_large_image\" \/>\n\t\t<meta name=\"twitter:title\" content=\"Huawei Honor magic watch 2 42mm - Rucas - Wholesale and Distribution\" \/>\n\t\t<meta name=\"twitter:description\" content=\"Feature: * 7-Day Battery Life * Personalized Watch Faces * 15 Goal-Based Fitness Modes *Personalized Watch Faces *Dual Satellite Positioning Systems\" \/>\n\t\t<meta name=\"twitter:image\" content=\"https:\/\/www.rucashk.com\/wp-content\/uploads\/replace\/503b8e645f128a97ccde2b6290747646.jpeg\" \/>\n\t\t<script type=\"application\/ld+json\" class=\"aioseo-schema\">\n\t\t\t{\"@context\":\"https:\\\/\\\/schema.org\",\"@graph\":[{\"@type\":\"BreadcrumbList\",\"@id\":\"https:\\\/\\\/www.rucashk.com\\\/es\\\/producto\\\/honor-magic-watch-2-42mm\\\/#breadcrumblist\",\"itemListElement\":[{\"@type\":\"ListItem\",\"@id\":\"https:\\\/\\\/www.rucashk.com\\\/es\\\/#listItem\",\"position\":1,\"name\":\"Home\",\"item\":\"https:\\\/\\\/www.rucashk.com\\\/es\\\/\",\"nextItem\":\"https:\\\/\\\/www.rucashk.com\\\/es\\\/producto\\\/honor-magic-watch-2-42mm\\\/#listItem\"},{\"@type\":\"ListItem\",\"@id\":\"https:\\\/\\\/www.rucashk.com\\\/es\\\/producto\\\/honor-magic-watch-2-42mm\\\/#listItem\",\"position\":2,\"name\":\"Huawei Honor magic watch 2 42mm\",\"previousItem\":\"https:\\\/\\\/www.rucashk.com\\\/es\\\/#listItem\"}]},{\"@type\":\"Organization\",\"@id\":\"https:\\\/\\\/www.rucashk.com\\\/es\\\/#organization\",\"name\":\"Rucas\",\"url\":\"https:\\\/\\\/www.rucashk.com\\\/es\\\/\",\"logo\":{\"@type\":\"ImageObject\",\"url\":\"https:\\\/\\\/www.rucashk.com\\\/wp-content\\\/uploads\\\/2023\\\/12\\\/Rucas_campany_logo.png\",\"@id\":\"https:\\\/\\\/www.rucashk.com\\\/es\\\/producto\\\/honor-magic-watch-2-42mm\\\/#organizationLogo\",\"width\":221,\"height\":65},\"image\":{\"@id\":\"https:\\\/\\\/www.rucashk.com\\\/es\\\/#organizationLogo\"}},{\"@type\":\"Person\",\"@id\":\"https:\\\/\\\/www.rucashk.com\\\/es\\\/author\\\/admin\\\/#author\",\"url\":\"https:\\\/\\\/www.rucashk.com\\\/es\\\/author\\\/admin\\\/\",\"name\":\"admin\",\"image\":{\"@type\":\"ImageObject\",\"@id\":\"https:\\\/\\\/www.rucashk.com\\\/es\\\/producto\\\/honor-magic-watch-2-42mm\\\/#authorImage\",\"url\":\"https:\\\/\\\/secure.gravatar.com\\\/avatar\\\/b7c8925b09a27e72b30232f8ecaadbd5af0f70a38c78096863fe51b64f031c24?s=96&d=mm&r=g\",\"width\":96,\"height\":96,\"caption\":\"admin\"}},{\"@type\":\"WebPage\",\"@id\":\"https:\\\/\\\/www.rucashk.com\\\/es\\\/producto\\\/honor-magic-watch-2-42mm\\\/#webpage\",\"url\":\"https:\\\/\\\/www.rucashk.com\\\/es\\\/producto\\\/honor-magic-watch-2-42mm\\\/\",\"name\":\"Huawei Honor magic watch 2 42mm - Rucas - Wholesale and Distribution\",\"description\":\"Feature: * 7-Day Battery Life * Personalized Watch Faces * 15 Goal-Based Fitness Modes *Personalized Watch Faces *Dual Satellite Positioning Systems\",\"inLanguage\":\"es-ES\",\"isPartOf\":{\"@id\":\"https:\\\/\\\/www.rucashk.com\\\/es\\\/#website\"},\"breadcrumb\":{\"@id\":\"https:\\\/\\\/www.rucashk.com\\\/es\\\/producto\\\/honor-magic-watch-2-42mm\\\/#breadcrumblist\"},\"author\":{\"@id\":\"https:\\\/\\\/www.rucashk.com\\\/es\\\/author\\\/admin\\\/#author\"},\"creator\":{\"@id\":\"https:\\\/\\\/www.rucashk.com\\\/es\\\/author\\\/admin\\\/#author\"},\"image\":{\"@type\":\"ImageObject\",\"url\":\"https:\\\/\\\/www.rucashk.com\\\/wp-content\\\/uploads\\\/2024\\\/01\\\/1.HONOR-MAGIC-WATCH-2.jpg\",\"@id\":\"https:\\\/\\\/www.rucashk.com\\\/es\\\/producto\\\/honor-magic-watch-2-42mm\\\/#mainImage\",\"width\":1500,\"height\":1500},\"primaryImageOfPage\":{\"@id\":\"https:\\\/\\\/www.rucashk.com\\\/es\\\/producto\\\/honor-magic-watch-2-42mm\\\/#mainImage\"},\"datePublished\":\"2024-01-09T16:15:52+00:00\",\"dateModified\":\"2024-03-12T04:01:35+00:00\"},{\"@type\":\"WebSite\",\"@id\":\"https:\\\/\\\/www.rucashk.com\\\/es\\\/#website\",\"url\":\"https:\\\/\\\/www.rucashk.com\\\/es\\\/\",\"name\":\"Rucas - Wholesale and distribution worldwide\",\"alternateName\":\"Rucas - One-stop AIoT Distribution Worldwide\",\"description\":\"One-stop AIoT Distribution Worldwide\",\"inLanguage\":\"es-ES\",\"publisher\":{\"@id\":\"https:\\\/\\\/www.rucashk.com\\\/es\\\/#organization\"}}]}\n\t\t<\/script>\n\t\t<!-- All in One SEO Pro -->\r\n\t\t<title>Huawei Honor magic watch 2 42mm - Rucas - Wholesale and Distribution<\/title>\n\n","aioseo_head_json":{"title":"Huawei Honor magic watch 2 42mm - Rucas - Wholesale and Distribution","description":"Feature: * 7-Day Battery Life * Personalized Watch Faces * 15 Goal-Based Fitness Modes *Personalized Watch Faces *Dual Satellite Positioning Systems","canonical_url":"https:\/\/www.rucashk.com\/es\/producto\/honor-magic-watch-2-42mm\/","robots":"max-image-preview:large","keywords":"","webmasterTools":{"miscellaneous":""},"og:locale":"es_ES","og:site_name":"Rucas - One-stop AIoT Distribution Worldwide","og:type":"article","og:title":"Huawei Honor magic watch 2 42mm - Rucas - Wholesale and Distribution","og:description":"Feature: * 7-Day Battery Life * Personalized Watch Faces * 15 Goal-Based Fitness Modes *Personalized Watch Faces *Dual Satellite Positioning Systems","og:url":"https:\/\/www.rucashk.com\/es\/producto\/honor-magic-watch-2-42mm\/","og:image":"https:\/\/www.rucashk.com\/wp-content\/uploads\/replace\/503b8e645f128a97ccde2b6290747646.jpeg","og:image:secure_url":"https:\/\/www.rucashk.com\/wp-content\/uploads\/replace\/503b8e645f128a97ccde2b6290747646.jpeg","og:image:width":1456,"og:image:height":816,"article:published_time":"2024-01-09T16:15:52+00:00","article:modified_time":"2024-03-12T04:01:35+00:00","twitter:card":"summary_large_image","twitter:title":"Huawei Honor magic watch 2 42mm - Rucas - Wholesale and Distribution","twitter:description":"Feature: * 7-Day Battery Life * Personalized Watch Faces * 15 Goal-Based Fitness Modes *Personalized Watch Faces *Dual Satellite Positioning Systems","twitter:image":"https:\/\/www.rucashk.com\/wp-content\/uploads\/replace\/503b8e645f128a97ccde2b6290747646.jpeg","schema":{"@context":"https:\/\/schema.org","@graph":[{"@type":"BreadcrumbList","@id":"https:\/\/www.rucashk.com\/es\/producto\/honor-magic-watch-2-42mm\/#breadcrumblist","itemListElement":[{"@type":"ListItem","@id":"https:\/\/www.rucashk.com\/es\/#listItem","position":1,"name":"Home","item":"https:\/\/www.rucashk.com\/es\/","nextItem":"https:\/\/www.rucashk.com\/es\/producto\/honor-magic-watch-2-42mm\/#listItem"},{"@type":"ListItem","@id":"https:\/\/www.rucashk.com\/es\/producto\/honor-magic-watch-2-42mm\/#listItem","position":2,"name":"Huawei Honor magic watch 2 42mm","previousItem":"https:\/\/www.rucashk.com\/es\/#listItem"}]},{"@type":"Organization","@id":"https:\/\/www.rucashk.com\/es\/#organization","name":"Rucas","url":"https:\/\/www.rucashk.com\/es\/","logo":{"@type":"ImageObject","url":"https:\/\/www.rucashk.com\/wp-content\/uploads\/2023\/12\/Rucas_campany_logo.png","@id":"https:\/\/www.rucashk.com\/es\/producto\/honor-magic-watch-2-42mm\/#organizationLogo","width":221,"height":65},"image":{"@id":"https:\/\/www.rucashk.com\/es\/#organizationLogo"}},{"@type":"Person","@id":"https:\/\/www.rucashk.com\/es\/author\/admin\/#author","url":"https:\/\/www.rucashk.com\/es\/author\/admin\/","name":"admin","image":{"@type":"ImageObject","@id":"https:\/\/www.rucashk.com\/es\/producto\/honor-magic-watch-2-42mm\/#authorImage","url":"https:\/\/secure.gravatar.com\/avatar\/b7c8925b09a27e72b30232f8ecaadbd5af0f70a38c78096863fe51b64f031c24?s=96&d=mm&r=g","width":96,"height":96,"caption":"admin"}},{"@type":"WebPage","@id":"https:\/\/www.rucashk.com\/es\/producto\/honor-magic-watch-2-42mm\/#webpage","url":"https:\/\/www.rucashk.com\/es\/producto\/honor-magic-watch-2-42mm\/","name":"Huawei Honor magic watch 2 42mm - Rucas - Wholesale and Distribution","description":"Feature: * 7-Day Battery Life * Personalized Watch Faces * 15 Goal-Based Fitness Modes *Personalized Watch Faces *Dual Satellite Positioning Systems","inLanguage":"es-ES","isPartOf":{"@id":"https:\/\/www.rucashk.com\/es\/#website"},"breadcrumb":{"@id":"https:\/\/www.rucashk.com\/es\/producto\/honor-magic-watch-2-42mm\/#breadcrumblist"},"author":{"@id":"https:\/\/www.rucashk.com\/es\/author\/admin\/#author"},"creator":{"@id":"https:\/\/www.rucashk.com\/es\/author\/admin\/#author"},"image":{"@type":"ImageObject","url":"https:\/\/www.rucashk.com\/wp-content\/uploads\/2024\/01\/1.HONOR-MAGIC-WATCH-2.jpg","@id":"https:\/\/www.rucashk.com\/es\/producto\/honor-magic-watch-2-42mm\/#mainImage","width":1500,"height":1500},"primaryImageOfPage":{"@id":"https:\/\/www.rucashk.com\/es\/producto\/honor-magic-watch-2-42mm\/#mainImage"},"datePublished":"2024-01-09T16:15:52+00:00","dateModified":"2024-03-12T04:01:35+00:00"},{"@type":"WebSite","@id":"https:\/\/www.rucashk.com\/es\/#website","url":"https:\/\/www.rucashk.com\/es\/","name":"Rucas - Wholesale and distribution worldwide","alternateName":"Rucas - One-stop AIoT Distribution Worldwide","description":"One-stop AIoT Distribution Worldwide","inLanguage":"es-ES","publisher":{"@id":"https:\/\/www.rucashk.com\/es\/#organization"}}]}},"aioseo_meta_data":{"post_id":"25288","title":null,"description":null,"keywords":null,"keyphrases":null,"primary_term":null,"canonical_url":null,"og_title":null,"og_description":null,"og_object_type":"default","og_image_type":"default","og_image_url":null,"og_image_width":null,"og_image_height":null,"og_image_custom_url":null,"og_image_custom_fields":null,"og_video":null,"og_custom_url":null,"og_article_section":null,"og_article_tags":null,"twitter_use_og":false,"twitter_card":"default","twitter_image_type":"default","twitter_image_url":null,"twitter_image_custom_url":null,"twitter_image_custom_fields":null,"twitter_title":null,"twitter_description":null,"schema":{"blockGraphs":[],"customGraphs":[],"default":{"data":{"Article":[],"Course":[],"Dataset":[],"FAQPage":[],"Movie":[],"Person":[],"Product":[],"Recipe":[],"Service":[],"SoftwareApplication":[],"WebPage":[]},"graphName":"","isEnabled":true},"graphs":[]},"schema_type":"default","schema_type_options":null,"pillar_content":false,"robots_default":true,"robots_noindex":false,"robots_noarchive":false,"robots_nosnippet":false,"robots_nofollow":false,"robots_noimageindex":false,"robots_noodp":false,"robots_notranslate":false,"robots_max_snippet":null,"robots_max_videopreview":null,"robots_max_imagepreview":"large","priority":null,"frequency":null,"local_seo":null,"breadcrumb_settings":null,"limit_modified_date":false,"created":"2024-04-11 01:57:18","updated":"2025-06-22 17:51:58"},"aioseo_breadcrumb":"<div class=\"aioseo-breadcrumbs\"><span class=\"aioseo-breadcrumb\">\n\t<a href=\"https:\/\/www.rucashk.com\/es\" title=\"Home\">Home<\/a>\n<\/span><span class=\"aioseo-breadcrumb-separator\">&raquo;<\/span><span class=\"aioseo-breadcrumb\">\n\t<a href=\"https:\/\/www.rucashk.com\/es\/products\/\" title=\"Productos\">Productos<\/a>\n<\/span><span class=\"aioseo-breadcrumb-separator\">&raquo;<\/span><span class=\"aioseo-breadcrumb\">\n\t<a href=\"https:\/\/www.rucashk.com\/es\/categoria-producto\/other-a-brands\/\" title=\"Other A-Brands\">Other A-Brands<\/a>\n<\/span><span class=\"aioseo-breadcrumb-separator\">&raquo;<\/span><span class=\"aioseo-breadcrumb\">\n\t<a href=\"https:\/\/www.rucashk.com\/es\/categoria-producto\/other-a-brands\/huawei-other-a-brands\/\" title=\"Huawei\">Huawei<\/a>\n<\/span><span class=\"aioseo-breadcrumb-separator\">&raquo;<\/span><span class=\"aioseo-breadcrumb\">\n\tHuawei Honor magic watch 2 42mm\n<\/span><\/div>","aioseo_breadcrumb_json":[{"label":"Home","link":"https:\/\/www.rucashk.com\/es"},{"label":"Productos","link":"https:\/\/www.rucashk.com\/es\/products\/"},{"label":"Other A-Brands","link":"https:\/\/www.rucashk.com\/es\/categoria-producto\/other-a-brands\/"},{"label":"Huawei","link":"https:\/\/www.rucashk.com\/es\/categoria-producto\/other-a-brands\/huawei-other-a-brands\/"},{"label":"Huawei Honor magic watch 2 42mm","link":"https:\/\/www.rucashk.com\/es\/producto\/honor-magic-watch-2-42mm\/"}],"_links":{"self":[{"href":"https:\/\/www.rucashk.com\/es\/wp-json\/wp\/v2\/product\/25288","targetHints":{"allow":["GET"]}}],"collection":[{"href":"https:\/\/www.rucashk.com\/es\/wp-json\/wp\/v2\/product"}],"about":[{"href":"https:\/\/www.rucashk.com\/es\/wp-json\/wp\/v2\/types\/product"}],"wp:featuredmedia":[{"embeddable":true,"href":"https:\/\/www.rucashk.com\/es\/wp-json\/wp\/v2\/media\/25387"}],"wp:attachment":[{"href":"https:\/\/www.rucashk.com\/es\/wp-json\/wp\/v2\/media?parent=25288"}],"wp:term":[{"taxonomy":"product_brand","embeddable":true,"href":"https:\/\/www.rucashk.com\/es\/wp-json\/wp\/v2\/product_brand?post=25288"},{"taxonomy":"product_cat","embeddable":true,"href":"https:\/\/www.rucashk.com\/es\/wp-json\/wp\/v2\/product_cat?post=25288"},{"taxonomy":"product_tag","embeddable":true,"href":"https:\/\/www.rucashk.com\/es\/wp-json\/wp\/v2\/product_tag?post=25288"}],"curies":[{"name":"wp","href":"https:\/\/api.w.org\/{rel}","templated":true}]}}