{"id":25286,"date":"2024-01-09T16:15:52","date_gmt":"2024-01-09T16:15:52","guid":{"rendered":"http:\/\/rucashk.com\/?post_type=product&#038;p=25286"},"modified":"2025-06-22T07:37:19","modified_gmt":"2025-06-22T07:37:19","slug":"xiaomi-mi-wireless-router-4c","status":"publish","type":"product","link":"https:\/\/www.rucashk.com\/es\/producto\/xiaomi-mi-wireless-router-4c\/","title":{"rendered":"Enrutador inal\u00e1mbrico Xiaomi Mi 4C"},"content":{"rendered":"<div id=\"anchorGoodsDesc\" class=\"goodsDesc js-navPanel\">\n<div class=\"js-goodsDescribe\">\n<div class=\"product_pz\">\n<div class=\"product_pz_info product_pz_style2\"><img decoding=\"async\" class=\"js-descLazyload lazy-loaded aligncenter\" title=\"Router Inal\u00e1mbrico Xiaomi Mi 4C - Blanco Leche\" src=\"https:\/\/www.rucashk.com\/wp-content\/uploads\/2021\/05\/20201230171919_58851.jpg\" alt=\"Xiaomi Mi Wireless Router 4C - Milk White\" data-lazy=\"https:\/\/www.rucashk.com\/wp-content\/uploads\/2021\/05\/20201230171919_58851.jpg\" data-was-processed=\"true\" \/><\/div>\n<\/div>\n<div class=\"self-adaption\"><img decoding=\"async\" class=\"js-descLazyload lazy-loaded aligncenter\" title=\"Router Inal\u00e1mbrico Xiaomi Mi 4C - Blanco Leche\" src=\"https:\/\/www.rucashk.com\/wp-content\/uploads\/2021\/05\/20201230171919_91708.jpg\" alt=\"Xiaomi Mi Wireless Router 4C - Milk White\" data-lazy=\"https:\/\/www.rucashk.com\/wp-content\/uploads\/2021\/05\/20201230171919_91708.jpg\" data-was-processed=\"true\" \/><\/div>\n<div class=\"self-adaption\"><img decoding=\"async\" class=\"js-descLazyload lazy-loaded aligncenter\" title=\"Router Inal\u00e1mbrico Xiaomi Mi 4C - Blanco Leche\" src=\"https:\/\/www.rucashk.com\/wp-content\/uploads\/2021\/05\/20201230171919_82762.jpg\" alt=\"Xiaomi Mi Wireless Router 4C - Milk White\" data-lazy=\"https:\/\/www.rucashk.com\/wp-content\/uploads\/2021\/05\/20201230171919_82762.jpg\" data-was-processed=\"true\" \/><\/div>\n<div class=\"self-adaption\"><img decoding=\"async\" class=\"js-descLazyload lazy-loaded aligncenter\" title=\"Router Inal\u00e1mbrico Xiaomi Mi 4C - Blanco Leche\" src=\"https:\/\/www.rucashk.com\/wp-content\/uploads\/2021\/05\/1609385419824599.jpg\" alt=\"Xiaomi Mi Wireless Router 4C - Milk White\" data-lazy=\"https:\/\/www.rucashk.com\/wp-content\/uploads\/2021\/05\/1609385419824599.jpg\" data-was-processed=\"true\" \/><\/div>\n<div class=\"self-adaption\"><img decoding=\"async\" class=\"js-descLazyload lazy-loaded aligncenter\" title=\"Router Inal\u00e1mbrico Xiaomi Mi 4C - Blanco Leche\" src=\"https:\/\/www.rucashk.com\/wp-content\/uploads\/2021\/05\/20201230171919_85308.jpg\" alt=\"Xiaomi Mi Wireless Router 4C - Milk White\" data-lazy=\"https:\/\/www.rucashk.com\/wp-content\/uploads\/2021\/05\/20201230171919_85308.jpg\" data-was-processed=\"true\" \/><\/div>\n<div class=\"self-adaption\"><img decoding=\"async\" class=\"js-descLazyload lazy-loaded aligncenter\" title=\"Router Inal\u00e1mbrico Xiaomi Mi 4C - Blanco Leche\" src=\"https:\/\/www.rucashk.com\/wp-content\/uploads\/2021\/05\/20201230171919_53032.jpg\" alt=\"Xiaomi Mi Wireless Router 4C - Milk White\" data-lazy=\"https:\/\/www.rucashk.com\/wp-content\/uploads\/2021\/05\/20201230171919_53032.jpg\" data-was-processed=\"true\" \/><\/div>\n<div class=\"self-adaption\"><img decoding=\"async\" class=\"js-descLazyload lazy-loaded aligncenter\" title=\"Router Inal\u00e1mbrico Xiaomi Mi 4C - Blanco Leche\" src=\"https:\/\/www.rucashk.com\/wp-content\/uploads\/2021\/05\/1609385486241110.jpg\" alt=\"Xiaomi Mi Wireless Router 4C - Milk White\" data-lazy=\"https:\/\/www.rucashk.com\/wp-content\/uploads\/2021\/05\/1609385486241110.jpg\" data-was-processed=\"true\" \/><\/div>\n<div class=\"self-adaption\"><img decoding=\"async\" class=\"js-descLazyload lazy-loaded aligncenter\" title=\"Router Inal\u00e1mbrico Xiaomi Mi 4C - Blanco Leche\" src=\"https:\/\/www.rucashk.com\/wp-content\/uploads\/2021\/05\/20201230171920_28934.jpg\" alt=\"Xiaomi Mi Wireless Router 4C - Milk White\" data-lazy=\"https:\/\/www.rucashk.com\/wp-content\/uploads\/2021\/05\/20201230171920_28934.jpg\" data-was-processed=\"true\" \/><\/div>\n<div class=\"product_pz\">\n<h4 class=\"statement_title\"><\/h4>\n<div class=\"product_pz_info mainfeatures statement_content\">\n<p><a href=\"https:\/\/www.gearbest.com\/blog\/how-to\/travel-with-power-worldwide-power-plug-socket-types-listed-by-country-2216\" target=\"_blank\" rel=\"noopener noreferrer\"><img decoding=\"async\" class=\"js-descLazyload lazy-loaded aligncenter\" title=\"Router Inal\u00e1mbrico Xiaomi Mi 4C - Blanco Leche\" src=\"https:\/\/www.rucashk.com\/wp-content\/uploads\/2021\/05\/1501643731796572.jpg\" alt=\"Xiaomi Mi Wireless Router 4C - Milk White\" data-lazy=\"https:\/\/www.rucashk.com\/wp-content\/uploads\/2021\/05\/1501643731796572.jpg\" data-was-processed=\"true\" \/><br \/>\n<\/a><\/p>\n<p><a href=\"https:\/\/www.gearbest.com\/blog\/how-to\/travel-with-power-worldwide-power-plug-socket-types-listed-by-country-2216\" target=\"_blank\" rel=\"noopener noreferrer\"><img decoding=\"async\" class=\"js-descLazyload lazy-loaded aligncenter\" title=\"Router Inal\u00e1mbrico Xiaomi Mi 4C - Blanco Leche\" src=\"https:\/\/www.rucashk.com\/wp-content\/uploads\/2021\/05\/1535679190380143.jpg\" alt=\"Xiaomi Mi Wireless Router 4C - Milk White\" data-lazy=\"https:\/\/www.rucashk.com\/wp-content\/uploads\/2021\/05\/1535679190380143.jpg\" data-was-processed=\"true\" \/><br \/>\n<\/a><\/p>\n<\/div>\n<\/div>\n<div class=\"product_pz\">\n<h4 class=\"statement_title\"><\/h4>\n<div class=\"product_pz_info mainfeatures statement_content\">\n<p><a href=\"https:\/\/www.gearbest.com\/blog\/how-to\/travel-with-power-worldwide-power-plug-socket-types-listed-by-country-2216\" target=\"_blank\" rel=\"noopener noreferrer\"><img decoding=\"async\" class=\"js-descLazyload lazy-loaded aligncenter\" title=\"Router Inal\u00e1mbrico Xiaomi Mi 4C - Blanco Leche\" src=\"https:\/\/www.rucashk.com\/wp-content\/uploads\/2021\/05\/1511231281625384.jpg\" alt=\"Xiaomi Mi Wireless Router 4C - Milk White\" data-lazy=\"https:\/\/www.rucashk.com\/wp-content\/uploads\/2021\/05\/1511231281625384.jpg\" data-was-processed=\"true\" \/><\/a><\/p>\n<\/div>\n<\/div>\n<\/div>\n<\/div>\n<div id=\"js-goodsGuessLikeSlick-flag\" class=\"goodsRecom_flag\">\n<h2 class=\"goodsDescribe_title\" style=\"text-align: center\">Descripciones del enrutador inal\u00e1mbrico Xiaomi Mi 4C<\/h2>\n<div class=\"product_pz\">\n<div class=\"product_pz_info mainfeatures desc_simp\" style=\"text-align: center\"><b>Principales caracter\u00edsticas:<\/b><br \/>\n\u25cf Xiaomi Mi router 4C wifi de alta velocidad para el hogar a trav\u00e9s de la red inteligente anti-roce de Wall King<br \/>\n\u25cf Antena de alta ganancia, se\u00f1al m\u00e1s fuerte<br \/>\n\u25cf Memoria de 64 MB, funcionamiento estable<br \/>\n\u25cf Gesti\u00f3n inteligente de aplicaciones.<\/div>\n<\/div>\n<div class=\"product_pz\">\n<h4 class=\"expand_en_name\" style=\"text-align: center\">Especificaci\u00f3n<\/h4>\n<div class=\"product_pz_info product_pz_style2\">\n<table>\n<tbody>\n<tr>\n<th>General<\/th>\n<td>Tipo: Enrutador<br \/>\nInterfaz: WAN\/LAN<br \/>\nTipo de conectividad del enrutador: Ethernet<br \/>\nVelocidad de transmisi\u00f3n: 300 Mbps<br \/>\nVelocidad del puerto Ethernet: 300Mbps<br \/>\nProtocolos de red: IEEE 802.11b,IEEE 802.11g,IEEE 802.11n,IEEE 802.3,IEEE 802.3U<br \/>\nEst\u00e1ndar inal\u00e1mbrico: AC inal\u00e1mbrico, G inal\u00e1mbrico, N inal\u00e1mbrico<br \/>\nSeguridad inal\u00e1mbrica: WPA\/WPA2-PSK,WPA2-PSK<br \/>\nVelocidades de datos inal\u00e1mbricos: 750M<br \/>\nFrecuencia de red WiFi: 2,4 GHz, 5 GHz<br \/>\nPuertos LAN: 4 puertos<br \/>\nM\u00e1x. Velocidad de datos LAN: 300 Mbps<br \/>\nUso: uso dom\u00e9stico<\/td>\n<\/tr>\n<tr>\n<th>Detalle del producto<\/th>\n<td>Puerto CC: S\u00ed<br \/>\nIdioma: chino<\/td>\n<\/tr>\n<tr>\n<th>Dimensiones y peso<\/th>\n<td>Peso del paquete: 0,5600 kg<br \/>\nTama\u00f1o del paquete (largo x ancho x alto): 25,00 x 15,00 x 4,00 cm \/ 9,84 x 5,91 x 1,57 pulgadas<\/td>\n<\/tr>\n<tr>\n<th>contenidos del paquete<\/th>\n<td>Lista de embalaje: 1 x enrutador, 1 x alimentaci\u00f3n, 1 x manual<\/td>\n<\/tr>\n<\/tbody>\n<\/table>\n<\/div>\n<\/div>\n<\/div>\n<div id=\"js-goodsGuessLikeSlick\" class=\"goodsGuessLike goodsRecom_container bottom-line show\" data-rectype=\"2\">\n<h2 class=\"goodsPanelTitle bottom-line\"><\/h2>\n<\/div>","protected":false},"excerpt":{"rendered":"<p><b>Principales caracter\u00edsticas:<\/b><br \/>\n\u25cf Xiaomi Mi router 4C wifi de alta velocidad para el hogar a trav\u00e9s de la red inteligente anti-roce de Wall King<br \/>\n\u25cf Antena de alta ganancia, se\u00f1al m\u00e1s fuerte<br \/>\n\u25cf Memoria de 64 MB, funcionamiento estable<br \/>\n\u25cf Gesti\u00f3n inteligente de aplicaciones.<\/p>","protected":false},"featured_media":25381,"template":"","meta":[],"product_brand":[1363],"product_cat":[1315,1305],"product_tag":[],"class_list":{"0":"post-25286","1":"product","2":"type-product","3":"status-publish","4":"has-post-thumbnail","6":"product_brand-xiaomi","7":"product_cat-tv-accessories","8":"product_cat-xiaomi-eco","10":"first","11":"instock","12":"shipping-taxable","13":"product-type-simple"},"aioseo_notices":[],"aioseo_head":"\n\t\t<!-- All in One SEO Pro 4.5.9.2 - aioseo.com -->\n\t\t<meta name=\"description\" content=\"Main Features: \u25cf Xiaomi Mi router 4C home high-speed wifi through the wall king intelligent anti rub network \u25cf High gain antenna, stronger signal \u25cf 64MB memory, stable operation \u25cf APP intelligent management\" \/>\n\t\t<meta name=\"robots\" content=\"max-image-preview:large\" \/>\n\t\t<link rel=\"canonical\" href=\"https:\/\/www.rucashk.com\/es\/producto\/xiaomi-mi-wireless-router-4c\/\" \/>\n\t\t<meta name=\"generator\" content=\"All in One SEO Pro (AIOSEO) 4.5.9.2\" \/>\n\t\t<meta property=\"og:locale\" content=\"es_ES\" \/>\n\t\t<meta property=\"og:site_name\" content=\"Rucas - One-stop AIoT Distribution Worldwide\" \/>\n\t\t<meta property=\"og:type\" content=\"article\" \/>\n\t\t<meta property=\"og:title\" content=\"Xiaomi Mi Wireless Router 4C - Rucas - Wholesale and Distribution\" \/>\n\t\t<meta property=\"og:description\" content=\"Main Features: \u25cf Xiaomi Mi router 4C home high-speed wifi through the wall king intelligent anti rub network \u25cf High gain antenna, stronger signal \u25cf 64MB memory, stable operation \u25cf APP intelligent management\" \/>\n\t\t<meta property=\"og:url\" content=\"https:\/\/www.rucashk.com\/es\/producto\/xiaomi-mi-wireless-router-4c\/\" \/>\n\t\t<meta property=\"og:image\" content=\"https:\/\/www.rucashk.com\/wp-content\/uploads\/replace\/503b8e645f128a97ccde2b6290747646.jpeg\" \/>\n\t\t<meta property=\"og:image:secure_url\" content=\"https:\/\/www.rucashk.com\/wp-content\/uploads\/replace\/503b8e645f128a97ccde2b6290747646.jpeg\" \/>\n\t\t<meta property=\"og:image:width\" content=\"1456\" \/>\n\t\t<meta property=\"og:image:height\" content=\"816\" \/>\n\t\t<meta property=\"article:published_time\" content=\"2024-01-09T16:15:52+00:00\" \/>\n\t\t<meta property=\"article:modified_time\" content=\"2025-06-22T07:37:19+00:00\" \/>\n\t\t<meta name=\"twitter:card\" content=\"summary_large_image\" \/>\n\t\t<meta name=\"twitter:title\" content=\"Xiaomi Mi Wireless Router 4C - Rucas - Wholesale and Distribution\" \/>\n\t\t<meta name=\"twitter:description\" content=\"Main Features: \u25cf Xiaomi Mi router 4C home high-speed wifi through the wall king intelligent anti rub network \u25cf High gain antenna, stronger signal \u25cf 64MB memory, stable operation \u25cf APP intelligent management\" \/>\n\t\t<meta name=\"twitter:image\" content=\"https:\/\/www.rucashk.com\/wp-content\/uploads\/replace\/503b8e645f128a97ccde2b6290747646.jpeg\" \/>\n\t\t<script type=\"application\/ld+json\" class=\"aioseo-schema\">\n\t\t\t{\"@context\":\"https:\\\/\\\/schema.org\",\"@graph\":[{\"@type\":\"BreadcrumbList\",\"@id\":\"https:\\\/\\\/www.rucashk.com\\\/es\\\/producto\\\/xiaomi-mi-wireless-router-4c\\\/#breadcrumblist\",\"itemListElement\":[{\"@type\":\"ListItem\",\"@id\":\"https:\\\/\\\/www.rucashk.com\\\/es\\\/#listItem\",\"position\":1,\"name\":\"Home\",\"item\":\"https:\\\/\\\/www.rucashk.com\\\/es\\\/\",\"nextItem\":\"https:\\\/\\\/www.rucashk.com\\\/es\\\/producto\\\/xiaomi-mi-wireless-router-4c\\\/#listItem\"},{\"@type\":\"ListItem\",\"@id\":\"https:\\\/\\\/www.rucashk.com\\\/es\\\/producto\\\/xiaomi-mi-wireless-router-4c\\\/#listItem\",\"position\":2,\"name\":\"Xiaomi Mi Wireless Router 4C\",\"previousItem\":\"https:\\\/\\\/www.rucashk.com\\\/es\\\/#listItem\"}]},{\"@type\":\"Organization\",\"@id\":\"https:\\\/\\\/www.rucashk.com\\\/es\\\/#organization\",\"name\":\"Rucas\",\"url\":\"https:\\\/\\\/www.rucashk.com\\\/es\\\/\",\"logo\":{\"@type\":\"ImageObject\",\"url\":\"https:\\\/\\\/www.rucashk.com\\\/wp-content\\\/uploads\\\/2023\\\/12\\\/Rucas_campany_logo.png\",\"@id\":\"https:\\\/\\\/www.rucashk.com\\\/es\\\/producto\\\/xiaomi-mi-wireless-router-4c\\\/#organizationLogo\",\"width\":221,\"height\":65},\"image\":{\"@id\":\"https:\\\/\\\/www.rucashk.com\\\/es\\\/#organizationLogo\"}},{\"@type\":\"Person\",\"@id\":\"https:\\\/\\\/www.rucashk.com\\\/es\\\/author\\\/admin\\\/#author\",\"url\":\"https:\\\/\\\/www.rucashk.com\\\/es\\\/author\\\/admin\\\/\",\"name\":\"admin\",\"image\":{\"@type\":\"ImageObject\",\"@id\":\"https:\\\/\\\/www.rucashk.com\\\/es\\\/producto\\\/xiaomi-mi-wireless-router-4c\\\/#authorImage\",\"url\":\"https:\\\/\\\/secure.gravatar.com\\\/avatar\\\/b7c8925b09a27e72b30232f8ecaadbd5af0f70a38c78096863fe51b64f031c24?s=96&d=mm&r=g\",\"width\":96,\"height\":96,\"caption\":\"admin\"}},{\"@type\":\"WebPage\",\"@id\":\"https:\\\/\\\/www.rucashk.com\\\/es\\\/producto\\\/xiaomi-mi-wireless-router-4c\\\/#webpage\",\"url\":\"https:\\\/\\\/www.rucashk.com\\\/es\\\/producto\\\/xiaomi-mi-wireless-router-4c\\\/\",\"name\":\"Xiaomi Mi Wireless Router 4C - Rucas - Wholesale and Distribution\",\"description\":\"Main Features: \\u25cf Xiaomi Mi router 4C home high-speed wifi through the wall king intelligent anti rub network \\u25cf High gain antenna, stronger signal \\u25cf 64MB memory, stable operation \\u25cf APP intelligent management\",\"inLanguage\":\"es-ES\",\"isPartOf\":{\"@id\":\"https:\\\/\\\/www.rucashk.com\\\/es\\\/#website\"},\"breadcrumb\":{\"@id\":\"https:\\\/\\\/www.rucashk.com\\\/es\\\/producto\\\/xiaomi-mi-wireless-router-4c\\\/#breadcrumblist\"},\"author\":{\"@id\":\"https:\\\/\\\/www.rucashk.com\\\/es\\\/author\\\/admin\\\/#author\"},\"creator\":{\"@id\":\"https:\\\/\\\/www.rucashk.com\\\/es\\\/author\\\/admin\\\/#author\"},\"image\":{\"@type\":\"ImageObject\",\"url\":\"https:\\\/\\\/www.rucashk.com\\\/wp-content\\\/uploads\\\/2024\\\/01\\\/1.Xiaomi-Mi-Wireless-Router-4C.jpg\",\"@id\":\"https:\\\/\\\/www.rucashk.com\\\/es\\\/producto\\\/xiaomi-mi-wireless-router-4c\\\/#mainImage\",\"width\":718,\"height\":702},\"primaryImageOfPage\":{\"@id\":\"https:\\\/\\\/www.rucashk.com\\\/es\\\/producto\\\/xiaomi-mi-wireless-router-4c\\\/#mainImage\"},\"datePublished\":\"2024-01-09T16:15:52+00:00\",\"dateModified\":\"2025-06-22T07:37:19+00:00\"},{\"@type\":\"WebSite\",\"@id\":\"https:\\\/\\\/www.rucashk.com\\\/es\\\/#website\",\"url\":\"https:\\\/\\\/www.rucashk.com\\\/es\\\/\",\"name\":\"Rucas - Wholesale and distribution worldwide\",\"alternateName\":\"Rucas - One-stop AIoT Distribution Worldwide\",\"description\":\"One-stop AIoT Distribution Worldwide\",\"inLanguage\":\"es-ES\",\"publisher\":{\"@id\":\"https:\\\/\\\/www.rucashk.com\\\/es\\\/#organization\"}}]}\n\t\t<\/script>\n\t\t<!-- All in One SEO Pro -->\r\n\t\t<title>Xiaomi Mi Wireless Router 4C - Rucas - Wholesale and Distribution<\/title>\n\n","aioseo_head_json":{"title":"Xiaomi Mi Wireless Router 4C - Rucas - Wholesale and Distribution","description":"Main Features: \u25cf Xiaomi Mi router 4C home high-speed wifi through the wall king intelligent anti rub network \u25cf High gain antenna, stronger signal \u25cf 64MB memory, stable operation \u25cf APP intelligent management","canonical_url":"https:\/\/www.rucashk.com\/es\/producto\/xiaomi-mi-wireless-router-4c\/","robots":"max-image-preview:large","keywords":"","webmasterTools":{"miscellaneous":""},"og:locale":"es_ES","og:site_name":"Rucas - One-stop AIoT Distribution Worldwide","og:type":"article","og:title":"Xiaomi Mi Wireless Router 4C - Rucas - Wholesale and Distribution","og:description":"Main Features: \u25cf Xiaomi Mi router 4C home high-speed wifi through the wall king intelligent anti rub network \u25cf High gain antenna, stronger signal \u25cf 64MB memory, stable operation \u25cf APP intelligent management","og:url":"https:\/\/www.rucashk.com\/es\/producto\/xiaomi-mi-wireless-router-4c\/","og:image":"https:\/\/www.rucashk.com\/wp-content\/uploads\/replace\/503b8e645f128a97ccde2b6290747646.jpeg","og:image:secure_url":"https:\/\/www.rucashk.com\/wp-content\/uploads\/replace\/503b8e645f128a97ccde2b6290747646.jpeg","og:image:width":1456,"og:image:height":816,"article:published_time":"2024-01-09T16:15:52+00:00","article:modified_time":"2025-06-22T07:37:19+00:00","twitter:card":"summary_large_image","twitter:title":"Xiaomi Mi Wireless Router 4C - Rucas - Wholesale and Distribution","twitter:description":"Main Features: \u25cf Xiaomi Mi router 4C home high-speed wifi through the wall king intelligent anti rub network \u25cf High gain antenna, stronger signal \u25cf 64MB memory, stable operation \u25cf APP intelligent management","twitter:image":"https:\/\/www.rucashk.com\/wp-content\/uploads\/replace\/503b8e645f128a97ccde2b6290747646.jpeg","schema":{"@context":"https:\/\/schema.org","@graph":[{"@type":"BreadcrumbList","@id":"https:\/\/www.rucashk.com\/es\/producto\/xiaomi-mi-wireless-router-4c\/#breadcrumblist","itemListElement":[{"@type":"ListItem","@id":"https:\/\/www.rucashk.com\/es\/#listItem","position":1,"name":"Home","item":"https:\/\/www.rucashk.com\/es\/","nextItem":"https:\/\/www.rucashk.com\/es\/producto\/xiaomi-mi-wireless-router-4c\/#listItem"},{"@type":"ListItem","@id":"https:\/\/www.rucashk.com\/es\/producto\/xiaomi-mi-wireless-router-4c\/#listItem","position":2,"name":"Xiaomi Mi Wireless Router 4C","previousItem":"https:\/\/www.rucashk.com\/es\/#listItem"}]},{"@type":"Organization","@id":"https:\/\/www.rucashk.com\/es\/#organization","name":"Rucas","url":"https:\/\/www.rucashk.com\/es\/","logo":{"@type":"ImageObject","url":"https:\/\/www.rucashk.com\/wp-content\/uploads\/2023\/12\/Rucas_campany_logo.png","@id":"https:\/\/www.rucashk.com\/es\/producto\/xiaomi-mi-wireless-router-4c\/#organizationLogo","width":221,"height":65},"image":{"@id":"https:\/\/www.rucashk.com\/es\/#organizationLogo"}},{"@type":"Person","@id":"https:\/\/www.rucashk.com\/es\/author\/admin\/#author","url":"https:\/\/www.rucashk.com\/es\/author\/admin\/","name":"admin","image":{"@type":"ImageObject","@id":"https:\/\/www.rucashk.com\/es\/producto\/xiaomi-mi-wireless-router-4c\/#authorImage","url":"https:\/\/secure.gravatar.com\/avatar\/b7c8925b09a27e72b30232f8ecaadbd5af0f70a38c78096863fe51b64f031c24?s=96&d=mm&r=g","width":96,"height":96,"caption":"admin"}},{"@type":"WebPage","@id":"https:\/\/www.rucashk.com\/es\/producto\/xiaomi-mi-wireless-router-4c\/#webpage","url":"https:\/\/www.rucashk.com\/es\/producto\/xiaomi-mi-wireless-router-4c\/","name":"Xiaomi Mi Wireless Router 4C - Rucas - Wholesale and Distribution","description":"Main Features: \u25cf Xiaomi Mi router 4C home high-speed wifi through the wall king intelligent anti rub network \u25cf High gain antenna, stronger signal \u25cf 64MB memory, stable operation \u25cf APP intelligent management","inLanguage":"es-ES","isPartOf":{"@id":"https:\/\/www.rucashk.com\/es\/#website"},"breadcrumb":{"@id":"https:\/\/www.rucashk.com\/es\/producto\/xiaomi-mi-wireless-router-4c\/#breadcrumblist"},"author":{"@id":"https:\/\/www.rucashk.com\/es\/author\/admin\/#author"},"creator":{"@id":"https:\/\/www.rucashk.com\/es\/author\/admin\/#author"},"image":{"@type":"ImageObject","url":"https:\/\/www.rucashk.com\/wp-content\/uploads\/2024\/01\/1.Xiaomi-Mi-Wireless-Router-4C.jpg","@id":"https:\/\/www.rucashk.com\/es\/producto\/xiaomi-mi-wireless-router-4c\/#mainImage","width":718,"height":702},"primaryImageOfPage":{"@id":"https:\/\/www.rucashk.com\/es\/producto\/xiaomi-mi-wireless-router-4c\/#mainImage"},"datePublished":"2024-01-09T16:15:52+00:00","dateModified":"2025-06-22T07:37:19+00:00"},{"@type":"WebSite","@id":"https:\/\/www.rucashk.com\/es\/#website","url":"https:\/\/www.rucashk.com\/es\/","name":"Rucas - Wholesale and distribution worldwide","alternateName":"Rucas - One-stop AIoT Distribution Worldwide","description":"One-stop AIoT Distribution Worldwide","inLanguage":"es-ES","publisher":{"@id":"https:\/\/www.rucashk.com\/es\/#organization"}}]}},"aioseo_meta_data":{"post_id":"25286","title":null,"description":null,"keywords":null,"keyphrases":null,"primary_term":null,"canonical_url":null,"og_title":null,"og_description":null,"og_object_type":"default","og_image_type":"default","og_image_url":null,"og_image_width":null,"og_image_height":null,"og_image_custom_url":null,"og_image_custom_fields":null,"og_video":null,"og_custom_url":null,"og_article_section":null,"og_article_tags":null,"twitter_use_og":false,"twitter_card":"default","twitter_image_type":"default","twitter_image_url":null,"twitter_image_custom_url":null,"twitter_image_custom_fields":null,"twitter_title":null,"twitter_description":null,"schema":{"blockGraphs":[],"customGraphs":[],"default":{"data":{"Article":[],"Course":[],"Dataset":[],"FAQPage":[],"Movie":[],"Person":[],"Product":[],"Recipe":[],"Service":[],"SoftwareApplication":[],"WebPage":[]},"graphName":"","isEnabled":true},"graphs":[]},"schema_type":"default","schema_type_options":null,"pillar_content":false,"robots_default":true,"robots_noindex":false,"robots_noarchive":false,"robots_nosnippet":false,"robots_nofollow":false,"robots_noimageindex":false,"robots_noodp":false,"robots_notranslate":false,"robots_max_snippet":null,"robots_max_videopreview":null,"robots_max_imagepreview":"large","priority":null,"frequency":null,"local_seo":null,"breadcrumb_settings":null,"limit_modified_date":false,"created":"2024-04-11 01:57:18","updated":"2025-06-22 17:51:58"},"aioseo_breadcrumb":"<div class=\"aioseo-breadcrumbs\"><span class=\"aioseo-breadcrumb\">\n\t<a href=\"https:\/\/www.rucashk.com\/es\" title=\"Home\">Home<\/a>\n<\/span><span class=\"aioseo-breadcrumb-separator\">&raquo;<\/span><span class=\"aioseo-breadcrumb\">\n\t<a href=\"https:\/\/www.rucashk.com\/es\/products\/\" title=\"Productos\">Productos<\/a>\n<\/span><span class=\"aioseo-breadcrumb-separator\">&raquo;<\/span><span class=\"aioseo-breadcrumb\">\n\t<a href=\"https:\/\/www.rucashk.com\/es\/marca\/xiaomi\/\" title=\"Xiaomi\">Xiaomi<\/a>\n<\/span><span class=\"aioseo-breadcrumb-separator\">&raquo;<\/span><span class=\"aioseo-breadcrumb\">\n\tXiaomi Mi Wireless Router 4C\n<\/span><\/div>","aioseo_breadcrumb_json":[{"label":"Home","link":"https:\/\/www.rucashk.com\/es"},{"label":"Productos","link":"https:\/\/www.rucashk.com\/es\/products\/"},{"label":"Xiaomi","link":"https:\/\/www.rucashk.com\/es\/marca\/xiaomi\/"},{"label":"Xiaomi Mi Wireless Router 4C","link":"https:\/\/www.rucashk.com\/es\/producto\/xiaomi-mi-wireless-router-4c\/"}],"_links":{"self":[{"href":"https:\/\/www.rucashk.com\/es\/wp-json\/wp\/v2\/product\/25286","targetHints":{"allow":["GET"]}}],"collection":[{"href":"https:\/\/www.rucashk.com\/es\/wp-json\/wp\/v2\/product"}],"about":[{"href":"https:\/\/www.rucashk.com\/es\/wp-json\/wp\/v2\/types\/product"}],"wp:featuredmedia":[{"embeddable":true,"href":"https:\/\/www.rucashk.com\/es\/wp-json\/wp\/v2\/media\/25381"}],"wp:attachment":[{"href":"https:\/\/www.rucashk.com\/es\/wp-json\/wp\/v2\/media?parent=25286"}],"wp:term":[{"taxonomy":"product_brand","embeddable":true,"href":"https:\/\/www.rucashk.com\/es\/wp-json\/wp\/v2\/product_brand?post=25286"},{"taxonomy":"product_cat","embeddable":true,"href":"https:\/\/www.rucashk.com\/es\/wp-json\/wp\/v2\/product_cat?post=25286"},{"taxonomy":"product_tag","embeddable":true,"href":"https:\/\/www.rucashk.com\/es\/wp-json\/wp\/v2\/product_tag?post=25286"}],"curies":[{"name":"wp","href":"https:\/\/api.w.org\/{rel}","templated":true}]}}