{"id":25253,"date":"2024-01-09T16:15:26","date_gmt":"2024-01-09T16:15:26","guid":{"rendered":"http:\/\/rucashk.com\/?post_type=product&#038;p=25253"},"modified":"2024-02-15T04:28:54","modified_gmt":"2024-02-15T04:28:54","slug":"mi-smartmi-air-purifier","status":"publish","type":"product","link":"https:\/\/www.rucashk.com\/es\/producto\/mi-smartmi-air-purifier\/","title":{"rendered":"Purificador de aire Mi Smartmi"},"content":{"rendered":"<p><img fetchpriority=\"high\" decoding=\"async\" class=\"size-full wp-image-26500 aligncenter\" src=\"https:\/\/www.rucashk.com\/wp-content\/uploads\/2021\/05\/33.Mi-Smartmi-Air-Purifier.jpg\" alt=\"\" width=\"970\" height=\"600\" \/><\/p>\n<p class=\"a-spacing-base\" style=\"text-align: center\"><span class=\"a-text-bold\">Dise\u00f1ado para habitaciones grandes<\/span><\/p>\n<p class=\"a-spacing-base\" style=\"text-align: center\">Con una superficie de 100 a 517 pies\u00b2 (9 a 48 m\u00b2), este purificador de aire es ideal para habitaciones grandes y salas de estar.<\/p>\n<p class=\"a-spacing-base\" style=\"text-align: center\">Nuestro purificador de aire inteligente es adecuado para personas que sufren molestias, familiares de mascotas, personas que desean eliminar los olores interiores o el humo.<\/p>\n<p class=\"a-spacing-base\" style=\"text-align: center\">Su funci\u00f3n inteligente es compatible con sistemas como Alexa y Google Assistant, lo que le permite configurar un temporizador de su elecci\u00f3n y controlar la configuraci\u00f3n en cualquier lugar y en cualquier momento desde su tel\u00e9fono.<\/p>\n<p class=\"a-spacing-base\" style=\"text-align: center\">El sensor dual puede detectar con precisi\u00f3n part\u00edculas contaminantes y TVOC en la atm\u00f3sfera. \u00a1El H13 HEPA garantiza una alta eficacia!<\/p>\n<p><img decoding=\"async\" class=\"size-full wp-image-26501 aligncenter\" src=\"https:\/\/www.rucashk.com\/wp-content\/uploads\/2021\/05\/34.Mi-Smartmi-Air-Purifier.jpg\" alt=\"\" width=\"970\" height=\"300\" \/><\/p>\n<p><img decoding=\"async\" class=\"size-full wp-image-26502 aligncenter\" src=\"https:\/\/www.rucashk.com\/wp-content\/uploads\/2021\/05\/36.Designed-for-Large-Rooms.jpg\" alt=\"\" width=\"1144\" height=\"505\" \/> <img loading=\"lazy\" decoding=\"async\" class=\"size-full wp-image-26503 aligncenter\" src=\"https:\/\/www.rucashk.com\/wp-content\/uploads\/2021\/05\/37.Mi-Smartmi-Air-Purifier.jpg\" alt=\"\" width=\"1144\" height=\"606\" \/><\/p>\n<h5 id=\"title\" class=\"a-size-large a-spacing-none\" style=\"text-align: center\"><span id=\"productTitle\" class=\"a-size-large product-title-word-break\">Purificadores de aire HEPA smartmi para habitaciones grandes del hogar - Purificadores de aire inteligentes para dormitorio, sala de estar, oficina - Eliminador de polen TVOC, olor a caspa de mascotas, modo de sue\u00f1o silencioso, control de gestos de voz por aplicaci\u00f3n (blanco)<\/span><\/h5>\n<h4 style=\"text-align: center\"><strong>Caracter\u00edstica:<\/strong><\/h4>\n<p style=\"text-align: center\"><span class=\"a-list-item\">Filtro HEPA H13: si est\u00e1 cansado de lidiar con olores inc\u00f3modos, humo o caspa de mascotas en el aire, entonces los purificadores de aire Smartmi HEPA para el hogar son lo que estaba buscando. Compatible con el filtro HEPA H13: Asin B08NCK3WK5, puede absorber olores, humo, TVOC liberados por productos diarios y part\u00edculas como el polvo de polen para ayudar a mantener la pureza del aire. Certificado CARB.<\/span><\/p>\n<p style=\"text-align: center\"><span class=\"a-list-item\">Pantalla en tiempo real: los purificadores de aire Smartmi hepa para el hogar est\u00e1n dise\u00f1ados con una pantalla OLED ultra clara, que le ayuda a leer y operar f\u00e1cilmente el purificador adem\u00e1s de mostrar la temperatura y la humedad. Cuenta con un sensor l\u00e1ser preciso que detecta el nivel circundante de PM2.5, un sensor TVOC indica el nivel de concentraci\u00f3n de vol\u00e1tiles da\u00f1inos y una correa de bucle que cambia de color seg\u00fan el entorno en tiempo real.<\/span><\/p>\n<p style=\"text-align: center\"><span class=\"a-list-item\">Alta eficiencia: en solo 5 minutos, nuestro purificador de aire ayudar\u00e1 a mejorar el aire de una habitaci\u00f3n de 9 m\u00b2 (100 ft\u00b2) y 26 min para 48 m\u00b2 (517 ft\u00b2), lo que lo convierte en la elecci\u00f3n perfecta para su sala de estar, comedor o dormitorio principal. y casi cualquier otra habitaci\u00f3n de su hogar u oficina.<\/span><\/p>\n<p style=\"text-align: center\"><span class=\"a-list-item\">Funcionamiento silencioso: con el modo de suspensi\u00f3n activado, genera menos de 30 dB de ruido y le permite apagar la pantalla OLED, para que pueda disfrutar de un sue\u00f1o c\u00f3modo y tranquilo durante toda la noche mientras la mantiene funcionando.<\/span><\/p>\n<p style=\"text-align: center\"><span class=\"a-list-item\">Vida inteligente: ya sea que desee utilizar el purificador de forma remota o simplemente personalizarlo como desee, nuestro purificador de aire lo hace muy sencillo. Ofrece toque de pantalla, control de gestos, control de aplicaciones y control de voz. Es compatible con el Asistente de Google y Alexa. \u00a1La vida inteligente comienza desde aqu\u00ed!<\/span><\/p>","protected":false},"excerpt":{"rendered":"<h3><strong>Caracter\u00edstica:<\/strong><\/h3>\n<ul>\n<li>-Filtro HEPA H13<\/li>\n<li>-Pantalla en tiempo real<\/li>\n<li>-Alta eficiencia<\/li>\n<li>-Operaci\u00f3n silenciosa<\/li>\n<li>-Vida inteligente<\/li>\n<\/ul>","protected":false},"featured_media":25376,"template":"","meta":[],"product_brand":[],"product_cat":[1319,1305],"product_tag":[],"class_list":{"0":"post-25253","1":"product","2":"type-product","3":"status-publish","4":"has-post-thumbnail","6":"product_cat-purifier-xiaomi-eco","7":"product_cat-xiaomi-eco","9":"first","10":"instock","11":"shipping-taxable","12":"product-type-simple"},"aioseo_notices":[],"aioseo_head":"\n\t\t<!-- All in One SEO Pro 4.5.9.2 - aioseo.com -->\n\t\t<meta name=\"description\" content=\"Feature: -H13 HEPA Filter -Real-Time Display -High Efficiency -Quiet Operation -Smart Life\" \/>\n\t\t<meta name=\"robots\" content=\"max-image-preview:large\" \/>\n\t\t<link rel=\"canonical\" href=\"https:\/\/www.rucashk.com\/es\/producto\/mi-smartmi-air-purifier\/\" \/>\n\t\t<meta name=\"generator\" content=\"All in One SEO Pro (AIOSEO) 4.5.9.2\" \/>\n\t\t<meta property=\"og:locale\" content=\"es_ES\" \/>\n\t\t<meta property=\"og:site_name\" content=\"Rucas - One-stop AIoT Distribution Worldwide\" \/>\n\t\t<meta property=\"og:type\" content=\"article\" \/>\n\t\t<meta property=\"og:title\" content=\"Mi Smartmi Air Purifier - Rucas - Wholesale and Distribution\" \/>\n\t\t<meta property=\"og:description\" content=\"Feature: -H13 HEPA Filter -Real-Time Display -High Efficiency -Quiet Operation -Smart Life\" \/>\n\t\t<meta property=\"og:url\" content=\"https:\/\/www.rucashk.com\/es\/producto\/mi-smartmi-air-purifier\/\" \/>\n\t\t<meta property=\"og:image\" content=\"https:\/\/www.rucashk.com\/wp-content\/uploads\/replace\/503b8e645f128a97ccde2b6290747646.jpeg\" \/>\n\t\t<meta property=\"og:image:secure_url\" content=\"https:\/\/www.rucashk.com\/wp-content\/uploads\/replace\/503b8e645f128a97ccde2b6290747646.jpeg\" \/>\n\t\t<meta property=\"og:image:width\" content=\"1456\" \/>\n\t\t<meta property=\"og:image:height\" content=\"816\" \/>\n\t\t<meta property=\"article:published_time\" content=\"2024-01-09T16:15:26+00:00\" \/>\n\t\t<meta property=\"article:modified_time\" content=\"2024-02-15T04:28:54+00:00\" \/>\n\t\t<meta name=\"twitter:card\" content=\"summary_large_image\" \/>\n\t\t<meta name=\"twitter:title\" content=\"Mi Smartmi Air Purifier - Rucas - Wholesale and Distribution\" \/>\n\t\t<meta name=\"twitter:description\" content=\"Feature: -H13 HEPA Filter -Real-Time Display -High Efficiency -Quiet Operation -Smart Life\" \/>\n\t\t<meta name=\"twitter:image\" content=\"https:\/\/www.rucashk.com\/wp-content\/uploads\/replace\/503b8e645f128a97ccde2b6290747646.jpeg\" \/>\n\t\t<script type=\"application\/ld+json\" class=\"aioseo-schema\">\n\t\t\t{\"@context\":\"https:\\\/\\\/schema.org\",\"@graph\":[{\"@type\":\"BreadcrumbList\",\"@id\":\"https:\\\/\\\/www.rucashk.com\\\/es\\\/producto\\\/mi-smartmi-air-purifier\\\/#breadcrumblist\",\"itemListElement\":[{\"@type\":\"ListItem\",\"@id\":\"https:\\\/\\\/www.rucashk.com\\\/es\\\/#listItem\",\"position\":1,\"name\":\"Home\",\"item\":\"https:\\\/\\\/www.rucashk.com\\\/es\\\/\",\"nextItem\":\"https:\\\/\\\/www.rucashk.com\\\/es\\\/producto\\\/mi-smartmi-air-purifier\\\/#listItem\"},{\"@type\":\"ListItem\",\"@id\":\"https:\\\/\\\/www.rucashk.com\\\/es\\\/producto\\\/mi-smartmi-air-purifier\\\/#listItem\",\"position\":2,\"name\":\"Mi Smartmi Air Purifier\",\"previousItem\":\"https:\\\/\\\/www.rucashk.com\\\/es\\\/#listItem\"}]},{\"@type\":\"Organization\",\"@id\":\"https:\\\/\\\/www.rucashk.com\\\/es\\\/#organization\",\"name\":\"Rucas\",\"url\":\"https:\\\/\\\/www.rucashk.com\\\/es\\\/\",\"logo\":{\"@type\":\"ImageObject\",\"url\":\"https:\\\/\\\/www.rucashk.com\\\/wp-content\\\/uploads\\\/2023\\\/12\\\/Rucas_campany_logo.png\",\"@id\":\"https:\\\/\\\/www.rucashk.com\\\/es\\\/producto\\\/mi-smartmi-air-purifier\\\/#organizationLogo\",\"width\":221,\"height\":65},\"image\":{\"@id\":\"https:\\\/\\\/www.rucashk.com\\\/es\\\/#organizationLogo\"}},{\"@type\":\"Person\",\"@id\":\"https:\\\/\\\/www.rucashk.com\\\/es\\\/author\\\/admin\\\/#author\",\"url\":\"https:\\\/\\\/www.rucashk.com\\\/es\\\/author\\\/admin\\\/\",\"name\":\"admin\",\"image\":{\"@type\":\"ImageObject\",\"@id\":\"https:\\\/\\\/www.rucashk.com\\\/es\\\/producto\\\/mi-smartmi-air-purifier\\\/#authorImage\",\"url\":\"https:\\\/\\\/secure.gravatar.com\\\/avatar\\\/b7c8925b09a27e72b30232f8ecaadbd5af0f70a38c78096863fe51b64f031c24?s=96&d=mm&r=g\",\"width\":96,\"height\":96,\"caption\":\"admin\"}},{\"@type\":\"WebPage\",\"@id\":\"https:\\\/\\\/www.rucashk.com\\\/es\\\/producto\\\/mi-smartmi-air-purifier\\\/#webpage\",\"url\":\"https:\\\/\\\/www.rucashk.com\\\/es\\\/producto\\\/mi-smartmi-air-purifier\\\/\",\"name\":\"Mi Smartmi Air Purifier - Rucas - Wholesale and Distribution\",\"description\":\"Feature: -H13 HEPA Filter -Real-Time Display -High Efficiency -Quiet Operation -Smart Life\",\"inLanguage\":\"es-ES\",\"isPartOf\":{\"@id\":\"https:\\\/\\\/www.rucashk.com\\\/es\\\/#website\"},\"breadcrumb\":{\"@id\":\"https:\\\/\\\/www.rucashk.com\\\/es\\\/producto\\\/mi-smartmi-air-purifier\\\/#breadcrumblist\"},\"author\":{\"@id\":\"https:\\\/\\\/www.rucashk.com\\\/es\\\/author\\\/admin\\\/#author\"},\"creator\":{\"@id\":\"https:\\\/\\\/www.rucashk.com\\\/es\\\/author\\\/admin\\\/#author\"},\"image\":{\"@type\":\"ImageObject\",\"url\":\"https:\\\/\\\/www.rucashk.com\\\/wp-content\\\/uploads\\\/2024\\\/01\\\/35.Mi-Smartmi-Air-Purifier.jpg\",\"@id\":\"https:\\\/\\\/www.rucashk.com\\\/es\\\/producto\\\/mi-smartmi-air-purifier\\\/#mainImage\",\"width\":689,\"height\":623},\"primaryImageOfPage\":{\"@id\":\"https:\\\/\\\/www.rucashk.com\\\/es\\\/producto\\\/mi-smartmi-air-purifier\\\/#mainImage\"},\"datePublished\":\"2024-01-09T16:15:26+00:00\",\"dateModified\":\"2024-02-15T04:28:54+00:00\"},{\"@type\":\"WebSite\",\"@id\":\"https:\\\/\\\/www.rucashk.com\\\/es\\\/#website\",\"url\":\"https:\\\/\\\/www.rucashk.com\\\/es\\\/\",\"name\":\"Rucas - Wholesale and distribution worldwide\",\"alternateName\":\"Rucas - One-stop AIoT Distribution Worldwide\",\"description\":\"One-stop AIoT Distribution Worldwide\",\"inLanguage\":\"es-ES\",\"publisher\":{\"@id\":\"https:\\\/\\\/www.rucashk.com\\\/es\\\/#organization\"}}]}\n\t\t<\/script>\n\t\t<!-- All in One SEO Pro -->\r\n\t\t<title>Mi Smartmi Air Purifier - Rucas - Wholesale and Distribution<\/title>\n\n","aioseo_head_json":{"title":"Mi Smartmi Air Purifier - Rucas - Wholesale and Distribution","description":"Feature: -H13 HEPA Filter -Real-Time Display -High Efficiency -Quiet Operation -Smart Life","canonical_url":"https:\/\/www.rucashk.com\/es\/producto\/mi-smartmi-air-purifier\/","robots":"max-image-preview:large","keywords":"","webmasterTools":{"miscellaneous":""},"og:locale":"es_ES","og:site_name":"Rucas - One-stop AIoT Distribution Worldwide","og:type":"article","og:title":"Mi Smartmi Air Purifier - Rucas - Wholesale and Distribution","og:description":"Feature: -H13 HEPA Filter -Real-Time Display -High Efficiency -Quiet Operation -Smart Life","og:url":"https:\/\/www.rucashk.com\/es\/producto\/mi-smartmi-air-purifier\/","og:image":"https:\/\/www.rucashk.com\/wp-content\/uploads\/replace\/503b8e645f128a97ccde2b6290747646.jpeg","og:image:secure_url":"https:\/\/www.rucashk.com\/wp-content\/uploads\/replace\/503b8e645f128a97ccde2b6290747646.jpeg","og:image:width":1456,"og:image:height":816,"article:published_time":"2024-01-09T16:15:26+00:00","article:modified_time":"2024-02-15T04:28:54+00:00","twitter:card":"summary_large_image","twitter:title":"Mi Smartmi Air Purifier - Rucas - Wholesale and Distribution","twitter:description":"Feature: -H13 HEPA Filter -Real-Time Display -High Efficiency -Quiet Operation -Smart Life","twitter:image":"https:\/\/www.rucashk.com\/wp-content\/uploads\/replace\/503b8e645f128a97ccde2b6290747646.jpeg","schema":{"@context":"https:\/\/schema.org","@graph":[{"@type":"BreadcrumbList","@id":"https:\/\/www.rucashk.com\/es\/producto\/mi-smartmi-air-purifier\/#breadcrumblist","itemListElement":[{"@type":"ListItem","@id":"https:\/\/www.rucashk.com\/es\/#listItem","position":1,"name":"Home","item":"https:\/\/www.rucashk.com\/es\/","nextItem":"https:\/\/www.rucashk.com\/es\/producto\/mi-smartmi-air-purifier\/#listItem"},{"@type":"ListItem","@id":"https:\/\/www.rucashk.com\/es\/producto\/mi-smartmi-air-purifier\/#listItem","position":2,"name":"Mi Smartmi Air Purifier","previousItem":"https:\/\/www.rucashk.com\/es\/#listItem"}]},{"@type":"Organization","@id":"https:\/\/www.rucashk.com\/es\/#organization","name":"Rucas","url":"https:\/\/www.rucashk.com\/es\/","logo":{"@type":"ImageObject","url":"https:\/\/www.rucashk.com\/wp-content\/uploads\/2023\/12\/Rucas_campany_logo.png","@id":"https:\/\/www.rucashk.com\/es\/producto\/mi-smartmi-air-purifier\/#organizationLogo","width":221,"height":65},"image":{"@id":"https:\/\/www.rucashk.com\/es\/#organizationLogo"}},{"@type":"Person","@id":"https:\/\/www.rucashk.com\/es\/author\/admin\/#author","url":"https:\/\/www.rucashk.com\/es\/author\/admin\/","name":"admin","image":{"@type":"ImageObject","@id":"https:\/\/www.rucashk.com\/es\/producto\/mi-smartmi-air-purifier\/#authorImage","url":"https:\/\/secure.gravatar.com\/avatar\/b7c8925b09a27e72b30232f8ecaadbd5af0f70a38c78096863fe51b64f031c24?s=96&d=mm&r=g","width":96,"height":96,"caption":"admin"}},{"@type":"WebPage","@id":"https:\/\/www.rucashk.com\/es\/producto\/mi-smartmi-air-purifier\/#webpage","url":"https:\/\/www.rucashk.com\/es\/producto\/mi-smartmi-air-purifier\/","name":"Mi Smartmi Air Purifier - Rucas - Wholesale and Distribution","description":"Feature: -H13 HEPA Filter -Real-Time Display -High Efficiency -Quiet Operation -Smart Life","inLanguage":"es-ES","isPartOf":{"@id":"https:\/\/www.rucashk.com\/es\/#website"},"breadcrumb":{"@id":"https:\/\/www.rucashk.com\/es\/producto\/mi-smartmi-air-purifier\/#breadcrumblist"},"author":{"@id":"https:\/\/www.rucashk.com\/es\/author\/admin\/#author"},"creator":{"@id":"https:\/\/www.rucashk.com\/es\/author\/admin\/#author"},"image":{"@type":"ImageObject","url":"https:\/\/www.rucashk.com\/wp-content\/uploads\/2024\/01\/35.Mi-Smartmi-Air-Purifier.jpg","@id":"https:\/\/www.rucashk.com\/es\/producto\/mi-smartmi-air-purifier\/#mainImage","width":689,"height":623},"primaryImageOfPage":{"@id":"https:\/\/www.rucashk.com\/es\/producto\/mi-smartmi-air-purifier\/#mainImage"},"datePublished":"2024-01-09T16:15:26+00:00","dateModified":"2024-02-15T04:28:54+00:00"},{"@type":"WebSite","@id":"https:\/\/www.rucashk.com\/es\/#website","url":"https:\/\/www.rucashk.com\/es\/","name":"Rucas - Wholesale and distribution worldwide","alternateName":"Rucas - One-stop AIoT Distribution Worldwide","description":"One-stop AIoT Distribution Worldwide","inLanguage":"es-ES","publisher":{"@id":"https:\/\/www.rucashk.com\/es\/#organization"}}]}},"aioseo_meta_data":{"post_id":"25253","title":null,"description":null,"keywords":null,"keyphrases":null,"primary_term":null,"canonical_url":null,"og_title":null,"og_description":null,"og_object_type":"default","og_image_type":"default","og_image_url":null,"og_image_width":null,"og_image_height":null,"og_image_custom_url":null,"og_image_custom_fields":null,"og_video":null,"og_custom_url":null,"og_article_section":null,"og_article_tags":null,"twitter_use_og":false,"twitter_card":"default","twitter_image_type":"default","twitter_image_url":null,"twitter_image_custom_url":null,"twitter_image_custom_fields":null,"twitter_title":null,"twitter_description":null,"schema":{"blockGraphs":[],"customGraphs":[],"default":{"data":{"Article":[],"Course":[],"Dataset":[],"FAQPage":[],"Movie":[],"Person":[],"Product":[],"Recipe":[],"Service":[],"SoftwareApplication":[],"WebPage":[]},"graphName":"","isEnabled":true},"graphs":[]},"schema_type":"default","schema_type_options":null,"pillar_content":false,"robots_default":true,"robots_noindex":false,"robots_noarchive":false,"robots_nosnippet":false,"robots_nofollow":false,"robots_noimageindex":false,"robots_noodp":false,"robots_notranslate":false,"robots_max_snippet":null,"robots_max_videopreview":null,"robots_max_imagepreview":"large","priority":null,"frequency":null,"local_seo":null,"breadcrumb_settings":null,"limit_modified_date":false,"created":"2024-04-11 01:57:18","updated":"2025-06-22 17:51:19"},"aioseo_breadcrumb":"<div class=\"aioseo-breadcrumbs\"><span class=\"aioseo-breadcrumb\">\n\t<a href=\"https:\/\/www.rucashk.com\/es\" title=\"Home\">Home<\/a>\n<\/span><span class=\"aioseo-breadcrumb-separator\">&raquo;<\/span><span class=\"aioseo-breadcrumb\">\n\t<a href=\"https:\/\/www.rucashk.com\/es\/products\/\" title=\"Productos\">Productos<\/a>\n<\/span><span class=\"aioseo-breadcrumb-separator\">&raquo;<\/span><span class=\"aioseo-breadcrumb\">\n\t<a href=\"https:\/\/www.rucashk.com\/es\/categoria-producto\/xiaomi-eco\/\" title=\"Xiaomi Eco\">Xiaomi Eco<\/a>\n<\/span><span class=\"aioseo-breadcrumb-separator\">&raquo;<\/span><span class=\"aioseo-breadcrumb\">\n\t<a href=\"https:\/\/www.rucashk.com\/es\/categoria-producto\/xiaomi-eco\/purifier-xiaomi-eco\/\" title=\"Purifier\">Purifier<\/a>\n<\/span><span class=\"aioseo-breadcrumb-separator\">&raquo;<\/span><span class=\"aioseo-breadcrumb\">\n\tMi Smartmi Air Purifier\n<\/span><\/div>","aioseo_breadcrumb_json":[{"label":"Home","link":"https:\/\/www.rucashk.com\/es"},{"label":"Productos","link":"https:\/\/www.rucashk.com\/es\/products\/"},{"label":"Xiaomi Eco","link":"https:\/\/www.rucashk.com\/es\/categoria-producto\/xiaomi-eco\/"},{"label":"Purifier","link":"https:\/\/www.rucashk.com\/es\/categoria-producto\/xiaomi-eco\/purifier-xiaomi-eco\/"},{"label":"Mi Smartmi Air Purifier","link":"https:\/\/www.rucashk.com\/es\/producto\/mi-smartmi-air-purifier\/"}],"_links":{"self":[{"href":"https:\/\/www.rucashk.com\/es\/wp-json\/wp\/v2\/product\/25253","targetHints":{"allow":["GET"]}}],"collection":[{"href":"https:\/\/www.rucashk.com\/es\/wp-json\/wp\/v2\/product"}],"about":[{"href":"https:\/\/www.rucashk.com\/es\/wp-json\/wp\/v2\/types\/product"}],"wp:featuredmedia":[{"embeddable":true,"href":"https:\/\/www.rucashk.com\/es\/wp-json\/wp\/v2\/media\/25376"}],"wp:attachment":[{"href":"https:\/\/www.rucashk.com\/es\/wp-json\/wp\/v2\/media?parent=25253"}],"wp:term":[{"taxonomy":"product_brand","embeddable":true,"href":"https:\/\/www.rucashk.com\/es\/wp-json\/wp\/v2\/product_brand?post=25253"},{"taxonomy":"product_cat","embeddable":true,"href":"https:\/\/www.rucashk.com\/es\/wp-json\/wp\/v2\/product_cat?post=25253"},{"taxonomy":"product_tag","embeddable":true,"href":"https:\/\/www.rucashk.com\/es\/wp-json\/wp\/v2\/product_tag?post=25253"}],"curies":[{"name":"wp","href":"https:\/\/api.w.org\/{rel}","templated":true}]}}