{"id":25251,"date":"2024-01-09T16:15:26","date_gmt":"2024-01-09T16:15:26","guid":{"rendered":"http:\/\/rucashk.com\/?post_type=product&#038;p=25251"},"modified":"2025-06-22T07:37:19","modified_gmt":"2025-06-22T07:37:19","slug":"dreame-v12-handheld-vacuum","status":"publish","type":"product","link":"https:\/\/www.rucashk.com\/es\/producto\/dreame-v12-handheld-vacuum\/","title":{"rendered":"Aspiradora de mano Dreame V12"},"content":{"rendered":"<div class=\"detailmodule_text-image\"><img decoding=\"async\" alt=\"Dreame V12 Handheld Vacuum\" class=\"detail-desc-decorate-image aligncenter\" src=\"\/wp-content\/uploads\/replace\/85e985a4f4ad587cfb30a94be61c8919.jpeg\" \/><\/div>\n<div class=\"detailmodule_text-image\"><img decoding=\"async\" alt=\"Dreame V12 Handheld Vacuum\" class=\"detail-desc-decorate-image aligncenter\" src=\"\/wp-content\/uploads\/replace\/8379e3bfe18e80fc0b5e5f4130cb41b3.jpeg\" \/><\/div>\n<div class=\"detailmodule_text-image\"><img decoding=\"async\" alt=\"Dreame V12 Handheld Vacuum\" class=\"detail-desc-decorate-image aligncenter\" src=\"\/wp-content\/uploads\/replace\/3f179adcc8f93517e29e2b18bc693dbb.jpeg\" \/><\/div>\n<div class=\"detailmodule_text-image\"><img decoding=\"async\" alt=\"Dreame V12 Handheld Vacuum\" class=\"detail-desc-decorate-image aligncenter\" src=\"\/wp-content\/uploads\/replace\/3ea66cc27f18167c2a2e7d10588fd298.jpeg\" \/><\/div>\n<div class=\"detailmodule_text-image\"><img decoding=\"async\" alt=\"Dreame V12 Handheld Vacuum\" class=\"detail-desc-decorate-image aligncenter\" src=\"\/wp-content\/uploads\/replace\/f1f44d4c31f1ab8343143bb402004c00.jpeg\" \/><\/div>\n<div class=\"detailmodule_image\"><img decoding=\"async\" alt=\"Dreame V12 Handheld Vacuum\" class=\"detail-desc-decorate-image aligncenter\" src=\"\/wp-content\/uploads\/replace\/26671b84c4848058187aa651f4a9b435.jpeg\" data-spm-anchor-id=\"a2g0o.detail.1000023.i0.6df0630bLSpC1E\" \/><\/div>\n<div><\/div>\n<div>\n<p style=\"text-align: center\">La aspiradora inal\u00e1mbrica Dream V12 es una submarca de Xiaomi que se centra en la duraci\u00f3n de la bater\u00eda y el \u00e9xito energ\u00e9tico. Esta incre\u00edble m\u00e1quina de limpieza lleva un motor sin escobillas incorporado en su coraz\u00f3n y su velocidad var\u00eda desde aproximadamente 150.000 rpm.<\/p>\n<p style=\"text-align: center\">El Dream V12 es un modelo completamente nuevo de Dream que ahora tiene una potencia de pecho avanzada de 185 AW. En el reverso, el nuevo modelo tiene una potencia nominal de 550W, mientras que el modelo anterior era de 450W. A diferencia del limpiador anterior, el nuevo panel de la marca utiliza un impulsor m\u00e1s avanzado con un sistema de flujo de aire adjunto. El ruido puede ser menor en comparaci\u00f3n con el Mankin anterior.<\/p>\n<p style=\"text-align: center\">El Dream V12 tiene un gran sistema de ciclones de cono m\u00faltiple con una resistencia de drenaje reducida y una eficiencia de aislamiento de lodo 99,9% superior. Con esta succi\u00f3n de carga mucho menor, probablemente tomar\u00e1 algunos a\u00f1os m\u00e1s para regresar. El tiempo de trabajo de esta aspiradora es el siguiente: ocho minutos en modo turbo, 30 minutos en modo normal y 90 minutos en modo eco.<\/p>\n<p style=\"text-align: center\">Una aspiradora requiere el equipo adecuado, pero la aspiradora Dream V12 tambi\u00e9n requiere un adaptador de sof\u00e1 giratorio ininterrumpido y un cepillo minisuave. Viene con retroiluminaci\u00f3n LED como beneficio adicional y, como resultado, le permite limpiar \u00e1reas dif\u00edciles. Con Dream V12, disfrute de la limpieza sencilla de su propio hogar con opciones recientemente agregadas.<\/p>\n<\/div>","protected":false},"excerpt":{"rendered":"<ul>\n<li>Romper el l\u00edmite de rendimiento del motor.<\/li>\n<li>Crear potencia central de grado aeron\u00e1utico<\/li>\n<li>El motor de alta velocidad Chaimu SPACE 5.0 est\u00e1 construido por el equipo de Chaimu Aerodynamics.<\/li>\n<li>Abre los tres campos de la aerodin\u00e1mica, la ciencia de los materiales y la fabricaci\u00f3n de precisi\u00f3n.<\/li>\n<li>Produce un rendimiento s\u00faper limpio para el V12 con velocidad ultraalta.<\/li>\n<\/ul>","protected":false},"featured_media":25360,"template":"","meta":[],"product_brand":[1363],"product_cat":[1341,1305],"product_tag":[],"class_list":{"0":"post-25251","1":"product","2":"type-product","3":"status-publish","4":"has-post-thumbnail","6":"product_brand-xiaomi","7":"product_cat-others","8":"product_cat-xiaomi-eco","10":"first","11":"outofstock","12":"shipping-taxable","13":"product-type-variable"},"aioseo_notices":[],"aioseo_head":"\n\t\t<!-- All in One SEO Pro 4.5.9.2 - aioseo.com -->\n\t\t<meta name=\"description\" content=\"Break the motor performance limit Create aviation-grade core power The Chaimu SPACE 5.0 high-speed motor is built by the Chaimu Aerodynamics team. It breaks through the three fields of aerodynamics, materials science, and precision manufacturing. It outputs super clean performance for the V12 with ultra-high speed.\" \/>\n\t\t<meta name=\"robots\" content=\"max-image-preview:large\" \/>\n\t\t<link rel=\"canonical\" href=\"https:\/\/www.rucashk.com\/es\/producto\/dreame-v12-handheld-vacuum\/\" \/>\n\t\t<meta name=\"generator\" content=\"All in One SEO Pro (AIOSEO) 4.5.9.2\" \/>\n\t\t<meta property=\"og:locale\" content=\"es_ES\" \/>\n\t\t<meta property=\"og:site_name\" content=\"Rucas - One-stop AIoT Distribution Worldwide\" \/>\n\t\t<meta property=\"og:type\" content=\"article\" \/>\n\t\t<meta property=\"og:title\" content=\"Dreame V12 Handheld Vacuum - Rucas - Wholesale and Distribution\" \/>\n\t\t<meta property=\"og:description\" content=\"Break the motor performance limit Create aviation-grade core power The Chaimu SPACE 5.0 high-speed motor is built by the Chaimu Aerodynamics team. It breaks through the three fields of aerodynamics, materials science, and precision manufacturing. It outputs super clean performance for the V12 with ultra-high speed.\" \/>\n\t\t<meta property=\"og:url\" content=\"https:\/\/www.rucashk.com\/es\/producto\/dreame-v12-handheld-vacuum\/\" \/>\n\t\t<meta property=\"og:image\" content=\"https:\/\/www.rucashk.com\/wp-content\/uploads\/replace\/503b8e645f128a97ccde2b6290747646.jpeg\" \/>\n\t\t<meta property=\"og:image:secure_url\" content=\"https:\/\/www.rucashk.com\/wp-content\/uploads\/replace\/503b8e645f128a97ccde2b6290747646.jpeg\" \/>\n\t\t<meta property=\"og:image:width\" content=\"1456\" \/>\n\t\t<meta property=\"og:image:height\" content=\"816\" \/>\n\t\t<meta property=\"article:published_time\" content=\"2024-01-09T16:15:26+00:00\" \/>\n\t\t<meta property=\"article:modified_time\" content=\"2025-06-22T07:37:19+00:00\" \/>\n\t\t<meta name=\"twitter:card\" content=\"summary_large_image\" \/>\n\t\t<meta name=\"twitter:title\" content=\"Dreame V12 Handheld Vacuum - Rucas - Wholesale and Distribution\" \/>\n\t\t<meta name=\"twitter:description\" content=\"Break the motor performance limit Create aviation-grade core power The Chaimu SPACE 5.0 high-speed motor is built by the Chaimu Aerodynamics team. It breaks through the three fields of aerodynamics, materials science, and precision manufacturing. It outputs super clean performance for the V12 with ultra-high speed.\" \/>\n\t\t<meta name=\"twitter:image\" content=\"https:\/\/www.rucashk.com\/wp-content\/uploads\/replace\/503b8e645f128a97ccde2b6290747646.jpeg\" \/>\n\t\t<script type=\"application\/ld+json\" class=\"aioseo-schema\">\n\t\t\t{\"@context\":\"https:\\\/\\\/schema.org\",\"@graph\":[{\"@type\":\"BreadcrumbList\",\"@id\":\"https:\\\/\\\/www.rucashk.com\\\/es\\\/producto\\\/dreame-v12-handheld-vacuum\\\/#breadcrumblist\",\"itemListElement\":[{\"@type\":\"ListItem\",\"@id\":\"https:\\\/\\\/www.rucashk.com\\\/es\\\/#listItem\",\"position\":1,\"name\":\"Home\",\"item\":\"https:\\\/\\\/www.rucashk.com\\\/es\\\/\",\"nextItem\":\"https:\\\/\\\/www.rucashk.com\\\/es\\\/producto\\\/dreame-v12-handheld-vacuum\\\/#listItem\"},{\"@type\":\"ListItem\",\"@id\":\"https:\\\/\\\/www.rucashk.com\\\/es\\\/producto\\\/dreame-v12-handheld-vacuum\\\/#listItem\",\"position\":2,\"name\":\"Dreame V12 Handheld Vacuum\",\"previousItem\":\"https:\\\/\\\/www.rucashk.com\\\/es\\\/#listItem\"}]},{\"@type\":\"Organization\",\"@id\":\"https:\\\/\\\/www.rucashk.com\\\/es\\\/#organization\",\"name\":\"Rucas\",\"url\":\"https:\\\/\\\/www.rucashk.com\\\/es\\\/\",\"logo\":{\"@type\":\"ImageObject\",\"url\":\"https:\\\/\\\/www.rucashk.com\\\/wp-content\\\/uploads\\\/2023\\\/12\\\/Rucas_campany_logo.png\",\"@id\":\"https:\\\/\\\/www.rucashk.com\\\/es\\\/producto\\\/dreame-v12-handheld-vacuum\\\/#organizationLogo\",\"width\":221,\"height\":65},\"image\":{\"@id\":\"https:\\\/\\\/www.rucashk.com\\\/es\\\/#organizationLogo\"}},{\"@type\":\"Person\",\"@id\":\"https:\\\/\\\/www.rucashk.com\\\/es\\\/author\\\/admin\\\/#author\",\"url\":\"https:\\\/\\\/www.rucashk.com\\\/es\\\/author\\\/admin\\\/\",\"name\":\"admin\",\"image\":{\"@type\":\"ImageObject\",\"@id\":\"https:\\\/\\\/www.rucashk.com\\\/es\\\/producto\\\/dreame-v12-handheld-vacuum\\\/#authorImage\",\"url\":\"https:\\\/\\\/secure.gravatar.com\\\/avatar\\\/b7c8925b09a27e72b30232f8ecaadbd5af0f70a38c78096863fe51b64f031c24?s=96&d=mm&r=g\",\"width\":96,\"height\":96,\"caption\":\"admin\"}},{\"@type\":\"WebPage\",\"@id\":\"https:\\\/\\\/www.rucashk.com\\\/es\\\/producto\\\/dreame-v12-handheld-vacuum\\\/#webpage\",\"url\":\"https:\\\/\\\/www.rucashk.com\\\/es\\\/producto\\\/dreame-v12-handheld-vacuum\\\/\",\"name\":\"Dreame V12 Handheld Vacuum - Rucas - Wholesale and Distribution\",\"description\":\"Break the motor performance limit Create aviation-grade core power The Chaimu SPACE 5.0 high-speed motor is built by the Chaimu Aerodynamics team. It breaks through the three fields of aerodynamics, materials science, and precision manufacturing. It outputs super clean performance for the V12 with ultra-high speed.\",\"inLanguage\":\"es-ES\",\"isPartOf\":{\"@id\":\"https:\\\/\\\/www.rucashk.com\\\/es\\\/#website\"},\"breadcrumb\":{\"@id\":\"https:\\\/\\\/www.rucashk.com\\\/es\\\/producto\\\/dreame-v12-handheld-vacuum\\\/#breadcrumblist\"},\"author\":{\"@id\":\"https:\\\/\\\/www.rucashk.com\\\/es\\\/author\\\/admin\\\/#author\"},\"creator\":{\"@id\":\"https:\\\/\\\/www.rucashk.com\\\/es\\\/author\\\/admin\\\/#author\"},\"image\":{\"@type\":\"ImageObject\",\"url\":\"https:\\\/\\\/www.rucashk.com\\\/wp-content\\\/uploads\\\/2024\\\/01\\\/Dreame-V12-Cordless-Vacuum-Cleaner-27000Pa-550W-Powerful-Suction-LED-HD-Color-Screen-Wireless-Handheld-Aspirator.jpg\",\"@id\":\"https:\\\/\\\/www.rucashk.com\\\/es\\\/producto\\\/dreame-v12-handheld-vacuum\\\/#mainImage\",\"width\":800,\"height\":800},\"primaryImageOfPage\":{\"@id\":\"https:\\\/\\\/www.rucashk.com\\\/es\\\/producto\\\/dreame-v12-handheld-vacuum\\\/#mainImage\"},\"datePublished\":\"2024-01-09T16:15:26+00:00\",\"dateModified\":\"2025-06-22T07:37:19+00:00\"},{\"@type\":\"WebSite\",\"@id\":\"https:\\\/\\\/www.rucashk.com\\\/es\\\/#website\",\"url\":\"https:\\\/\\\/www.rucashk.com\\\/es\\\/\",\"name\":\"Rucas - Wholesale and distribution worldwide\",\"alternateName\":\"Rucas - One-stop AIoT Distribution Worldwide\",\"description\":\"One-stop AIoT Distribution Worldwide\",\"inLanguage\":\"es-ES\",\"publisher\":{\"@id\":\"https:\\\/\\\/www.rucashk.com\\\/es\\\/#organization\"}}]}\n\t\t<\/script>\n\t\t<!-- All in One SEO Pro -->\r\n\t\t<title>Dreame V12 Handheld Vacuum - Rucas - Wholesale and Distribution<\/title>\n\n","aioseo_head_json":{"title":"Dreame V12 Handheld Vacuum - Rucas - Wholesale and Distribution","description":"Break the motor performance limit Create aviation-grade core power The Chaimu SPACE 5.0 high-speed motor is built by the Chaimu Aerodynamics team. It breaks through the three fields of aerodynamics, materials science, and precision manufacturing. It outputs super clean performance for the V12 with ultra-high speed.","canonical_url":"https:\/\/www.rucashk.com\/es\/producto\/dreame-v12-handheld-vacuum\/","robots":"max-image-preview:large","keywords":"","webmasterTools":{"miscellaneous":""},"og:locale":"es_ES","og:site_name":"Rucas - One-stop AIoT Distribution Worldwide","og:type":"article","og:title":"Dreame V12 Handheld Vacuum - Rucas - Wholesale and Distribution","og:description":"Break the motor performance limit Create aviation-grade core power The Chaimu SPACE 5.0 high-speed motor is built by the Chaimu Aerodynamics team. It breaks through the three fields of aerodynamics, materials science, and precision manufacturing. It outputs super clean performance for the V12 with ultra-high speed.","og:url":"https:\/\/www.rucashk.com\/es\/producto\/dreame-v12-handheld-vacuum\/","og:image":"https:\/\/www.rucashk.com\/wp-content\/uploads\/replace\/503b8e645f128a97ccde2b6290747646.jpeg","og:image:secure_url":"https:\/\/www.rucashk.com\/wp-content\/uploads\/replace\/503b8e645f128a97ccde2b6290747646.jpeg","og:image:width":1456,"og:image:height":816,"article:published_time":"2024-01-09T16:15:26+00:00","article:modified_time":"2025-06-22T07:37:19+00:00","twitter:card":"summary_large_image","twitter:title":"Dreame V12 Handheld Vacuum - Rucas - Wholesale and Distribution","twitter:description":"Break the motor performance limit Create aviation-grade core power The Chaimu SPACE 5.0 high-speed motor is built by the Chaimu Aerodynamics team. It breaks through the three fields of aerodynamics, materials science, and precision manufacturing. It outputs super clean performance for the V12 with ultra-high speed.","twitter:image":"https:\/\/www.rucashk.com\/wp-content\/uploads\/replace\/503b8e645f128a97ccde2b6290747646.jpeg","schema":{"@context":"https:\/\/schema.org","@graph":[{"@type":"BreadcrumbList","@id":"https:\/\/www.rucashk.com\/es\/producto\/dreame-v12-handheld-vacuum\/#breadcrumblist","itemListElement":[{"@type":"ListItem","@id":"https:\/\/www.rucashk.com\/es\/#listItem","position":1,"name":"Home","item":"https:\/\/www.rucashk.com\/es\/","nextItem":"https:\/\/www.rucashk.com\/es\/producto\/dreame-v12-handheld-vacuum\/#listItem"},{"@type":"ListItem","@id":"https:\/\/www.rucashk.com\/es\/producto\/dreame-v12-handheld-vacuum\/#listItem","position":2,"name":"Dreame V12 Handheld Vacuum","previousItem":"https:\/\/www.rucashk.com\/es\/#listItem"}]},{"@type":"Organization","@id":"https:\/\/www.rucashk.com\/es\/#organization","name":"Rucas","url":"https:\/\/www.rucashk.com\/es\/","logo":{"@type":"ImageObject","url":"https:\/\/www.rucashk.com\/wp-content\/uploads\/2023\/12\/Rucas_campany_logo.png","@id":"https:\/\/www.rucashk.com\/es\/producto\/dreame-v12-handheld-vacuum\/#organizationLogo","width":221,"height":65},"image":{"@id":"https:\/\/www.rucashk.com\/es\/#organizationLogo"}},{"@type":"Person","@id":"https:\/\/www.rucashk.com\/es\/author\/admin\/#author","url":"https:\/\/www.rucashk.com\/es\/author\/admin\/","name":"admin","image":{"@type":"ImageObject","@id":"https:\/\/www.rucashk.com\/es\/producto\/dreame-v12-handheld-vacuum\/#authorImage","url":"https:\/\/secure.gravatar.com\/avatar\/b7c8925b09a27e72b30232f8ecaadbd5af0f70a38c78096863fe51b64f031c24?s=96&d=mm&r=g","width":96,"height":96,"caption":"admin"}},{"@type":"WebPage","@id":"https:\/\/www.rucashk.com\/es\/producto\/dreame-v12-handheld-vacuum\/#webpage","url":"https:\/\/www.rucashk.com\/es\/producto\/dreame-v12-handheld-vacuum\/","name":"Dreame V12 Handheld Vacuum - Rucas - Wholesale and Distribution","description":"Break the motor performance limit Create aviation-grade core power The Chaimu SPACE 5.0 high-speed motor is built by the Chaimu Aerodynamics team. It breaks through the three fields of aerodynamics, materials science, and precision manufacturing. It outputs super clean performance for the V12 with ultra-high speed.","inLanguage":"es-ES","isPartOf":{"@id":"https:\/\/www.rucashk.com\/es\/#website"},"breadcrumb":{"@id":"https:\/\/www.rucashk.com\/es\/producto\/dreame-v12-handheld-vacuum\/#breadcrumblist"},"author":{"@id":"https:\/\/www.rucashk.com\/es\/author\/admin\/#author"},"creator":{"@id":"https:\/\/www.rucashk.com\/es\/author\/admin\/#author"},"image":{"@type":"ImageObject","url":"https:\/\/www.rucashk.com\/wp-content\/uploads\/2024\/01\/Dreame-V12-Cordless-Vacuum-Cleaner-27000Pa-550W-Powerful-Suction-LED-HD-Color-Screen-Wireless-Handheld-Aspirator.jpg","@id":"https:\/\/www.rucashk.com\/es\/producto\/dreame-v12-handheld-vacuum\/#mainImage","width":800,"height":800},"primaryImageOfPage":{"@id":"https:\/\/www.rucashk.com\/es\/producto\/dreame-v12-handheld-vacuum\/#mainImage"},"datePublished":"2024-01-09T16:15:26+00:00","dateModified":"2025-06-22T07:37:19+00:00"},{"@type":"WebSite","@id":"https:\/\/www.rucashk.com\/es\/#website","url":"https:\/\/www.rucashk.com\/es\/","name":"Rucas - Wholesale and distribution worldwide","alternateName":"Rucas - One-stop AIoT Distribution Worldwide","description":"One-stop AIoT Distribution Worldwide","inLanguage":"es-ES","publisher":{"@id":"https:\/\/www.rucashk.com\/es\/#organization"}}]}},"aioseo_meta_data":{"post_id":"25251","title":null,"description":null,"keywords":null,"keyphrases":null,"primary_term":null,"canonical_url":null,"og_title":null,"og_description":null,"og_object_type":"default","og_image_type":"default","og_image_url":null,"og_image_width":null,"og_image_height":null,"og_image_custom_url":null,"og_image_custom_fields":null,"og_video":null,"og_custom_url":null,"og_article_section":null,"og_article_tags":null,"twitter_use_og":false,"twitter_card":"default","twitter_image_type":"default","twitter_image_url":null,"twitter_image_custom_url":null,"twitter_image_custom_fields":null,"twitter_title":null,"twitter_description":null,"schema":{"blockGraphs":[],"customGraphs":[],"default":{"data":{"Article":[],"Course":[],"Dataset":[],"FAQPage":[],"Movie":[],"Person":[],"Product":[],"Recipe":[],"Service":[],"SoftwareApplication":[],"WebPage":[]},"graphName":"","isEnabled":true},"graphs":[]},"schema_type":"default","schema_type_options":null,"pillar_content":false,"robots_default":true,"robots_noindex":false,"robots_noarchive":false,"robots_nosnippet":false,"robots_nofollow":false,"robots_noimageindex":false,"robots_noodp":false,"robots_notranslate":false,"robots_max_snippet":null,"robots_max_videopreview":null,"robots_max_imagepreview":"large","priority":null,"frequency":null,"local_seo":null,"breadcrumb_settings":null,"limit_modified_date":false,"created":"2024-04-11 01:57:18","updated":"2025-06-22 17:51:18"},"aioseo_breadcrumb":"<div class=\"aioseo-breadcrumbs\"><span class=\"aioseo-breadcrumb\">\n\t<a href=\"https:\/\/www.rucashk.com\/es\" title=\"Home\">Home<\/a>\n<\/span><span class=\"aioseo-breadcrumb-separator\">&raquo;<\/span><span class=\"aioseo-breadcrumb\">\n\t<a href=\"https:\/\/www.rucashk.com\/es\/products\/\" title=\"Productos\">Productos<\/a>\n<\/span><span class=\"aioseo-breadcrumb-separator\">&raquo;<\/span><span class=\"aioseo-breadcrumb\">\n\t<a href=\"https:\/\/www.rucashk.com\/es\/marca\/xiaomi\/\" title=\"Xiaomi\">Xiaomi<\/a>\n<\/span><span class=\"aioseo-breadcrumb-separator\">&raquo;<\/span><span class=\"aioseo-breadcrumb\">\n\tDreame V12 Handheld Vacuum\n<\/span><\/div>","aioseo_breadcrumb_json":[{"label":"Home","link":"https:\/\/www.rucashk.com\/es"},{"label":"Productos","link":"https:\/\/www.rucashk.com\/es\/products\/"},{"label":"Xiaomi","link":"https:\/\/www.rucashk.com\/es\/marca\/xiaomi\/"},{"label":"Dreame V12 Handheld Vacuum","link":"https:\/\/www.rucashk.com\/es\/producto\/dreame-v12-handheld-vacuum\/"}],"_links":{"self":[{"href":"https:\/\/www.rucashk.com\/es\/wp-json\/wp\/v2\/product\/25251","targetHints":{"allow":["GET"]}}],"collection":[{"href":"https:\/\/www.rucashk.com\/es\/wp-json\/wp\/v2\/product"}],"about":[{"href":"https:\/\/www.rucashk.com\/es\/wp-json\/wp\/v2\/types\/product"}],"wp:featuredmedia":[{"embeddable":true,"href":"https:\/\/www.rucashk.com\/es\/wp-json\/wp\/v2\/media\/25360"}],"wp:attachment":[{"href":"https:\/\/www.rucashk.com\/es\/wp-json\/wp\/v2\/media?parent=25251"}],"wp:term":[{"taxonomy":"product_brand","embeddable":true,"href":"https:\/\/www.rucashk.com\/es\/wp-json\/wp\/v2\/product_brand?post=25251"},{"taxonomy":"product_cat","embeddable":true,"href":"https:\/\/www.rucashk.com\/es\/wp-json\/wp\/v2\/product_cat?post=25251"},{"taxonomy":"product_tag","embeddable":true,"href":"https:\/\/www.rucashk.com\/es\/wp-json\/wp\/v2\/product_tag?post=25251"}],"curies":[{"name":"wp","href":"https:\/\/api.w.org\/{rel}","templated":true}]}}