{"id":25247,"date":"2024-01-09T16:15:26","date_gmt":"2024-01-09T16:15:26","guid":{"rendered":"http:\/\/rucashk.com\/?post_type=product&#038;p=25247"},"modified":"2024-03-12T08:20:51","modified_gmt":"2024-03-12T08:20:51","slug":"asus-zenbeam-e1-portable-mini-projector","status":"publish","type":"product","link":"https:\/\/www.rucashk.com\/es\/producto\/asus-zenbeam-e1-portable-mini-projector\/","title":{"rendered":"Mini proyector port\u00e1til ASUS ZenBeam E1"},"content":{"rendered":"<p><img fetchpriority=\"high\" decoding=\"async\" class=\"alignnone size-full wp-image-26415 aligncenter\" src=\"\/wp-content\/uploads\/replace\/41b86fa9be9abe9f92b2c62df537fe49.jpeg\" alt=\"ASUS ZenBeam E1 Portable Mini Projector\" width=\"1188\" height=\"637\" \/><img decoding=\"async\" class=\"alignnone size-full wp-image-26414 aligncenter\" src=\"\/wp-content\/uploads\/replace\/93b32027079ac09570846f043332dc6e.jpeg\" alt=\"ASUS ZenBeam E1 Portable Mini Projector\" width=\"1584\" height=\"655\" \/><img decoding=\"async\" class=\"alignnone size-full wp-image-26419 aligncenter\" src=\"\/wp-content\/uploads\/replace\/1f801094b1e4b9b024d528b270381db7.jpeg\" alt=\"ASUS ZenBeam E1 Portable Mini Projector\" width=\"982\" height=\"662\" \/><img loading=\"lazy\" decoding=\"async\" class=\"alignnone size-full wp-image-26420 aligncenter\" src=\"\/wp-content\/uploads\/replace\/81d36e8d0587ab6a7341e6df9660979a.jpeg\" alt=\"ASUS ZenBeam E1 Portable Mini Projector\" width=\"1445\" height=\"1500\" \/><img loading=\"lazy\" decoding=\"async\" class=\"alignnone size-full wp-image-26422 aligncenter\" src=\"\/wp-content\/uploads\/replace\/81dfe22b20623f5d6cf76e974c9b689f.jpeg\" alt=\"ASUS ZenBeam E1 Portable Mini Projector\" width=\"1500\" height=\"1500\" \/><img loading=\"lazy\" decoding=\"async\" class=\"alignnone size-full wp-image-26416 aligncenter\" src=\"\/wp-content\/uploads\/replace\/fe6306a2c9a6919eb1d5a89a66a44edb.jpeg\" alt=\"ASUS ZenBeam E1 Portable Mini Projector\" width=\"1602\" height=\"789\" \/><img loading=\"lazy\" decoding=\"async\" class=\"alignnone size-full wp-image-26417 aligncenter\" src=\"\/wp-content\/uploads\/replace\/4d8be982485a100209fbad40b7913c03.jpeg\" alt=\"ASUS ZenBeam E1 Portable Mini Projector\" width=\"1464\" height=\"600\" \/><\/p>\n<p><img loading=\"lazy\" decoding=\"async\" class=\"alignnone size-full wp-image-26421 aligncenter\" src=\"\/wp-content\/uploads\/replace\/432514cf0728676e0e1de51087d278cb.jpeg\" alt=\"ASUS ZenBeam E1 Portable Mini Projector\" width=\"1229\" height=\"1500\" \/><\/p>\n<h5 id=\"title\" class=\"a-size-large a-spacing-none\" style=\"text-align: center\"><span id=\"productTitle\" class=\"a-size-large product-title-word-break\">Mini proyector port\u00e1til ASUS ZenBeam E1 con altavoces HDMI\/MHL 6000mAh Bater\u00eda hasta 5 horas | Piedra angular autom\u00e1tica\u00a0<\/span><\/h5>\n<p style=\"text-align: center\"><strong>Caracter\u00edstica:<\/strong><\/p>\n<p style=\"text-align: center\"><span class=\"a-list-item\">Proyecci\u00f3n Pico de solo W4.3 x H1.1 x D3.3 pulgadas y 0.68 libras que convierte autom\u00e1ticamente la entrada 1080p\/4K a WVGA<\/span><\/p>\n<p style=\"text-align: center\"><span class=\"a-list-item\">Hasta 5 horas de reproducci\u00f3n con una bater\u00eda recargable incorporada de 22 Wh que funciona como un banco de energ\u00eda de 6000 mAh<\/span><\/p>\n<p style=\"text-align: center\"><span class=\"a-list-item\">Configuraci\u00f3n instant\u00e1nea y visualizaci\u00f3n optimizada con correcci\u00f3n trapezoidal autom\u00e1tica y tecnolog\u00eda DLP IntelliBright<\/span><\/p>\n<p style=\"text-align: center\"><span class=\"a-list-item\">Magn\u00edficas proyecciones de 120 pulgadas con conectividad HDMI\/MHL y audio de calidad profesional gracias a la tecnolog\u00eda de audio ASUS Sonic Master para entretenimiento en cualquier lugar y en cualquier momento.<img loading=\"lazy\" decoding=\"async\" class=\"size-full wp-image-26424 aligncenter\" src=\"\/wp-content\/uploads\/replace\/eef5e3c41513ec7948d5d97c1aa45436.jpeg\" alt=\"ASUS ZenBeam E1 Portable Mini Projector\" width=\"586\" height=\"242\" \/><\/span><\/p>","protected":false},"excerpt":{"rendered":"<p><strong>Caracter\u00edstica:<\/strong><\/p>\n<ul>\n<li><span class=\"a-list-item\">&#8211; Automatically converts 1080p\/4K input to WVGA<\/span><\/li>\n<li><span class=\"a-list-item\">-Hasta 5 horas de reproducci\u00f3n con una bater\u00eda recargable incorporada de 22 Wh<\/span><\/li>\n<li><span class=\"a-list-item\">&#8211; Auto Keystone Correction and DLP IntelliBright technology<\/span><\/li>\n<li><span class=\"a-list-item\">-Audio de grado profesional gracias a la tecnolog\u00eda de audio ASUS Sonic Master\u00a0<\/span><\/li>\n<\/ul>","protected":false},"featured_media":25350,"template":"","meta":[],"product_brand":[],"product_cat":[1322],"product_tag":[],"class_list":{"0":"post-25247","1":"product","2":"type-product","3":"status-publish","4":"has-post-thumbnail","6":"product_cat-other-a-brands","8":"first","9":"instock","10":"shipping-taxable","11":"product-type-simple"},"aioseo_notices":[],"aioseo_head":"\n\t\t<!-- All in One SEO Pro 4.5.9.2 - aioseo.com -->\n\t\t<meta name=\"description\" content=\"Feature: - Automatically converts 1080p\/4K input to WVGA -Up to 5 hours of playtime with a built- in 22WH rechargeable battery - Auto Keystone Correction and DLP IntelliBright technology -Professional Grade audio by ASUS Sonic Master audio technology\" \/>\n\t\t<meta name=\"robots\" content=\"max-image-preview:large\" \/>\n\t\t<link rel=\"canonical\" href=\"https:\/\/www.rucashk.com\/es\/producto\/asus-zenbeam-e1-portable-mini-projector\/\" \/>\n\t\t<meta name=\"generator\" content=\"All in One SEO Pro (AIOSEO) 4.5.9.2\" \/>\n\t\t<meta property=\"og:locale\" content=\"es_ES\" \/>\n\t\t<meta property=\"og:site_name\" content=\"Rucas - One-stop AIoT Distribution Worldwide\" \/>\n\t\t<meta property=\"og:type\" content=\"article\" \/>\n\t\t<meta property=\"og:title\" content=\"ASUS ZenBeam E1 Portable Mini Projector - Rucas - Wholesale and Distribution\" \/>\n\t\t<meta property=\"og:description\" content=\"Feature: - Automatically converts 1080p\/4K input to WVGA -Up to 5 hours of playtime with a built- in 22WH rechargeable battery - Auto Keystone Correction and DLP IntelliBright technology -Professional Grade audio by ASUS Sonic Master audio technology\" \/>\n\t\t<meta property=\"og:url\" content=\"https:\/\/www.rucashk.com\/es\/producto\/asus-zenbeam-e1-portable-mini-projector\/\" \/>\n\t\t<meta property=\"og:image\" content=\"https:\/\/www.rucashk.com\/wp-content\/uploads\/replace\/503b8e645f128a97ccde2b6290747646.jpeg\" \/>\n\t\t<meta property=\"og:image:secure_url\" content=\"https:\/\/www.rucashk.com\/wp-content\/uploads\/replace\/503b8e645f128a97ccde2b6290747646.jpeg\" \/>\n\t\t<meta property=\"og:image:width\" content=\"1456\" \/>\n\t\t<meta property=\"og:image:height\" content=\"816\" \/>\n\t\t<meta property=\"article:published_time\" content=\"2024-01-09T16:15:26+00:00\" \/>\n\t\t<meta property=\"article:modified_time\" content=\"2024-03-12T08:20:51+00:00\" \/>\n\t\t<meta name=\"twitter:card\" content=\"summary_large_image\" \/>\n\t\t<meta name=\"twitter:title\" content=\"ASUS ZenBeam E1 Portable Mini Projector - Rucas - Wholesale and Distribution\" \/>\n\t\t<meta name=\"twitter:description\" content=\"Feature: - Automatically converts 1080p\/4K input to WVGA -Up to 5 hours of playtime with a built- in 22WH rechargeable battery - Auto Keystone Correction and DLP IntelliBright technology -Professional Grade audio by ASUS Sonic Master audio technology\" \/>\n\t\t<meta name=\"twitter:image\" content=\"https:\/\/www.rucashk.com\/wp-content\/uploads\/replace\/503b8e645f128a97ccde2b6290747646.jpeg\" \/>\n\t\t<script type=\"application\/ld+json\" class=\"aioseo-schema\">\n\t\t\t{\"@context\":\"https:\\\/\\\/schema.org\",\"@graph\":[{\"@type\":\"BreadcrumbList\",\"@id\":\"https:\\\/\\\/www.rucashk.com\\\/es\\\/producto\\\/asus-zenbeam-e1-portable-mini-projector\\\/#breadcrumblist\",\"itemListElement\":[{\"@type\":\"ListItem\",\"@id\":\"https:\\\/\\\/www.rucashk.com\\\/es\\\/#listItem\",\"position\":1,\"name\":\"Home\",\"item\":\"https:\\\/\\\/www.rucashk.com\\\/es\\\/\",\"nextItem\":\"https:\\\/\\\/www.rucashk.com\\\/es\\\/producto\\\/asus-zenbeam-e1-portable-mini-projector\\\/#listItem\"},{\"@type\":\"ListItem\",\"@id\":\"https:\\\/\\\/www.rucashk.com\\\/es\\\/producto\\\/asus-zenbeam-e1-portable-mini-projector\\\/#listItem\",\"position\":2,\"name\":\"ASUS ZenBeam E1 Portable Mini Projector\",\"previousItem\":\"https:\\\/\\\/www.rucashk.com\\\/es\\\/#listItem\"}]},{\"@type\":\"Organization\",\"@id\":\"https:\\\/\\\/www.rucashk.com\\\/es\\\/#organization\",\"name\":\"Rucas\",\"url\":\"https:\\\/\\\/www.rucashk.com\\\/es\\\/\",\"logo\":{\"@type\":\"ImageObject\",\"url\":\"https:\\\/\\\/www.rucashk.com\\\/wp-content\\\/uploads\\\/2023\\\/12\\\/Rucas_campany_logo.png\",\"@id\":\"https:\\\/\\\/www.rucashk.com\\\/es\\\/producto\\\/asus-zenbeam-e1-portable-mini-projector\\\/#organizationLogo\",\"width\":221,\"height\":65},\"image\":{\"@id\":\"https:\\\/\\\/www.rucashk.com\\\/es\\\/#organizationLogo\"}},{\"@type\":\"Person\",\"@id\":\"https:\\\/\\\/www.rucashk.com\\\/es\\\/author\\\/admin\\\/#author\",\"url\":\"https:\\\/\\\/www.rucashk.com\\\/es\\\/author\\\/admin\\\/\",\"name\":\"admin\",\"image\":{\"@type\":\"ImageObject\",\"@id\":\"https:\\\/\\\/www.rucashk.com\\\/es\\\/producto\\\/asus-zenbeam-e1-portable-mini-projector\\\/#authorImage\",\"url\":\"https:\\\/\\\/secure.gravatar.com\\\/avatar\\\/b7c8925b09a27e72b30232f8ecaadbd5af0f70a38c78096863fe51b64f031c24?s=96&d=mm&r=g\",\"width\":96,\"height\":96,\"caption\":\"admin\"}},{\"@type\":\"WebPage\",\"@id\":\"https:\\\/\\\/www.rucashk.com\\\/es\\\/producto\\\/asus-zenbeam-e1-portable-mini-projector\\\/#webpage\",\"url\":\"https:\\\/\\\/www.rucashk.com\\\/es\\\/producto\\\/asus-zenbeam-e1-portable-mini-projector\\\/\",\"name\":\"ASUS ZenBeam E1 Portable Mini Projector - Rucas - Wholesale and Distribution\",\"description\":\"Feature: - Automatically converts 1080p\\\/4K input to WVGA -Up to 5 hours of playtime with a built- in 22WH rechargeable battery - Auto Keystone Correction and DLP IntelliBright technology -Professional Grade audio by ASUS Sonic Master audio technology\",\"inLanguage\":\"es-ES\",\"isPartOf\":{\"@id\":\"https:\\\/\\\/www.rucashk.com\\\/es\\\/#website\"},\"breadcrumb\":{\"@id\":\"https:\\\/\\\/www.rucashk.com\\\/es\\\/producto\\\/asus-zenbeam-e1-portable-mini-projector\\\/#breadcrumblist\"},\"author\":{\"@id\":\"https:\\\/\\\/www.rucashk.com\\\/es\\\/author\\\/admin\\\/#author\"},\"creator\":{\"@id\":\"https:\\\/\\\/www.rucashk.com\\\/es\\\/author\\\/admin\\\/#author\"},\"image\":{\"@type\":\"ImageObject\",\"url\":\"https:\\\/\\\/www.rucashk.com\\\/wp-content\\\/uploads\\\/2024\\\/01\\\/11.9.ZenBeam-Late-Mini-Projector.jpg\",\"@id\":\"https:\\\/\\\/www.rucashk.com\\\/es\\\/producto\\\/asus-zenbeam-e1-portable-mini-projector\\\/#mainImage\",\"width\":800,\"height\":800},\"primaryImageOfPage\":{\"@id\":\"https:\\\/\\\/www.rucashk.com\\\/es\\\/producto\\\/asus-zenbeam-e1-portable-mini-projector\\\/#mainImage\"},\"datePublished\":\"2024-01-09T16:15:26+00:00\",\"dateModified\":\"2024-03-12T08:20:51+00:00\"},{\"@type\":\"WebSite\",\"@id\":\"https:\\\/\\\/www.rucashk.com\\\/es\\\/#website\",\"url\":\"https:\\\/\\\/www.rucashk.com\\\/es\\\/\",\"name\":\"Rucas - Wholesale and distribution worldwide\",\"alternateName\":\"Rucas - One-stop AIoT Distribution Worldwide\",\"description\":\"One-stop AIoT Distribution Worldwide\",\"inLanguage\":\"es-ES\",\"publisher\":{\"@id\":\"https:\\\/\\\/www.rucashk.com\\\/es\\\/#organization\"}}]}\n\t\t<\/script>\n\t\t<!-- All in One SEO Pro -->\r\n\t\t<title>ASUS ZenBeam E1 Portable Mini Projector - Rucas - Wholesale and Distribution<\/title>\n\n","aioseo_head_json":{"title":"ASUS ZenBeam E1 Portable Mini Projector - Rucas - Wholesale and Distribution","description":"Feature: - Automatically converts 1080p\/4K input to WVGA -Up to 5 hours of playtime with a built- in 22WH rechargeable battery - Auto Keystone Correction and DLP IntelliBright technology -Professional Grade audio by ASUS Sonic Master audio technology","canonical_url":"https:\/\/www.rucashk.com\/es\/producto\/asus-zenbeam-e1-portable-mini-projector\/","robots":"max-image-preview:large","keywords":"","webmasterTools":{"miscellaneous":""},"og:locale":"es_ES","og:site_name":"Rucas - One-stop AIoT Distribution Worldwide","og:type":"article","og:title":"ASUS ZenBeam E1 Portable Mini Projector - Rucas - Wholesale and Distribution","og:description":"Feature: - Automatically converts 1080p\/4K input to WVGA -Up to 5 hours of playtime with a built- in 22WH rechargeable battery - Auto Keystone Correction and DLP IntelliBright technology -Professional Grade audio by ASUS Sonic Master audio technology","og:url":"https:\/\/www.rucashk.com\/es\/producto\/asus-zenbeam-e1-portable-mini-projector\/","og:image":"https:\/\/www.rucashk.com\/wp-content\/uploads\/replace\/503b8e645f128a97ccde2b6290747646.jpeg","og:image:secure_url":"https:\/\/www.rucashk.com\/wp-content\/uploads\/replace\/503b8e645f128a97ccde2b6290747646.jpeg","og:image:width":1456,"og:image:height":816,"article:published_time":"2024-01-09T16:15:26+00:00","article:modified_time":"2024-03-12T08:20:51+00:00","twitter:card":"summary_large_image","twitter:title":"ASUS ZenBeam E1 Portable Mini Projector - Rucas - Wholesale and Distribution","twitter:description":"Feature: - Automatically converts 1080p\/4K input to WVGA -Up to 5 hours of playtime with a built- in 22WH rechargeable battery - Auto Keystone Correction and DLP IntelliBright technology -Professional Grade audio by ASUS Sonic Master audio technology","twitter:image":"https:\/\/www.rucashk.com\/wp-content\/uploads\/replace\/503b8e645f128a97ccde2b6290747646.jpeg","schema":{"@context":"https:\/\/schema.org","@graph":[{"@type":"BreadcrumbList","@id":"https:\/\/www.rucashk.com\/es\/producto\/asus-zenbeam-e1-portable-mini-projector\/#breadcrumblist","itemListElement":[{"@type":"ListItem","@id":"https:\/\/www.rucashk.com\/es\/#listItem","position":1,"name":"Home","item":"https:\/\/www.rucashk.com\/es\/","nextItem":"https:\/\/www.rucashk.com\/es\/producto\/asus-zenbeam-e1-portable-mini-projector\/#listItem"},{"@type":"ListItem","@id":"https:\/\/www.rucashk.com\/es\/producto\/asus-zenbeam-e1-portable-mini-projector\/#listItem","position":2,"name":"ASUS ZenBeam E1 Portable Mini Projector","previousItem":"https:\/\/www.rucashk.com\/es\/#listItem"}]},{"@type":"Organization","@id":"https:\/\/www.rucashk.com\/es\/#organization","name":"Rucas","url":"https:\/\/www.rucashk.com\/es\/","logo":{"@type":"ImageObject","url":"https:\/\/www.rucashk.com\/wp-content\/uploads\/2023\/12\/Rucas_campany_logo.png","@id":"https:\/\/www.rucashk.com\/es\/producto\/asus-zenbeam-e1-portable-mini-projector\/#organizationLogo","width":221,"height":65},"image":{"@id":"https:\/\/www.rucashk.com\/es\/#organizationLogo"}},{"@type":"Person","@id":"https:\/\/www.rucashk.com\/es\/author\/admin\/#author","url":"https:\/\/www.rucashk.com\/es\/author\/admin\/","name":"admin","image":{"@type":"ImageObject","@id":"https:\/\/www.rucashk.com\/es\/producto\/asus-zenbeam-e1-portable-mini-projector\/#authorImage","url":"https:\/\/secure.gravatar.com\/avatar\/b7c8925b09a27e72b30232f8ecaadbd5af0f70a38c78096863fe51b64f031c24?s=96&d=mm&r=g","width":96,"height":96,"caption":"admin"}},{"@type":"WebPage","@id":"https:\/\/www.rucashk.com\/es\/producto\/asus-zenbeam-e1-portable-mini-projector\/#webpage","url":"https:\/\/www.rucashk.com\/es\/producto\/asus-zenbeam-e1-portable-mini-projector\/","name":"ASUS ZenBeam E1 Portable Mini Projector - Rucas - Wholesale and Distribution","description":"Feature: - Automatically converts 1080p\/4K input to WVGA -Up to 5 hours of playtime with a built- in 22WH rechargeable battery - Auto Keystone Correction and DLP IntelliBright technology -Professional Grade audio by ASUS Sonic Master audio technology","inLanguage":"es-ES","isPartOf":{"@id":"https:\/\/www.rucashk.com\/es\/#website"},"breadcrumb":{"@id":"https:\/\/www.rucashk.com\/es\/producto\/asus-zenbeam-e1-portable-mini-projector\/#breadcrumblist"},"author":{"@id":"https:\/\/www.rucashk.com\/es\/author\/admin\/#author"},"creator":{"@id":"https:\/\/www.rucashk.com\/es\/author\/admin\/#author"},"image":{"@type":"ImageObject","url":"https:\/\/www.rucashk.com\/wp-content\/uploads\/2024\/01\/11.9.ZenBeam-Late-Mini-Projector.jpg","@id":"https:\/\/www.rucashk.com\/es\/producto\/asus-zenbeam-e1-portable-mini-projector\/#mainImage","width":800,"height":800},"primaryImageOfPage":{"@id":"https:\/\/www.rucashk.com\/es\/producto\/asus-zenbeam-e1-portable-mini-projector\/#mainImage"},"datePublished":"2024-01-09T16:15:26+00:00","dateModified":"2024-03-12T08:20:51+00:00"},{"@type":"WebSite","@id":"https:\/\/www.rucashk.com\/es\/#website","url":"https:\/\/www.rucashk.com\/es\/","name":"Rucas - Wholesale and distribution worldwide","alternateName":"Rucas - One-stop AIoT Distribution Worldwide","description":"One-stop AIoT Distribution Worldwide","inLanguage":"es-ES","publisher":{"@id":"https:\/\/www.rucashk.com\/es\/#organization"}}]}},"aioseo_meta_data":{"post_id":"25247","title":null,"description":null,"keywords":null,"keyphrases":null,"primary_term":null,"canonical_url":null,"og_title":null,"og_description":null,"og_object_type":"default","og_image_type":"default","og_image_url":null,"og_image_width":null,"og_image_height":null,"og_image_custom_url":null,"og_image_custom_fields":null,"og_video":null,"og_custom_url":null,"og_article_section":null,"og_article_tags":null,"twitter_use_og":false,"twitter_card":"default","twitter_image_type":"default","twitter_image_url":null,"twitter_image_custom_url":null,"twitter_image_custom_fields":null,"twitter_title":null,"twitter_description":null,"schema":{"blockGraphs":[],"customGraphs":[],"default":{"data":{"Article":[],"Course":[],"Dataset":[],"FAQPage":[],"Movie":[],"Person":[],"Product":[],"Recipe":[],"Service":[],"SoftwareApplication":[],"WebPage":[]},"graphName":"","isEnabled":true},"graphs":[]},"schema_type":"default","schema_type_options":null,"pillar_content":false,"robots_default":true,"robots_noindex":false,"robots_noarchive":false,"robots_nosnippet":false,"robots_nofollow":false,"robots_noimageindex":false,"robots_noodp":false,"robots_notranslate":false,"robots_max_snippet":null,"robots_max_videopreview":null,"robots_max_imagepreview":"large","priority":null,"frequency":null,"local_seo":null,"breadcrumb_settings":null,"limit_modified_date":false,"created":"2024-04-11 01:57:18","updated":"2025-06-22 17:51:18"},"aioseo_breadcrumb":"<div class=\"aioseo-breadcrumbs\"><span class=\"aioseo-breadcrumb\">\n\t<a href=\"https:\/\/www.rucashk.com\/es\" title=\"Home\">Home<\/a>\n<\/span><span class=\"aioseo-breadcrumb-separator\">&raquo;<\/span><span class=\"aioseo-breadcrumb\">\n\t<a href=\"https:\/\/www.rucashk.com\/es\/products\/\" title=\"Productos\">Productos<\/a>\n<\/span><span class=\"aioseo-breadcrumb-separator\">&raquo;<\/span><span class=\"aioseo-breadcrumb\">\n\t<a href=\"https:\/\/www.rucashk.com\/es\/categoria-producto\/other-a-brands\/\" title=\"Other A-Brands\">Other A-Brands<\/a>\n<\/span><span class=\"aioseo-breadcrumb-separator\">&raquo;<\/span><span class=\"aioseo-breadcrumb\">\n\tASUS ZenBeam E1 Portable Mini Projector\n<\/span><\/div>","aioseo_breadcrumb_json":[{"label":"Home","link":"https:\/\/www.rucashk.com\/es"},{"label":"Productos","link":"https:\/\/www.rucashk.com\/es\/products\/"},{"label":"Other A-Brands","link":"https:\/\/www.rucashk.com\/es\/categoria-producto\/other-a-brands\/"},{"label":"ASUS ZenBeam E1 Portable Mini Projector","link":"https:\/\/www.rucashk.com\/es\/producto\/asus-zenbeam-e1-portable-mini-projector\/"}],"_links":{"self":[{"href":"https:\/\/www.rucashk.com\/es\/wp-json\/wp\/v2\/product\/25247","targetHints":{"allow":["GET"]}}],"collection":[{"href":"https:\/\/www.rucashk.com\/es\/wp-json\/wp\/v2\/product"}],"about":[{"href":"https:\/\/www.rucashk.com\/es\/wp-json\/wp\/v2\/types\/product"}],"wp:featuredmedia":[{"embeddable":true,"href":"https:\/\/www.rucashk.com\/es\/wp-json\/wp\/v2\/media\/25350"}],"wp:attachment":[{"href":"https:\/\/www.rucashk.com\/es\/wp-json\/wp\/v2\/media?parent=25247"}],"wp:term":[{"taxonomy":"product_brand","embeddable":true,"href":"https:\/\/www.rucashk.com\/es\/wp-json\/wp\/v2\/product_brand?post=25247"},{"taxonomy":"product_cat","embeddable":true,"href":"https:\/\/www.rucashk.com\/es\/wp-json\/wp\/v2\/product_cat?post=25247"},{"taxonomy":"product_tag","embeddable":true,"href":"https:\/\/www.rucashk.com\/es\/wp-json\/wp\/v2\/product_tag?post=25247"}],"curies":[{"name":"wp","href":"https:\/\/api.w.org\/{rel}","templated":true}]}}