{"id":25244,"date":"2024-01-09T16:15:25","date_gmt":"2024-01-09T16:15:25","guid":{"rendered":"http:\/\/rucashk.com\/?post_type=product&#038;p=25244"},"modified":"2024-01-16T10:09:20","modified_gmt":"2024-01-16T10:09:20","slug":"razer-gaming-console-xbox","status":"publish","type":"product","link":"https:\/\/www.rucashk.com\/es\/producto\/razer-gaming-console-xbox\/","title":{"rendered":"Consola de juegos Razer Xbox"},"content":{"rendered":"<h1 class=\"header\" style=\"text-align: center\">M\u00c1XIMO RENDIMIENTO PARA EL DOMINIO DE PR\u00d3XIMA GENERACI\u00d3N<\/h1>\n<div class=\"description paragraph\" style=\"text-align: center\">\u00c1rmate con un equipamiento de consola dise\u00f1ado para brindar una ventaja competitiva para la nueva era de los juegos de Xbox. Equipadas con nuestras \u00faltimas tecnolog\u00edas, estas armas de vanguardia garantizar\u00e1n que la \u00fanica guerra de consola que deba preocupar a tus oponentes sea la que librar\u00e1s t\u00fa.<\/div>\n<p><img fetchpriority=\"high\" decoding=\"async\" class=\"size-full wp-image-26359 aligncenter\" src=\"https:\/\/www.rucashk.com\/wp-content\/uploads\/2021\/05\/1.-Razer-Gaming-Console-Xbox.jpg\" alt=\"\" width=\"1056\" height=\"587\" \/><\/p>\n<h2 class=\"section-header\" style=\"text-align: center\" data-pnx-f=\"text1\">UN ARMA DE ESPERANZA<\/h2>\n<div class=\"subhead paragraph\" style=\"text-align: center\" data-pnx-f=\"longText1\">\u00a0Controlador inal\u00e1mbrico Squadrons Controller Gear + soporte de carga profesional para Xbox<\/div>\n<p><img decoding=\"async\" class=\"size-full wp-image-26360 aligncenter\" src=\"https:\/\/www.rucashk.com\/wp-content\/uploads\/2021\/05\/2.-Razer-Gaming-Console-Xbox.jpg\" alt=\"\" width=\"931\" height=\"603\" \/><\/p>\n<h2 style=\"text-align: center\" data-pnx-f=\"text1\">MEZCLA. F\u00d3SFORO. AHORRAR.<\/h2>\n<div class=\"p-container lt1\" style=\"text-align: center\" data-pnx-f=\"longText1\">Disfrute de un descuento de 10% al comprar dos de estos art\u00edculos destacados.<\/div>\n<p><img decoding=\"async\" class=\"size-full wp-image-26361 aligncenter\" src=\"https:\/\/www.rucashk.com\/wp-content\/uploads\/2021\/05\/3.-Razer-Gaming-Console-Xbox.jpg\" alt=\"\" width=\"956\" height=\"520\" \/><\/p>\n<h2 style=\"text-align: center\" data-pnx-f=\"text1\">VAYA AL NIVEL SUPERIOR PARA ILUMINARLO<\/h2>\n<div class=\"p-container lt1\" style=\"text-align: center\" data-pnx-f=\"longText1\">Si te gusta ganar con estilo, prep\u00e1rate con nuestros auriculares y controlador de consola de alta gama con tecnolog\u00eda Razer Chroma\u2122 RGB.<\/div>\n<p><img loading=\"lazy\" decoding=\"async\" class=\"size-full wp-image-26362 aligncenter\" src=\"https:\/\/www.rucashk.com\/wp-content\/uploads\/2021\/05\/4.-Razer-Gaming-Console-Xbox.jpg\" alt=\"\" width=\"1097\" height=\"638\" \/><\/p>\n<h2 style=\"text-align: center\" data-pnx-f=\"text1\">VENTAJAS DE LA CONSOLA PRINCIPAL<\/h2>\n<div class=\"p-container lt1\" style=\"text-align: center\" data-pnx-f=\"longText1\">Con nuestra combinaci\u00f3n preferida para juegos competitivos de Xbox, no s\u00f3lo estar\u00e1s listo para la competencia: la agradecer\u00e1s.<\/div>\n<p><img loading=\"lazy\" decoding=\"async\" class=\"size-full wp-image-26363 aligncenter\" src=\"https:\/\/www.rucashk.com\/wp-content\/uploads\/2021\/05\/5.-Razer-Gaming-Console-Xbox.jpg\" alt=\"\" width=\"1100\" height=\"652\" \/><\/p>\n<h2 class=\"section-header\" style=\"text-align: center\" data-pnx-f=\"text1\">PARA XBOX<\/h2>\n<div class=\"subhead paragraph\" style=\"text-align: center\" data-pnx-f=\"longText1\">Logre la configuraci\u00f3n de sus sue\u00f1os con auriculares avanzados que brindan una inmersi\u00f3n total en sus juegos favoritos y disfrute de un mayor grado de ejecuci\u00f3n con nuestros controladores intuitivos.<\/div>\n<p><img loading=\"lazy\" decoding=\"async\" class=\"size-full wp-image-26364 aligncenter\" src=\"https:\/\/www.rucashk.com\/wp-content\/uploads\/2021\/05\/6.-Razer-Gaming-Console-Xbox.jpg\" alt=\"\" width=\"1066\" height=\"582\" \/><\/p>\n<p>&nbsp;<\/p>","protected":false},"excerpt":{"rendered":"<p><strong>Caracter\u00edstica:<\/strong><\/p>\n<ul>\n<li>-M\u00e1ximo rendimiento para el dominio de la pr\u00f3xima generaci\u00f3n<\/li>\n<li>-Un arma de esperanza<\/li>\n<li>-Vaya al nivel superior para iluminarlo<\/li>\n<li>-Ventaja de la consola central<\/li>\n<li>-Para Xbox<\/li>\n<\/ul>","protected":false},"featured_media":25344,"template":"","meta":[],"product_brand":[],"product_cat":[1322,1331],"product_tag":[],"class_list":{"0":"post-25244","1":"product","2":"type-product","3":"status-publish","4":"has-post-thumbnail","6":"product_cat-other-a-brands","7":"product_cat-razer-other-a-brands","9":"first","10":"instock","11":"shipping-taxable","12":"product-type-simple"},"aioseo_notices":[],"aioseo_head":"\n\t\t<!-- All in One SEO Pro 4.5.9.2 - aioseo.com -->\n\t\t<meta name=\"description\" content=\"Feature: -Peak Performance For Next-gen Dominance -A Weapon Of Hope -Go Top-tier To Light It up -Core Console Advantage -For Xbox\" \/>\n\t\t<meta name=\"robots\" content=\"max-image-preview:large\" \/>\n\t\t<link rel=\"canonical\" href=\"https:\/\/www.rucashk.com\/es\/producto\/razer-gaming-console-xbox\/\" \/>\n\t\t<meta name=\"generator\" content=\"All in One SEO Pro (AIOSEO) 4.5.9.2\" \/>\n\t\t<meta property=\"og:locale\" content=\"es_ES\" \/>\n\t\t<meta property=\"og:site_name\" content=\"Rucas - One-stop AIoT Distribution Worldwide\" \/>\n\t\t<meta property=\"og:type\" content=\"article\" \/>\n\t\t<meta property=\"og:title\" content=\"Razer Gaming Console Xbox - Rucas - Wholesale and Distribution\" \/>\n\t\t<meta property=\"og:description\" content=\"Feature: -Peak Performance For Next-gen Dominance -A Weapon Of Hope -Go Top-tier To Light It up -Core Console Advantage -For Xbox\" \/>\n\t\t<meta property=\"og:url\" content=\"https:\/\/www.rucashk.com\/es\/producto\/razer-gaming-console-xbox\/\" \/>\n\t\t<meta property=\"og:image\" content=\"https:\/\/www.rucashk.com\/wp-content\/uploads\/replace\/503b8e645f128a97ccde2b6290747646.jpeg\" \/>\n\t\t<meta property=\"og:image:secure_url\" content=\"https:\/\/www.rucashk.com\/wp-content\/uploads\/replace\/503b8e645f128a97ccde2b6290747646.jpeg\" \/>\n\t\t<meta property=\"og:image:width\" content=\"1456\" \/>\n\t\t<meta property=\"og:image:height\" content=\"816\" \/>\n\t\t<meta property=\"article:published_time\" content=\"2024-01-09T16:15:25+00:00\" \/>\n\t\t<meta property=\"article:modified_time\" content=\"2024-01-16T10:09:20+00:00\" \/>\n\t\t<meta name=\"twitter:card\" content=\"summary_large_image\" \/>\n\t\t<meta name=\"twitter:title\" content=\"Razer Gaming Console Xbox - Rucas - Wholesale and Distribution\" \/>\n\t\t<meta name=\"twitter:description\" content=\"Feature: -Peak Performance For Next-gen Dominance -A Weapon Of Hope -Go Top-tier To Light It up -Core Console Advantage -For Xbox\" \/>\n\t\t<meta name=\"twitter:image\" content=\"https:\/\/www.rucashk.com\/wp-content\/uploads\/replace\/503b8e645f128a97ccde2b6290747646.jpeg\" \/>\n\t\t<script type=\"application\/ld+json\" class=\"aioseo-schema\">\n\t\t\t{\"@context\":\"https:\\\/\\\/schema.org\",\"@graph\":[{\"@type\":\"BreadcrumbList\",\"@id\":\"https:\\\/\\\/www.rucashk.com\\\/es\\\/producto\\\/razer-gaming-console-xbox\\\/#breadcrumblist\",\"itemListElement\":[{\"@type\":\"ListItem\",\"@id\":\"https:\\\/\\\/www.rucashk.com\\\/es\\\/#listItem\",\"position\":1,\"name\":\"Home\",\"item\":\"https:\\\/\\\/www.rucashk.com\\\/es\\\/\",\"nextItem\":\"https:\\\/\\\/www.rucashk.com\\\/es\\\/producto\\\/razer-gaming-console-xbox\\\/#listItem\"},{\"@type\":\"ListItem\",\"@id\":\"https:\\\/\\\/www.rucashk.com\\\/es\\\/producto\\\/razer-gaming-console-xbox\\\/#listItem\",\"position\":2,\"name\":\"Razer Gaming Console Xbox\",\"previousItem\":\"https:\\\/\\\/www.rucashk.com\\\/es\\\/#listItem\"}]},{\"@type\":\"Organization\",\"@id\":\"https:\\\/\\\/www.rucashk.com\\\/es\\\/#organization\",\"name\":\"Rucas\",\"url\":\"https:\\\/\\\/www.rucashk.com\\\/es\\\/\",\"logo\":{\"@type\":\"ImageObject\",\"url\":\"https:\\\/\\\/www.rucashk.com\\\/wp-content\\\/uploads\\\/2023\\\/12\\\/Rucas_campany_logo.png\",\"@id\":\"https:\\\/\\\/www.rucashk.com\\\/es\\\/producto\\\/razer-gaming-console-xbox\\\/#organizationLogo\",\"width\":221,\"height\":65},\"image\":{\"@id\":\"https:\\\/\\\/www.rucashk.com\\\/es\\\/#organizationLogo\"}},{\"@type\":\"Person\",\"@id\":\"https:\\\/\\\/www.rucashk.com\\\/es\\\/author\\\/admin\\\/#author\",\"url\":\"https:\\\/\\\/www.rucashk.com\\\/es\\\/author\\\/admin\\\/\",\"name\":\"admin\",\"image\":{\"@type\":\"ImageObject\",\"@id\":\"https:\\\/\\\/www.rucashk.com\\\/es\\\/producto\\\/razer-gaming-console-xbox\\\/#authorImage\",\"url\":\"https:\\\/\\\/secure.gravatar.com\\\/avatar\\\/b7c8925b09a27e72b30232f8ecaadbd5af0f70a38c78096863fe51b64f031c24?s=96&d=mm&r=g\",\"width\":96,\"height\":96,\"caption\":\"admin\"}},{\"@type\":\"WebPage\",\"@id\":\"https:\\\/\\\/www.rucashk.com\\\/es\\\/producto\\\/razer-gaming-console-xbox\\\/#webpage\",\"url\":\"https:\\\/\\\/www.rucashk.com\\\/es\\\/producto\\\/razer-gaming-console-xbox\\\/\",\"name\":\"Razer Gaming Console Xbox - Rucas - Wholesale and Distribution\",\"description\":\"Feature: -Peak Performance For Next-gen Dominance -A Weapon Of Hope -Go Top-tier To Light It up -Core Console Advantage -For Xbox\",\"inLanguage\":\"es-ES\",\"isPartOf\":{\"@id\":\"https:\\\/\\\/www.rucashk.com\\\/es\\\/#website\"},\"breadcrumb\":{\"@id\":\"https:\\\/\\\/www.rucashk.com\\\/es\\\/producto\\\/razer-gaming-console-xbox\\\/#breadcrumblist\"},\"author\":{\"@id\":\"https:\\\/\\\/www.rucashk.com\\\/es\\\/author\\\/admin\\\/#author\"},\"creator\":{\"@id\":\"https:\\\/\\\/www.rucashk.com\\\/es\\\/author\\\/admin\\\/#author\"},\"image\":{\"@type\":\"ImageObject\",\"url\":\"https:\\\/\\\/www.rucashk.com\\\/wp-content\\\/uploads\\\/2024\\\/01\\\/1.-Razer-Gaming-Console-Xbox.jpg\",\"@id\":\"https:\\\/\\\/www.rucashk.com\\\/es\\\/producto\\\/razer-gaming-console-xbox\\\/#mainImage\",\"width\":1056,\"height\":587},\"primaryImageOfPage\":{\"@id\":\"https:\\\/\\\/www.rucashk.com\\\/es\\\/producto\\\/razer-gaming-console-xbox\\\/#mainImage\"},\"datePublished\":\"2024-01-09T16:15:25+00:00\",\"dateModified\":\"2024-01-16T10:09:20+00:00\"},{\"@type\":\"WebSite\",\"@id\":\"https:\\\/\\\/www.rucashk.com\\\/es\\\/#website\",\"url\":\"https:\\\/\\\/www.rucashk.com\\\/es\\\/\",\"name\":\"Rucas - Wholesale and distribution worldwide\",\"alternateName\":\"Rucas - One-stop AIoT Distribution Worldwide\",\"description\":\"One-stop AIoT Distribution Worldwide\",\"inLanguage\":\"es-ES\",\"publisher\":{\"@id\":\"https:\\\/\\\/www.rucashk.com\\\/es\\\/#organization\"}}]}\n\t\t<\/script>\n\t\t<!-- All in One SEO Pro -->\r\n\t\t<title>Razer Gaming Console Xbox - Rucas - Wholesale and Distribution<\/title>\n\n","aioseo_head_json":{"title":"Razer Gaming Console Xbox - Rucas - Wholesale and Distribution","description":"Feature: -Peak Performance For Next-gen Dominance -A Weapon Of Hope -Go Top-tier To Light It up -Core Console Advantage -For Xbox","canonical_url":"https:\/\/www.rucashk.com\/es\/producto\/razer-gaming-console-xbox\/","robots":"max-image-preview:large","keywords":"","webmasterTools":{"miscellaneous":""},"og:locale":"es_ES","og:site_name":"Rucas - One-stop AIoT Distribution Worldwide","og:type":"article","og:title":"Razer Gaming Console Xbox - Rucas - Wholesale and Distribution","og:description":"Feature: -Peak Performance For Next-gen Dominance -A Weapon Of Hope -Go Top-tier To Light It up -Core Console Advantage -For Xbox","og:url":"https:\/\/www.rucashk.com\/es\/producto\/razer-gaming-console-xbox\/","og:image":"https:\/\/www.rucashk.com\/wp-content\/uploads\/replace\/503b8e645f128a97ccde2b6290747646.jpeg","og:image:secure_url":"https:\/\/www.rucashk.com\/wp-content\/uploads\/replace\/503b8e645f128a97ccde2b6290747646.jpeg","og:image:width":1456,"og:image:height":816,"article:published_time":"2024-01-09T16:15:25+00:00","article:modified_time":"2024-01-16T10:09:20+00:00","twitter:card":"summary_large_image","twitter:title":"Razer Gaming Console Xbox - Rucas - Wholesale and Distribution","twitter:description":"Feature: -Peak Performance For Next-gen Dominance -A Weapon Of Hope -Go Top-tier To Light It up -Core Console Advantage -For Xbox","twitter:image":"https:\/\/www.rucashk.com\/wp-content\/uploads\/replace\/503b8e645f128a97ccde2b6290747646.jpeg","schema":{"@context":"https:\/\/schema.org","@graph":[{"@type":"BreadcrumbList","@id":"https:\/\/www.rucashk.com\/es\/producto\/razer-gaming-console-xbox\/#breadcrumblist","itemListElement":[{"@type":"ListItem","@id":"https:\/\/www.rucashk.com\/es\/#listItem","position":1,"name":"Home","item":"https:\/\/www.rucashk.com\/es\/","nextItem":"https:\/\/www.rucashk.com\/es\/producto\/razer-gaming-console-xbox\/#listItem"},{"@type":"ListItem","@id":"https:\/\/www.rucashk.com\/es\/producto\/razer-gaming-console-xbox\/#listItem","position":2,"name":"Razer Gaming Console Xbox","previousItem":"https:\/\/www.rucashk.com\/es\/#listItem"}]},{"@type":"Organization","@id":"https:\/\/www.rucashk.com\/es\/#organization","name":"Rucas","url":"https:\/\/www.rucashk.com\/es\/","logo":{"@type":"ImageObject","url":"https:\/\/www.rucashk.com\/wp-content\/uploads\/2023\/12\/Rucas_campany_logo.png","@id":"https:\/\/www.rucashk.com\/es\/producto\/razer-gaming-console-xbox\/#organizationLogo","width":221,"height":65},"image":{"@id":"https:\/\/www.rucashk.com\/es\/#organizationLogo"}},{"@type":"Person","@id":"https:\/\/www.rucashk.com\/es\/author\/admin\/#author","url":"https:\/\/www.rucashk.com\/es\/author\/admin\/","name":"admin","image":{"@type":"ImageObject","@id":"https:\/\/www.rucashk.com\/es\/producto\/razer-gaming-console-xbox\/#authorImage","url":"https:\/\/secure.gravatar.com\/avatar\/b7c8925b09a27e72b30232f8ecaadbd5af0f70a38c78096863fe51b64f031c24?s=96&d=mm&r=g","width":96,"height":96,"caption":"admin"}},{"@type":"WebPage","@id":"https:\/\/www.rucashk.com\/es\/producto\/razer-gaming-console-xbox\/#webpage","url":"https:\/\/www.rucashk.com\/es\/producto\/razer-gaming-console-xbox\/","name":"Razer Gaming Console Xbox - Rucas - Wholesale and Distribution","description":"Feature: -Peak Performance For Next-gen Dominance -A Weapon Of Hope -Go Top-tier To Light It up -Core Console Advantage -For Xbox","inLanguage":"es-ES","isPartOf":{"@id":"https:\/\/www.rucashk.com\/es\/#website"},"breadcrumb":{"@id":"https:\/\/www.rucashk.com\/es\/producto\/razer-gaming-console-xbox\/#breadcrumblist"},"author":{"@id":"https:\/\/www.rucashk.com\/es\/author\/admin\/#author"},"creator":{"@id":"https:\/\/www.rucashk.com\/es\/author\/admin\/#author"},"image":{"@type":"ImageObject","url":"https:\/\/www.rucashk.com\/wp-content\/uploads\/2024\/01\/1.-Razer-Gaming-Console-Xbox.jpg","@id":"https:\/\/www.rucashk.com\/es\/producto\/razer-gaming-console-xbox\/#mainImage","width":1056,"height":587},"primaryImageOfPage":{"@id":"https:\/\/www.rucashk.com\/es\/producto\/razer-gaming-console-xbox\/#mainImage"},"datePublished":"2024-01-09T16:15:25+00:00","dateModified":"2024-01-16T10:09:20+00:00"},{"@type":"WebSite","@id":"https:\/\/www.rucashk.com\/es\/#website","url":"https:\/\/www.rucashk.com\/es\/","name":"Rucas - Wholesale and distribution worldwide","alternateName":"Rucas - One-stop AIoT Distribution Worldwide","description":"One-stop AIoT Distribution Worldwide","inLanguage":"es-ES","publisher":{"@id":"https:\/\/www.rucashk.com\/es\/#organization"}}]}},"aioseo_meta_data":{"post_id":"25244","title":null,"description":null,"keywords":null,"keyphrases":null,"primary_term":null,"canonical_url":null,"og_title":null,"og_description":null,"og_object_type":"default","og_image_type":"default","og_image_url":null,"og_image_width":null,"og_image_height":null,"og_image_custom_url":null,"og_image_custom_fields":null,"og_video":null,"og_custom_url":null,"og_article_section":null,"og_article_tags":null,"twitter_use_og":false,"twitter_card":"default","twitter_image_type":"default","twitter_image_url":null,"twitter_image_custom_url":null,"twitter_image_custom_fields":null,"twitter_title":null,"twitter_description":null,"schema":{"blockGraphs":[],"customGraphs":[],"default":{"data":{"Article":[],"Course":[],"Dataset":[],"FAQPage":[],"Movie":[],"Person":[],"Product":[],"Recipe":[],"Service":[],"SoftwareApplication":[],"WebPage":[]},"graphName":"","isEnabled":true},"graphs":[]},"schema_type":"default","schema_type_options":null,"pillar_content":false,"robots_default":true,"robots_noindex":false,"robots_noarchive":false,"robots_nosnippet":false,"robots_nofollow":false,"robots_noimageindex":false,"robots_noodp":false,"robots_notranslate":false,"robots_max_snippet":null,"robots_max_videopreview":null,"robots_max_imagepreview":"large","priority":null,"frequency":null,"local_seo":null,"breadcrumb_settings":null,"limit_modified_date":false,"created":"2024-04-11 01:57:18","updated":"2025-06-22 17:51:17"},"aioseo_breadcrumb":"<div class=\"aioseo-breadcrumbs\"><span class=\"aioseo-breadcrumb\">\n\t<a href=\"https:\/\/www.rucashk.com\/es\" title=\"Home\">Home<\/a>\n<\/span><span class=\"aioseo-breadcrumb-separator\">&raquo;<\/span><span class=\"aioseo-breadcrumb\">\n\t<a href=\"https:\/\/www.rucashk.com\/es\/products\/\" title=\"Productos\">Productos<\/a>\n<\/span><span class=\"aioseo-breadcrumb-separator\">&raquo;<\/span><span class=\"aioseo-breadcrumb\">\n\t<a href=\"https:\/\/www.rucashk.com\/es\/categoria-producto\/other-a-brands\/\" title=\"Other A-Brands\">Other A-Brands<\/a>\n<\/span><span class=\"aioseo-breadcrumb-separator\">&raquo;<\/span><span class=\"aioseo-breadcrumb\">\n\t<a href=\"https:\/\/www.rucashk.com\/es\/categoria-producto\/other-a-brands\/razer-other-a-brands\/\" title=\"Razer\">Razer<\/a>\n<\/span><span class=\"aioseo-breadcrumb-separator\">&raquo;<\/span><span class=\"aioseo-breadcrumb\">\n\tRazer Gaming Console Xbox\n<\/span><\/div>","aioseo_breadcrumb_json":[{"label":"Home","link":"https:\/\/www.rucashk.com\/es"},{"label":"Productos","link":"https:\/\/www.rucashk.com\/es\/products\/"},{"label":"Other A-Brands","link":"https:\/\/www.rucashk.com\/es\/categoria-producto\/other-a-brands\/"},{"label":"Razer","link":"https:\/\/www.rucashk.com\/es\/categoria-producto\/other-a-brands\/razer-other-a-brands\/"},{"label":"Razer Gaming Console Xbox","link":"https:\/\/www.rucashk.com\/es\/producto\/razer-gaming-console-xbox\/"}],"_links":{"self":[{"href":"https:\/\/www.rucashk.com\/es\/wp-json\/wp\/v2\/product\/25244","targetHints":{"allow":["GET"]}}],"collection":[{"href":"https:\/\/www.rucashk.com\/es\/wp-json\/wp\/v2\/product"}],"about":[{"href":"https:\/\/www.rucashk.com\/es\/wp-json\/wp\/v2\/types\/product"}],"wp:featuredmedia":[{"embeddable":true,"href":"https:\/\/www.rucashk.com\/es\/wp-json\/wp\/v2\/media\/25344"}],"wp:attachment":[{"href":"https:\/\/www.rucashk.com\/es\/wp-json\/wp\/v2\/media?parent=25244"}],"wp:term":[{"taxonomy":"product_brand","embeddable":true,"href":"https:\/\/www.rucashk.com\/es\/wp-json\/wp\/v2\/product_brand?post=25244"},{"taxonomy":"product_cat","embeddable":true,"href":"https:\/\/www.rucashk.com\/es\/wp-json\/wp\/v2\/product_cat?post=25244"},{"taxonomy":"product_tag","embeddable":true,"href":"https:\/\/www.rucashk.com\/es\/wp-json\/wp\/v2\/product_tag?post=25244"}],"curies":[{"name":"wp","href":"https:\/\/api.w.org\/{rel}","templated":true}]}}