{"id":25243,"date":"2024-01-09T16:15:25","date_gmt":"2024-01-09T16:15:25","guid":{"rendered":"http:\/\/rucashk.com\/?post_type=product&#038;p=25243"},"modified":"2024-01-16T10:08:57","modified_gmt":"2024-01-16T10:08:57","slug":"logitech-f710-2-4ghz-wireless-game-controller-2","status":"publish","type":"product","link":"https:\/\/www.rucashk.com\/es\/producto\/logitech-f710-2-4ghz-wireless-game-controller-2\/","title":{"rendered":"Controlador de juegos inal\u00e1mbrico Logitech F710 de 2,4 GHz"},"content":{"rendered":"<p><img decoding=\"async\" class=\"aligncenter\" src=\"https:\/\/www.rucashk.com\/wp-content\/uploads\/2021\/05\/H5b79215ac9bf45af9cf129dfd0a70c7do-1.jpg\" alt=\"IP8G9812_5\" \/><img decoding=\"async\" class=\"aligncenter\" src=\"https:\/\/www.rucashk.com\/wp-content\/uploads\/2021\/05\/Hbdd4b371fed14924a99b6fd0230c3ab8p-1.jpg\" alt=\"IP8G9812_6\" \/><img decoding=\"async\" class=\"aligncenter\" src=\"https:\/\/www.rucashk.com\/wp-content\/uploads\/2021\/05\/H775fe7aaac2d4af0942f1f36eb80c10e8-1.jpg\" alt=\"IP8G9812_7\" \/><img decoding=\"async\" class=\"aligncenter\" src=\"https:\/\/www.rucashk.com\/wp-content\/uploads\/2021\/05\/Hbf69f6dc86634ffc92119347cdb30e07u-1.jpg\" alt=\"IP8G9812_8\" \/><img decoding=\"async\" class=\"aligncenter\" src=\"https:\/\/www.rucashk.com\/wp-content\/uploads\/2021\/05\/Hbedd8f3b89364e4e83815568517c140c2-1.jpg\" alt=\"IP8G9812_9\" \/><img decoding=\"async\" class=\"aligncenter\" src=\"https:\/\/www.rucashk.com\/wp-content\/uploads\/2021\/05\/H6f35002b0f284bf0b4b244c557827a23p-1.jpg\" alt=\"IP8G9812_10\" \/><img decoding=\"async\" class=\"aligncenter\" src=\"https:\/\/www.rucashk.com\/wp-content\/uploads\/2021\/05\/H9b512956217a43409c11cd39822749eda.jpg\" alt=\"IP8G9812_11\" \/><\/p>\n<h3 class=\"product-title-text\" style=\"text-align: center\">Controlador de juegos inal\u00e1mbrico Logitech F710 de 2,4 GHz para juegos de PC<\/h3>\n<p style=\"text-align: center\">1. El receptor compacto tira el cable y disfruta del juego inal\u00e1mbrico gratuito. Simplemente conecte el receptor al puerto USB para una r\u00e1pida transferencia de datos de 2,4 Ghz pr\u00e1cticamente sin demoras, p\u00e9rdida de paquetes ni interferencias.<br \/>\n2. Motor de retroalimentaci\u00f3n de doble vibraci\u00f3n. Siente los efectos m\u00e1s impactantes de cada impacto, colisi\u00f3n y explosi\u00f3n en un juego que admite retroalimentaci\u00f3n por vibraci\u00f3n.<br \/>\n3. Xinput\/directionput, dos de los est\u00e1ndares de entrada m\u00e1s comunes, facilitan la configuraci\u00f3n y admiten f\u00e1cilmente sus juegos favoritos.<br \/>\n4. Divi\u00e9rtete en la televisi\u00f3n. Empareja el F710 con Big Picture para operar Steam, navegar por la web, disfrutar del juego y m\u00e1s en el c\u00f3modo sof\u00e1. Lleva toda tu biblioteca de juegos de Steam a la sala de estar.<br \/>\n5. Control de direcci\u00f3n preciso. Los botones de direcci\u00f3n est\u00e1ndar suelen ser botones \u00fanicos en todas las direcciones, lo que puede reducir la precisi\u00f3n operativa. Los botones direccionales del F710 est\u00e1n dise\u00f1ados para deslizarse f\u00e1cilmente en todas las direcciones para un toque m\u00e1s receptivo.<br \/>\n6. Dise\u00f1o de botones familiar, para que no tengas que adaptarte, puedes ingresar al estado del juego directamente. Innovador en el dise\u00f1o cl\u00e1sico, el F710 est\u00e1 dise\u00f1ado para brindarle la sensaci\u00f3n de un controlador similar a una consola que es tan familiar como la naturaleza.<br \/>\n7. El controlador de juego se puede usar con Sony Android TV para ajustar el interruptor del controlador al modo XID y permitirle tomar la iniciativa en el juego a trav\u00e9s del dise\u00f1o familiar del controlador de la consola de juegos. Controles est\u00e1ndar de Android TV: permite una f\u00e1cil navegaci\u00f3n por Android TV presionando simult\u00e1neamente el logotipo de Logitech y el bot\u00f3n Atr\u00e1s del gamepad.<br \/>\n8. Utilice el software Logitech Profiler para cambiar las instrucciones est\u00e1ndar o ajustar F710 para controlar t\u00edtulos de juegos no compatibles. Los botones y controles son programables e incluso pueden simular comandos del teclado y el mouse.<br \/>\nF\u00e1cil de dominar.<br \/>\n9. Curvas suaves y empu\u00f1aduras de goma onduladas para una experiencia de juego larga y c\u00f3moda.<\/p>\n<p style=\"text-align: center\"><strong>Requisitos del sistema:\u00a0<\/strong><br \/>\n1. Windows 8, Windows 7 o Windows Vista.<br \/>\n2. Una conexi\u00f3n a Internet para descargar software opcional.<\/p>\n<p style=\"text-align: center\"><strong>Contenidos del paquete:\u00a0<\/strong><br \/>\n1 mando de juego.<br \/>\n1 receptor Ultra Micro Plug and Play.<br \/>\n2 pilas AA x 1<br \/>\nCable de extensi\u00f3n del receptor x 1<br \/>\nManual de usuario x 1<\/p>","protected":false},"excerpt":{"rendered":"<p><strong>Caracter\u00edstica:<\/strong><\/p>\n<ul>\n<li>-El receptor compacto tira el cable y disfruta del juego inal\u00e1mbrico gratuito<\/li>\n<li>-Curvas suaves y empu\u00f1aduras de goma onduladas para una experiencia de juego larga y c\u00f3moda<\/li>\n<li>-Control de direcci\u00f3n preciso<\/li>\n<li>-Dise\u00f1o de botones familiar<\/li>\n<\/ul>","protected":false},"featured_media":25341,"template":"","meta":[],"product_brand":[],"product_cat":[1332,1322],"product_tag":[],"class_list":{"0":"post-25243","1":"product","2":"type-product","3":"status-publish","4":"has-post-thumbnail","6":"product_cat-logitech-other-a-brands","7":"product_cat-other-a-brands","9":"first","10":"instock","11":"shipping-taxable","12":"product-type-simple"},"aioseo_notices":[],"aioseo_head":"\n\t\t<!-- All in One SEO Pro 4.5.9.2 - aioseo.com -->\n\t\t<meta name=\"description\" content=\"Feature: -The compact receiver throws away the cable and enjoys the free wireless game -Smooth curves and wavy rubber grips for a long, comfortable gaming experience -Precise direction control -Familiar button layout\" \/>\n\t\t<meta name=\"robots\" content=\"max-image-preview:large\" \/>\n\t\t<link rel=\"canonical\" href=\"https:\/\/www.rucashk.com\/es\/producto\/logitech-f710-2-4ghz-wireless-game-controller-2\/\" \/>\n\t\t<meta name=\"generator\" content=\"All in One SEO Pro (AIOSEO) 4.5.9.2\" \/>\n\t\t<meta property=\"og:locale\" content=\"es_ES\" \/>\n\t\t<meta property=\"og:site_name\" content=\"Rucas - One-stop AIoT Distribution Worldwide\" \/>\n\t\t<meta property=\"og:type\" content=\"article\" \/>\n\t\t<meta property=\"og:title\" content=\"Logitech F710 2.4GHz Wireless Game Controller - Rucas - Wholesale and Distribution\" \/>\n\t\t<meta property=\"og:description\" content=\"Feature: -The compact receiver throws away the cable and enjoys the free wireless game -Smooth curves and wavy rubber grips for a long, comfortable gaming experience -Precise direction control -Familiar button layout\" \/>\n\t\t<meta property=\"og:url\" content=\"https:\/\/www.rucashk.com\/es\/producto\/logitech-f710-2-4ghz-wireless-game-controller-2\/\" \/>\n\t\t<meta property=\"og:image\" content=\"https:\/\/www.rucashk.com\/wp-content\/uploads\/replace\/503b8e645f128a97ccde2b6290747646.jpeg\" \/>\n\t\t<meta property=\"og:image:secure_url\" content=\"https:\/\/www.rucashk.com\/wp-content\/uploads\/replace\/503b8e645f128a97ccde2b6290747646.jpeg\" \/>\n\t\t<meta property=\"og:image:width\" content=\"1456\" \/>\n\t\t<meta property=\"og:image:height\" content=\"816\" \/>\n\t\t<meta property=\"article:published_time\" content=\"2024-01-09T16:15:25+00:00\" \/>\n\t\t<meta property=\"article:modified_time\" content=\"2024-01-16T10:08:57+00:00\" \/>\n\t\t<meta name=\"twitter:card\" content=\"summary_large_image\" \/>\n\t\t<meta name=\"twitter:title\" content=\"Logitech F710 2.4GHz Wireless Game Controller - Rucas - Wholesale and Distribution\" \/>\n\t\t<meta name=\"twitter:description\" content=\"Feature: -The compact receiver throws away the cable and enjoys the free wireless game -Smooth curves and wavy rubber grips for a long, comfortable gaming experience -Precise direction control -Familiar button layout\" \/>\n\t\t<meta name=\"twitter:image\" content=\"https:\/\/www.rucashk.com\/wp-content\/uploads\/replace\/503b8e645f128a97ccde2b6290747646.jpeg\" \/>\n\t\t<script type=\"application\/ld+json\" class=\"aioseo-schema\">\n\t\t\t{\"@context\":\"https:\\\/\\\/schema.org\",\"@graph\":[{\"@type\":\"BreadcrumbList\",\"@id\":\"https:\\\/\\\/www.rucashk.com\\\/es\\\/producto\\\/logitech-f710-2-4ghz-wireless-game-controller-2\\\/#breadcrumblist\",\"itemListElement\":[{\"@type\":\"ListItem\",\"@id\":\"https:\\\/\\\/www.rucashk.com\\\/es\\\/#listItem\",\"position\":1,\"name\":\"Home\",\"item\":\"https:\\\/\\\/www.rucashk.com\\\/es\\\/\",\"nextItem\":\"https:\\\/\\\/www.rucashk.com\\\/es\\\/producto\\\/logitech-f710-2-4ghz-wireless-game-controller-2\\\/#listItem\"},{\"@type\":\"ListItem\",\"@id\":\"https:\\\/\\\/www.rucashk.com\\\/es\\\/producto\\\/logitech-f710-2-4ghz-wireless-game-controller-2\\\/#listItem\",\"position\":2,\"name\":\"Logitech F710 2.4GHz Wireless Game Controller\",\"previousItem\":\"https:\\\/\\\/www.rucashk.com\\\/es\\\/#listItem\"}]},{\"@type\":\"Organization\",\"@id\":\"https:\\\/\\\/www.rucashk.com\\\/es\\\/#organization\",\"name\":\"Rucas\",\"url\":\"https:\\\/\\\/www.rucashk.com\\\/es\\\/\",\"logo\":{\"@type\":\"ImageObject\",\"url\":\"https:\\\/\\\/www.rucashk.com\\\/wp-content\\\/uploads\\\/2023\\\/12\\\/Rucas_campany_logo.png\",\"@id\":\"https:\\\/\\\/www.rucashk.com\\\/es\\\/producto\\\/logitech-f710-2-4ghz-wireless-game-controller-2\\\/#organizationLogo\",\"width\":221,\"height\":65},\"image\":{\"@id\":\"https:\\\/\\\/www.rucashk.com\\\/es\\\/#organizationLogo\"}},{\"@type\":\"Person\",\"@id\":\"https:\\\/\\\/www.rucashk.com\\\/es\\\/author\\\/admin\\\/#author\",\"url\":\"https:\\\/\\\/www.rucashk.com\\\/es\\\/author\\\/admin\\\/\",\"name\":\"admin\",\"image\":{\"@type\":\"ImageObject\",\"@id\":\"https:\\\/\\\/www.rucashk.com\\\/es\\\/producto\\\/logitech-f710-2-4ghz-wireless-game-controller-2\\\/#authorImage\",\"url\":\"https:\\\/\\\/secure.gravatar.com\\\/avatar\\\/b7c8925b09a27e72b30232f8ecaadbd5af0f70a38c78096863fe51b64f031c24?s=96&d=mm&r=g\",\"width\":96,\"height\":96,\"caption\":\"admin\"}},{\"@type\":\"WebPage\",\"@id\":\"https:\\\/\\\/www.rucashk.com\\\/es\\\/producto\\\/logitech-f710-2-4ghz-wireless-game-controller-2\\\/#webpage\",\"url\":\"https:\\\/\\\/www.rucashk.com\\\/es\\\/producto\\\/logitech-f710-2-4ghz-wireless-game-controller-2\\\/\",\"name\":\"Logitech F710 2.4GHz Wireless Game Controller - Rucas - Wholesale and Distribution\",\"description\":\"Feature: -The compact receiver throws away the cable and enjoys the free wireless game -Smooth curves and wavy rubber grips for a long, comfortable gaming experience -Precise direction control -Familiar button layout\",\"inLanguage\":\"es-ES\",\"isPartOf\":{\"@id\":\"https:\\\/\\\/www.rucashk.com\\\/es\\\/#website\"},\"breadcrumb\":{\"@id\":\"https:\\\/\\\/www.rucashk.com\\\/es\\\/producto\\\/logitech-f710-2-4ghz-wireless-game-controller-2\\\/#breadcrumblist\"},\"author\":{\"@id\":\"https:\\\/\\\/www.rucashk.com\\\/es\\\/author\\\/admin\\\/#author\"},\"creator\":{\"@id\":\"https:\\\/\\\/www.rucashk.com\\\/es\\\/author\\\/admin\\\/#author\"},\"image\":{\"@type\":\"ImageObject\",\"url\":\"https:\\\/\\\/www.rucashk.com\\\/wp-content\\\/uploads\\\/2024\\\/01\\\/1.Logitech-F710-Gamepad.jpg\",\"@id\":\"https:\\\/\\\/www.rucashk.com\\\/es\\\/producto\\\/logitech-f710-2-4ghz-wireless-game-controller-2\\\/#mainImage\",\"width\":800,\"height\":800},\"primaryImageOfPage\":{\"@id\":\"https:\\\/\\\/www.rucashk.com\\\/es\\\/producto\\\/logitech-f710-2-4ghz-wireless-game-controller-2\\\/#mainImage\"},\"datePublished\":\"2024-01-09T16:15:25+00:00\",\"dateModified\":\"2024-01-16T10:08:57+00:00\"},{\"@type\":\"WebSite\",\"@id\":\"https:\\\/\\\/www.rucashk.com\\\/es\\\/#website\",\"url\":\"https:\\\/\\\/www.rucashk.com\\\/es\\\/\",\"name\":\"Rucas - Wholesale and distribution worldwide\",\"alternateName\":\"Rucas - One-stop AIoT Distribution Worldwide\",\"description\":\"One-stop AIoT Distribution Worldwide\",\"inLanguage\":\"es-ES\",\"publisher\":{\"@id\":\"https:\\\/\\\/www.rucashk.com\\\/es\\\/#organization\"}}]}\n\t\t<\/script>\n\t\t<!-- All in One SEO Pro -->\r\n\t\t<title>Logitech F710 2.4GHz Wireless Game Controller - Rucas - Wholesale and Distribution<\/title>\n\n","aioseo_head_json":{"title":"Logitech F710 2.4GHz Wireless Game Controller - Rucas - Wholesale and Distribution","description":"Feature: -The compact receiver throws away the cable and enjoys the free wireless game -Smooth curves and wavy rubber grips for a long, comfortable gaming experience -Precise direction control -Familiar button layout","canonical_url":"https:\/\/www.rucashk.com\/es\/producto\/logitech-f710-2-4ghz-wireless-game-controller-2\/","robots":"max-image-preview:large","keywords":"","webmasterTools":{"miscellaneous":""},"og:locale":"es_ES","og:site_name":"Rucas - One-stop AIoT Distribution Worldwide","og:type":"article","og:title":"Logitech F710 2.4GHz Wireless Game Controller - Rucas - Wholesale and Distribution","og:description":"Feature: -The compact receiver throws away the cable and enjoys the free wireless game -Smooth curves and wavy rubber grips for a long, comfortable gaming experience -Precise direction control -Familiar button layout","og:url":"https:\/\/www.rucashk.com\/es\/producto\/logitech-f710-2-4ghz-wireless-game-controller-2\/","og:image":"https:\/\/www.rucashk.com\/wp-content\/uploads\/replace\/503b8e645f128a97ccde2b6290747646.jpeg","og:image:secure_url":"https:\/\/www.rucashk.com\/wp-content\/uploads\/replace\/503b8e645f128a97ccde2b6290747646.jpeg","og:image:width":1456,"og:image:height":816,"article:published_time":"2024-01-09T16:15:25+00:00","article:modified_time":"2024-01-16T10:08:57+00:00","twitter:card":"summary_large_image","twitter:title":"Logitech F710 2.4GHz Wireless Game Controller - Rucas - Wholesale and Distribution","twitter:description":"Feature: -The compact receiver throws away the cable and enjoys the free wireless game -Smooth curves and wavy rubber grips for a long, comfortable gaming experience -Precise direction control -Familiar button layout","twitter:image":"https:\/\/www.rucashk.com\/wp-content\/uploads\/replace\/503b8e645f128a97ccde2b6290747646.jpeg","schema":{"@context":"https:\/\/schema.org","@graph":[{"@type":"BreadcrumbList","@id":"https:\/\/www.rucashk.com\/es\/producto\/logitech-f710-2-4ghz-wireless-game-controller-2\/#breadcrumblist","itemListElement":[{"@type":"ListItem","@id":"https:\/\/www.rucashk.com\/es\/#listItem","position":1,"name":"Home","item":"https:\/\/www.rucashk.com\/es\/","nextItem":"https:\/\/www.rucashk.com\/es\/producto\/logitech-f710-2-4ghz-wireless-game-controller-2\/#listItem"},{"@type":"ListItem","@id":"https:\/\/www.rucashk.com\/es\/producto\/logitech-f710-2-4ghz-wireless-game-controller-2\/#listItem","position":2,"name":"Logitech F710 2.4GHz Wireless Game Controller","previousItem":"https:\/\/www.rucashk.com\/es\/#listItem"}]},{"@type":"Organization","@id":"https:\/\/www.rucashk.com\/es\/#organization","name":"Rucas","url":"https:\/\/www.rucashk.com\/es\/","logo":{"@type":"ImageObject","url":"https:\/\/www.rucashk.com\/wp-content\/uploads\/2023\/12\/Rucas_campany_logo.png","@id":"https:\/\/www.rucashk.com\/es\/producto\/logitech-f710-2-4ghz-wireless-game-controller-2\/#organizationLogo","width":221,"height":65},"image":{"@id":"https:\/\/www.rucashk.com\/es\/#organizationLogo"}},{"@type":"Person","@id":"https:\/\/www.rucashk.com\/es\/author\/admin\/#author","url":"https:\/\/www.rucashk.com\/es\/author\/admin\/","name":"admin","image":{"@type":"ImageObject","@id":"https:\/\/www.rucashk.com\/es\/producto\/logitech-f710-2-4ghz-wireless-game-controller-2\/#authorImage","url":"https:\/\/secure.gravatar.com\/avatar\/b7c8925b09a27e72b30232f8ecaadbd5af0f70a38c78096863fe51b64f031c24?s=96&d=mm&r=g","width":96,"height":96,"caption":"admin"}},{"@type":"WebPage","@id":"https:\/\/www.rucashk.com\/es\/producto\/logitech-f710-2-4ghz-wireless-game-controller-2\/#webpage","url":"https:\/\/www.rucashk.com\/es\/producto\/logitech-f710-2-4ghz-wireless-game-controller-2\/","name":"Logitech F710 2.4GHz Wireless Game Controller - Rucas - Wholesale and Distribution","description":"Feature: -The compact receiver throws away the cable and enjoys the free wireless game -Smooth curves and wavy rubber grips for a long, comfortable gaming experience -Precise direction control -Familiar button layout","inLanguage":"es-ES","isPartOf":{"@id":"https:\/\/www.rucashk.com\/es\/#website"},"breadcrumb":{"@id":"https:\/\/www.rucashk.com\/es\/producto\/logitech-f710-2-4ghz-wireless-game-controller-2\/#breadcrumblist"},"author":{"@id":"https:\/\/www.rucashk.com\/es\/author\/admin\/#author"},"creator":{"@id":"https:\/\/www.rucashk.com\/es\/author\/admin\/#author"},"image":{"@type":"ImageObject","url":"https:\/\/www.rucashk.com\/wp-content\/uploads\/2024\/01\/1.Logitech-F710-Gamepad.jpg","@id":"https:\/\/www.rucashk.com\/es\/producto\/logitech-f710-2-4ghz-wireless-game-controller-2\/#mainImage","width":800,"height":800},"primaryImageOfPage":{"@id":"https:\/\/www.rucashk.com\/es\/producto\/logitech-f710-2-4ghz-wireless-game-controller-2\/#mainImage"},"datePublished":"2024-01-09T16:15:25+00:00","dateModified":"2024-01-16T10:08:57+00:00"},{"@type":"WebSite","@id":"https:\/\/www.rucashk.com\/es\/#website","url":"https:\/\/www.rucashk.com\/es\/","name":"Rucas - Wholesale and distribution worldwide","alternateName":"Rucas - One-stop AIoT Distribution Worldwide","description":"One-stop AIoT Distribution Worldwide","inLanguage":"es-ES","publisher":{"@id":"https:\/\/www.rucashk.com\/es\/#organization"}}]}},"aioseo_meta_data":{"post_id":"25243","title":null,"description":null,"keywords":null,"keyphrases":null,"primary_term":null,"canonical_url":null,"og_title":null,"og_description":null,"og_object_type":"default","og_image_type":"default","og_image_url":null,"og_image_width":null,"og_image_height":null,"og_image_custom_url":null,"og_image_custom_fields":null,"og_video":null,"og_custom_url":null,"og_article_section":null,"og_article_tags":null,"twitter_use_og":false,"twitter_card":"default","twitter_image_type":"default","twitter_image_url":null,"twitter_image_custom_url":null,"twitter_image_custom_fields":null,"twitter_title":null,"twitter_description":null,"schema":{"blockGraphs":[],"customGraphs":[],"default":{"data":{"Article":[],"Course":[],"Dataset":[],"FAQPage":[],"Movie":[],"Person":[],"Product":[],"Recipe":[],"Service":[],"SoftwareApplication":[],"WebPage":[]},"graphName":"","isEnabled":true},"graphs":[]},"schema_type":"default","schema_type_options":null,"pillar_content":false,"robots_default":true,"robots_noindex":false,"robots_noarchive":false,"robots_nosnippet":false,"robots_nofollow":false,"robots_noimageindex":false,"robots_noodp":false,"robots_notranslate":false,"robots_max_snippet":null,"robots_max_videopreview":null,"robots_max_imagepreview":"large","priority":null,"frequency":null,"local_seo":null,"breadcrumb_settings":null,"limit_modified_date":false,"created":"2024-04-11 01:57:18","updated":"2025-06-22 17:51:17"},"aioseo_breadcrumb":"<div class=\"aioseo-breadcrumbs\"><span class=\"aioseo-breadcrumb\">\n\t<a href=\"https:\/\/www.rucashk.com\/es\" title=\"Home\">Home<\/a>\n<\/span><span class=\"aioseo-breadcrumb-separator\">&raquo;<\/span><span class=\"aioseo-breadcrumb\">\n\t<a href=\"https:\/\/www.rucashk.com\/es\/products\/\" title=\"Productos\">Productos<\/a>\n<\/span><span class=\"aioseo-breadcrumb-separator\">&raquo;<\/span><span class=\"aioseo-breadcrumb\">\n\t<a href=\"https:\/\/www.rucashk.com\/es\/categoria-producto\/other-a-brands\/\" title=\"Other A-Brands\">Other A-Brands<\/a>\n<\/span><span class=\"aioseo-breadcrumb-separator\">&raquo;<\/span><span class=\"aioseo-breadcrumb\">\n\t<a href=\"https:\/\/www.rucashk.com\/es\/categoria-producto\/other-a-brands\/logitech-other-a-brands\/\" title=\"Logitech\">Logitech<\/a>\n<\/span><span class=\"aioseo-breadcrumb-separator\">&raquo;<\/span><span class=\"aioseo-breadcrumb\">\n\tLogitech F710 2.4GHz Wireless Game Controller\n<\/span><\/div>","aioseo_breadcrumb_json":[{"label":"Home","link":"https:\/\/www.rucashk.com\/es"},{"label":"Productos","link":"https:\/\/www.rucashk.com\/es\/products\/"},{"label":"Other A-Brands","link":"https:\/\/www.rucashk.com\/es\/categoria-producto\/other-a-brands\/"},{"label":"Logitech","link":"https:\/\/www.rucashk.com\/es\/categoria-producto\/other-a-brands\/logitech-other-a-brands\/"},{"label":"Logitech F710 2.4GHz Wireless Game Controller","link":"https:\/\/www.rucashk.com\/es\/producto\/logitech-f710-2-4ghz-wireless-game-controller-2\/"}],"_links":{"self":[{"href":"https:\/\/www.rucashk.com\/es\/wp-json\/wp\/v2\/product\/25243","targetHints":{"allow":["GET"]}}],"collection":[{"href":"https:\/\/www.rucashk.com\/es\/wp-json\/wp\/v2\/product"}],"about":[{"href":"https:\/\/www.rucashk.com\/es\/wp-json\/wp\/v2\/types\/product"}],"wp:featuredmedia":[{"embeddable":true,"href":"https:\/\/www.rucashk.com\/es\/wp-json\/wp\/v2\/media\/25341"}],"wp:attachment":[{"href":"https:\/\/www.rucashk.com\/es\/wp-json\/wp\/v2\/media?parent=25243"}],"wp:term":[{"taxonomy":"product_brand","embeddable":true,"href":"https:\/\/www.rucashk.com\/es\/wp-json\/wp\/v2\/product_brand?post=25243"},{"taxonomy":"product_cat","embeddable":true,"href":"https:\/\/www.rucashk.com\/es\/wp-json\/wp\/v2\/product_cat?post=25243"},{"taxonomy":"product_tag","embeddable":true,"href":"https:\/\/www.rucashk.com\/es\/wp-json\/wp\/v2\/product_tag?post=25243"}],"curies":[{"name":"wp","href":"https:\/\/api.w.org\/{rel}","templated":true}]}}