{"id":25240,"date":"2024-01-09T16:15:25","date_gmt":"2024-01-09T16:15:25","guid":{"rendered":"http:\/\/rucashk.com\/?post_type=product&#038;p=25240"},"modified":"2024-01-16T10:11:05","modified_gmt":"2024-01-16T10:11:05","slug":"xbox-one-controller","status":"publish","type":"product","link":"https:\/\/www.rucashk.com\/es\/producto\/xbox-one-controller\/","title":{"rendered":"Controlador Xbox One"},"content":{"rendered":"<div class=\"detailmodule_image\"><img fetchpriority=\"high\" decoding=\"async\" class=\"detail-desc-decorate-image aligncenter\" src=\"https:\/\/www.rucashk.com\/wp-content\/uploads\/2021\/05\/H24635ae4376b40e19132d2f153361cfeC.jpg\" alt=\"Xbox one controller\" width=\"800\" height=\"800\" data-spm-anchor-id=\"a2g0o.detail.1000023.i1.7d346491H0i8wg\" \/><img decoding=\"async\" class=\"detail-desc-decorate-image aligncenter\" src=\"https:\/\/www.rucashk.com\/wp-content\/uploads\/2021\/05\/H4753e60697f34fcd869ea63b3234c006U.jpg\" alt=\"Xbox one controller\" width=\"800\" height=\"800\" \/><img decoding=\"async\" class=\"detail-desc-decorate-image aligncenter\" src=\"https:\/\/www.rucashk.com\/wp-content\/uploads\/2021\/05\/Hab2fad7fa3014827b860096d074c22fbR.jpg\" alt=\"Xbox one controller\" width=\"800\" height=\"800\" \/><img loading=\"lazy\" decoding=\"async\" class=\"detail-desc-decorate-image aligncenter\" src=\"https:\/\/www.rucashk.com\/wp-content\/uploads\/2021\/05\/H9215ebde606e4fe88adbe9962fa9a11cV.jpg\" alt=\"Xbox one controller\" width=\"800\" height=\"800\" \/><img loading=\"lazy\" decoding=\"async\" class=\"detail-desc-decorate-image aligncenter\" src=\"https:\/\/www.rucashk.com\/wp-content\/uploads\/2021\/05\/H20c35a8b75fb4f57b43c875510d8ecf9d.jpg\" alt=\"Xbox one controller\" width=\"800\" height=\"800\" \/><img loading=\"lazy\" decoding=\"async\" class=\"detail-desc-decorate-image aligncenter\" src=\"https:\/\/www.rucashk.com\/wp-content\/uploads\/2021\/05\/He7988548cad94828ab790bc090e86545d.jpg\" alt=\"Xbox one controller\" width=\"800\" height=\"800\" \/><img loading=\"lazy\" decoding=\"async\" class=\"detail-desc-decorate-image aligncenter\" src=\"https:\/\/www.rucashk.com\/wp-content\/uploads\/2021\/05\/H779c57bf65f84e40aa8a830a4d196d81s.jpg\" alt=\"Xbox one controller\" width=\"800\" height=\"800\" \/><img loading=\"lazy\" decoding=\"async\" class=\"detail-desc-decorate-image aligncenter\" src=\"https:\/\/www.rucashk.com\/wp-content\/uploads\/2021\/05\/Hc2a162e1bdc74535a11e4304efa10a88L.jpg\" alt=\"Xbox one controller\" width=\"800\" height=\"800\" \/><img loading=\"lazy\" decoding=\"async\" class=\"detail-desc-decorate-image aligncenter\" src=\"https:\/\/www.rucashk.com\/wp-content\/uploads\/2021\/05\/H89676d8aaacb48a58e699a4207a29b7dA.jpg\" alt=\"Xbox one controller\" width=\"800\" height=\"800\" \/><\/div>\n<div class=\"detailmodule_image\"><img loading=\"lazy\" decoding=\"async\" class=\"detail-desc-decorate-image aligncenter\" src=\"https:\/\/www.rucashk.com\/wp-content\/uploads\/2021\/05\/H3af80d9f469b4515ac1ceb13bf663eafx.jpg\" alt=\"Xbox one controller\" width=\"800\" height=\"800\" \/><img loading=\"lazy\" decoding=\"async\" class=\"detail-desc-decorate-image aligncenter\" src=\"https:\/\/www.rucashk.com\/wp-content\/uploads\/2021\/05\/Ha731fe47ad9d47e799e782cced438311A.jpg\" alt=\"Xbox one controller\" width=\"800\" height=\"800\" \/><img loading=\"lazy\" decoding=\"async\" class=\"detail-desc-decorate-image aligncenter\" src=\"https:\/\/www.rucashk.com\/wp-content\/uploads\/2021\/05\/H2918c97decb94c0fa0ef69a6dd2cb0e3c.jpg\" alt=\"Xbox one controller\" width=\"945\" height=\"945\" data-spm-anchor-id=\"a2g0o.detail.1000023.i0.7d346491H0i8wg\" \/><\/div>\n<div>\n<h4 class=\"product-title-text\" style=\"text-align: center\" data-spm-anchor-id=\"a2g0o.detail.1000016.i3.7d346491H0i8wg\">Mando inal\u00e1mbrico Xbox One de 6 ejes con doble vibraci\u00f3n, mando para consola Xbox One Slim\/PC Win 7 8 10<\/h4>\n<h3 style=\"text-align: center\"><strong>Caracter\u00edstica:<\/strong><\/h3>\n<p style=\"text-align: center\"><strong>1.Controlador inal\u00e1mbrico para Microsoft Xbox One<\/strong><\/p>\n<p style=\"text-align: center\">Este controlador de juego tiene una conexi\u00f3n autom\u00e1tica superior y 2 motores de vibraci\u00f3n, tiene una mejor estabilidad, balancines de 360\u00b0 de alta precisi\u00f3n. Proporciona estabilidad y b\u00e1sicamente cero retraso en el juego.<\/p>\n<p style=\"text-align: center\"><strong>2. Este controlador de juego tiene una conexi\u00f3n autom\u00e1tica superior. <\/strong><\/p>\n<p style=\"text-align: center\">El uso de chips de alto rendimiento, el gamepad del juego tiene una mejor estabilidad, soporte para Xbox one y PC. Con el dise\u00f1o de la curva del cuerpo humano, no te sentir\u00e1s cansado incluso si eres adicto al juego durante mucho tiempo.<\/p>\n<p style=\"text-align: center\"><strong>3.Funci\u00f3n de vibraci\u00f3n<\/strong><\/p>\n<p style=\"text-align: center\">\u00a1Hemos dise\u00f1ado 2 motores de vibraci\u00f3n para este gamepad, para que puedas experimentar mejor la alegr\u00eda del juego! Fuerte respuesta de vibraci\u00f3n para una experiencia de juego personalizada. Deja que el jugador se sienta como si estuviera en el campo de batalla.<\/p>\n<p style=\"text-align: center\"><strong>4.Soporte para Xbox One<\/strong><\/p>\n<p style=\"text-align: center\">Este controlador es compatible con Xbox One, especialmente dise\u00f1ado para usar con la consola Xbox One con el dise\u00f1o exacto, ideal como reemplazo o controlador adicional.<\/p>\n<p style=\"text-align: center\"><strong>5.Compatible con PC<\/strong><\/p>\n<p style=\"text-align: center\">Este gamepad tambi\u00e9n es compatible con PC, compatible con WINDOWS XP, WIN7, WIN8 y el sistema operativo WIN10 (Aviso: si desea que el controlador funcione en PC, utilice el receptor)<\/p>\n<p style=\"text-align: center\"><strong>6.Ahorro de energ\u00eda<\/strong><\/p>\n<p style=\"text-align: center\">\u00a1Conexi\u00f3n infrarroja de baja potencia! Este controlador requiere dos bater\u00edas AA. Debido a problemas de seguridad durante el transporte, nuestro paquete no env\u00eda bater\u00edas. Los clientes deben comprarlos en sus tiendas locales.<\/p>\n<p style=\"text-align: center\"><strong>7. Conexi\u00f3n estable de largo alcance<\/strong><\/p>\n<p style=\"text-align: center\">La avanzada tecnolog\u00eda inal\u00e1mbrica garantiza una conexi\u00f3n estable sin demoras y ofrece un alcance de hasta 8 metros (26,3 pies), lo que permite disfrutar jugando desde el otro lado de la habitaci\u00f3n.<\/p>\n<\/div>","protected":false},"excerpt":{"rendered":"<h4><strong>Caracter\u00edstica:<\/strong><\/h4>\n<ul>\n<li>-Controlador inal\u00e1mbrico para Microsoft Xbox One<\/li>\n<li>-Este controlador de juego tiene una conexi\u00f3n autom\u00e1tica superior.<\/li>\n<li>-Funci\u00f3n de vibraci\u00f3n<\/li>\n<li>-Soporte para Xbox One y PC<\/li>\n<li>-Ahorro de energ\u00eda<\/li>\n<li>-Conexi\u00f3n estable de largo alcance<\/li>\n<\/ul>","protected":false},"featured_media":25319,"template":"","meta":[],"product_brand":[],"product_cat":[1322,1325],"product_tag":[],"class_list":{"0":"post-25240","1":"product","2":"type-product","3":"status-publish","4":"has-post-thumbnail","6":"product_cat-other-a-brands","7":"product_cat-xbox","9":"first","10":"instock","11":"shipping-taxable","12":"product-type-simple"},"aioseo_notices":[],"aioseo_head":"\n\t\t<!-- All in One SEO Pro 4.5.9.2 - aioseo.com -->\n\t\t<meta name=\"description\" content=\"Feature: -Wireless Controller For Microsoft Xbox One -This game controller has superior automatic connection. -Vibration Function -Support For Xbox One and PC -Powering Saving -Stable Long Range Connection\" \/>\n\t\t<meta name=\"robots\" content=\"max-image-preview:large\" \/>\n\t\t<link rel=\"canonical\" href=\"https:\/\/www.rucashk.com\/es\/producto\/xbox-one-controller\/\" \/>\n\t\t<meta name=\"generator\" content=\"All in One SEO Pro (AIOSEO) 4.5.9.2\" \/>\n\t\t<meta property=\"og:locale\" content=\"es_ES\" \/>\n\t\t<meta property=\"og:site_name\" content=\"Rucas - One-stop AIoT Distribution Worldwide\" \/>\n\t\t<meta property=\"og:type\" content=\"article\" \/>\n\t\t<meta property=\"og:title\" content=\"Xbox One Controller - Rucas - Wholesale and Distribution\" \/>\n\t\t<meta property=\"og:description\" content=\"Feature: -Wireless Controller For Microsoft Xbox One -This game controller has superior automatic connection. -Vibration Function -Support For Xbox One and PC -Powering Saving -Stable Long Range Connection\" \/>\n\t\t<meta property=\"og:url\" content=\"https:\/\/www.rucashk.com\/es\/producto\/xbox-one-controller\/\" \/>\n\t\t<meta property=\"og:image\" content=\"https:\/\/www.rucashk.com\/wp-content\/uploads\/replace\/503b8e645f128a97ccde2b6290747646.jpeg\" \/>\n\t\t<meta property=\"og:image:secure_url\" content=\"https:\/\/www.rucashk.com\/wp-content\/uploads\/replace\/503b8e645f128a97ccde2b6290747646.jpeg\" \/>\n\t\t<meta property=\"og:image:width\" content=\"1456\" \/>\n\t\t<meta property=\"og:image:height\" content=\"816\" \/>\n\t\t<meta property=\"article:published_time\" content=\"2024-01-09T16:15:25+00:00\" \/>\n\t\t<meta property=\"article:modified_time\" content=\"2024-01-16T10:11:05+00:00\" \/>\n\t\t<meta name=\"twitter:card\" content=\"summary_large_image\" \/>\n\t\t<meta name=\"twitter:title\" content=\"Xbox One Controller - Rucas - Wholesale and Distribution\" \/>\n\t\t<meta name=\"twitter:description\" content=\"Feature: -Wireless Controller For Microsoft Xbox One -This game controller has superior automatic connection. -Vibration Function -Support For Xbox One and PC -Powering Saving -Stable Long Range Connection\" \/>\n\t\t<meta name=\"twitter:image\" content=\"https:\/\/www.rucashk.com\/wp-content\/uploads\/replace\/503b8e645f128a97ccde2b6290747646.jpeg\" \/>\n\t\t<script type=\"application\/ld+json\" class=\"aioseo-schema\">\n\t\t\t{\"@context\":\"https:\\\/\\\/schema.org\",\"@graph\":[{\"@type\":\"BreadcrumbList\",\"@id\":\"https:\\\/\\\/www.rucashk.com\\\/es\\\/producto\\\/xbox-one-controller\\\/#breadcrumblist\",\"itemListElement\":[{\"@type\":\"ListItem\",\"@id\":\"https:\\\/\\\/www.rucashk.com\\\/es\\\/#listItem\",\"position\":1,\"name\":\"Home\",\"item\":\"https:\\\/\\\/www.rucashk.com\\\/es\\\/\",\"nextItem\":\"https:\\\/\\\/www.rucashk.com\\\/es\\\/producto\\\/xbox-one-controller\\\/#listItem\"},{\"@type\":\"ListItem\",\"@id\":\"https:\\\/\\\/www.rucashk.com\\\/es\\\/producto\\\/xbox-one-controller\\\/#listItem\",\"position\":2,\"name\":\"Xbox One Controller\",\"previousItem\":\"https:\\\/\\\/www.rucashk.com\\\/es\\\/#listItem\"}]},{\"@type\":\"Organization\",\"@id\":\"https:\\\/\\\/www.rucashk.com\\\/es\\\/#organization\",\"name\":\"Rucas\",\"url\":\"https:\\\/\\\/www.rucashk.com\\\/es\\\/\",\"logo\":{\"@type\":\"ImageObject\",\"url\":\"https:\\\/\\\/www.rucashk.com\\\/wp-content\\\/uploads\\\/2023\\\/12\\\/Rucas_campany_logo.png\",\"@id\":\"https:\\\/\\\/www.rucashk.com\\\/es\\\/producto\\\/xbox-one-controller\\\/#organizationLogo\",\"width\":221,\"height\":65},\"image\":{\"@id\":\"https:\\\/\\\/www.rucashk.com\\\/es\\\/#organizationLogo\"}},{\"@type\":\"Person\",\"@id\":\"https:\\\/\\\/www.rucashk.com\\\/es\\\/author\\\/admin\\\/#author\",\"url\":\"https:\\\/\\\/www.rucashk.com\\\/es\\\/author\\\/admin\\\/\",\"name\":\"admin\",\"image\":{\"@type\":\"ImageObject\",\"@id\":\"https:\\\/\\\/www.rucashk.com\\\/es\\\/producto\\\/xbox-one-controller\\\/#authorImage\",\"url\":\"https:\\\/\\\/secure.gravatar.com\\\/avatar\\\/b7c8925b09a27e72b30232f8ecaadbd5af0f70a38c78096863fe51b64f031c24?s=96&d=mm&r=g\",\"width\":96,\"height\":96,\"caption\":\"admin\"}},{\"@type\":\"WebPage\",\"@id\":\"https:\\\/\\\/www.rucashk.com\\\/es\\\/producto\\\/xbox-one-controller\\\/#webpage\",\"url\":\"https:\\\/\\\/www.rucashk.com\\\/es\\\/producto\\\/xbox-one-controller\\\/\",\"name\":\"Xbox One Controller - Rucas - Wholesale and Distribution\",\"description\":\"Feature: -Wireless Controller For Microsoft Xbox One -This game controller has superior automatic connection. -Vibration Function -Support For Xbox One and PC -Powering Saving -Stable Long Range Connection\",\"inLanguage\":\"es-ES\",\"isPartOf\":{\"@id\":\"https:\\\/\\\/www.rucashk.com\\\/es\\\/#website\"},\"breadcrumb\":{\"@id\":\"https:\\\/\\\/www.rucashk.com\\\/es\\\/producto\\\/xbox-one-controller\\\/#breadcrumblist\"},\"author\":{\"@id\":\"https:\\\/\\\/www.rucashk.com\\\/es\\\/author\\\/admin\\\/#author\"},\"creator\":{\"@id\":\"https:\\\/\\\/www.rucashk.com\\\/es\\\/author\\\/admin\\\/#author\"},\"image\":{\"@type\":\"ImageObject\",\"url\":\"https:\\\/\\\/www.rucashk.com\\\/wp-content\\\/uploads\\\/2024\\\/01\\\/1.Xbox-one-controller.jpg\",\"@id\":\"https:\\\/\\\/www.rucashk.com\\\/es\\\/producto\\\/xbox-one-controller\\\/#mainImage\",\"width\":800,\"height\":800},\"primaryImageOfPage\":{\"@id\":\"https:\\\/\\\/www.rucashk.com\\\/es\\\/producto\\\/xbox-one-controller\\\/#mainImage\"},\"datePublished\":\"2024-01-09T16:15:25+00:00\",\"dateModified\":\"2024-01-16T10:11:05+00:00\"},{\"@type\":\"WebSite\",\"@id\":\"https:\\\/\\\/www.rucashk.com\\\/es\\\/#website\",\"url\":\"https:\\\/\\\/www.rucashk.com\\\/es\\\/\",\"name\":\"Rucas - Wholesale and distribution worldwide\",\"alternateName\":\"Rucas - One-stop AIoT Distribution Worldwide\",\"description\":\"One-stop AIoT Distribution Worldwide\",\"inLanguage\":\"es-ES\",\"publisher\":{\"@id\":\"https:\\\/\\\/www.rucashk.com\\\/es\\\/#organization\"}}]}\n\t\t<\/script>\n\t\t<!-- All in One SEO Pro -->\r\n\t\t<title>Xbox One Controller - Rucas - Wholesale and Distribution<\/title>\n\n","aioseo_head_json":{"title":"Xbox One Controller - Rucas - Wholesale and Distribution","description":"Feature: -Wireless Controller For Microsoft Xbox One -This game controller has superior automatic connection. -Vibration Function -Support For Xbox One and PC -Powering Saving -Stable Long Range Connection","canonical_url":"https:\/\/www.rucashk.com\/es\/producto\/xbox-one-controller\/","robots":"max-image-preview:large","keywords":"","webmasterTools":{"miscellaneous":""},"og:locale":"es_ES","og:site_name":"Rucas - One-stop AIoT Distribution Worldwide","og:type":"article","og:title":"Xbox One Controller - Rucas - Wholesale and Distribution","og:description":"Feature: -Wireless Controller For Microsoft Xbox One -This game controller has superior automatic connection. -Vibration Function -Support For Xbox One and PC -Powering Saving -Stable Long Range Connection","og:url":"https:\/\/www.rucashk.com\/es\/producto\/xbox-one-controller\/","og:image":"https:\/\/www.rucashk.com\/wp-content\/uploads\/replace\/503b8e645f128a97ccde2b6290747646.jpeg","og:image:secure_url":"https:\/\/www.rucashk.com\/wp-content\/uploads\/replace\/503b8e645f128a97ccde2b6290747646.jpeg","og:image:width":1456,"og:image:height":816,"article:published_time":"2024-01-09T16:15:25+00:00","article:modified_time":"2024-01-16T10:11:05+00:00","twitter:card":"summary_large_image","twitter:title":"Xbox One Controller - Rucas - Wholesale and Distribution","twitter:description":"Feature: -Wireless Controller For Microsoft Xbox One -This game controller has superior automatic connection. -Vibration Function -Support For Xbox One and PC -Powering Saving -Stable Long Range Connection","twitter:image":"https:\/\/www.rucashk.com\/wp-content\/uploads\/replace\/503b8e645f128a97ccde2b6290747646.jpeg","schema":{"@context":"https:\/\/schema.org","@graph":[{"@type":"BreadcrumbList","@id":"https:\/\/www.rucashk.com\/es\/producto\/xbox-one-controller\/#breadcrumblist","itemListElement":[{"@type":"ListItem","@id":"https:\/\/www.rucashk.com\/es\/#listItem","position":1,"name":"Home","item":"https:\/\/www.rucashk.com\/es\/","nextItem":"https:\/\/www.rucashk.com\/es\/producto\/xbox-one-controller\/#listItem"},{"@type":"ListItem","@id":"https:\/\/www.rucashk.com\/es\/producto\/xbox-one-controller\/#listItem","position":2,"name":"Xbox One Controller","previousItem":"https:\/\/www.rucashk.com\/es\/#listItem"}]},{"@type":"Organization","@id":"https:\/\/www.rucashk.com\/es\/#organization","name":"Rucas","url":"https:\/\/www.rucashk.com\/es\/","logo":{"@type":"ImageObject","url":"https:\/\/www.rucashk.com\/wp-content\/uploads\/2023\/12\/Rucas_campany_logo.png","@id":"https:\/\/www.rucashk.com\/es\/producto\/xbox-one-controller\/#organizationLogo","width":221,"height":65},"image":{"@id":"https:\/\/www.rucashk.com\/es\/#organizationLogo"}},{"@type":"Person","@id":"https:\/\/www.rucashk.com\/es\/author\/admin\/#author","url":"https:\/\/www.rucashk.com\/es\/author\/admin\/","name":"admin","image":{"@type":"ImageObject","@id":"https:\/\/www.rucashk.com\/es\/producto\/xbox-one-controller\/#authorImage","url":"https:\/\/secure.gravatar.com\/avatar\/b7c8925b09a27e72b30232f8ecaadbd5af0f70a38c78096863fe51b64f031c24?s=96&d=mm&r=g","width":96,"height":96,"caption":"admin"}},{"@type":"WebPage","@id":"https:\/\/www.rucashk.com\/es\/producto\/xbox-one-controller\/#webpage","url":"https:\/\/www.rucashk.com\/es\/producto\/xbox-one-controller\/","name":"Xbox One Controller - Rucas - Wholesale and Distribution","description":"Feature: -Wireless Controller For Microsoft Xbox One -This game controller has superior automatic connection. -Vibration Function -Support For Xbox One and PC -Powering Saving -Stable Long Range Connection","inLanguage":"es-ES","isPartOf":{"@id":"https:\/\/www.rucashk.com\/es\/#website"},"breadcrumb":{"@id":"https:\/\/www.rucashk.com\/es\/producto\/xbox-one-controller\/#breadcrumblist"},"author":{"@id":"https:\/\/www.rucashk.com\/es\/author\/admin\/#author"},"creator":{"@id":"https:\/\/www.rucashk.com\/es\/author\/admin\/#author"},"image":{"@type":"ImageObject","url":"https:\/\/www.rucashk.com\/wp-content\/uploads\/2024\/01\/1.Xbox-one-controller.jpg","@id":"https:\/\/www.rucashk.com\/es\/producto\/xbox-one-controller\/#mainImage","width":800,"height":800},"primaryImageOfPage":{"@id":"https:\/\/www.rucashk.com\/es\/producto\/xbox-one-controller\/#mainImage"},"datePublished":"2024-01-09T16:15:25+00:00","dateModified":"2024-01-16T10:11:05+00:00"},{"@type":"WebSite","@id":"https:\/\/www.rucashk.com\/es\/#website","url":"https:\/\/www.rucashk.com\/es\/","name":"Rucas - Wholesale and distribution worldwide","alternateName":"Rucas - One-stop AIoT Distribution Worldwide","description":"One-stop AIoT Distribution Worldwide","inLanguage":"es-ES","publisher":{"@id":"https:\/\/www.rucashk.com\/es\/#organization"}}]}},"aioseo_meta_data":{"post_id":"25240","title":null,"description":null,"keywords":null,"keyphrases":null,"primary_term":null,"canonical_url":null,"og_title":null,"og_description":null,"og_object_type":"default","og_image_type":"default","og_image_url":null,"og_image_width":null,"og_image_height":null,"og_image_custom_url":null,"og_image_custom_fields":null,"og_video":null,"og_custom_url":null,"og_article_section":null,"og_article_tags":null,"twitter_use_og":false,"twitter_card":"default","twitter_image_type":"default","twitter_image_url":null,"twitter_image_custom_url":null,"twitter_image_custom_fields":null,"twitter_title":null,"twitter_description":null,"schema":{"blockGraphs":[],"customGraphs":[],"default":{"data":{"Article":[],"Course":[],"Dataset":[],"FAQPage":[],"Movie":[],"Person":[],"Product":[],"Recipe":[],"Service":[],"SoftwareApplication":[],"WebPage":[]},"graphName":"","isEnabled":true},"graphs":[]},"schema_type":"default","schema_type_options":null,"pillar_content":false,"robots_default":true,"robots_noindex":false,"robots_noarchive":false,"robots_nosnippet":false,"robots_nofollow":false,"robots_noimageindex":false,"robots_noodp":false,"robots_notranslate":false,"robots_max_snippet":null,"robots_max_videopreview":null,"robots_max_imagepreview":"large","priority":null,"frequency":null,"local_seo":null,"breadcrumb_settings":null,"limit_modified_date":false,"created":"2024-04-11 01:57:18","updated":"2025-06-22 17:50:05"},"aioseo_breadcrumb":"<div class=\"aioseo-breadcrumbs\"><span class=\"aioseo-breadcrumb\">\n\t<a href=\"https:\/\/www.rucashk.com\/es\" title=\"Home\">Home<\/a>\n<\/span><span class=\"aioseo-breadcrumb-separator\">&raquo;<\/span><span class=\"aioseo-breadcrumb\">\n\t<a href=\"https:\/\/www.rucashk.com\/es\/products\/\" title=\"Productos\">Productos<\/a>\n<\/span><span class=\"aioseo-breadcrumb-separator\">&raquo;<\/span><span class=\"aioseo-breadcrumb\">\n\t<a href=\"https:\/\/www.rucashk.com\/es\/categoria-producto\/other-a-brands\/\" title=\"Other A-Brands\">Other A-Brands<\/a>\n<\/span><span class=\"aioseo-breadcrumb-separator\">&raquo;<\/span><span class=\"aioseo-breadcrumb\">\n\t<a href=\"https:\/\/www.rucashk.com\/es\/categoria-producto\/other-a-brands\/xbox\/\" title=\"Xbox\">Xbox<\/a>\n<\/span><span class=\"aioseo-breadcrumb-separator\">&raquo;<\/span><span class=\"aioseo-breadcrumb\">\n\tXbox One Controller\n<\/span><\/div>","aioseo_breadcrumb_json":[{"label":"Home","link":"https:\/\/www.rucashk.com\/es"},{"label":"Productos","link":"https:\/\/www.rucashk.com\/es\/products\/"},{"label":"Other A-Brands","link":"https:\/\/www.rucashk.com\/es\/categoria-producto\/other-a-brands\/"},{"label":"Xbox","link":"https:\/\/www.rucashk.com\/es\/categoria-producto\/other-a-brands\/xbox\/"},{"label":"Xbox One Controller","link":"https:\/\/www.rucashk.com\/es\/producto\/xbox-one-controller\/"}],"_links":{"self":[{"href":"https:\/\/www.rucashk.com\/es\/wp-json\/wp\/v2\/product\/25240","targetHints":{"allow":["GET"]}}],"collection":[{"href":"https:\/\/www.rucashk.com\/es\/wp-json\/wp\/v2\/product"}],"about":[{"href":"https:\/\/www.rucashk.com\/es\/wp-json\/wp\/v2\/types\/product"}],"wp:featuredmedia":[{"embeddable":true,"href":"https:\/\/www.rucashk.com\/es\/wp-json\/wp\/v2\/media\/25319"}],"wp:attachment":[{"href":"https:\/\/www.rucashk.com\/es\/wp-json\/wp\/v2\/media?parent=25240"}],"wp:term":[{"taxonomy":"product_brand","embeddable":true,"href":"https:\/\/www.rucashk.com\/es\/wp-json\/wp\/v2\/product_brand?post=25240"},{"taxonomy":"product_cat","embeddable":true,"href":"https:\/\/www.rucashk.com\/es\/wp-json\/wp\/v2\/product_cat?post=25240"},{"taxonomy":"product_tag","embeddable":true,"href":"https:\/\/www.rucashk.com\/es\/wp-json\/wp\/v2\/product_tag?post=25240"}],"curies":[{"name":"wp","href":"https:\/\/api.w.org\/{rel}","templated":true}]}}