{"id":25215,"date":"2024-01-09T16:15:03","date_gmt":"2024-01-09T16:15:03","guid":{"rendered":"http:\/\/rucashk.com\/?post_type=product&#038;p=25215"},"modified":"2024-03-12T08:22:12","modified_gmt":"2024-03-12T08:22:12","slug":"apple-airtag","status":"publish","type":"product","link":"https:\/\/www.rucashk.com\/es\/producto\/apple-airtag\/","title":{"rendered":"AirTag de Apple"},"content":{"rendered":"<p><img fetchpriority=\"high\" decoding=\"async\" class=\"alignnone wp-image-26283 aligncenter\" src=\"\/wp-content\/uploads\/replace\/b648787afab646813b5997263c3e9d9c.jpeg\" alt=\"Apple AirTag\" width=\"250\" height=\"215\" \/><\/p>\n<h1 class=\"hero-eyebrow image-logo-airtag\" style=\"text-align: center\"><span class=\"visuallyhidden\">etiqueta a\u00e9rea<\/span><\/h1>\n<p class=\"hero-headline typography-hero-headline\" style=\"text-align: center\">Pierde tu habilidad para perder cosas.<\/p>\n<p><img decoding=\"async\" class=\"wp-image-26270 aligncenter\" src=\"\/wp-content\/uploads\/replace\/2972db3963215e8807c60d20e5f1133b.png\" alt=\"Apple AirTag\" width=\"682\" height=\"396\" \/><\/p>\n<p style=\"text-align: center\">AirTag es una forma muy sencilla de realizar un seguimiento de tus cosas. Adjunta uno a tus llaves y desliza otro en tu mochila. Y as\u00ed, est\u00e1n en tu radar en la aplicaci\u00f3n Find My, donde tambi\u00e9n puedes rastrear tus dispositivos Apple y mantenerte al d\u00eda con amigos y familiares.<\/p>\n<p><img decoding=\"async\" class=\"alignnone size-full wp-image-26284 aligncenter\" src=\"\/wp-content\/uploads\/replace\/e237199de61d083598a05ec7636d21bc.jpeg\" alt=\"Apple AirTag\" width=\"638\" height=\"638\" \/><\/p>\n<h2 class=\"typography-site-headline headline small-12\" style=\"text-align: center\">Hazle ping. Encu\u00e9ntralo.<\/h2>\n<div class=\"typography-site-body body-copy\">\n<p style=\"text-align: center\">Extraviar algo como tu billetera no tiene por qu\u00e9 ser un gran problema cuando tiene AirTag adjunto. Puedes reproducir un sonido en el altavoz incorporado yendo a la nueva pesta\u00f1a Elementos en la aplicaci\u00f3n Buscar mi o diciendo &quot;Hola Siri, busca mi billetera&quot;. Si se esconde cerca, como debajo del sof\u00e1 o en la habitaci\u00f3n de al lado, simplemente sigue el sonido y tu b\u00fasqueda habr\u00e1 terminado.<\/p>\n<p><img loading=\"lazy\" decoding=\"async\" class=\"alignnone wp-image-26274 aligncenter\" src=\"\/wp-content\/uploads\/replace\/aa852ab7b76f1f85b98986cbccda430a.jpeg\" alt=\"Apple AirTag\" width=\"610\" height=\"782\" \/><\/p>\n<h2 class=\"typography-site-headline headline small-12\" style=\"text-align: center\">Fr\u00edo. C\u00e1lido.<br \/>\nM\u00e1s c\u00e1lido. Caliente.<\/h2>\n<p class=\"typography-site-body body-copy\" style=\"text-align: center\">Si su AirTag est\u00e1 cerca, su iPhone puede llevarlo directamente a \u00e9l con Precision Finding.<sup class=\"footnote footnote-number\"><a href=\"https:\/\/www.apple.com\/hk\/en\/airtag\/?afid=p238%7CssyrjYi8Z-dc_mtid_18707vxu38484_pcrid_516191912581_pgrid_122561826698_&amp;cid=aos-hk-kwgo-btb--slid---product--#footnote-1\" aria-label=\"Nota al pie 1\">1<\/a><\/sup>\u00a0Ver\u00e1s la distancia hasta tu AirTag y la direcci\u00f3n a la que dirigirte, todo gracias a la tecnolog\u00eda Ultra Wideband.<\/p>\n<h3 class=\"precision-finding headline typography-site-body headline small-12\" style=\"text-align: center\">B\u00fasqueda de precisi\u00f3n compatible con:<\/h3>\n<p style=\"text-align: center\">iPhone 11<\/p>\n<p style=\"text-align: center\">iPhone 11 Pro y iPhone 11 Pro Max<\/p>\n<p style=\"text-align: center\">iPhone 12 y iPhone 12 mini<\/p>\n<p style=\"text-align: center\">iPhone 12 Pro y iPhone 12 Pro Max<\/p>\n<p><img loading=\"lazy\" decoding=\"async\" class=\"size-full wp-image-26285 aligncenter\" src=\"\/wp-content\/uploads\/replace\/6acfd5c8e85569d9f03b33bc1021751f.png\" alt=\"Apple AirTag\" width=\"767\" height=\"584\" \/><\/p>\n<h2 class=\"typography-site-subhead headline small-12\" style=\"text-align: center\">\u00bfComo funciona?<\/h2>\n<div class=\"typography-site-body body-copy\">\n<p style=\"text-align: center\">Su AirTag env\u00eda una se\u00f1al Bluetooth segura que puede ser detectada por dispositivos cercanos en la red Find My. Estos dispositivos env\u00edan la ubicaci\u00f3n de tu AirTag a iCloud; luego puedes ir a la aplicaci\u00f3n Buscar mi y verlo en un mapa. Todo el proceso es an\u00f3nimo y est\u00e1 cifrado para proteger su privacidad. Y es eficiente, por lo que no hay necesidad de preocuparse por la duraci\u00f3n de la bater\u00eda o el uso de datos.<\/p>\n<p><img loading=\"lazy\" decoding=\"async\" class=\"size-full wp-image-26276 aligncenter\" src=\"\/wp-content\/uploads\/replace\/d67efe052269b55dc0d6aa0895d67602.jpeg\" alt=\"Apple AirTag\" width=\"822\" height=\"742\" \/><\/p>\n<h2 class=\"typography-site-subhead headline small-12\" style=\"text-align: center\">El Modo Perdido facilita la b\u00fasqueda de cosas<br \/>\na\u00fan m\u00e1s f\u00e1cil.<\/h2>\n<p class=\"typography-site-body body-copy\" style=\"text-align: center\">Al igual que sus otros dispositivos Apple, AirTag se puede poner en modo perdido. Luego, cuando un dispositivo en la red lo detecte, recibir\u00e1s una notificaci\u00f3n autom\u00e1ticamente. Tambi\u00e9n puedes configurarlo para que alguien pueda obtener tu informaci\u00f3n de contacto tocando tu AirTag con un tel\u00e9fono inteligente compatible con NFC; esa es la misma tecnolog\u00eda que permite a las personas pagar cosas con sus tel\u00e9fonos.<\/p>\n<p><img loading=\"lazy\" decoding=\"async\" class=\"size-full wp-image-26286 aligncenter\" src=\"\/wp-content\/uploads\/replace\/ad41259b6f1f2e00425d83beb3f17ada.jpeg\" alt=\"Apple AirTag\" width=\"1113\" height=\"764\" \/><\/p>\n<p>&nbsp;<\/p>\n<p><img loading=\"lazy\" decoding=\"async\" class=\"alignnone size-full wp-image-26279\" src=\"\/wp-content\/uploads\/replace\/883206c2182b845034fd783a4445771c.jpeg\" alt=\"Apple AirTag\" width=\"1091\" height=\"209\" \/><\/p>\n<p><img loading=\"lazy\" decoding=\"async\" class=\"size-full wp-image-26281 aligncenter\" src=\"\/wp-content\/uploads\/replace\/6808dd46e75c42200fa648dfb70d6c69.jpeg\" alt=\"Apple AirTag\" width=\"1264\" height=\"654\" \/><\/p>\n<h2 class=\"typography-site-headline large-centered\" style=\"text-align: center\">M\u00e1s color. M\u00e1s diversi\u00f3n. M\u00e1s t\u00fa.<\/h2>\n<div class=\"accessories-copy typography-site-body large-7 large-centered medium-8 small-12\" style=\"text-align: center\">\n<p>Es f\u00e1cil conectar AirTag a casi cualquier cosa con llaveros y presillas coloridos de Apple. AirTag viene individualmente o en un paquete de 4. Feliz etiquetado.<\/p>\n<\/div>\n<\/div>\n<\/div>\n<h4 style=\"text-align: center\"><strong>Caracter\u00edstica:<\/strong><\/h4>\n<p style=\"text-align: center\"><span class=\"a-list-item\">-Realiza un seguimiento y encuentra tus art\u00edculos junto con amigos y dispositivos en la aplicaci\u00f3n Find My<\/span><\/p>\n<p style=\"text-align: center\"><span class=\"a-list-item\">-La configuraci\u00f3n simple con un solo toque conecta instant\u00e1neamente AirTag con su iPhone o iPad<\/span><\/p>\n<p style=\"text-align: center\"><span class=\"a-list-item\">-Reproduce un sonido en el altavoz incorporado para ayudarte a encontrar tus cosas, o simplemente p\u00eddele ayuda a Siri<\/span><\/p>\n<p style=\"text-align: center\"><span class=\"a-list-item\">-La b\u00fasqueda de precisi\u00f3n con tecnolog\u00eda de banda ultraancha lo lleva directamente a su AirTag cercano (en modelos de iPhone seleccionados)<\/span><\/p>\n<p style=\"text-align: center\"><span class=\"a-list-item\">-Encuentre elementos m\u00e1s lejanos con la ayuda de cientos de millones de dispositivos Apple en la red Find My<\/span><\/p>\n<p style=\"text-align: center\"><span class=\"a-list-item\">-Pon AirTag en modo perdido para recibir una notificaci\u00f3n autom\u00e1tica cuando se detecte en la red Buscar mi<\/span><\/p>\n<p style=\"text-align: center\"><span class=\"a-list-item\">-Toda la comunicaci\u00f3n con la red Find My es an\u00f3nima y est\u00e1 encriptada para mayor privacidad. Los datos de ubicaci\u00f3n y el historial nunca se almacenan en AirTag<\/span><\/p>\n<table id=\"productDetails_detailBullets_sections1\" class=\"a-keyvalue prodDetTable\" role=\"presentation\">\n<tbody>\n<tr>\n<th class=\"a-color-secondary a-size-base prodDetSectionEntry\">Dimensiones del producto<\/th>\n<td class=\"a-size-base prodDetAttrValue\">1,26x1,26x0,31 pulgadas<\/td>\n<\/tr>\n<tr>\n<th class=\"a-color-secondary a-size-base prodDetSectionEntry\">Peso del art\u00edculo<\/th>\n<td class=\"a-size-base prodDetAttrValue\">0,39 onzas<\/td>\n<\/tr>\n<tr>\n<th class=\"a-color-secondary a-size-base prodDetSectionEntry\">COMO EN<\/th>\n<td class=\"a-size-base prodDetAttrValue\">B0933BVK6T<\/td>\n<\/tr>\n<tr>\n<th class=\"a-color-secondary a-size-base prodDetSectionEntry\">N\u00famero de modelo del art\u00edculo<\/th>\n<td class=\"a-size-base prodDetAttrValue\">MX532AM\/A<\/td>\n<\/tr>\n<tr>\n<th class=\"a-color-secondary a-size-base prodDetSectionEntry\">Bater\u00edas<\/th>\n<td class=\"a-size-base prodDetAttrValue\">Se requieren 1 bater\u00edas de metal de litio. (incluido)<\/td>\n<\/tr>\n<\/tbody>\n<\/table>\n<table id=\"productDetails_detailBullets_sections1\" class=\"a-keyvalue prodDetTable\" role=\"presentation\">\n<tbody>\n<tr>\n<th class=\"a-color-secondary a-size-base prodDetSectionEntry\">Clasificaci\u00f3n de los m\u00e1s vendidos<\/th>\n<td>#13 en Electr\u00f3nica (<a href=\"https:\/\/www.amazon.com\/gp\/bestsellers\/electronics\/ref=pd_zg_ts_electronics\">Ver Top 100 en Electr\u00f3nica<\/a>)<br \/>\n#1 en\u00a0<a href=\"https:\/\/www.amazon.com\/gp\/bestsellers\/electronics\/18022313011\/ref=pd_zg_hrsr_electronics\">Buscadores de art\u00edculos<\/a><\/td>\n<\/tr>\n<tr>\n<th class=\"a-color-secondary a-size-base prodDetSectionEntry\">Otras caracter\u00edsticas de visualizaci\u00f3n<\/th>\n<td class=\"a-size-base prodDetAttrValue\">Marcas premium de electr\u00f3nica de consumo<\/td>\n<\/tr>\n<tr>\n<th class=\"a-color-secondary a-size-base prodDetSectionEntry\">Color<\/th>\n<td class=\"a-size-base prodDetAttrValue\">Blanco<\/td>\n<\/tr>\n<tr>\n<th class=\"a-color-secondary a-size-base prodDetSectionEntry\">Componentes incluidos<\/th>\n<td class=\"a-size-base prodDetAttrValue\">etiqueta a\u00e9rea<\/td>\n<\/tr>\n<tr>\n<th class=\"a-color-secondary a-size-base prodDetSectionEntry\">Fabricante<\/th>\n<td class=\"a-size-base prodDetAttrValue\">computadora Apple<\/td>\n<\/tr>\n<\/tbody>\n<\/table>","protected":false},"excerpt":{"rendered":"<p>Caracter\u00edstica:<\/p>\n<ul>\n<li>Realice un seguimiento y encuentre sus art\u00edculos junto con amigos y dispositivos en la aplicaci\u00f3n Find My<\/li>\n<li>La configuraci\u00f3n simple con un solo toque conecta instant\u00e1neamente AirTag con su iPhone o iPad<\/li>\n<li>Reproduce un sonido en el altavoz incorporado para ayudarte a encontrar tus cosas, o simplemente p\u00eddele ayuda a Siri<\/li>\n<li>B\u00fasqueda de precisi\u00f3n con tecnolog\u00eda de banda ultraancha<\/li>\n<li>Encuentre elementos m\u00e1s lejanos con la ayuda de cientos de millones de dispositivos Apple en la red Find My<\/li>\n<\/ul>","protected":false},"featured_media":25309,"template":"","meta":[],"product_brand":[],"product_cat":[1322],"product_tag":[],"class_list":{"0":"post-25215","1":"product","2":"type-product","3":"status-publish","4":"has-post-thumbnail","6":"product_cat-other-a-brands","8":"first","9":"instock","10":"shipping-taxable","11":"product-type-simple"},"aioseo_notices":[],"aioseo_head":"\n\t\t<!-- All in One SEO Pro 4.5.9.2 - aioseo.com -->\n\t\t<meta name=\"description\" content=\"Feature: Keep track of and find your items alongside friends and devices in the Find My app Simple one-tap setup instantly connects AirTag with your iPhone or iPad Play a sound on the built-in speaker to help find your things, or just ask Siri for help Precision Finding with Ultra-Wideband technology Find items further away with the help of hundreds of millions of Apple devices in the Find My network\" \/>\n\t\t<meta name=\"robots\" content=\"max-image-preview:large\" \/>\n\t\t<link rel=\"canonical\" href=\"https:\/\/www.rucashk.com\/es\/producto\/apple-airtag\/\" \/>\n\t\t<meta name=\"generator\" content=\"All in One SEO Pro (AIOSEO) 4.5.9.2\" \/>\n\t\t<meta property=\"og:locale\" content=\"es_ES\" \/>\n\t\t<meta property=\"og:site_name\" content=\"Rucas - One-stop AIoT Distribution Worldwide\" \/>\n\t\t<meta property=\"og:type\" content=\"article\" \/>\n\t\t<meta property=\"og:title\" content=\"Apple AirTag - Rucas - Wholesale and Distribution\" \/>\n\t\t<meta property=\"og:description\" content=\"Feature: Keep track of and find your items alongside friends and devices in the Find My app Simple one-tap setup instantly connects AirTag with your iPhone or iPad Play a sound on the built-in speaker to help find your things, or just ask Siri for help Precision Finding with Ultra-Wideband technology Find items further away with the help of hundreds of millions of Apple devices in the Find My network\" \/>\n\t\t<meta property=\"og:url\" content=\"https:\/\/www.rucashk.com\/es\/producto\/apple-airtag\/\" \/>\n\t\t<meta property=\"og:image\" content=\"https:\/\/www.rucashk.com\/wp-content\/uploads\/replace\/503b8e645f128a97ccde2b6290747646.jpeg\" \/>\n\t\t<meta property=\"og:image:secure_url\" content=\"https:\/\/www.rucashk.com\/wp-content\/uploads\/replace\/503b8e645f128a97ccde2b6290747646.jpeg\" \/>\n\t\t<meta property=\"og:image:width\" content=\"1456\" \/>\n\t\t<meta property=\"og:image:height\" content=\"816\" \/>\n\t\t<meta property=\"article:published_time\" content=\"2024-01-09T16:15:03+00:00\" \/>\n\t\t<meta property=\"article:modified_time\" content=\"2024-03-12T08:22:12+00:00\" \/>\n\t\t<meta name=\"twitter:card\" content=\"summary_large_image\" \/>\n\t\t<meta name=\"twitter:title\" content=\"Apple AirTag - Rucas - Wholesale and Distribution\" \/>\n\t\t<meta name=\"twitter:description\" content=\"Feature: Keep track of and find your items alongside friends and devices in the Find My app Simple one-tap setup instantly connects AirTag with your iPhone or iPad Play a sound on the built-in speaker to help find your things, or just ask Siri for help Precision Finding with Ultra-Wideband technology Find items further away with the help of hundreds of millions of Apple devices in the Find My network\" \/>\n\t\t<meta name=\"twitter:image\" content=\"https:\/\/www.rucashk.com\/wp-content\/uploads\/replace\/503b8e645f128a97ccde2b6290747646.jpeg\" \/>\n\t\t<script type=\"application\/ld+json\" class=\"aioseo-schema\">\n\t\t\t{\"@context\":\"https:\\\/\\\/schema.org\",\"@graph\":[{\"@type\":\"BreadcrumbList\",\"@id\":\"https:\\\/\\\/www.rucashk.com\\\/es\\\/producto\\\/apple-airtag\\\/#breadcrumblist\",\"itemListElement\":[{\"@type\":\"ListItem\",\"@id\":\"https:\\\/\\\/www.rucashk.com\\\/es\\\/#listItem\",\"position\":1,\"name\":\"Home\",\"item\":\"https:\\\/\\\/www.rucashk.com\\\/es\\\/\",\"nextItem\":\"https:\\\/\\\/www.rucashk.com\\\/es\\\/producto\\\/apple-airtag\\\/#listItem\"},{\"@type\":\"ListItem\",\"@id\":\"https:\\\/\\\/www.rucashk.com\\\/es\\\/producto\\\/apple-airtag\\\/#listItem\",\"position\":2,\"name\":\"Apple AirTag\",\"previousItem\":\"https:\\\/\\\/www.rucashk.com\\\/es\\\/#listItem\"}]},{\"@type\":\"Organization\",\"@id\":\"https:\\\/\\\/www.rucashk.com\\\/es\\\/#organization\",\"name\":\"Rucas\",\"url\":\"https:\\\/\\\/www.rucashk.com\\\/es\\\/\",\"logo\":{\"@type\":\"ImageObject\",\"url\":\"https:\\\/\\\/www.rucashk.com\\\/wp-content\\\/uploads\\\/2023\\\/12\\\/Rucas_campany_logo.png\",\"@id\":\"https:\\\/\\\/www.rucashk.com\\\/es\\\/producto\\\/apple-airtag\\\/#organizationLogo\",\"width\":221,\"height\":65},\"image\":{\"@id\":\"https:\\\/\\\/www.rucashk.com\\\/es\\\/#organizationLogo\"}},{\"@type\":\"Person\",\"@id\":\"https:\\\/\\\/www.rucashk.com\\\/es\\\/author\\\/admin\\\/#author\",\"url\":\"https:\\\/\\\/www.rucashk.com\\\/es\\\/author\\\/admin\\\/\",\"name\":\"admin\",\"image\":{\"@type\":\"ImageObject\",\"@id\":\"https:\\\/\\\/www.rucashk.com\\\/es\\\/producto\\\/apple-airtag\\\/#authorImage\",\"url\":\"https:\\\/\\\/secure.gravatar.com\\\/avatar\\\/b7c8925b09a27e72b30232f8ecaadbd5af0f70a38c78096863fe51b64f031c24?s=96&d=mm&r=g\",\"width\":96,\"height\":96,\"caption\":\"admin\"}},{\"@type\":\"WebPage\",\"@id\":\"https:\\\/\\\/www.rucashk.com\\\/es\\\/producto\\\/apple-airtag\\\/#webpage\",\"url\":\"https:\\\/\\\/www.rucashk.com\\\/es\\\/producto\\\/apple-airtag\\\/\",\"name\":\"Apple AirTag - Rucas - Wholesale and Distribution\",\"description\":\"Feature: Keep track of and find your items alongside friends and devices in the Find My app Simple one-tap setup instantly connects AirTag with your iPhone or iPad Play a sound on the built-in speaker to help find your things, or just ask Siri for help Precision Finding with Ultra-Wideband technology Find items further away with the help of hundreds of millions of Apple devices in the Find My network\",\"inLanguage\":\"es-ES\",\"isPartOf\":{\"@id\":\"https:\\\/\\\/www.rucashk.com\\\/es\\\/#website\"},\"breadcrumb\":{\"@id\":\"https:\\\/\\\/www.rucashk.com\\\/es\\\/producto\\\/apple-airtag\\\/#breadcrumblist\"},\"author\":{\"@id\":\"https:\\\/\\\/www.rucashk.com\\\/es\\\/author\\\/admin\\\/#author\"},\"creator\":{\"@id\":\"https:\\\/\\\/www.rucashk.com\\\/es\\\/author\\\/admin\\\/#author\"},\"image\":{\"@type\":\"ImageObject\",\"url\":\"https:\\\/\\\/www.rucashk.com\\\/wp-content\\\/uploads\\\/2024\\\/01\\\/2.Apple-AirTag-1.jpg\",\"@id\":\"https:\\\/\\\/www.rucashk.com\\\/es\\\/producto\\\/apple-airtag\\\/#mainImage\",\"width\":1236,\"height\":1236},\"primaryImageOfPage\":{\"@id\":\"https:\\\/\\\/www.rucashk.com\\\/es\\\/producto\\\/apple-airtag\\\/#mainImage\"},\"datePublished\":\"2024-01-09T16:15:03+00:00\",\"dateModified\":\"2024-03-12T08:22:12+00:00\"},{\"@type\":\"WebSite\",\"@id\":\"https:\\\/\\\/www.rucashk.com\\\/es\\\/#website\",\"url\":\"https:\\\/\\\/www.rucashk.com\\\/es\\\/\",\"name\":\"Rucas - Wholesale and distribution worldwide\",\"alternateName\":\"Rucas - One-stop AIoT Distribution Worldwide\",\"description\":\"One-stop AIoT Distribution Worldwide\",\"inLanguage\":\"es-ES\",\"publisher\":{\"@id\":\"https:\\\/\\\/www.rucashk.com\\\/es\\\/#organization\"}}]}\n\t\t<\/script>\n\t\t<!-- All in One SEO Pro -->\r\n\t\t<title>Apple AirTag - Rucas - Wholesale and Distribution<\/title>\n\n","aioseo_head_json":{"title":"Apple AirTag - Rucas - Wholesale and Distribution","description":"Feature: Keep track of and find your items alongside friends and devices in the Find My app Simple one-tap setup instantly connects AirTag with your iPhone or iPad Play a sound on the built-in speaker to help find your things, or just ask Siri for help Precision Finding with Ultra-Wideband technology Find items further away with the help of hundreds of millions of Apple devices in the Find My network","canonical_url":"https:\/\/www.rucashk.com\/es\/producto\/apple-airtag\/","robots":"max-image-preview:large","keywords":"","webmasterTools":{"miscellaneous":""},"og:locale":"es_ES","og:site_name":"Rucas - One-stop AIoT Distribution Worldwide","og:type":"article","og:title":"Apple AirTag - Rucas - Wholesale and Distribution","og:description":"Feature: Keep track of and find your items alongside friends and devices in the Find My app Simple one-tap setup instantly connects AirTag with your iPhone or iPad Play a sound on the built-in speaker to help find your things, or just ask Siri for help Precision Finding with Ultra-Wideband technology Find items further away with the help of hundreds of millions of Apple devices in the Find My network","og:url":"https:\/\/www.rucashk.com\/es\/producto\/apple-airtag\/","og:image":"https:\/\/www.rucashk.com\/wp-content\/uploads\/replace\/503b8e645f128a97ccde2b6290747646.jpeg","og:image:secure_url":"https:\/\/www.rucashk.com\/wp-content\/uploads\/replace\/503b8e645f128a97ccde2b6290747646.jpeg","og:image:width":1456,"og:image:height":816,"article:published_time":"2024-01-09T16:15:03+00:00","article:modified_time":"2024-03-12T08:22:12+00:00","twitter:card":"summary_large_image","twitter:title":"Apple AirTag - Rucas - Wholesale and Distribution","twitter:description":"Feature: Keep track of and find your items alongside friends and devices in the Find My app Simple one-tap setup instantly connects AirTag with your iPhone or iPad Play a sound on the built-in speaker to help find your things, or just ask Siri for help Precision Finding with Ultra-Wideband technology Find items further away with the help of hundreds of millions of Apple devices in the Find My network","twitter:image":"https:\/\/www.rucashk.com\/wp-content\/uploads\/replace\/503b8e645f128a97ccde2b6290747646.jpeg","schema":{"@context":"https:\/\/schema.org","@graph":[{"@type":"BreadcrumbList","@id":"https:\/\/www.rucashk.com\/es\/producto\/apple-airtag\/#breadcrumblist","itemListElement":[{"@type":"ListItem","@id":"https:\/\/www.rucashk.com\/es\/#listItem","position":1,"name":"Home","item":"https:\/\/www.rucashk.com\/es\/","nextItem":"https:\/\/www.rucashk.com\/es\/producto\/apple-airtag\/#listItem"},{"@type":"ListItem","@id":"https:\/\/www.rucashk.com\/es\/producto\/apple-airtag\/#listItem","position":2,"name":"Apple AirTag","previousItem":"https:\/\/www.rucashk.com\/es\/#listItem"}]},{"@type":"Organization","@id":"https:\/\/www.rucashk.com\/es\/#organization","name":"Rucas","url":"https:\/\/www.rucashk.com\/es\/","logo":{"@type":"ImageObject","url":"https:\/\/www.rucashk.com\/wp-content\/uploads\/2023\/12\/Rucas_campany_logo.png","@id":"https:\/\/www.rucashk.com\/es\/producto\/apple-airtag\/#organizationLogo","width":221,"height":65},"image":{"@id":"https:\/\/www.rucashk.com\/es\/#organizationLogo"}},{"@type":"Person","@id":"https:\/\/www.rucashk.com\/es\/author\/admin\/#author","url":"https:\/\/www.rucashk.com\/es\/author\/admin\/","name":"admin","image":{"@type":"ImageObject","@id":"https:\/\/www.rucashk.com\/es\/producto\/apple-airtag\/#authorImage","url":"https:\/\/secure.gravatar.com\/avatar\/b7c8925b09a27e72b30232f8ecaadbd5af0f70a38c78096863fe51b64f031c24?s=96&d=mm&r=g","width":96,"height":96,"caption":"admin"}},{"@type":"WebPage","@id":"https:\/\/www.rucashk.com\/es\/producto\/apple-airtag\/#webpage","url":"https:\/\/www.rucashk.com\/es\/producto\/apple-airtag\/","name":"Apple AirTag - Rucas - Wholesale and Distribution","description":"Feature: Keep track of and find your items alongside friends and devices in the Find My app Simple one-tap setup instantly connects AirTag with your iPhone or iPad Play a sound on the built-in speaker to help find your things, or just ask Siri for help Precision Finding with Ultra-Wideband technology Find items further away with the help of hundreds of millions of Apple devices in the Find My network","inLanguage":"es-ES","isPartOf":{"@id":"https:\/\/www.rucashk.com\/es\/#website"},"breadcrumb":{"@id":"https:\/\/www.rucashk.com\/es\/producto\/apple-airtag\/#breadcrumblist"},"author":{"@id":"https:\/\/www.rucashk.com\/es\/author\/admin\/#author"},"creator":{"@id":"https:\/\/www.rucashk.com\/es\/author\/admin\/#author"},"image":{"@type":"ImageObject","url":"https:\/\/www.rucashk.com\/wp-content\/uploads\/2024\/01\/2.Apple-AirTag-1.jpg","@id":"https:\/\/www.rucashk.com\/es\/producto\/apple-airtag\/#mainImage","width":1236,"height":1236},"primaryImageOfPage":{"@id":"https:\/\/www.rucashk.com\/es\/producto\/apple-airtag\/#mainImage"},"datePublished":"2024-01-09T16:15:03+00:00","dateModified":"2024-03-12T08:22:12+00:00"},{"@type":"WebSite","@id":"https:\/\/www.rucashk.com\/es\/#website","url":"https:\/\/www.rucashk.com\/es\/","name":"Rucas - Wholesale and distribution worldwide","alternateName":"Rucas - One-stop AIoT Distribution Worldwide","description":"One-stop AIoT Distribution Worldwide","inLanguage":"es-ES","publisher":{"@id":"https:\/\/www.rucashk.com\/es\/#organization"}}]}},"aioseo_meta_data":{"post_id":"25215","title":null,"description":null,"keywords":null,"keyphrases":null,"primary_term":null,"canonical_url":null,"og_title":null,"og_description":null,"og_object_type":"default","og_image_type":"default","og_image_url":null,"og_image_width":null,"og_image_height":null,"og_image_custom_url":null,"og_image_custom_fields":null,"og_video":null,"og_custom_url":null,"og_article_section":null,"og_article_tags":null,"twitter_use_og":false,"twitter_card":"default","twitter_image_type":"default","twitter_image_url":null,"twitter_image_custom_url":null,"twitter_image_custom_fields":null,"twitter_title":null,"twitter_description":null,"schema":{"blockGraphs":[],"customGraphs":[],"default":{"data":{"Article":[],"Course":[],"Dataset":[],"FAQPage":[],"Movie":[],"Person":[],"Product":[],"Recipe":[],"Service":[],"SoftwareApplication":[],"WebPage":[]},"graphName":"","isEnabled":true},"graphs":[]},"schema_type":"default","schema_type_options":null,"pillar_content":false,"robots_default":true,"robots_noindex":false,"robots_noarchive":false,"robots_nosnippet":false,"robots_nofollow":false,"robots_noimageindex":false,"robots_noodp":false,"robots_notranslate":false,"robots_max_snippet":null,"robots_max_videopreview":null,"robots_max_imagepreview":"large","priority":null,"frequency":null,"local_seo":null,"breadcrumb_settings":null,"limit_modified_date":false,"created":"2024-04-11 01:57:18","updated":"2025-06-22 17:50:05"},"aioseo_breadcrumb":"<div class=\"aioseo-breadcrumbs\"><span class=\"aioseo-breadcrumb\">\n\t<a href=\"https:\/\/www.rucashk.com\/es\" title=\"Home\">Home<\/a>\n<\/span><span class=\"aioseo-breadcrumb-separator\">&raquo;<\/span><span class=\"aioseo-breadcrumb\">\n\t<a href=\"https:\/\/www.rucashk.com\/es\/products\/\" title=\"Productos\">Productos<\/a>\n<\/span><span class=\"aioseo-breadcrumb-separator\">&raquo;<\/span><span class=\"aioseo-breadcrumb\">\n\t<a href=\"https:\/\/www.rucashk.com\/es\/categoria-producto\/other-a-brands\/\" title=\"Other A-Brands\">Other A-Brands<\/a>\n<\/span><span class=\"aioseo-breadcrumb-separator\">&raquo;<\/span><span class=\"aioseo-breadcrumb\">\n\tApple AirTag\n<\/span><\/div>","aioseo_breadcrumb_json":[{"label":"Home","link":"https:\/\/www.rucashk.com\/es"},{"label":"Productos","link":"https:\/\/www.rucashk.com\/es\/products\/"},{"label":"Other A-Brands","link":"https:\/\/www.rucashk.com\/es\/categoria-producto\/other-a-brands\/"},{"label":"Apple AirTag","link":"https:\/\/www.rucashk.com\/es\/producto\/apple-airtag\/"}],"_links":{"self":[{"href":"https:\/\/www.rucashk.com\/es\/wp-json\/wp\/v2\/product\/25215","targetHints":{"allow":["GET"]}}],"collection":[{"href":"https:\/\/www.rucashk.com\/es\/wp-json\/wp\/v2\/product"}],"about":[{"href":"https:\/\/www.rucashk.com\/es\/wp-json\/wp\/v2\/types\/product"}],"wp:featuredmedia":[{"embeddable":true,"href":"https:\/\/www.rucashk.com\/es\/wp-json\/wp\/v2\/media\/25309"}],"wp:attachment":[{"href":"https:\/\/www.rucashk.com\/es\/wp-json\/wp\/v2\/media?parent=25215"}],"wp:term":[{"taxonomy":"product_brand","embeddable":true,"href":"https:\/\/www.rucashk.com\/es\/wp-json\/wp\/v2\/product_brand?post=25215"},{"taxonomy":"product_cat","embeddable":true,"href":"https:\/\/www.rucashk.com\/es\/wp-json\/wp\/v2\/product_cat?post=25215"},{"taxonomy":"product_tag","embeddable":true,"href":"https:\/\/www.rucashk.com\/es\/wp-json\/wp\/v2\/product_tag?post=25215"}],"curies":[{"name":"wp","href":"https:\/\/api.w.org\/{rel}","templated":true}]}}