{"id":25214,"date":"2024-01-09T16:15:03","date_gmt":"2024-01-09T16:15:03","guid":{"rendered":"http:\/\/rucashk.com\/?post_type=product&#038;p=25214"},"modified":"2024-03-12T08:21:50","modified_gmt":"2024-03-12T08:21:50","slug":"huawei-vr-glass","status":"publish","type":"product","link":"https:\/\/www.rucashk.com\/es\/producto\/huawei-vr-glass\/","title":{"rendered":"Vidrio VR de Huawei"},"content":{"rendered":"<p><img decoding=\"async\" alt=\"Huawei VR Glass\" class=\"aligncenter\" src=\"\/wp-content\/uploads\/replace\/2b3747151227e04a5d839c38bf80da55.jpeg\" width=\"100%\" data-pagespeed-url-hash=\"1735326308\" \/><\/p>\n<p>Las Huawei VR Glass son elegantes gafas de realidad virtual que puedes conectar a tu tel\u00e9fono inteligente. Con una resoluci\u00f3n de 3200\u00d71600, el Huawei VR Glass CV10 tiene una resoluci\u00f3n mayor que sus competidores Index, Quest o Focus Plus. El visor VR IMAX es plegable y viene con una bolsa de viaje exclusiva.<\/p>\n<p><img decoding=\"async\" alt=\"Huawei VR Glass\" class=\"aligncenter\" src=\"\/wp-content\/uploads\/replace\/edb25607a91b42065a8eaec9aa09e94d.jpeg\" width=\"100%\" data-pagespeed-url-hash=\"2029826229\" \/><\/p>\n<p>Con su revestimiento de nanotextura de alta gama, los Huawei VR Glass se parecen m\u00e1s a unas gafas cyberpunk que a unas gafas de realidad virtual normales. Su dise\u00f1o con estructura de soporte el\u00e1stica lo hace adecuado para la mayor\u00eda de tipos de rostro. La mascarilla interior se puede quitar y limpiar f\u00e1cilmente.<\/p>\n<p><img decoding=\"async\" alt=\"Huawei VR Glass\" class=\"aligncenter\" src=\"\/wp-content\/uploads\/replace\/da13442888f3df0939c220b3ab821b39.jpeg\" width=\"100%\" data-pagespeed-url-hash=\"2324326150\" \/><\/p>\n<p>Los auriculares VR de Huawei se convierten en la tercera pantalla, junto con su tel\u00e9fono inteligente y su televisor. La realidad virtual (VR) es la mejor manera de explorar el mundo sin limitaciones. Sum\u00e9rgete en un universo alternativo, panor\u00e1mico o 3D que cobra vida con los auriculares Huawei VR Glasses CV10. El VR Glass debe conectarse a un tel\u00e9fono o computadora para recibir alimentaci\u00f3n a trav\u00e9s de su puerto USB-C. Gracias a un grosor de s\u00f3lo 26,6 mm y un peso de s\u00f3lo 166 gramos, el Huawei VR Glass es c\u00f3modo de llevar incluso durante m\u00e1s tiempo.<\/p>\n<p><img decoding=\"async\" alt=\"Huawei VR Glass\" class=\"aligncenter\" src=\"\/wp-content\/uploads\/replace\/df053900e5f21e898a166196f53c044f.jpeg\" width=\"100%\" data-pagespeed-url-hash=\"2618826071\" \/><\/p>\n<p>El VR Glass viene con dos pantallas LCD r\u00e1pidas independientes de 2,1 pulgadas con baja latencia. El casco presenta una resoluci\u00f3n de 3K con im\u00e1genes inmersivas y un campo de visi\u00f3n (FOV) de 90\u00b0. Para el audio, el Huawei VR Glass tiene parlantes integrados y un conector para auriculares de 3,5 mm para auriculares externos.<\/p>\n<p><img decoding=\"async\" alt=\"Huawei VR Glass\" class=\"alignnone\" src=\"\/wp-content\/uploads\/replace\/b1a559a98e9c057cd90a02757d94a2e0.jpeg\" width=\"100%\" data-pagespeed-url-hash=\"2913325992\" \/>\u00a0<img decoding=\"async\" alt=\"Huawei VR Glass\" class=\"aligncenter\" src=\"\/wp-content\/uploads\/replace\/0bdd95704d7e36b26191431461a85389.jpeg\" width=\"100%\" data-pagespeed-url-hash=\"3207825913\" \/>\u00a0<img decoding=\"async\" alt=\"Huawei VR Glass\" class=\"aligncenter\" src=\"\/wp-content\/uploads\/replace\/945a877ba532c8ae90ea01d5706aa962.jpeg\" width=\"100%\" data-pagespeed-url-hash=\"3502325834\" \/>\u00a0<img decoding=\"async\" alt=\"Huawei VR Glass\" class=\"aligncenter\" src=\"\/wp-content\/uploads\/replace\/d32c0daf78c4c92de8efb63ebe77b2dc.jpeg\" width=\"100%\" data-pagespeed-url-hash=\"3796825755\" \/>\u00a0<img decoding=\"async\" alt=\"Huawei VR Glass\" class=\"aligncenter\" src=\"\/wp-content\/uploads\/replace\/ccfa6131045cb3a3238e91fd9bd66f55.jpeg\" width=\"100%\" data-pagespeed-url-hash=\"4091325676\" \/>\u00a0<img decoding=\"async\" alt=\"Huawei VR Glass\" class=\"aligncenter\" src=\"\/wp-content\/uploads\/replace\/c3a60a0176568b1b64d2c81587e224fe.jpeg\" width=\"100%\" data-pagespeed-url-hash=\"1365610374\" \/>\u00a0<img decoding=\"async\" alt=\"Huawei VR Glass\" class=\"aligncenter\" src=\"\/wp-content\/uploads\/replace\/30e2524d097a0c655e6a34d725d0b8f3.jpeg\" width=\"100%\" data-pagespeed-url-hash=\"1660110295\" \/>\u00a0<img decoding=\"async\" alt=\"Huawei VR Glass\" class=\"aligncenter\" src=\"\/wp-content\/uploads\/replace\/e22abbc7c37e69eda469618a53bc76ae.jpeg\" width=\"100%\" data-pagespeed-url-hash=\"1954610216\" \/><\/p>\n<h3><strong>Caracter\u00edstica:<\/strong><\/h3>\n<p>\u2013 Pantalla LCD r\u00e1pida de 2,1 pulgadas (90 Hz)<br \/>\n\u2013 Resoluci\u00f3n 3K<br \/>\n\u2013 Soporta 3DoF y 6DoF (grados de libertad)<br \/>\n\u2013 Proyecci\u00f3n de pantalla m\u00f3vil VR<br \/>\n\u2013 Gafas de realidad virtual (VR) para 3D<br \/>\n\u2013 Efectos de sonido VR: posicionamiento espacial, modelado ambiental, sonido multicanal<br \/>\n- Micr\u00f3fono incorporado<br \/>\n\u2013 Incluye controlador de 3 DOF<br \/>\n\u2013 Admite ajuste de dioptr\u00edas de 0 a 700 grados<\/p>\n<table class=\"data-table\" border=\"1\" cellspacing=\"1\" cellpadding=\"1\">\n<tbody>\n<tr>\n<td data-spm-anchor-id=\"a2g0o.detail.1000023.i2.26b324a5WHPuil\">&nbsp;<\/p>\n<p><strong><span data-spm-anchor-id=\"a2g0o.detail.1000023.i6.26b324a5WHPuil\">Material<\/span><\/strong><\/td>\n<td>&nbsp;<\/p>\n<p>El plastico<\/td>\n<\/tr>\n<tr>\n<td><strong>Color<\/strong><\/td>\n<td>Negro<\/td>\n<\/tr>\n<tr>\n<td><strong>Informaci\u00f3n adicional<\/strong><\/td>\n<td>Modelo: CV10<br \/>\nPantalla LCD doble FAST;<br \/>\nColor de pantalla: 16,7 millones de colores;<br \/>\nResoluci\u00f3n: Resoluci\u00f3n monocular 1600 x 1600 p\u00edxeles, resoluci\u00f3n binocular 3K (3200 x 1600 p\u00edxeles);<br \/>\nDensidad de p\u00edxeles de la pantalla PPI: 1058;<br \/>\nFrecuencia de actualizaci\u00f3n: 70 Hz (modo m\u00f3vil), 90 Hz (modo computadora);<br \/>\nmango 3DOF con pilas 2AA (no incluidas);<br \/>\nCompatible con la serie Huawei Mate 30 (TAS-AL00, TAS-TL00, TAS-AN00, TAS-TN00, LIO-AL00, LIO-TL00, LIO-AN00, LIO-TN00, LIO-AN00P), serie Huawei P30 (ELE- AL00, ELE-TL00, VOG-AL00, VOG-AL10, VOG-TL00), Huawei Mate 20 X 5G (EVR-AN00), serie Huawei Mate 20 (EVR-AL00, EVR-TL00, HMA-AL00, HMA-TL00 , LYA -AL00, LYA-AL10, LYA-TL00, LYA-AL00P), serie Huawei Honor V20 (PCT-AL10, PCT-TL10).<\/td>\n<\/tr>\n<tr>\n<td><strong>Tama\u00f1o<\/strong><\/td>\n<td data-spm-anchor-id=\"a2g0o.detail.1000023.i5.26b324a5WHPuil\">51,5 x 26,6 mm<\/td>\n<\/tr>\n<tr>\n<td><strong>tama\u00f1o de la pantalla<br \/>\n<\/strong><\/td>\n<td data-spm-anchor-id=\"a2g0o.detail.1000023.i5.26b324a5WHPuil\">2,1 pulgadas<\/td>\n<\/tr>\n<tr>\n<td><strong>Peso<\/strong><\/td>\n<td data-spm-anchor-id=\"a2g0o.detail.1000023.i5.26b324a5WHPuil\">166 gramos<\/td>\n<\/tr>\n<tr>\n<td data-spm-anchor-id=\"a2g0o.detail.1000023.i9.26b324a5WHPuil\"><strong>En el cuadro<\/strong><\/td>\n<td data-spm-anchor-id=\"a2g0o.detail.1000023.i2.2afc29f10EECfj\">1 cable de datos.<br \/>\n1 mando a distancia,<br \/>\n1x bolsa de viaje,<br \/>\n1x auriculares de realidad virtual,<br \/>\n1x Gu\u00eda de inicio r\u00e1pido (chino),<br \/>\n1x tarjeta de garant\u00eda (china)<\/td>\n<\/tr>\n<\/tbody>\n<\/table>\n<div class=\"detailmodule_text\">\n<p class=\"detail-desc-decorate-title\" data-spm-anchor-id=\"a2g0o.detail.1000023.i1.3ed4c468kUi8dv\"><strong>Aviso:<\/strong><\/p>\n<p class=\"detail-desc-decorate-title\" data-spm-anchor-id=\"a2g0o.detail.1000023.i1.3ed4c468kUi8dv\">Las gafas VR deben usarse con tel\u00e9fonos m\u00f3viles o computadoras.<\/p>\n<p class=\"detail-desc-decorate-content\">1. Los modelos de tel\u00e9fono solo son compatibles con las series Mate 30, P30, Mate20 (incluye Mate 20 X 5G) y Honor V20. La versi\u00f3n china de los modelos anteriores se ha adaptado; consulte la p\u00e1gina de detalles del producto para conocer los modelos compatibles espec\u00edficos.<\/p>\n<p>2.La versi\u00f3n del tel\u00e9fono debe actualizarse a emui 10.0 o magic UI 3.0.0 o posterior<\/p>\n<p>3. Conecte las gafas VR al tel\u00e9fono usando el cable de datos original del tel\u00e9fono VR (negro), no admita cables de datos de generaciones anteriores ni otros cables de terceros.<\/p>\n<p>4. La interfaz de instalaci\u00f3n de la aplicaci\u00f3n no aparece cuando el tel\u00e9fono m\u00f3vil se conecta a la aplicaci\u00f3n VR. Desinstale y vuelva a instalar el &quot;Servicio Huawei VR&quot;.<\/p>\n<p>5.Requisitos de configuraci\u00f3n del ordenador 6.El cable VR de Belkin se debe comprar por separado para que el ordenador conecte las gafas VR<\/p>\n<p>&nbsp;<\/p>\n<\/div>\n<div class=\"detailmodule_text\">\n<p class=\"detail-desc-decorate-title\"><strong>Modelo de tel\u00e9fono compatible:<\/strong><\/p>\n<h6 class=\"detail-desc-decorate-content\"><strong>Serie HUAWEI Mate 30 (TAS-AL00, TAS-TL00, TAS-AN00, TAS-TN00, LIO-AL00, LIO-TL00, LIO-AN00, LIO-TN00, LIO-AN00P)<\/strong><br \/>\n<strong>Serie HUAWEI P30 (ELE-AL00, ELE-TL00, VOG-AL00, VOG-AL10, VOG-TL00) HUAWEI Mate 20 X 5G (EVR-AN00)<\/strong><br \/>\n<strong>Serie HUAWEI Mate 20 (EVR-AL00, EVR-TL00, HMA-AL00, HMA-TL00, LYA-AL00, LYA-AL10, LYA-TL00, LYA-AL00P)<\/strong><\/h6>\n<\/div>\n<div class=\"detailmodule_text\">\n<p class=\"detail-desc-decorate-title\"><strong>Configuraci\u00f3n de soporte inform\u00e1tico:<\/strong><\/p>\n<p class=\"detail-desc-decorate-content\" data-spm-anchor-id=\"a2g0o.detail.1000023.i0.3ed4c468kUi8dv\">CPU: Inter Core\u2122 i5-4590 equivalente o superior<br \/>\nGPU:NVIDIA GeForce GTX 1060 equivalente o superior<br \/>\nRAM: 8 GB de RAM o superior<br \/>\nSalida de v\u00eddeo: un DisplayPort1.2 o superior<br \/>\nPuerto USB: dos USB-A3.0 o superior<br \/>\nSistema:Windows 10<\/p>\n<\/div>","protected":false},"excerpt":{"rendered":"<h3><strong>Caracter\u00edstica:<\/strong><\/h3>\n<p>\u2013 Pantalla LCD r\u00e1pida de 2,1 pulgadas (90 Hz)<br \/>\n\u2013 Resoluci\u00f3n 3K<br \/>\n\u2013 Soporta 3DoF y 6DoF (grados de libertad)<br \/>\n\u2013 Proyecci\u00f3n de pantalla m\u00f3vil VR<br \/>\n\u2013 Gafas de realidad virtual (VR) para 3D<br \/>\n\u2013 Efectos de sonido VR: posicionamiento espacial, modelado ambiental, sonido multicanal<br \/>\n- Micr\u00f3fono incorporado<br \/>\n\u2013 Incluye controlador de 3 DOF<br \/>\n\u2013 Admite ajuste de dioptr\u00edas de 0 a 700 grados<\/p>","protected":false},"featured_media":25306,"template":"","meta":[],"product_brand":[],"product_cat":[1345,1322],"product_tag":[],"class_list":{"0":"post-25214","1":"product","2":"type-product","3":"status-publish","4":"has-post-thumbnail","6":"product_cat-huawei-other-a-brands","7":"product_cat-other-a-brands","9":"first","10":"instock","11":"shipping-taxable","12":"product-type-simple"},"aioseo_notices":[],"aioseo_head":"\n\t\t<!-- All in One SEO Pro 4.5.9.2 - aioseo.com -->\n\t\t<meta name=\"description\" content=\"Feature: - 2.1-inch Fast LCD display (90Hz) - 3K resolution - Support 3DoF and 6DoF (degrees of freedom) - VR mobile screen projection - Virtual reality (VR) glasses for 3D - VR sound effects: spatial positioning, environment modeling, multi-channel sound - Built-in microphone - Including 3 DOF controller - Supports 0-700 degrees diopter adjustment\" \/>\n\t\t<meta name=\"robots\" content=\"max-image-preview:large\" \/>\n\t\t<link rel=\"canonical\" href=\"https:\/\/www.rucashk.com\/es\/producto\/huawei-vr-glass\/\" \/>\n\t\t<meta name=\"generator\" content=\"All in One SEO Pro (AIOSEO) 4.5.9.2\" \/>\n\t\t<meta property=\"og:locale\" content=\"es_ES\" \/>\n\t\t<meta property=\"og:site_name\" content=\"Rucas - One-stop AIoT Distribution Worldwide\" \/>\n\t\t<meta property=\"og:type\" content=\"article\" \/>\n\t\t<meta property=\"og:title\" content=\"Huawei VR Glass - Rucas - Wholesale and Distribution\" \/>\n\t\t<meta property=\"og:description\" content=\"Feature: - 2.1-inch Fast LCD display (90Hz) - 3K resolution - Support 3DoF and 6DoF (degrees of freedom) - VR mobile screen projection - Virtual reality (VR) glasses for 3D - VR sound effects: spatial positioning, environment modeling, multi-channel sound - Built-in microphone - Including 3 DOF controller - Supports 0-700 degrees diopter adjustment\" \/>\n\t\t<meta property=\"og:url\" content=\"https:\/\/www.rucashk.com\/es\/producto\/huawei-vr-glass\/\" \/>\n\t\t<meta property=\"og:image\" content=\"https:\/\/www.rucashk.com\/wp-content\/uploads\/replace\/503b8e645f128a97ccde2b6290747646.jpeg\" \/>\n\t\t<meta property=\"og:image:secure_url\" content=\"https:\/\/www.rucashk.com\/wp-content\/uploads\/replace\/503b8e645f128a97ccde2b6290747646.jpeg\" \/>\n\t\t<meta property=\"og:image:width\" content=\"1456\" \/>\n\t\t<meta property=\"og:image:height\" content=\"816\" \/>\n\t\t<meta property=\"article:published_time\" content=\"2024-01-09T16:15:03+00:00\" \/>\n\t\t<meta property=\"article:modified_time\" content=\"2024-03-12T08:21:50+00:00\" \/>\n\t\t<meta name=\"twitter:card\" content=\"summary_large_image\" \/>\n\t\t<meta name=\"twitter:title\" content=\"Huawei VR Glass - Rucas - Wholesale and Distribution\" \/>\n\t\t<meta name=\"twitter:description\" content=\"Feature: - 2.1-inch Fast LCD display (90Hz) - 3K resolution - Support 3DoF and 6DoF (degrees of freedom) - VR mobile screen projection - Virtual reality (VR) glasses for 3D - VR sound effects: spatial positioning, environment modeling, multi-channel sound - Built-in microphone - Including 3 DOF controller - Supports 0-700 degrees diopter adjustment\" \/>\n\t\t<meta name=\"twitter:image\" content=\"https:\/\/www.rucashk.com\/wp-content\/uploads\/replace\/503b8e645f128a97ccde2b6290747646.jpeg\" \/>\n\t\t<script type=\"application\/ld+json\" class=\"aioseo-schema\">\n\t\t\t{\"@context\":\"https:\\\/\\\/schema.org\",\"@graph\":[{\"@type\":\"BreadcrumbList\",\"@id\":\"https:\\\/\\\/www.rucashk.com\\\/es\\\/producto\\\/huawei-vr-glass\\\/#breadcrumblist\",\"itemListElement\":[{\"@type\":\"ListItem\",\"@id\":\"https:\\\/\\\/www.rucashk.com\\\/es\\\/#listItem\",\"position\":1,\"name\":\"Home\",\"item\":\"https:\\\/\\\/www.rucashk.com\\\/es\\\/\",\"nextItem\":\"https:\\\/\\\/www.rucashk.com\\\/es\\\/producto\\\/huawei-vr-glass\\\/#listItem\"},{\"@type\":\"ListItem\",\"@id\":\"https:\\\/\\\/www.rucashk.com\\\/es\\\/producto\\\/huawei-vr-glass\\\/#listItem\",\"position\":2,\"name\":\"Huawei VR Glass\",\"previousItem\":\"https:\\\/\\\/www.rucashk.com\\\/es\\\/#listItem\"}]},{\"@type\":\"Organization\",\"@id\":\"https:\\\/\\\/www.rucashk.com\\\/es\\\/#organization\",\"name\":\"Rucas\",\"url\":\"https:\\\/\\\/www.rucashk.com\\\/es\\\/\",\"logo\":{\"@type\":\"ImageObject\",\"url\":\"https:\\\/\\\/www.rucashk.com\\\/wp-content\\\/uploads\\\/2023\\\/12\\\/Rucas_campany_logo.png\",\"@id\":\"https:\\\/\\\/www.rucashk.com\\\/es\\\/producto\\\/huawei-vr-glass\\\/#organizationLogo\",\"width\":221,\"height\":65},\"image\":{\"@id\":\"https:\\\/\\\/www.rucashk.com\\\/es\\\/#organizationLogo\"}},{\"@type\":\"Person\",\"@id\":\"https:\\\/\\\/www.rucashk.com\\\/es\\\/author\\\/admin\\\/#author\",\"url\":\"https:\\\/\\\/www.rucashk.com\\\/es\\\/author\\\/admin\\\/\",\"name\":\"admin\",\"image\":{\"@type\":\"ImageObject\",\"@id\":\"https:\\\/\\\/www.rucashk.com\\\/es\\\/producto\\\/huawei-vr-glass\\\/#authorImage\",\"url\":\"https:\\\/\\\/secure.gravatar.com\\\/avatar\\\/b7c8925b09a27e72b30232f8ecaadbd5af0f70a38c78096863fe51b64f031c24?s=96&d=mm&r=g\",\"width\":96,\"height\":96,\"caption\":\"admin\"}},{\"@type\":\"WebPage\",\"@id\":\"https:\\\/\\\/www.rucashk.com\\\/es\\\/producto\\\/huawei-vr-glass\\\/#webpage\",\"url\":\"https:\\\/\\\/www.rucashk.com\\\/es\\\/producto\\\/huawei-vr-glass\\\/\",\"name\":\"Huawei VR Glass - Rucas - Wholesale and Distribution\",\"description\":\"Feature: - 2.1-inch Fast LCD display (90Hz) - 3K resolution - Support 3DoF and 6DoF (degrees of freedom) - VR mobile screen projection - Virtual reality (VR) glasses for 3D - VR sound effects: spatial positioning, environment modeling, multi-channel sound - Built-in microphone - Including 3 DOF controller - Supports 0-700 degrees diopter adjustment\",\"inLanguage\":\"es-ES\",\"isPartOf\":{\"@id\":\"https:\\\/\\\/www.rucashk.com\\\/es\\\/#website\"},\"breadcrumb\":{\"@id\":\"https:\\\/\\\/www.rucashk.com\\\/es\\\/producto\\\/huawei-vr-glass\\\/#breadcrumblist\"},\"author\":{\"@id\":\"https:\\\/\\\/www.rucashk.com\\\/es\\\/author\\\/admin\\\/#author\"},\"creator\":{\"@id\":\"https:\\\/\\\/www.rucashk.com\\\/es\\\/author\\\/admin\\\/#author\"},\"image\":{\"@type\":\"ImageObject\",\"url\":\"https:\\\/\\\/www.rucashk.com\\\/wp-content\\\/uploads\\\/2024\\\/01\\\/1.huawei_vr_glass-2.jpg\",\"@id\":\"https:\\\/\\\/www.rucashk.com\\\/es\\\/producto\\\/huawei-vr-glass\\\/#mainImage\",\"width\":800,\"height\":800},\"primaryImageOfPage\":{\"@id\":\"https:\\\/\\\/www.rucashk.com\\\/es\\\/producto\\\/huawei-vr-glass\\\/#mainImage\"},\"datePublished\":\"2024-01-09T16:15:03+00:00\",\"dateModified\":\"2024-03-12T08:21:50+00:00\"},{\"@type\":\"WebSite\",\"@id\":\"https:\\\/\\\/www.rucashk.com\\\/es\\\/#website\",\"url\":\"https:\\\/\\\/www.rucashk.com\\\/es\\\/\",\"name\":\"Rucas - Wholesale and distribution worldwide\",\"alternateName\":\"Rucas - One-stop AIoT Distribution Worldwide\",\"description\":\"One-stop AIoT Distribution Worldwide\",\"inLanguage\":\"es-ES\",\"publisher\":{\"@id\":\"https:\\\/\\\/www.rucashk.com\\\/es\\\/#organization\"}}]}\n\t\t<\/script>\n\t\t<!-- All in One SEO Pro -->\r\n\t\t<title>Huawei VR Glass - Rucas - Wholesale and Distribution<\/title>\n\n","aioseo_head_json":{"title":"Huawei VR Glass - Rucas - Wholesale and Distribution","description":"Feature: - 2.1-inch Fast LCD display (90Hz) - 3K resolution - Support 3DoF and 6DoF (degrees of freedom) - VR mobile screen projection - Virtual reality (VR) glasses for 3D - VR sound effects: spatial positioning, environment modeling, multi-channel sound - Built-in microphone - Including 3 DOF controller - Supports 0-700 degrees diopter adjustment","canonical_url":"https:\/\/www.rucashk.com\/es\/producto\/huawei-vr-glass\/","robots":"max-image-preview:large","keywords":"","webmasterTools":{"miscellaneous":""},"og:locale":"es_ES","og:site_name":"Rucas - One-stop AIoT Distribution Worldwide","og:type":"article","og:title":"Huawei VR Glass - Rucas - Wholesale and Distribution","og:description":"Feature: - 2.1-inch Fast LCD display (90Hz) - 3K resolution - Support 3DoF and 6DoF (degrees of freedom) - VR mobile screen projection - Virtual reality (VR) glasses for 3D - VR sound effects: spatial positioning, environment modeling, multi-channel sound - Built-in microphone - Including 3 DOF controller - Supports 0-700 degrees diopter adjustment","og:url":"https:\/\/www.rucashk.com\/es\/producto\/huawei-vr-glass\/","og:image":"https:\/\/www.rucashk.com\/wp-content\/uploads\/replace\/503b8e645f128a97ccde2b6290747646.jpeg","og:image:secure_url":"https:\/\/www.rucashk.com\/wp-content\/uploads\/replace\/503b8e645f128a97ccde2b6290747646.jpeg","og:image:width":1456,"og:image:height":816,"article:published_time":"2024-01-09T16:15:03+00:00","article:modified_time":"2024-03-12T08:21:50+00:00","twitter:card":"summary_large_image","twitter:title":"Huawei VR Glass - Rucas - Wholesale and Distribution","twitter:description":"Feature: - 2.1-inch Fast LCD display (90Hz) - 3K resolution - Support 3DoF and 6DoF (degrees of freedom) - VR mobile screen projection - Virtual reality (VR) glasses for 3D - VR sound effects: spatial positioning, environment modeling, multi-channel sound - Built-in microphone - Including 3 DOF controller - Supports 0-700 degrees diopter adjustment","twitter:image":"https:\/\/www.rucashk.com\/wp-content\/uploads\/replace\/503b8e645f128a97ccde2b6290747646.jpeg","schema":{"@context":"https:\/\/schema.org","@graph":[{"@type":"BreadcrumbList","@id":"https:\/\/www.rucashk.com\/es\/producto\/huawei-vr-glass\/#breadcrumblist","itemListElement":[{"@type":"ListItem","@id":"https:\/\/www.rucashk.com\/es\/#listItem","position":1,"name":"Home","item":"https:\/\/www.rucashk.com\/es\/","nextItem":"https:\/\/www.rucashk.com\/es\/producto\/huawei-vr-glass\/#listItem"},{"@type":"ListItem","@id":"https:\/\/www.rucashk.com\/es\/producto\/huawei-vr-glass\/#listItem","position":2,"name":"Huawei VR Glass","previousItem":"https:\/\/www.rucashk.com\/es\/#listItem"}]},{"@type":"Organization","@id":"https:\/\/www.rucashk.com\/es\/#organization","name":"Rucas","url":"https:\/\/www.rucashk.com\/es\/","logo":{"@type":"ImageObject","url":"https:\/\/www.rucashk.com\/wp-content\/uploads\/2023\/12\/Rucas_campany_logo.png","@id":"https:\/\/www.rucashk.com\/es\/producto\/huawei-vr-glass\/#organizationLogo","width":221,"height":65},"image":{"@id":"https:\/\/www.rucashk.com\/es\/#organizationLogo"}},{"@type":"Person","@id":"https:\/\/www.rucashk.com\/es\/author\/admin\/#author","url":"https:\/\/www.rucashk.com\/es\/author\/admin\/","name":"admin","image":{"@type":"ImageObject","@id":"https:\/\/www.rucashk.com\/es\/producto\/huawei-vr-glass\/#authorImage","url":"https:\/\/secure.gravatar.com\/avatar\/b7c8925b09a27e72b30232f8ecaadbd5af0f70a38c78096863fe51b64f031c24?s=96&d=mm&r=g","width":96,"height":96,"caption":"admin"}},{"@type":"WebPage","@id":"https:\/\/www.rucashk.com\/es\/producto\/huawei-vr-glass\/#webpage","url":"https:\/\/www.rucashk.com\/es\/producto\/huawei-vr-glass\/","name":"Huawei VR Glass - Rucas - Wholesale and Distribution","description":"Feature: - 2.1-inch Fast LCD display (90Hz) - 3K resolution - Support 3DoF and 6DoF (degrees of freedom) - VR mobile screen projection - Virtual reality (VR) glasses for 3D - VR sound effects: spatial positioning, environment modeling, multi-channel sound - Built-in microphone - Including 3 DOF controller - Supports 0-700 degrees diopter adjustment","inLanguage":"es-ES","isPartOf":{"@id":"https:\/\/www.rucashk.com\/es\/#website"},"breadcrumb":{"@id":"https:\/\/www.rucashk.com\/es\/producto\/huawei-vr-glass\/#breadcrumblist"},"author":{"@id":"https:\/\/www.rucashk.com\/es\/author\/admin\/#author"},"creator":{"@id":"https:\/\/www.rucashk.com\/es\/author\/admin\/#author"},"image":{"@type":"ImageObject","url":"https:\/\/www.rucashk.com\/wp-content\/uploads\/2024\/01\/1.huawei_vr_glass-2.jpg","@id":"https:\/\/www.rucashk.com\/es\/producto\/huawei-vr-glass\/#mainImage","width":800,"height":800},"primaryImageOfPage":{"@id":"https:\/\/www.rucashk.com\/es\/producto\/huawei-vr-glass\/#mainImage"},"datePublished":"2024-01-09T16:15:03+00:00","dateModified":"2024-03-12T08:21:50+00:00"},{"@type":"WebSite","@id":"https:\/\/www.rucashk.com\/es\/#website","url":"https:\/\/www.rucashk.com\/es\/","name":"Rucas - Wholesale and distribution worldwide","alternateName":"Rucas - One-stop AIoT Distribution Worldwide","description":"One-stop AIoT Distribution Worldwide","inLanguage":"es-ES","publisher":{"@id":"https:\/\/www.rucashk.com\/es\/#organization"}}]}},"aioseo_meta_data":{"post_id":"25214","title":null,"description":null,"keywords":null,"keyphrases":null,"primary_term":null,"canonical_url":null,"og_title":null,"og_description":null,"og_object_type":"default","og_image_type":"default","og_image_url":null,"og_image_width":null,"og_image_height":null,"og_image_custom_url":null,"og_image_custom_fields":null,"og_video":null,"og_custom_url":null,"og_article_section":null,"og_article_tags":null,"twitter_use_og":false,"twitter_card":"default","twitter_image_type":"default","twitter_image_url":null,"twitter_image_custom_url":null,"twitter_image_custom_fields":null,"twitter_title":null,"twitter_description":null,"schema":{"blockGraphs":[],"customGraphs":[],"default":{"data":{"Article":[],"Course":[],"Dataset":[],"FAQPage":[],"Movie":[],"Person":[],"Product":[],"Recipe":[],"Service":[],"SoftwareApplication":[],"WebPage":[]},"graphName":"","isEnabled":true},"graphs":[]},"schema_type":"default","schema_type_options":null,"pillar_content":false,"robots_default":true,"robots_noindex":false,"robots_noarchive":false,"robots_nosnippet":false,"robots_nofollow":false,"robots_noimageindex":false,"robots_noodp":false,"robots_notranslate":false,"robots_max_snippet":null,"robots_max_videopreview":null,"robots_max_imagepreview":"large","priority":null,"frequency":null,"local_seo":null,"breadcrumb_settings":null,"limit_modified_date":false,"created":"2024-04-11 01:57:18","updated":"2025-06-22 17:50:05"},"aioseo_breadcrumb":"<div class=\"aioseo-breadcrumbs\"><span class=\"aioseo-breadcrumb\">\n\t<a href=\"https:\/\/www.rucashk.com\/es\" title=\"Home\">Home<\/a>\n<\/span><span class=\"aioseo-breadcrumb-separator\">&raquo;<\/span><span class=\"aioseo-breadcrumb\">\n\t<a href=\"https:\/\/www.rucashk.com\/es\/products\/\" title=\"Productos\">Productos<\/a>\n<\/span><span class=\"aioseo-breadcrumb-separator\">&raquo;<\/span><span class=\"aioseo-breadcrumb\">\n\t<a href=\"https:\/\/www.rucashk.com\/es\/categoria-producto\/other-a-brands\/\" title=\"Other A-Brands\">Other A-Brands<\/a>\n<\/span><span class=\"aioseo-breadcrumb-separator\">&raquo;<\/span><span class=\"aioseo-breadcrumb\">\n\t<a href=\"https:\/\/www.rucashk.com\/es\/categoria-producto\/other-a-brands\/huawei-other-a-brands\/\" title=\"Huawei\">Huawei<\/a>\n<\/span><span class=\"aioseo-breadcrumb-separator\">&raquo;<\/span><span class=\"aioseo-breadcrumb\">\n\tHuawei VR Glass\n<\/span><\/div>","aioseo_breadcrumb_json":[{"label":"Home","link":"https:\/\/www.rucashk.com\/es"},{"label":"Productos","link":"https:\/\/www.rucashk.com\/es\/products\/"},{"label":"Other A-Brands","link":"https:\/\/www.rucashk.com\/es\/categoria-producto\/other-a-brands\/"},{"label":"Huawei","link":"https:\/\/www.rucashk.com\/es\/categoria-producto\/other-a-brands\/huawei-other-a-brands\/"},{"label":"Huawei VR Glass","link":"https:\/\/www.rucashk.com\/es\/producto\/huawei-vr-glass\/"}],"_links":{"self":[{"href":"https:\/\/www.rucashk.com\/es\/wp-json\/wp\/v2\/product\/25214","targetHints":{"allow":["GET"]}}],"collection":[{"href":"https:\/\/www.rucashk.com\/es\/wp-json\/wp\/v2\/product"}],"about":[{"href":"https:\/\/www.rucashk.com\/es\/wp-json\/wp\/v2\/types\/product"}],"wp:featuredmedia":[{"embeddable":true,"href":"https:\/\/www.rucashk.com\/es\/wp-json\/wp\/v2\/media\/25306"}],"wp:attachment":[{"href":"https:\/\/www.rucashk.com\/es\/wp-json\/wp\/v2\/media?parent=25214"}],"wp:term":[{"taxonomy":"product_brand","embeddable":true,"href":"https:\/\/www.rucashk.com\/es\/wp-json\/wp\/v2\/product_brand?post=25214"},{"taxonomy":"product_cat","embeddable":true,"href":"https:\/\/www.rucashk.com\/es\/wp-json\/wp\/v2\/product_cat?post=25214"},{"taxonomy":"product_tag","embeddable":true,"href":"https:\/\/www.rucashk.com\/es\/wp-json\/wp\/v2\/product_tag?post=25214"}],"curies":[{"name":"wp","href":"https:\/\/api.w.org\/{rel}","templated":true}]}}