{"id":25213,"date":"2024-01-09T16:15:03","date_gmt":"2024-01-09T16:15:03","guid":{"rendered":"http:\/\/rucashk.com\/?post_type=product&#038;p=25213"},"modified":"2024-03-12T08:21:30","modified_gmt":"2024-03-12T08:21:30","slug":"razer-orochi-v2-mobile-wireless-gaming-mouse-lightweight","status":"publish","type":"product","link":"https:\/\/www.rucashk.com\/es\/producto\/razer-orochi-v2-mobile-wireless-gaming-mouse-lightweight\/","title":{"rendered":"Razer Orochi V2 Rat\u00f3n inal\u00e1mbrico m\u00f3vil para juegos Ligero"},"content":{"rendered":"<h1 align=\"center\" data-spm-anchor-id=\"a2g0o.detail.1000023.i1.60033080BblKq9\">RAZER OROCHIV2<\/h1>\n<p align=\"center\">serpiente de ocho cabezas<br \/>\nDel mito, m\u00e1s grande que las monta\u00f1as.<br \/>\nCuya cola esconde la espada<\/p>\n<p align=\"left\"><img alt=\"Razer Orochi V2 Mobile Wireless Gaming Mouse Lightweight\" data-spm-anchor-id=\"a2g0o.detail.1000023.i9.60033080BblKq9\" \/><img fetchpriority=\"high\" decoding=\"async\" class=\"size-full wp-image-26235 aligncenter\" src=\"\/wp-content\/uploads\/replace\/51682af252084c551f705110043ce446.jpeg\" alt=\"Razer Orochi V2 Mobile Wireless Gaming Mouse Lightweight\" width=\"1920\" height=\"957\" \/><\/p>\n<h4 align=\"center\" data-spm-anchor-id=\"a2g0o.detail.1000023.i20.60033080BblKq9\">DURAR Y SUPERAR.<br \/>\nPresentamos el Razer Orochi V2, un mouse inal\u00e1mbrico para juegos compacto y ultraligero con la duraci\u00f3n de bater\u00eda m\u00e1s larga e insuperable. Equipado con los modos Razer HyperSpeed Wireless y Bluetooth, es tu compa\u00f1ero perfecto para jugar mientras viajas.<\/h4>\n<p><img decoding=\"async\" class=\"size-full wp-image-26236 aligncenter\" src=\"\/wp-content\/uploads\/replace\/ec8d85f9b0d4f14992b83e62d491d989.jpeg\" alt=\"Razer Orochi V2 Mobile Wireless Gaming Mouse Lightweight\" width=\"1920\" height=\"802\" \/><\/p>\n<h1 align=\"center\">Haz que tus enemigos sean un trabajo ligero.<\/h1>\n<p align=\"center\">&lt; FACTOR DE FORMA ULTRALIGERO 60G*<\/p>\n<p align=\"center\"><img decoding=\"async\" class=\"size-full wp-image-26238 aligncenter\" src=\"\/wp-content\/uploads\/replace\/0b28676654ee43b9181bb2cc7ecd8747.jpeg\" alt=\"Razer Orochi V2 Mobile Wireless Gaming Mouse Lightweight\" width=\"1208\" height=\"495\" \/><\/p>\n<p><img decoding=\"async\" alt=\"Razer Orochi V2 Mobile Wireless Gaming Mouse Lightweight\" class=\"aligncenter\" src=\"\/wp-content\/uploads\/replace\/9176d715940d21094020b9f6c3614276.jpeg\" \/><\/p>\n<p><img alt=\"Razer Orochi V2 Mobile Wireless Gaming Mouse Lightweight\" \/><img loading=\"lazy\" decoding=\"async\" class=\"size-full wp-image-26242 aligncenter\" src=\"\/wp-content\/uploads\/replace\/ce40cbf9471cba6601140b323a2a79f7.jpeg\" alt=\"Razer Orochi V2 Mobile Wireless Gaming Mouse Lightweight\" width=\"1920\" height=\"1080\" \/><\/p>\n<h4 align=\"center\">Disfrute de movimientos m\u00e1s r\u00e1pidos y un control h\u00e1bil con uno de los ratones para juegos m\u00e1s livianos del mercado.<br \/>\n*excluye el peso de la bater\u00eda<\/h4>\n<h3 align=\"center\">TOMA LA GANANCIA EN TUS PROPIAS MANOS.<br \/>\nDISE\u00d1O UNIVERSAL.<\/h3>\n<p align=\"left\"><img alt=\"Razer Orochi V2 Mobile Wireless Gaming Mouse Lightweight\" \/><img loading=\"lazy\" decoding=\"async\" class=\"size-full wp-image-26243 aligncenter\" src=\"\/wp-content\/uploads\/replace\/b5ddbde10b0d9cc6e6bece0adfb46cae.jpeg\" alt=\"Razer Orochi V2 Mobile Wireless Gaming Mouse Lightweight\" width=\"1920\" height=\"800\" \/><\/p>\n<p align=\"center\">El tama\u00f1o compacto del Razer Orochi V2 cabe f\u00e1cilmente en tu mochila, listo para ser llamado sin importar d\u00f3nde o cu\u00e1ndo.<\/p>\n<h4 align=\"center\">RENDIMIENTO QUE SIGUE Y SIGUE.<br \/>\n2 MODOS INAL\u00c1MBRICOS.<\/h4>\n<p><img alt=\"Razer Orochi V2 Mobile Wireless Gaming Mouse Lightweight\" \/><img loading=\"lazy\" decoding=\"async\" class=\"size-full wp-image-26244 aligncenter\" src=\"\/wp-content\/uploads\/replace\/a5bab4449ff8db1579b6093091fdc7e2.jpeg\" alt=\"Razer Orochi V2 Mobile Wireless Gaming Mouse Lightweight\" width=\"1920\" height=\"970\" \/><\/p>\n<p align=\"center\">Dise\u00f1ado para jugar y trabajar, este mouse inal\u00e1mbrico para juegos ultraligero puede funcionar durante a\u00f1os antes de que sea necesario reemplazar las bater\u00edas.<\/p>\n<p><img loading=\"lazy\" decoding=\"async\" class=\"size-full wp-image-26245 aligncenter\" src=\"\/wp-content\/uploads\/replace\/7209f05f3f262c490a98ab5bac9f278b.jpeg\" alt=\"Razer Orochi V2 Mobile Wireless Gaming Mouse Lightweight\" width=\"1302\" height=\"461\" \/><\/p>\n<p align=\"center\"><img loading=\"lazy\" decoding=\"async\" class=\"size-full wp-image-26250 aligncenter\" src=\"\/wp-content\/uploads\/replace\/fab06400a56f753d20cc1fe95eee363a.jpeg\" alt=\"Razer Orochi V2 Mobile Wireless Gaming Mouse Lightweight\" width=\"1277\" height=\"453\" \/><\/p>\n<p align=\"center\">FUNCIONA CON PILAS AA O AAA.<\/p>\n<p align=\"center\"><img loading=\"lazy\" decoding=\"async\" class=\"size-full wp-image-26246 aligncenter\" src=\"\/wp-content\/uploads\/replace\/67d6729a1bf505ba1d2d554dc3b68f6d.jpeg\" alt=\"Razer Orochi V2 Mobile Wireless Gaming Mouse Lightweight\" width=\"1920\" height=\"967\" \/><\/p>\n<p align=\"center\"><img loading=\"lazy\" decoding=\"async\" class=\"size-full wp-image-26248 aligncenter\" src=\"\/wp-content\/uploads\/replace\/5d5839cda83a2424f1fbf54d02304547.jpeg\" alt=\"Razer Orochi V2 Mobile Wireless Gaming Mouse Lightweight\" width=\"1308\" height=\"332\" \/><\/p>\n<p align=\"center\"><img loading=\"lazy\" decoding=\"async\" class=\"size-full wp-image-26251 aligncenter\" src=\"\/wp-content\/uploads\/replace\/86abcb63fe84afdf79b7fc3987062d24.jpeg\" alt=\"Razer Orochi V2 Mobile Wireless Gaming Mouse Lightweight\" width=\"1246\" height=\"312\" \/><\/p>\n<p align=\"center\">HASTA EL \u00daLTIMO DETALLE.<br \/>\nUN COMPA\u00d1ERO DE VIAJE DE PRIMERA CLASE.<\/p>\n<p align=\"center\"><img alt=\"Razer Orochi V2 Mobile Wireless Gaming Mouse Lightweight\" \/><img loading=\"lazy\" decoding=\"async\" class=\"size-full wp-image-26249 aligncenter\" src=\"\/wp-content\/uploads\/replace\/2fec741c4b98b8dc4fbee1d0ea410d36.jpeg\" alt=\"Razer Orochi V2 Mobile Wireless Gaming Mouse Lightweight\" width=\"1920\" height=\"966\" \/><br \/>\n<img decoding=\"async\" alt=\"Razer Orochi V2 Mobile Wireless Gaming Mouse Lightweight\" class=\"aligncenter\" src=\"\/wp-content\/uploads\/replace\/5e3e127e4b450f0e4665d9a62bea340f.jpeg\" \/><\/p>\n<h5 class=\"product-title-text\" data-spm-anchor-id=\"a2g0o.detail.1000016.i3.600330800uQeDf\">Razer Orochi V2 Rat\u00f3n inal\u00e1mbrico m\u00f3vil para juegos Ligero - Rat\u00f3n mec\u00e1nico de 2 modos inal\u00e1mbricos Sensor \u00f3ptico avanzado 5G de 18K DPI<\/h5>\n<p><strong>Caracter\u00edstica:<\/strong><\/p>\n<h5 data-spm-anchor-id=\"a2g0o.detail.1000023.i3.60033080BblKq9\">SENSOR \u00d3PTICO AVANZADO RAZER\u2122 5G<\/h5>\n<p>Disfrute de una punter\u00eda sensible y precisa con p\u00edxeles con un sensor mejorado que rastrea perfectamente su movimiento sin giros.<\/p>\n<h5 data-spm-anchor-id=\"a2g0o.detail.1000023.i5.60033080BblKq9\">INTERRUPTORES DE RAT\u00d3N MEC\u00c1NICOS RAZER\u2122 DE 2.\u00aa GENERACI\u00d3N<\/h5>\n<p data-spm-anchor-id=\"a2g0o.detail.1000023.i6.60033080BblKq9\"><span data-spm-anchor-id=\"a2g0o.detail.1000023.i7.60033080BblKq9\">Con nuevos puntos de contacto chapados en oro, los interruptores son m\u00e1s resistentes a la degradaci\u00f3n y tienen una vida \u00fatil m\u00e1s larga, de hasta 60 millones de clics.<\/span><\/p>\n<h5 data-spm-anchor-id=\"a2g0o.detail.1000023.i4.60033080BblKq9\">100% PIES DE RAT\u00d3N PTFE<\/h5>\n<p>Este mouse inal\u00e1mbrico port\u00e1til para juegos se desliza suavemente sobre cualquier superficie con patas hechas de PTFE de la m\u00e1s alta calidad y pureza.<\/p>\n<h5 data-spm-anchor-id=\"a2g0o.detail.1000023.i8.60033080BblKq9\">PERFIL DE MEMORIA A BORDO<\/h5>\n<p>Prep\u00e1rate para competir en cualquier lugar con acceso a tus combinaciones de teclas personalizadas, DPI y el doble de entradas a trav\u00e9s de la funci\u00f3n Razer HyperShift.<\/p>\n<h5 data-spm-anchor-id=\"a2g0o.detail.1000023.i2.60033080BblKq9\">6 BOTONES PROGRAMABLES<\/h5>\n<p>El Razer Orochi V2 es totalmente configurable a trav\u00e9s de Razer Synapse 3, lo que le permite ejecutar macros y funciones secundarias para un grado avanzado de control.<\/p>","protected":false},"excerpt":{"rendered":"<p><strong>Caracter\u00edstica:<\/strong><\/p>\n<p>Razer\u2122 5g Advanced Optical Sensor<br \/>\n2nd-gen Razer\u2122 Mechanical Mouse Switches<br \/>\n100% Ptfe Mouse Feet<br \/>\nOn-board Memory Profile<br \/>\n6 botones programables<\/p>","protected":false},"featured_media":25303,"template":"","meta":[],"product_brand":[],"product_cat":[1322,1331],"product_tag":[],"class_list":{"0":"post-25213","1":"product","2":"type-product","3":"status-publish","4":"has-post-thumbnail","6":"product_cat-other-a-brands","7":"product_cat-razer-other-a-brands","9":"first","10":"instock","11":"shipping-taxable","12":"product-type-simple"},"aioseo_notices":[],"aioseo_head":"\n\t\t<!-- All in One SEO Pro 4.5.9.2 - aioseo.com -->\n\t\t<meta name=\"description\" content=\"Feature: Razer\u2122 5g Advanced Optical Sensor 2nd-gen Razer\u2122 Mechanical Mouse Switches 100% Ptfe Mouse Feet On-board Memory Profile 6 Programmable Buttons\" \/>\n\t\t<meta name=\"robots\" content=\"max-image-preview:large\" \/>\n\t\t<link rel=\"canonical\" href=\"https:\/\/www.rucashk.com\/es\/producto\/razer-orochi-v2-mobile-wireless-gaming-mouse-lightweight\/\" \/>\n\t\t<meta name=\"generator\" content=\"All in One SEO Pro (AIOSEO) 4.5.9.2\" \/>\n\t\t<meta property=\"og:locale\" content=\"es_ES\" \/>\n\t\t<meta property=\"og:site_name\" content=\"Rucas - One-stop AIoT Distribution Worldwide\" \/>\n\t\t<meta property=\"og:type\" content=\"article\" \/>\n\t\t<meta property=\"og:title\" content=\"Razer Orochi V2 Mobile Wireless Gaming Mouse Lightweight - Rucas - Wholesale and Distribution\" \/>\n\t\t<meta property=\"og:description\" content=\"Feature: Razer\u2122 5g Advanced Optical Sensor 2nd-gen Razer\u2122 Mechanical Mouse Switches 100% Ptfe Mouse Feet On-board Memory Profile 6 Programmable Buttons\" \/>\n\t\t<meta property=\"og:url\" content=\"https:\/\/www.rucashk.com\/es\/producto\/razer-orochi-v2-mobile-wireless-gaming-mouse-lightweight\/\" \/>\n\t\t<meta property=\"og:image\" content=\"https:\/\/www.rucashk.com\/wp-content\/uploads\/replace\/503b8e645f128a97ccde2b6290747646.jpeg\" \/>\n\t\t<meta property=\"og:image:secure_url\" content=\"https:\/\/www.rucashk.com\/wp-content\/uploads\/replace\/503b8e645f128a97ccde2b6290747646.jpeg\" \/>\n\t\t<meta property=\"og:image:width\" content=\"1456\" \/>\n\t\t<meta property=\"og:image:height\" content=\"816\" \/>\n\t\t<meta property=\"article:published_time\" content=\"2024-01-09T16:15:03+00:00\" \/>\n\t\t<meta property=\"article:modified_time\" content=\"2024-03-12T08:21:30+00:00\" \/>\n\t\t<meta name=\"twitter:card\" content=\"summary_large_image\" \/>\n\t\t<meta name=\"twitter:title\" content=\"Razer Orochi V2 Mobile Wireless Gaming Mouse Lightweight - Rucas - Wholesale and Distribution\" \/>\n\t\t<meta name=\"twitter:description\" content=\"Feature: Razer\u2122 5g Advanced Optical Sensor 2nd-gen Razer\u2122 Mechanical Mouse Switches 100% Ptfe Mouse Feet On-board Memory Profile 6 Programmable Buttons\" \/>\n\t\t<meta name=\"twitter:image\" content=\"https:\/\/www.rucashk.com\/wp-content\/uploads\/replace\/503b8e645f128a97ccde2b6290747646.jpeg\" \/>\n\t\t<script type=\"application\/ld+json\" class=\"aioseo-schema\">\n\t\t\t{\"@context\":\"https:\\\/\\\/schema.org\",\"@graph\":[{\"@type\":\"BreadcrumbList\",\"@id\":\"https:\\\/\\\/www.rucashk.com\\\/es\\\/producto\\\/razer-orochi-v2-mobile-wireless-gaming-mouse-lightweight\\\/#breadcrumblist\",\"itemListElement\":[{\"@type\":\"ListItem\",\"@id\":\"https:\\\/\\\/www.rucashk.com\\\/es\\\/#listItem\",\"position\":1,\"name\":\"Home\",\"item\":\"https:\\\/\\\/www.rucashk.com\\\/es\\\/\",\"nextItem\":\"https:\\\/\\\/www.rucashk.com\\\/es\\\/producto\\\/razer-orochi-v2-mobile-wireless-gaming-mouse-lightweight\\\/#listItem\"},{\"@type\":\"ListItem\",\"@id\":\"https:\\\/\\\/www.rucashk.com\\\/es\\\/producto\\\/razer-orochi-v2-mobile-wireless-gaming-mouse-lightweight\\\/#listItem\",\"position\":2,\"name\":\"Razer Orochi V2 Mobile Wireless Gaming Mouse Lightweight\",\"previousItem\":\"https:\\\/\\\/www.rucashk.com\\\/es\\\/#listItem\"}]},{\"@type\":\"Organization\",\"@id\":\"https:\\\/\\\/www.rucashk.com\\\/es\\\/#organization\",\"name\":\"Rucas\",\"url\":\"https:\\\/\\\/www.rucashk.com\\\/es\\\/\",\"logo\":{\"@type\":\"ImageObject\",\"url\":\"https:\\\/\\\/www.rucashk.com\\\/wp-content\\\/uploads\\\/2023\\\/12\\\/Rucas_campany_logo.png\",\"@id\":\"https:\\\/\\\/www.rucashk.com\\\/es\\\/producto\\\/razer-orochi-v2-mobile-wireless-gaming-mouse-lightweight\\\/#organizationLogo\",\"width\":221,\"height\":65},\"image\":{\"@id\":\"https:\\\/\\\/www.rucashk.com\\\/es\\\/#organizationLogo\"}},{\"@type\":\"Person\",\"@id\":\"https:\\\/\\\/www.rucashk.com\\\/es\\\/author\\\/admin\\\/#author\",\"url\":\"https:\\\/\\\/www.rucashk.com\\\/es\\\/author\\\/admin\\\/\",\"name\":\"admin\",\"image\":{\"@type\":\"ImageObject\",\"@id\":\"https:\\\/\\\/www.rucashk.com\\\/es\\\/producto\\\/razer-orochi-v2-mobile-wireless-gaming-mouse-lightweight\\\/#authorImage\",\"url\":\"https:\\\/\\\/secure.gravatar.com\\\/avatar\\\/b7c8925b09a27e72b30232f8ecaadbd5af0f70a38c78096863fe51b64f031c24?s=96&d=mm&r=g\",\"width\":96,\"height\":96,\"caption\":\"admin\"}},{\"@type\":\"WebPage\",\"@id\":\"https:\\\/\\\/www.rucashk.com\\\/es\\\/producto\\\/razer-orochi-v2-mobile-wireless-gaming-mouse-lightweight\\\/#webpage\",\"url\":\"https:\\\/\\\/www.rucashk.com\\\/es\\\/producto\\\/razer-orochi-v2-mobile-wireless-gaming-mouse-lightweight\\\/\",\"name\":\"Razer Orochi V2 Mobile Wireless Gaming Mouse Lightweight - Rucas - Wholesale and Distribution\",\"description\":\"Feature: Razer\\u2122 5g Advanced Optical Sensor 2nd-gen Razer\\u2122 Mechanical Mouse Switches 100% Ptfe Mouse Feet On-board Memory Profile 6 Programmable Buttons\",\"inLanguage\":\"es-ES\",\"isPartOf\":{\"@id\":\"https:\\\/\\\/www.rucashk.com\\\/es\\\/#website\"},\"breadcrumb\":{\"@id\":\"https:\\\/\\\/www.rucashk.com\\\/es\\\/producto\\\/razer-orochi-v2-mobile-wireless-gaming-mouse-lightweight\\\/#breadcrumblist\"},\"author\":{\"@id\":\"https:\\\/\\\/www.rucashk.com\\\/es\\\/author\\\/admin\\\/#author\"},\"creator\":{\"@id\":\"https:\\\/\\\/www.rucashk.com\\\/es\\\/author\\\/admin\\\/#author\"},\"image\":{\"@type\":\"ImageObject\",\"url\":\"https:\\\/\\\/www.rucashk.com\\\/wp-content\\\/uploads\\\/2024\\\/01\\\/2.Razer-Orochi-V2-Mobile-Wireless-Gaming-Mouse-Lightweight-2-Wireless-Modes-Mechanical-Mouse-5G-Advanced-18K.jpg\",\"@id\":\"https:\\\/\\\/www.rucashk.com\\\/es\\\/producto\\\/razer-orochi-v2-mobile-wireless-gaming-mouse-lightweight\\\/#mainImage\",\"width\":800,\"height\":800},\"primaryImageOfPage\":{\"@id\":\"https:\\\/\\\/www.rucashk.com\\\/es\\\/producto\\\/razer-orochi-v2-mobile-wireless-gaming-mouse-lightweight\\\/#mainImage\"},\"datePublished\":\"2024-01-09T16:15:03+00:00\",\"dateModified\":\"2024-03-12T08:21:30+00:00\"},{\"@type\":\"WebSite\",\"@id\":\"https:\\\/\\\/www.rucashk.com\\\/es\\\/#website\",\"url\":\"https:\\\/\\\/www.rucashk.com\\\/es\\\/\",\"name\":\"Rucas - Wholesale and distribution worldwide\",\"alternateName\":\"Rucas - One-stop AIoT Distribution Worldwide\",\"description\":\"One-stop AIoT Distribution Worldwide\",\"inLanguage\":\"es-ES\",\"publisher\":{\"@id\":\"https:\\\/\\\/www.rucashk.com\\\/es\\\/#organization\"}}]}\n\t\t<\/script>\n\t\t<!-- All in One SEO Pro -->\r\n\t\t<title>Razer Orochi V2 Mobile Wireless Gaming Mouse Lightweight - Rucas - Wholesale and Distribution<\/title>\n\n","aioseo_head_json":{"title":"Razer Orochi V2 Mobile Wireless Gaming Mouse Lightweight - Rucas - Wholesale and Distribution","description":"Feature: Razer\u2122 5g Advanced Optical Sensor 2nd-gen Razer\u2122 Mechanical Mouse Switches 100% Ptfe Mouse Feet On-board Memory Profile 6 Programmable Buttons","canonical_url":"https:\/\/www.rucashk.com\/es\/producto\/razer-orochi-v2-mobile-wireless-gaming-mouse-lightweight\/","robots":"max-image-preview:large","keywords":"","webmasterTools":{"miscellaneous":""},"og:locale":"es_ES","og:site_name":"Rucas - One-stop AIoT Distribution Worldwide","og:type":"article","og:title":"Razer Orochi V2 Mobile Wireless Gaming Mouse Lightweight - Rucas - Wholesale and Distribution","og:description":"Feature: Razer\u2122 5g Advanced Optical Sensor 2nd-gen Razer\u2122 Mechanical Mouse Switches 100% Ptfe Mouse Feet On-board Memory Profile 6 Programmable Buttons","og:url":"https:\/\/www.rucashk.com\/es\/producto\/razer-orochi-v2-mobile-wireless-gaming-mouse-lightweight\/","og:image":"https:\/\/www.rucashk.com\/wp-content\/uploads\/replace\/503b8e645f128a97ccde2b6290747646.jpeg","og:image:secure_url":"https:\/\/www.rucashk.com\/wp-content\/uploads\/replace\/503b8e645f128a97ccde2b6290747646.jpeg","og:image:width":1456,"og:image:height":816,"article:published_time":"2024-01-09T16:15:03+00:00","article:modified_time":"2024-03-12T08:21:30+00:00","twitter:card":"summary_large_image","twitter:title":"Razer Orochi V2 Mobile Wireless Gaming Mouse Lightweight - Rucas - Wholesale and Distribution","twitter:description":"Feature: Razer\u2122 5g Advanced Optical Sensor 2nd-gen Razer\u2122 Mechanical Mouse Switches 100% Ptfe Mouse Feet On-board Memory Profile 6 Programmable Buttons","twitter:image":"https:\/\/www.rucashk.com\/wp-content\/uploads\/replace\/503b8e645f128a97ccde2b6290747646.jpeg","schema":{"@context":"https:\/\/schema.org","@graph":[{"@type":"BreadcrumbList","@id":"https:\/\/www.rucashk.com\/es\/producto\/razer-orochi-v2-mobile-wireless-gaming-mouse-lightweight\/#breadcrumblist","itemListElement":[{"@type":"ListItem","@id":"https:\/\/www.rucashk.com\/es\/#listItem","position":1,"name":"Home","item":"https:\/\/www.rucashk.com\/es\/","nextItem":"https:\/\/www.rucashk.com\/es\/producto\/razer-orochi-v2-mobile-wireless-gaming-mouse-lightweight\/#listItem"},{"@type":"ListItem","@id":"https:\/\/www.rucashk.com\/es\/producto\/razer-orochi-v2-mobile-wireless-gaming-mouse-lightweight\/#listItem","position":2,"name":"Razer Orochi V2 Mobile Wireless Gaming Mouse Lightweight","previousItem":"https:\/\/www.rucashk.com\/es\/#listItem"}]},{"@type":"Organization","@id":"https:\/\/www.rucashk.com\/es\/#organization","name":"Rucas","url":"https:\/\/www.rucashk.com\/es\/","logo":{"@type":"ImageObject","url":"https:\/\/www.rucashk.com\/wp-content\/uploads\/2023\/12\/Rucas_campany_logo.png","@id":"https:\/\/www.rucashk.com\/es\/producto\/razer-orochi-v2-mobile-wireless-gaming-mouse-lightweight\/#organizationLogo","width":221,"height":65},"image":{"@id":"https:\/\/www.rucashk.com\/es\/#organizationLogo"}},{"@type":"Person","@id":"https:\/\/www.rucashk.com\/es\/author\/admin\/#author","url":"https:\/\/www.rucashk.com\/es\/author\/admin\/","name":"admin","image":{"@type":"ImageObject","@id":"https:\/\/www.rucashk.com\/es\/producto\/razer-orochi-v2-mobile-wireless-gaming-mouse-lightweight\/#authorImage","url":"https:\/\/secure.gravatar.com\/avatar\/b7c8925b09a27e72b30232f8ecaadbd5af0f70a38c78096863fe51b64f031c24?s=96&d=mm&r=g","width":96,"height":96,"caption":"admin"}},{"@type":"WebPage","@id":"https:\/\/www.rucashk.com\/es\/producto\/razer-orochi-v2-mobile-wireless-gaming-mouse-lightweight\/#webpage","url":"https:\/\/www.rucashk.com\/es\/producto\/razer-orochi-v2-mobile-wireless-gaming-mouse-lightweight\/","name":"Razer Orochi V2 Mobile Wireless Gaming Mouse Lightweight - Rucas - Wholesale and Distribution","description":"Feature: Razer\u2122 5g Advanced Optical Sensor 2nd-gen Razer\u2122 Mechanical Mouse Switches 100% Ptfe Mouse Feet On-board Memory Profile 6 Programmable Buttons","inLanguage":"es-ES","isPartOf":{"@id":"https:\/\/www.rucashk.com\/es\/#website"},"breadcrumb":{"@id":"https:\/\/www.rucashk.com\/es\/producto\/razer-orochi-v2-mobile-wireless-gaming-mouse-lightweight\/#breadcrumblist"},"author":{"@id":"https:\/\/www.rucashk.com\/es\/author\/admin\/#author"},"creator":{"@id":"https:\/\/www.rucashk.com\/es\/author\/admin\/#author"},"image":{"@type":"ImageObject","url":"https:\/\/www.rucashk.com\/wp-content\/uploads\/2024\/01\/2.Razer-Orochi-V2-Mobile-Wireless-Gaming-Mouse-Lightweight-2-Wireless-Modes-Mechanical-Mouse-5G-Advanced-18K.jpg","@id":"https:\/\/www.rucashk.com\/es\/producto\/razer-orochi-v2-mobile-wireless-gaming-mouse-lightweight\/#mainImage","width":800,"height":800},"primaryImageOfPage":{"@id":"https:\/\/www.rucashk.com\/es\/producto\/razer-orochi-v2-mobile-wireless-gaming-mouse-lightweight\/#mainImage"},"datePublished":"2024-01-09T16:15:03+00:00","dateModified":"2024-03-12T08:21:30+00:00"},{"@type":"WebSite","@id":"https:\/\/www.rucashk.com\/es\/#website","url":"https:\/\/www.rucashk.com\/es\/","name":"Rucas - Wholesale and distribution worldwide","alternateName":"Rucas - One-stop AIoT Distribution Worldwide","description":"One-stop AIoT Distribution Worldwide","inLanguage":"es-ES","publisher":{"@id":"https:\/\/www.rucashk.com\/es\/#organization"}}]}},"aioseo_meta_data":{"post_id":"25213","title":null,"description":null,"keywords":null,"keyphrases":null,"primary_term":null,"canonical_url":null,"og_title":null,"og_description":null,"og_object_type":"default","og_image_type":"default","og_image_url":null,"og_image_width":null,"og_image_height":null,"og_image_custom_url":null,"og_image_custom_fields":null,"og_video":null,"og_custom_url":null,"og_article_section":null,"og_article_tags":null,"twitter_use_og":false,"twitter_card":"default","twitter_image_type":"default","twitter_image_url":null,"twitter_image_custom_url":null,"twitter_image_custom_fields":null,"twitter_title":null,"twitter_description":null,"schema":{"blockGraphs":[],"customGraphs":[],"default":{"data":{"Article":[],"Course":[],"Dataset":[],"FAQPage":[],"Movie":[],"Person":[],"Product":[],"Recipe":[],"Service":[],"SoftwareApplication":[],"WebPage":[]},"graphName":"","isEnabled":true},"graphs":[]},"schema_type":"default","schema_type_options":null,"pillar_content":false,"robots_default":true,"robots_noindex":false,"robots_noarchive":false,"robots_nosnippet":false,"robots_nofollow":false,"robots_noimageindex":false,"robots_noodp":false,"robots_notranslate":false,"robots_max_snippet":null,"robots_max_videopreview":null,"robots_max_imagepreview":"large","priority":null,"frequency":null,"local_seo":null,"breadcrumb_settings":null,"limit_modified_date":false,"created":"2024-04-11 01:57:18","updated":"2025-06-22 17:50:04"},"aioseo_breadcrumb":"<div class=\"aioseo-breadcrumbs\"><span class=\"aioseo-breadcrumb\">\n\t<a href=\"https:\/\/www.rucashk.com\/es\" title=\"Home\">Home<\/a>\n<\/span><span class=\"aioseo-breadcrumb-separator\">&raquo;<\/span><span class=\"aioseo-breadcrumb\">\n\t<a href=\"https:\/\/www.rucashk.com\/es\/products\/\" title=\"Productos\">Productos<\/a>\n<\/span><span class=\"aioseo-breadcrumb-separator\">&raquo;<\/span><span class=\"aioseo-breadcrumb\">\n\t<a href=\"https:\/\/www.rucashk.com\/es\/categoria-producto\/other-a-brands\/\" title=\"Other A-Brands\">Other A-Brands<\/a>\n<\/span><span class=\"aioseo-breadcrumb-separator\">&raquo;<\/span><span class=\"aioseo-breadcrumb\">\n\t<a href=\"https:\/\/www.rucashk.com\/es\/categoria-producto\/other-a-brands\/razer-other-a-brands\/\" title=\"Razer\">Razer<\/a>\n<\/span><span class=\"aioseo-breadcrumb-separator\">&raquo;<\/span><span class=\"aioseo-breadcrumb\">\n\tRazer Orochi V2 Mobile Wireless Gaming Mouse Lightweight\n<\/span><\/div>","aioseo_breadcrumb_json":[{"label":"Home","link":"https:\/\/www.rucashk.com\/es"},{"label":"Productos","link":"https:\/\/www.rucashk.com\/es\/products\/"},{"label":"Other A-Brands","link":"https:\/\/www.rucashk.com\/es\/categoria-producto\/other-a-brands\/"},{"label":"Razer","link":"https:\/\/www.rucashk.com\/es\/categoria-producto\/other-a-brands\/razer-other-a-brands\/"},{"label":"Razer Orochi V2 Mobile Wireless Gaming Mouse Lightweight","link":"https:\/\/www.rucashk.com\/es\/producto\/razer-orochi-v2-mobile-wireless-gaming-mouse-lightweight\/"}],"_links":{"self":[{"href":"https:\/\/www.rucashk.com\/es\/wp-json\/wp\/v2\/product\/25213","targetHints":{"allow":["GET"]}}],"collection":[{"href":"https:\/\/www.rucashk.com\/es\/wp-json\/wp\/v2\/product"}],"about":[{"href":"https:\/\/www.rucashk.com\/es\/wp-json\/wp\/v2\/types\/product"}],"wp:featuredmedia":[{"embeddable":true,"href":"https:\/\/www.rucashk.com\/es\/wp-json\/wp\/v2\/media\/25303"}],"wp:attachment":[{"href":"https:\/\/www.rucashk.com\/es\/wp-json\/wp\/v2\/media?parent=25213"}],"wp:term":[{"taxonomy":"product_brand","embeddable":true,"href":"https:\/\/www.rucashk.com\/es\/wp-json\/wp\/v2\/product_brand?post=25213"},{"taxonomy":"product_cat","embeddable":true,"href":"https:\/\/www.rucashk.com\/es\/wp-json\/wp\/v2\/product_cat?post=25213"},{"taxonomy":"product_tag","embeddable":true,"href":"https:\/\/www.rucashk.com\/es\/wp-json\/wp\/v2\/product_tag?post=25213"}],"curies":[{"name":"wp","href":"https:\/\/api.w.org\/{rel}","templated":true}]}}