{"id":25208,"date":"2024-01-09T16:15:02","date_gmt":"2024-01-09T16:15:02","guid":{"rendered":"http:\/\/rucashk.com\/?post_type=product&#038;p=25208"},"modified":"2024-03-12T08:23:20","modified_gmt":"2024-03-12T08:23:20","slug":"honor-band-6","status":"publish","type":"product","link":"https:\/\/www.rucashk.com\/es\/producto\/honor-band-6\/","title":{"rendered":"Huawei Honor Banda 6"},"content":{"rendered":"<p align=\"center\"><strong><span data-spm-anchor-id=\"a2g0o.detail.1000023.i0.6b842520n0xYfM\">Banda de honor 6<\/span><\/strong><\/p>\n<p><img decoding=\"async\" alt=\"Huawei Honor Band 6\" src=\"\/wp-content\/uploads\/replace\/de95253ef379c557e86e703b17087d40.jpeg\" \/><\/p>\n<p align=\"center\">6 funciones que hacen que tu vida diaria sea m\u00e1s saludable<\/p>\n<p align=\"center\">Pantalla AMOLED grande de 1,47 \u2033<\/p>\n<p align=\"center\">Di NO a la ansiedad por tener bater\u00eda baja<\/p>\n<p align=\"center\">Monitor de nivel de ox\u00edgeno en sangre<\/p>\n<p align=\"center\">Monitor de frecuencia card\u00edaca inteligente las 24 horas<\/p>\n<p align=\"center\">10 modos de entrenamiento profesionales<\/p>\n<p align=\"center\">Personalizaci\u00f3n de la esfera del reloj para adaptarla a tu estado de \u00e1nimo<\/p>\n<p align=\"center\"><img decoding=\"async\" alt=\"Huawei Honor Band 6\" src=\"\/wp-content\/uploads\/replace\/c6ca5ff1d830e940e6391ba95e011d5e.jpeg\" \/>Redefina el rastreador de actividad f\u00edsica con una pantalla grande<\/p>\n<p align=\"center\">Dise\u00f1o de pantalla<\/p>\n<p align=\"center\">Pantalla grande con biseles estrechos<\/p>\n<p align=\"center\">Usando la experiencia<\/p>\n<p align=\"center\">Pantalla grande para f\u00e1cil operaci\u00f3n<\/p>\n<p><img decoding=\"async\" alt=\"Huawei Honor Band 6\" src=\"\/wp-content\/uploads\/replace\/1d25cf6e73d8f8b4b42baddebdca3dc8.jpeg\" \/><\/p>\n<p align=\"center\">Pantalla AMOLED grande de 1,47 \u2033<\/p>\n<p align=\"center\">Experiencia visual fenomenal<\/p>\n<p>&nbsp;<\/p>\n<p align=\"center\">Una pantalla grande de 1,47\u2033 significa 148% m\u00e1s \u00e1rea de visualizaci\u00f3n que<\/p>\n<p align=\"center\">rastreadores de actividad f\u00edsica tradicionales que te brindan una experiencia visual fenomenal<\/p>\n<p align=\"center\"><img decoding=\"async\" alt=\"Huawei Honor Band 6\" src=\"\/wp-content\/uploads\/replace\/f81182dd1edf14f74b83a4a6e7969c73.jpeg\" \/>Muestre su estilo con nuestro dise\u00f1o \u00fanico<\/p>\n<p align=\"center\"><img decoding=\"async\" alt=\"Huawei Honor Band 6\" src=\"\/wp-content\/uploads\/replace\/a206590798653b62fd3b0f179c2aebff.jpeg\" \/>Colores elegantes que se adaptan a cada ocasi\u00f3n<\/p>\n<p align=\"center\"><img decoding=\"async\" alt=\"Huawei Honor Band 6\" src=\"\/wp-content\/uploads\/replace\/8553166cb34d13e9cb8bfbea751ea9fb.jpeg\" \/>Esfera de reloj personalizable para adaptarse a tu estado de \u00e1nimo<\/p>\n<p>&nbsp;<\/p>\n<p align=\"center\">Cambie la esfera de su pulsera en cualquier momento para adaptarla a su estilo con muchas opciones de esferas de pulsera en la tienda de esferas de reloj.<\/p>\n<p>&nbsp;<\/p>\n<p align=\"center\">Muestre su actitud configurando una foto del \u00e1lbum como su esfera de reloj personalizada.<\/p>\n<p><img decoding=\"async\" alt=\"Huawei Honor Band 6\" src=\"\/wp-content\/uploads\/replace\/52e675415e828d93ba9fef4b785a6eb0.jpeg\" \/><\/p>\n<p align=\"center\">C\u00e1mbiate por 10 minutos \u00dasalo por 3 d\u00edas<\/p>\n<p>&nbsp;<\/p>\n<p align=\"center\">HONOR Band 6 tiene una mejor duraci\u00f3n de bater\u00eda y est\u00e1 equipada con magn\u00e9tico<\/p>\n<p align=\"center\">carga r\u00e1pida para liberarte de largos tiempos de recarga.<\/p>\n<p align=\"center\"><img decoding=\"async\" alt=\"Huawei Honor Band 6\" src=\"\/wp-content\/uploads\/replace\/656a398eef94de30d570a6402bdf50e2.jpeg\" \/>Monitor de nivel de ox\u00edgeno en sangre en su mu\u00f1eca<\/p>\n<p>&nbsp;<\/p>\n<p align=\"center\">El nivel de ox\u00edgeno en sangre es un indicador clave de su bienestar general.<\/p>\n<p align=\"center\">La falta de ox\u00edgeno en la sangre provocar\u00e1 cansancio, falta de energ\u00eda y p\u00e9rdida de la capacidad de memoria.<\/p>\n<p align=\"center\">Un nivel bajo de ox\u00edgeno en la sangre a largo plazo da\u00f1ar\u00e1 el cerebro, el coraz\u00f3n y otros \u00f3rganos.<\/p>\n<p>&nbsp;<\/p>\n<p align=\"center\">HONOR Band 6 combina hardware y software \u00f3ptico optimizado<\/p>\n<p align=\"center\">Algoritmos para detectar con precisi\u00f3n el nivel de ox\u00edgeno en sangre.<\/p>\n<p align=\"center\"><img decoding=\"async\" alt=\"Huawei Honor Band 6\" src=\"\/wp-content\/uploads\/replace\/19650a7e9d19c9b2eca9e1632d80aeab.jpeg\" \/>Monitor de frecuencia card\u00edaca inteligente las 24 horas<\/p>\n<p>&nbsp;<\/p>\n<p align=\"center\">Con el monitoreo de frecuencia card\u00edaca TruSeen 4.0 durante todo el d\u00eda, HONOR Band 6 puede detectar frecuencias card\u00edacas anormales<\/p>\n<p align=\"center\">y dar alertas. HONOR Band 6 est\u00e1 aqu\u00ed para ti, todo el d\u00eda.<\/p>\n<p align=\"center\"><img decoding=\"async\" alt=\"Huawei Honor Band 6\" src=\"\/wp-content\/uploads\/replace\/6f3b5c09347e4e0c9532fde9e00b46a7.jpeg\" \/><\/p>\n<p align=\"center\">Monitor de sue\u00f1o<\/p>\n<p align=\"center\">Te ayuda a dormir m\u00e1s profundamente<\/p>\n<p>&nbsp;<\/p>\n<p align=\"center\">El algoritmo TruSleep de HONOR Band 6 puede registrar con precisi\u00f3n la duraci\u00f3n y las etapas del sue\u00f1o.<\/p>\n<p align=\"center\">Honor Band 6 ofrece sugerencias profesionales para mejorar el sue\u00f1o y ayuda personalizada para dormir.<\/p>\n<p align=\"center\">Honor Band 6 puede ayudarte a descansar bien por la noche.<\/p>\n<p align=\"center\"><img decoding=\"async\" alt=\"Huawei Honor Band 6\" src=\"\/wp-content\/uploads\/replace\/0fccdf03db510e7dcec7444008abdac6.jpeg\" \/>Rastreador de ciclo femenino Cada per\u00edodo especial es importante<\/p>\n<p>&nbsp;<\/p>\n<p align=\"center\">HONOR Band 6 admite el calendario de seguimiento de per\u00edodos que le permite ver su pr\u00f3xima ventana f\u00e9rtil estimada y comparar todas sus estad\u00edsticas en un solo lugar, brind\u00e1ndole una mejor descripci\u00f3n general de su salud.<\/p>\n<p><img decoding=\"async\" alt=\"Huawei Honor Band 6\" src=\"\/wp-content\/uploads\/replace\/86ac9ed105b897e8b5228281098fc597.jpeg\" \/><\/p>\n<p align=\"center\">10 modos de entrenamiento profesionales Haz tu propio progreso todos los d\u00edas<\/p>\n<p>&nbsp;<\/p>\n<p align=\"center\">HONOR Band 6 tiene una gran selecci\u00f3n de modos de entrenamiento para realizar un seguimiento de sus ejercicios f\u00edsicos, como correr, andar en bicicleta y otras actividades. Incluso si desea hacer ejercicio bajo el agua, HONOR Band 6 registrar\u00e1 con precisi\u00f3n su rendimiento para su referencia.<\/p>\n<p><img decoding=\"async\" alt=\"Huawei Honor Band 6\" src=\"\/wp-content\/uploads\/replace\/e05224e45233569e94c7fb72c674f132.jpeg\" \/><\/p>\n<p align=\"center\">Los tipos de entrenamiento con detecci\u00f3n autom\u00e1tica registran cada uno de sus movimientos<\/p>\n<p>&nbsp;<\/p>\n<p align=\"center\">HONOR Band 6 detecta autom\u00e1ticamente 6 entrenamientos como correr, caminar, m\u00e1quina de remo y m\u00e1quina el\u00edptica.<\/p>\n<p>&nbsp;<\/p>\n<p align=\"center\">HONOR Band 6 tambi\u00e9n puede registrar con precisi\u00f3n su frecuencia card\u00edaca en tiempo real y brindarle informaci\u00f3n<\/p>\n<p align=\"center\">durante el entrenamiento seg\u00fan el objetivo actual. Juntos, HONOR Band 6 har\u00e1n que su ejercicio sea m\u00e1s f\u00e1cil<\/p>\n<p align=\"center\">proporcionando datos m\u00e1s completos.<\/p>\n<p><img decoding=\"async\" alt=\"Huawei Honor Band 6\" src=\"\/wp-content\/uploads\/replace\/aa500f5055a4d4317d6979dd491cd80d.jpeg\" \/><\/p>\n<p align=\"center\">Todo lo que necesitas saber HONOR Band 6 te lo recordar\u00e1<\/p>\n<p>&nbsp;<\/p>\n<p align=\"center\">HONOR Band 6 te recordar\u00e1 todo lo que requiere atenci\u00f3n, como mensajes entrantes,<\/p>\n<p align=\"center\">agenda diaria, etc.<\/p>\n<p>&nbsp;<\/p>\n<p align=\"center\">Funciones como control de reproducci\u00f3n de m\u00fasica, obturador remoto de la c\u00e1mara, encontrar su tel\u00e9fono<\/p>\n<p align=\"center\">y otras funciones hacen que su vida tecnol\u00f3gica diaria sea m\u00e1s placentera.<\/p>\n<p><img decoding=\"async\" alt=\"Huawei Honor Band 6\" src=\"\/wp-content\/uploads\/replace\/7d6975877ac764b34107ea5ac181089e.jpeg\" data-spm-anchor-id=\"a2g0o.detail.1000023.i1.6b842520n0xYfM\" \/><\/p>","protected":false},"excerpt":{"rendered":"<p>Version: CN Version (Without NFC)\/Global Version (Without NFC)<\/p>\n<p>Screen: 1.47&#8243; AMOLED Screen<\/p>\n<p>Battery: 14 Days Battery Life<\/p>\n<p>Function: Blood Oxygen Monitoring,Heart Rate Tracker,Sleep Tracker,Message Reminder ,Call Reminder , Alarm Clock,Weather<\/p>\n<p>Bluetooth: Bluetooth 5,0<br \/>\nOperation: Full screen touch + side button<\/p>\n<p>Size: 43mm\u00d725.4mm\u00d711.45mm<\/p>\n<p>Waterproof: 5 ATM Water Resistance<\/p>","protected":false},"featured_media":25279,"template":"","meta":[],"product_brand":[],"product_cat":[1345,1322],"product_tag":[],"class_list":{"0":"post-25208","1":"product","2":"type-product","3":"status-publish","4":"has-post-thumbnail","6":"product_cat-huawei-other-a-brands","7":"product_cat-other-a-brands","9":"first","10":"instock","11":"shipping-taxable","12":"product-type-external"},"aioseo_notices":[],"aioseo_head":"\n\t\t<!-- All in One SEO Pro 4.5.9.2 - aioseo.com -->\n\t\t<meta name=\"description\" content=\"Version: CN Version (Without NFC)\/Global Version (Without NFC) Screen: 1.47&quot; AMOLED Screen Battery: 14 Days Battery Life Function: Blood Oxygen Monitoring,Heart Rate Tracker,Sleep Tracker,Message Reminder ,Call Reminder , Alarm Clock,Weather Bluetooth: Bluetooth 5.0 Operation: Full screen touch + side button Size: 43mm\u00d725.4mm\u00d711.45mm Waterproof: 5 ATM Water Resistance\" \/>\n\t\t<meta name=\"robots\" content=\"max-image-preview:large\" \/>\n\t\t<link rel=\"canonical\" href=\"https:\/\/www.rucashk.com\/es\/producto\/honor-band-6\/\" \/>\n\t\t<meta name=\"generator\" content=\"All in One SEO Pro (AIOSEO) 4.5.9.2\" \/>\n\t\t<meta property=\"og:locale\" content=\"es_ES\" \/>\n\t\t<meta property=\"og:site_name\" content=\"Rucas - One-stop AIoT Distribution Worldwide\" \/>\n\t\t<meta property=\"og:type\" content=\"article\" \/>\n\t\t<meta property=\"og:title\" content=\"Huawei Honor Band 6 - Rucas - Wholesale and Distribution\" \/>\n\t\t<meta property=\"og:description\" content=\"Version: CN Version (Without NFC)\/Global Version (Without NFC) Screen: 1.47&quot; AMOLED Screen Battery: 14 Days Battery Life Function: Blood Oxygen Monitoring,Heart Rate Tracker,Sleep Tracker,Message Reminder ,Call Reminder , Alarm Clock,Weather Bluetooth: Bluetooth 5.0 Operation: Full screen touch + side button Size: 43mm\u00d725.4mm\u00d711.45mm Waterproof: 5 ATM Water Resistance\" \/>\n\t\t<meta property=\"og:url\" content=\"https:\/\/www.rucashk.com\/es\/producto\/honor-band-6\/\" \/>\n\t\t<meta property=\"og:image\" content=\"https:\/\/www.rucashk.com\/wp-content\/uploads\/replace\/503b8e645f128a97ccde2b6290747646.jpeg\" \/>\n\t\t<meta property=\"og:image:secure_url\" content=\"https:\/\/www.rucashk.com\/wp-content\/uploads\/replace\/503b8e645f128a97ccde2b6290747646.jpeg\" \/>\n\t\t<meta property=\"og:image:width\" content=\"1456\" \/>\n\t\t<meta property=\"og:image:height\" content=\"816\" \/>\n\t\t<meta property=\"article:published_time\" content=\"2024-01-09T16:15:02+00:00\" \/>\n\t\t<meta property=\"article:modified_time\" content=\"2024-03-12T08:23:20+00:00\" \/>\n\t\t<meta name=\"twitter:card\" content=\"summary_large_image\" \/>\n\t\t<meta name=\"twitter:title\" content=\"Huawei Honor Band 6 - Rucas - Wholesale and Distribution\" \/>\n\t\t<meta name=\"twitter:description\" content=\"Version: CN Version (Without NFC)\/Global Version (Without NFC) Screen: 1.47&quot; AMOLED Screen Battery: 14 Days Battery Life Function: Blood Oxygen Monitoring,Heart Rate Tracker,Sleep Tracker,Message Reminder ,Call Reminder , Alarm Clock,Weather Bluetooth: Bluetooth 5.0 Operation: Full screen touch + side button Size: 43mm\u00d725.4mm\u00d711.45mm Waterproof: 5 ATM Water Resistance\" \/>\n\t\t<meta name=\"twitter:image\" content=\"https:\/\/www.rucashk.com\/wp-content\/uploads\/replace\/503b8e645f128a97ccde2b6290747646.jpeg\" \/>\n\t\t<script type=\"application\/ld+json\" class=\"aioseo-schema\">\n\t\t\t{\"@context\":\"https:\\\/\\\/schema.org\",\"@graph\":[{\"@type\":\"BreadcrumbList\",\"@id\":\"https:\\\/\\\/www.rucashk.com\\\/es\\\/producto\\\/honor-band-6\\\/#breadcrumblist\",\"itemListElement\":[{\"@type\":\"ListItem\",\"@id\":\"https:\\\/\\\/www.rucashk.com\\\/es\\\/#listItem\",\"position\":1,\"name\":\"Home\",\"item\":\"https:\\\/\\\/www.rucashk.com\\\/es\\\/\",\"nextItem\":\"https:\\\/\\\/www.rucashk.com\\\/es\\\/producto\\\/honor-band-6\\\/#listItem\"},{\"@type\":\"ListItem\",\"@id\":\"https:\\\/\\\/www.rucashk.com\\\/es\\\/producto\\\/honor-band-6\\\/#listItem\",\"position\":2,\"name\":\"Huawei Honor Band 6\",\"previousItem\":\"https:\\\/\\\/www.rucashk.com\\\/es\\\/#listItem\"}]},{\"@type\":\"Organization\",\"@id\":\"https:\\\/\\\/www.rucashk.com\\\/es\\\/#organization\",\"name\":\"Rucas\",\"url\":\"https:\\\/\\\/www.rucashk.com\\\/es\\\/\",\"logo\":{\"@type\":\"ImageObject\",\"url\":\"https:\\\/\\\/www.rucashk.com\\\/wp-content\\\/uploads\\\/2023\\\/12\\\/Rucas_campany_logo.png\",\"@id\":\"https:\\\/\\\/www.rucashk.com\\\/es\\\/producto\\\/honor-band-6\\\/#organizationLogo\",\"width\":221,\"height\":65},\"image\":{\"@id\":\"https:\\\/\\\/www.rucashk.com\\\/es\\\/#organizationLogo\"}},{\"@type\":\"Person\",\"@id\":\"https:\\\/\\\/www.rucashk.com\\\/es\\\/author\\\/admin\\\/#author\",\"url\":\"https:\\\/\\\/www.rucashk.com\\\/es\\\/author\\\/admin\\\/\",\"name\":\"admin\",\"image\":{\"@type\":\"ImageObject\",\"@id\":\"https:\\\/\\\/www.rucashk.com\\\/es\\\/producto\\\/honor-band-6\\\/#authorImage\",\"url\":\"https:\\\/\\\/secure.gravatar.com\\\/avatar\\\/b7c8925b09a27e72b30232f8ecaadbd5af0f70a38c78096863fe51b64f031c24?s=96&d=mm&r=g\",\"width\":96,\"height\":96,\"caption\":\"admin\"}},{\"@type\":\"WebPage\",\"@id\":\"https:\\\/\\\/www.rucashk.com\\\/es\\\/producto\\\/honor-band-6\\\/#webpage\",\"url\":\"https:\\\/\\\/www.rucashk.com\\\/es\\\/producto\\\/honor-band-6\\\/\",\"name\":\"Huawei Honor Band 6 - Rucas - Wholesale and Distribution\",\"description\":\"Version: CN Version (Without NFC)\\\/Global Version (Without NFC) Screen: 1.47\\\" AMOLED Screen Battery: 14 Days Battery Life Function: Blood Oxygen Monitoring,Heart Rate Tracker,Sleep Tracker,Message Reminder ,Call Reminder , Alarm Clock,Weather Bluetooth: Bluetooth 5.0 Operation: Full screen touch + side button Size: 43mm\\u00d725.4mm\\u00d711.45mm Waterproof: 5 ATM Water Resistance\",\"inLanguage\":\"es-ES\",\"isPartOf\":{\"@id\":\"https:\\\/\\\/www.rucashk.com\\\/es\\\/#website\"},\"breadcrumb\":{\"@id\":\"https:\\\/\\\/www.rucashk.com\\\/es\\\/producto\\\/honor-band-6\\\/#breadcrumblist\"},\"author\":{\"@id\":\"https:\\\/\\\/www.rucashk.com\\\/es\\\/author\\\/admin\\\/#author\"},\"creator\":{\"@id\":\"https:\\\/\\\/www.rucashk.com\\\/es\\\/author\\\/admin\\\/#author\"},\"image\":{\"@type\":\"ImageObject\",\"url\":\"https:\\\/\\\/www.rucashk.com\\\/wp-content\\\/uploads\\\/2024\\\/01\\\/4-1-1-1.jpg\",\"@id\":\"https:\\\/\\\/www.rucashk.com\\\/es\\\/producto\\\/honor-band-6\\\/#mainImage\",\"width\":1601,\"height\":1601},\"primaryImageOfPage\":{\"@id\":\"https:\\\/\\\/www.rucashk.com\\\/es\\\/producto\\\/honor-band-6\\\/#mainImage\"},\"datePublished\":\"2024-01-09T16:15:02+00:00\",\"dateModified\":\"2024-03-12T08:23:20+00:00\"},{\"@type\":\"WebSite\",\"@id\":\"https:\\\/\\\/www.rucashk.com\\\/es\\\/#website\",\"url\":\"https:\\\/\\\/www.rucashk.com\\\/es\\\/\",\"name\":\"Rucas - Wholesale and distribution worldwide\",\"alternateName\":\"Rucas - One-stop AIoT Distribution Worldwide\",\"description\":\"One-stop AIoT Distribution Worldwide\",\"inLanguage\":\"es-ES\",\"publisher\":{\"@id\":\"https:\\\/\\\/www.rucashk.com\\\/es\\\/#organization\"}}]}\n\t\t<\/script>\n\t\t<!-- All in One SEO Pro -->\r\n\t\t<title>Huawei Honor Band 6 - Rucas - Wholesale and Distribution<\/title>\n\n","aioseo_head_json":{"title":"Huawei Honor Band 6 - Rucas - Wholesale and Distribution","description":"Version: CN Version (Without NFC)\/Global Version (Without NFC) Screen: 1.47\" AMOLED Screen Battery: 14 Days Battery Life Function: Blood Oxygen Monitoring,Heart Rate Tracker,Sleep Tracker,Message Reminder ,Call Reminder , Alarm Clock,Weather Bluetooth: Bluetooth 5.0 Operation: Full screen touch + side button Size: 43mm\u00d725.4mm\u00d711.45mm Waterproof: 5 ATM Water Resistance","canonical_url":"https:\/\/www.rucashk.com\/es\/producto\/honor-band-6\/","robots":"max-image-preview:large","keywords":"","webmasterTools":{"miscellaneous":""},"og:locale":"es_ES","og:site_name":"Rucas - One-stop AIoT Distribution Worldwide","og:type":"article","og:title":"Huawei Honor Band 6 - Rucas - Wholesale and Distribution","og:description":"Version: CN Version (Without NFC)\/Global Version (Without NFC) Screen: 1.47&quot; AMOLED Screen Battery: 14 Days Battery Life Function: Blood Oxygen Monitoring,Heart Rate Tracker,Sleep Tracker,Message Reminder ,Call Reminder , Alarm Clock,Weather Bluetooth: Bluetooth 5.0 Operation: Full screen touch + side button Size: 43mm\u00d725.4mm\u00d711.45mm Waterproof: 5 ATM Water Resistance","og:url":"https:\/\/www.rucashk.com\/es\/producto\/honor-band-6\/","og:image":"https:\/\/www.rucashk.com\/wp-content\/uploads\/replace\/503b8e645f128a97ccde2b6290747646.jpeg","og:image:secure_url":"https:\/\/www.rucashk.com\/wp-content\/uploads\/replace\/503b8e645f128a97ccde2b6290747646.jpeg","og:image:width":1456,"og:image:height":816,"article:published_time":"2024-01-09T16:15:02+00:00","article:modified_time":"2024-03-12T08:23:20+00:00","twitter:card":"summary_large_image","twitter:title":"Huawei Honor Band 6 - Rucas - Wholesale and Distribution","twitter:description":"Version: CN Version (Without NFC)\/Global Version (Without NFC) Screen: 1.47&quot; AMOLED Screen Battery: 14 Days Battery Life Function: Blood Oxygen Monitoring,Heart Rate Tracker,Sleep Tracker,Message Reminder ,Call Reminder , Alarm Clock,Weather Bluetooth: Bluetooth 5.0 Operation: Full screen touch + side button Size: 43mm\u00d725.4mm\u00d711.45mm Waterproof: 5 ATM Water Resistance","twitter:image":"https:\/\/www.rucashk.com\/wp-content\/uploads\/replace\/503b8e645f128a97ccde2b6290747646.jpeg","schema":{"@context":"https:\/\/schema.org","@graph":[{"@type":"BreadcrumbList","@id":"https:\/\/www.rucashk.com\/es\/producto\/honor-band-6\/#breadcrumblist","itemListElement":[{"@type":"ListItem","@id":"https:\/\/www.rucashk.com\/es\/#listItem","position":1,"name":"Home","item":"https:\/\/www.rucashk.com\/es\/","nextItem":"https:\/\/www.rucashk.com\/es\/producto\/honor-band-6\/#listItem"},{"@type":"ListItem","@id":"https:\/\/www.rucashk.com\/es\/producto\/honor-band-6\/#listItem","position":2,"name":"Huawei Honor Band 6","previousItem":"https:\/\/www.rucashk.com\/es\/#listItem"}]},{"@type":"Organization","@id":"https:\/\/www.rucashk.com\/es\/#organization","name":"Rucas","url":"https:\/\/www.rucashk.com\/es\/","logo":{"@type":"ImageObject","url":"https:\/\/www.rucashk.com\/wp-content\/uploads\/2023\/12\/Rucas_campany_logo.png","@id":"https:\/\/www.rucashk.com\/es\/producto\/honor-band-6\/#organizationLogo","width":221,"height":65},"image":{"@id":"https:\/\/www.rucashk.com\/es\/#organizationLogo"}},{"@type":"Person","@id":"https:\/\/www.rucashk.com\/es\/author\/admin\/#author","url":"https:\/\/www.rucashk.com\/es\/author\/admin\/","name":"admin","image":{"@type":"ImageObject","@id":"https:\/\/www.rucashk.com\/es\/producto\/honor-band-6\/#authorImage","url":"https:\/\/secure.gravatar.com\/avatar\/b7c8925b09a27e72b30232f8ecaadbd5af0f70a38c78096863fe51b64f031c24?s=96&d=mm&r=g","width":96,"height":96,"caption":"admin"}},{"@type":"WebPage","@id":"https:\/\/www.rucashk.com\/es\/producto\/honor-band-6\/#webpage","url":"https:\/\/www.rucashk.com\/es\/producto\/honor-band-6\/","name":"Huawei Honor Band 6 - Rucas - Wholesale and Distribution","description":"Version: CN Version (Without NFC)\/Global Version (Without NFC) Screen: 1.47\" AMOLED Screen Battery: 14 Days Battery Life Function: Blood Oxygen Monitoring,Heart Rate Tracker,Sleep Tracker,Message Reminder ,Call Reminder , Alarm Clock,Weather Bluetooth: Bluetooth 5.0 Operation: Full screen touch + side button Size: 43mm\u00d725.4mm\u00d711.45mm Waterproof: 5 ATM Water Resistance","inLanguage":"es-ES","isPartOf":{"@id":"https:\/\/www.rucashk.com\/es\/#website"},"breadcrumb":{"@id":"https:\/\/www.rucashk.com\/es\/producto\/honor-band-6\/#breadcrumblist"},"author":{"@id":"https:\/\/www.rucashk.com\/es\/author\/admin\/#author"},"creator":{"@id":"https:\/\/www.rucashk.com\/es\/author\/admin\/#author"},"image":{"@type":"ImageObject","url":"https:\/\/www.rucashk.com\/wp-content\/uploads\/2024\/01\/4-1-1-1.jpg","@id":"https:\/\/www.rucashk.com\/es\/producto\/honor-band-6\/#mainImage","width":1601,"height":1601},"primaryImageOfPage":{"@id":"https:\/\/www.rucashk.com\/es\/producto\/honor-band-6\/#mainImage"},"datePublished":"2024-01-09T16:15:02+00:00","dateModified":"2024-03-12T08:23:20+00:00"},{"@type":"WebSite","@id":"https:\/\/www.rucashk.com\/es\/#website","url":"https:\/\/www.rucashk.com\/es\/","name":"Rucas - Wholesale and distribution worldwide","alternateName":"Rucas - One-stop AIoT Distribution Worldwide","description":"One-stop AIoT Distribution Worldwide","inLanguage":"es-ES","publisher":{"@id":"https:\/\/www.rucashk.com\/es\/#organization"}}]}},"aioseo_meta_data":{"post_id":"25208","title":null,"description":null,"keywords":null,"keyphrases":null,"primary_term":null,"canonical_url":null,"og_title":null,"og_description":null,"og_object_type":"default","og_image_type":"default","og_image_url":null,"og_image_width":null,"og_image_height":null,"og_image_custom_url":null,"og_image_custom_fields":null,"og_video":null,"og_custom_url":null,"og_article_section":null,"og_article_tags":null,"twitter_use_og":false,"twitter_card":"default","twitter_image_type":"default","twitter_image_url":null,"twitter_image_custom_url":null,"twitter_image_custom_fields":null,"twitter_title":null,"twitter_description":null,"schema":{"blockGraphs":[],"customGraphs":[],"default":{"data":{"Article":[],"Course":[],"Dataset":[],"FAQPage":[],"Movie":[],"Person":[],"Product":[],"Recipe":[],"Service":[],"SoftwareApplication":[],"WebPage":[]},"graphName":"","isEnabled":true},"graphs":[]},"schema_type":"default","schema_type_options":null,"pillar_content":false,"robots_default":true,"robots_noindex":false,"robots_noarchive":false,"robots_nosnippet":false,"robots_nofollow":false,"robots_noimageindex":false,"robots_noodp":false,"robots_notranslate":false,"robots_max_snippet":null,"robots_max_videopreview":null,"robots_max_imagepreview":"large","priority":null,"frequency":null,"local_seo":null,"breadcrumb_settings":null,"limit_modified_date":false,"created":"2024-04-11 01:57:18","updated":"2025-06-22 17:49:11"},"aioseo_breadcrumb":"<div class=\"aioseo-breadcrumbs\"><span class=\"aioseo-breadcrumb\">\n\t<a href=\"https:\/\/www.rucashk.com\/es\" title=\"Home\">Home<\/a>\n<\/span><span class=\"aioseo-breadcrumb-separator\">&raquo;<\/span><span class=\"aioseo-breadcrumb\">\n\t<a href=\"https:\/\/www.rucashk.com\/es\/products\/\" title=\"Productos\">Productos<\/a>\n<\/span><span class=\"aioseo-breadcrumb-separator\">&raquo;<\/span><span class=\"aioseo-breadcrumb\">\n\t<a href=\"https:\/\/www.rucashk.com\/es\/categoria-producto\/other-a-brands\/\" title=\"Other A-Brands\">Other A-Brands<\/a>\n<\/span><span class=\"aioseo-breadcrumb-separator\">&raquo;<\/span><span class=\"aioseo-breadcrumb\">\n\t<a href=\"https:\/\/www.rucashk.com\/es\/categoria-producto\/other-a-brands\/huawei-other-a-brands\/\" title=\"Huawei\">Huawei<\/a>\n<\/span><span class=\"aioseo-breadcrumb-separator\">&raquo;<\/span><span class=\"aioseo-breadcrumb\">\n\tHuawei Honor Band 6\n<\/span><\/div>","aioseo_breadcrumb_json":[{"label":"Home","link":"https:\/\/www.rucashk.com\/es"},{"label":"Productos","link":"https:\/\/www.rucashk.com\/es\/products\/"},{"label":"Other A-Brands","link":"https:\/\/www.rucashk.com\/es\/categoria-producto\/other-a-brands\/"},{"label":"Huawei","link":"https:\/\/www.rucashk.com\/es\/categoria-producto\/other-a-brands\/huawei-other-a-brands\/"},{"label":"Huawei Honor Band 6","link":"https:\/\/www.rucashk.com\/es\/producto\/honor-band-6\/"}],"_links":{"self":[{"href":"https:\/\/www.rucashk.com\/es\/wp-json\/wp\/v2\/product\/25208","targetHints":{"allow":["GET"]}}],"collection":[{"href":"https:\/\/www.rucashk.com\/es\/wp-json\/wp\/v2\/product"}],"about":[{"href":"https:\/\/www.rucashk.com\/es\/wp-json\/wp\/v2\/types\/product"}],"wp:featuredmedia":[{"embeddable":true,"href":"https:\/\/www.rucashk.com\/es\/wp-json\/wp\/v2\/media\/25279"}],"wp:attachment":[{"href":"https:\/\/www.rucashk.com\/es\/wp-json\/wp\/v2\/media?parent=25208"}],"wp:term":[{"taxonomy":"product_brand","embeddable":true,"href":"https:\/\/www.rucashk.com\/es\/wp-json\/wp\/v2\/product_brand?post=25208"},{"taxonomy":"product_cat","embeddable":true,"href":"https:\/\/www.rucashk.com\/es\/wp-json\/wp\/v2\/product_cat?post=25208"},{"taxonomy":"product_tag","embeddable":true,"href":"https:\/\/www.rucashk.com\/es\/wp-json\/wp\/v2\/product_tag?post=25208"}],"curies":[{"name":"wp","href":"https:\/\/api.w.org\/{rel}","templated":true}]}}