{"id":25207,"date":"2024-01-09T16:15:02","date_gmt":"2024-01-09T16:15:02","guid":{"rendered":"http:\/\/rucashk.com\/?post_type=product&#038;p=25207"},"modified":"2024-01-23T10:18:40","modified_gmt":"2024-01-23T10:18:40","slug":"oneplus-9-128g","status":"publish","type":"product","link":"https:\/\/www.rucashk.com\/es\/producto\/oneplus-9-128g\/","title":{"rendered":"OnePlus 9 128G"},"content":{"rendered":"<div class=\"detailmodule_text-image\">\n<p class=\"detail-desc-decorate-content\">\n<p><img decoding=\"async\" class=\"detail-desc-decorate-image\" src=\"https:\/\/www.rucashk.com\/wp-content\/uploads\/2021\/04\/H2d9eac3d5f6d4d2890da382ff17dfd74W.png\" data-spm-anchor-id=\"a2g0o.detail.1000023.i0.4a1b7ef0xMUyaQ\" \/><img decoding=\"async\" class=\"detail-desc-decorate-image\" src=\"https:\/\/www.rucashk.com\/wp-content\/uploads\/2021\/04\/H440121cafac64dc9a736c5419f0e1daex.png\" \/><\/div>\n<div class=\"detailmodule_text-image\">\n<p class=\"detail-desc-decorate-title\">C\u00e1mara Hasselblad para m\u00f3viles<\/p>\n<p class=\"detail-desc-decorate-content\">Exclusiva de OnePlus y desarrollada conjuntamente con Hasselblad, la emblem\u00e1tica c\u00e1mara Hasselblad para dispositivos m\u00f3viles ofrece innovaciones en fotograf\u00eda m\u00f3vil l\u00edderes en la industria. Dise\u00f1ado para cada situaci\u00f3n, cree sin esfuerzo escenas inolvidables con el mundo como lienzo. Con el OnePlus 9, ha llegado Your Best Shot.<\/p>\n<p><img decoding=\"async\" class=\"detail-desc-decorate-image\" src=\"https:\/\/www.rucashk.com\/wp-content\/uploads\/2021\/04\/Hdb75a6a4115240938ff29e4131f56a3dn.png\" \/><\/div>\n<div class=\"detailmodule_text-image\">\n<p class=\"detail-desc-decorate-title\">Calibraci\u00f3n de color natural con Hasselblad<\/p>\n<p class=\"detail-desc-decorate-content\">Desarrollado junto con Hasselblad y sus visionarios embajadores, OnePlus ofrece un rendimiento de color incomparable a los tel\u00e9fonos inteligentes. Con la Calibraci\u00f3n de color natural, disfrute de colores incre\u00edblemente aut\u00e9nticos y la reproducci\u00f3n del tono de piel m\u00e1s natural para fotograf\u00edas m\u00f3viles impresionantes.<\/p>\n<p><img decoding=\"async\" class=\"detail-desc-decorate-image\" src=\"https:\/\/www.rucashk.com\/wp-content\/uploads\/2021\/04\/Hd491b3db791b498685dff94817640f91d.png\" \/><\/div>\n<div class=\"detailmodule_text\">\n<p class=\"detail-desc-decorate-title\">C\u00e1mara principal de 48 MP+C\u00e1mara ultra gran angular de 50 MP+Lente monocrom\u00e1tica<\/p>\n<p class=\"detail-desc-decorate-content\">Dise\u00f1ada para cada situaci\u00f3n, la c\u00e1mara principal equilibra el rendimiento sin concesiones con nuestras funciones m\u00e1s innovadoras. Desde principiantes hasta los profesionales m\u00e1s exigentes, disfruta del m\u00e1ximo control al alcance de tu mano. Con el mundo como lienzo, crear escenas inolvidables no requiere ning\u00fan esfuerzo. El sistema de c\u00e1mara ultra ancha de 50 MP, l\u00edder en su clase, simboliza la incesante excelencia tecnol\u00f3gica de OnePlus. La innovadora lente Freeform ofrece claridad y detalle de gran angular sin igual. Capture su vida sin l\u00edmites y potencie su visi\u00f3n con OnePlus 9.<\/p>\n<\/div>\n<div class=\"detailmodule_image\"><img decoding=\"async\" class=\"detail-desc-decorate-image\" src=\"https:\/\/www.rucashk.com\/wp-content\/uploads\/2021\/04\/H67200314bfa346a28d955049eee0c9d5q.jpg\" \/><\/div>\n<div class=\"detailmodule_text-image\">\n<p class=\"detail-desc-decorate-title\">Tomada con OnePlus x Hasselblad<\/p>\n<p class=\"detail-desc-decorate-content\">Experimenta una visi\u00f3n gran angular sin l\u00edmites<\/p>\n<p><img decoding=\"async\" class=\"detail-desc-decorate-image\" src=\"https:\/\/www.rucashk.com\/wp-content\/uploads\/2021\/04\/H3b66b806938f43b7be87dbc12a9e8a10H.png\" \/><img decoding=\"async\" class=\"detail-desc-decorate-image\" src=\"https:\/\/www.rucashk.com\/wp-content\/uploads\/2021\/04\/H4d4a8f74488149bf90b4af3687bd6263Q.png\" \/><img decoding=\"async\" class=\"detail-desc-decorate-image\" src=\"https:\/\/www.rucashk.com\/wp-content\/uploads\/2021\/04\/Hea5ba3c5ec434a8da9e4429504139222k.png\" \/><\/div>\n<div class=\"detailmodule_text-image\">\n<p class=\"detail-desc-decorate-title\">Conectar. Captura. Crear.<\/p>\n<p class=\"detail-desc-decorate-content\">Da vida a los momentos de la vida con v\u00eddeos impresionantes. Capture los que importan en 8K impecablemente fluido e hiperrealista. Edite obras maestras cinematogr\u00e1ficas de nivel profesional con controles f\u00e1ciles de usar y efectos incre\u00edbles. Cuente y comparta su historia con OnePlus 9.<\/p>\n<p><img decoding=\"async\" class=\"detail-desc-decorate-image\" src=\"https:\/\/www.rucashk.com\/wp-content\/uploads\/2021\/04\/H01abac59cecc4b5495ba63c6488570dar.png\" \/><\/div>\n<div class=\"detailmodule_text-image\">\n<p class=\"detail-desc-decorate-title\">Dise\u00f1ado para la velocidad<\/p>\n<p class=\"detail-desc-decorate-content\">La experiencia exclusiva de OnePlus &#039;R\u00e1pido y Suave&#039; personifica nuestro esp\u00edritu Never Settle. Con nuestra CPU 5G ultrapotente y ultrapotente Snapdragon\u2122 888 y RAM de pr\u00f3xima generaci\u00f3n, ha llegado una potencia sin concesiones. Experimente el siguiente nivel de rapidez y fluidez con OnePlus 9.<\/p>\n<p><img decoding=\"async\" class=\"detail-desc-decorate-image\" src=\"https:\/\/www.rucashk.com\/wp-content\/uploads\/2021\/04\/Hb44fb4346a874fec98e150c0b7d6a201D.png\" \/><\/div>\n<div class=\"detailmodule_text-image\">\n<p class=\"detail-desc-decorate-title\">Siempre fresco para usar<\/p>\n<p class=\"detail-desc-decorate-content\">OnePlus Cool Play es un sistema de refrigeraci\u00f3n multicapa dise\u00f1ado a medida. Con capas de grafito m\u00e1s gruesas y una c\u00e1mara de vapor m\u00e1s grande, el calor se redirige eficientemente lejos de los componentes t\u00e9rmicos clave. Disfrute de un rendimiento r\u00e1pido, fluido y fresco incluso cuando juegue. Juega sin concesiones en todo momento.<\/p>\n<p><img decoding=\"async\" class=\"detail-desc-decorate-image\" src=\"https:\/\/www.rucashk.com\/wp-content\/uploads\/2021\/04\/Ha177716c170a4362990383f8f82f6899S.png\" \/><\/div>\n<div class=\"detailmodule_text-image\">\n<p class=\"detail-desc-decorate-title\">Carga de deformaci\u00f3n 65T<\/p>\n<p class=\"detail-desc-decorate-content\">Warp Charge 65T es nuestra soluci\u00f3n de carga m\u00e1s avanzada y ofrece energ\u00eda para un d\u00eda en 15 minutos. y la carga r\u00e1pida universal para tus otros dispositivos aporta versatilidad adicional. M\u00e1s r\u00e1pido e inteligente, mant\u00e9n el control con Warp Charge 65T.<\/p>\n<p><img decoding=\"async\" class=\"detail-desc-decorate-image\" src=\"https:\/\/www.rucashk.com\/wp-content\/uploads\/2021\/04\/H0c5c744f357840368bc8c94bb108349eU.png\" \/><\/div>\n<div class=\"detailmodule_text-image\">\n<p class=\"detail-desc-decorate-title\">Dise\u00f1o premium<\/p>\n<p class=\"detail-desc-decorate-content\">El OnePlus 9 encarna la nueva y audaz visi\u00f3n &quot;Dise\u00f1ado por OnePlus&quot;. Experimente una combinaci\u00f3n exclusiva de imaginaci\u00f3n, materiales de alta gama y artesan\u00eda meticulosa. Tres combinaciones de colores impregnadas de la naturaleza evocan una calma serena. Vea y sienta la pureza del dise\u00f1o de primera mano con OnePlus 9.<\/p>\n<p><img decoding=\"async\" class=\"detail-desc-decorate-image\" src=\"https:\/\/www.rucashk.com\/wp-content\/uploads\/2021\/04\/H8ea5d44f96774530a4b6f1faa4a82140l.png\" \/><\/div>\n<div class=\"detailmodule_text-image\">\n<p class=\"detail-desc-decorate-title\">Pantalla de fluido de 120 Hz<\/p>\n<p class=\"detail-desc-decorate-content\">La pantalla fluida AMOLED de 6,55\u203311 del OnePlus 9 ofrece un desplazamiento ultrasuave en cada fotograma. Con un panel de 120 Hz, nuestra mejor pantalla plana ofrece una experiencia visual emblem\u00e1tica. Al ofrecer detalles y precisi\u00f3n de color mejorados, todos los ojos est\u00e1n puestos en el OnePlus 9.<\/p>\n<p><img decoding=\"async\" class=\"detail-desc-decorate-image\" src=\"https:\/\/www.rucashk.com\/wp-content\/uploads\/2021\/04\/Hb7c17943f0ff48d1a519f335b3d406fbi.png\" \/><\/div>\n<div class=\"detailmodule_text-image\">\n<p class=\"detail-desc-decorate-title\">Tan, tan suave<\/p>\n<p class=\"detail-desc-decorate-content\">Co-creado con nuestra extraordinaria comunidad OnePlus, el popular OxygenOS 11 personifica nuestra visi\u00f3n Never Settle. Al presentar nuevas funciones y una interfaz de usuario actualizada, hemos mejorado todo hasta 11. M\u00e1s intuitivo e inmersivo, experimente nuestro sistema operativo m\u00e1s r\u00e1pido y fluido.<\/p>\n<p><img decoding=\"async\" class=\"detail-desc-decorate-image\" src=\"https:\/\/www.rucashk.com\/wp-content\/uploads\/2021\/04\/H501a94e26592464081ef9a89653b2316C.png\" data-spm-anchor-id=\"a2g0o.detail.1000023.i2.4a1b7ef0xMUyaQ\" \/><\/div>","protected":false},"excerpt":{"rendered":"<p>Model: OnePlus 9<br \/>\nDisplay: 6.55&#8221;, 20:9, 2400&#215;1080 402 ppi, 120 Hz Fluid AMOLED, sRGB, Display P3<br \/>\nSO: OxygenOS basado en Android 11<br \/>\nCPU: Qualcomm Snapdragon 888, conjunto de chips 5G: X60<br \/>\nStorage: 8GB RAM+128GB ROM\/12GB RAM+256GB ROM<br \/>\nBattery: 4500mAh, Warp Charge 65T(10V\/6.5A)<br \/>\nRear Camera: 48MP(IMX689)+50MP(IMX766)+2MP<br \/>\nC\u00e1mara frontal: 16MP (IMX471), desbloqueo facial<br \/>\nCaracter\u00edsticas: Versi\u00f3n CN con ROM global, compatible con el servicio de Google, actualizaci\u00f3n OTA y en varios idiomas, huella digital en pantalla, Bluetooth 5.2, NFC<br \/>\nConectividad: Doble ranura para tarjeta Nano SIM<\/p>","protected":false},"featured_media":25274,"template":"","meta":[],"product_brand":[],"product_cat":[1295,1304],"product_tag":[],"class_list":{"0":"post-25207","1":"product","2":"type-product","3":"status-publish","4":"has-post-thumbnail","6":"product_cat-mobile-phone","7":"product_cat-oneplus-mobile-phone","9":"first","10":"instock","11":"shipping-taxable","12":"product-type-external"},"aioseo_notices":[],"aioseo_head":"\n\t\t<!-- All in One SEO Pro 4.5.9.2 - aioseo.com -->\n\t\t<meta name=\"description\" content=\"Model: OnePlus 9 Display: 6.55&#039;&#039;, 20:9, 2400x1080 402 ppi, 120 Hz Fluid AMOLED, sRGB, Display P3 OS: OxygenOS based on Android 11 CPU: Qualcomm Snapdragon 888, 5G Chipset: X60 Storage: 8GB RAM+128GB ROM\/12GB RAM+256GB ROM Battery: 4500mAh, Warp Charge 65T(10V\/6.5A) Rear Camera: 48MP(IMX689)+50MP(IMX766)+2MP Front Camera: 16MP(IMX471), Face Unlock Features: CN Version With Global ROM, support Google Service, Multi-languages and OTA update, In-display Fingerprint, Bluetooth 5.2, NFC Connectivity: Dual Nano SIM Card Slot\" \/>\n\t\t<meta name=\"robots\" content=\"max-image-preview:large\" \/>\n\t\t<link rel=\"canonical\" href=\"https:\/\/www.rucashk.com\/es\/producto\/oneplus-9-128g\/\" \/>\n\t\t<meta name=\"generator\" content=\"All in One SEO Pro (AIOSEO) 4.5.9.2\" \/>\n\t\t<meta property=\"og:locale\" content=\"es_ES\" \/>\n\t\t<meta property=\"og:site_name\" content=\"Rucas - One-stop AIoT Distribution Worldwide\" \/>\n\t\t<meta property=\"og:type\" content=\"article\" \/>\n\t\t<meta property=\"og:title\" content=\"OnePlus 9 128G - Rucas - Wholesale and Distribution\" \/>\n\t\t<meta property=\"og:description\" content=\"Model: OnePlus 9 Display: 6.55&#039;&#039;, 20:9, 2400x1080 402 ppi, 120 Hz Fluid AMOLED, sRGB, Display P3 OS: OxygenOS based on Android 11 CPU: Qualcomm Snapdragon 888, 5G Chipset: X60 Storage: 8GB RAM+128GB ROM\/12GB RAM+256GB ROM Battery: 4500mAh, Warp Charge 65T(10V\/6.5A) Rear Camera: 48MP(IMX689)+50MP(IMX766)+2MP Front Camera: 16MP(IMX471), Face Unlock Features: CN Version With Global ROM, support Google Service, Multi-languages and OTA update, In-display Fingerprint, Bluetooth 5.2, NFC Connectivity: Dual Nano SIM Card Slot\" \/>\n\t\t<meta property=\"og:url\" content=\"https:\/\/www.rucashk.com\/es\/producto\/oneplus-9-128g\/\" \/>\n\t\t<meta property=\"og:image\" content=\"https:\/\/www.rucashk.com\/wp-content\/uploads\/replace\/503b8e645f128a97ccde2b6290747646.jpeg\" \/>\n\t\t<meta property=\"og:image:secure_url\" content=\"https:\/\/www.rucashk.com\/wp-content\/uploads\/replace\/503b8e645f128a97ccde2b6290747646.jpeg\" \/>\n\t\t<meta property=\"og:image:width\" content=\"1456\" \/>\n\t\t<meta property=\"og:image:height\" content=\"816\" \/>\n\t\t<meta property=\"article:published_time\" content=\"2024-01-09T16:15:02+00:00\" \/>\n\t\t<meta property=\"article:modified_time\" content=\"2024-01-23T10:18:40+00:00\" \/>\n\t\t<meta name=\"twitter:card\" content=\"summary_large_image\" \/>\n\t\t<meta name=\"twitter:title\" content=\"OnePlus 9 128G - Rucas - Wholesale and Distribution\" \/>\n\t\t<meta name=\"twitter:description\" content=\"Model: OnePlus 9 Display: 6.55&#039;&#039;, 20:9, 2400x1080 402 ppi, 120 Hz Fluid AMOLED, sRGB, Display P3 OS: OxygenOS based on Android 11 CPU: Qualcomm Snapdragon 888, 5G Chipset: X60 Storage: 8GB RAM+128GB ROM\/12GB RAM+256GB ROM Battery: 4500mAh, Warp Charge 65T(10V\/6.5A) Rear Camera: 48MP(IMX689)+50MP(IMX766)+2MP Front Camera: 16MP(IMX471), Face Unlock Features: CN Version With Global ROM, support Google Service, Multi-languages and OTA update, In-display Fingerprint, Bluetooth 5.2, NFC Connectivity: Dual Nano SIM Card Slot\" \/>\n\t\t<meta name=\"twitter:image\" content=\"https:\/\/www.rucashk.com\/wp-content\/uploads\/replace\/503b8e645f128a97ccde2b6290747646.jpeg\" \/>\n\t\t<script type=\"application\/ld+json\" class=\"aioseo-schema\">\n\t\t\t{\"@context\":\"https:\\\/\\\/schema.org\",\"@graph\":[{\"@type\":\"BreadcrumbList\",\"@id\":\"https:\\\/\\\/www.rucashk.com\\\/es\\\/producto\\\/oneplus-9-128g\\\/#breadcrumblist\",\"itemListElement\":[{\"@type\":\"ListItem\",\"@id\":\"https:\\\/\\\/www.rucashk.com\\\/es\\\/#listItem\",\"position\":1,\"name\":\"Home\",\"item\":\"https:\\\/\\\/www.rucashk.com\\\/es\\\/\",\"nextItem\":\"https:\\\/\\\/www.rucashk.com\\\/es\\\/producto\\\/oneplus-9-128g\\\/#listItem\"},{\"@type\":\"ListItem\",\"@id\":\"https:\\\/\\\/www.rucashk.com\\\/es\\\/producto\\\/oneplus-9-128g\\\/#listItem\",\"position\":2,\"name\":\"OnePlus 9 128G\",\"previousItem\":\"https:\\\/\\\/www.rucashk.com\\\/es\\\/#listItem\"}]},{\"@type\":\"Organization\",\"@id\":\"https:\\\/\\\/www.rucashk.com\\\/es\\\/#organization\",\"name\":\"Rucas\",\"url\":\"https:\\\/\\\/www.rucashk.com\\\/es\\\/\",\"logo\":{\"@type\":\"ImageObject\",\"url\":\"https:\\\/\\\/www.rucashk.com\\\/wp-content\\\/uploads\\\/2023\\\/12\\\/Rucas_campany_logo.png\",\"@id\":\"https:\\\/\\\/www.rucashk.com\\\/es\\\/producto\\\/oneplus-9-128g\\\/#organizationLogo\",\"width\":221,\"height\":65},\"image\":{\"@id\":\"https:\\\/\\\/www.rucashk.com\\\/es\\\/#organizationLogo\"}},{\"@type\":\"Person\",\"@id\":\"https:\\\/\\\/www.rucashk.com\\\/es\\\/author\\\/admin\\\/#author\",\"url\":\"https:\\\/\\\/www.rucashk.com\\\/es\\\/author\\\/admin\\\/\",\"name\":\"admin\",\"image\":{\"@type\":\"ImageObject\",\"@id\":\"https:\\\/\\\/www.rucashk.com\\\/es\\\/producto\\\/oneplus-9-128g\\\/#authorImage\",\"url\":\"https:\\\/\\\/secure.gravatar.com\\\/avatar\\\/b7c8925b09a27e72b30232f8ecaadbd5af0f70a38c78096863fe51b64f031c24?s=96&d=mm&r=g\",\"width\":96,\"height\":96,\"caption\":\"admin\"}},{\"@type\":\"WebPage\",\"@id\":\"https:\\\/\\\/www.rucashk.com\\\/es\\\/producto\\\/oneplus-9-128g\\\/#webpage\",\"url\":\"https:\\\/\\\/www.rucashk.com\\\/es\\\/producto\\\/oneplus-9-128g\\\/\",\"name\":\"OnePlus 9 128G - Rucas - Wholesale and Distribution\",\"description\":\"Model: OnePlus 9 Display: 6.55'', 20:9, 2400x1080 402 ppi, 120 Hz Fluid AMOLED, sRGB, Display P3 OS: OxygenOS based on Android 11 CPU: Qualcomm Snapdragon 888, 5G Chipset: X60 Storage: 8GB RAM+128GB ROM\\\/12GB RAM+256GB ROM Battery: 4500mAh, Warp Charge 65T(10V\\\/6.5A) Rear Camera: 48MP(IMX689)+50MP(IMX766)+2MP Front Camera: 16MP(IMX471), Face Unlock Features: CN Version With Global ROM, support Google Service, Multi-languages and OTA update, In-display Fingerprint, Bluetooth 5.2, NFC Connectivity: Dual Nano SIM Card Slot\",\"inLanguage\":\"es-ES\",\"isPartOf\":{\"@id\":\"https:\\\/\\\/www.rucashk.com\\\/es\\\/#website\"},\"breadcrumb\":{\"@id\":\"https:\\\/\\\/www.rucashk.com\\\/es\\\/producto\\\/oneplus-9-128g\\\/#breadcrumblist\"},\"author\":{\"@id\":\"https:\\\/\\\/www.rucashk.com\\\/es\\\/author\\\/admin\\\/#author\"},\"creator\":{\"@id\":\"https:\\\/\\\/www.rucashk.com\\\/es\\\/author\\\/admin\\\/#author\"},\"image\":{\"@type\":\"ImageObject\",\"url\":\"https:\\\/\\\/www.rucashk.com\\\/wp-content\\\/uploads\\\/2024\\\/01\\\/5-3-1.jpg\",\"@id\":\"https:\\\/\\\/www.rucashk.com\\\/es\\\/producto\\\/oneplus-9-128g\\\/#mainImage\",\"width\":800,\"height\":800},\"primaryImageOfPage\":{\"@id\":\"https:\\\/\\\/www.rucashk.com\\\/es\\\/producto\\\/oneplus-9-128g\\\/#mainImage\"},\"datePublished\":\"2024-01-09T16:15:02+00:00\",\"dateModified\":\"2024-01-23T10:18:40+00:00\"},{\"@type\":\"WebSite\",\"@id\":\"https:\\\/\\\/www.rucashk.com\\\/es\\\/#website\",\"url\":\"https:\\\/\\\/www.rucashk.com\\\/es\\\/\",\"name\":\"Rucas - Wholesale and distribution worldwide\",\"alternateName\":\"Rucas - One-stop AIoT Distribution Worldwide\",\"description\":\"One-stop AIoT Distribution Worldwide\",\"inLanguage\":\"es-ES\",\"publisher\":{\"@id\":\"https:\\\/\\\/www.rucashk.com\\\/es\\\/#organization\"}}]}\n\t\t<\/script>\n\t\t<!-- All in One SEO Pro -->\r\n\t\t<title>OnePlus 9 128G - Rucas - Wholesale and Distribution<\/title>\n\n","aioseo_head_json":{"title":"OnePlus 9 128G - Rucas - Wholesale and Distribution","description":"Model: OnePlus 9 Display: 6.55'', 20:9, 2400x1080 402 ppi, 120 Hz Fluid AMOLED, sRGB, Display P3 OS: OxygenOS based on Android 11 CPU: Qualcomm Snapdragon 888, 5G Chipset: X60 Storage: 8GB RAM+128GB ROM\/12GB RAM+256GB ROM Battery: 4500mAh, Warp Charge 65T(10V\/6.5A) Rear Camera: 48MP(IMX689)+50MP(IMX766)+2MP Front Camera: 16MP(IMX471), Face Unlock Features: CN Version With Global ROM, support Google Service, Multi-languages and OTA update, In-display Fingerprint, Bluetooth 5.2, NFC Connectivity: Dual Nano SIM Card Slot","canonical_url":"https:\/\/www.rucashk.com\/es\/producto\/oneplus-9-128g\/","robots":"max-image-preview:large","keywords":"","webmasterTools":{"miscellaneous":""},"og:locale":"es_ES","og:site_name":"Rucas - One-stop AIoT Distribution Worldwide","og:type":"article","og:title":"OnePlus 9 128G - Rucas - Wholesale and Distribution","og:description":"Model: OnePlus 9 Display: 6.55'', 20:9, 2400x1080 402 ppi, 120 Hz Fluid AMOLED, sRGB, Display P3 OS: OxygenOS based on Android 11 CPU: Qualcomm Snapdragon 888, 5G Chipset: X60 Storage: 8GB RAM+128GB ROM\/12GB RAM+256GB ROM Battery: 4500mAh, Warp Charge 65T(10V\/6.5A) Rear Camera: 48MP(IMX689)+50MP(IMX766)+2MP Front Camera: 16MP(IMX471), Face Unlock Features: CN Version With Global ROM, support Google Service, Multi-languages and OTA update, In-display Fingerprint, Bluetooth 5.2, NFC Connectivity: Dual Nano SIM Card Slot","og:url":"https:\/\/www.rucashk.com\/es\/producto\/oneplus-9-128g\/","og:image":"https:\/\/www.rucashk.com\/wp-content\/uploads\/replace\/503b8e645f128a97ccde2b6290747646.jpeg","og:image:secure_url":"https:\/\/www.rucashk.com\/wp-content\/uploads\/replace\/503b8e645f128a97ccde2b6290747646.jpeg","og:image:width":1456,"og:image:height":816,"article:published_time":"2024-01-09T16:15:02+00:00","article:modified_time":"2024-01-23T10:18:40+00:00","twitter:card":"summary_large_image","twitter:title":"OnePlus 9 128G - Rucas - Wholesale and Distribution","twitter:description":"Model: OnePlus 9 Display: 6.55'', 20:9, 2400x1080 402 ppi, 120 Hz Fluid AMOLED, sRGB, Display P3 OS: OxygenOS based on Android 11 CPU: Qualcomm Snapdragon 888, 5G Chipset: X60 Storage: 8GB RAM+128GB ROM\/12GB RAM+256GB ROM Battery: 4500mAh, Warp Charge 65T(10V\/6.5A) Rear Camera: 48MP(IMX689)+50MP(IMX766)+2MP Front Camera: 16MP(IMX471), Face Unlock Features: CN Version With Global ROM, support Google Service, Multi-languages and OTA update, In-display Fingerprint, Bluetooth 5.2, NFC Connectivity: Dual Nano SIM Card Slot","twitter:image":"https:\/\/www.rucashk.com\/wp-content\/uploads\/replace\/503b8e645f128a97ccde2b6290747646.jpeg","schema":{"@context":"https:\/\/schema.org","@graph":[{"@type":"BreadcrumbList","@id":"https:\/\/www.rucashk.com\/es\/producto\/oneplus-9-128g\/#breadcrumblist","itemListElement":[{"@type":"ListItem","@id":"https:\/\/www.rucashk.com\/es\/#listItem","position":1,"name":"Home","item":"https:\/\/www.rucashk.com\/es\/","nextItem":"https:\/\/www.rucashk.com\/es\/producto\/oneplus-9-128g\/#listItem"},{"@type":"ListItem","@id":"https:\/\/www.rucashk.com\/es\/producto\/oneplus-9-128g\/#listItem","position":2,"name":"OnePlus 9 128G","previousItem":"https:\/\/www.rucashk.com\/es\/#listItem"}]},{"@type":"Organization","@id":"https:\/\/www.rucashk.com\/es\/#organization","name":"Rucas","url":"https:\/\/www.rucashk.com\/es\/","logo":{"@type":"ImageObject","url":"https:\/\/www.rucashk.com\/wp-content\/uploads\/2023\/12\/Rucas_campany_logo.png","@id":"https:\/\/www.rucashk.com\/es\/producto\/oneplus-9-128g\/#organizationLogo","width":221,"height":65},"image":{"@id":"https:\/\/www.rucashk.com\/es\/#organizationLogo"}},{"@type":"Person","@id":"https:\/\/www.rucashk.com\/es\/author\/admin\/#author","url":"https:\/\/www.rucashk.com\/es\/author\/admin\/","name":"admin","image":{"@type":"ImageObject","@id":"https:\/\/www.rucashk.com\/es\/producto\/oneplus-9-128g\/#authorImage","url":"https:\/\/secure.gravatar.com\/avatar\/b7c8925b09a27e72b30232f8ecaadbd5af0f70a38c78096863fe51b64f031c24?s=96&d=mm&r=g","width":96,"height":96,"caption":"admin"}},{"@type":"WebPage","@id":"https:\/\/www.rucashk.com\/es\/producto\/oneplus-9-128g\/#webpage","url":"https:\/\/www.rucashk.com\/es\/producto\/oneplus-9-128g\/","name":"OnePlus 9 128G - Rucas - Wholesale and Distribution","description":"Model: OnePlus 9 Display: 6.55'', 20:9, 2400x1080 402 ppi, 120 Hz Fluid AMOLED, sRGB, Display P3 OS: OxygenOS based on Android 11 CPU: Qualcomm Snapdragon 888, 5G Chipset: X60 Storage: 8GB RAM+128GB ROM\/12GB RAM+256GB ROM Battery: 4500mAh, Warp Charge 65T(10V\/6.5A) Rear Camera: 48MP(IMX689)+50MP(IMX766)+2MP Front Camera: 16MP(IMX471), Face Unlock Features: CN Version With Global ROM, support Google Service, Multi-languages and OTA update, In-display Fingerprint, Bluetooth 5.2, NFC Connectivity: Dual Nano SIM Card Slot","inLanguage":"es-ES","isPartOf":{"@id":"https:\/\/www.rucashk.com\/es\/#website"},"breadcrumb":{"@id":"https:\/\/www.rucashk.com\/es\/producto\/oneplus-9-128g\/#breadcrumblist"},"author":{"@id":"https:\/\/www.rucashk.com\/es\/author\/admin\/#author"},"creator":{"@id":"https:\/\/www.rucashk.com\/es\/author\/admin\/#author"},"image":{"@type":"ImageObject","url":"https:\/\/www.rucashk.com\/wp-content\/uploads\/2024\/01\/5-3-1.jpg","@id":"https:\/\/www.rucashk.com\/es\/producto\/oneplus-9-128g\/#mainImage","width":800,"height":800},"primaryImageOfPage":{"@id":"https:\/\/www.rucashk.com\/es\/producto\/oneplus-9-128g\/#mainImage"},"datePublished":"2024-01-09T16:15:02+00:00","dateModified":"2024-01-23T10:18:40+00:00"},{"@type":"WebSite","@id":"https:\/\/www.rucashk.com\/es\/#website","url":"https:\/\/www.rucashk.com\/es\/","name":"Rucas - Wholesale and distribution worldwide","alternateName":"Rucas - One-stop AIoT Distribution Worldwide","description":"One-stop AIoT Distribution Worldwide","inLanguage":"es-ES","publisher":{"@id":"https:\/\/www.rucashk.com\/es\/#organization"}}]}},"aioseo_meta_data":{"post_id":"25207","title":null,"description":null,"keywords":null,"keyphrases":null,"primary_term":null,"canonical_url":null,"og_title":null,"og_description":null,"og_object_type":"default","og_image_type":"default","og_image_url":null,"og_image_width":null,"og_image_height":null,"og_image_custom_url":null,"og_image_custom_fields":null,"og_video":null,"og_custom_url":null,"og_article_section":null,"og_article_tags":null,"twitter_use_og":false,"twitter_card":"default","twitter_image_type":"default","twitter_image_url":null,"twitter_image_custom_url":null,"twitter_image_custom_fields":null,"twitter_title":null,"twitter_description":null,"schema":{"blockGraphs":[],"customGraphs":[],"default":{"data":{"Article":[],"Course":[],"Dataset":[],"FAQPage":[],"Movie":[],"Person":[],"Product":[],"Recipe":[],"Service":[],"SoftwareApplication":[],"WebPage":[]},"graphName":"","isEnabled":true},"graphs":[]},"schema_type":"default","schema_type_options":null,"pillar_content":false,"robots_default":true,"robots_noindex":false,"robots_noarchive":false,"robots_nosnippet":false,"robots_nofollow":false,"robots_noimageindex":false,"robots_noodp":false,"robots_notranslate":false,"robots_max_snippet":null,"robots_max_videopreview":null,"robots_max_imagepreview":"large","priority":null,"frequency":null,"local_seo":null,"breadcrumb_settings":null,"limit_modified_date":false,"created":"2024-04-11 01:57:18","updated":"2025-06-22 17:49:11"},"aioseo_breadcrumb":"<div class=\"aioseo-breadcrumbs\"><span class=\"aioseo-breadcrumb\">\n\t<a href=\"https:\/\/www.rucashk.com\/es\" title=\"Home\">Home<\/a>\n<\/span><span class=\"aioseo-breadcrumb-separator\">&raquo;<\/span><span class=\"aioseo-breadcrumb\">\n\t<a href=\"https:\/\/www.rucashk.com\/es\/products\/\" title=\"Productos\">Productos<\/a>\n<\/span><span class=\"aioseo-breadcrumb-separator\">&raquo;<\/span><span class=\"aioseo-breadcrumb\">\n\t<a href=\"https:\/\/www.rucashk.com\/es\/categoria-producto\/mobile-phone\/\" title=\"Mobile Phone\">Mobile Phone<\/a>\n<\/span><span class=\"aioseo-breadcrumb-separator\">&raquo;<\/span><span class=\"aioseo-breadcrumb\">\n\t<a href=\"https:\/\/www.rucashk.com\/es\/categoria-producto\/mobile-phone\/oneplus-mobile-phone\/\" title=\"Oneplus\">Oneplus<\/a>\n<\/span><span class=\"aioseo-breadcrumb-separator\">&raquo;<\/span><span class=\"aioseo-breadcrumb\">\n\tOnePlus 9 128G\n<\/span><\/div>","aioseo_breadcrumb_json":[{"label":"Home","link":"https:\/\/www.rucashk.com\/es"},{"label":"Productos","link":"https:\/\/www.rucashk.com\/es\/products\/"},{"label":"Mobile Phone","link":"https:\/\/www.rucashk.com\/es\/categoria-producto\/mobile-phone\/"},{"label":"Oneplus","link":"https:\/\/www.rucashk.com\/es\/categoria-producto\/mobile-phone\/oneplus-mobile-phone\/"},{"label":"OnePlus 9 128G","link":"https:\/\/www.rucashk.com\/es\/producto\/oneplus-9-128g\/"}],"_links":{"self":[{"href":"https:\/\/www.rucashk.com\/es\/wp-json\/wp\/v2\/product\/25207","targetHints":{"allow":["GET"]}}],"collection":[{"href":"https:\/\/www.rucashk.com\/es\/wp-json\/wp\/v2\/product"}],"about":[{"href":"https:\/\/www.rucashk.com\/es\/wp-json\/wp\/v2\/types\/product"}],"wp:featuredmedia":[{"embeddable":true,"href":"https:\/\/www.rucashk.com\/es\/wp-json\/wp\/v2\/media\/25274"}],"wp:attachment":[{"href":"https:\/\/www.rucashk.com\/es\/wp-json\/wp\/v2\/media?parent=25207"}],"wp:term":[{"taxonomy":"product_brand","embeddable":true,"href":"https:\/\/www.rucashk.com\/es\/wp-json\/wp\/v2\/product_brand?post=25207"},{"taxonomy":"product_cat","embeddable":true,"href":"https:\/\/www.rucashk.com\/es\/wp-json\/wp\/v2\/product_cat?post=25207"},{"taxonomy":"product_tag","embeddable":true,"href":"https:\/\/www.rucashk.com\/es\/wp-json\/wp\/v2\/product_tag?post=25207"}],"curies":[{"name":"wp","href":"https:\/\/api.w.org\/{rel}","templated":true}]}}