{"id":25181,"date":"2024-01-09T16:14:40","date_gmt":"2024-01-09T16:14:40","guid":{"rendered":"http:\/\/rucashk.com\/?post_type=product&#038;p=25181"},"modified":"2025-06-22T07:37:20","modified_gmt":"2025-06-22T07:37:20","slug":"xiaomi-redmi-note-10-pro-128gb","status":"publish","type":"product","link":"https:\/\/www.rucashk.com\/es\/producto\/xiaomi-redmi-note-10-pro-128gb\/","title":{"rendered":"Xiaomi Redmi Note 10 Pro 128GB"},"content":{"rendered":"<div class=\"detailmodule_html\">\n<div class=\"detail-desc-decorate-richtext\">\n<div class=\"detailmodule_html\">\n<div class=\"detailmodule_html\">\n<p align=\"center\" data-spm-anchor-id=\"a2g0o.detail.1000023.i0.319b6310YOAVhc\"><strong>Redmi Nota 10 Pro<\/strong><\/p>\n<p><img decoding=\"async\" class=\"aligncenter\" src=\"https:\/\/www.rucashk.com\/wp-content\/uploads\/2021\/04\/Had2f08ddf91b4d5c976b43318d15d991d.jpg\" width=\"950px\" \/><\/p>\n<p align=\"center\"><img decoding=\"async\" class=\"aligncenter\" src=\"https:\/\/www.rucashk.com\/wp-content\/uploads\/2021\/04\/H1927dcbf07c44692a0459cc82329a2f3s.jpg\" width=\"950px\" \/><strong>C\u00e1mara cu\u00e1druple de 108MP<\/strong><br \/>\nC\u00e1mara gran angular de 108MP | C\u00e1mara ultra gran angular de 8MP | C\u00e1mara telemacro de 5MP | Sensor de profundidad de 2MP<\/p>\n<p><img decoding=\"async\" class=\"aligncenter\" src=\"https:\/\/www.rucashk.com\/wp-content\/uploads\/2021\/04\/Hcc782688160f4da3be1e98a29fb9f5d3k.jpg\" width=\"950px\" \/><\/p>\n<p align=\"center\"><strong>Vea detalles que nunca antes se hab\u00edan visto<\/strong><\/p>\n<p align=\"center\">La c\u00e1mara principal de 108MP te permite tomar fotograf\u00edas ultra claras. Haz zoom en tu foto para descubrir detalles divertidos e inesperados.<\/p>\n<p><img decoding=\"async\" class=\"aligncenter\" src=\"https:\/\/www.rucashk.com\/wp-content\/uploads\/2021\/04\/H9dddb76700d442c3ace15e11ef7f4c51q.jpg\" width=\"950px\" \/><\/p>\n<div><\/div>\n<p align=\"center\"><strong>Combinando tres tecnolog\u00edas de alta gama, la c\u00e1mara fue dise\u00f1ada para fotograf\u00eda nocturna<\/strong><\/p>\n<p align=\"center\">La c\u00e1mara principal est\u00e1 equipada con ISO nativo dual, con mayor rango din\u00e1mico, detalles m\u00e1s ricos y control de ruido profesional. Con la tecnolog\u00eda de agrupaci\u00f3n 9 en 1, los p\u00edxeles se combinan en p\u00edxeles m\u00e1s grandes de 2,1 \u03bcm, lo que aumenta la sensibilidad a la luz en 900%. El modo nocturno 2.0 con fotograma m\u00faltiple RAW reduce eficazmente el ruido y ofrece im\u00e1genes nocturnas ultran\u00edtidas.<\/p>\n<p><img decoding=\"async\" class=\"aligncenter\" src=\"https:\/\/www.rucashk.com\/wp-content\/uploads\/2021\/04\/H7e2d85cf7fa94f4eaef7d0e67ae384c5s.jpg\" width=\"950px\" \/><\/p>\n<div><\/div>\n<p><img decoding=\"async\" class=\"aligncenter\" src=\"https:\/\/www.rucashk.com\/wp-content\/uploads\/2021\/04\/H3e609ca278264a69b9fd9180c6d47166f.jpg\" width=\"950px\" \/><\/p>\n<p align=\"center\"><strong>Te permite acercarte sin perder el enfoque.<\/strong><\/p>\n<p align=\"center\">La c\u00e1mara telemacro de 5MP le permite disparar 2 veces m\u00e1s cerca que una lente macro normal, present\u00e1ndole maravillas visuales microsc\u00f3picas.<\/p>\n<p><img decoding=\"async\" class=\"aligncenter\" src=\"https:\/\/www.rucashk.com\/wp-content\/uploads\/2021\/04\/Hc517219cbf564315812422001791e14cI.jpg\" width=\"950px\" \/><\/p>\n<p align=\"center\"><strong>La fotograf\u00eda computacional avanzada inspira la creatividad<\/strong><\/p>\n<p><img decoding=\"async\" class=\"aligncenter\" src=\"https:\/\/www.rucashk.com\/wp-content\/uploads\/2021\/04\/H9bed91dcd68d438587af5173385f9aa9B.gif\" width=\"950px\" \/><\/p>\n<p align=\"center\"><strong>Desaf\u00eda tus l\u00edmites con 120HzAMOLED<\/strong><\/p>\n<p><img decoding=\"async\" class=\"aligncenter\" src=\"https:\/\/www.rucashk.com\/wp-content\/uploads\/2021\/04\/Hc8ac03f121c94300a3b4af36070c8e97G.jpg\" width=\"950px\" \/><\/p>\n<p><img decoding=\"async\" class=\"aligncenter\" src=\"https:\/\/www.rucashk.com\/wp-content\/uploads\/2021\/04\/H6ff928001cff49189bd02856c5b7d659T.jpg\" width=\"950px\" \/><\/p>\n<p><img decoding=\"async\" class=\"aligncenter\" src=\"https:\/\/www.rucashk.com\/wp-content\/uploads\/2021\/04\/Hffc386f94cce4399934666b988d9214cb.jpg\" width=\"950px\" \/><\/p>\n<div><\/div>\n<p align=\"center\"><strong>Velocidades que desaf\u00edan los l\u00edmites<\/strong><br \/>\nQualcomm Snapdragon 732G adopta tecnolog\u00eda de procesamiento de 8 nm con arquitectura avanzada de CPU y GPU, capacidad mejorada de procesamiento de datos e im\u00e1genes, lo que permite que su dispositivo admita juegos exigentes y garantiza un funcionamiento sin problemas.<br \/>\nUFS 2.2, velocidad de escritura secuencial aumentada en 100%<\/p>\n<p><img decoding=\"async\" class=\"aligncenter\" src=\"https:\/\/www.rucashk.com\/wp-content\/uploads\/2021\/04\/H58071f9b6be84d4c8b8140c1221bd9ceg.jpg\" width=\"950px\" \/><\/p>\n<div><\/div>\n<p align=\"center\"><strong>Altavoces duales, sonido potente y de calidad.<\/strong><br \/>\nEl amplio rango de sonido y la gran cavidad de sonido ofrecen un sonido potente y tridimensional. Ya sea escuchando m\u00fasica, viendo v\u00eddeos o jugando, te ofrece una experiencia de audio envolvente y emocionante.<\/p>\n<p align=\"center\"><img decoding=\"async\" class=\"aligncenter\" src=\"https:\/\/www.rucashk.com\/wp-content\/uploads\/2021\/04\/H8bed74487b8449378b3b7918426c4b9e8.jpg\" width=\"950px\" \/><\/p>\n<p align=\"center\">Desaf\u00eda tus l\u00edmites con DISE\u00d1O ELEGANTE<\/p>\n<p><img decoding=\"async\" class=\"aligncenter\" src=\"https:\/\/www.rucashk.com\/wp-content\/uploads\/2021\/04\/H59af28644f8e43d89990e6102e25c5f1i.jpg\" width=\"950px\" \/><\/p>\n<p align=\"center\"><strong>Agradable a la vista, c\u00f3modo en la mano.<\/strong><br \/>\nLas tres opciones de color, con acabado mate o brillante, ofrecen una variedad de estilos. Con un cuerpo m\u00e1s ligero y delgado*, puedes sostenerlo por m\u00e1s tiempo sin esfuerzo, mostrando su impresionante dise\u00f1o.<\/p>\n<p><img decoding=\"async\" class=\"aligncenter\" src=\"https:\/\/www.rucashk.com\/wp-content\/uploads\/2021\/04\/H451a1c6840e940d3a3245ad963f36e1aw.gif\" width=\"950px\" \/><\/p>\n<p><img decoding=\"async\" class=\"aligncenter\" src=\"https:\/\/www.rucashk.com\/wp-content\/uploads\/2021\/04\/He8a24f798b9042ab8d5d225f4aa62798s.jpg\" \/><\/p>\n<p><img decoding=\"async\" class=\"aligncenter\" src=\"https:\/\/www.rucashk.com\/wp-content\/uploads\/2021\/04\/H4069b85a26b84246a39e78d0b98afd9dt.jpg\" \/><\/p>\n<p><img decoding=\"async\" class=\"aligncenter\" src=\"https:\/\/www.rucashk.com\/wp-content\/uploads\/2021\/04\/Hd6bdb1fc09bd4bedae0320f516c47e21Q.jpg\" \/><img decoding=\"async\" class=\"aligncenter\" src=\"https:\/\/www.rucashk.com\/wp-content\/uploads\/2021\/04\/H132cc78b21934289aec3b808bc6399d76.jpg\" data-spm-anchor-id=\"a2g0o.detail.1000023.i1.319b6310YOAVhc\" \/><span class=\"xm-text f24 f-light\">Notas*5020mAh se refiere al valor t\u00edpico de la capacidad de la bater\u00eda del Redmi Note 10 Pro.*La velocidad de escritura secuencial es 100% mayor que UFS 2.1. Probado en los laboratorios internos de Xiaomi. Los resultados reales pueden variar.*En comparaci\u00f3n con Redmi Note 9 Pro, el cuerpo es m\u00e1s liviano y delgado.*Las im\u00e1genes y videos en esta p\u00e1gina son solo para fines ilustrativos y pueden no ser la representaci\u00f3n exacta del producto.*Los tel\u00e9fonos generales utilizados para Las comparaciones en la p\u00e1gina son los propios tel\u00e9fonos m\u00f3viles de Redmi. *A menos que se indique lo contrario en la p\u00e1gina del producto Redmi Note 10 Pro, todos los datos provienen de los laboratorios, especificaciones de dise\u00f1o del producto y proveedores de Xiaomi. Los datos de prueba pueden variar ligeramente debido a diferentes versiones de software, versiones de tel\u00e9fono probadas y entornos de prueba y pueden no reflejar el producto real.<\/span><\/p>\n<\/div>\n<div class=\"detailmodule_dynamic\"><\/div>\n<\/div>\n<div class=\"detailmodule_dynamic\"><\/div>\n<\/div>\n<\/div>\n<div class=\"detailmodule_dynamic\">\n<div>\n<p><img decoding=\"async\" class=\"aligncenter\" src=\"https:\/\/www.rucashk.com\/wp-content\/uploads\/2021\/04\/HTB1rsagTAzoK1RjSZFlq6yi4VXan.jpg\" \/><\/p>\n<\/div>\n<\/div>","protected":false},"excerpt":{"rendered":"<p>108MP Quad Camera, 6.67&#8243; Amoled 120Hz Display, Qualcomm 732G<\/p>\n<p>CPU: Snapdragon 732G Octa Core CPU<\/p>\n<p>Screen: 6.67 inch 2400x1080P FHD+ AMOLED DotDisplay, Refresh rate: 120Hz<\/p>\n<p>RAM+ROM: 6GB + 128GB<\/p>\n<p>Camera: 108MP+8MP+5MP+2MP Quad Rear Camera, 16MP Front Camera<\/p>\n<p>Battery: 5020mAh(Typ), Support 33W Fast Charging, In-box 33W Charger<\/p>\n<p>OS: MIUI 12, MIUI Global, Support Google Play, Multi-Language and OTA Update<\/p>\n<p>Other: WIFI, Bluetooth 5.1, GPS, Arc Side Fingerprint ID, AI Face Unlock, IR Blaster, NFC<\/p>","protected":false},"featured_media":25262,"template":"","meta":[],"product_brand":[1363],"product_cat":[1295,1297],"product_tag":[],"class_list":{"0":"post-25181","1":"product","2":"type-product","3":"status-publish","4":"has-post-thumbnail","6":"product_brand-xiaomi","7":"product_cat-mobile-phone","8":"product_cat-redmi-mobile-phone","10":"first","11":"instock","12":"shipping-taxable","13":"product-type-external"},"aioseo_notices":[],"aioseo_head":"\n\t\t<!-- All in One SEO Pro 4.5.9.2 - aioseo.com -->\n\t\t<meta name=\"description\" content=\"108MP Quad Camera, 6.67&quot; Amoled 120Hz Display, Qualcomm 732G CPU: Snapdragon 732G Octa Core CPU Screen: 6.67 inch 2400x1080P FHD+ AMOLED DotDisplay, Refresh rate: 120Hz RAM+ROM: 6GB + 128GB Camera: 108MP+8MP+5MP+2MP Quad Rear Camera, 16MP Front Camera Battery: 5020mAh(Typ), Support 33W Fast Charging, In-box 33W Charger OS: MIUI 12, MIUI Global, Support Google Play, Multi-Language and OTA Update Other: WIFI, Bluetooth 5.1, GPS, Arc Side Fingerprint ID, AI Face Unlock, IR Blaster, NFC\" \/>\n\t\t<meta name=\"robots\" content=\"max-image-preview:large\" \/>\n\t\t<link rel=\"canonical\" href=\"https:\/\/www.rucashk.com\/es\/producto\/xiaomi-redmi-note-10-pro-128gb\/\" \/>\n\t\t<meta name=\"generator\" content=\"All in One SEO Pro (AIOSEO) 4.5.9.2\" \/>\n\t\t<meta property=\"og:locale\" content=\"es_ES\" \/>\n\t\t<meta property=\"og:site_name\" content=\"Rucas - One-stop AIoT Distribution Worldwide\" \/>\n\t\t<meta property=\"og:type\" content=\"article\" \/>\n\t\t<meta property=\"og:title\" content=\"Xiaomi Redmi Note 10 Pro 128GB - Rucas - Wholesale and Distribution\" \/>\n\t\t<meta property=\"og:description\" content=\"108MP Quad Camera, 6.67&quot; Amoled 120Hz Display, Qualcomm 732G CPU: Snapdragon 732G Octa Core CPU Screen: 6.67 inch 2400x1080P FHD+ AMOLED DotDisplay, Refresh rate: 120Hz RAM+ROM: 6GB + 128GB Camera: 108MP+8MP+5MP+2MP Quad Rear Camera, 16MP Front Camera Battery: 5020mAh(Typ), Support 33W Fast Charging, In-box 33W Charger OS: MIUI 12, MIUI Global, Support Google Play, Multi-Language and OTA Update Other: WIFI, Bluetooth 5.1, GPS, Arc Side Fingerprint ID, AI Face Unlock, IR Blaster, NFC\" \/>\n\t\t<meta property=\"og:url\" content=\"https:\/\/www.rucashk.com\/es\/producto\/xiaomi-redmi-note-10-pro-128gb\/\" \/>\n\t\t<meta property=\"og:image\" content=\"https:\/\/www.rucashk.com\/wp-content\/uploads\/replace\/503b8e645f128a97ccde2b6290747646.jpeg\" \/>\n\t\t<meta property=\"og:image:secure_url\" content=\"https:\/\/www.rucashk.com\/wp-content\/uploads\/replace\/503b8e645f128a97ccde2b6290747646.jpeg\" \/>\n\t\t<meta property=\"og:image:width\" content=\"1456\" \/>\n\t\t<meta property=\"og:image:height\" content=\"816\" \/>\n\t\t<meta property=\"article:published_time\" content=\"2024-01-09T16:14:40+00:00\" \/>\n\t\t<meta property=\"article:modified_time\" content=\"2025-06-22T07:37:20+00:00\" \/>\n\t\t<meta name=\"twitter:card\" content=\"summary_large_image\" \/>\n\t\t<meta name=\"twitter:title\" content=\"Xiaomi Redmi Note 10 Pro 128GB - Rucas - Wholesale and Distribution\" \/>\n\t\t<meta name=\"twitter:description\" content=\"108MP Quad Camera, 6.67&quot; Amoled 120Hz Display, Qualcomm 732G CPU: Snapdragon 732G Octa Core CPU Screen: 6.67 inch 2400x1080P FHD+ AMOLED DotDisplay, Refresh rate: 120Hz RAM+ROM: 6GB + 128GB Camera: 108MP+8MP+5MP+2MP Quad Rear Camera, 16MP Front Camera Battery: 5020mAh(Typ), Support 33W Fast Charging, In-box 33W Charger OS: MIUI 12, MIUI Global, Support Google Play, Multi-Language and OTA Update Other: WIFI, Bluetooth 5.1, GPS, Arc Side Fingerprint ID, AI Face Unlock, IR Blaster, NFC\" \/>\n\t\t<meta name=\"twitter:image\" content=\"https:\/\/www.rucashk.com\/wp-content\/uploads\/replace\/503b8e645f128a97ccde2b6290747646.jpeg\" \/>\n\t\t<script type=\"application\/ld+json\" class=\"aioseo-schema\">\n\t\t\t{\"@context\":\"https:\\\/\\\/schema.org\",\"@graph\":[{\"@type\":\"BreadcrumbList\",\"@id\":\"https:\\\/\\\/www.rucashk.com\\\/es\\\/producto\\\/xiaomi-redmi-note-10-pro-128gb\\\/#breadcrumblist\",\"itemListElement\":[{\"@type\":\"ListItem\",\"@id\":\"https:\\\/\\\/www.rucashk.com\\\/es\\\/#listItem\",\"position\":1,\"name\":\"Home\",\"item\":\"https:\\\/\\\/www.rucashk.com\\\/es\\\/\",\"nextItem\":\"https:\\\/\\\/www.rucashk.com\\\/es\\\/producto\\\/xiaomi-redmi-note-10-pro-128gb\\\/#listItem\"},{\"@type\":\"ListItem\",\"@id\":\"https:\\\/\\\/www.rucashk.com\\\/es\\\/producto\\\/xiaomi-redmi-note-10-pro-128gb\\\/#listItem\",\"position\":2,\"name\":\"Xiaomi Redmi Note 10 Pro 128GB\",\"previousItem\":\"https:\\\/\\\/www.rucashk.com\\\/es\\\/#listItem\"}]},{\"@type\":\"Organization\",\"@id\":\"https:\\\/\\\/www.rucashk.com\\\/es\\\/#organization\",\"name\":\"Rucas\",\"url\":\"https:\\\/\\\/www.rucashk.com\\\/es\\\/\",\"logo\":{\"@type\":\"ImageObject\",\"url\":\"https:\\\/\\\/www.rucashk.com\\\/wp-content\\\/uploads\\\/2023\\\/12\\\/Rucas_campany_logo.png\",\"@id\":\"https:\\\/\\\/www.rucashk.com\\\/es\\\/producto\\\/xiaomi-redmi-note-10-pro-128gb\\\/#organizationLogo\",\"width\":221,\"height\":65},\"image\":{\"@id\":\"https:\\\/\\\/www.rucashk.com\\\/es\\\/#organizationLogo\"}},{\"@type\":\"Person\",\"@id\":\"https:\\\/\\\/www.rucashk.com\\\/es\\\/author\\\/admin\\\/#author\",\"url\":\"https:\\\/\\\/www.rucashk.com\\\/es\\\/author\\\/admin\\\/\",\"name\":\"admin\",\"image\":{\"@type\":\"ImageObject\",\"@id\":\"https:\\\/\\\/www.rucashk.com\\\/es\\\/producto\\\/xiaomi-redmi-note-10-pro-128gb\\\/#authorImage\",\"url\":\"https:\\\/\\\/secure.gravatar.com\\\/avatar\\\/b7c8925b09a27e72b30232f8ecaadbd5af0f70a38c78096863fe51b64f031c24?s=96&d=mm&r=g\",\"width\":96,\"height\":96,\"caption\":\"admin\"}},{\"@type\":\"WebPage\",\"@id\":\"https:\\\/\\\/www.rucashk.com\\\/es\\\/producto\\\/xiaomi-redmi-note-10-pro-128gb\\\/#webpage\",\"url\":\"https:\\\/\\\/www.rucashk.com\\\/es\\\/producto\\\/xiaomi-redmi-note-10-pro-128gb\\\/\",\"name\":\"Xiaomi Redmi Note 10 Pro 128GB - Rucas - Wholesale and Distribution\",\"description\":\"108MP Quad Camera, 6.67\\\" Amoled 120Hz Display, Qualcomm 732G CPU: Snapdragon 732G Octa Core CPU Screen: 6.67 inch 2400x1080P FHD+ AMOLED DotDisplay, Refresh rate: 120Hz RAM+ROM: 6GB + 128GB Camera: 108MP+8MP+5MP+2MP Quad Rear Camera, 16MP Front Camera Battery: 5020mAh(Typ), Support 33W Fast Charging, In-box 33W Charger OS: MIUI 12, MIUI Global, Support Google Play, Multi-Language and OTA Update Other: WIFI, Bluetooth 5.1, GPS, Arc Side Fingerprint ID, AI Face Unlock, IR Blaster, NFC\",\"inLanguage\":\"es-ES\",\"isPartOf\":{\"@id\":\"https:\\\/\\\/www.rucashk.com\\\/es\\\/#website\"},\"breadcrumb\":{\"@id\":\"https:\\\/\\\/www.rucashk.com\\\/es\\\/producto\\\/xiaomi-redmi-note-10-pro-128gb\\\/#breadcrumblist\"},\"author\":{\"@id\":\"https:\\\/\\\/www.rucashk.com\\\/es\\\/author\\\/admin\\\/#author\"},\"creator\":{\"@id\":\"https:\\\/\\\/www.rucashk.com\\\/es\\\/author\\\/admin\\\/#author\"},\"image\":{\"@type\":\"ImageObject\",\"url\":\"https:\\\/\\\/www.rucashk.com\\\/wp-content\\\/uploads\\\/2024\\\/01\\\/21.jpg\",\"@id\":\"https:\\\/\\\/www.rucashk.com\\\/es\\\/producto\\\/xiaomi-redmi-note-10-pro-128gb\\\/#mainImage\",\"width\":800,\"height\":800},\"primaryImageOfPage\":{\"@id\":\"https:\\\/\\\/www.rucashk.com\\\/es\\\/producto\\\/xiaomi-redmi-note-10-pro-128gb\\\/#mainImage\"},\"datePublished\":\"2024-01-09T16:14:40+00:00\",\"dateModified\":\"2025-06-22T07:37:20+00:00\"},{\"@type\":\"WebSite\",\"@id\":\"https:\\\/\\\/www.rucashk.com\\\/es\\\/#website\",\"url\":\"https:\\\/\\\/www.rucashk.com\\\/es\\\/\",\"name\":\"Rucas - Wholesale and distribution worldwide\",\"alternateName\":\"Rucas - One-stop AIoT Distribution Worldwide\",\"description\":\"One-stop AIoT Distribution Worldwide\",\"inLanguage\":\"es-ES\",\"publisher\":{\"@id\":\"https:\\\/\\\/www.rucashk.com\\\/es\\\/#organization\"}}]}\n\t\t<\/script>\n\t\t<!-- All in One SEO Pro -->\r\n\t\t<title>Xiaomi Redmi Note 10 Pro 128GB - Rucas - Wholesale and Distribution<\/title>\n\n","aioseo_head_json":{"title":"Xiaomi Redmi Note 10 Pro 128GB - Rucas - Wholesale and Distribution","description":"108MP Quad Camera, 6.67\" Amoled 120Hz Display, Qualcomm 732G CPU: Snapdragon 732G Octa Core CPU Screen: 6.67 inch 2400x1080P FHD+ AMOLED DotDisplay, Refresh rate: 120Hz RAM+ROM: 6GB + 128GB Camera: 108MP+8MP+5MP+2MP Quad Rear Camera, 16MP Front Camera Battery: 5020mAh(Typ), Support 33W Fast Charging, In-box 33W Charger OS: MIUI 12, MIUI Global, Support Google Play, Multi-Language and OTA Update Other: WIFI, Bluetooth 5.1, GPS, Arc Side Fingerprint ID, AI Face Unlock, IR Blaster, NFC","canonical_url":"https:\/\/www.rucashk.com\/es\/producto\/xiaomi-redmi-note-10-pro-128gb\/","robots":"max-image-preview:large","keywords":"","webmasterTools":{"miscellaneous":""},"og:locale":"es_ES","og:site_name":"Rucas - One-stop AIoT Distribution Worldwide","og:type":"article","og:title":"Xiaomi Redmi Note 10 Pro 128GB - Rucas - Wholesale and Distribution","og:description":"108MP Quad Camera, 6.67&quot; Amoled 120Hz Display, Qualcomm 732G CPU: Snapdragon 732G Octa Core CPU Screen: 6.67 inch 2400x1080P FHD+ AMOLED DotDisplay, Refresh rate: 120Hz RAM+ROM: 6GB + 128GB Camera: 108MP+8MP+5MP+2MP Quad Rear Camera, 16MP Front Camera Battery: 5020mAh(Typ), Support 33W Fast Charging, In-box 33W Charger OS: MIUI 12, MIUI Global, Support Google Play, Multi-Language and OTA Update Other: WIFI, Bluetooth 5.1, GPS, Arc Side Fingerprint ID, AI Face Unlock, IR Blaster, NFC","og:url":"https:\/\/www.rucashk.com\/es\/producto\/xiaomi-redmi-note-10-pro-128gb\/","og:image":"https:\/\/www.rucashk.com\/wp-content\/uploads\/replace\/503b8e645f128a97ccde2b6290747646.jpeg","og:image:secure_url":"https:\/\/www.rucashk.com\/wp-content\/uploads\/replace\/503b8e645f128a97ccde2b6290747646.jpeg","og:image:width":1456,"og:image:height":816,"article:published_time":"2024-01-09T16:14:40+00:00","article:modified_time":"2025-06-22T07:37:20+00:00","twitter:card":"summary_large_image","twitter:title":"Xiaomi Redmi Note 10 Pro 128GB - Rucas - Wholesale and Distribution","twitter:description":"108MP Quad Camera, 6.67&quot; Amoled 120Hz Display, Qualcomm 732G CPU: Snapdragon 732G Octa Core CPU Screen: 6.67 inch 2400x1080P FHD+ AMOLED DotDisplay, Refresh rate: 120Hz RAM+ROM: 6GB + 128GB Camera: 108MP+8MP+5MP+2MP Quad Rear Camera, 16MP Front Camera Battery: 5020mAh(Typ), Support 33W Fast Charging, In-box 33W Charger OS: MIUI 12, MIUI Global, Support Google Play, Multi-Language and OTA Update Other: WIFI, Bluetooth 5.1, GPS, Arc Side Fingerprint ID, AI Face Unlock, IR Blaster, NFC","twitter:image":"https:\/\/www.rucashk.com\/wp-content\/uploads\/replace\/503b8e645f128a97ccde2b6290747646.jpeg","schema":{"@context":"https:\/\/schema.org","@graph":[{"@type":"BreadcrumbList","@id":"https:\/\/www.rucashk.com\/es\/producto\/xiaomi-redmi-note-10-pro-128gb\/#breadcrumblist","itemListElement":[{"@type":"ListItem","@id":"https:\/\/www.rucashk.com\/es\/#listItem","position":1,"name":"Home","item":"https:\/\/www.rucashk.com\/es\/","nextItem":"https:\/\/www.rucashk.com\/es\/producto\/xiaomi-redmi-note-10-pro-128gb\/#listItem"},{"@type":"ListItem","@id":"https:\/\/www.rucashk.com\/es\/producto\/xiaomi-redmi-note-10-pro-128gb\/#listItem","position":2,"name":"Xiaomi Redmi Note 10 Pro 128GB","previousItem":"https:\/\/www.rucashk.com\/es\/#listItem"}]},{"@type":"Organization","@id":"https:\/\/www.rucashk.com\/es\/#organization","name":"Rucas","url":"https:\/\/www.rucashk.com\/es\/","logo":{"@type":"ImageObject","url":"https:\/\/www.rucashk.com\/wp-content\/uploads\/2023\/12\/Rucas_campany_logo.png","@id":"https:\/\/www.rucashk.com\/es\/producto\/xiaomi-redmi-note-10-pro-128gb\/#organizationLogo","width":221,"height":65},"image":{"@id":"https:\/\/www.rucashk.com\/es\/#organizationLogo"}},{"@type":"Person","@id":"https:\/\/www.rucashk.com\/es\/author\/admin\/#author","url":"https:\/\/www.rucashk.com\/es\/author\/admin\/","name":"admin","image":{"@type":"ImageObject","@id":"https:\/\/www.rucashk.com\/es\/producto\/xiaomi-redmi-note-10-pro-128gb\/#authorImage","url":"https:\/\/secure.gravatar.com\/avatar\/b7c8925b09a27e72b30232f8ecaadbd5af0f70a38c78096863fe51b64f031c24?s=96&d=mm&r=g","width":96,"height":96,"caption":"admin"}},{"@type":"WebPage","@id":"https:\/\/www.rucashk.com\/es\/producto\/xiaomi-redmi-note-10-pro-128gb\/#webpage","url":"https:\/\/www.rucashk.com\/es\/producto\/xiaomi-redmi-note-10-pro-128gb\/","name":"Xiaomi Redmi Note 10 Pro 128GB - Rucas - Wholesale and Distribution","description":"108MP Quad Camera, 6.67\" Amoled 120Hz Display, Qualcomm 732G CPU: Snapdragon 732G Octa Core CPU Screen: 6.67 inch 2400x1080P FHD+ AMOLED DotDisplay, Refresh rate: 120Hz RAM+ROM: 6GB + 128GB Camera: 108MP+8MP+5MP+2MP Quad Rear Camera, 16MP Front Camera Battery: 5020mAh(Typ), Support 33W Fast Charging, In-box 33W Charger OS: MIUI 12, MIUI Global, Support Google Play, Multi-Language and OTA Update Other: WIFI, Bluetooth 5.1, GPS, Arc Side Fingerprint ID, AI Face Unlock, IR Blaster, NFC","inLanguage":"es-ES","isPartOf":{"@id":"https:\/\/www.rucashk.com\/es\/#website"},"breadcrumb":{"@id":"https:\/\/www.rucashk.com\/es\/producto\/xiaomi-redmi-note-10-pro-128gb\/#breadcrumblist"},"author":{"@id":"https:\/\/www.rucashk.com\/es\/author\/admin\/#author"},"creator":{"@id":"https:\/\/www.rucashk.com\/es\/author\/admin\/#author"},"image":{"@type":"ImageObject","url":"https:\/\/www.rucashk.com\/wp-content\/uploads\/2024\/01\/21.jpg","@id":"https:\/\/www.rucashk.com\/es\/producto\/xiaomi-redmi-note-10-pro-128gb\/#mainImage","width":800,"height":800},"primaryImageOfPage":{"@id":"https:\/\/www.rucashk.com\/es\/producto\/xiaomi-redmi-note-10-pro-128gb\/#mainImage"},"datePublished":"2024-01-09T16:14:40+00:00","dateModified":"2025-06-22T07:37:20+00:00"},{"@type":"WebSite","@id":"https:\/\/www.rucashk.com\/es\/#website","url":"https:\/\/www.rucashk.com\/es\/","name":"Rucas - Wholesale and distribution worldwide","alternateName":"Rucas - One-stop AIoT Distribution Worldwide","description":"One-stop AIoT Distribution Worldwide","inLanguage":"es-ES","publisher":{"@id":"https:\/\/www.rucashk.com\/es\/#organization"}}]}},"aioseo_meta_data":{"post_id":"25181","title":null,"description":null,"keywords":null,"keyphrases":null,"primary_term":null,"canonical_url":null,"og_title":null,"og_description":null,"og_object_type":"default","og_image_type":"default","og_image_url":null,"og_image_width":null,"og_image_height":null,"og_image_custom_url":null,"og_image_custom_fields":null,"og_video":null,"og_custom_url":null,"og_article_section":null,"og_article_tags":null,"twitter_use_og":false,"twitter_card":"default","twitter_image_type":"default","twitter_image_url":null,"twitter_image_custom_url":null,"twitter_image_custom_fields":null,"twitter_title":null,"twitter_description":null,"schema":{"blockGraphs":[],"customGraphs":[],"default":{"data":{"Article":[],"Course":[],"Dataset":[],"FAQPage":[],"Movie":[],"Person":[],"Product":[],"Recipe":[],"Service":[],"SoftwareApplication":[],"WebPage":[]},"graphName":"","isEnabled":true},"graphs":[]},"schema_type":"default","schema_type_options":null,"pillar_content":false,"robots_default":true,"robots_noindex":false,"robots_noarchive":false,"robots_nosnippet":false,"robots_nofollow":false,"robots_noimageindex":false,"robots_noodp":false,"robots_notranslate":false,"robots_max_snippet":null,"robots_max_videopreview":null,"robots_max_imagepreview":"large","priority":null,"frequency":null,"local_seo":null,"breadcrumb_settings":null,"limit_modified_date":false,"created":"2024-04-11 01:57:18","updated":"2025-06-22 17:49:10"},"aioseo_breadcrumb":"<div class=\"aioseo-breadcrumbs\"><span class=\"aioseo-breadcrumb\">\n\t<a href=\"https:\/\/www.rucashk.com\/es\" title=\"Home\">Home<\/a>\n<\/span><span class=\"aioseo-breadcrumb-separator\">&raquo;<\/span><span class=\"aioseo-breadcrumb\">\n\t<a href=\"https:\/\/www.rucashk.com\/es\/products\/\" title=\"Productos\">Productos<\/a>\n<\/span><span class=\"aioseo-breadcrumb-separator\">&raquo;<\/span><span class=\"aioseo-breadcrumb\">\n\t<a href=\"https:\/\/www.rucashk.com\/es\/marca\/xiaomi\/\" title=\"Xiaomi\">Xiaomi<\/a>\n<\/span><span class=\"aioseo-breadcrumb-separator\">&raquo;<\/span><span class=\"aioseo-breadcrumb\">\n\tXiaomi Redmi Note 10 Pro 128GB\n<\/span><\/div>","aioseo_breadcrumb_json":[{"label":"Home","link":"https:\/\/www.rucashk.com\/es"},{"label":"Productos","link":"https:\/\/www.rucashk.com\/es\/products\/"},{"label":"Xiaomi","link":"https:\/\/www.rucashk.com\/es\/marca\/xiaomi\/"},{"label":"Xiaomi Redmi Note 10 Pro 128GB","link":"https:\/\/www.rucashk.com\/es\/producto\/xiaomi-redmi-note-10-pro-128gb\/"}],"_links":{"self":[{"href":"https:\/\/www.rucashk.com\/es\/wp-json\/wp\/v2\/product\/25181","targetHints":{"allow":["GET"]}}],"collection":[{"href":"https:\/\/www.rucashk.com\/es\/wp-json\/wp\/v2\/product"}],"about":[{"href":"https:\/\/www.rucashk.com\/es\/wp-json\/wp\/v2\/types\/product"}],"wp:featuredmedia":[{"embeddable":true,"href":"https:\/\/www.rucashk.com\/es\/wp-json\/wp\/v2\/media\/25262"}],"wp:attachment":[{"href":"https:\/\/www.rucashk.com\/es\/wp-json\/wp\/v2\/media?parent=25181"}],"wp:term":[{"taxonomy":"product_brand","embeddable":true,"href":"https:\/\/www.rucashk.com\/es\/wp-json\/wp\/v2\/product_brand?post=25181"},{"taxonomy":"product_cat","embeddable":true,"href":"https:\/\/www.rucashk.com\/es\/wp-json\/wp\/v2\/product_cat?post=25181"},{"taxonomy":"product_tag","embeddable":true,"href":"https:\/\/www.rucashk.com\/es\/wp-json\/wp\/v2\/product_tag?post=25181"}],"curies":[{"name":"wp","href":"https:\/\/api.w.org\/{rel}","templated":true}]}}