{"id":25089,"date":"2024-01-09T16:13:04","date_gmt":"2024-01-09T16:13:04","guid":{"rendered":"http:\/\/rucashk.com\/?post_type=product&#038;p=25089"},"modified":"2024-03-13T03:45:26","modified_gmt":"2024-03-13T03:45:26","slug":"haylou-gt2s-wireless-earbuds-global","status":"publish","type":"product","link":"https:\/\/www.rucashk.com\/es\/producto\/haylou-gt2s-wireless-earbuds-global\/","title":{"rendered":"Auriculares inal\u00e1mbricos Haylou GT2S en todo el mundo"},"content":{"rendered":"<p><img fetchpriority=\"high\" decoding=\"async\" class=\"alignnone wp-image-25077 size-full\" src=\"\/wp-content\/uploads\/replace\/ce61cd9a2cffd3ccf655765e906e5916.jpeg\" alt=\"Haylou GT2S Wireless Earbuds Global\" width=\"1000\" height=\"1000\" \/><img decoding=\"async\" class=\"alignnone wp-image-25076 size-full\" src=\"\/wp-content\/uploads\/replace\/ea6301dc6ecc04366930216b391eaab3.jpeg\" alt=\"Haylou GT2S Wireless Earbuds Global\" width=\"1000\" height=\"1000\" \/><img decoding=\"async\" class=\"alignnone wp-image-25075 size-full\" src=\"\/wp-content\/uploads\/replace\/8dfcd969c2d7a541f76fa532ec9a80c1.jpeg\" alt=\"Haylou GT2S Wireless Earbuds Global\" width=\"1000\" height=\"1000\" \/><img loading=\"lazy\" decoding=\"async\" class=\"alignnone wp-image-25074 size-full\" src=\"\/wp-content\/uploads\/replace\/463b0ef7441a9d840b8afb361378be90.jpeg\" alt=\"Haylou GT2S Wireless Earbuds Global\" width=\"1000\" height=\"1000\" \/><img loading=\"lazy\" decoding=\"async\" class=\"alignnone wp-image-25073 size-full\" src=\"\/wp-content\/uploads\/replace\/5cae63e036b3339f42ab83178d77e387.jpeg\" alt=\"Haylou GT2S Wireless Earbuds Global\" width=\"1000\" height=\"1000\" \/><img loading=\"lazy\" decoding=\"async\" class=\"alignnone wp-image-25072 size-full\" src=\"\/wp-content\/uploads\/replace\/e06d0b1c9f407e509311bd09a9071cff.jpeg\" alt=\"Haylou GT2S Wireless Earbuds Global\" width=\"1000\" height=\"1000\" \/><img loading=\"lazy\" decoding=\"async\" class=\"alignnone wp-image-25071 size-full\" src=\"\/wp-content\/uploads\/replace\/183aa3e98d6a54d8caa05a9ca2efb395.jpeg\" alt=\"Haylou GT2S Wireless Earbuds Global\" width=\"1000\" height=\"1000\" \/><img loading=\"lazy\" decoding=\"async\" class=\"alignnone wp-image-25070 size-full\" src=\"\/wp-content\/uploads\/replace\/5ec3ff418713d573071253d7cff9c2b5.jpeg\" alt=\"Haylou GT2S Wireless Earbuds Global\" width=\"1000\" height=\"1000\" \/><\/p>","protected":false},"excerpt":{"rendered":"<h3 class=\"a-size-base-plus a-text-bold\">Principales caracter\u00edsticas<\/h3>\n<ul class=\"a-unordered-list a-vertical a-spacing-mini\">\n<li><span class=\"a-list-item\"><strong>Bluetooth 5.0 es realmente inal\u00e1mbrico, solo rec\u00f3gelo<\/strong>\u00a0Una nueva generaci\u00f3n de chip Bluetooth 5.0, elimina los problemas de los auriculares Bluetooth tradicionales y los cables de los auriculares con cable, reduce la latencia y brinda una experiencia m\u00e1s c\u00f3moda y gratuita.<\/span><\/li>\n<li><span class=\"a-list-item\"><strong>Conmutaci\u00f3n maestro-esclavo, conexi\u00f3n estable y continua<\/strong> Transmisi\u00f3n dual y recepci\u00f3n dual, conmutaci\u00f3n maestro-esclavo perfecta, en cualquier momento, puede usarlo cuando lo levanta, y se apagar\u00e1 y cargar\u00e1 autom\u00e1ticamente cuando lo vuelva a colocar en la caja de carga.<\/span><\/li>\n<li><span class=\"a-list-item\"><strong>Ligero y port\u00e1til, f\u00e1cil de ocultar<\/strong> Dise\u00f1o de identificaci\u00f3n peque\u00f1o, c\u00f3modo de usar, m\u00e1s f\u00e1cil de ocultar, con una caja de carga liviana, f\u00e1cil de almacenar y transportar<\/span><\/li>\n<li><span class=\"a-list-item\"><strong>12 horas de reproducci\u00f3n continua de m\u00fasica.<\/strong> Utilizado con la caja de carga, puede reproducir m\u00fasica de forma continua durante hasta 12 horas.<\/span><\/li>\n<li><span class=\"a-list-item\"><strong>Protocolo de decodificaci\u00f3n AAC HD Calidad de sonido HD<\/strong> Altavoz con diafragma de resina polim\u00e9rica de 7,2 mm, protocolo de decodificaci\u00f3n Bluetooth AAC HD. Complementado con reducci\u00f3n de ruido digital de alta velocidad DSP, llamadas de voz est\u00e9reo de alta fidelidad, como estar en escena.<\/span><\/li>\n<\/ul>","protected":false},"featured_media":25201,"template":"","meta":[],"product_brand":[],"product_cat":[1309,1305],"product_tag":[],"class_list":{"0":"post-25089","1":"product","2":"type-product","3":"status-publish","4":"has-post-thumbnail","6":"product_cat-haylou-earphone","7":"product_cat-xiaomi-eco","9":"first","10":"instock","11":"shipping-taxable","12":"product-type-external"},"aioseo_notices":[],"aioseo_head":"\n\t\t<!-- All in One SEO Pro 4.5.9.2 - aioseo.com -->\n\t\t<meta name=\"description\" content=\"Main Features Bluetooth 5.0 is really wireless, just pick it up A new generation of Bluetooth 5.0 chip, get rid of the trouble of traditional Bluetooth headsets and wired headset cables, lower latency, and bring a more convenient and free experience. Master-slave switching, stable and continuous connection Dual-transmit and dual-receive, seamless master-slave switching, at any time, you can use it when you pick it up, and it will automatically shut down and charge when you put it back into the charging box. Lightweight and portable, easy to hide Small ID design, comfortable to wear, easier to hide, with a lightweight charging box, easy to store and carry 12 hours of continuous music playback Used with the charging box, it can continuously play music for up to 12 hours. AAC HD decoding protocol HD sound quality 7.2mm polymer resin diaphragm speaker, AAC HD Bluetooth decoding protocol. Supplemented by DSP high-speed digital noise reduction, high-fidelity stereo voice calls, like being on the scene.\" \/>\n\t\t<meta name=\"robots\" content=\"max-image-preview:large\" \/>\n\t\t<link rel=\"canonical\" href=\"https:\/\/www.rucashk.com\/es\/producto\/haylou-gt2s-wireless-earbuds-global\/\" \/>\n\t\t<meta name=\"generator\" content=\"All in One SEO Pro (AIOSEO) 4.5.9.2\" \/>\n\t\t<meta property=\"og:locale\" content=\"es_ES\" \/>\n\t\t<meta property=\"og:site_name\" content=\"Rucas - One-stop AIoT Distribution Worldwide\" \/>\n\t\t<meta property=\"og:type\" content=\"article\" \/>\n\t\t<meta property=\"og:title\" content=\"Haylou GT2S Wireless Earbuds Global - Rucas - Wholesale and Distribution\" \/>\n\t\t<meta property=\"og:description\" content=\"Main Features Bluetooth 5.0 is really wireless, just pick it up A new generation of Bluetooth 5.0 chip, get rid of the trouble of traditional Bluetooth headsets and wired headset cables, lower latency, and bring a more convenient and free experience. Master-slave switching, stable and continuous connection Dual-transmit and dual-receive, seamless master-slave switching, at any time, you can use it when you pick it up, and it will automatically shut down and charge when you put it back into the charging box. Lightweight and portable, easy to hide Small ID design, comfortable to wear, easier to hide, with a lightweight charging box, easy to store and carry 12 hours of continuous music playback Used with the charging box, it can continuously play music for up to 12 hours. AAC HD decoding protocol HD sound quality 7.2mm polymer resin diaphragm speaker, AAC HD Bluetooth decoding protocol. Supplemented by DSP high-speed digital noise reduction, high-fidelity stereo voice calls, like being on the scene.\" \/>\n\t\t<meta property=\"og:url\" content=\"https:\/\/www.rucashk.com\/es\/producto\/haylou-gt2s-wireless-earbuds-global\/\" \/>\n\t\t<meta property=\"og:image\" content=\"https:\/\/www.rucashk.com\/wp-content\/uploads\/replace\/503b8e645f128a97ccde2b6290747646.jpeg\" \/>\n\t\t<meta property=\"og:image:secure_url\" content=\"https:\/\/www.rucashk.com\/wp-content\/uploads\/replace\/503b8e645f128a97ccde2b6290747646.jpeg\" \/>\n\t\t<meta property=\"og:image:width\" content=\"1456\" \/>\n\t\t<meta property=\"og:image:height\" content=\"816\" \/>\n\t\t<meta property=\"article:published_time\" content=\"2024-01-09T16:13:04+00:00\" \/>\n\t\t<meta property=\"article:modified_time\" content=\"2024-03-13T03:45:26+00:00\" \/>\n\t\t<meta name=\"twitter:card\" content=\"summary_large_image\" \/>\n\t\t<meta name=\"twitter:title\" content=\"Haylou GT2S Wireless Earbuds Global - Rucas - Wholesale and Distribution\" \/>\n\t\t<meta name=\"twitter:description\" content=\"Main Features Bluetooth 5.0 is really wireless, just pick it up A new generation of Bluetooth 5.0 chip, get rid of the trouble of traditional Bluetooth headsets and wired headset cables, lower latency, and bring a more convenient and free experience. Master-slave switching, stable and continuous connection Dual-transmit and dual-receive, seamless master-slave switching, at any time, you can use it when you pick it up, and it will automatically shut down and charge when you put it back into the charging box. Lightweight and portable, easy to hide Small ID design, comfortable to wear, easier to hide, with a lightweight charging box, easy to store and carry 12 hours of continuous music playback Used with the charging box, it can continuously play music for up to 12 hours. AAC HD decoding protocol HD sound quality 7.2mm polymer resin diaphragm speaker, AAC HD Bluetooth decoding protocol. Supplemented by DSP high-speed digital noise reduction, high-fidelity stereo voice calls, like being on the scene.\" \/>\n\t\t<meta name=\"twitter:image\" content=\"https:\/\/www.rucashk.com\/wp-content\/uploads\/replace\/503b8e645f128a97ccde2b6290747646.jpeg\" \/>\n\t\t<script type=\"application\/ld+json\" class=\"aioseo-schema\">\n\t\t\t{\"@context\":\"https:\\\/\\\/schema.org\",\"@graph\":[{\"@type\":\"BreadcrumbList\",\"@id\":\"https:\\\/\\\/www.rucashk.com\\\/es\\\/producto\\\/haylou-gt2s-wireless-earbuds-global\\\/#breadcrumblist\",\"itemListElement\":[{\"@type\":\"ListItem\",\"@id\":\"https:\\\/\\\/www.rucashk.com\\\/es\\\/#listItem\",\"position\":1,\"name\":\"Home\",\"item\":\"https:\\\/\\\/www.rucashk.com\\\/es\\\/\",\"nextItem\":\"https:\\\/\\\/www.rucashk.com\\\/es\\\/producto\\\/haylou-gt2s-wireless-earbuds-global\\\/#listItem\"},{\"@type\":\"ListItem\",\"@id\":\"https:\\\/\\\/www.rucashk.com\\\/es\\\/producto\\\/haylou-gt2s-wireless-earbuds-global\\\/#listItem\",\"position\":2,\"name\":\"Haylou GT2S Wireless Earbuds Global\",\"previousItem\":\"https:\\\/\\\/www.rucashk.com\\\/es\\\/#listItem\"}]},{\"@type\":\"Organization\",\"@id\":\"https:\\\/\\\/www.rucashk.com\\\/es\\\/#organization\",\"name\":\"Rucas\",\"url\":\"https:\\\/\\\/www.rucashk.com\\\/es\\\/\",\"logo\":{\"@type\":\"ImageObject\",\"url\":\"https:\\\/\\\/www.rucashk.com\\\/wp-content\\\/uploads\\\/2023\\\/12\\\/Rucas_campany_logo.png\",\"@id\":\"https:\\\/\\\/www.rucashk.com\\\/es\\\/producto\\\/haylou-gt2s-wireless-earbuds-global\\\/#organizationLogo\",\"width\":221,\"height\":65},\"image\":{\"@id\":\"https:\\\/\\\/www.rucashk.com\\\/es\\\/#organizationLogo\"}},{\"@type\":\"Person\",\"@id\":\"https:\\\/\\\/www.rucashk.com\\\/es\\\/author\\\/admin\\\/#author\",\"url\":\"https:\\\/\\\/www.rucashk.com\\\/es\\\/author\\\/admin\\\/\",\"name\":\"admin\",\"image\":{\"@type\":\"ImageObject\",\"@id\":\"https:\\\/\\\/www.rucashk.com\\\/es\\\/producto\\\/haylou-gt2s-wireless-earbuds-global\\\/#authorImage\",\"url\":\"https:\\\/\\\/secure.gravatar.com\\\/avatar\\\/b7c8925b09a27e72b30232f8ecaadbd5af0f70a38c78096863fe51b64f031c24?s=96&d=mm&r=g\",\"width\":96,\"height\":96,\"caption\":\"admin\"}},{\"@type\":\"WebPage\",\"@id\":\"https:\\\/\\\/www.rucashk.com\\\/es\\\/producto\\\/haylou-gt2s-wireless-earbuds-global\\\/#webpage\",\"url\":\"https:\\\/\\\/www.rucashk.com\\\/es\\\/producto\\\/haylou-gt2s-wireless-earbuds-global\\\/\",\"name\":\"Haylou GT2S Wireless Earbuds Global - Rucas - Wholesale and Distribution\",\"description\":\"Main Features Bluetooth 5.0 is really wireless, just pick it up A new generation of Bluetooth 5.0 chip, get rid of the trouble of traditional Bluetooth headsets and wired headset cables, lower latency, and bring a more convenient and free experience. Master-slave switching, stable and continuous connection Dual-transmit and dual-receive, seamless master-slave switching, at any time, you can use it when you pick it up, and it will automatically shut down and charge when you put it back into the charging box. Lightweight and portable, easy to hide Small ID design, comfortable to wear, easier to hide, with a lightweight charging box, easy to store and carry 12 hours of continuous music playback Used with the charging box, it can continuously play music for up to 12 hours. AAC HD decoding protocol HD sound quality 7.2mm polymer resin diaphragm speaker, AAC HD Bluetooth decoding protocol. Supplemented by DSP high-speed digital noise reduction, high-fidelity stereo voice calls, like being on the scene.\",\"inLanguage\":\"es-ES\",\"isPartOf\":{\"@id\":\"https:\\\/\\\/www.rucashk.com\\\/es\\\/#website\"},\"breadcrumb\":{\"@id\":\"https:\\\/\\\/www.rucashk.com\\\/es\\\/producto\\\/haylou-gt2s-wireless-earbuds-global\\\/#breadcrumblist\"},\"author\":{\"@id\":\"https:\\\/\\\/www.rucashk.com\\\/es\\\/author\\\/admin\\\/#author\"},\"creator\":{\"@id\":\"https:\\\/\\\/www.rucashk.com\\\/es\\\/author\\\/admin\\\/#author\"},\"image\":{\"@type\":\"ImageObject\",\"url\":\"https:\\\/\\\/www.rucashk.com\\\/wp-content\\\/uploads\\\/2024\\\/01\\\/haylou.jpg\",\"@id\":\"https:\\\/\\\/www.rucashk.com\\\/es\\\/producto\\\/haylou-gt2s-wireless-earbuds-global\\\/#mainImage\",\"width\":800,\"height\":800},\"primaryImageOfPage\":{\"@id\":\"https:\\\/\\\/www.rucashk.com\\\/es\\\/producto\\\/haylou-gt2s-wireless-earbuds-global\\\/#mainImage\"},\"datePublished\":\"2024-01-09T16:13:04+00:00\",\"dateModified\":\"2024-03-13T03:45:26+00:00\"},{\"@type\":\"WebSite\",\"@id\":\"https:\\\/\\\/www.rucashk.com\\\/es\\\/#website\",\"url\":\"https:\\\/\\\/www.rucashk.com\\\/es\\\/\",\"name\":\"Rucas - Wholesale and distribution worldwide\",\"alternateName\":\"Rucas - One-stop AIoT Distribution Worldwide\",\"description\":\"One-stop AIoT Distribution Worldwide\",\"inLanguage\":\"es-ES\",\"publisher\":{\"@id\":\"https:\\\/\\\/www.rucashk.com\\\/es\\\/#organization\"}}]}\n\t\t<\/script>\n\t\t<!-- All in One SEO Pro -->\r\n\t\t<title>Haylou GT2S Wireless Earbuds Global - Rucas - Wholesale and Distribution<\/title>\n\n","aioseo_head_json":{"title":"Haylou GT2S Wireless Earbuds Global - Rucas - Wholesale and Distribution","description":"Main Features Bluetooth 5.0 is really wireless, just pick it up A new generation of Bluetooth 5.0 chip, get rid of the trouble of traditional Bluetooth headsets and wired headset cables, lower latency, and bring a more convenient and free experience. Master-slave switching, stable and continuous connection Dual-transmit and dual-receive, seamless master-slave switching, at any time, you can use it when you pick it up, and it will automatically shut down and charge when you put it back into the charging box. Lightweight and portable, easy to hide Small ID design, comfortable to wear, easier to hide, with a lightweight charging box, easy to store and carry 12 hours of continuous music playback Used with the charging box, it can continuously play music for up to 12 hours. AAC HD decoding protocol HD sound quality 7.2mm polymer resin diaphragm speaker, AAC HD Bluetooth decoding protocol. Supplemented by DSP high-speed digital noise reduction, high-fidelity stereo voice calls, like being on the scene.","canonical_url":"https:\/\/www.rucashk.com\/es\/producto\/haylou-gt2s-wireless-earbuds-global\/","robots":"max-image-preview:large","keywords":"","webmasterTools":{"miscellaneous":""},"og:locale":"es_ES","og:site_name":"Rucas - One-stop AIoT Distribution Worldwide","og:type":"article","og:title":"Haylou GT2S Wireless Earbuds Global - Rucas - Wholesale and Distribution","og:description":"Main Features Bluetooth 5.0 is really wireless, just pick it up A new generation of Bluetooth 5.0 chip, get rid of the trouble of traditional Bluetooth headsets and wired headset cables, lower latency, and bring a more convenient and free experience. Master-slave switching, stable and continuous connection Dual-transmit and dual-receive, seamless master-slave switching, at any time, you can use it when you pick it up, and it will automatically shut down and charge when you put it back into the charging box. Lightweight and portable, easy to hide Small ID design, comfortable to wear, easier to hide, with a lightweight charging box, easy to store and carry 12 hours of continuous music playback Used with the charging box, it can continuously play music for up to 12 hours. AAC HD decoding protocol HD sound quality 7.2mm polymer resin diaphragm speaker, AAC HD Bluetooth decoding protocol. Supplemented by DSP high-speed digital noise reduction, high-fidelity stereo voice calls, like being on the scene.","og:url":"https:\/\/www.rucashk.com\/es\/producto\/haylou-gt2s-wireless-earbuds-global\/","og:image":"https:\/\/www.rucashk.com\/wp-content\/uploads\/replace\/503b8e645f128a97ccde2b6290747646.jpeg","og:image:secure_url":"https:\/\/www.rucashk.com\/wp-content\/uploads\/replace\/503b8e645f128a97ccde2b6290747646.jpeg","og:image:width":1456,"og:image:height":816,"article:published_time":"2024-01-09T16:13:04+00:00","article:modified_time":"2024-03-13T03:45:26+00:00","twitter:card":"summary_large_image","twitter:title":"Haylou GT2S Wireless Earbuds Global - Rucas - Wholesale and Distribution","twitter:description":"Main Features Bluetooth 5.0 is really wireless, just pick it up A new generation of Bluetooth 5.0 chip, get rid of the trouble of traditional Bluetooth headsets and wired headset cables, lower latency, and bring a more convenient and free experience. Master-slave switching, stable and continuous connection Dual-transmit and dual-receive, seamless master-slave switching, at any time, you can use it when you pick it up, and it will automatically shut down and charge when you put it back into the charging box. Lightweight and portable, easy to hide Small ID design, comfortable to wear, easier to hide, with a lightweight charging box, easy to store and carry 12 hours of continuous music playback Used with the charging box, it can continuously play music for up to 12 hours. AAC HD decoding protocol HD sound quality 7.2mm polymer resin diaphragm speaker, AAC HD Bluetooth decoding protocol. Supplemented by DSP high-speed digital noise reduction, high-fidelity stereo voice calls, like being on the scene.","twitter:image":"https:\/\/www.rucashk.com\/wp-content\/uploads\/replace\/503b8e645f128a97ccde2b6290747646.jpeg","schema":{"@context":"https:\/\/schema.org","@graph":[{"@type":"BreadcrumbList","@id":"https:\/\/www.rucashk.com\/es\/producto\/haylou-gt2s-wireless-earbuds-global\/#breadcrumblist","itemListElement":[{"@type":"ListItem","@id":"https:\/\/www.rucashk.com\/es\/#listItem","position":1,"name":"Home","item":"https:\/\/www.rucashk.com\/es\/","nextItem":"https:\/\/www.rucashk.com\/es\/producto\/haylou-gt2s-wireless-earbuds-global\/#listItem"},{"@type":"ListItem","@id":"https:\/\/www.rucashk.com\/es\/producto\/haylou-gt2s-wireless-earbuds-global\/#listItem","position":2,"name":"Haylou GT2S Wireless Earbuds Global","previousItem":"https:\/\/www.rucashk.com\/es\/#listItem"}]},{"@type":"Organization","@id":"https:\/\/www.rucashk.com\/es\/#organization","name":"Rucas","url":"https:\/\/www.rucashk.com\/es\/","logo":{"@type":"ImageObject","url":"https:\/\/www.rucashk.com\/wp-content\/uploads\/2023\/12\/Rucas_campany_logo.png","@id":"https:\/\/www.rucashk.com\/es\/producto\/haylou-gt2s-wireless-earbuds-global\/#organizationLogo","width":221,"height":65},"image":{"@id":"https:\/\/www.rucashk.com\/es\/#organizationLogo"}},{"@type":"Person","@id":"https:\/\/www.rucashk.com\/es\/author\/admin\/#author","url":"https:\/\/www.rucashk.com\/es\/author\/admin\/","name":"admin","image":{"@type":"ImageObject","@id":"https:\/\/www.rucashk.com\/es\/producto\/haylou-gt2s-wireless-earbuds-global\/#authorImage","url":"https:\/\/secure.gravatar.com\/avatar\/b7c8925b09a27e72b30232f8ecaadbd5af0f70a38c78096863fe51b64f031c24?s=96&d=mm&r=g","width":96,"height":96,"caption":"admin"}},{"@type":"WebPage","@id":"https:\/\/www.rucashk.com\/es\/producto\/haylou-gt2s-wireless-earbuds-global\/#webpage","url":"https:\/\/www.rucashk.com\/es\/producto\/haylou-gt2s-wireless-earbuds-global\/","name":"Haylou GT2S Wireless Earbuds Global - Rucas - Wholesale and Distribution","description":"Main Features Bluetooth 5.0 is really wireless, just pick it up A new generation of Bluetooth 5.0 chip, get rid of the trouble of traditional Bluetooth headsets and wired headset cables, lower latency, and bring a more convenient and free experience. Master-slave switching, stable and continuous connection Dual-transmit and dual-receive, seamless master-slave switching, at any time, you can use it when you pick it up, and it will automatically shut down and charge when you put it back into the charging box. Lightweight and portable, easy to hide Small ID design, comfortable to wear, easier to hide, with a lightweight charging box, easy to store and carry 12 hours of continuous music playback Used with the charging box, it can continuously play music for up to 12 hours. AAC HD decoding protocol HD sound quality 7.2mm polymer resin diaphragm speaker, AAC HD Bluetooth decoding protocol. Supplemented by DSP high-speed digital noise reduction, high-fidelity stereo voice calls, like being on the scene.","inLanguage":"es-ES","isPartOf":{"@id":"https:\/\/www.rucashk.com\/es\/#website"},"breadcrumb":{"@id":"https:\/\/www.rucashk.com\/es\/producto\/haylou-gt2s-wireless-earbuds-global\/#breadcrumblist"},"author":{"@id":"https:\/\/www.rucashk.com\/es\/author\/admin\/#author"},"creator":{"@id":"https:\/\/www.rucashk.com\/es\/author\/admin\/#author"},"image":{"@type":"ImageObject","url":"https:\/\/www.rucashk.com\/wp-content\/uploads\/2024\/01\/haylou.jpg","@id":"https:\/\/www.rucashk.com\/es\/producto\/haylou-gt2s-wireless-earbuds-global\/#mainImage","width":800,"height":800},"primaryImageOfPage":{"@id":"https:\/\/www.rucashk.com\/es\/producto\/haylou-gt2s-wireless-earbuds-global\/#mainImage"},"datePublished":"2024-01-09T16:13:04+00:00","dateModified":"2024-03-13T03:45:26+00:00"},{"@type":"WebSite","@id":"https:\/\/www.rucashk.com\/es\/#website","url":"https:\/\/www.rucashk.com\/es\/","name":"Rucas - Wholesale and distribution worldwide","alternateName":"Rucas - One-stop AIoT Distribution Worldwide","description":"One-stop AIoT Distribution Worldwide","inLanguage":"es-ES","publisher":{"@id":"https:\/\/www.rucashk.com\/es\/#organization"}}]}},"aioseo_meta_data":{"post_id":"25089","title":null,"description":null,"keywords":null,"keyphrases":null,"primary_term":null,"canonical_url":null,"og_title":null,"og_description":null,"og_object_type":"default","og_image_type":"default","og_image_url":null,"og_image_width":null,"og_image_height":null,"og_image_custom_url":null,"og_image_custom_fields":null,"og_video":null,"og_custom_url":null,"og_article_section":null,"og_article_tags":null,"twitter_use_og":false,"twitter_card":"default","twitter_image_type":"default","twitter_image_url":null,"twitter_image_custom_url":null,"twitter_image_custom_fields":null,"twitter_title":null,"twitter_description":null,"schema":{"blockGraphs":[],"customGraphs":[],"default":{"data":{"Article":[],"Course":[],"Dataset":[],"FAQPage":[],"Movie":[],"Person":[],"Product":[],"Recipe":[],"Service":[],"SoftwareApplication":[],"WebPage":[]},"graphName":"","isEnabled":true},"graphs":[]},"schema_type":"default","schema_type_options":null,"pillar_content":false,"robots_default":true,"robots_noindex":false,"robots_noarchive":false,"robots_nosnippet":false,"robots_nofollow":false,"robots_noimageindex":false,"robots_noodp":false,"robots_notranslate":false,"robots_max_snippet":null,"robots_max_videopreview":null,"robots_max_imagepreview":"large","priority":null,"frequency":null,"local_seo":null,"breadcrumb_settings":null,"limit_modified_date":false,"created":"2024-04-11 01:57:17","updated":"2025-06-22 17:47:01"},"aioseo_breadcrumb":"<div class=\"aioseo-breadcrumbs\"><span class=\"aioseo-breadcrumb\">\n\t<a href=\"https:\/\/www.rucashk.com\/es\" title=\"Home\">Home<\/a>\n<\/span><span class=\"aioseo-breadcrumb-separator\">&raquo;<\/span><span class=\"aioseo-breadcrumb\">\n\t<a href=\"https:\/\/www.rucashk.com\/es\/products\/\" title=\"Productos\">Productos<\/a>\n<\/span><span class=\"aioseo-breadcrumb-separator\">&raquo;<\/span><span class=\"aioseo-breadcrumb\">\n\t<a href=\"https:\/\/www.rucashk.com\/es\/categoria-producto\/xiaomi-eco\/\" title=\"Xiaomi Eco\">Xiaomi Eco<\/a>\n<\/span><span class=\"aioseo-breadcrumb-separator\">&raquo;<\/span><span class=\"aioseo-breadcrumb\">\n\t<a href=\"https:\/\/www.rucashk.com\/es\/categoria-producto\/xiaomi-eco\/haylou-earphone\/\" title=\"Haylou Earphone\">Haylou Earphone<\/a>\n<\/span><span class=\"aioseo-breadcrumb-separator\">&raquo;<\/span><span class=\"aioseo-breadcrumb\">\n\tHaylou GT2S Wireless Earbuds Global\n<\/span><\/div>","aioseo_breadcrumb_json":[{"label":"Home","link":"https:\/\/www.rucashk.com\/es"},{"label":"Productos","link":"https:\/\/www.rucashk.com\/es\/products\/"},{"label":"Xiaomi Eco","link":"https:\/\/www.rucashk.com\/es\/categoria-producto\/xiaomi-eco\/"},{"label":"Haylou Earphone","link":"https:\/\/www.rucashk.com\/es\/categoria-producto\/xiaomi-eco\/haylou-earphone\/"},{"label":"Haylou GT2S Wireless Earbuds Global","link":"https:\/\/www.rucashk.com\/es\/producto\/haylou-gt2s-wireless-earbuds-global\/"}],"_links":{"self":[{"href":"https:\/\/www.rucashk.com\/es\/wp-json\/wp\/v2\/product\/25089","targetHints":{"allow":["GET"]}}],"collection":[{"href":"https:\/\/www.rucashk.com\/es\/wp-json\/wp\/v2\/product"}],"about":[{"href":"https:\/\/www.rucashk.com\/es\/wp-json\/wp\/v2\/types\/product"}],"wp:featuredmedia":[{"embeddable":true,"href":"https:\/\/www.rucashk.com\/es\/wp-json\/wp\/v2\/media\/25201"}],"wp:attachment":[{"href":"https:\/\/www.rucashk.com\/es\/wp-json\/wp\/v2\/media?parent=25089"}],"wp:term":[{"taxonomy":"product_brand","embeddable":true,"href":"https:\/\/www.rucashk.com\/es\/wp-json\/wp\/v2\/product_brand?post=25089"},{"taxonomy":"product_cat","embeddable":true,"href":"https:\/\/www.rucashk.com\/es\/wp-json\/wp\/v2\/product_cat?post=25089"},{"taxonomy":"product_tag","embeddable":true,"href":"https:\/\/www.rucashk.com\/es\/wp-json\/wp\/v2\/product_tag?post=25089"}],"curies":[{"name":"wp","href":"https:\/\/api.w.org\/{rel}","templated":true}]}}