{"id":25086,"date":"2024-01-09T16:13:03","date_gmt":"2024-01-09T16:13:03","guid":{"rendered":"http:\/\/rucashk.com\/?post_type=product&#038;p=25086"},"modified":"2024-03-12T07:36:24","modified_gmt":"2024-03-12T07:36:24","slug":"mi-robot-vacuum-mop-2-pro-3d-explore-version","status":"publish","type":"product","link":"https:\/\/www.rucashk.com\/es\/producto\/mi-robot-vacuum-mop-2-pro-3d-explore-version\/","title":{"rendered":"Mi Robot Vacuum-Mop 2 Pro+ Versi\u00f3n Explorar 3D"},"content":{"rendered":"<p><img fetchpriority=\"high\" decoding=\"async\" class=\"size-full wp-image-22176\" src=\"\/wp-content\/uploads\/replace\/4604bcb6234054b7480110a7b7d993c8.jpeg\" alt=\"Mi Robot Vacuum Mop 2 Pro+\" width=\"1920\" height=\"877\" \/><br \/>\n<img decoding=\"async\" class=\"size-full wp-image-22161\" src=\"\/wp-content\/uploads\/replace\/8a4974d5c6f502730478dffac74dea4d.jpeg\" alt=\"Mi Robot Vacuum Mop 2 Pro+\" width=\"1920\" height=\"1145\" \/><br \/>\n<img decoding=\"async\" class=\"size-full wp-image-22159\" src=\"\/wp-content\/uploads\/replace\/d6734bb1d6e9a9979fb9e35bdb7445d3.jpeg\" alt=\"Mi Robot Vacuum Mop 2 Pro+\" width=\"1920\" height=\"1320\" \/><br \/>\n<img loading=\"lazy\" decoding=\"async\" class=\"size-full wp-image-22172\" src=\"\/wp-content\/uploads\/replace\/e89e8d713884e92de54b3599f3c3ad73.jpeg\" alt=\"Mi Robot Vacuum Mop 2 Pro\" width=\"1920\" height=\"1463\" \/><br \/>\n<img loading=\"lazy\" decoding=\"async\" class=\"size-full wp-image-22170\" src=\"\/wp-content\/uploads\/replace\/029503b6f57c8fca118963dd183ce267.jpeg\" alt=\"Mi Robot Vacuum Mop 2 Pro+\" width=\"1920\" height=\"1116\" \/><br \/>\n<img loading=\"lazy\" decoding=\"async\" class=\"size-full wp-image-22158\" src=\"\/wp-content\/uploads\/replace\/66d95cbca2b7a672ae25c7714675c237.jpeg\" alt=\"Mi Robot Vacuum Mop 2 Pro\" width=\"1920\" height=\"1083\" \/><br \/>\n<img loading=\"lazy\" decoding=\"async\" class=\"size-full wp-image-22174\" src=\"\/wp-content\/uploads\/replace\/976cb248739d26db0396cf1fb2f4df85.jpeg\" alt=\"Mi Robot Vacuum Mop 2 Pro+\" width=\"1920\" height=\"1287\" \/><br \/>\n<img loading=\"lazy\" decoding=\"async\" class=\"size-full wp-image-22173\" src=\"\/wp-content\/uploads\/replace\/eaa051a5b51e80f436fb8874f65bd75c.jpeg\" alt=\"Mi Robot Vacuum Mop 2 Pro+\" width=\"1920\" height=\"827\" \/><br \/>\n<img loading=\"lazy\" decoding=\"async\" class=\"size-full wp-image-22169\" src=\"\/wp-content\/uploads\/replace\/65f0a89f5f375df130036ac0206b800e.jpeg\" alt=\"Mi Robot Vacuum Mop 2 Pro+\" width=\"1920\" height=\"1173\" \/><br \/>\n<img loading=\"lazy\" decoding=\"async\" class=\"size-full wp-image-22157\" src=\"\/wp-content\/uploads\/replace\/81020bc9ff15105a020c33739b3d1579.jpeg\" alt=\"Mi Robot Vacuum Mop 2 Pro+\" width=\"1920\" height=\"1164\" \/><br \/>\n<img loading=\"lazy\" decoding=\"async\" class=\"size-full wp-image-22156\" src=\"\/wp-content\/uploads\/replace\/c60e4450aa47080c9de6fe551635f170.jpeg\" alt=\"Mi Robot Vacuum Mop 2 Pro+\" width=\"1920\" height=\"1235\" \/><br \/>\n<img loading=\"lazy\" decoding=\"async\" class=\"size-full wp-image-22162\" src=\"\/wp-content\/uploads\/replace\/a90aed85a134f97b6db84048351012fe.jpeg\" alt=\"Mi Robot Vacuum Mop 2 Pro+\" width=\"1920\" height=\"1345\" \/><br \/>\n<img loading=\"lazy\" decoding=\"async\" class=\"size-full wp-image-22168\" src=\"\/wp-content\/uploads\/replace\/015784e3a22dab30eaf170fdfe9ca60a.jpeg\" alt=\"Mi Robot Vacuum Mop 2 Pro\" width=\"1920\" height=\"1289\" \/><br \/>\n<img loading=\"lazy\" decoding=\"async\" class=\"size-full wp-image-22164\" src=\"\/wp-content\/uploads\/replace\/fd4db88177ca3c4df8d7977f41759f8a.jpeg\" alt=\"Mi Robot Vacuum Mop 2 Pro\" width=\"1920\" height=\"1196\" \/><br \/>\n<img loading=\"lazy\" decoding=\"async\" class=\"size-full wp-image-22163\" src=\"\/wp-content\/uploads\/replace\/f64f264894a4389f591bab9772e9e432.jpeg\" alt=\"Mi Robot Vacuum Mop 2 Pro\" width=\"1920\" height=\"1220\" \/><br \/>\n<img loading=\"lazy\" decoding=\"async\" class=\"size-full wp-image-22166\" src=\"\/wp-content\/uploads\/replace\/41f1218dbc0f83fa4156da50eca14801.jpeg\" alt=\"Mi Robot Vacuum Mop 2 Pro\" width=\"1920\" height=\"1384\" \/><br \/>\n<img loading=\"lazy\" decoding=\"async\" class=\"size-full wp-image-22165\" src=\"\/wp-content\/uploads\/replace\/134a165ef3e7ccd9fdd832ddf8295b46.jpeg\" alt=\"Mi Robot Vacuum Mop 2 Pro\" width=\"1920\" height=\"1245\" \/><br \/>\n<img loading=\"lazy\" decoding=\"async\" class=\"size-full wp-image-22175\" src=\"\/wp-content\/uploads\/replace\/da96e2ee7e7ab47fea2fbdcc2474d74e.jpeg\" alt=\"Mi Robot Vacuum Mop 2 Pro\" width=\"1920\" height=\"1113\" \/><br \/>\n<img loading=\"lazy\" decoding=\"async\" class=\"size-full wp-image-22167\" src=\"\/wp-content\/uploads\/replace\/8b1e57d42391b0c599b1a3b77d344d5c.png\" alt=\"Mi Robot Vacuum Mop 2 Pro+\" width=\"1920\" height=\"1011\" \/><\/p>\n<p><strong>Mi Robot Vacuum-Mop 2 Pro+ Versi\u00f3n Explorar 3D<\/strong><br \/>\nEvite los obst\u00e1culos con precisi\u00f3n con 3D: ya no tendr\u00e1 que preocuparse por los golpes.<br \/>\nEvitaci\u00f3n de obst\u00e1culos en 3D sin colisi\u00f3n.<br \/>\nNavegaci\u00f3n visxxal 3D y ruta de planificaci\u00f3n inteligente.<br \/>\nS\u00faper succi\u00f3n y larga resistencia.<br \/>\nAspira y trapea en un solo paso.<\/p>\n<p>Sensor profesional que mejora el rendimiento general de la limpieza. Equipado con m\u00faltiples sensores auxiliares de posicionamiento y detecci\u00f3n, como el giroscopio doble, el sensor de flujo \u00f3ptico y el sensor de desnivel. Mi Robot Vacuum-Mop 2 Pro+ obtiene informaci\u00f3n de posici\u00f3n de forma m\u00e1s precisa y completa y mantiene la ruta clara y libre de obst\u00e1culos.<\/p>","protected":false},"excerpt":{"rendered":"<p><strong>Mi Robot Vacuum-Mop 2 Pro+ Versi\u00f3n Explorar 3D<\/strong><br \/>\nEvite los obst\u00e1culos con precisi\u00f3n con 3D: ya no tendr\u00e1 que preocuparse por los golpes.<br \/>\nEvitaci\u00f3n de obst\u00e1culos en 3D sin colisi\u00f3n.<br \/>\nNavegaci\u00f3n visxxal 3D y ruta de planificaci\u00f3n inteligente.<br \/>\nS\u00faper succi\u00f3n y larga resistencia.<br \/>\nAspira y trapea en un solo paso.<\/p>","protected":false},"featured_media":25190,"template":"","meta":[],"product_brand":[],"product_cat":[1344,1305],"product_tag":[],"class_list":{"0":"post-25086","1":"product","2":"type-product","3":"status-publish","4":"has-post-thumbnail","6":"product_cat-mi-vacuum-cleaner","7":"product_cat-xiaomi-eco","9":"first","10":"instock","11":"shipping-taxable","12":"product-type-external"},"aioseo_notices":[],"aioseo_head":"\n\t\t<!-- All in One SEO Pro 4.5.9.2 - aioseo.com -->\n\t\t<meta name=\"description\" content=\"Mi Robot Vacuum-Mop 2 Pro+ 3D Explore Version Avoid obstacles accurately with 3D: no bumping worries anymore. 3D obstacle avoldance without colision. 3D visxxal navigation and intellgent planning route. Super sucton and iong endurarce. Suction and Mopping in one-step.\" \/>\n\t\t<meta name=\"robots\" content=\"max-image-preview:large\" \/>\n\t\t<link rel=\"canonical\" href=\"https:\/\/www.rucashk.com\/es\/producto\/mi-robot-vacuum-mop-2-pro-3d-explore-version\/\" \/>\n\t\t<meta name=\"generator\" content=\"All in One SEO Pro (AIOSEO) 4.5.9.2\" \/>\n\t\t<meta property=\"og:locale\" content=\"es_ES\" \/>\n\t\t<meta property=\"og:site_name\" content=\"Rucas - One-stop AIoT Distribution Worldwide\" \/>\n\t\t<meta property=\"og:type\" content=\"article\" \/>\n\t\t<meta property=\"og:title\" content=\"Mi Robot Vacuum-Mop 2 Pro+ 3D Explore Version - Rucas - Wholesale and Distribution\" \/>\n\t\t<meta property=\"og:description\" content=\"Mi Robot Vacuum-Mop 2 Pro+ 3D Explore Version Avoid obstacles accurately with 3D: no bumping worries anymore. 3D obstacle avoldance without colision. 3D visxxal navigation and intellgent planning route. Super sucton and iong endurarce. Suction and Mopping in one-step.\" \/>\n\t\t<meta property=\"og:url\" content=\"https:\/\/www.rucashk.com\/es\/producto\/mi-robot-vacuum-mop-2-pro-3d-explore-version\/\" \/>\n\t\t<meta property=\"og:image\" content=\"https:\/\/www.rucashk.com\/wp-content\/uploads\/replace\/503b8e645f128a97ccde2b6290747646.jpeg\" \/>\n\t\t<meta property=\"og:image:secure_url\" content=\"https:\/\/www.rucashk.com\/wp-content\/uploads\/replace\/503b8e645f128a97ccde2b6290747646.jpeg\" \/>\n\t\t<meta property=\"og:image:width\" content=\"1456\" \/>\n\t\t<meta property=\"og:image:height\" content=\"816\" \/>\n\t\t<meta property=\"article:published_time\" content=\"2024-01-09T16:13:03+00:00\" \/>\n\t\t<meta property=\"article:modified_time\" content=\"2024-03-12T07:36:24+00:00\" \/>\n\t\t<meta name=\"twitter:card\" content=\"summary_large_image\" \/>\n\t\t<meta name=\"twitter:title\" content=\"Mi Robot Vacuum-Mop 2 Pro+ 3D Explore Version - Rucas - Wholesale and Distribution\" \/>\n\t\t<meta name=\"twitter:description\" content=\"Mi Robot Vacuum-Mop 2 Pro+ 3D Explore Version Avoid obstacles accurately with 3D: no bumping worries anymore. 3D obstacle avoldance without colision. 3D visxxal navigation and intellgent planning route. Super sucton and iong endurarce. Suction and Mopping in one-step.\" \/>\n\t\t<meta name=\"twitter:image\" content=\"https:\/\/www.rucashk.com\/wp-content\/uploads\/replace\/503b8e645f128a97ccde2b6290747646.jpeg\" \/>\n\t\t<script type=\"application\/ld+json\" class=\"aioseo-schema\">\n\t\t\t{\"@context\":\"https:\\\/\\\/schema.org\",\"@graph\":[{\"@type\":\"BreadcrumbList\",\"@id\":\"https:\\\/\\\/www.rucashk.com\\\/es\\\/producto\\\/mi-robot-vacuum-mop-2-pro-3d-explore-version\\\/#breadcrumblist\",\"itemListElement\":[{\"@type\":\"ListItem\",\"@id\":\"https:\\\/\\\/www.rucashk.com\\\/es\\\/#listItem\",\"position\":1,\"name\":\"Home\",\"item\":\"https:\\\/\\\/www.rucashk.com\\\/es\\\/\",\"nextItem\":\"https:\\\/\\\/www.rucashk.com\\\/es\\\/producto\\\/mi-robot-vacuum-mop-2-pro-3d-explore-version\\\/#listItem\"},{\"@type\":\"ListItem\",\"@id\":\"https:\\\/\\\/www.rucashk.com\\\/es\\\/producto\\\/mi-robot-vacuum-mop-2-pro-3d-explore-version\\\/#listItem\",\"position\":2,\"name\":\"Mi Robot Vacuum-Mop 2 Pro+ 3D Explore Version\",\"previousItem\":\"https:\\\/\\\/www.rucashk.com\\\/es\\\/#listItem\"}]},{\"@type\":\"Organization\",\"@id\":\"https:\\\/\\\/www.rucashk.com\\\/es\\\/#organization\",\"name\":\"Rucas\",\"url\":\"https:\\\/\\\/www.rucashk.com\\\/es\\\/\",\"logo\":{\"@type\":\"ImageObject\",\"url\":\"https:\\\/\\\/www.rucashk.com\\\/wp-content\\\/uploads\\\/2023\\\/12\\\/Rucas_campany_logo.png\",\"@id\":\"https:\\\/\\\/www.rucashk.com\\\/es\\\/producto\\\/mi-robot-vacuum-mop-2-pro-3d-explore-version\\\/#organizationLogo\",\"width\":221,\"height\":65},\"image\":{\"@id\":\"https:\\\/\\\/www.rucashk.com\\\/es\\\/#organizationLogo\"}},{\"@type\":\"Person\",\"@id\":\"https:\\\/\\\/www.rucashk.com\\\/es\\\/author\\\/admin\\\/#author\",\"url\":\"https:\\\/\\\/www.rucashk.com\\\/es\\\/author\\\/admin\\\/\",\"name\":\"admin\",\"image\":{\"@type\":\"ImageObject\",\"@id\":\"https:\\\/\\\/www.rucashk.com\\\/es\\\/producto\\\/mi-robot-vacuum-mop-2-pro-3d-explore-version\\\/#authorImage\",\"url\":\"https:\\\/\\\/secure.gravatar.com\\\/avatar\\\/b7c8925b09a27e72b30232f8ecaadbd5af0f70a38c78096863fe51b64f031c24?s=96&d=mm&r=g\",\"width\":96,\"height\":96,\"caption\":\"admin\"}},{\"@type\":\"WebPage\",\"@id\":\"https:\\\/\\\/www.rucashk.com\\\/es\\\/producto\\\/mi-robot-vacuum-mop-2-pro-3d-explore-version\\\/#webpage\",\"url\":\"https:\\\/\\\/www.rucashk.com\\\/es\\\/producto\\\/mi-robot-vacuum-mop-2-pro-3d-explore-version\\\/\",\"name\":\"Mi Robot Vacuum-Mop 2 Pro+ 3D Explore Version - Rucas - Wholesale and Distribution\",\"description\":\"Mi Robot Vacuum-Mop 2 Pro+ 3D Explore Version Avoid obstacles accurately with 3D: no bumping worries anymore. 3D obstacle avoldance without colision. 3D visxxal navigation and intellgent planning route. Super sucton and iong endurarce. Suction and Mopping in one-step.\",\"inLanguage\":\"es-ES\",\"isPartOf\":{\"@id\":\"https:\\\/\\\/www.rucashk.com\\\/es\\\/#website\"},\"breadcrumb\":{\"@id\":\"https:\\\/\\\/www.rucashk.com\\\/es\\\/producto\\\/mi-robot-vacuum-mop-2-pro-3d-explore-version\\\/#breadcrumblist\"},\"author\":{\"@id\":\"https:\\\/\\\/www.rucashk.com\\\/es\\\/author\\\/admin\\\/#author\"},\"creator\":{\"@id\":\"https:\\\/\\\/www.rucashk.com\\\/es\\\/author\\\/admin\\\/#author\"},\"image\":{\"@type\":\"ImageObject\",\"url\":\"https:\\\/\\\/www.rucashk.com\\\/wp-content\\\/uploads\\\/2024\\\/01\\\/Mi_Robot-Vacuum-Mop-2-Pro-1.jpg\",\"@id\":\"https:\\\/\\\/www.rucashk.com\\\/es\\\/producto\\\/mi-robot-vacuum-mop-2-pro-3d-explore-version\\\/#mainImage\",\"width\":930,\"height\":931},\"primaryImageOfPage\":{\"@id\":\"https:\\\/\\\/www.rucashk.com\\\/es\\\/producto\\\/mi-robot-vacuum-mop-2-pro-3d-explore-version\\\/#mainImage\"},\"datePublished\":\"2024-01-09T16:13:03+00:00\",\"dateModified\":\"2024-03-12T07:36:24+00:00\"},{\"@type\":\"WebSite\",\"@id\":\"https:\\\/\\\/www.rucashk.com\\\/es\\\/#website\",\"url\":\"https:\\\/\\\/www.rucashk.com\\\/es\\\/\",\"name\":\"Rucas - Wholesale and distribution worldwide\",\"alternateName\":\"Rucas - One-stop AIoT Distribution Worldwide\",\"description\":\"One-stop AIoT Distribution Worldwide\",\"inLanguage\":\"es-ES\",\"publisher\":{\"@id\":\"https:\\\/\\\/www.rucashk.com\\\/es\\\/#organization\"}}]}\n\t\t<\/script>\n\t\t<!-- All in One SEO Pro -->\r\n\t\t<title>Mi Robot Vacuum-Mop 2 Pro+ 3D Explore Version - Rucas - Wholesale and Distribution<\/title>\n\n","aioseo_head_json":{"title":"Mi Robot Vacuum-Mop 2 Pro+ 3D Explore Version - Rucas - Wholesale and Distribution","description":"Mi Robot Vacuum-Mop 2 Pro+ 3D Explore Version Avoid obstacles accurately with 3D: no bumping worries anymore. 3D obstacle avoldance without colision. 3D visxxal navigation and intellgent planning route. Super sucton and iong endurarce. Suction and Mopping in one-step.","canonical_url":"https:\/\/www.rucashk.com\/es\/producto\/mi-robot-vacuum-mop-2-pro-3d-explore-version\/","robots":"max-image-preview:large","keywords":"","webmasterTools":{"miscellaneous":""},"og:locale":"es_ES","og:site_name":"Rucas - One-stop AIoT Distribution Worldwide","og:type":"article","og:title":"Mi Robot Vacuum-Mop 2 Pro+ 3D Explore Version - Rucas - Wholesale and Distribution","og:description":"Mi Robot Vacuum-Mop 2 Pro+ 3D Explore Version Avoid obstacles accurately with 3D: no bumping worries anymore. 3D obstacle avoldance without colision. 3D visxxal navigation and intellgent planning route. Super sucton and iong endurarce. Suction and Mopping in one-step.","og:url":"https:\/\/www.rucashk.com\/es\/producto\/mi-robot-vacuum-mop-2-pro-3d-explore-version\/","og:image":"https:\/\/www.rucashk.com\/wp-content\/uploads\/replace\/503b8e645f128a97ccde2b6290747646.jpeg","og:image:secure_url":"https:\/\/www.rucashk.com\/wp-content\/uploads\/replace\/503b8e645f128a97ccde2b6290747646.jpeg","og:image:width":1456,"og:image:height":816,"article:published_time":"2024-01-09T16:13:03+00:00","article:modified_time":"2024-03-12T07:36:24+00:00","twitter:card":"summary_large_image","twitter:title":"Mi Robot Vacuum-Mop 2 Pro+ 3D Explore Version - Rucas - Wholesale and Distribution","twitter:description":"Mi Robot Vacuum-Mop 2 Pro+ 3D Explore Version Avoid obstacles accurately with 3D: no bumping worries anymore. 3D obstacle avoldance without colision. 3D visxxal navigation and intellgent planning route. Super sucton and iong endurarce. Suction and Mopping in one-step.","twitter:image":"https:\/\/www.rucashk.com\/wp-content\/uploads\/replace\/503b8e645f128a97ccde2b6290747646.jpeg","schema":{"@context":"https:\/\/schema.org","@graph":[{"@type":"BreadcrumbList","@id":"https:\/\/www.rucashk.com\/es\/producto\/mi-robot-vacuum-mop-2-pro-3d-explore-version\/#breadcrumblist","itemListElement":[{"@type":"ListItem","@id":"https:\/\/www.rucashk.com\/es\/#listItem","position":1,"name":"Home","item":"https:\/\/www.rucashk.com\/es\/","nextItem":"https:\/\/www.rucashk.com\/es\/producto\/mi-robot-vacuum-mop-2-pro-3d-explore-version\/#listItem"},{"@type":"ListItem","@id":"https:\/\/www.rucashk.com\/es\/producto\/mi-robot-vacuum-mop-2-pro-3d-explore-version\/#listItem","position":2,"name":"Mi Robot Vacuum-Mop 2 Pro+ 3D Explore Version","previousItem":"https:\/\/www.rucashk.com\/es\/#listItem"}]},{"@type":"Organization","@id":"https:\/\/www.rucashk.com\/es\/#organization","name":"Rucas","url":"https:\/\/www.rucashk.com\/es\/","logo":{"@type":"ImageObject","url":"https:\/\/www.rucashk.com\/wp-content\/uploads\/2023\/12\/Rucas_campany_logo.png","@id":"https:\/\/www.rucashk.com\/es\/producto\/mi-robot-vacuum-mop-2-pro-3d-explore-version\/#organizationLogo","width":221,"height":65},"image":{"@id":"https:\/\/www.rucashk.com\/es\/#organizationLogo"}},{"@type":"Person","@id":"https:\/\/www.rucashk.com\/es\/author\/admin\/#author","url":"https:\/\/www.rucashk.com\/es\/author\/admin\/","name":"admin","image":{"@type":"ImageObject","@id":"https:\/\/www.rucashk.com\/es\/producto\/mi-robot-vacuum-mop-2-pro-3d-explore-version\/#authorImage","url":"https:\/\/secure.gravatar.com\/avatar\/b7c8925b09a27e72b30232f8ecaadbd5af0f70a38c78096863fe51b64f031c24?s=96&d=mm&r=g","width":96,"height":96,"caption":"admin"}},{"@type":"WebPage","@id":"https:\/\/www.rucashk.com\/es\/producto\/mi-robot-vacuum-mop-2-pro-3d-explore-version\/#webpage","url":"https:\/\/www.rucashk.com\/es\/producto\/mi-robot-vacuum-mop-2-pro-3d-explore-version\/","name":"Mi Robot Vacuum-Mop 2 Pro+ 3D Explore Version - Rucas - Wholesale and Distribution","description":"Mi Robot Vacuum-Mop 2 Pro+ 3D Explore Version Avoid obstacles accurately with 3D: no bumping worries anymore. 3D obstacle avoldance without colision. 3D visxxal navigation and intellgent planning route. Super sucton and iong endurarce. Suction and Mopping in one-step.","inLanguage":"es-ES","isPartOf":{"@id":"https:\/\/www.rucashk.com\/es\/#website"},"breadcrumb":{"@id":"https:\/\/www.rucashk.com\/es\/producto\/mi-robot-vacuum-mop-2-pro-3d-explore-version\/#breadcrumblist"},"author":{"@id":"https:\/\/www.rucashk.com\/es\/author\/admin\/#author"},"creator":{"@id":"https:\/\/www.rucashk.com\/es\/author\/admin\/#author"},"image":{"@type":"ImageObject","url":"https:\/\/www.rucashk.com\/wp-content\/uploads\/2024\/01\/Mi_Robot-Vacuum-Mop-2-Pro-1.jpg","@id":"https:\/\/www.rucashk.com\/es\/producto\/mi-robot-vacuum-mop-2-pro-3d-explore-version\/#mainImage","width":930,"height":931},"primaryImageOfPage":{"@id":"https:\/\/www.rucashk.com\/es\/producto\/mi-robot-vacuum-mop-2-pro-3d-explore-version\/#mainImage"},"datePublished":"2024-01-09T16:13:03+00:00","dateModified":"2024-03-12T07:36:24+00:00"},{"@type":"WebSite","@id":"https:\/\/www.rucashk.com\/es\/#website","url":"https:\/\/www.rucashk.com\/es\/","name":"Rucas - Wholesale and distribution worldwide","alternateName":"Rucas - One-stop AIoT Distribution Worldwide","description":"One-stop AIoT Distribution Worldwide","inLanguage":"es-ES","publisher":{"@id":"https:\/\/www.rucashk.com\/es\/#organization"}}]}},"aioseo_meta_data":{"post_id":"25086","title":null,"description":null,"keywords":null,"keyphrases":null,"primary_term":null,"canonical_url":null,"og_title":null,"og_description":null,"og_object_type":"default","og_image_type":"default","og_image_url":null,"og_image_width":null,"og_image_height":null,"og_image_custom_url":null,"og_image_custom_fields":null,"og_video":null,"og_custom_url":null,"og_article_section":null,"og_article_tags":null,"twitter_use_og":false,"twitter_card":"default","twitter_image_type":"default","twitter_image_url":null,"twitter_image_custom_url":null,"twitter_image_custom_fields":null,"twitter_title":null,"twitter_description":null,"schema":{"blockGraphs":[],"customGraphs":[],"default":{"data":{"Article":[],"Course":[],"Dataset":[],"FAQPage":[],"Movie":[],"Person":[],"Product":[],"Recipe":[],"Service":[],"SoftwareApplication":[],"WebPage":[]},"graphName":"","isEnabled":true},"graphs":[]},"schema_type":"default","schema_type_options":null,"pillar_content":false,"robots_default":true,"robots_noindex":false,"robots_noarchive":false,"robots_nosnippet":false,"robots_nofollow":false,"robots_noimageindex":false,"robots_noodp":false,"robots_notranslate":false,"robots_max_snippet":null,"robots_max_videopreview":null,"robots_max_imagepreview":"large","priority":null,"frequency":null,"local_seo":null,"breadcrumb_settings":null,"limit_modified_date":false,"created":"2024-04-11 01:57:17","updated":"2025-06-22 17:47:00"},"aioseo_breadcrumb":"<div class=\"aioseo-breadcrumbs\"><span class=\"aioseo-breadcrumb\">\n\t<a href=\"https:\/\/www.rucashk.com\/es\" title=\"Home\">Home<\/a>\n<\/span><span class=\"aioseo-breadcrumb-separator\">&raquo;<\/span><span class=\"aioseo-breadcrumb\">\n\t<a href=\"https:\/\/www.rucashk.com\/es\/products\/\" title=\"Productos\">Productos<\/a>\n<\/span><span class=\"aioseo-breadcrumb-separator\">&raquo;<\/span><span class=\"aioseo-breadcrumb\">\n\t<a href=\"https:\/\/www.rucashk.com\/es\/categoria-producto\/xiaomi-eco\/\" title=\"Xiaomi Eco\">Xiaomi Eco<\/a>\n<\/span><span class=\"aioseo-breadcrumb-separator\">&raquo;<\/span><span class=\"aioseo-breadcrumb\">\n\t<a href=\"https:\/\/www.rucashk.com\/es\/categoria-producto\/xiaomi-eco\/mi-vacuum-cleaner\/\" title=\"Mi Vacuum Cleaner\">Mi Vacuum Cleaner<\/a>\n<\/span><span class=\"aioseo-breadcrumb-separator\">&raquo;<\/span><span class=\"aioseo-breadcrumb\">\n\tMi Robot Vacuum-Mop 2 Pro+ 3D Explore Version\n<\/span><\/div>","aioseo_breadcrumb_json":[{"label":"Home","link":"https:\/\/www.rucashk.com\/es"},{"label":"Productos","link":"https:\/\/www.rucashk.com\/es\/products\/"},{"label":"Xiaomi Eco","link":"https:\/\/www.rucashk.com\/es\/categoria-producto\/xiaomi-eco\/"},{"label":"Mi Vacuum Cleaner","link":"https:\/\/www.rucashk.com\/es\/categoria-producto\/xiaomi-eco\/mi-vacuum-cleaner\/"},{"label":"Mi Robot Vacuum-Mop 2 Pro+ 3D Explore Version","link":"https:\/\/www.rucashk.com\/es\/producto\/mi-robot-vacuum-mop-2-pro-3d-explore-version\/"}],"_links":{"self":[{"href":"https:\/\/www.rucashk.com\/es\/wp-json\/wp\/v2\/product\/25086","targetHints":{"allow":["GET"]}}],"collection":[{"href":"https:\/\/www.rucashk.com\/es\/wp-json\/wp\/v2\/product"}],"about":[{"href":"https:\/\/www.rucashk.com\/es\/wp-json\/wp\/v2\/types\/product"}],"wp:featuredmedia":[{"embeddable":true,"href":"https:\/\/www.rucashk.com\/es\/wp-json\/wp\/v2\/media\/25190"}],"wp:attachment":[{"href":"https:\/\/www.rucashk.com\/es\/wp-json\/wp\/v2\/media?parent=25086"}],"wp:term":[{"taxonomy":"product_brand","embeddable":true,"href":"https:\/\/www.rucashk.com\/es\/wp-json\/wp\/v2\/product_brand?post=25086"},{"taxonomy":"product_cat","embeddable":true,"href":"https:\/\/www.rucashk.com\/es\/wp-json\/wp\/v2\/product_cat?post=25086"},{"taxonomy":"product_tag","embeddable":true,"href":"https:\/\/www.rucashk.com\/es\/wp-json\/wp\/v2\/product_tag?post=25086"}],"curies":[{"name":"wp","href":"https:\/\/api.w.org\/{rel}","templated":true}]}}