{"id":25001,"date":"2024-01-09T16:11:51","date_gmt":"2024-01-09T16:11:51","guid":{"rendered":"http:\/\/rucashk.com\/?post_type=product&#038;p=25001"},"modified":"2024-03-13T04:05:03","modified_gmt":"2024-03-13T04:05:03","slug":"new-honor-band-6","status":"publish","type":"product","link":"https:\/\/www.rucashk.com\/es\/producto\/new-honor-band-6\/","title":{"rendered":"Huawei Honor Banda 6"},"content":{"rendered":"<div>\n<div class=\"product-overview\">\n<div id=\"product-description\" class=\"product-description\" data-spm=\"1000023\" data-spm-anchor-id=\"a2g0o.detail.0.1000023.458d3ab1wyOiDk\">\n<div class=\"origin-part box-sizing\">\n<div class=\"detailmodule_html\">\n<div class=\"detail-desc-decorate-richtext\">\n<h3 style=\"text-align: center\">Nueva Banda de Honor 6<\/h3>\n<div>Pantalla a color AMOLED de 1,47\u2033<\/div>\n<p>Con un tama\u00f1o de pantalla 148% m\u00e1s grande que la generaci\u00f3n anterior, HONOR Band 6 te ofrece una mayor visi\u00f3n.<img decoding=\"async\" src=\"\/wp-content\/uploads\/replace\/abaf0a91f280ab99331c799b9a877ccc.jpeg\" alt=\"2\" \/>\u00a0Dise\u00f1o de vidrio de arco 2.5D adoptado<\/p>\n<div><img decoding=\"async\" src=\"\/wp-content\/uploads\/replace\/cb73d64246c7fee5f8b3e5a683ee26d5.jpeg\" alt=\"3\" \/>Logotipo de personalidad, tu actitud<\/div>\n<div>Dise\u00f1o de logotipo de personalidad, potente bot\u00f3n de l\u00ednea roja.<img decoding=\"async\" src=\"\/wp-content\/uploads\/replace\/1b963536eef58b32552868604c276cf5.jpeg\" alt=\"4\" \/>Adopci\u00f3n del color vitalidad<\/div>\n<div>Salado, dulce, libre de cambiar.<\/div>\n<div>Meteorito Negro | Gaviota Gris | Rosa coral<img decoding=\"async\" src=\"\/wp-content\/uploads\/replace\/60f9e896b787ea9d37301bd1df6d7e93.jpeg\" alt=\"5\" \/><img decoding=\"async\" src=\"\/wp-content\/uploads\/replace\/8e72c20f4a53164a402ac53a716e7099.jpeg\" alt=\"6\" \/><\/div>\n<div><\/div>\n<div>Memoria IP cl\u00e1sica rejuvenecida<\/div>\n<div>Cada d\u00eda es fresco de juventud<\/div>\n<div><\/div>\n<div>Puede elegir entre m\u00e1s de 100 esferas, que se pueden cambiar en cualquier momento seg\u00fan su estilo y afici\u00f3n. Esfera personalizada m\u00e1s personalizada, lleve una nueva personalidad en la mu\u00f1eca.<\/div>\n<div><\/div>\n<div><img decoding=\"async\" src=\"\/wp-content\/uploads\/replace\/e36aa12a40ca1a4730b180cfe47a1bb8.jpeg\" alt=\"7\" \/><img decoding=\"async\" src=\"\/wp-content\/uploads\/replace\/4213157fc42094af4baf04ce6c82f85a.jpeg\" alt=\"8\" \/>\u00a0Carga r\u00e1pida potente y magn\u00e9tica<\/div>\n<div><\/div>\n<div>Cargue por 5 minutos Obtenga 2 d\u00edas de uso<\/div>\n<div><\/div>\n<div>Si bien se mejora el rendimiento de la carga, HONOR Band 6 brinda una mejor experiencia de resistencia, lo que le permite deshacerse de la engorrosa carga.<img decoding=\"async\" src=\"\/wp-content\/uploads\/replace\/d516deaed895abd778dd704923c093d9.jpeg\" alt=\"9\" \/><\/div>\n<div>Detecci\u00f3n de ox\u00edgeno en sangre SpO2<\/div>\n<div>Haga que el estado del cuerpo est\u00e9 a su alcance<\/div>\n<div>La saturaci\u00f3n de ox\u00edgeno en sangre es uno de los signos vitales importantes. El bajo contenido de ox\u00edgeno en sangre puede causar f\u00e1cilmente s\u00edntomas como fatiga, somnolencia, falta de energ\u00eda y p\u00e9rdida de memoria. Un contenido insuficiente de ox\u00edgeno en la sangre a largo plazo tambi\u00e9n puede causar da\u00f1os al cerebro y los \u00f3rganos del coraz\u00f3n. HONOR Band 6 optimiza profundamente la trayectoria de la luz del hardware y el algoritmo para detectar con precisi\u00f3n la saturaci\u00f3n de ox\u00edgeno en la sangre, haciendo que una vida saludable est\u00e9 a su alcance.<img decoding=\"async\" src=\"\/wp-content\/uploads\/replace\/7e979eeab98d1ba4d5d2bf63f9199151.jpeg\" alt=\"10\" \/><\/div>\n<div>Monitoreo inteligente de frecuencia card\u00edaca las 24 horas<\/div>\n<div>Cuidar un poco m\u00e1s la salud<\/div>\n<div>Usando HUAWEI TruSeen\u1d40\u1d39 4.0 monitorizaci\u00f3n precisa de la frecuencia card\u00edaca durante todo el d\u00eda, cuando se determina que la frecuencia card\u00edaca es demasiado alta o baja, HONOR Band 6 puede enviar recordatorios de alerta temprana a tiempo, para que puedas seguir el consejo de un m\u00e9dico.<img decoding=\"async\" src=\"\/wp-content\/uploads\/replace\/31c0df0d74a7ee3b2bdd194fd1eabc58.jpeg\" alt=\"11\" \/><\/div>\n<div>Monitoreo cient\u00edfico del sue\u00f1o<\/div>\n<div>Le ayuda a conciliar el sue\u00f1o profundamente<\/div>\n<div>Honor Band 6 utiliza el algoritmo de monitoreo del sue\u00f1o HUAWEI TruSleep\u1d40\u1d39, que puede registrar con precisi\u00f3n la duraci\u00f3n del sue\u00f1o e identificar el estado del sue\u00f1o, y brindar m\u00e1s de 200 sugerencias de mejora espec\u00edficas y servicios personalizados de asistencia para el sue\u00f1o para ayudarlo a dormir bien y brindarle un mejor d\u00eda.<img decoding=\"async\" src=\"\/wp-content\/uploads\/replace\/22f86620a46acd125fe8838afaf6da19.jpeg\" alt=\"12\" \/>\u00a0Gesti\u00f3n de la salud femenina<\/div>\n<div>Cada d\u00eda especial est\u00e1 en el coraz\u00f3n<\/div>\n<div>De acuerdo con el m\u00e9todo del calendario para predecir el per\u00edodo menstrual y respaldar el registro y recordatorio del ciclo menstrual de la mujer, HONOR Band 6 puede administrar directamente el calendario del ciclo, para que puedas estar tranquila y sin preocupaciones antes de que llegue cada momento especial.<img decoding=\"async\" src=\"\/wp-content\/uploads\/replace\/2632b64002eb8343ec16b2670454ef55.jpeg\" alt=\"13\" \/>\u00a010 modos de entrenamiento profesionales<\/div>\n<div><\/div>\n<div>Progrese un poco todos los d\u00edas<\/div>\n<div><\/div>\n<div>HONOR Band 6 tiene una gran cantidad de modos de entrenamiento entre los que puedes elegir. Al correr, caminar, andar en bicicleta y otros deportes de inter\u00e9s, puede ayudarlo a seguir con precisi\u00f3n el progreso, incluso si est\u00e1 nadando en agua.<\/div>\n<div><\/div>\n<div><img decoding=\"async\" src=\"\/wp-content\/uploads\/replace\/90b2aff3d0c70de7244a5f4378928dec.jpeg\" alt=\"14\" \/>\u00a0Tipo de entrenamiento de reconocimiento autom\u00e1tico<\/div>\n<div><\/div>\n<div>Permitir que se registre cada movimiento<\/div>\n<div><\/div>\n<div>Reconoce autom\u00e1ticamente seis modos deportivos: correr en interiores y exteriores, caminar en interiores y exteriores, m\u00e1quina de remo y m\u00e1quina el\u00edptica. Al mismo tiempo, la monitorizaci\u00f3n precisa de la frecuencia card\u00edaca en tiempo real puede establecer diferentes zonas de frecuencia card\u00edaca, como la p\u00e9rdida de grasa y la mejora de la resistencia, seg\u00fan objetivos de ejercicio. La retroalimentaci\u00f3n en tiempo real sobre el proceso de ejercicio hace que el ejercicio sea m\u00e1s f\u00e1cil y los datos del ejercicio m\u00e1s completos.<\/div>\n<div><\/div>\n<div><img decoding=\"async\" src=\"\/wp-content\/uploads\/replace\/36ae0bae487718bcbc424096adb58d32.jpeg\" alt=\"15\" \/>\u00a0<strong>Funciones convenientes que desea<\/strong><\/div>\n<div>Los recordatorios situacionales inteligentes, como mensajes, llamadas entrantes, vuelos, hoteles, clima y horarios, pueden ayudarlo a dominar mejor el ritmo de la vida y pueden desempe\u00f1arse bien en trabajos complejos.<\/div>\n<div><\/div>\n<div><img decoding=\"async\" src=\"\/wp-content\/uploads\/replace\/694a1748a1fa4a47c41ceaaef739bb31.jpeg\" alt=\"16\" \/><\/div>\n<\/div>\n<\/div>\n<\/div>\n<\/div>\n<\/div>\n<\/div>\n<div data-spm=\"1000024\"><\/div>","protected":false},"excerpt":{"rendered":"<table>\n<colgroup>\n<col width=\"158\" \/>\n<col width=\"745\" \/><\/colgroup>\n<tbody>\n<tr>\n<td>Modelo de marca<\/td>\n<td>HONOR Banda 6<\/td>\n<\/tr>\n<tr>\n<td>Pantalla<\/td>\n<td>Tama\u00f1o de pantalla: 1,47 pulgadas (diagonal)<\/td>\n<\/tr>\n<tr>\n<td><\/td>\n<td>Tipo de pantalla: AMOLED<\/td>\n<\/tr>\n<tr>\n<td><\/td>\n<td>Resoluci\u00f3n: 194*368 p\u00edxeles<\/td>\n<\/tr>\n<tr>\n<td><\/td>\n<td><\/td>\n<\/tr>\n<tr>\n<td>Conectividad<\/td>\n<td>Resistencia al agua: 5 atm\u00f3sferas<\/td>\n<\/tr>\n<tr>\n<td><\/td>\n<td>Bluetooth: 5,0<\/td>\n<\/tr>\n<tr>\n<td><\/td>\n<td><\/td>\n<\/tr>\n<tr>\n<td>Sensores<\/td>\n<td>Aceler\u00f3metro<\/td>\n<\/tr>\n<tr>\n<td><\/td>\n<td>Sensor girosc\u00f3pico<\/td>\n<\/tr>\n<tr>\n<td><\/td>\n<td>Sensor de frecuencia card\u00edaca (PPG)<\/td>\n<\/tr>\n<tr>\n<td><\/td>\n<td>Sensor de luz ambiental<\/td>\n<\/tr>\n<tr>\n<td><\/td>\n<td><\/td>\n<\/tr>\n<tr>\n<td>Bater\u00eda<\/td>\n<td data-spm-anchor-id=\"a2g0o.detail.1000023.i0.458d3ab1riRTD5\">180 mAh (valor t\u00edpico)<\/td>\n<\/tr>\n<\/tbody>\n<\/table>","protected":false},"featured_media":25117,"template":"","meta":[],"product_brand":[],"product_cat":[1345,1322],"product_tag":[],"class_list":{"0":"post-25001","1":"product","2":"type-product","3":"status-publish","4":"has-post-thumbnail","6":"product_cat-huawei-other-a-brands","7":"product_cat-other-a-brands","9":"first","10":"instock","11":"shipping-taxable","12":"product-type-external"},"aioseo_notices":[],"aioseo_head":"\n\t\t<!-- All in One SEO Pro 4.5.9.2 - aioseo.com -->\n\t\t<meta name=\"description\" content=\"Brand Model HONOR Band 6 Screen Screen size : 1.47 inches (diagonal) Screen type : AMOLED Resolution : 194*368 pixels Connectivity Water Resistance: 5 ATM Bluetooth: 5.0 Sensors Accelerometer Gyro sensor Heart rate sensor (PPG) Ambient light sensor Battery 180mAh (Typical Value)\" \/>\n\t\t<meta name=\"robots\" content=\"max-image-preview:large\" \/>\n\t\t<link rel=\"canonical\" href=\"https:\/\/www.rucashk.com\/es\/producto\/new-honor-band-6\/\" \/>\n\t\t<meta name=\"generator\" content=\"All in One SEO Pro (AIOSEO) 4.5.9.2\" \/>\n\t\t<meta property=\"og:locale\" content=\"es_ES\" \/>\n\t\t<meta property=\"og:site_name\" content=\"Rucas - One-stop AIoT Distribution Worldwide\" \/>\n\t\t<meta property=\"og:type\" content=\"article\" \/>\n\t\t<meta property=\"og:title\" content=\"Huawei Honor Band 6 - Rucas - Wholesale and Distribution\" \/>\n\t\t<meta property=\"og:description\" content=\"Brand Model HONOR Band 6 Screen Screen size : 1.47 inches (diagonal) Screen type : AMOLED Resolution : 194*368 pixels Connectivity Water Resistance: 5 ATM Bluetooth: 5.0 Sensors Accelerometer Gyro sensor Heart rate sensor (PPG) Ambient light sensor Battery 180mAh (Typical Value)\" \/>\n\t\t<meta property=\"og:url\" content=\"https:\/\/www.rucashk.com\/es\/producto\/new-honor-band-6\/\" \/>\n\t\t<meta property=\"og:image\" content=\"https:\/\/www.rucashk.com\/wp-content\/uploads\/replace\/503b8e645f128a97ccde2b6290747646.jpeg\" \/>\n\t\t<meta property=\"og:image:secure_url\" content=\"https:\/\/www.rucashk.com\/wp-content\/uploads\/replace\/503b8e645f128a97ccde2b6290747646.jpeg\" \/>\n\t\t<meta property=\"og:image:width\" content=\"1456\" \/>\n\t\t<meta property=\"og:image:height\" content=\"816\" \/>\n\t\t<meta property=\"article:published_time\" content=\"2024-01-09T16:11:51+00:00\" \/>\n\t\t<meta property=\"article:modified_time\" content=\"2024-03-13T04:05:03+00:00\" \/>\n\t\t<meta name=\"twitter:card\" content=\"summary_large_image\" \/>\n\t\t<meta name=\"twitter:title\" content=\"Huawei Honor Band 6 - Rucas - Wholesale and Distribution\" \/>\n\t\t<meta name=\"twitter:description\" content=\"Brand Model HONOR Band 6 Screen Screen size : 1.47 inches (diagonal) Screen type : AMOLED Resolution : 194*368 pixels Connectivity Water Resistance: 5 ATM Bluetooth: 5.0 Sensors Accelerometer Gyro sensor Heart rate sensor (PPG) Ambient light sensor Battery 180mAh (Typical Value)\" \/>\n\t\t<meta name=\"twitter:image\" content=\"https:\/\/www.rucashk.com\/wp-content\/uploads\/replace\/503b8e645f128a97ccde2b6290747646.jpeg\" \/>\n\t\t<script type=\"application\/ld+json\" class=\"aioseo-schema\">\n\t\t\t{\"@context\":\"https:\\\/\\\/schema.org\",\"@graph\":[{\"@type\":\"BreadcrumbList\",\"@id\":\"https:\\\/\\\/www.rucashk.com\\\/es\\\/producto\\\/new-honor-band-6\\\/#breadcrumblist\",\"itemListElement\":[{\"@type\":\"ListItem\",\"@id\":\"https:\\\/\\\/www.rucashk.com\\\/es\\\/#listItem\",\"position\":1,\"name\":\"Home\",\"item\":\"https:\\\/\\\/www.rucashk.com\\\/es\\\/\",\"nextItem\":\"https:\\\/\\\/www.rucashk.com\\\/es\\\/producto\\\/new-honor-band-6\\\/#listItem\"},{\"@type\":\"ListItem\",\"@id\":\"https:\\\/\\\/www.rucashk.com\\\/es\\\/producto\\\/new-honor-band-6\\\/#listItem\",\"position\":2,\"name\":\"Huawei Honor Band 6\",\"previousItem\":\"https:\\\/\\\/www.rucashk.com\\\/es\\\/#listItem\"}]},{\"@type\":\"Organization\",\"@id\":\"https:\\\/\\\/www.rucashk.com\\\/es\\\/#organization\",\"name\":\"Rucas\",\"url\":\"https:\\\/\\\/www.rucashk.com\\\/es\\\/\",\"logo\":{\"@type\":\"ImageObject\",\"url\":\"https:\\\/\\\/www.rucashk.com\\\/wp-content\\\/uploads\\\/2023\\\/12\\\/Rucas_campany_logo.png\",\"@id\":\"https:\\\/\\\/www.rucashk.com\\\/es\\\/producto\\\/new-honor-band-6\\\/#organizationLogo\",\"width\":221,\"height\":65},\"image\":{\"@id\":\"https:\\\/\\\/www.rucashk.com\\\/es\\\/#organizationLogo\"}},{\"@type\":\"Person\",\"@id\":\"https:\\\/\\\/www.rucashk.com\\\/es\\\/author\\\/admin\\\/#author\",\"url\":\"https:\\\/\\\/www.rucashk.com\\\/es\\\/author\\\/admin\\\/\",\"name\":\"admin\",\"image\":{\"@type\":\"ImageObject\",\"@id\":\"https:\\\/\\\/www.rucashk.com\\\/es\\\/producto\\\/new-honor-band-6\\\/#authorImage\",\"url\":\"https:\\\/\\\/secure.gravatar.com\\\/avatar\\\/b7c8925b09a27e72b30232f8ecaadbd5af0f70a38c78096863fe51b64f031c24?s=96&d=mm&r=g\",\"width\":96,\"height\":96,\"caption\":\"admin\"}},{\"@type\":\"WebPage\",\"@id\":\"https:\\\/\\\/www.rucashk.com\\\/es\\\/producto\\\/new-honor-band-6\\\/#webpage\",\"url\":\"https:\\\/\\\/www.rucashk.com\\\/es\\\/producto\\\/new-honor-band-6\\\/\",\"name\":\"Huawei Honor Band 6 - Rucas - Wholesale and Distribution\",\"description\":\"Brand Model HONOR Band 6 Screen Screen size : 1.47 inches (diagonal) Screen type : AMOLED Resolution : 194*368 pixels Connectivity Water Resistance: 5 ATM Bluetooth: 5.0 Sensors Accelerometer Gyro sensor Heart rate sensor (PPG) Ambient light sensor Battery 180mAh (Typical Value)\",\"inLanguage\":\"es-ES\",\"isPartOf\":{\"@id\":\"https:\\\/\\\/www.rucashk.com\\\/es\\\/#website\"},\"breadcrumb\":{\"@id\":\"https:\\\/\\\/www.rucashk.com\\\/es\\\/producto\\\/new-honor-band-6\\\/#breadcrumblist\"},\"author\":{\"@id\":\"https:\\\/\\\/www.rucashk.com\\\/es\\\/author\\\/admin\\\/#author\"},\"creator\":{\"@id\":\"https:\\\/\\\/www.rucashk.com\\\/es\\\/author\\\/admin\\\/#author\"},\"image\":{\"@type\":\"ImageObject\",\"url\":\"https:\\\/\\\/www.rucashk.com\\\/wp-content\\\/uploads\\\/2024\\\/01\\\/3939e716-b8ce-4a94-9ef9-1d9f9292bfe7.png\",\"@id\":\"https:\\\/\\\/www.rucashk.com\\\/es\\\/producto\\\/new-honor-band-6\\\/#mainImage\",\"width\":800,\"height\":800},\"primaryImageOfPage\":{\"@id\":\"https:\\\/\\\/www.rucashk.com\\\/es\\\/producto\\\/new-honor-band-6\\\/#mainImage\"},\"datePublished\":\"2024-01-09T16:11:51+00:00\",\"dateModified\":\"2024-03-13T04:05:03+00:00\"},{\"@type\":\"WebSite\",\"@id\":\"https:\\\/\\\/www.rucashk.com\\\/es\\\/#website\",\"url\":\"https:\\\/\\\/www.rucashk.com\\\/es\\\/\",\"name\":\"Rucas - Wholesale and distribution worldwide\",\"alternateName\":\"Rucas - One-stop AIoT Distribution Worldwide\",\"description\":\"One-stop AIoT Distribution Worldwide\",\"inLanguage\":\"es-ES\",\"publisher\":{\"@id\":\"https:\\\/\\\/www.rucashk.com\\\/es\\\/#organization\"}}]}\n\t\t<\/script>\n\t\t<!-- All in One SEO Pro -->\r\n\t\t<title>Huawei Honor Band 6 - Rucas - Wholesale and Distribution<\/title>\n\n","aioseo_head_json":{"title":"Huawei Honor Band 6 - Rucas - Wholesale and Distribution","description":"Brand Model HONOR Band 6 Screen Screen size : 1.47 inches (diagonal) Screen type : AMOLED Resolution : 194*368 pixels Connectivity Water Resistance: 5 ATM Bluetooth: 5.0 Sensors Accelerometer Gyro sensor Heart rate sensor (PPG) Ambient light sensor Battery 180mAh (Typical Value)","canonical_url":"https:\/\/www.rucashk.com\/es\/producto\/new-honor-band-6\/","robots":"max-image-preview:large","keywords":"","webmasterTools":{"miscellaneous":""},"og:locale":"es_ES","og:site_name":"Rucas - One-stop AIoT Distribution Worldwide","og:type":"article","og:title":"Huawei Honor Band 6 - Rucas - Wholesale and Distribution","og:description":"Brand Model HONOR Band 6 Screen Screen size : 1.47 inches (diagonal) Screen type : AMOLED Resolution : 194*368 pixels Connectivity Water Resistance: 5 ATM Bluetooth: 5.0 Sensors Accelerometer Gyro sensor Heart rate sensor (PPG) Ambient light sensor Battery 180mAh (Typical Value)","og:url":"https:\/\/www.rucashk.com\/es\/producto\/new-honor-band-6\/","og:image":"https:\/\/www.rucashk.com\/wp-content\/uploads\/replace\/503b8e645f128a97ccde2b6290747646.jpeg","og:image:secure_url":"https:\/\/www.rucashk.com\/wp-content\/uploads\/replace\/503b8e645f128a97ccde2b6290747646.jpeg","og:image:width":1456,"og:image:height":816,"article:published_time":"2024-01-09T16:11:51+00:00","article:modified_time":"2024-03-13T04:05:03+00:00","twitter:card":"summary_large_image","twitter:title":"Huawei Honor Band 6 - Rucas - Wholesale and Distribution","twitter:description":"Brand Model HONOR Band 6 Screen Screen size : 1.47 inches (diagonal) Screen type : AMOLED Resolution : 194*368 pixels Connectivity Water Resistance: 5 ATM Bluetooth: 5.0 Sensors Accelerometer Gyro sensor Heart rate sensor (PPG) Ambient light sensor Battery 180mAh (Typical Value)","twitter:image":"https:\/\/www.rucashk.com\/wp-content\/uploads\/replace\/503b8e645f128a97ccde2b6290747646.jpeg","schema":{"@context":"https:\/\/schema.org","@graph":[{"@type":"BreadcrumbList","@id":"https:\/\/www.rucashk.com\/es\/producto\/new-honor-band-6\/#breadcrumblist","itemListElement":[{"@type":"ListItem","@id":"https:\/\/www.rucashk.com\/es\/#listItem","position":1,"name":"Home","item":"https:\/\/www.rucashk.com\/es\/","nextItem":"https:\/\/www.rucashk.com\/es\/producto\/new-honor-band-6\/#listItem"},{"@type":"ListItem","@id":"https:\/\/www.rucashk.com\/es\/producto\/new-honor-band-6\/#listItem","position":2,"name":"Huawei Honor Band 6","previousItem":"https:\/\/www.rucashk.com\/es\/#listItem"}]},{"@type":"Organization","@id":"https:\/\/www.rucashk.com\/es\/#organization","name":"Rucas","url":"https:\/\/www.rucashk.com\/es\/","logo":{"@type":"ImageObject","url":"https:\/\/www.rucashk.com\/wp-content\/uploads\/2023\/12\/Rucas_campany_logo.png","@id":"https:\/\/www.rucashk.com\/es\/producto\/new-honor-band-6\/#organizationLogo","width":221,"height":65},"image":{"@id":"https:\/\/www.rucashk.com\/es\/#organizationLogo"}},{"@type":"Person","@id":"https:\/\/www.rucashk.com\/es\/author\/admin\/#author","url":"https:\/\/www.rucashk.com\/es\/author\/admin\/","name":"admin","image":{"@type":"ImageObject","@id":"https:\/\/www.rucashk.com\/es\/producto\/new-honor-band-6\/#authorImage","url":"https:\/\/secure.gravatar.com\/avatar\/b7c8925b09a27e72b30232f8ecaadbd5af0f70a38c78096863fe51b64f031c24?s=96&d=mm&r=g","width":96,"height":96,"caption":"admin"}},{"@type":"WebPage","@id":"https:\/\/www.rucashk.com\/es\/producto\/new-honor-band-6\/#webpage","url":"https:\/\/www.rucashk.com\/es\/producto\/new-honor-band-6\/","name":"Huawei Honor Band 6 - Rucas - Wholesale and Distribution","description":"Brand Model HONOR Band 6 Screen Screen size : 1.47 inches (diagonal) Screen type : AMOLED Resolution : 194*368 pixels Connectivity Water Resistance: 5 ATM Bluetooth: 5.0 Sensors Accelerometer Gyro sensor Heart rate sensor (PPG) Ambient light sensor Battery 180mAh (Typical Value)","inLanguage":"es-ES","isPartOf":{"@id":"https:\/\/www.rucashk.com\/es\/#website"},"breadcrumb":{"@id":"https:\/\/www.rucashk.com\/es\/producto\/new-honor-band-6\/#breadcrumblist"},"author":{"@id":"https:\/\/www.rucashk.com\/es\/author\/admin\/#author"},"creator":{"@id":"https:\/\/www.rucashk.com\/es\/author\/admin\/#author"},"image":{"@type":"ImageObject","url":"https:\/\/www.rucashk.com\/wp-content\/uploads\/2024\/01\/3939e716-b8ce-4a94-9ef9-1d9f9292bfe7.png","@id":"https:\/\/www.rucashk.com\/es\/producto\/new-honor-band-6\/#mainImage","width":800,"height":800},"primaryImageOfPage":{"@id":"https:\/\/www.rucashk.com\/es\/producto\/new-honor-band-6\/#mainImage"},"datePublished":"2024-01-09T16:11:51+00:00","dateModified":"2024-03-13T04:05:03+00:00"},{"@type":"WebSite","@id":"https:\/\/www.rucashk.com\/es\/#website","url":"https:\/\/www.rucashk.com\/es\/","name":"Rucas - Wholesale and distribution worldwide","alternateName":"Rucas - One-stop AIoT Distribution Worldwide","description":"One-stop AIoT Distribution Worldwide","inLanguage":"es-ES","publisher":{"@id":"https:\/\/www.rucashk.com\/es\/#organization"}}]}},"aioseo_meta_data":{"post_id":"25001","title":null,"description":null,"keywords":null,"keyphrases":null,"primary_term":null,"canonical_url":null,"og_title":null,"og_description":null,"og_object_type":"default","og_image_type":"default","og_image_url":null,"og_image_width":null,"og_image_height":null,"og_image_custom_url":null,"og_image_custom_fields":null,"og_video":null,"og_custom_url":null,"og_article_section":null,"og_article_tags":null,"twitter_use_og":false,"twitter_card":"default","twitter_image_type":"default","twitter_image_url":null,"twitter_image_custom_url":null,"twitter_image_custom_fields":null,"twitter_title":null,"twitter_description":null,"schema":{"blockGraphs":[],"customGraphs":[],"default":{"data":{"Article":[],"Course":[],"Dataset":[],"FAQPage":[],"Movie":[],"Person":[],"Product":[],"Recipe":[],"Service":[],"SoftwareApplication":[],"WebPage":[]},"graphName":"","isEnabled":true},"graphs":[]},"schema_type":"default","schema_type_options":null,"pillar_content":false,"robots_default":true,"robots_noindex":false,"robots_noarchive":false,"robots_nosnippet":false,"robots_nofollow":false,"robots_noimageindex":false,"robots_noodp":false,"robots_notranslate":false,"robots_max_snippet":null,"robots_max_videopreview":null,"robots_max_imagepreview":"large","priority":null,"frequency":null,"local_seo":null,"breadcrumb_settings":null,"limit_modified_date":false,"created":"2024-04-11 01:57:16","updated":"2025-06-22 17:45:05"},"aioseo_breadcrumb":"<div class=\"aioseo-breadcrumbs\"><span class=\"aioseo-breadcrumb\">\n\t<a href=\"https:\/\/www.rucashk.com\/es\" title=\"Home\">Home<\/a>\n<\/span><span class=\"aioseo-breadcrumb-separator\">&raquo;<\/span><span class=\"aioseo-breadcrumb\">\n\t<a href=\"https:\/\/www.rucashk.com\/es\/products\/\" title=\"Productos\">Productos<\/a>\n<\/span><span class=\"aioseo-breadcrumb-separator\">&raquo;<\/span><span class=\"aioseo-breadcrumb\">\n\t<a href=\"https:\/\/www.rucashk.com\/es\/categoria-producto\/other-a-brands\/\" title=\"Other A-Brands\">Other A-Brands<\/a>\n<\/span><span class=\"aioseo-breadcrumb-separator\">&raquo;<\/span><span class=\"aioseo-breadcrumb\">\n\t<a href=\"https:\/\/www.rucashk.com\/es\/categoria-producto\/other-a-brands\/huawei-other-a-brands\/\" title=\"Huawei\">Huawei<\/a>\n<\/span><span class=\"aioseo-breadcrumb-separator\">&raquo;<\/span><span class=\"aioseo-breadcrumb\">\n\tHuawei Honor Band 6\n<\/span><\/div>","aioseo_breadcrumb_json":[{"label":"Home","link":"https:\/\/www.rucashk.com\/es"},{"label":"Productos","link":"https:\/\/www.rucashk.com\/es\/products\/"},{"label":"Other A-Brands","link":"https:\/\/www.rucashk.com\/es\/categoria-producto\/other-a-brands\/"},{"label":"Huawei","link":"https:\/\/www.rucashk.com\/es\/categoria-producto\/other-a-brands\/huawei-other-a-brands\/"},{"label":"Huawei Honor Band 6","link":"https:\/\/www.rucashk.com\/es\/producto\/new-honor-band-6\/"}],"_links":{"self":[{"href":"https:\/\/www.rucashk.com\/es\/wp-json\/wp\/v2\/product\/25001","targetHints":{"allow":["GET"]}}],"collection":[{"href":"https:\/\/www.rucashk.com\/es\/wp-json\/wp\/v2\/product"}],"about":[{"href":"https:\/\/www.rucashk.com\/es\/wp-json\/wp\/v2\/types\/product"}],"wp:featuredmedia":[{"embeddable":true,"href":"https:\/\/www.rucashk.com\/es\/wp-json\/wp\/v2\/media\/25117"}],"wp:attachment":[{"href":"https:\/\/www.rucashk.com\/es\/wp-json\/wp\/v2\/media?parent=25001"}],"wp:term":[{"taxonomy":"product_brand","embeddable":true,"href":"https:\/\/www.rucashk.com\/es\/wp-json\/wp\/v2\/product_brand?post=25001"},{"taxonomy":"product_cat","embeddable":true,"href":"https:\/\/www.rucashk.com\/es\/wp-json\/wp\/v2\/product_cat?post=25001"},{"taxonomy":"product_tag","embeddable":true,"href":"https:\/\/www.rucashk.com\/es\/wp-json\/wp\/v2\/product_tag?post=25001"}],"curies":[{"name":"wp","href":"https:\/\/api.w.org\/{rel}","templated":true}]}}