{"id":24998,"date":"2024-01-09T16:11:51","date_gmt":"2024-01-09T16:11:51","guid":{"rendered":"http:\/\/rucashk.com\/?post_type=product&#038;p=24998"},"modified":"2025-06-22T07:41:20","modified_gmt":"2025-06-22T07:41:20","slug":"xiaomi-23-8inch-monitor-1a-eu-plug","status":"publish","type":"product","link":"https:\/\/www.rucashk.com\/es\/producto\/xiaomi-23-8inch-monitor-1a-eu-plug\/","title":{"rendered":"Monitor Xiaomi de 23,8 pulgadas 1A Enchufe UE"},"content":{"rendered":"<p>&nbsp;<\/p>\n<div class=\"self-adaption\"><img fetchpriority=\"high\" decoding=\"async\" class=\"js-descLazyload lazy-loaded alignnone\" title=\"Monitor de computadora Xiaomi XMMNT238CZ\" src=\"\/wp-content\/uploads\/replace\/39324fa131d980ff0aba1b5a99e7e7dc.jpeg\" alt=\"Xiaomi 23.8inch Monitor 1A EU Plug\" width=\"1000\" height=\"1126\" data-lazy=\"\/wp-content\/uploads\/replace\/39324fa131d980ff0aba1b5a99e7e7dc.jpeg\" data-was-processed=\"true\" \/><\/div>\n<div class=\"self-adaption\"><img decoding=\"async\" class=\"js-descLazyload lazy-loaded alignnone\" title=\"Monitor de computadora Xiaomi XMMNT238CZ buena pantalla\" src=\"\/wp-content\/uploads\/replace\/538f6093c15123c53520ee38a828223d.jpeg\" alt=\"Xiaomi 23.8inch Monitor 1A EU Plug\" width=\"1000\" height=\"740\" data-lazy=\"\/wp-content\/uploads\/replace\/538f6093c15123c53520ee38a828223d.jpeg\" data-was-processed=\"true\" \/><\/div>\n<div class=\"self-adaption\"><img decoding=\"async\" class=\"js-descLazyload lazy-loaded alignnone\" title=\"Xiaomi XMMNT238CZ Monitor de Computadora Tecnolog\u00eda IPS Pantalla Dura, Amplio \u00c1ngulo de Visi\u00f3n de 178\u00b0\" src=\"\/wp-content\/uploads\/replace\/d6532917c4bdaee5849bb3ef75f9138f.jpeg\" alt=\"Xiaomi 23.8inch Monitor 1A EU Plug\" width=\"1000\" height=\"740\" data-lazy=\"\/wp-content\/uploads\/replace\/d6532917c4bdaee5849bb3ef75f9138f.jpeg\" data-was-processed=\"true\" \/><\/div>\n<div class=\"self-adaption\"><img loading=\"lazy\" decoding=\"async\" class=\"js-descLazyload lazy-loaded alignnone\" title=\"Monitor de computadora Xiaomi XMMNT238CZ Calidad de imagen HD 1080P\" src=\"\/wp-content\/uploads\/replace\/504187bc1886fff8b108416b2e010cab.jpeg\" alt=\"Xiaomi 23.8inch Monitor 1A EU Plug\" width=\"1000\" height=\"703\" data-lazy=\"\/wp-content\/uploads\/replace\/504187bc1886fff8b108416b2e010cab.jpeg\" data-was-processed=\"true\" \/><\/div>\n<div class=\"self-adaption\"><img loading=\"lazy\" decoding=\"async\" class=\"js-descLazyload lazy-loaded alignnone\" title=\"Monitor de computadora Xiaomi XMMNT238CZ Luz azul baja sin luz estrobosc\u00f3pica visible\" src=\"\/wp-content\/uploads\/replace\/2aff0b15fbf85274b6cb181f129fe553.jpeg\" alt=\"Xiaomi 23.8inch Monitor 1A EU Plug\" width=\"1000\" height=\"753\" data-lazy=\"\/wp-content\/uploads\/replace\/2aff0b15fbf85274b6cb181f129fe553.jpeg\" data-was-processed=\"true\" \/><\/div>\n<div class=\"self-adaption\"><img loading=\"lazy\" decoding=\"async\" class=\"js-descLazyload lazy-loaded alignnone\" title=\"Monitor de computadora Xiaomi XMMNT238CZ Dise\u00f1o de panel integrado de tres microbordes\" src=\"\/wp-content\/uploads\/replace\/0104755532b8cb0652de413c47f79f37.jpeg\" alt=\"Xiaomi 23.8inch Monitor 1A EU Plug\" width=\"1000\" height=\"753\" data-lazy=\"\/wp-content\/uploads\/replace\/0104755532b8cb0652de413c47f79f37.jpeg\" data-was-processed=\"true\" \/><\/div>\n<div class=\"self-adaption\"><img loading=\"lazy\" decoding=\"async\" class=\"js-descLazyload lazy-loaded alignnone\" title=\"Monitor de computadora Xiaomi XMMNT238CZ Dise\u00f1o simple y alto valor\" src=\"\/wp-content\/uploads\/replace\/8db140ae00995a7530729f15a7884464.jpeg\" alt=\"Xiaomi 23.8inch Monitor 1A EU Plug\" width=\"1000\" height=\"740\" data-lazy=\"\/wp-content\/uploads\/replace\/8db140ae00995a7530729f15a7884464.jpeg\" data-was-processed=\"true\" \/><\/div>\n<div class=\"self-adaption\"><img loading=\"lazy\" decoding=\"async\" class=\"js-descLazyload lazy-loaded alignnone\" title=\"Monitor de Computadora Xiaomi XMMNT238CZ Dise\u00f1o simple, simplificando lo complejo\" src=\"\/wp-content\/uploads\/replace\/1a3026f8f0a627b8cce142044f102472.jpeg\" alt=\"Xiaomi 23.8inch Monitor 1A EU Plug\" width=\"1000\" height=\"739\" data-lazy=\"\/wp-content\/uploads\/replace\/1a3026f8f0a627b8cce142044f102472.jpeg\" data-was-processed=\"true\" \/><\/div>\n<div class=\"self-adaption\"><img loading=\"lazy\" decoding=\"async\" class=\"js-descLazyload lazy-loaded alignnone\" title=\"Detalles del monitor de computadora Xiaomi XMMNT238CZ\" src=\"\/wp-content\/uploads\/replace\/d126590d04713017ed4d7158758650d2.jpeg\" alt=\"Xiaomi 23.8inch Monitor 1A EU Plug\" width=\"1000\" height=\"1186\" data-lazy=\"\/wp-content\/uploads\/replace\/d126590d04713017ed4d7158758650d2.jpeg\" data-was-processed=\"true\" \/><\/div>\n<div class=\"product_pz\">\n<div class=\"product_pz_info mainfeatures statement_content\">\n<p><a href=\"https:\/\/www.gearbest.com\/blog\/how-to\/travel-with-power-worldwide-power-plug-socket-types-listed-by-country-2216\" target=\"_blank\" rel=\"noopener noreferrer\"><img loading=\"lazy\" decoding=\"async\" class=\"js-descLazyload lazy-loaded alignnone\" title=\"Monitor de computadora Xiaomi XMMNT238CZ 1A 23.8 pulgadas - Negro Enchufe UE\" src=\"\/wp-content\/uploads\/replace\/896230e5ac5eb7569f6c7409bf22ad69.jpeg\" alt=\"Xiaomi 23.8inch Monitor 1A EU Plug\" width=\"1000\" height=\"578\" data-lazy=\"\/wp-content\/uploads\/replace\/896230e5ac5eb7569f6c7409bf22ad69.jpeg\" data-was-processed=\"true\" \/><\/a><\/p>\n<\/div>\n<\/div>\n<p><img class=\"bg_lazy\" title=\"Monitor de juegos de oficina original XIAOMI de 23,8 pulgadas Tecnolog\u00eda IPS Pantalla dura \u00c1ngulo de visi\u00f3n s\u00faper amplio de 178 \u00b0 Calidad de imagen de alta definici\u00f3n 1080P Pantalla de interfaz m\u00faltiple\" alt=\"Xiaomi 23.8inch Monitor 1A EU Plug\" data-original=\"https:\/\/imgaz.staticbg.com\/images\/oaupload\/ser1\/banggood\/images\/DD\/94\/a7e9e7d3-545b-425a-88fb-c2df8dbf09f7.png\" \/><br \/>\n<img class=\"bg_lazy\" title=\"Monitor de juegos de oficina original XIAOMI de 23,8 pulgadas Tecnolog\u00eda IPS Pantalla dura \u00c1ngulo de visi\u00f3n s\u00faper amplio de 178 \u00b0 Calidad de imagen de alta definici\u00f3n 1080P Pantalla de interfaz m\u00faltiple\" alt=\"Xiaomi 23.8inch Monitor 1A EU Plug\" data-original=\"https:\/\/imgaz.staticbg.com\/images\/oaupload\/ser1\/banggood\/images\/E3\/04\/5b7c81b4-0b2e-4609-9643-08cc8c911f44.png\" \/><br \/>\n<img class=\"bg_lazy\" title=\"Monitor de juegos de oficina original XIAOMI de 23,8 pulgadas Tecnolog\u00eda IPS Pantalla dura \u00c1ngulo de visi\u00f3n s\u00faper amplio de 178 \u00b0 Calidad de imagen de alta definici\u00f3n 1080P Pantalla de interfaz m\u00faltiple\" alt=\"Xiaomi 23.8inch Monitor 1A EU Plug\" data-original=\"https:\/\/imgaz.staticbg.com\/images\/oaupload\/ser1\/banggood\/images\/39\/1C\/204c8e45-5f00-4e8a-8939-77f22309f0dc.png\" \/><br \/>\n<img class=\"bg_lazy\" title=\"\" alt=\"Xiaomi 23.8inch Monitor 1A EU Plug\" data-original=\"https:\/\/imgaz.staticbg.com\/images\/oaupload\/ser1\/banggood\/images\/C8\/74\/df8f0452-69a3-4a24-a12c-11bbe0b2aada.png\" \/><\/p>","protected":false},"excerpt":{"rendered":"<div><strong>Caracter\u00edsticas:<\/strong><\/div>\n<div><\/div>\n<div>\u25cf Mi Display 23,8 pulgadas, que como era de esperar, cuenta con una pantalla de 23,8 pulgadas. La pantalla Full HD admite una visualizaci\u00f3n de gran angular de 178 grados.<\/div>\n<div>\u25cf Tiene un dise\u00f1o regular y los botones de control est\u00e1n ocultos en el bisel del panel inferior derecho debajo de la pantalla. Viene con un soporte cil\u00edndrico que puede ajustar el \u00e1ngulo de visi\u00f3n pero no parece admitir el ajuste vertical.<\/div>\n<div>\u25cf Siguiendo con el dise\u00f1o minimalista de Xiaomi, el panel posterior del monitor es limpio y simple con solo la marca y un puerto HDMI junto con un puerto de fuente de alimentaci\u00f3n.<\/div>\n<div>\u25cf El monitor consume 24 W, que es el nuevo est\u00e1ndar nacional de eficiencia energ\u00e9tica.<\/div>","protected":false},"featured_media":25105,"template":"","meta":[],"product_brand":[1363],"product_cat":[1315,1305],"product_tag":[1161,420],"class_list":{"0":"post-24998","1":"product","2":"type-product","3":"status-publish","4":"has-post-thumbnail","6":"product_brand-xiaomi","7":"product_cat-tv-accessories","8":"product_cat-xiaomi-eco","9":"product_tag-tv","10":"product_tag-xiaomi","12":"first","13":"instock","14":"shipping-taxable","15":"product-type-external"},"aioseo_notices":[],"aioseo_head":"\n\t\t<!-- All in One SEO Pro 4.5.9.2 - aioseo.com -->\n\t\t<meta name=\"description\" content=\"Features: \u25cf Mi Display 23.8-Inch, which as you expect, features a 23.8-inch screen. The Full HD screen supports wide-angle viewing of 178-degrees. \u25cf It has a regular design and the control buttons hidden at the right-side bottom panel bezel under the screen. It comes with a cylindrical bracket which can adjust the angle of the viewing but doesn\u2019t seem to support the vertical adjustment. \u25cf Continuing with the Xiaomi\u2019s minimalistic design, the back panel of the monitor is clean and simple with just the branding and a HDMI port along with a power supply port. \u25cf The monitor consumes 24W, which is the new national standard level energy efficiency.\" \/>\n\t\t<meta name=\"robots\" content=\"max-image-preview:large\" \/>\n\t\t<link rel=\"canonical\" href=\"https:\/\/www.rucashk.com\/es\/producto\/xiaomi-23-8inch-monitor-1a-eu-plug\/\" \/>\n\t\t<meta name=\"generator\" content=\"All in One SEO Pro (AIOSEO) 4.5.9.2\" \/>\n\t\t<meta property=\"og:locale\" content=\"es_ES\" \/>\n\t\t<meta property=\"og:site_name\" content=\"Rucas - One-stop AIoT Distribution Worldwide\" \/>\n\t\t<meta property=\"og:type\" content=\"article\" \/>\n\t\t<meta property=\"og:title\" content=\"Xiaomi 23.8inch Monitor 1A EU Plug - Rucas - Wholesale and Distribution\" \/>\n\t\t<meta property=\"og:description\" content=\"Features: \u25cf Mi Display 23.8-Inch, which as you expect, features a 23.8-inch screen. The Full HD screen supports wide-angle viewing of 178-degrees. \u25cf It has a regular design and the control buttons hidden at the right-side bottom panel bezel under the screen. It comes with a cylindrical bracket which can adjust the angle of the viewing but doesn\u2019t seem to support the vertical adjustment. \u25cf Continuing with the Xiaomi\u2019s minimalistic design, the back panel of the monitor is clean and simple with just the branding and a HDMI port along with a power supply port. \u25cf The monitor consumes 24W, which is the new national standard level energy efficiency.\" \/>\n\t\t<meta property=\"og:url\" content=\"https:\/\/www.rucashk.com\/es\/producto\/xiaomi-23-8inch-monitor-1a-eu-plug\/\" \/>\n\t\t<meta property=\"og:image\" content=\"https:\/\/www.rucashk.com\/wp-content\/uploads\/replace\/503b8e645f128a97ccde2b6290747646.jpeg\" \/>\n\t\t<meta property=\"og:image:secure_url\" content=\"https:\/\/www.rucashk.com\/wp-content\/uploads\/replace\/503b8e645f128a97ccde2b6290747646.jpeg\" \/>\n\t\t<meta property=\"og:image:width\" content=\"1456\" \/>\n\t\t<meta property=\"og:image:height\" content=\"816\" \/>\n\t\t<meta property=\"article:published_time\" content=\"2024-01-09T16:11:51+00:00\" \/>\n\t\t<meta property=\"article:modified_time\" content=\"2025-06-22T07:41:20+00:00\" \/>\n\t\t<meta name=\"twitter:card\" content=\"summary_large_image\" \/>\n\t\t<meta name=\"twitter:title\" content=\"Xiaomi 23.8inch Monitor 1A EU Plug - Rucas - Wholesale and Distribution\" \/>\n\t\t<meta name=\"twitter:description\" content=\"Features: \u25cf Mi Display 23.8-Inch, which as you expect, features a 23.8-inch screen. The Full HD screen supports wide-angle viewing of 178-degrees. \u25cf It has a regular design and the control buttons hidden at the right-side bottom panel bezel under the screen. It comes with a cylindrical bracket which can adjust the angle of the viewing but doesn\u2019t seem to support the vertical adjustment. \u25cf Continuing with the Xiaomi\u2019s minimalistic design, the back panel of the monitor is clean and simple with just the branding and a HDMI port along with a power supply port. \u25cf The monitor consumes 24W, which is the new national standard level energy efficiency.\" \/>\n\t\t<meta name=\"twitter:image\" content=\"https:\/\/www.rucashk.com\/wp-content\/uploads\/replace\/503b8e645f128a97ccde2b6290747646.jpeg\" \/>\n\t\t<script type=\"application\/ld+json\" class=\"aioseo-schema\">\n\t\t\t{\"@context\":\"https:\\\/\\\/schema.org\",\"@graph\":[{\"@type\":\"BreadcrumbList\",\"@id\":\"https:\\\/\\\/www.rucashk.com\\\/es\\\/producto\\\/xiaomi-23-8inch-monitor-1a-eu-plug\\\/#breadcrumblist\",\"itemListElement\":[{\"@type\":\"ListItem\",\"@id\":\"https:\\\/\\\/www.rucashk.com\\\/es\\\/#listItem\",\"position\":1,\"name\":\"Home\",\"item\":\"https:\\\/\\\/www.rucashk.com\\\/es\\\/\",\"nextItem\":\"https:\\\/\\\/www.rucashk.com\\\/es\\\/producto\\\/xiaomi-23-8inch-monitor-1a-eu-plug\\\/#listItem\"},{\"@type\":\"ListItem\",\"@id\":\"https:\\\/\\\/www.rucashk.com\\\/es\\\/producto\\\/xiaomi-23-8inch-monitor-1a-eu-plug\\\/#listItem\",\"position\":2,\"name\":\"Xiaomi 23.8inch Monitor 1A EU Plug\",\"previousItem\":\"https:\\\/\\\/www.rucashk.com\\\/es\\\/#listItem\"}]},{\"@type\":\"Organization\",\"@id\":\"https:\\\/\\\/www.rucashk.com\\\/es\\\/#organization\",\"name\":\"Rucas\",\"url\":\"https:\\\/\\\/www.rucashk.com\\\/es\\\/\",\"logo\":{\"@type\":\"ImageObject\",\"url\":\"https:\\\/\\\/www.rucashk.com\\\/wp-content\\\/uploads\\\/2023\\\/12\\\/Rucas_campany_logo.png\",\"@id\":\"https:\\\/\\\/www.rucashk.com\\\/es\\\/producto\\\/xiaomi-23-8inch-monitor-1a-eu-plug\\\/#organizationLogo\",\"width\":221,\"height\":65},\"image\":{\"@id\":\"https:\\\/\\\/www.rucashk.com\\\/es\\\/#organizationLogo\"}},{\"@type\":\"Person\",\"@id\":\"https:\\\/\\\/www.rucashk.com\\\/es\\\/author\\\/admin\\\/#author\",\"url\":\"https:\\\/\\\/www.rucashk.com\\\/es\\\/author\\\/admin\\\/\",\"name\":\"admin\",\"image\":{\"@type\":\"ImageObject\",\"@id\":\"https:\\\/\\\/www.rucashk.com\\\/es\\\/producto\\\/xiaomi-23-8inch-monitor-1a-eu-plug\\\/#authorImage\",\"url\":\"https:\\\/\\\/secure.gravatar.com\\\/avatar\\\/b7c8925b09a27e72b30232f8ecaadbd5af0f70a38c78096863fe51b64f031c24?s=96&d=mm&r=g\",\"width\":96,\"height\":96,\"caption\":\"admin\"}},{\"@type\":\"WebPage\",\"@id\":\"https:\\\/\\\/www.rucashk.com\\\/es\\\/producto\\\/xiaomi-23-8inch-monitor-1a-eu-plug\\\/#webpage\",\"url\":\"https:\\\/\\\/www.rucashk.com\\\/es\\\/producto\\\/xiaomi-23-8inch-monitor-1a-eu-plug\\\/\",\"name\":\"Xiaomi 23.8inch Monitor 1A EU Plug - Rucas - Wholesale and Distribution\",\"description\":\"Features: \\u25cf Mi Display 23.8-Inch, which as you expect, features a 23.8-inch screen. The Full HD screen supports wide-angle viewing of 178-degrees. \\u25cf It has a regular design and the control buttons hidden at the right-side bottom panel bezel under the screen. It comes with a cylindrical bracket which can adjust the angle of the viewing but doesn\\u2019t seem to support the vertical adjustment. \\u25cf Continuing with the Xiaomi\\u2019s minimalistic design, the back panel of the monitor is clean and simple with just the branding and a HDMI port along with a power supply port. \\u25cf The monitor consumes 24W, which is the new national standard level energy efficiency.\",\"inLanguage\":\"es-ES\",\"isPartOf\":{\"@id\":\"https:\\\/\\\/www.rucashk.com\\\/es\\\/#website\"},\"breadcrumb\":{\"@id\":\"https:\\\/\\\/www.rucashk.com\\\/es\\\/producto\\\/xiaomi-23-8inch-monitor-1a-eu-plug\\\/#breadcrumblist\"},\"author\":{\"@id\":\"https:\\\/\\\/www.rucashk.com\\\/es\\\/author\\\/admin\\\/#author\"},\"creator\":{\"@id\":\"https:\\\/\\\/www.rucashk.com\\\/es\\\/author\\\/admin\\\/#author\"},\"image\":{\"@type\":\"ImageObject\",\"url\":\"https:\\\/\\\/www.rucashk.com\\\/wp-content\\\/uploads\\\/2024\\\/01\\\/\\u5fae\\u4fe1\\u622a\\u56fe_20201109165705.png\",\"@id\":\"https:\\\/\\\/www.rucashk.com\\\/es\\\/producto\\\/xiaomi-23-8inch-monitor-1a-eu-plug\\\/#mainImage\",\"width\":639,\"height\":616},\"primaryImageOfPage\":{\"@id\":\"https:\\\/\\\/www.rucashk.com\\\/es\\\/producto\\\/xiaomi-23-8inch-monitor-1a-eu-plug\\\/#mainImage\"},\"datePublished\":\"2024-01-09T16:11:51+00:00\",\"dateModified\":\"2025-06-22T07:41:20+00:00\"},{\"@type\":\"WebSite\",\"@id\":\"https:\\\/\\\/www.rucashk.com\\\/es\\\/#website\",\"url\":\"https:\\\/\\\/www.rucashk.com\\\/es\\\/\",\"name\":\"Rucas - Wholesale and distribution worldwide\",\"alternateName\":\"Rucas - One-stop AIoT Distribution Worldwide\",\"description\":\"One-stop AIoT Distribution Worldwide\",\"inLanguage\":\"es-ES\",\"publisher\":{\"@id\":\"https:\\\/\\\/www.rucashk.com\\\/es\\\/#organization\"}}]}\n\t\t<\/script>\n\t\t<!-- All in One SEO Pro -->\r\n\t\t<title>Xiaomi 23.8inch Monitor 1A EU Plug - Rucas - Wholesale and Distribution<\/title>\n\n","aioseo_head_json":{"title":"Xiaomi 23.8inch Monitor 1A EU Plug - Rucas - Wholesale and Distribution","description":"Features: \u25cf Mi Display 23.8-Inch, which as you expect, features a 23.8-inch screen. The Full HD screen supports wide-angle viewing of 178-degrees. \u25cf It has a regular design and the control buttons hidden at the right-side bottom panel bezel under the screen. It comes with a cylindrical bracket which can adjust the angle of the viewing but doesn\u2019t seem to support the vertical adjustment. \u25cf Continuing with the Xiaomi\u2019s minimalistic design, the back panel of the monitor is clean and simple with just the branding and a HDMI port along with a power supply port. \u25cf The monitor consumes 24W, which is the new national standard level energy efficiency.","canonical_url":"https:\/\/www.rucashk.com\/es\/producto\/xiaomi-23-8inch-monitor-1a-eu-plug\/","robots":"max-image-preview:large","keywords":"","webmasterTools":{"miscellaneous":""},"og:locale":"es_ES","og:site_name":"Rucas - One-stop AIoT Distribution Worldwide","og:type":"article","og:title":"Xiaomi 23.8inch Monitor 1A EU Plug - Rucas - Wholesale and Distribution","og:description":"Features: \u25cf Mi Display 23.8-Inch, which as you expect, features a 23.8-inch screen. The Full HD screen supports wide-angle viewing of 178-degrees. \u25cf It has a regular design and the control buttons hidden at the right-side bottom panel bezel under the screen. It comes with a cylindrical bracket which can adjust the angle of the viewing but doesn\u2019t seem to support the vertical adjustment. \u25cf Continuing with the Xiaomi\u2019s minimalistic design, the back panel of the monitor is clean and simple with just the branding and a HDMI port along with a power supply port. \u25cf The monitor consumes 24W, which is the new national standard level energy efficiency.","og:url":"https:\/\/www.rucashk.com\/es\/producto\/xiaomi-23-8inch-monitor-1a-eu-plug\/","og:image":"https:\/\/www.rucashk.com\/wp-content\/uploads\/replace\/503b8e645f128a97ccde2b6290747646.jpeg","og:image:secure_url":"https:\/\/www.rucashk.com\/wp-content\/uploads\/replace\/503b8e645f128a97ccde2b6290747646.jpeg","og:image:width":1456,"og:image:height":816,"article:published_time":"2024-01-09T16:11:51+00:00","article:modified_time":"2025-06-22T07:41:20+00:00","twitter:card":"summary_large_image","twitter:title":"Xiaomi 23.8inch Monitor 1A EU Plug - Rucas - Wholesale and Distribution","twitter:description":"Features: \u25cf Mi Display 23.8-Inch, which as you expect, features a 23.8-inch screen. The Full HD screen supports wide-angle viewing of 178-degrees. \u25cf It has a regular design and the control buttons hidden at the right-side bottom panel bezel under the screen. It comes with a cylindrical bracket which can adjust the angle of the viewing but doesn\u2019t seem to support the vertical adjustment. \u25cf Continuing with the Xiaomi\u2019s minimalistic design, the back panel of the monitor is clean and simple with just the branding and a HDMI port along with a power supply port. \u25cf The monitor consumes 24W, which is the new national standard level energy efficiency.","twitter:image":"https:\/\/www.rucashk.com\/wp-content\/uploads\/replace\/503b8e645f128a97ccde2b6290747646.jpeg","schema":{"@context":"https:\/\/schema.org","@graph":[{"@type":"BreadcrumbList","@id":"https:\/\/www.rucashk.com\/es\/producto\/xiaomi-23-8inch-monitor-1a-eu-plug\/#breadcrumblist","itemListElement":[{"@type":"ListItem","@id":"https:\/\/www.rucashk.com\/es\/#listItem","position":1,"name":"Home","item":"https:\/\/www.rucashk.com\/es\/","nextItem":"https:\/\/www.rucashk.com\/es\/producto\/xiaomi-23-8inch-monitor-1a-eu-plug\/#listItem"},{"@type":"ListItem","@id":"https:\/\/www.rucashk.com\/es\/producto\/xiaomi-23-8inch-monitor-1a-eu-plug\/#listItem","position":2,"name":"Xiaomi 23.8inch Monitor 1A EU Plug","previousItem":"https:\/\/www.rucashk.com\/es\/#listItem"}]},{"@type":"Organization","@id":"https:\/\/www.rucashk.com\/es\/#organization","name":"Rucas","url":"https:\/\/www.rucashk.com\/es\/","logo":{"@type":"ImageObject","url":"https:\/\/www.rucashk.com\/wp-content\/uploads\/2023\/12\/Rucas_campany_logo.png","@id":"https:\/\/www.rucashk.com\/es\/producto\/xiaomi-23-8inch-monitor-1a-eu-plug\/#organizationLogo","width":221,"height":65},"image":{"@id":"https:\/\/www.rucashk.com\/es\/#organizationLogo"}},{"@type":"Person","@id":"https:\/\/www.rucashk.com\/es\/author\/admin\/#author","url":"https:\/\/www.rucashk.com\/es\/author\/admin\/","name":"admin","image":{"@type":"ImageObject","@id":"https:\/\/www.rucashk.com\/es\/producto\/xiaomi-23-8inch-monitor-1a-eu-plug\/#authorImage","url":"https:\/\/secure.gravatar.com\/avatar\/b7c8925b09a27e72b30232f8ecaadbd5af0f70a38c78096863fe51b64f031c24?s=96&d=mm&r=g","width":96,"height":96,"caption":"admin"}},{"@type":"WebPage","@id":"https:\/\/www.rucashk.com\/es\/producto\/xiaomi-23-8inch-monitor-1a-eu-plug\/#webpage","url":"https:\/\/www.rucashk.com\/es\/producto\/xiaomi-23-8inch-monitor-1a-eu-plug\/","name":"Xiaomi 23.8inch Monitor 1A EU Plug - Rucas - Wholesale and Distribution","description":"Features: \u25cf Mi Display 23.8-Inch, which as you expect, features a 23.8-inch screen. The Full HD screen supports wide-angle viewing of 178-degrees. \u25cf It has a regular design and the control buttons hidden at the right-side bottom panel bezel under the screen. It comes with a cylindrical bracket which can adjust the angle of the viewing but doesn\u2019t seem to support the vertical adjustment. \u25cf Continuing with the Xiaomi\u2019s minimalistic design, the back panel of the monitor is clean and simple with just the branding and a HDMI port along with a power supply port. \u25cf The monitor consumes 24W, which is the new national standard level energy efficiency.","inLanguage":"es-ES","isPartOf":{"@id":"https:\/\/www.rucashk.com\/es\/#website"},"breadcrumb":{"@id":"https:\/\/www.rucashk.com\/es\/producto\/xiaomi-23-8inch-monitor-1a-eu-plug\/#breadcrumblist"},"author":{"@id":"https:\/\/www.rucashk.com\/es\/author\/admin\/#author"},"creator":{"@id":"https:\/\/www.rucashk.com\/es\/author\/admin\/#author"},"image":{"@type":"ImageObject","url":"https:\/\/www.rucashk.com\/wp-content\/uploads\/2024\/01\/\u5fae\u4fe1\u622a\u56fe_20201109165705.png","@id":"https:\/\/www.rucashk.com\/es\/producto\/xiaomi-23-8inch-monitor-1a-eu-plug\/#mainImage","width":639,"height":616},"primaryImageOfPage":{"@id":"https:\/\/www.rucashk.com\/es\/producto\/xiaomi-23-8inch-monitor-1a-eu-plug\/#mainImage"},"datePublished":"2024-01-09T16:11:51+00:00","dateModified":"2025-06-22T07:41:20+00:00"},{"@type":"WebSite","@id":"https:\/\/www.rucashk.com\/es\/#website","url":"https:\/\/www.rucashk.com\/es\/","name":"Rucas - Wholesale and distribution worldwide","alternateName":"Rucas - One-stop AIoT Distribution Worldwide","description":"One-stop AIoT Distribution Worldwide","inLanguage":"es-ES","publisher":{"@id":"https:\/\/www.rucashk.com\/es\/#organization"}}]}},"aioseo_meta_data":{"post_id":"24998","title":null,"description":null,"keywords":null,"keyphrases":null,"primary_term":null,"canonical_url":null,"og_title":null,"og_description":null,"og_object_type":"default","og_image_type":"default","og_image_url":null,"og_image_width":null,"og_image_height":null,"og_image_custom_url":null,"og_image_custom_fields":null,"og_video":null,"og_custom_url":null,"og_article_section":null,"og_article_tags":null,"twitter_use_og":false,"twitter_card":"default","twitter_image_type":"default","twitter_image_url":null,"twitter_image_custom_url":null,"twitter_image_custom_fields":null,"twitter_title":null,"twitter_description":null,"schema":{"blockGraphs":[],"customGraphs":[],"default":{"data":{"Article":[],"Course":[],"Dataset":[],"FAQPage":[],"Movie":[],"Person":[],"Product":[],"Recipe":[],"Service":[],"SoftwareApplication":[],"WebPage":[]},"graphName":"","isEnabled":true},"graphs":[]},"schema_type":"default","schema_type_options":null,"pillar_content":false,"robots_default":true,"robots_noindex":false,"robots_noarchive":false,"robots_nosnippet":false,"robots_nofollow":false,"robots_noimageindex":false,"robots_noodp":false,"robots_notranslate":false,"robots_max_snippet":null,"robots_max_videopreview":null,"robots_max_imagepreview":"large","priority":null,"frequency":null,"local_seo":null,"breadcrumb_settings":null,"limit_modified_date":false,"created":"2024-04-11 01:57:16","updated":"2025-06-22 17:45:04"},"aioseo_breadcrumb":"<div class=\"aioseo-breadcrumbs\"><span class=\"aioseo-breadcrumb\">\n\t<a href=\"https:\/\/www.rucashk.com\/es\" title=\"Home\">Home<\/a>\n<\/span><span class=\"aioseo-breadcrumb-separator\">&raquo;<\/span><span class=\"aioseo-breadcrumb\">\n\t<a href=\"https:\/\/www.rucashk.com\/es\/products\/\" title=\"Productos\">Productos<\/a>\n<\/span><span class=\"aioseo-breadcrumb-separator\">&raquo;<\/span><span class=\"aioseo-breadcrumb\">\n\t<a href=\"https:\/\/www.rucashk.com\/es\/marca\/xiaomi\/\" title=\"Xiaomi\">Xiaomi<\/a>\n<\/span><span class=\"aioseo-breadcrumb-separator\">&raquo;<\/span><span class=\"aioseo-breadcrumb\">\n\tXiaomi 23.8inch Monitor 1A EU Plug\n<\/span><\/div>","aioseo_breadcrumb_json":[{"label":"Home","link":"https:\/\/www.rucashk.com\/es"},{"label":"Productos","link":"https:\/\/www.rucashk.com\/es\/products\/"},{"label":"Xiaomi","link":"https:\/\/www.rucashk.com\/es\/marca\/xiaomi\/"},{"label":"Xiaomi 23.8inch Monitor 1A EU Plug","link":"https:\/\/www.rucashk.com\/es\/producto\/xiaomi-23-8inch-monitor-1a-eu-plug\/"}],"_links":{"self":[{"href":"https:\/\/www.rucashk.com\/es\/wp-json\/wp\/v2\/product\/24998","targetHints":{"allow":["GET"]}}],"collection":[{"href":"https:\/\/www.rucashk.com\/es\/wp-json\/wp\/v2\/product"}],"about":[{"href":"https:\/\/www.rucashk.com\/es\/wp-json\/wp\/v2\/types\/product"}],"wp:featuredmedia":[{"embeddable":true,"href":"https:\/\/www.rucashk.com\/es\/wp-json\/wp\/v2\/media\/25105"}],"wp:attachment":[{"href":"https:\/\/www.rucashk.com\/es\/wp-json\/wp\/v2\/media?parent=24998"}],"wp:term":[{"taxonomy":"product_brand","embeddable":true,"href":"https:\/\/www.rucashk.com\/es\/wp-json\/wp\/v2\/product_brand?post=24998"},{"taxonomy":"product_cat","embeddable":true,"href":"https:\/\/www.rucashk.com\/es\/wp-json\/wp\/v2\/product_cat?post=24998"},{"taxonomy":"product_tag","embeddable":true,"href":"https:\/\/www.rucashk.com\/es\/wp-json\/wp\/v2\/product_tag?post=24998"}],"curies":[{"name":"wp","href":"https:\/\/api.w.org\/{rel}","templated":true}]}}