{"id":24996,"date":"2024-01-09T16:11:50","date_gmt":"2024-01-09T16:11:50","guid":{"rendered":"http:\/\/rucashk.com\/?post_type=product&#038;p=24996"},"modified":"2024-03-13T04:05:49","modified_gmt":"2024-03-13T04:05:49","slug":"realme-watch-s-global-supply","status":"publish","type":"product","link":"https:\/\/www.rucashk.com\/es\/producto\/realme-watch-s-global-supply\/","title":{"rendered":"Suministro global de Realme Watch S"},"content":{"rendered":"<p><img fetchpriority=\"high\" decoding=\"async\" class=\"alignnone wp-image-24430 size-full\" src=\"\/wp-content\/uploads\/replace\/1e3096b2360c408755d061bc72f10bc6.png\" alt=\"Realme Watch S Globle Supply\" width=\"1920\" height=\"16772\" \/><\/p>\n<h2 class=\"sec-title opensans-semibold\">ESPECIFICACIONES<\/h2>\n<div class=\"sec-specs-box animate-opacity animate-100\">\n<div class=\"spec-list\">\n<div class=\"item-box item-box1\">\n<h2 class=\"title opensans-semibold\">Apariencia<\/h2>\n<p class=\"desc\">De color negro<\/p>\n<p class=\"desc no-wrap\">Tama\u00f1o: 259,5*47,0*12,0 mm (con correa para la mu\u00f1eca)<\/p>\n<p class=\"desc\">Peso: 48 g (con mu\u00f1equera)<\/p>\n<\/div>\n<div class=\"item-box\">\n<h2 class=\"title opensans-semibold\">Correa para la mu\u00f1eca<\/h2>\n<p class=\"desc\">Tipo: correa de mu\u00f1eca extra\u00edble<\/p>\n<p class=\"desc\">Ancho: 22 mm<\/p>\n<p class=\"desc\">Longitud ajustable: 164-208 mm<\/p>\n<\/div>\n<div class=\"item-box item-box1\">\n<h2 class=\"title opensans-semibold\">Bater\u00eda<\/h2>\n<p class=\"desc\">Bater\u00eda: 390 mAh.<\/p>\n<p class=\"desc\">Tiempo de trabajo te\u00f3rico: 15 d\u00edas*<\/p>\n<\/div>\n<div class=\"item-box\">\n<h2 class=\"title opensans-semibold\">Pantalla<\/h2>\n<p class=\"desc\">Tama\u00f1o de pantalla: 1,3&quot;<\/p>\n<p class=\"desc\">Resoluci\u00f3n: 360*360<\/p>\n<p class=\"desc\">PPI: 278<\/p>\n<\/div>\n<div class=\"item-box item-box1\">\n<h2 class=\"title opensans-semibold\">Sensor<\/h2>\n<p class=\"desc\">Aceler\u00f3metro de 3 ejes: Sensores<\/p>\n<p class=\"desc\">Sensor de frecuencia card\u00edaca<\/p>\n<p class=\"desc\">Sensor fotosensible<\/p>\n<p class=\"desc\">Usar sensores de monitoreo<\/p>\n<\/div>\n<div class=\"item-box\">\n<h2 class=\"title opensans-semibold\">Conectividad<\/h2>\n<p class=\"desc\">bluetooth 5.0<\/p>\n<p class=\"desc\">Funciona con enlace realme<\/p>\n<p class=\"desc\">Compatible con Android 5.0+<\/p>\n<\/div>\n<div class=\"item-box item-box1\">\n<h2 class=\"title opensans-semibold\">monitor de salud<\/h2>\n<p class=\"desc\">Medici\u00f3n automatizada de frecuencia card\u00edaca, frecuencia card\u00edaca en tiempo real las 24 horas, frecuencia card\u00edaca en reposo, frecuencia card\u00edaca en ejercicio, alerta de frecuencia card\u00edaca, medici\u00f3n de ox\u00edgeno en sangre, detecci\u00f3n de sue\u00f1o, pasos a lo largo del d\u00eda, calor\u00edas, distancia, recordatorio de agua, alerta de inactividad, registros de actividad<\/p>\n<\/div>\n<div class=\"item-box\">\n<h2 class=\"title opensans-semibold\">Modo deportivo<\/h2>\n<p class=\"desc\">Correr al aire libre, caminar, correr en interiores, bicicleta al aire libre, capacidad aer\u00f3bica, entrenamiento de fuerza, f\u00fatbol, baloncesto, pingpong, b\u00e1dminton, bicicleta en interiores, el\u00edptica, yoga, m\u00e1quina de remo, bicicleta est\u00e1tica<\/p>\n<\/div>\n<\/div>\n<\/div>\n<h2 class=\"title opensans-semibold\">Otras funciones<\/h2>\n<p class=\"desc\">Control de m\u00fasica, control de c\u00e1mara, b\u00fasqueda de tel\u00e9fono, meditaci\u00f3n, 12\/24 horas, cron\u00f3metro, reloj, pron\u00f3stico del tiempo, visualizaci\u00f3n de fecha, dial, multidial en la nube, dial personalizado, actualizaci\u00f3n OTA, interfaz de usuario en varios idiomas, multiidioma, Almacenamiento de datos, Datos de todo el d\u00eda, Notificaci\u00f3n de llamadas, Recordatorio de mensajes, Recordatorio de alarma, Recordatorio de finalizaci\u00f3n de objetivos de pasos, Recordatorio de confirmaci\u00f3n de vinculaci\u00f3n, Recordatorio de bater\u00eda baja, Ajuste de brillo, Ajuste de vibraci\u00f3n, Monitoreo de desgaste, Levante la mu\u00f1eca para activar la pantalla, Modo de ahorro de energ\u00eda, No Modo Molestar, Configuraci\u00f3n R\u00e1pida<\/p>","protected":false},"excerpt":{"rendered":"<p>Caracter\u00edsticas del Relame Watch S:<\/p>\n<ul>\n<li>Monitor de ox\u00edgeno en sangre.<\/li>\n<li>Duraci\u00f3n de la bater\u00eda de 15 d\u00edas<\/li>\n<li>1.3&#8243; auto brightness touchscreen<\/li>\n<li>16 modos deportivos<\/li>\n<li>M\u00e1s de 100 esferas de reloj con estilo<\/li>\n<li>Resistencia al agua IP68<\/li>\n<\/ul>","protected":false},"featured_media":25102,"template":"","meta":[],"product_brand":[],"product_cat":[1349,1305],"product_tag":[480],"class_list":{"0":"post-24996","1":"product","2":"type-product","3":"status-publish","4":"has-post-thumbnail","6":"product_cat-realme-earphone-xiaomi-eco","7":"product_cat-xiaomi-eco","8":"product_tag-realme","10":"first","11":"instock","12":"shipping-taxable","13":"product-type-external"},"aioseo_notices":[],"aioseo_head":"\n\t\t<!-- All in One SEO Pro 4.5.9.2 - aioseo.com -->\n\t\t<meta name=\"description\" content=\"Relame Watch S features: Blood oxygen monitor 15 days long battery life 1.3&quot; auto brightness touchscreen 16 sports modes 100+ stylish watch face IP68 water resistance\" \/>\n\t\t<meta name=\"robots\" content=\"max-image-preview:large\" \/>\n\t\t<link rel=\"canonical\" href=\"https:\/\/www.rucashk.com\/es\/producto\/realme-watch-s-global-supply\/\" \/>\n\t\t<meta name=\"generator\" content=\"All in One SEO Pro (AIOSEO) 4.5.9.2\" \/>\n\t\t<meta property=\"og:locale\" content=\"es_ES\" \/>\n\t\t<meta property=\"og:site_name\" content=\"Rucas - One-stop AIoT Distribution Worldwide\" \/>\n\t\t<meta property=\"og:type\" content=\"article\" \/>\n\t\t<meta property=\"og:title\" content=\"Realme Watch S Global Supply - Rucas - Wholesale and Distribution\" \/>\n\t\t<meta property=\"og:description\" content=\"Relame Watch S features: Blood oxygen monitor 15 days long battery life 1.3&quot; auto brightness touchscreen 16 sports modes 100+ stylish watch face IP68 water resistance\" \/>\n\t\t<meta property=\"og:url\" content=\"https:\/\/www.rucashk.com\/es\/producto\/realme-watch-s-global-supply\/\" \/>\n\t\t<meta property=\"og:image\" content=\"https:\/\/www.rucashk.com\/wp-content\/uploads\/replace\/503b8e645f128a97ccde2b6290747646.jpeg\" \/>\n\t\t<meta property=\"og:image:secure_url\" content=\"https:\/\/www.rucashk.com\/wp-content\/uploads\/replace\/503b8e645f128a97ccde2b6290747646.jpeg\" \/>\n\t\t<meta property=\"og:image:width\" content=\"1456\" \/>\n\t\t<meta property=\"og:image:height\" content=\"816\" \/>\n\t\t<meta property=\"article:published_time\" content=\"2024-01-09T16:11:50+00:00\" \/>\n\t\t<meta property=\"article:modified_time\" content=\"2024-03-13T04:05:49+00:00\" \/>\n\t\t<meta name=\"twitter:card\" content=\"summary_large_image\" \/>\n\t\t<meta name=\"twitter:title\" content=\"Realme Watch S Global Supply - Rucas - Wholesale and Distribution\" \/>\n\t\t<meta name=\"twitter:description\" content=\"Relame Watch S features: Blood oxygen monitor 15 days long battery life 1.3&quot; auto brightness touchscreen 16 sports modes 100+ stylish watch face IP68 water resistance\" \/>\n\t\t<meta name=\"twitter:image\" content=\"https:\/\/www.rucashk.com\/wp-content\/uploads\/replace\/503b8e645f128a97ccde2b6290747646.jpeg\" \/>\n\t\t<script type=\"application\/ld+json\" class=\"aioseo-schema\">\n\t\t\t{\"@context\":\"https:\\\/\\\/schema.org\",\"@graph\":[{\"@type\":\"BreadcrumbList\",\"@id\":\"https:\\\/\\\/www.rucashk.com\\\/es\\\/producto\\\/realme-watch-s-global-supply\\\/#breadcrumblist\",\"itemListElement\":[{\"@type\":\"ListItem\",\"@id\":\"https:\\\/\\\/www.rucashk.com\\\/es\\\/#listItem\",\"position\":1,\"name\":\"Home\",\"item\":\"https:\\\/\\\/www.rucashk.com\\\/es\\\/\",\"nextItem\":\"https:\\\/\\\/www.rucashk.com\\\/es\\\/producto\\\/realme-watch-s-global-supply\\\/#listItem\"},{\"@type\":\"ListItem\",\"@id\":\"https:\\\/\\\/www.rucashk.com\\\/es\\\/producto\\\/realme-watch-s-global-supply\\\/#listItem\",\"position\":2,\"name\":\"Realme Watch S Global Supply\",\"previousItem\":\"https:\\\/\\\/www.rucashk.com\\\/es\\\/#listItem\"}]},{\"@type\":\"Organization\",\"@id\":\"https:\\\/\\\/www.rucashk.com\\\/es\\\/#organization\",\"name\":\"Rucas\",\"url\":\"https:\\\/\\\/www.rucashk.com\\\/es\\\/\",\"logo\":{\"@type\":\"ImageObject\",\"url\":\"https:\\\/\\\/www.rucashk.com\\\/wp-content\\\/uploads\\\/2023\\\/12\\\/Rucas_campany_logo.png\",\"@id\":\"https:\\\/\\\/www.rucashk.com\\\/es\\\/producto\\\/realme-watch-s-global-supply\\\/#organizationLogo\",\"width\":221,\"height\":65},\"image\":{\"@id\":\"https:\\\/\\\/www.rucashk.com\\\/es\\\/#organizationLogo\"}},{\"@type\":\"Person\",\"@id\":\"https:\\\/\\\/www.rucashk.com\\\/es\\\/author\\\/admin\\\/#author\",\"url\":\"https:\\\/\\\/www.rucashk.com\\\/es\\\/author\\\/admin\\\/\",\"name\":\"admin\",\"image\":{\"@type\":\"ImageObject\",\"@id\":\"https:\\\/\\\/www.rucashk.com\\\/es\\\/producto\\\/realme-watch-s-global-supply\\\/#authorImage\",\"url\":\"https:\\\/\\\/secure.gravatar.com\\\/avatar\\\/b7c8925b09a27e72b30232f8ecaadbd5af0f70a38c78096863fe51b64f031c24?s=96&d=mm&r=g\",\"width\":96,\"height\":96,\"caption\":\"admin\"}},{\"@type\":\"WebPage\",\"@id\":\"https:\\\/\\\/www.rucashk.com\\\/es\\\/producto\\\/realme-watch-s-global-supply\\\/#webpage\",\"url\":\"https:\\\/\\\/www.rucashk.com\\\/es\\\/producto\\\/realme-watch-s-global-supply\\\/\",\"name\":\"Realme Watch S Global Supply - Rucas - Wholesale and Distribution\",\"description\":\"Relame Watch S features: Blood oxygen monitor 15 days long battery life 1.3\\\" auto brightness touchscreen 16 sports modes 100+ stylish watch face IP68 water resistance\",\"inLanguage\":\"es-ES\",\"isPartOf\":{\"@id\":\"https:\\\/\\\/www.rucashk.com\\\/es\\\/#website\"},\"breadcrumb\":{\"@id\":\"https:\\\/\\\/www.rucashk.com\\\/es\\\/producto\\\/realme-watch-s-global-supply\\\/#breadcrumblist\"},\"author\":{\"@id\":\"https:\\\/\\\/www.rucashk.com\\\/es\\\/author\\\/admin\\\/#author\"},\"creator\":{\"@id\":\"https:\\\/\\\/www.rucashk.com\\\/es\\\/author\\\/admin\\\/#author\"},\"image\":{\"@type\":\"ImageObject\",\"url\":\"https:\\\/\\\/www.rucashk.com\\\/wp-content\\\/uploads\\\/2024\\\/01\\\/realme_watch_s_image_1604407793000.jpg\",\"@id\":\"https:\\\/\\\/www.rucashk.com\\\/es\\\/producto\\\/realme-watch-s-global-supply\\\/#mainImage\",\"width\":800,\"height\":800},\"primaryImageOfPage\":{\"@id\":\"https:\\\/\\\/www.rucashk.com\\\/es\\\/producto\\\/realme-watch-s-global-supply\\\/#mainImage\"},\"datePublished\":\"2024-01-09T16:11:50+00:00\",\"dateModified\":\"2024-03-13T04:05:49+00:00\"},{\"@type\":\"WebSite\",\"@id\":\"https:\\\/\\\/www.rucashk.com\\\/es\\\/#website\",\"url\":\"https:\\\/\\\/www.rucashk.com\\\/es\\\/\",\"name\":\"Rucas - Wholesale and distribution worldwide\",\"alternateName\":\"Rucas - One-stop AIoT Distribution Worldwide\",\"description\":\"One-stop AIoT Distribution Worldwide\",\"inLanguage\":\"es-ES\",\"publisher\":{\"@id\":\"https:\\\/\\\/www.rucashk.com\\\/es\\\/#organization\"}}]}\n\t\t<\/script>\n\t\t<!-- All in One SEO Pro -->\r\n\t\t<title>Realme Watch S Global Supply - Rucas - Wholesale and Distribution<\/title>\n\n","aioseo_head_json":{"title":"Realme Watch S Global Supply - Rucas - Wholesale and Distribution","description":"Relame Watch S features: Blood oxygen monitor 15 days long battery life 1.3\" auto brightness touchscreen 16 sports modes 100+ stylish watch face IP68 water resistance","canonical_url":"https:\/\/www.rucashk.com\/es\/producto\/realme-watch-s-global-supply\/","robots":"max-image-preview:large","keywords":"","webmasterTools":{"miscellaneous":""},"og:locale":"es_ES","og:site_name":"Rucas - One-stop AIoT Distribution Worldwide","og:type":"article","og:title":"Realme Watch S Global Supply - Rucas - Wholesale and Distribution","og:description":"Relame Watch S features: Blood oxygen monitor 15 days long battery life 1.3&quot; auto brightness touchscreen 16 sports modes 100+ stylish watch face IP68 water resistance","og:url":"https:\/\/www.rucashk.com\/es\/producto\/realme-watch-s-global-supply\/","og:image":"https:\/\/www.rucashk.com\/wp-content\/uploads\/replace\/503b8e645f128a97ccde2b6290747646.jpeg","og:image:secure_url":"https:\/\/www.rucashk.com\/wp-content\/uploads\/replace\/503b8e645f128a97ccde2b6290747646.jpeg","og:image:width":1456,"og:image:height":816,"article:published_time":"2024-01-09T16:11:50+00:00","article:modified_time":"2024-03-13T04:05:49+00:00","twitter:card":"summary_large_image","twitter:title":"Realme Watch S Global Supply - Rucas - Wholesale and Distribution","twitter:description":"Relame Watch S features: Blood oxygen monitor 15 days long battery life 1.3&quot; auto brightness touchscreen 16 sports modes 100+ stylish watch face IP68 water resistance","twitter:image":"https:\/\/www.rucashk.com\/wp-content\/uploads\/replace\/503b8e645f128a97ccde2b6290747646.jpeg","schema":{"@context":"https:\/\/schema.org","@graph":[{"@type":"BreadcrumbList","@id":"https:\/\/www.rucashk.com\/es\/producto\/realme-watch-s-global-supply\/#breadcrumblist","itemListElement":[{"@type":"ListItem","@id":"https:\/\/www.rucashk.com\/es\/#listItem","position":1,"name":"Home","item":"https:\/\/www.rucashk.com\/es\/","nextItem":"https:\/\/www.rucashk.com\/es\/producto\/realme-watch-s-global-supply\/#listItem"},{"@type":"ListItem","@id":"https:\/\/www.rucashk.com\/es\/producto\/realme-watch-s-global-supply\/#listItem","position":2,"name":"Realme Watch S Global Supply","previousItem":"https:\/\/www.rucashk.com\/es\/#listItem"}]},{"@type":"Organization","@id":"https:\/\/www.rucashk.com\/es\/#organization","name":"Rucas","url":"https:\/\/www.rucashk.com\/es\/","logo":{"@type":"ImageObject","url":"https:\/\/www.rucashk.com\/wp-content\/uploads\/2023\/12\/Rucas_campany_logo.png","@id":"https:\/\/www.rucashk.com\/es\/producto\/realme-watch-s-global-supply\/#organizationLogo","width":221,"height":65},"image":{"@id":"https:\/\/www.rucashk.com\/es\/#organizationLogo"}},{"@type":"Person","@id":"https:\/\/www.rucashk.com\/es\/author\/admin\/#author","url":"https:\/\/www.rucashk.com\/es\/author\/admin\/","name":"admin","image":{"@type":"ImageObject","@id":"https:\/\/www.rucashk.com\/es\/producto\/realme-watch-s-global-supply\/#authorImage","url":"https:\/\/secure.gravatar.com\/avatar\/b7c8925b09a27e72b30232f8ecaadbd5af0f70a38c78096863fe51b64f031c24?s=96&d=mm&r=g","width":96,"height":96,"caption":"admin"}},{"@type":"WebPage","@id":"https:\/\/www.rucashk.com\/es\/producto\/realme-watch-s-global-supply\/#webpage","url":"https:\/\/www.rucashk.com\/es\/producto\/realme-watch-s-global-supply\/","name":"Realme Watch S Global Supply - Rucas - Wholesale and Distribution","description":"Relame Watch S features: Blood oxygen monitor 15 days long battery life 1.3\" auto brightness touchscreen 16 sports modes 100+ stylish watch face IP68 water resistance","inLanguage":"es-ES","isPartOf":{"@id":"https:\/\/www.rucashk.com\/es\/#website"},"breadcrumb":{"@id":"https:\/\/www.rucashk.com\/es\/producto\/realme-watch-s-global-supply\/#breadcrumblist"},"author":{"@id":"https:\/\/www.rucashk.com\/es\/author\/admin\/#author"},"creator":{"@id":"https:\/\/www.rucashk.com\/es\/author\/admin\/#author"},"image":{"@type":"ImageObject","url":"https:\/\/www.rucashk.com\/wp-content\/uploads\/2024\/01\/realme_watch_s_image_1604407793000.jpg","@id":"https:\/\/www.rucashk.com\/es\/producto\/realme-watch-s-global-supply\/#mainImage","width":800,"height":800},"primaryImageOfPage":{"@id":"https:\/\/www.rucashk.com\/es\/producto\/realme-watch-s-global-supply\/#mainImage"},"datePublished":"2024-01-09T16:11:50+00:00","dateModified":"2024-03-13T04:05:49+00:00"},{"@type":"WebSite","@id":"https:\/\/www.rucashk.com\/es\/#website","url":"https:\/\/www.rucashk.com\/es\/","name":"Rucas - Wholesale and distribution worldwide","alternateName":"Rucas - One-stop AIoT Distribution Worldwide","description":"One-stop AIoT Distribution Worldwide","inLanguage":"es-ES","publisher":{"@id":"https:\/\/www.rucashk.com\/es\/#organization"}}]}},"aioseo_meta_data":{"post_id":"24996","title":null,"description":null,"keywords":null,"keyphrases":null,"primary_term":null,"canonical_url":null,"og_title":null,"og_description":null,"og_object_type":"default","og_image_type":"default","og_image_url":null,"og_image_width":null,"og_image_height":null,"og_image_custom_url":null,"og_image_custom_fields":null,"og_video":null,"og_custom_url":null,"og_article_section":null,"og_article_tags":null,"twitter_use_og":false,"twitter_card":"default","twitter_image_type":"default","twitter_image_url":null,"twitter_image_custom_url":null,"twitter_image_custom_fields":null,"twitter_title":null,"twitter_description":null,"schema":{"blockGraphs":[],"customGraphs":[],"default":{"data":{"Article":[],"Course":[],"Dataset":[],"FAQPage":[],"Movie":[],"Person":[],"Product":[],"Recipe":[],"Service":[],"SoftwareApplication":[],"WebPage":[]},"graphName":"","isEnabled":true},"graphs":[]},"schema_type":"default","schema_type_options":null,"pillar_content":false,"robots_default":true,"robots_noindex":false,"robots_noarchive":false,"robots_nosnippet":false,"robots_nofollow":false,"robots_noimageindex":false,"robots_noodp":false,"robots_notranslate":false,"robots_max_snippet":null,"robots_max_videopreview":null,"robots_max_imagepreview":"large","priority":null,"frequency":null,"local_seo":null,"breadcrumb_settings":null,"limit_modified_date":false,"created":"2024-04-11 01:57:16","updated":"2025-06-22 17:45:04"},"aioseo_breadcrumb":"<div class=\"aioseo-breadcrumbs\"><span class=\"aioseo-breadcrumb\">\n\t<a href=\"https:\/\/www.rucashk.com\/es\" title=\"Home\">Home<\/a>\n<\/span><span class=\"aioseo-breadcrumb-separator\">&raquo;<\/span><span class=\"aioseo-breadcrumb\">\n\t<a href=\"https:\/\/www.rucashk.com\/es\/products\/\" title=\"Productos\">Productos<\/a>\n<\/span><span class=\"aioseo-breadcrumb-separator\">&raquo;<\/span><span class=\"aioseo-breadcrumb\">\n\t<a href=\"https:\/\/www.rucashk.com\/es\/categoria-producto\/xiaomi-eco\/\" title=\"Xiaomi Eco\">Xiaomi Eco<\/a>\n<\/span><span class=\"aioseo-breadcrumb-separator\">&raquo;<\/span><span class=\"aioseo-breadcrumb\">\n\t<a href=\"https:\/\/www.rucashk.com\/es\/categoria-producto\/xiaomi-eco\/realme-earphone-xiaomi-eco\/\" title=\"Realme Earphone\">Realme Earphone<\/a>\n<\/span><span class=\"aioseo-breadcrumb-separator\">&raquo;<\/span><span class=\"aioseo-breadcrumb\">\n\tRealme Watch S Global Supply\n<\/span><\/div>","aioseo_breadcrumb_json":[{"label":"Home","link":"https:\/\/www.rucashk.com\/es"},{"label":"Productos","link":"https:\/\/www.rucashk.com\/es\/products\/"},{"label":"Xiaomi Eco","link":"https:\/\/www.rucashk.com\/es\/categoria-producto\/xiaomi-eco\/"},{"label":"Realme Earphone","link":"https:\/\/www.rucashk.com\/es\/categoria-producto\/xiaomi-eco\/realme-earphone-xiaomi-eco\/"},{"label":"Realme Watch S Global Supply","link":"https:\/\/www.rucashk.com\/es\/producto\/realme-watch-s-global-supply\/"}],"_links":{"self":[{"href":"https:\/\/www.rucashk.com\/es\/wp-json\/wp\/v2\/product\/24996","targetHints":{"allow":["GET"]}}],"collection":[{"href":"https:\/\/www.rucashk.com\/es\/wp-json\/wp\/v2\/product"}],"about":[{"href":"https:\/\/www.rucashk.com\/es\/wp-json\/wp\/v2\/types\/product"}],"wp:featuredmedia":[{"embeddable":true,"href":"https:\/\/www.rucashk.com\/es\/wp-json\/wp\/v2\/media\/25102"}],"wp:attachment":[{"href":"https:\/\/www.rucashk.com\/es\/wp-json\/wp\/v2\/media?parent=24996"}],"wp:term":[{"taxonomy":"product_brand","embeddable":true,"href":"https:\/\/www.rucashk.com\/es\/wp-json\/wp\/v2\/product_brand?post=24996"},{"taxonomy":"product_cat","embeddable":true,"href":"https:\/\/www.rucashk.com\/es\/wp-json\/wp\/v2\/product_cat?post=24996"},{"taxonomy":"product_tag","embeddable":true,"href":"https:\/\/www.rucashk.com\/es\/wp-json\/wp\/v2\/product_tag?post=24996"}],"curies":[{"name":"wp","href":"https:\/\/api.w.org\/{rel}","templated":true}]}}