{"id":24968,"date":"2024-01-09T16:11:28","date_gmt":"2024-01-09T16:11:28","guid":{"rendered":"http:\/\/rucashk.com\/?post_type=product&#038;p=24968"},"modified":"2024-03-12T04:04:07","modified_gmt":"2024-03-12T04:04:07","slug":"amazfit-neo-smart-watch","status":"publish","type":"product","link":"https:\/\/www.rucashk.com\/es\/producto\/amazfit-neo-smart-watch\/","title":{"rendered":"Reloj inteligente Amazfit Neo"},"content":{"rendered":"<div class=\"celwidget aplus-module 3p-module-b aplus-standard\" data-csa-c-id=\"y8gnsk-1j8ib6-huul4o-xwg231\" data-cel-widget=\"aplus-3p-module-b\">\n<div class=\"aplus-module-wrapper aplus-3p-fixed-width\"><img fetchpriority=\"high\" decoding=\"async\" class=\"a-spacing-base alignnone aligncenter\" src=\"\/wp-content\/uploads\/replace\/585a734fb456e92d2ae5eb5f036001a2.png\" alt=\"Amazfit Neo Smart Watch\" width=\"970\" height=\"600\" data-src=\"\/wp-content\/uploads\/replace\/585a734fb456e92d2ae5eb5f036001a2.png\" \/><\/div>\n<\/div>\n<div class=\"celwidget aplus-module module-9 aplus-standard\" style=\"text-align: center\" data-csa-c-id=\"wgxvyd-3n7k6-3s6v47-urnw3s\" data-cel-widget=\"aplus-module-9\">\n<div class=\"a-expander-collapsed-height a-row a-expander-container a-expander-partial-collapse-container\" data-a-expander-name=\"aplus-module-expander\" data-a-expander-collapsed-height=\"700\">\n<div class=\"a-expander-content a-expander-partial-collapse-content\">\n<div class=\"aplus-module-wrapper apm-fixed-width\">\n<div class=\"apm-spacing apm-fixed-width\">\n<table class=\"apm-fixed-width apm-eventhirdcol-table\">\n<tbody>\n<tr>\n<th class=\"apm-center\">\n<div class=\"apm-eventhirdcol apm-floatleft\">\n<p><img decoding=\"async\" class=\"a-spacing-mini aligncenter\" src=\"\/wp-content\/uploads\/replace\/bc5c6a3847a6a96900a66d63619776f8.png\" alt=\"Amazfit Neo Smart Watch\" width=\"208\" height=\"208\" data-src=\"\/wp-content\/uploads\/replace\/bc5c6a3847a6a96900a66d63619776f8.png\" \/><\/p>\n<\/div>\n<\/th>\n<th class=\"apm-center\">\n<div class=\"apm-eventhirdcol apm-floatleft\">\n<p><img decoding=\"async\" class=\"a-spacing-mini aligncenter\" src=\"\/wp-content\/uploads\/replace\/8d79844171ea45ec4ed7ef88c8216c05.png\" alt=\"Amazfit Neo Smart Watch\" width=\"209\" height=\"209\" data-src=\"\/wp-content\/uploads\/replace\/8d79844171ea45ec4ed7ef88c8216c05.png\" \/><\/p>\n<\/div>\n<\/th>\n<th class=\"apm-center\">\n<div class=\"apm-eventhirdcol apm-floatleft\">\n<p><img loading=\"lazy\" decoding=\"async\" class=\"a-spacing-mini aligncenter\" src=\"\/wp-content\/uploads\/replace\/4da90ff36b2fbb19fb893fb062d29ad0.png\" alt=\"Amazfit Neo Smart Watch\" width=\"249\" height=\"249\" data-src=\"\/wp-content\/uploads\/replace\/4da90ff36b2fbb19fb893fb062d29ad0.png\" \/><\/p>\n<\/div>\n<\/th>\n<\/tr>\n<tr>\n<td class=\"apm-top\">\n<div class=\"apm-eventhirdcol apm-floatleft\">\n<h4 class=\"a-spacing-mini\">Nunca te pierdas un ritmo importante<\/h4>\n<p>El Amazfit Neo puede realizar un seguimiento de su frecuencia card\u00edaca las 24 horas del d\u00eda, los 7 d\u00edas de la semana. Equipado con el sensor BioTrackerTM PPG3, el reloj inteligente monitorea su frecuencia card\u00edaca las 24 horas del d\u00eda, brindando monitoreo de frecuencia card\u00edaca en tiempo real para ayudarlo a comprender mejor su estado de salud.<\/p>\n<\/div>\n<\/td>\n<td class=\"apm-top\">\n<div class=\"apm-eventhirdcol apm-floatleft\">\n<h4 class=\"a-spacing-mini\">Avanzado. Retro. Vers\u00e1til<\/h4>\n<p>El Amazfit Neo presenta una pantalla retro de cuatro lados, equipada con cuatro botones f\u00edsicos. Su dise\u00f1o proporciona el equilibrio perfecto entre estilo para tu guardarropa diario y funcionalidad vers\u00e1til con el uso de botones f\u00edsicos. Es la combinaci\u00f3n perfecta de dise\u00f1o cl\u00e1sico y caracter\u00edsticas modernas.<\/p>\n<\/div>\n<\/td>\n<td class=\"apm-top\">\n<div class=\"apm-eventhirdcol apm-floatleft\">\n<h4 class=\"a-spacing-mini\">Su salud, de un vistazo<\/h4>\n<p>Amazfit Neo integra el innovador sistema de evaluaci\u00f3n de la salud PAI, que elimina la necesidad de realizar un seguimiento de datos complicados y le permite comprender intuitivamente su estado f\u00edsico de un vistazo.<\/p>\n<p>PAITM se puede utilizar en cualquier momento, en cualquier lugar y con cualquier forma de ejercicio en su vida diaria. Obtenga una comprensi\u00f3n clara de su salud a trav\u00e9s de su puntuaci\u00f3n PAI sin tener que realizar un seguimiento de datos complejos.<\/p>\n<\/div>\n<\/td>\n<\/tr>\n<\/tbody>\n<\/table>\n<\/div>\n<\/div>\n<div><\/div>\n<\/div>\n<\/div>\n<\/div>\n<div class=\"celwidget aplus-module module-9 aplus-standard\" style=\"text-align: center\" data-csa-c-id=\"89g5d8-bbidgb-z7v0y9-2lt6s9\" data-cel-widget=\"aplus-module-9\">\n<div class=\"a-expander-collapsed-height a-row a-expander-container a-expander-partial-collapse-container\" data-a-expander-name=\"aplus-module-expander\" data-a-expander-collapsed-height=\"700\">\n<div class=\"a-expander-content a-expander-partial-collapse-content\">\n<div class=\"aplus-module-wrapper apm-fixed-width\">\n<div class=\"apm-spacing apm-fixed-width\">\n<table class=\"apm-fixed-width apm-eventhirdcol-table\">\n<tbody>\n<tr>\n<th class=\"apm-center\">\n<div class=\"apm-eventhirdcol apm-floatleft\">\n<p><img loading=\"lazy\" decoding=\"async\" class=\"a-spacing-mini aligncenter\" src=\"\/wp-content\/uploads\/replace\/0531613c802351f19e4e0e4cdc8d85fc.png\" alt=\"Amazfit Neo Smart Watch\" width=\"193\" height=\"193\" data-src=\"\/wp-content\/uploads\/replace\/0531613c802351f19e4e0e4cdc8d85fc.png\" \/><\/p>\n<\/div>\n<\/th>\n<th class=\"apm-center\">\n<div class=\"apm-eventhirdcol apm-floatleft\">\n<p><img loading=\"lazy\" decoding=\"async\" class=\"a-spacing-mini alignnone\" src=\"\/wp-content\/uploads\/replace\/ef6fff8c2179b38d2a3f70b16da1c97e.png\" alt=\"Amazfit Neo Smart Watch\" width=\"201\" height=\"201\" data-src=\"\/wp-content\/uploads\/replace\/ef6fff8c2179b38d2a3f70b16da1c97e.png\" \/><\/p>\n<\/div>\n<\/th>\n<th class=\"apm-center\">\n<div class=\"apm-eventhirdcol apm-floatleft\">\n<p><img loading=\"lazy\" decoding=\"async\" class=\"a-spacing-mini alignnone\" src=\"\/wp-content\/uploads\/replace\/3b21c5bf8cfb4076a829c94ba292582f.png\" alt=\"Amazfit Neo Smart Watch\" width=\"244\" height=\"244\" data-src=\"\/wp-content\/uploads\/replace\/3b21c5bf8cfb4076a829c94ba292582f.png\" \/><\/p>\n<\/div>\n<\/th>\n<\/tr>\n<tr>\n<td class=\"apm-top\">\n<div class=\"apm-eventhirdcol apm-floatleft\">\n<h4 class=\"a-spacing-mini\">Tu sue\u00f1o, cuidado<\/h4>\n<p>El Amazfit Neo controla tu sue\u00f1o sin esfuerzo. Una vez sincronizado con la aplicaci\u00f3n, podr\u00e1s revisar las distintas etapas y la calidad de tu sue\u00f1o. Le ayuda a obtener una comprensi\u00f3n m\u00e1s clara de sus patrones de sue\u00f1o y qu\u00e9 etapas de sue\u00f1o son necesarias para mejorar su calidad. Simplemente mant\u00e9n tu reloj inteligente encendido, cierra los ojos y verifica los datos cuando te despiertes.<\/p>\n<\/div>\n<\/td>\n<td class=\"apm-top\">\n<div class=\"apm-eventhirdcol apm-floatleft\">\n<h4 class=\"a-spacing-mini\">Tu entrenamiento, grabado.<\/h4>\n<p>Con el respaldo del sensor BioTrackerTM PPG3 y potentes algoritmos, Amazfit Neo ayuda a realizar un seguimiento de su ejercicio, incluidos los pasos y las calor\u00edas. Elija entre los modos correr, caminar o andar en bicicleta y vea informaci\u00f3n m\u00e1s detallada sobre su tiempo de ejercicio, frecuencia card\u00edaca y aumente su puntuaci\u00f3n de valor PAI.<\/p>\n<\/div>\n<\/td>\n<td class=\"apm-top\">\n<div class=\"apm-eventhirdcol apm-floatleft\">\n<h4 class=\"a-spacing-mini\">Pantalla retro siempre encendida<\/h4>\n<p>El Amazfit Neo presenta una pantalla siempre encendida de estilo retro. Es energ\u00e9ticamente eficiente y le permite ver la pantalla claramente bajo una luz brillante. La funci\u00f3n Lift-to-wake5 te permite activar la pantalla de forma r\u00e1pida y natural al leer la hora.<\/p>\n<\/div>\n<\/td>\n<\/tr>\n<\/tbody>\n<\/table>\n<\/div>\n<\/div>\n<div><\/div>\n<\/div>\n<\/div>\n<\/div>\n<div class=\"celwidget aplus-module module-9 aplus-standard\" style=\"text-align: center\" data-csa-c-id=\"3wt7st-sn8wtx-adm9un-4rgd60\" data-cel-widget=\"aplus-module-9\">\n<div class=\"a-expander-collapsed-height a-row a-expander-container a-expander-partial-collapse-container\" data-a-expander-name=\"aplus-module-expander\" data-a-expander-collapsed-height=\"700\">\n<div class=\"a-expander-content a-expander-partial-collapse-content\">\n<div class=\"aplus-module-wrapper apm-fixed-width\">\n<div class=\"apm-spacing apm-fixed-width\">\n<table class=\"apm-fixed-width apm-eventhirdcol-table\">\n<tbody>\n<tr>\n<th class=\"apm-center\">\n<div class=\"apm-eventhirdcol apm-floatleft\">\n<p><img loading=\"lazy\" decoding=\"async\" class=\"a-spacing-mini aligncenter\" src=\"\/wp-content\/uploads\/replace\/c432b9bf37f4f45b1099f5272ad5899f.png\" alt=\"Amazfit Neo Smart Watch\" width=\"176\" height=\"176\" data-src=\"\/wp-content\/uploads\/replace\/c432b9bf37f4f45b1099f5272ad5899f.png\" \/><\/p>\n<\/div>\n<\/th>\n<th class=\"apm-center\">\n<div class=\"apm-eventhirdcol apm-floatleft\">\n<p><img loading=\"lazy\" decoding=\"async\" class=\"a-spacing-mini aligncenter\" src=\"\/wp-content\/uploads\/replace\/9b289f7ce66f63285fe80cd1619817fc.png\" alt=\"Amazfit Neo Smart Watch\" width=\"180\" height=\"180\" data-src=\"\/wp-content\/uploads\/replace\/9b289f7ce66f63285fe80cd1619817fc.png\" \/><\/p>\n<\/div>\n<\/th>\n<th class=\"apm-center\">\n<div class=\"apm-eventhirdcol apm-floatleft\">\n<p><img loading=\"lazy\" decoding=\"async\" class=\"a-spacing-mini alignnone\" src=\"\/wp-content\/uploads\/replace\/0217af313cac4a116247999c0ba09bbb.png\" alt=\"Amazfit Neo Smart Watch\" width=\"243\" height=\"243\" data-src=\"\/wp-content\/uploads\/replace\/0217af313cac4a116247999c0ba09bbb.png\" \/><\/p>\n<\/div>\n<\/th>\n<\/tr>\n<tr>\n<td class=\"apm-top\">\n<div class=\"apm-eventhirdcol apm-floatleft\">\n<h4 class=\"a-spacing-mini\">Incre\u00edble duraci\u00f3n de la bater\u00eda de cuatro semanas<\/h4>\n<p>El Amazfit Neo tiene una impresionante duraci\u00f3n de la bater\u00eda y capacidades de administraci\u00f3n de energ\u00eda. El Amazfit Neo se puede utilizar hasta cuatro semanas con una sola carga completa. Nunca te preocupes por quedarte sin bater\u00eda.<\/p>\n<\/div>\n<\/td>\n<td class=\"apm-top\">\n<div class=\"apm-eventhirdcol apm-floatleft\">\n<h4 class=\"a-spacing-mini\">Resistente al agua hasta 50 metros.<\/h4>\n<p>El Amazfit Neo cuenta con una carcasa exterior duradera y una correa de PUR que proporciona una impermeabilidad eficaz hasta una profundidad de 50 metros. Al correr, caminar o andar en bicicleta, el dise\u00f1o resistente funcionar\u00e1 en entornos dif\u00edciles.<\/p>\n<\/div>\n<\/td>\n<td class=\"apm-top\">\n<div class=\"apm-eventhirdcol apm-floatleft\">\n<h4 class=\"a-spacing-mini\">Nunca te pierdas una notificaci\u00f3n<\/h4>\n<p>El Amazfit Neo puede sincronizarse con mensajes de texto, correos electr\u00f3nicos y notificaciones de varias aplicaciones populares en su tel\u00e9fono inteligente.<\/p>\n<\/div>\n<\/td>\n<\/tr>\n<\/tbody>\n<\/table>\n<\/div>\n<\/div>\n<div><\/div>\n<\/div>\n<\/div>\n<\/div>\n<div class=\"celwidget aplus-module 3p-module-b aplus-standard\" data-csa-c-id=\"8jgd46-atybhn-yhobkl-dcghtz\" data-cel-widget=\"aplus-3p-module-b\">\n<div class=\"aplus-module-wrapper aplus-3p-fixed-width\"><img loading=\"lazy\" decoding=\"async\" class=\"a-spacing-base aligncenter\" src=\"\/wp-content\/uploads\/replace\/b47b3105df921d28797d3fde9980a240.png\" alt=\"Amazfit Neo Smart Watch\" width=\"970\" height=\"600\" data-src=\"\/wp-content\/uploads\/replace\/b47b3105df921d28797d3fde9980a240.png\" \/><\/div>\n<\/div>","protected":false},"excerpt":{"rendered":"<p>Monitoreo de frecuencia card\u00edaca las 24 horas equipado con sensor bio-track para ayudarlo a comprender mejor su estado de salud, monitoreo del sue\u00f1o, duraci\u00f3n de la bater\u00eda de 28 d\u00edas, pantalla siempre encendida, resistencia al agua hasta 50 metros.<\/p>","protected":false},"featured_media":25080,"template":"","meta":[],"product_brand":[],"product_cat":[1339,1305],"product_tag":[425,427],"class_list":{"0":"post-24968","1":"product","2":"type-product","3":"status-publish","4":"has-post-thumbnail","6":"product_cat-amazfit-smartwatch","7":"product_cat-xiaomi-eco","8":"product_tag-amazfit","9":"product_tag-smart-watch","11":"first","12":"instock","13":"shipping-taxable","14":"product-type-external"},"aioseo_notices":[],"aioseo_head":"\n\t\t<!-- All in One SEO Pro 4.5.9.2 - aioseo.com -->\n\t\t<meta name=\"description\" content=\"24 hours Heart rate monitoring equipped with bio-track sensor to help you better undertand your health statu , sleeping monitoring, 28-day battery life, always-on display, water resistance up to 50 meters.\" \/>\n\t\t<meta name=\"robots\" content=\"max-image-preview:large\" \/>\n\t\t<link rel=\"canonical\" href=\"https:\/\/www.rucashk.com\/es\/producto\/amazfit-neo-smart-watch\/\" \/>\n\t\t<meta name=\"generator\" content=\"All in One SEO Pro (AIOSEO) 4.5.9.2\" \/>\n\t\t<meta property=\"og:locale\" content=\"es_ES\" \/>\n\t\t<meta property=\"og:site_name\" content=\"Rucas - One-stop AIoT Distribution Worldwide\" \/>\n\t\t<meta property=\"og:type\" content=\"article\" \/>\n\t\t<meta property=\"og:title\" content=\"Amazfit Neo Smart Watch - Rucas - Wholesale and Distribution\" \/>\n\t\t<meta property=\"og:description\" content=\"24 hours Heart rate monitoring equipped with bio-track sensor to help you better undertand your health statu , sleeping monitoring, 28-day battery life, always-on display, water resistance up to 50 meters.\" \/>\n\t\t<meta property=\"og:url\" content=\"https:\/\/www.rucashk.com\/es\/producto\/amazfit-neo-smart-watch\/\" \/>\n\t\t<meta property=\"og:image\" content=\"https:\/\/www.rucashk.com\/wp-content\/uploads\/replace\/503b8e645f128a97ccde2b6290747646.jpeg\" \/>\n\t\t<meta property=\"og:image:secure_url\" content=\"https:\/\/www.rucashk.com\/wp-content\/uploads\/replace\/503b8e645f128a97ccde2b6290747646.jpeg\" \/>\n\t\t<meta property=\"og:image:width\" content=\"1456\" \/>\n\t\t<meta property=\"og:image:height\" content=\"816\" \/>\n\t\t<meta property=\"article:published_time\" content=\"2024-01-09T16:11:28+00:00\" \/>\n\t\t<meta property=\"article:modified_time\" content=\"2024-03-12T04:04:07+00:00\" \/>\n\t\t<meta name=\"twitter:card\" content=\"summary_large_image\" \/>\n\t\t<meta name=\"twitter:title\" content=\"Amazfit Neo Smart Watch - Rucas - Wholesale and Distribution\" \/>\n\t\t<meta name=\"twitter:description\" content=\"24 hours Heart rate monitoring equipped with bio-track sensor to help you better undertand your health statu , sleeping monitoring, 28-day battery life, always-on display, water resistance up to 50 meters.\" \/>\n\t\t<meta name=\"twitter:image\" content=\"https:\/\/www.rucashk.com\/wp-content\/uploads\/replace\/503b8e645f128a97ccde2b6290747646.jpeg\" \/>\n\t\t<script type=\"application\/ld+json\" class=\"aioseo-schema\">\n\t\t\t{\"@context\":\"https:\\\/\\\/schema.org\",\"@graph\":[{\"@type\":\"BreadcrumbList\",\"@id\":\"https:\\\/\\\/www.rucashk.com\\\/es\\\/producto\\\/amazfit-neo-smart-watch\\\/#breadcrumblist\",\"itemListElement\":[{\"@type\":\"ListItem\",\"@id\":\"https:\\\/\\\/www.rucashk.com\\\/es\\\/#listItem\",\"position\":1,\"name\":\"Home\",\"item\":\"https:\\\/\\\/www.rucashk.com\\\/es\\\/\",\"nextItem\":\"https:\\\/\\\/www.rucashk.com\\\/es\\\/producto\\\/amazfit-neo-smart-watch\\\/#listItem\"},{\"@type\":\"ListItem\",\"@id\":\"https:\\\/\\\/www.rucashk.com\\\/es\\\/producto\\\/amazfit-neo-smart-watch\\\/#listItem\",\"position\":2,\"name\":\"Amazfit Neo Smart Watch\",\"previousItem\":\"https:\\\/\\\/www.rucashk.com\\\/es\\\/#listItem\"}]},{\"@type\":\"Organization\",\"@id\":\"https:\\\/\\\/www.rucashk.com\\\/es\\\/#organization\",\"name\":\"Rucas\",\"url\":\"https:\\\/\\\/www.rucashk.com\\\/es\\\/\",\"logo\":{\"@type\":\"ImageObject\",\"url\":\"https:\\\/\\\/www.rucashk.com\\\/wp-content\\\/uploads\\\/2023\\\/12\\\/Rucas_campany_logo.png\",\"@id\":\"https:\\\/\\\/www.rucashk.com\\\/es\\\/producto\\\/amazfit-neo-smart-watch\\\/#organizationLogo\",\"width\":221,\"height\":65},\"image\":{\"@id\":\"https:\\\/\\\/www.rucashk.com\\\/es\\\/#organizationLogo\"}},{\"@type\":\"Person\",\"@id\":\"https:\\\/\\\/www.rucashk.com\\\/es\\\/author\\\/admin\\\/#author\",\"url\":\"https:\\\/\\\/www.rucashk.com\\\/es\\\/author\\\/admin\\\/\",\"name\":\"admin\",\"image\":{\"@type\":\"ImageObject\",\"@id\":\"https:\\\/\\\/www.rucashk.com\\\/es\\\/producto\\\/amazfit-neo-smart-watch\\\/#authorImage\",\"url\":\"https:\\\/\\\/secure.gravatar.com\\\/avatar\\\/b7c8925b09a27e72b30232f8ecaadbd5af0f70a38c78096863fe51b64f031c24?s=96&d=mm&r=g\",\"width\":96,\"height\":96,\"caption\":\"admin\"}},{\"@type\":\"WebPage\",\"@id\":\"https:\\\/\\\/www.rucashk.com\\\/es\\\/producto\\\/amazfit-neo-smart-watch\\\/#webpage\",\"url\":\"https:\\\/\\\/www.rucashk.com\\\/es\\\/producto\\\/amazfit-neo-smart-watch\\\/\",\"name\":\"Amazfit Neo Smart Watch - Rucas - Wholesale and Distribution\",\"description\":\"24 hours Heart rate monitoring equipped with bio-track sensor to help you better undertand your health statu , sleeping monitoring, 28-day battery life, always-on display, water resistance up to 50 meters.\",\"inLanguage\":\"es-ES\",\"isPartOf\":{\"@id\":\"https:\\\/\\\/www.rucashk.com\\\/es\\\/#website\"},\"breadcrumb\":{\"@id\":\"https:\\\/\\\/www.rucashk.com\\\/es\\\/producto\\\/amazfit-neo-smart-watch\\\/#breadcrumblist\"},\"author\":{\"@id\":\"https:\\\/\\\/www.rucashk.com\\\/es\\\/author\\\/admin\\\/#author\"},\"creator\":{\"@id\":\"https:\\\/\\\/www.rucashk.com\\\/es\\\/author\\\/admin\\\/#author\"},\"image\":{\"@type\":\"ImageObject\",\"url\":\"https:\\\/\\\/www.rucashk.com\\\/wp-content\\\/uploads\\\/2024\\\/01\\\/\\u4e3b\\u56fe01.png\",\"@id\":\"https:\\\/\\\/www.rucashk.com\\\/es\\\/producto\\\/amazfit-neo-smart-watch\\\/#mainImage\",\"width\":800,\"height\":800},\"primaryImageOfPage\":{\"@id\":\"https:\\\/\\\/www.rucashk.com\\\/es\\\/producto\\\/amazfit-neo-smart-watch\\\/#mainImage\"},\"datePublished\":\"2024-01-09T16:11:28+00:00\",\"dateModified\":\"2024-03-12T04:04:07+00:00\"},{\"@type\":\"WebSite\",\"@id\":\"https:\\\/\\\/www.rucashk.com\\\/es\\\/#website\",\"url\":\"https:\\\/\\\/www.rucashk.com\\\/es\\\/\",\"name\":\"Rucas - Wholesale and distribution worldwide\",\"alternateName\":\"Rucas - One-stop AIoT Distribution Worldwide\",\"description\":\"One-stop AIoT Distribution Worldwide\",\"inLanguage\":\"es-ES\",\"publisher\":{\"@id\":\"https:\\\/\\\/www.rucashk.com\\\/es\\\/#organization\"}}]}\n\t\t<\/script>\n\t\t<!-- All in One SEO Pro -->\r\n\t\t<title>Amazfit Neo Smart Watch - Rucas - Wholesale and Distribution<\/title>\n\n","aioseo_head_json":{"title":"Amazfit Neo Smart Watch - Rucas - Wholesale and Distribution","description":"24 hours Heart rate monitoring equipped with bio-track sensor to help you better undertand your health statu , sleeping monitoring, 28-day battery life, always-on display, water resistance up to 50 meters.","canonical_url":"https:\/\/www.rucashk.com\/es\/producto\/amazfit-neo-smart-watch\/","robots":"max-image-preview:large","keywords":"","webmasterTools":{"miscellaneous":""},"og:locale":"es_ES","og:site_name":"Rucas - One-stop AIoT Distribution Worldwide","og:type":"article","og:title":"Amazfit Neo Smart Watch - Rucas - Wholesale and Distribution","og:description":"24 hours Heart rate monitoring equipped with bio-track sensor to help you better undertand your health statu , sleeping monitoring, 28-day battery life, always-on display, water resistance up to 50 meters.","og:url":"https:\/\/www.rucashk.com\/es\/producto\/amazfit-neo-smart-watch\/","og:image":"https:\/\/www.rucashk.com\/wp-content\/uploads\/replace\/503b8e645f128a97ccde2b6290747646.jpeg","og:image:secure_url":"https:\/\/www.rucashk.com\/wp-content\/uploads\/replace\/503b8e645f128a97ccde2b6290747646.jpeg","og:image:width":1456,"og:image:height":816,"article:published_time":"2024-01-09T16:11:28+00:00","article:modified_time":"2024-03-12T04:04:07+00:00","twitter:card":"summary_large_image","twitter:title":"Amazfit Neo Smart Watch - Rucas - Wholesale and Distribution","twitter:description":"24 hours Heart rate monitoring equipped with bio-track sensor to help you better undertand your health statu , sleeping monitoring, 28-day battery life, always-on display, water resistance up to 50 meters.","twitter:image":"https:\/\/www.rucashk.com\/wp-content\/uploads\/replace\/503b8e645f128a97ccde2b6290747646.jpeg","schema":{"@context":"https:\/\/schema.org","@graph":[{"@type":"BreadcrumbList","@id":"https:\/\/www.rucashk.com\/es\/producto\/amazfit-neo-smart-watch\/#breadcrumblist","itemListElement":[{"@type":"ListItem","@id":"https:\/\/www.rucashk.com\/es\/#listItem","position":1,"name":"Home","item":"https:\/\/www.rucashk.com\/es\/","nextItem":"https:\/\/www.rucashk.com\/es\/producto\/amazfit-neo-smart-watch\/#listItem"},{"@type":"ListItem","@id":"https:\/\/www.rucashk.com\/es\/producto\/amazfit-neo-smart-watch\/#listItem","position":2,"name":"Amazfit Neo Smart Watch","previousItem":"https:\/\/www.rucashk.com\/es\/#listItem"}]},{"@type":"Organization","@id":"https:\/\/www.rucashk.com\/es\/#organization","name":"Rucas","url":"https:\/\/www.rucashk.com\/es\/","logo":{"@type":"ImageObject","url":"https:\/\/www.rucashk.com\/wp-content\/uploads\/2023\/12\/Rucas_campany_logo.png","@id":"https:\/\/www.rucashk.com\/es\/producto\/amazfit-neo-smart-watch\/#organizationLogo","width":221,"height":65},"image":{"@id":"https:\/\/www.rucashk.com\/es\/#organizationLogo"}},{"@type":"Person","@id":"https:\/\/www.rucashk.com\/es\/author\/admin\/#author","url":"https:\/\/www.rucashk.com\/es\/author\/admin\/","name":"admin","image":{"@type":"ImageObject","@id":"https:\/\/www.rucashk.com\/es\/producto\/amazfit-neo-smart-watch\/#authorImage","url":"https:\/\/secure.gravatar.com\/avatar\/b7c8925b09a27e72b30232f8ecaadbd5af0f70a38c78096863fe51b64f031c24?s=96&d=mm&r=g","width":96,"height":96,"caption":"admin"}},{"@type":"WebPage","@id":"https:\/\/www.rucashk.com\/es\/producto\/amazfit-neo-smart-watch\/#webpage","url":"https:\/\/www.rucashk.com\/es\/producto\/amazfit-neo-smart-watch\/","name":"Amazfit Neo Smart Watch - Rucas - Wholesale and Distribution","description":"24 hours Heart rate monitoring equipped with bio-track sensor to help you better undertand your health statu , sleeping monitoring, 28-day battery life, always-on display, water resistance up to 50 meters.","inLanguage":"es-ES","isPartOf":{"@id":"https:\/\/www.rucashk.com\/es\/#website"},"breadcrumb":{"@id":"https:\/\/www.rucashk.com\/es\/producto\/amazfit-neo-smart-watch\/#breadcrumblist"},"author":{"@id":"https:\/\/www.rucashk.com\/es\/author\/admin\/#author"},"creator":{"@id":"https:\/\/www.rucashk.com\/es\/author\/admin\/#author"},"image":{"@type":"ImageObject","url":"https:\/\/www.rucashk.com\/wp-content\/uploads\/2024\/01\/\u4e3b\u56fe01.png","@id":"https:\/\/www.rucashk.com\/es\/producto\/amazfit-neo-smart-watch\/#mainImage","width":800,"height":800},"primaryImageOfPage":{"@id":"https:\/\/www.rucashk.com\/es\/producto\/amazfit-neo-smart-watch\/#mainImage"},"datePublished":"2024-01-09T16:11:28+00:00","dateModified":"2024-03-12T04:04:07+00:00"},{"@type":"WebSite","@id":"https:\/\/www.rucashk.com\/es\/#website","url":"https:\/\/www.rucashk.com\/es\/","name":"Rucas - Wholesale and distribution worldwide","alternateName":"Rucas - One-stop AIoT Distribution Worldwide","description":"One-stop AIoT Distribution Worldwide","inLanguage":"es-ES","publisher":{"@id":"https:\/\/www.rucashk.com\/es\/#organization"}}]}},"aioseo_meta_data":{"post_id":"24968","title":null,"description":null,"keywords":null,"keyphrases":null,"primary_term":null,"canonical_url":null,"og_title":null,"og_description":null,"og_object_type":"default","og_image_type":"default","og_image_url":null,"og_image_width":null,"og_image_height":null,"og_image_custom_url":null,"og_image_custom_fields":null,"og_video":null,"og_custom_url":null,"og_article_section":null,"og_article_tags":null,"twitter_use_og":false,"twitter_card":"default","twitter_image_type":"default","twitter_image_url":null,"twitter_image_custom_url":null,"twitter_image_custom_fields":null,"twitter_title":null,"twitter_description":null,"schema":{"blockGraphs":[],"customGraphs":[],"default":{"data":{"Article":[],"Course":[],"Dataset":[],"FAQPage":[],"Movie":[],"Person":[],"Product":[],"Recipe":[],"Service":[],"SoftwareApplication":[],"WebPage":[]},"graphName":"","isEnabled":true},"graphs":[]},"schema_type":"default","schema_type_options":null,"pillar_content":false,"robots_default":true,"robots_noindex":false,"robots_noarchive":false,"robots_nosnippet":false,"robots_nofollow":false,"robots_noimageindex":false,"robots_noodp":false,"robots_notranslate":false,"robots_max_snippet":null,"robots_max_videopreview":null,"robots_max_imagepreview":"large","priority":null,"frequency":null,"local_seo":null,"breadcrumb_settings":null,"limit_modified_date":false,"created":"2024-04-11 01:57:16","updated":"2025-06-22 17:44:05"},"aioseo_breadcrumb":"<div class=\"aioseo-breadcrumbs\"><span class=\"aioseo-breadcrumb\">\n\t<a href=\"https:\/\/www.rucashk.com\/es\" title=\"Home\">Home<\/a>\n<\/span><span class=\"aioseo-breadcrumb-separator\">&raquo;<\/span><span class=\"aioseo-breadcrumb\">\n\t<a href=\"https:\/\/www.rucashk.com\/es\/products\/\" title=\"Productos\">Productos<\/a>\n<\/span><span class=\"aioseo-breadcrumb-separator\">&raquo;<\/span><span class=\"aioseo-breadcrumb\">\n\t<a href=\"https:\/\/www.rucashk.com\/es\/categoria-producto\/xiaomi-eco\/\" title=\"Xiaomi Eco\">Xiaomi Eco<\/a>\n<\/span><span class=\"aioseo-breadcrumb-separator\">&raquo;<\/span><span class=\"aioseo-breadcrumb\">\n\t<a href=\"https:\/\/www.rucashk.com\/es\/categoria-producto\/xiaomi-eco\/amazfit-smartwatch\/\" title=\"Amazfit Smartwatch\">Amazfit Smartwatch<\/a>\n<\/span><span class=\"aioseo-breadcrumb-separator\">&raquo;<\/span><span class=\"aioseo-breadcrumb\">\n\tAmazfit Neo Smart Watch\n<\/span><\/div>","aioseo_breadcrumb_json":[{"label":"Home","link":"https:\/\/www.rucashk.com\/es"},{"label":"Productos","link":"https:\/\/www.rucashk.com\/es\/products\/"},{"label":"Xiaomi Eco","link":"https:\/\/www.rucashk.com\/es\/categoria-producto\/xiaomi-eco\/"},{"label":"Amazfit Smartwatch","link":"https:\/\/www.rucashk.com\/es\/categoria-producto\/xiaomi-eco\/amazfit-smartwatch\/"},{"label":"Amazfit Neo Smart Watch","link":"https:\/\/www.rucashk.com\/es\/producto\/amazfit-neo-smart-watch\/"}],"_links":{"self":[{"href":"https:\/\/www.rucashk.com\/es\/wp-json\/wp\/v2\/product\/24968","targetHints":{"allow":["GET"]}}],"collection":[{"href":"https:\/\/www.rucashk.com\/es\/wp-json\/wp\/v2\/product"}],"about":[{"href":"https:\/\/www.rucashk.com\/es\/wp-json\/wp\/v2\/types\/product"}],"wp:featuredmedia":[{"embeddable":true,"href":"https:\/\/www.rucashk.com\/es\/wp-json\/wp\/v2\/media\/25080"}],"wp:attachment":[{"href":"https:\/\/www.rucashk.com\/es\/wp-json\/wp\/v2\/media?parent=24968"}],"wp:term":[{"taxonomy":"product_brand","embeddable":true,"href":"https:\/\/www.rucashk.com\/es\/wp-json\/wp\/v2\/product_brand?post=24968"},{"taxonomy":"product_cat","embeddable":true,"href":"https:\/\/www.rucashk.com\/es\/wp-json\/wp\/v2\/product_cat?post=24968"},{"taxonomy":"product_tag","embeddable":true,"href":"https:\/\/www.rucashk.com\/es\/wp-json\/wp\/v2\/product_tag?post=24968"}],"curies":[{"name":"wp","href":"https:\/\/api.w.org\/{rel}","templated":true}]}}