{"id":24962,"date":"2024-01-09T16:11:27","date_gmt":"2024-01-09T16:11:27","guid":{"rendered":"http:\/\/rucashk.com\/?post_type=product&#038;p=24962"},"modified":"2024-03-12T04:04:31","modified_gmt":"2024-03-12T04:04:31","slug":"amazfit-band-5","status":"publish","type":"product","link":"https:\/\/www.rucashk.com\/es\/producto\/amazfit-band-5\/","title":{"rendered":"Amazfit Banda 5"},"content":{"rendered":"<h2 style=\"text-align: center\">Amazfit Banda 5<\/h2>\n<p><img fetchpriority=\"high\" decoding=\"async\" class=\"wp-image-24151 aligncenter\" src=\"\/wp-content\/uploads\/replace\/0fb8d9ed8f5c115044a531b5b8f60623.png\" alt=\"Amazfit Band 5\" width=\"804\" height=\"319\" \/><\/p>\n<p>&nbsp;<\/p>\n<p><img decoding=\"async\" class=\"wp-image-24152 aligncenter\" src=\"\/wp-content\/uploads\/replace\/b644ae6a6f90c716a0fc542be2649705.png\" alt=\"Amazfit Band 5\" width=\"816\" height=\"347\" \/><\/p>\n<p><img decoding=\"async\" class=\"wp-image-24153 aligncenter\" src=\"\/wp-content\/uploads\/replace\/b487d9f2b98c45692c417b35b02b4dc3.png\" alt=\"Amazfit Band 5\" width=\"835\" height=\"332\" \/><\/p>\n<p><img loading=\"lazy\" decoding=\"async\" class=\"wp-image-24154 aligncenter\" src=\"\/wp-content\/uploads\/replace\/98fd0d33b2dff3966856b5a0b43e4c3a.png\" alt=\"Amazfit Band 5\" width=\"804\" height=\"327\" \/><\/p>\n<p><img loading=\"lazy\" decoding=\"async\" class=\"wp-image-24155 aligncenter\" src=\"\/wp-content\/uploads\/replace\/23c468a2847e6eff3b0e022d3cc80695.png\" alt=\"Amazfit Band 5\" width=\"824\" height=\"336\" \/><\/p>\n<p>&nbsp;<\/p>\n<p><img loading=\"lazy\" decoding=\"async\" class=\"wp-image-24157 aligncenter\" src=\"\/wp-content\/uploads\/replace\/3ce1b509d0eaaefc541ea7c60d841885.png\" alt=\"Amazfit Band 5\" width=\"789\" height=\"330\" \/><\/p>\n<p><img loading=\"lazy\" decoding=\"async\" class=\"wp-image-24158 aligncenter\" src=\"\/wp-content\/uploads\/replace\/e67c2ac14ab236a894a551b8b5b6c100.png\" alt=\"Amazfit Band 5\" width=\"831\" height=\"342\" \/><\/p>\n<p><img loading=\"lazy\" decoding=\"async\" class=\"wp-image-24159 aligncenter\" src=\"\/wp-content\/uploads\/replace\/ff6a824cb41632ee75fc04fe30f934f6.png\" alt=\"Amazfit Band 5\" width=\"827\" height=\"383\" \/><\/p>\n<p><img loading=\"lazy\" decoding=\"async\" class=\"wp-image-24160 aligncenter\" src=\"\/wp-content\/uploads\/replace\/d26585d18b56503fcf196bdcdc414090.png\" alt=\"Amazfit Band 5\" width=\"837\" height=\"343\" \/><\/p>\n<p><img loading=\"lazy\" decoding=\"async\" class=\"wp-image-24161 aligncenter\" src=\"\/wp-content\/uploads\/replace\/03c5b205eaf67d0386574f85e7d21cdb.png\" alt=\"Amazfit Band 5\" width=\"846\" height=\"390\" \/><img loading=\"lazy\" decoding=\"async\" class=\"wp-image-24162 aligncenter\" src=\"\/wp-content\/uploads\/replace\/966564886afa14adc50e93afee754a40.png\" alt=\"Amazfit Band 5\" width=\"822\" height=\"355\" \/><\/p>\n<p>&nbsp;<\/p>\n<h3 class=\"params-title\">Especificaciones<\/h3>\n<div class=\"column\">\n<ul class=\"clearfix\">\n<li>\n<h4>Dimensiones<\/h4>\n<p>47,2 x 18,5 x 12,4 mm<\/li>\n<li>\n<h4>Peso<\/h4>\n<p>24 g (con correa) y 12 g (sin correa)<\/li>\n<li>\n<h4>Cuerpo material<\/h4>\n<p>policarbonato<\/li>\n<li>\n<h4>Material de la correa<\/h4>\n<p>TPU respetuoso con la piel<\/li>\n<li>\n<h4>Longitud de la correa<\/h4>\n<p>162-235 mm<\/li>\n<li>\n<h4>Ancho de la correa<\/h4>\n<p>15,55 mm<\/li>\n<li>\n<h4>Clasificaci\u00f3n impermeable<\/h4>\n<p>5 cajeros autom\u00e1ticos<\/li>\n<li>\n<h4>Mostrar<\/h4>\n<p>1.1\u2033 AMOLED a todo color, resoluci\u00f3n 126\u00d7294<\/li>\n<li>\n<h4>Pantalla t\u00e1ctil<\/h4>\n<p>Vidrio 2.5D + revestimiento antihuellas<\/li>\n<\/ul>\n<\/div>\n<div class=\"column\">\n<ul class=\"clearfix\">\n<li>\n<h4>Sensores<\/h4>\n<p>BioTracker\u00a0<sup>MT<\/sup>Sensor \u00f3ptico de seguimiento biol\u00f3gico de 2 PPG<br \/>\nSensor de aceleraci\u00f3n de 3 ejes | Sensor girosc\u00f3pico de 3 ejes<\/li>\n<li>\n<h4>Bluetooth<\/h4>\n<p>BT5.0\/BLE<\/li>\n<li>\n<h4>Bater\u00eda<\/h4>\n<p>Bater\u00eda de pol\u00edmero de iones de litio de 125 mAh (valor t\u00edpico)<\/li>\n<li>\n<h4>Tiempo de carga<\/h4>\n<p>Alrededor de 2 horas<\/li>\n<li>\n<h4>M\u00e9todo de carga<\/h4>\n<p>Clip \/ pin POGO de 2 pines<\/li>\n<li>\n<h4>Duraci\u00f3n de la bater\u00eda<\/h4>\n<p>Escenario de uso t\u00edpico: 15 d\u00edas<br \/>\nEscenario de ahorro de energ\u00eda: 25 d\u00edas<br \/>\nTiempo en espera: 90 d\u00edas<\/li>\n<li>\n<h4>Dispositivos soportados<\/h4>\n<p>Android 5.0 o iOS 10.0 y superior<\/li>\n<li>\n<h4>Accesorios<\/h4>\n<p>Base de clip, manual de usuario<\/li>\n<\/ul>\n<\/div>","protected":false},"excerpt":{"rendered":"<p><strong><b>Excelente duraci\u00f3n de la bater\u00eda de 15 d\u00edas <\/b><\/strong><\/p>\n<p><strong><b>Medici\u00f3n de saturaci\u00f3n de ox\u00edgeno en sangre de Oxygenbeat<\/b><\/strong><\/p>\n<p><strong><b>Monitorizaci\u00f3n de la calidad del sue\u00f1o SomnusCare <\/b><\/strong><\/p>\n<p><strong><b>pantalla en color de alta definici\u00f3n<\/b><\/strong><\/p>\n<p><strong><b>Bio tracker 2 monitorizaci\u00f3n de la frecuencia card\u00edaca durante todo el d\u00eda <\/b><\/strong><\/p>\n<p><strong><b>Monitoreo del estr\u00e9s y ejercicio respiratorio. <\/b><\/strong><\/p>\n<p><strong><b>Mujer<\/b><\/strong><strong><b>&#039;<\/b><\/strong><strong><b>seguimiento de salud <\/b><\/strong><\/p>\n<p><strong><b>11 modos deportivos+ 5 cajeros autom\u00e1ticos<\/b><\/strong><\/p>\n<p><strong><b>Resistencia al agua<\/b><\/strong><\/p>\n<p><strong><b>Sistema de evaluaci\u00f3n de la salud PAI<\/b><\/strong><\/p>","protected":false},"featured_media":25065,"template":"","meta":[],"product_brand":[],"product_cat":[1339,1305],"product_tag":[1179],"class_list":{"0":"post-24962","1":"product","2":"type-product","3":"status-publish","4":"has-post-thumbnail","6":"product_cat-amazfit-smartwatch","7":"product_cat-xiaomi-eco","8":"product_tag-amazfit-band-5","10":"first","11":"instock","12":"shipping-taxable","13":"product-type-external"},"aioseo_notices":[],"aioseo_head":"\n\t\t<!-- All in One SEO Pro 4.5.9.2 - aioseo.com -->\n\t\t<meta name=\"description\" content=\"Outstanding battery life of 15 days Oxygenbeat blood-oxygen saturation measurement SomnusCare sleep quality monitoring HD color display Bio tracker 2 all-day heart rate monitoring Stress monitoring and breathing exercise Women\u2019s health tracking 11 sports modes+ 5 ATM Water resistance PAI heaith assessment system\" \/>\n\t\t<meta name=\"robots\" content=\"max-image-preview:large\" \/>\n\t\t<link rel=\"canonical\" href=\"https:\/\/www.rucashk.com\/es\/producto\/amazfit-band-5\/\" \/>\n\t\t<meta name=\"generator\" content=\"All in One SEO Pro (AIOSEO) 4.5.9.2\" \/>\n\t\t<meta property=\"og:locale\" content=\"es_ES\" \/>\n\t\t<meta property=\"og:site_name\" content=\"Rucas - One-stop AIoT Distribution Worldwide\" \/>\n\t\t<meta property=\"og:type\" content=\"article\" \/>\n\t\t<meta property=\"og:title\" content=\"Amazfit Band 5 - Rucas - Wholesale and Distribution\" \/>\n\t\t<meta property=\"og:description\" content=\"Outstanding battery life of 15 days Oxygenbeat blood-oxygen saturation measurement SomnusCare sleep quality monitoring HD color display Bio tracker 2 all-day heart rate monitoring Stress monitoring and breathing exercise Women\u2019s health tracking 11 sports modes+ 5 ATM Water resistance PAI heaith assessment system\" \/>\n\t\t<meta property=\"og:url\" content=\"https:\/\/www.rucashk.com\/es\/producto\/amazfit-band-5\/\" \/>\n\t\t<meta property=\"og:image\" content=\"https:\/\/www.rucashk.com\/wp-content\/uploads\/replace\/503b8e645f128a97ccde2b6290747646.jpeg\" \/>\n\t\t<meta property=\"og:image:secure_url\" content=\"https:\/\/www.rucashk.com\/wp-content\/uploads\/replace\/503b8e645f128a97ccde2b6290747646.jpeg\" \/>\n\t\t<meta property=\"og:image:width\" content=\"1456\" \/>\n\t\t<meta property=\"og:image:height\" content=\"816\" \/>\n\t\t<meta property=\"article:published_time\" content=\"2024-01-09T16:11:27+00:00\" \/>\n\t\t<meta property=\"article:modified_time\" content=\"2024-03-12T04:04:31+00:00\" \/>\n\t\t<meta name=\"twitter:card\" content=\"summary_large_image\" \/>\n\t\t<meta name=\"twitter:title\" content=\"Amazfit Band 5 - Rucas - Wholesale and Distribution\" \/>\n\t\t<meta name=\"twitter:description\" content=\"Outstanding battery life of 15 days Oxygenbeat blood-oxygen saturation measurement SomnusCare sleep quality monitoring HD color display Bio tracker 2 all-day heart rate monitoring Stress monitoring and breathing exercise Women\u2019s health tracking 11 sports modes+ 5 ATM Water resistance PAI heaith assessment system\" \/>\n\t\t<meta name=\"twitter:image\" content=\"https:\/\/www.rucashk.com\/wp-content\/uploads\/replace\/503b8e645f128a97ccde2b6290747646.jpeg\" \/>\n\t\t<script type=\"application\/ld+json\" class=\"aioseo-schema\">\n\t\t\t{\"@context\":\"https:\\\/\\\/schema.org\",\"@graph\":[{\"@type\":\"BreadcrumbList\",\"@id\":\"https:\\\/\\\/www.rucashk.com\\\/es\\\/producto\\\/amazfit-band-5\\\/#breadcrumblist\",\"itemListElement\":[{\"@type\":\"ListItem\",\"@id\":\"https:\\\/\\\/www.rucashk.com\\\/es\\\/#listItem\",\"position\":1,\"name\":\"Home\",\"item\":\"https:\\\/\\\/www.rucashk.com\\\/es\\\/\",\"nextItem\":\"https:\\\/\\\/www.rucashk.com\\\/es\\\/producto\\\/amazfit-band-5\\\/#listItem\"},{\"@type\":\"ListItem\",\"@id\":\"https:\\\/\\\/www.rucashk.com\\\/es\\\/producto\\\/amazfit-band-5\\\/#listItem\",\"position\":2,\"name\":\"Amazfit Band 5\",\"previousItem\":\"https:\\\/\\\/www.rucashk.com\\\/es\\\/#listItem\"}]},{\"@type\":\"Organization\",\"@id\":\"https:\\\/\\\/www.rucashk.com\\\/es\\\/#organization\",\"name\":\"Rucas\",\"url\":\"https:\\\/\\\/www.rucashk.com\\\/es\\\/\",\"logo\":{\"@type\":\"ImageObject\",\"url\":\"https:\\\/\\\/www.rucashk.com\\\/wp-content\\\/uploads\\\/2023\\\/12\\\/Rucas_campany_logo.png\",\"@id\":\"https:\\\/\\\/www.rucashk.com\\\/es\\\/producto\\\/amazfit-band-5\\\/#organizationLogo\",\"width\":221,\"height\":65},\"image\":{\"@id\":\"https:\\\/\\\/www.rucashk.com\\\/es\\\/#organizationLogo\"}},{\"@type\":\"Person\",\"@id\":\"https:\\\/\\\/www.rucashk.com\\\/es\\\/author\\\/admin\\\/#author\",\"url\":\"https:\\\/\\\/www.rucashk.com\\\/es\\\/author\\\/admin\\\/\",\"name\":\"admin\",\"image\":{\"@type\":\"ImageObject\",\"@id\":\"https:\\\/\\\/www.rucashk.com\\\/es\\\/producto\\\/amazfit-band-5\\\/#authorImage\",\"url\":\"https:\\\/\\\/secure.gravatar.com\\\/avatar\\\/b7c8925b09a27e72b30232f8ecaadbd5af0f70a38c78096863fe51b64f031c24?s=96&d=mm&r=g\",\"width\":96,\"height\":96,\"caption\":\"admin\"}},{\"@type\":\"WebPage\",\"@id\":\"https:\\\/\\\/www.rucashk.com\\\/es\\\/producto\\\/amazfit-band-5\\\/#webpage\",\"url\":\"https:\\\/\\\/www.rucashk.com\\\/es\\\/producto\\\/amazfit-band-5\\\/\",\"name\":\"Amazfit Band 5 - Rucas - Wholesale and Distribution\",\"description\":\"Outstanding battery life of 15 days Oxygenbeat blood-oxygen saturation measurement SomnusCare sleep quality monitoring HD color display Bio tracker 2 all-day heart rate monitoring Stress monitoring and breathing exercise Women\\u2019s health tracking 11 sports modes+ 5 ATM Water resistance PAI heaith assessment system\",\"inLanguage\":\"es-ES\",\"isPartOf\":{\"@id\":\"https:\\\/\\\/www.rucashk.com\\\/es\\\/#website\"},\"breadcrumb\":{\"@id\":\"https:\\\/\\\/www.rucashk.com\\\/es\\\/producto\\\/amazfit-band-5\\\/#breadcrumblist\"},\"author\":{\"@id\":\"https:\\\/\\\/www.rucashk.com\\\/es\\\/author\\\/admin\\\/#author\"},\"creator\":{\"@id\":\"https:\\\/\\\/www.rucashk.com\\\/es\\\/author\\\/admin\\\/#author\"},\"image\":{\"@type\":\"ImageObject\",\"url\":\"https:\\\/\\\/www.rucashk.com\\\/wp-content\\\/uploads\\\/2024\\\/01\\\/2222.png\",\"@id\":\"https:\\\/\\\/www.rucashk.com\\\/es\\\/producto\\\/amazfit-band-5\\\/#mainImage\",\"width\":800,\"height\":800},\"primaryImageOfPage\":{\"@id\":\"https:\\\/\\\/www.rucashk.com\\\/es\\\/producto\\\/amazfit-band-5\\\/#mainImage\"},\"datePublished\":\"2024-01-09T16:11:27+00:00\",\"dateModified\":\"2024-03-12T04:04:31+00:00\"},{\"@type\":\"WebSite\",\"@id\":\"https:\\\/\\\/www.rucashk.com\\\/es\\\/#website\",\"url\":\"https:\\\/\\\/www.rucashk.com\\\/es\\\/\",\"name\":\"Rucas - Wholesale and distribution worldwide\",\"alternateName\":\"Rucas - One-stop AIoT Distribution Worldwide\",\"description\":\"One-stop AIoT Distribution Worldwide\",\"inLanguage\":\"es-ES\",\"publisher\":{\"@id\":\"https:\\\/\\\/www.rucashk.com\\\/es\\\/#organization\"}}]}\n\t\t<\/script>\n\t\t<!-- All in One SEO Pro -->\r\n\t\t<title>Amazfit Band 5 - Rucas - Wholesale and Distribution<\/title>\n\n","aioseo_head_json":{"title":"Amazfit Band 5 - Rucas - Wholesale and Distribution","description":"Outstanding battery life of 15 days Oxygenbeat blood-oxygen saturation measurement SomnusCare sleep quality monitoring HD color display Bio tracker 2 all-day heart rate monitoring Stress monitoring and breathing exercise Women\u2019s health tracking 11 sports modes+ 5 ATM Water resistance PAI heaith assessment system","canonical_url":"https:\/\/www.rucashk.com\/es\/producto\/amazfit-band-5\/","robots":"max-image-preview:large","keywords":"","webmasterTools":{"miscellaneous":""},"og:locale":"es_ES","og:site_name":"Rucas - One-stop AIoT Distribution Worldwide","og:type":"article","og:title":"Amazfit Band 5 - Rucas - Wholesale and Distribution","og:description":"Outstanding battery life of 15 days Oxygenbeat blood-oxygen saturation measurement SomnusCare sleep quality monitoring HD color display Bio tracker 2 all-day heart rate monitoring Stress monitoring and breathing exercise Women\u2019s health tracking 11 sports modes+ 5 ATM Water resistance PAI heaith assessment system","og:url":"https:\/\/www.rucashk.com\/es\/producto\/amazfit-band-5\/","og:image":"https:\/\/www.rucashk.com\/wp-content\/uploads\/replace\/503b8e645f128a97ccde2b6290747646.jpeg","og:image:secure_url":"https:\/\/www.rucashk.com\/wp-content\/uploads\/replace\/503b8e645f128a97ccde2b6290747646.jpeg","og:image:width":1456,"og:image:height":816,"article:published_time":"2024-01-09T16:11:27+00:00","article:modified_time":"2024-03-12T04:04:31+00:00","twitter:card":"summary_large_image","twitter:title":"Amazfit Band 5 - Rucas - Wholesale and Distribution","twitter:description":"Outstanding battery life of 15 days Oxygenbeat blood-oxygen saturation measurement SomnusCare sleep quality monitoring HD color display Bio tracker 2 all-day heart rate monitoring Stress monitoring and breathing exercise Women\u2019s health tracking 11 sports modes+ 5 ATM Water resistance PAI heaith assessment system","twitter:image":"https:\/\/www.rucashk.com\/wp-content\/uploads\/replace\/503b8e645f128a97ccde2b6290747646.jpeg","schema":{"@context":"https:\/\/schema.org","@graph":[{"@type":"BreadcrumbList","@id":"https:\/\/www.rucashk.com\/es\/producto\/amazfit-band-5\/#breadcrumblist","itemListElement":[{"@type":"ListItem","@id":"https:\/\/www.rucashk.com\/es\/#listItem","position":1,"name":"Home","item":"https:\/\/www.rucashk.com\/es\/","nextItem":"https:\/\/www.rucashk.com\/es\/producto\/amazfit-band-5\/#listItem"},{"@type":"ListItem","@id":"https:\/\/www.rucashk.com\/es\/producto\/amazfit-band-5\/#listItem","position":2,"name":"Amazfit Band 5","previousItem":"https:\/\/www.rucashk.com\/es\/#listItem"}]},{"@type":"Organization","@id":"https:\/\/www.rucashk.com\/es\/#organization","name":"Rucas","url":"https:\/\/www.rucashk.com\/es\/","logo":{"@type":"ImageObject","url":"https:\/\/www.rucashk.com\/wp-content\/uploads\/2023\/12\/Rucas_campany_logo.png","@id":"https:\/\/www.rucashk.com\/es\/producto\/amazfit-band-5\/#organizationLogo","width":221,"height":65},"image":{"@id":"https:\/\/www.rucashk.com\/es\/#organizationLogo"}},{"@type":"Person","@id":"https:\/\/www.rucashk.com\/es\/author\/admin\/#author","url":"https:\/\/www.rucashk.com\/es\/author\/admin\/","name":"admin","image":{"@type":"ImageObject","@id":"https:\/\/www.rucashk.com\/es\/producto\/amazfit-band-5\/#authorImage","url":"https:\/\/secure.gravatar.com\/avatar\/b7c8925b09a27e72b30232f8ecaadbd5af0f70a38c78096863fe51b64f031c24?s=96&d=mm&r=g","width":96,"height":96,"caption":"admin"}},{"@type":"WebPage","@id":"https:\/\/www.rucashk.com\/es\/producto\/amazfit-band-5\/#webpage","url":"https:\/\/www.rucashk.com\/es\/producto\/amazfit-band-5\/","name":"Amazfit Band 5 - Rucas - Wholesale and Distribution","description":"Outstanding battery life of 15 days Oxygenbeat blood-oxygen saturation measurement SomnusCare sleep quality monitoring HD color display Bio tracker 2 all-day heart rate monitoring Stress monitoring and breathing exercise Women\u2019s health tracking 11 sports modes+ 5 ATM Water resistance PAI heaith assessment system","inLanguage":"es-ES","isPartOf":{"@id":"https:\/\/www.rucashk.com\/es\/#website"},"breadcrumb":{"@id":"https:\/\/www.rucashk.com\/es\/producto\/amazfit-band-5\/#breadcrumblist"},"author":{"@id":"https:\/\/www.rucashk.com\/es\/author\/admin\/#author"},"creator":{"@id":"https:\/\/www.rucashk.com\/es\/author\/admin\/#author"},"image":{"@type":"ImageObject","url":"https:\/\/www.rucashk.com\/wp-content\/uploads\/2024\/01\/2222.png","@id":"https:\/\/www.rucashk.com\/es\/producto\/amazfit-band-5\/#mainImage","width":800,"height":800},"primaryImageOfPage":{"@id":"https:\/\/www.rucashk.com\/es\/producto\/amazfit-band-5\/#mainImage"},"datePublished":"2024-01-09T16:11:27+00:00","dateModified":"2024-03-12T04:04:31+00:00"},{"@type":"WebSite","@id":"https:\/\/www.rucashk.com\/es\/#website","url":"https:\/\/www.rucashk.com\/es\/","name":"Rucas - Wholesale and distribution worldwide","alternateName":"Rucas - One-stop AIoT Distribution Worldwide","description":"One-stop AIoT Distribution Worldwide","inLanguage":"es-ES","publisher":{"@id":"https:\/\/www.rucashk.com\/es\/#organization"}}]}},"aioseo_meta_data":{"post_id":"24962","title":null,"description":null,"keywords":null,"keyphrases":null,"primary_term":null,"canonical_url":null,"og_title":null,"og_description":null,"og_object_type":"default","og_image_type":"default","og_image_url":null,"og_image_width":null,"og_image_height":null,"og_image_custom_url":null,"og_image_custom_fields":null,"og_video":null,"og_custom_url":null,"og_article_section":null,"og_article_tags":null,"twitter_use_og":false,"twitter_card":"default","twitter_image_type":"default","twitter_image_url":null,"twitter_image_custom_url":null,"twitter_image_custom_fields":null,"twitter_title":null,"twitter_description":null,"schema":{"blockGraphs":[],"customGraphs":[],"default":{"data":{"Article":[],"Course":[],"Dataset":[],"FAQPage":[],"Movie":[],"Person":[],"Product":[],"Recipe":[],"Service":[],"SoftwareApplication":[],"WebPage":[]},"graphName":"","isEnabled":true},"graphs":[]},"schema_type":"default","schema_type_options":null,"pillar_content":false,"robots_default":true,"robots_noindex":false,"robots_noarchive":false,"robots_nosnippet":false,"robots_nofollow":false,"robots_noimageindex":false,"robots_noodp":false,"robots_notranslate":false,"robots_max_snippet":null,"robots_max_videopreview":null,"robots_max_imagepreview":"large","priority":null,"frequency":null,"local_seo":null,"breadcrumb_settings":null,"limit_modified_date":false,"created":"2024-04-11 01:57:16","updated":"2025-06-22 17:44:04"},"aioseo_breadcrumb":"<div class=\"aioseo-breadcrumbs\"><span class=\"aioseo-breadcrumb\">\n\t<a href=\"https:\/\/www.rucashk.com\/es\" title=\"Home\">Home<\/a>\n<\/span><span class=\"aioseo-breadcrumb-separator\">&raquo;<\/span><span class=\"aioseo-breadcrumb\">\n\t<a href=\"https:\/\/www.rucashk.com\/es\/products\/\" title=\"Productos\">Productos<\/a>\n<\/span><span class=\"aioseo-breadcrumb-separator\">&raquo;<\/span><span class=\"aioseo-breadcrumb\">\n\t<a href=\"https:\/\/www.rucashk.com\/es\/categoria-producto\/xiaomi-eco\/\" title=\"Xiaomi Eco\">Xiaomi Eco<\/a>\n<\/span><span class=\"aioseo-breadcrumb-separator\">&raquo;<\/span><span class=\"aioseo-breadcrumb\">\n\t<a href=\"https:\/\/www.rucashk.com\/es\/categoria-producto\/xiaomi-eco\/amazfit-smartwatch\/\" title=\"Amazfit Smartwatch\">Amazfit Smartwatch<\/a>\n<\/span><span class=\"aioseo-breadcrumb-separator\">&raquo;<\/span><span class=\"aioseo-breadcrumb\">\n\tAmazfit Band 5\n<\/span><\/div>","aioseo_breadcrumb_json":[{"label":"Home","link":"https:\/\/www.rucashk.com\/es"},{"label":"Productos","link":"https:\/\/www.rucashk.com\/es\/products\/"},{"label":"Xiaomi Eco","link":"https:\/\/www.rucashk.com\/es\/categoria-producto\/xiaomi-eco\/"},{"label":"Amazfit Smartwatch","link":"https:\/\/www.rucashk.com\/es\/categoria-producto\/xiaomi-eco\/amazfit-smartwatch\/"},{"label":"Amazfit Band 5","link":"https:\/\/www.rucashk.com\/es\/producto\/amazfit-band-5\/"}],"_links":{"self":[{"href":"https:\/\/www.rucashk.com\/es\/wp-json\/wp\/v2\/product\/24962","targetHints":{"allow":["GET"]}}],"collection":[{"href":"https:\/\/www.rucashk.com\/es\/wp-json\/wp\/v2\/product"}],"about":[{"href":"https:\/\/www.rucashk.com\/es\/wp-json\/wp\/v2\/types\/product"}],"wp:featuredmedia":[{"embeddable":true,"href":"https:\/\/www.rucashk.com\/es\/wp-json\/wp\/v2\/media\/25065"}],"wp:attachment":[{"href":"https:\/\/www.rucashk.com\/es\/wp-json\/wp\/v2\/media?parent=24962"}],"wp:term":[{"taxonomy":"product_brand","embeddable":true,"href":"https:\/\/www.rucashk.com\/es\/wp-json\/wp\/v2\/product_brand?post=24962"},{"taxonomy":"product_cat","embeddable":true,"href":"https:\/\/www.rucashk.com\/es\/wp-json\/wp\/v2\/product_cat?post=24962"},{"taxonomy":"product_tag","embeddable":true,"href":"https:\/\/www.rucashk.com\/es\/wp-json\/wp\/v2\/product_tag?post=24962"}],"curies":[{"name":"wp","href":"https:\/\/api.w.org\/{rel}","templated":true}]}}