{"id":24961,"date":"2024-01-09T16:11:27","date_gmt":"2024-01-09T16:11:27","guid":{"rendered":"http:\/\/rucashk.com\/?post_type=product&#038;p=24961"},"modified":"2025-06-22T07:41:21","modified_gmt":"2025-06-22T07:41:21","slug":"xiaomi-mi-smart-watch-revolve-global-supply","status":"publish","type":"product","link":"https:\/\/www.rucashk.com\/es\/producto\/xiaomi-mi-smart-watch-revolve-global-supply\/","title":{"rendered":"Xiaomi Mi Smart Watch gira el suministro global"},"content":{"rendered":"<p style=\"text-align: center\"><img fetchpriority=\"high\" decoding=\"async\" class=\"alignnone wp-image-24135 size-full\" src=\"\/wp-content\/uploads\/replace\/3cce7952cfa11672dd5144ace3cda119.png\" alt=\"Xiaomi Mi Smart Watch Revolve Global Supply\" width=\"1300\" height=\"582\" \/> <img decoding=\"async\" class=\"alignnone wp-image-24136 size-full\" src=\"\/wp-content\/uploads\/replace\/909a4ee6ac33874381a37f215500d630.png\" alt=\"Xiaomi Mi Smart Watch Revolve Global Supply\" width=\"1300\" height=\"373\" \/><img decoding=\"async\" class=\"alignnone wp-image-24137 size-full\" src=\"\/wp-content\/uploads\/replace\/aa19bd048e487d341c65ab6dba2e1830.png\" alt=\"Xiaomi Mi Smart Watch Revolve Global Supply\" width=\"1300\" height=\"516\" \/><img loading=\"lazy\" decoding=\"async\" class=\"alignnone wp-image-24138 size-full\" src=\"\/wp-content\/uploads\/replace\/f5d0ddefdf340a1d30fa056b96a04042.png\" alt=\"Xiaomi Mi Smart Watch Revolve Global Supply\" width=\"1300\" height=\"457\" \/><img loading=\"lazy\" decoding=\"async\" class=\"alignnone wp-image-24139 size-full\" src=\"\/wp-content\/uploads\/replace\/3ce360f9ceda812cbd09a33a9bb8d469.png\" alt=\"Xiaomi Mi Smart Watch Revolve Global Supply\" width=\"1300\" height=\"502\" \/><img loading=\"lazy\" decoding=\"async\" class=\"alignnone wp-image-24140 size-full\" src=\"\/wp-content\/uploads\/replace\/d965a0735d2766bd9c9cae77d92a22a1.png\" alt=\"Xiaomi Mi Smart Watch Revolve Global Supply\" width=\"1300\" height=\"348\" \/><img loading=\"lazy\" decoding=\"async\" class=\"alignnone wp-image-24141 size-full\" src=\"\/wp-content\/uploads\/replace\/4ec089d99c0ef4260978ea5997a4b38e.png\" alt=\"Xiaomi Mi Smart Watch Revolve Global Supply\" width=\"1300\" height=\"496\" \/><img loading=\"lazy\" decoding=\"async\" class=\"alignnone wp-image-24142 size-full\" src=\"\/wp-content\/uploads\/replace\/171f2cc3c72467e0f471f17a7ab929cc.png\" alt=\"Xiaomi Mi Smart Watch Revolve Global Supply\" width=\"1300\" height=\"586\" \/><img loading=\"lazy\" decoding=\"async\" class=\"alignnone wp-image-24143 size-full\" src=\"\/wp-content\/uploads\/replace\/51cb6ea1da4c5f52d0cd46436ca2cf2d.png\" alt=\"Xiaomi Mi Smart Watch Revolve Global Supply\" width=\"1300\" height=\"614\" \/><img loading=\"lazy\" decoding=\"async\" class=\"alignnone wp-image-24144 size-full\" src=\"\/wp-content\/uploads\/replace\/44e1668d66ed49ccb4187641dc6e6d6d.png\" alt=\"Xiaomi Mi Smart Watch Revolve Global Supply\" width=\"1300\" height=\"530\" \/><\/p>\n<table class=\"aligncenter\" cellspacing=\"0\">\n<tbody>\n<tr class=\"tr-hover\">\n<th rowspan=\"15\" scope=\"row\">RED<\/th>\n<td class=\"ttl\">Tecnolog\u00eda<\/td>\n<td class=\"nfo\"><a class=\"link-network-detail collapse\" href=\"https:\/\/www.gsmarena.com\/xiaomi_mi_watch_revolve-10305.php#\" data-spec=\"nettech\">Sin conectividad celular<\/a><\/td>\n<\/tr>\n<\/tbody>\n<\/table>\n<table class=\"aligncenter\" cellspacing=\"0\">\n<tbody>\n<tr>\n<th rowspan=\"2\" scope=\"row\">LANZAMIENTO<\/th>\n<td class=\"ttl\">Anunciado<\/td>\n<td class=\"nfo\" data-spec=\"year\">2020, 29 de septiembre<\/td>\n<\/tr>\n<tr>\n<td class=\"ttl\">Estado<\/td>\n<td class=\"nfo\" data-spec=\"status\">Disponible. Publicado el 6 de octubre de 2020.<\/td>\n<\/tr>\n<\/tbody>\n<\/table>\n<table class=\"aligncenter\" cellspacing=\"0\">\n<tbody>\n<tr>\n<th rowspan=\"6\" scope=\"row\">CUERPO<\/th>\n<td class=\"ttl\">Dimensiones<\/td>\n<td class=\"nfo\" data-spec=\"dimensions\">53,3 x 46,2 x 11,4 mm (2,10 x 1,82 x 0,45 pulgadas)<\/td>\n<\/tr>\n<tr>\n<td class=\"ttl\">Peso<\/td>\n<td class=\"nfo\" data-spec=\"weight\">40 gramos (1,41 onzas)<\/td>\n<\/tr>\n<tr>\n<td class=\"ttl\">Construir<\/td>\n<td class=\"nfo\" data-spec=\"build\">Frente de cristal (Gorilla Glass 3), marco de acero inoxidable, parte trasera de pl\u00e1stico<\/td>\n<\/tr>\n<tr>\n<td class=\"ttl\">SIM<\/td>\n<td class=\"nfo\" data-spec=\"sim\">No<\/td>\n<\/tr>\n<tr>\n<td class=\"ttl\"><\/td>\n<td class=\"nfo\" data-spec=\"bodyother\">Resistente al agua (5 ATM)<br \/>\nHasta 50 metros de profundidad durante 10 minutos.<\/td>\n<\/tr>\n<\/tbody>\n<\/table>\n<table class=\"aligncenter\" cellspacing=\"0\">\n<tbody>\n<tr>\n<th rowspan=\"5\" scope=\"row\">MOSTRAR<\/th>\n<td class=\"ttl\">Tipo<\/td>\n<td class=\"nfo\" data-spec=\"displaytype\">Pantalla t\u00e1ctil capacitiva AMOLED, 16 millones de colores<\/td>\n<\/tr>\n<tr>\n<td class=\"ttl\">Tama\u00f1o<\/td>\n<td class=\"nfo\" data-spec=\"displaysize\">1,39 pulgadas, 6,2 cm<sup>2<\/sup>\u00a0(~25.31Relaci\u00f3n pantalla-cuerpo TP3T)<\/td>\n<\/tr>\n<tr>\n<td class=\"ttl\">Resoluci\u00f3n<\/td>\n<td class=\"nfo\" data-spec=\"displayresolution\">454 x 454 p\u00edxeles, relaci\u00f3n 1:1 (densidad de ~462 ppp)<\/td>\n<\/tr>\n<tr>\n<td class=\"ttl\">Proteccion<\/td>\n<td class=\"nfo\" data-spec=\"displayprotection\">Vidrio Corning Gorilla 3<\/td>\n<\/tr>\n<\/tbody>\n<\/table>\n<table class=\"aligncenter\" cellspacing=\"0\">\n<tbody>\n<tr>\n<th rowspan=\"1\" scope=\"row\">PLATAFORMA<\/th>\n<td class=\"ttl\">SO<\/td>\n<td class=\"nfo\" data-spec=\"os\">Plataforma port\u00e1til patentada<\/td>\n<\/tr>\n<\/tbody>\n<\/table>\n<table class=\"aligncenter\" cellspacing=\"0\">\n<tbody>\n<tr>\n<th rowspan=\"5\" scope=\"row\">MEMORIA<\/th>\n<td class=\"ttl\">Ranura para tarjetas<\/td>\n<td class=\"nfo\" data-spec=\"memoryslot\">No<\/td>\n<\/tr>\n<tr>\n<td class=\"ttl\"><\/td>\n<td class=\"nfo\" data-spec=\"memoryother\">eMMC<\/td>\n<\/tr>\n<\/tbody>\n<\/table>\n<table class=\"aligncenter\" cellspacing=\"0\">\n<tbody>\n<tr>\n<th rowspan=\"4\" scope=\"row\">C\u00c1MARA<\/th>\n<td class=\"ttl\"><\/td>\n<td class=\"nfo\" data-spec=\"cam1modules\">No<\/td>\n<\/tr>\n<\/tbody>\n<\/table>\n<table class=\"aligncenter\" cellspacing=\"0\">\n<tbody>\n<tr>\n<th rowspan=\"3\" scope=\"row\">SONIDO<\/th>\n<td class=\"ttl\">Altoparlante<\/td>\n<td class=\"nfo\">S\u00ed<\/td>\n<\/tr>\n<tr>\n<td class=\"ttl\">conector de 3,5 mm<\/td>\n<td class=\"nfo\">No<\/td>\n<\/tr>\n<\/tbody>\n<\/table>\n<table class=\"aligncenter\" cellspacing=\"0\">\n<tbody>\n<tr>\n<th rowspan=\"9\" scope=\"row\">COMUNICACIONES<\/th>\n<td class=\"ttl\">WiFi<\/td>\n<td class=\"nfo\" data-spec=\"wlan\">WiFi 802.11 b\/g\/n<\/td>\n<\/tr>\n<tr>\n<td class=\"ttl\">Bluetooth<\/td>\n<td class=\"nfo\" data-spec=\"bluetooth\">5.0, A2DP, LE<\/td>\n<\/tr>\n<tr>\n<td class=\"ttl\">GPS<\/td>\n<td class=\"nfo\" data-spec=\"gps\">Si, con GLONASS<\/td>\n<\/tr>\n<tr>\n<td class=\"ttl\">Radio<\/td>\n<td class=\"nfo\" data-spec=\"radio\">No<\/td>\n<\/tr>\n<tr>\n<td class=\"ttl\">USB<\/td>\n<td class=\"nfo\" data-spec=\"usb\">No<\/td>\n<\/tr>\n<\/tbody>\n<\/table>\n<table class=\"aligncenter\" cellspacing=\"0\">\n<tbody>\n<tr>\n<th rowspan=\"9\" scope=\"row\">CARACTER\u00cdSTICAS<\/th>\n<td class=\"ttl\">Sensores<\/td>\n<td class=\"nfo\" data-spec=\"sensors\">Aceler\u00f3metro, giroscopio, frecuencia card\u00edaca, bar\u00f3metro, br\u00fajula<\/td>\n<\/tr>\n<\/tbody>\n<\/table>\n<table class=\"aligncenter\" cellspacing=\"0\">\n<tbody>\n<tr>\n<th rowspan=\"7\" scope=\"row\">BATER\u00cdA<\/th>\n<td class=\"ttl\">Tipo<\/td>\n<td class=\"nfo\" data-spec=\"batdescription1\">Li-Ion 420 mAh, no extra\u00edble<\/td>\n<\/tr>\n<\/tbody>\n<\/table>\n<table class=\"aligncenter\" cellspacing=\"0\">\n<tbody>\n<tr>\n<th rowspan=\"6\" scope=\"row\">MISC<\/th>\n<td class=\"ttl\">Colores<\/td>\n<td class=\"nfo\" data-spec=\"colors\">Negro medianoche, plata cromada<\/td>\n<\/tr>\n<tr>\n<td class=\"ttl\">Modelos<\/td>\n<td class=\"nfo\" data-spec=\"models\">XMWT06<\/td>\n<\/tr>\n<tr>\n<td class=\"ttl\"><\/td>\n<td class=\"nfo\" data-spec=\"price\"><\/td>\n<\/tr>\n<\/tbody>\n<\/table>","protected":false},"excerpt":{"rendered":"<p><strong>Principales caracter\u00edsticas:<\/strong><\/p>\n<p>1.39-inch AMOLED, Gorilla Glass 3<\/p>\n<p>Packed with a 420mAh battery, 14 days battery life<\/p>\n<p>Runs on Xiaomi\u2019s own software<\/p>\n<p>46mm frame, stainless steel body\u00a0premium design<\/p>\n<p>Always-on Display , and offers over 110 watch faces<\/p>\n<p>Can be connected to Xiaomi Wear app<\/p>\n<p>Resistencia al agua 5ATM<\/p>\n<p>Bluetooth 5.0, Supply\u00a0GPS+GLONASS\u00a0for navigation.<\/p>\n<p>PPG heart rate sensor, 3-axis acceleration sensor, geo sensor, baraceptor, ambient light sensor, and gyroscope.<\/p>\n<p>&nbsp;<\/p>","protected":false},"featured_media":25064,"template":"","meta":[],"product_brand":[1363],"product_cat":[1307,1305],"product_tag":[1175,1178],"class_list":{"0":"post-24961","1":"product","2":"type-product","3":"status-publish","4":"has-post-thumbnail","6":"product_brand-xiaomi","7":"product_cat-mi-band-smartwatch","8":"product_cat-xiaomi-eco","9":"product_tag-mi","10":"product_tag-watch","12":"first","13":"instock","14":"shipping-taxable","15":"product-type-external"},"aioseo_notices":[],"aioseo_head":"\n\t\t<!-- All in One SEO Pro 4.5.9.2 - aioseo.com -->\n\t\t<meta name=\"description\" content=\"Main Features: 1.39-inch AMOLED, Gorilla Glass 3 Packed with a 420mAh battery, 14 days battery life Runs on Xiaomi\u2019s own software 46mm frame, stainless steel body premium design Always-on Display , and offers over 110 watch faces Can be connected to Xiaomi Wear app 5ATM water resistance Bluetooth 5.0, Supply GPS+GLONASS for navigation. PPG heart rate sensor, 3-axis acceleration sensor, geo sensor, baraceptor, ambient light sensor, and gyroscope.\" \/>\n\t\t<meta name=\"robots\" content=\"max-image-preview:large\" \/>\n\t\t<link rel=\"canonical\" href=\"https:\/\/www.rucashk.com\/es\/producto\/xiaomi-mi-smart-watch-revolve-global-supply\/\" \/>\n\t\t<meta name=\"generator\" content=\"All in One SEO Pro (AIOSEO) 4.5.9.2\" \/>\n\t\t<meta property=\"og:locale\" content=\"es_ES\" \/>\n\t\t<meta property=\"og:site_name\" content=\"Rucas - One-stop AIoT Distribution Worldwide\" \/>\n\t\t<meta property=\"og:type\" content=\"article\" \/>\n\t\t<meta property=\"og:title\" content=\"Xiaomi Mi Smart Watch Revolve Global Supply - Rucas - Wholesale and Distribution\" \/>\n\t\t<meta property=\"og:description\" content=\"Main Features: 1.39-inch AMOLED, Gorilla Glass 3 Packed with a 420mAh battery, 14 days battery life Runs on Xiaomi\u2019s own software 46mm frame, stainless steel body premium design Always-on Display , and offers over 110 watch faces Can be connected to Xiaomi Wear app 5ATM water resistance Bluetooth 5.0, Supply GPS+GLONASS for navigation. PPG heart rate sensor, 3-axis acceleration sensor, geo sensor, baraceptor, ambient light sensor, and gyroscope.\" \/>\n\t\t<meta property=\"og:url\" content=\"https:\/\/www.rucashk.com\/es\/producto\/xiaomi-mi-smart-watch-revolve-global-supply\/\" \/>\n\t\t<meta property=\"og:image\" content=\"https:\/\/www.rucashk.com\/wp-content\/uploads\/replace\/503b8e645f128a97ccde2b6290747646.jpeg\" \/>\n\t\t<meta property=\"og:image:secure_url\" content=\"https:\/\/www.rucashk.com\/wp-content\/uploads\/replace\/503b8e645f128a97ccde2b6290747646.jpeg\" \/>\n\t\t<meta property=\"og:image:width\" content=\"1456\" \/>\n\t\t<meta property=\"og:image:height\" content=\"816\" \/>\n\t\t<meta property=\"article:published_time\" content=\"2024-01-09T16:11:27+00:00\" \/>\n\t\t<meta property=\"article:modified_time\" content=\"2025-06-22T07:41:21+00:00\" \/>\n\t\t<meta name=\"twitter:card\" content=\"summary_large_image\" \/>\n\t\t<meta name=\"twitter:title\" content=\"Xiaomi Mi Smart Watch Revolve Global Supply - Rucas - Wholesale and Distribution\" \/>\n\t\t<meta name=\"twitter:description\" content=\"Main Features: 1.39-inch AMOLED, Gorilla Glass 3 Packed with a 420mAh battery, 14 days battery life Runs on Xiaomi\u2019s own software 46mm frame, stainless steel body premium design Always-on Display , and offers over 110 watch faces Can be connected to Xiaomi Wear app 5ATM water resistance Bluetooth 5.0, Supply GPS+GLONASS for navigation. PPG heart rate sensor, 3-axis acceleration sensor, geo sensor, baraceptor, ambient light sensor, and gyroscope.\" \/>\n\t\t<meta name=\"twitter:image\" content=\"https:\/\/www.rucashk.com\/wp-content\/uploads\/replace\/503b8e645f128a97ccde2b6290747646.jpeg\" \/>\n\t\t<script type=\"application\/ld+json\" class=\"aioseo-schema\">\n\t\t\t{\"@context\":\"https:\\\/\\\/schema.org\",\"@graph\":[{\"@type\":\"BreadcrumbList\",\"@id\":\"https:\\\/\\\/www.rucashk.com\\\/es\\\/producto\\\/xiaomi-mi-smart-watch-revolve-global-supply\\\/#breadcrumblist\",\"itemListElement\":[{\"@type\":\"ListItem\",\"@id\":\"https:\\\/\\\/www.rucashk.com\\\/es\\\/#listItem\",\"position\":1,\"name\":\"Home\",\"item\":\"https:\\\/\\\/www.rucashk.com\\\/es\\\/\",\"nextItem\":\"https:\\\/\\\/www.rucashk.com\\\/es\\\/producto\\\/xiaomi-mi-smart-watch-revolve-global-supply\\\/#listItem\"},{\"@type\":\"ListItem\",\"@id\":\"https:\\\/\\\/www.rucashk.com\\\/es\\\/producto\\\/xiaomi-mi-smart-watch-revolve-global-supply\\\/#listItem\",\"position\":2,\"name\":\"Xiaomi Mi Smart Watch Revolve Global Supply\",\"previousItem\":\"https:\\\/\\\/www.rucashk.com\\\/es\\\/#listItem\"}]},{\"@type\":\"Organization\",\"@id\":\"https:\\\/\\\/www.rucashk.com\\\/es\\\/#organization\",\"name\":\"Rucas\",\"url\":\"https:\\\/\\\/www.rucashk.com\\\/es\\\/\",\"logo\":{\"@type\":\"ImageObject\",\"url\":\"https:\\\/\\\/www.rucashk.com\\\/wp-content\\\/uploads\\\/2023\\\/12\\\/Rucas_campany_logo.png\",\"@id\":\"https:\\\/\\\/www.rucashk.com\\\/es\\\/producto\\\/xiaomi-mi-smart-watch-revolve-global-supply\\\/#organizationLogo\",\"width\":221,\"height\":65},\"image\":{\"@id\":\"https:\\\/\\\/www.rucashk.com\\\/es\\\/#organizationLogo\"}},{\"@type\":\"Person\",\"@id\":\"https:\\\/\\\/www.rucashk.com\\\/es\\\/author\\\/admin\\\/#author\",\"url\":\"https:\\\/\\\/www.rucashk.com\\\/es\\\/author\\\/admin\\\/\",\"name\":\"admin\",\"image\":{\"@type\":\"ImageObject\",\"@id\":\"https:\\\/\\\/www.rucashk.com\\\/es\\\/producto\\\/xiaomi-mi-smart-watch-revolve-global-supply\\\/#authorImage\",\"url\":\"https:\\\/\\\/secure.gravatar.com\\\/avatar\\\/b7c8925b09a27e72b30232f8ecaadbd5af0f70a38c78096863fe51b64f031c24?s=96&d=mm&r=g\",\"width\":96,\"height\":96,\"caption\":\"admin\"}},{\"@type\":\"WebPage\",\"@id\":\"https:\\\/\\\/www.rucashk.com\\\/es\\\/producto\\\/xiaomi-mi-smart-watch-revolve-global-supply\\\/#webpage\",\"url\":\"https:\\\/\\\/www.rucashk.com\\\/es\\\/producto\\\/xiaomi-mi-smart-watch-revolve-global-supply\\\/\",\"name\":\"Xiaomi Mi Smart Watch Revolve Global Supply - Rucas - Wholesale and Distribution\",\"description\":\"Main Features: 1.39-inch AMOLED, Gorilla Glass 3 Packed with a 420mAh battery, 14 days battery life Runs on Xiaomi\\u2019s own software 46mm frame, stainless steel body premium design Always-on Display , and offers over 110 watch faces Can be connected to Xiaomi Wear app 5ATM water resistance Bluetooth 5.0, Supply GPS+GLONASS for navigation. PPG heart rate sensor, 3-axis acceleration sensor, geo sensor, baraceptor, ambient light sensor, and gyroscope.\",\"inLanguage\":\"es-ES\",\"isPartOf\":{\"@id\":\"https:\\\/\\\/www.rucashk.com\\\/es\\\/#website\"},\"breadcrumb\":{\"@id\":\"https:\\\/\\\/www.rucashk.com\\\/es\\\/producto\\\/xiaomi-mi-smart-watch-revolve-global-supply\\\/#breadcrumblist\"},\"author\":{\"@id\":\"https:\\\/\\\/www.rucashk.com\\\/es\\\/author\\\/admin\\\/#author\"},\"creator\":{\"@id\":\"https:\\\/\\\/www.rucashk.com\\\/es\\\/author\\\/admin\\\/#author\"},\"image\":{\"@type\":\"ImageObject\",\"url\":\"https:\\\/\\\/www.rucashk.com\\\/wp-content\\\/uploads\\\/2024\\\/01\\\/\\u5fae\\u4fe1\\u622a\\u56fe_20201007152328.png\",\"@id\":\"https:\\\/\\\/www.rucashk.com\\\/es\\\/producto\\\/xiaomi-mi-smart-watch-revolve-global-supply\\\/#mainImage\",\"width\":800,\"height\":800},\"primaryImageOfPage\":{\"@id\":\"https:\\\/\\\/www.rucashk.com\\\/es\\\/producto\\\/xiaomi-mi-smart-watch-revolve-global-supply\\\/#mainImage\"},\"datePublished\":\"2024-01-09T16:11:27+00:00\",\"dateModified\":\"2025-06-22T07:41:21+00:00\"},{\"@type\":\"WebSite\",\"@id\":\"https:\\\/\\\/www.rucashk.com\\\/es\\\/#website\",\"url\":\"https:\\\/\\\/www.rucashk.com\\\/es\\\/\",\"name\":\"Rucas - Wholesale and distribution worldwide\",\"alternateName\":\"Rucas - One-stop AIoT Distribution Worldwide\",\"description\":\"One-stop AIoT Distribution Worldwide\",\"inLanguage\":\"es-ES\",\"publisher\":{\"@id\":\"https:\\\/\\\/www.rucashk.com\\\/es\\\/#organization\"}}]}\n\t\t<\/script>\n\t\t<!-- All in One SEO Pro -->\r\n\t\t<title>Xiaomi Mi Smart Watch Revolve Global Supply - Rucas - Wholesale and Distribution<\/title>\n\n","aioseo_head_json":{"title":"Xiaomi Mi Smart Watch Revolve Global Supply - Rucas - Wholesale and Distribution","description":"Main Features: 1.39-inch AMOLED, Gorilla Glass 3 Packed with a 420mAh battery, 14 days battery life Runs on Xiaomi\u2019s own software 46mm frame, stainless steel body premium design Always-on Display , and offers over 110 watch faces Can be connected to Xiaomi Wear app 5ATM water resistance Bluetooth 5.0, Supply GPS+GLONASS for navigation. PPG heart rate sensor, 3-axis acceleration sensor, geo sensor, baraceptor, ambient light sensor, and gyroscope.","canonical_url":"https:\/\/www.rucashk.com\/es\/producto\/xiaomi-mi-smart-watch-revolve-global-supply\/","robots":"max-image-preview:large","keywords":"","webmasterTools":{"miscellaneous":""},"og:locale":"es_ES","og:site_name":"Rucas - One-stop AIoT Distribution Worldwide","og:type":"article","og:title":"Xiaomi Mi Smart Watch Revolve Global Supply - Rucas - Wholesale and Distribution","og:description":"Main Features: 1.39-inch AMOLED, Gorilla Glass 3 Packed with a 420mAh battery, 14 days battery life Runs on Xiaomi\u2019s own software 46mm frame, stainless steel body premium design Always-on Display , and offers over 110 watch faces Can be connected to Xiaomi Wear app 5ATM water resistance Bluetooth 5.0, Supply GPS+GLONASS for navigation. PPG heart rate sensor, 3-axis acceleration sensor, geo sensor, baraceptor, ambient light sensor, and gyroscope.","og:url":"https:\/\/www.rucashk.com\/es\/producto\/xiaomi-mi-smart-watch-revolve-global-supply\/","og:image":"https:\/\/www.rucashk.com\/wp-content\/uploads\/replace\/503b8e645f128a97ccde2b6290747646.jpeg","og:image:secure_url":"https:\/\/www.rucashk.com\/wp-content\/uploads\/replace\/503b8e645f128a97ccde2b6290747646.jpeg","og:image:width":1456,"og:image:height":816,"article:published_time":"2024-01-09T16:11:27+00:00","article:modified_time":"2025-06-22T07:41:21+00:00","twitter:card":"summary_large_image","twitter:title":"Xiaomi Mi Smart Watch Revolve Global Supply - Rucas - Wholesale and Distribution","twitter:description":"Main Features: 1.39-inch AMOLED, Gorilla Glass 3 Packed with a 420mAh battery, 14 days battery life Runs on Xiaomi\u2019s own software 46mm frame, stainless steel body premium design Always-on Display , and offers over 110 watch faces Can be connected to Xiaomi Wear app 5ATM water resistance Bluetooth 5.0, Supply GPS+GLONASS for navigation. PPG heart rate sensor, 3-axis acceleration sensor, geo sensor, baraceptor, ambient light sensor, and gyroscope.","twitter:image":"https:\/\/www.rucashk.com\/wp-content\/uploads\/replace\/503b8e645f128a97ccde2b6290747646.jpeg","schema":{"@context":"https:\/\/schema.org","@graph":[{"@type":"BreadcrumbList","@id":"https:\/\/www.rucashk.com\/es\/producto\/xiaomi-mi-smart-watch-revolve-global-supply\/#breadcrumblist","itemListElement":[{"@type":"ListItem","@id":"https:\/\/www.rucashk.com\/es\/#listItem","position":1,"name":"Home","item":"https:\/\/www.rucashk.com\/es\/","nextItem":"https:\/\/www.rucashk.com\/es\/producto\/xiaomi-mi-smart-watch-revolve-global-supply\/#listItem"},{"@type":"ListItem","@id":"https:\/\/www.rucashk.com\/es\/producto\/xiaomi-mi-smart-watch-revolve-global-supply\/#listItem","position":2,"name":"Xiaomi Mi Smart Watch Revolve Global Supply","previousItem":"https:\/\/www.rucashk.com\/es\/#listItem"}]},{"@type":"Organization","@id":"https:\/\/www.rucashk.com\/es\/#organization","name":"Rucas","url":"https:\/\/www.rucashk.com\/es\/","logo":{"@type":"ImageObject","url":"https:\/\/www.rucashk.com\/wp-content\/uploads\/2023\/12\/Rucas_campany_logo.png","@id":"https:\/\/www.rucashk.com\/es\/producto\/xiaomi-mi-smart-watch-revolve-global-supply\/#organizationLogo","width":221,"height":65},"image":{"@id":"https:\/\/www.rucashk.com\/es\/#organizationLogo"}},{"@type":"Person","@id":"https:\/\/www.rucashk.com\/es\/author\/admin\/#author","url":"https:\/\/www.rucashk.com\/es\/author\/admin\/","name":"admin","image":{"@type":"ImageObject","@id":"https:\/\/www.rucashk.com\/es\/producto\/xiaomi-mi-smart-watch-revolve-global-supply\/#authorImage","url":"https:\/\/secure.gravatar.com\/avatar\/b7c8925b09a27e72b30232f8ecaadbd5af0f70a38c78096863fe51b64f031c24?s=96&d=mm&r=g","width":96,"height":96,"caption":"admin"}},{"@type":"WebPage","@id":"https:\/\/www.rucashk.com\/es\/producto\/xiaomi-mi-smart-watch-revolve-global-supply\/#webpage","url":"https:\/\/www.rucashk.com\/es\/producto\/xiaomi-mi-smart-watch-revolve-global-supply\/","name":"Xiaomi Mi Smart Watch Revolve Global Supply - Rucas - Wholesale and Distribution","description":"Main Features: 1.39-inch AMOLED, Gorilla Glass 3 Packed with a 420mAh battery, 14 days battery life Runs on Xiaomi\u2019s own software 46mm frame, stainless steel body premium design Always-on Display , and offers over 110 watch faces Can be connected to Xiaomi Wear app 5ATM water resistance Bluetooth 5.0, Supply GPS+GLONASS for navigation. PPG heart rate sensor, 3-axis acceleration sensor, geo sensor, baraceptor, ambient light sensor, and gyroscope.","inLanguage":"es-ES","isPartOf":{"@id":"https:\/\/www.rucashk.com\/es\/#website"},"breadcrumb":{"@id":"https:\/\/www.rucashk.com\/es\/producto\/xiaomi-mi-smart-watch-revolve-global-supply\/#breadcrumblist"},"author":{"@id":"https:\/\/www.rucashk.com\/es\/author\/admin\/#author"},"creator":{"@id":"https:\/\/www.rucashk.com\/es\/author\/admin\/#author"},"image":{"@type":"ImageObject","url":"https:\/\/www.rucashk.com\/wp-content\/uploads\/2024\/01\/\u5fae\u4fe1\u622a\u56fe_20201007152328.png","@id":"https:\/\/www.rucashk.com\/es\/producto\/xiaomi-mi-smart-watch-revolve-global-supply\/#mainImage","width":800,"height":800},"primaryImageOfPage":{"@id":"https:\/\/www.rucashk.com\/es\/producto\/xiaomi-mi-smart-watch-revolve-global-supply\/#mainImage"},"datePublished":"2024-01-09T16:11:27+00:00","dateModified":"2025-06-22T07:41:21+00:00"},{"@type":"WebSite","@id":"https:\/\/www.rucashk.com\/es\/#website","url":"https:\/\/www.rucashk.com\/es\/","name":"Rucas - Wholesale and distribution worldwide","alternateName":"Rucas - One-stop AIoT Distribution Worldwide","description":"One-stop AIoT Distribution Worldwide","inLanguage":"es-ES","publisher":{"@id":"https:\/\/www.rucashk.com\/es\/#organization"}}]}},"aioseo_meta_data":{"post_id":"24961","title":null,"description":null,"keywords":null,"keyphrases":null,"primary_term":null,"canonical_url":null,"og_title":null,"og_description":null,"og_object_type":"default","og_image_type":"default","og_image_url":null,"og_image_width":null,"og_image_height":null,"og_image_custom_url":null,"og_image_custom_fields":null,"og_video":null,"og_custom_url":null,"og_article_section":null,"og_article_tags":null,"twitter_use_og":false,"twitter_card":"default","twitter_image_type":"default","twitter_image_url":null,"twitter_image_custom_url":null,"twitter_image_custom_fields":null,"twitter_title":null,"twitter_description":null,"schema":{"blockGraphs":[],"customGraphs":[],"default":{"data":{"Article":[],"Course":[],"Dataset":[],"FAQPage":[],"Movie":[],"Person":[],"Product":[],"Recipe":[],"Service":[],"SoftwareApplication":[],"WebPage":[]},"graphName":"","isEnabled":true},"graphs":[]},"schema_type":"default","schema_type_options":null,"pillar_content":false,"robots_default":true,"robots_noindex":false,"robots_noarchive":false,"robots_nosnippet":false,"robots_nofollow":false,"robots_noimageindex":false,"robots_noodp":false,"robots_notranslate":false,"robots_max_snippet":null,"robots_max_videopreview":null,"robots_max_imagepreview":"large","priority":null,"frequency":null,"local_seo":null,"breadcrumb_settings":null,"limit_modified_date":false,"created":"2024-04-11 01:57:16","updated":"2025-06-22 17:44:04"},"aioseo_breadcrumb":"<div class=\"aioseo-breadcrumbs\"><span class=\"aioseo-breadcrumb\">\n\t<a href=\"https:\/\/www.rucashk.com\/es\" title=\"Home\">Home<\/a>\n<\/span><span class=\"aioseo-breadcrumb-separator\">&raquo;<\/span><span class=\"aioseo-breadcrumb\">\n\t<a href=\"https:\/\/www.rucashk.com\/es\/products\/\" title=\"Productos\">Productos<\/a>\n<\/span><span class=\"aioseo-breadcrumb-separator\">&raquo;<\/span><span class=\"aioseo-breadcrumb\">\n\t<a href=\"https:\/\/www.rucashk.com\/es\/marca\/xiaomi\/\" title=\"Xiaomi\">Xiaomi<\/a>\n<\/span><span class=\"aioseo-breadcrumb-separator\">&raquo;<\/span><span class=\"aioseo-breadcrumb\">\n\tXiaomi Mi Smart Watch Revolve Global Supply\n<\/span><\/div>","aioseo_breadcrumb_json":[{"label":"Home","link":"https:\/\/www.rucashk.com\/es"},{"label":"Productos","link":"https:\/\/www.rucashk.com\/es\/products\/"},{"label":"Xiaomi","link":"https:\/\/www.rucashk.com\/es\/marca\/xiaomi\/"},{"label":"Xiaomi Mi Smart Watch Revolve Global Supply","link":"https:\/\/www.rucashk.com\/es\/producto\/xiaomi-mi-smart-watch-revolve-global-supply\/"}],"_links":{"self":[{"href":"https:\/\/www.rucashk.com\/es\/wp-json\/wp\/v2\/product\/24961","targetHints":{"allow":["GET"]}}],"collection":[{"href":"https:\/\/www.rucashk.com\/es\/wp-json\/wp\/v2\/product"}],"about":[{"href":"https:\/\/www.rucashk.com\/es\/wp-json\/wp\/v2\/types\/product"}],"wp:featuredmedia":[{"embeddable":true,"href":"https:\/\/www.rucashk.com\/es\/wp-json\/wp\/v2\/media\/25064"}],"wp:attachment":[{"href":"https:\/\/www.rucashk.com\/es\/wp-json\/wp\/v2\/media?parent=24961"}],"wp:term":[{"taxonomy":"product_brand","embeddable":true,"href":"https:\/\/www.rucashk.com\/es\/wp-json\/wp\/v2\/product_brand?post=24961"},{"taxonomy":"product_cat","embeddable":true,"href":"https:\/\/www.rucashk.com\/es\/wp-json\/wp\/v2\/product_cat?post=24961"},{"taxonomy":"product_tag","embeddable":true,"href":"https:\/\/www.rucashk.com\/es\/wp-json\/wp\/v2\/product_tag?post=24961"}],"curies":[{"name":"wp","href":"https:\/\/api.w.org\/{rel}","templated":true}]}}