{"id":24926,"date":"2024-01-09T16:11:03","date_gmt":"2024-01-09T16:11:03","guid":{"rendered":"http:\/\/rucashk.com\/?post_type=product&#038;p=24926"},"modified":"2024-03-13T04:10:51","modified_gmt":"2024-03-13T04:10:51","slug":"mi-home-security-camera-1080p-magnetic-mount-wholesale","status":"publish","type":"product","link":"https:\/\/www.rucashk.com\/es\/producto\/mi-home-security-camera-1080p-magnetic-mount-wholesale\/","title":{"rendered":"Mi c\u00e1mara de seguridad para el hogar 1080P (montaje magn\u00e9tico)"},"content":{"rendered":"<h2 style=\"text-align: center\">C\u00e1mara de seguridad Mi Home 1080P (montaje magn\u00e9tico)<img fetchpriority=\"high\" decoding=\"async\" class=\"aligncenter wp-image-23721\" src=\"\/wp-content\/uploads\/replace\/b102940507c45022088cb1e5902a06b0.png\" alt=\"Mi Home Security Camera 1080P(Magnetic Mount) Wholesale\" width=\"412\" height=\"412\" \/><\/h2>\n<p><img decoding=\"async\" class=\"alignnone size-full wp-image-23722\" src=\"\/wp-content\/uploads\/replace\/1d7e0bc5ced93634794a31ccb45f3821.png\" alt=\"Mi Home Security Camera 1080P (Magnetic Mount) Wholesale\" width=\"1376\" height=\"957\" \/><\/p>\n<p>&nbsp;<\/p>\n<h2><b>Aplicaciones:<\/b><\/h2>\n<p><img decoding=\"async\" class=\"alignnone wp-image-23719 size-full\" src=\"\/wp-content\/uploads\/replace\/d1445647d61563afe3e615b5f6e7990a.png\" alt=\"Mi Home Security Camera 1080P(Magnetic Mount) Wholesale\" width=\"1376\" height=\"247\" \/><\/p>\n<p>&nbsp;<\/p>\n<h2><b>Descripci\u00f3n general:<\/b><\/h2>\n<p><img loading=\"lazy\" decoding=\"async\" class=\"alignnone wp-image-23720\" src=\"\/wp-content\/uploads\/replace\/2603e2ab791c781d185a3c88c81104b3.png\" alt=\"Mi Home Security Camera 1080P(Magnetic Mount) Wholesale\" width=\"1376\" height=\"609\" \/><\/p>\n<p><b>El paquete incluye: <\/b><\/p>\n<p>C\u00e1mara x 1; 1 base magn\u00e9tica; 1 cable; 1 pegatina adhesiva; Gu\u00eda del usuario x 1;<\/p>\n<p><b>Especificaciones: <\/b><\/p>\n<p>Modelo: QDJ4065GL<\/p>\n<p>Tama\u00f1o: 60x48x67,5mm<\/p>\n<p>Resoluci\u00f3n: 1080P<\/p>\n<p>Entrada nominal: 5V 1A<\/p>\n<p>Codificaci\u00f3n de v\u00eddeo: H.265<\/p>\n<p>Conectividad inal\u00e1mbrica: Wifi de 2,4 GHz<\/p>\n<p>Longitud focal: 2,52 mm<\/p>\n<p>Temperatura de funcionamiento: -20 \u2103 a 50 \u2103<\/p>\n<p>\u00c1ngulo de visi\u00f3n: 170\u00b0<\/p>\n<p>Nivel de impermeabilidad: IP65<\/p>\n<p>Almacenamiento: Hasta 32 GB de almacenamiento local en tarjeta MicroSD y almacenamiento NAS<\/p>","protected":false},"excerpt":{"rendered":"<p><strong>Principales caracter\u00edsticas:<\/strong><\/p>\n<p>Amazingly detailed image &amp; recording<\/p>\n<p>A wider perspective<\/p>\n<p>Magnetic Structure<\/p>\n<p>Advanced AI Motion Detection<\/p>\n<p>audio bidireccional<\/p>\n<p>Full encryption for privacy protection<\/p>\n<p>&nbsp;<\/p>","protected":false},"featured_media":25024,"template":"","meta":[],"product_brand":[],"product_cat":[1316,1305],"product_tag":[649,1175],"class_list":{"0":"post-24926","1":"product","2":"type-product","3":"status-publish","4":"has-post-thumbnail","6":"product_cat-mi-camera","7":"product_cat-xiaomi-eco","8":"product_tag-camera","9":"product_tag-mi","11":"first","12":"instock","13":"shipping-taxable","14":"product-type-external"},"aioseo_notices":[],"aioseo_head":"\n\t\t<!-- All in One SEO Pro 4.5.9.2 - aioseo.com -->\n\t\t<meta name=\"description\" content=\"Main Features: Amazingly detailed image &amp; recording A wider perspective Magnetic Structure Advanced AI Motion Detection Two-way audio Full encryption for privacy protection\" \/>\n\t\t<meta name=\"robots\" content=\"max-image-preview:large\" \/>\n\t\t<link rel=\"canonical\" href=\"https:\/\/www.rucashk.com\/es\/producto\/mi-home-security-camera-1080p-magnetic-mount-wholesale\/\" \/>\n\t\t<meta name=\"generator\" content=\"All in One SEO Pro (AIOSEO) 4.5.9.2\" \/>\n\t\t<meta property=\"og:locale\" content=\"es_ES\" \/>\n\t\t<meta property=\"og:site_name\" content=\"Rucas - One-stop AIoT Distribution Worldwide\" \/>\n\t\t<meta property=\"og:type\" content=\"article\" \/>\n\t\t<meta property=\"og:title\" content=\"Mi Home Security Camera 1080P (Magnetic Mount) Wholesale - Rucas - Wholesale and Distribution\" \/>\n\t\t<meta property=\"og:description\" content=\"Main Features: Amazingly detailed image &amp; recording A wider perspective Magnetic Structure Advanced AI Motion Detection Two-way audio Full encryption for privacy protection\" \/>\n\t\t<meta property=\"og:url\" content=\"https:\/\/www.rucashk.com\/es\/producto\/mi-home-security-camera-1080p-magnetic-mount-wholesale\/\" \/>\n\t\t<meta property=\"og:image\" content=\"https:\/\/www.rucashk.com\/wp-content\/uploads\/replace\/503b8e645f128a97ccde2b6290747646.jpeg\" \/>\n\t\t<meta property=\"og:image:secure_url\" content=\"https:\/\/www.rucashk.com\/wp-content\/uploads\/replace\/503b8e645f128a97ccde2b6290747646.jpeg\" \/>\n\t\t<meta property=\"og:image:width\" content=\"1456\" \/>\n\t\t<meta property=\"og:image:height\" content=\"816\" \/>\n\t\t<meta property=\"article:published_time\" content=\"2024-01-09T16:11:03+00:00\" \/>\n\t\t<meta property=\"article:modified_time\" content=\"2024-03-13T04:10:51+00:00\" \/>\n\t\t<meta name=\"twitter:card\" content=\"summary_large_image\" \/>\n\t\t<meta name=\"twitter:title\" content=\"Mi Home Security Camera 1080P (Magnetic Mount) Wholesale - Rucas - Wholesale and Distribution\" \/>\n\t\t<meta name=\"twitter:description\" content=\"Main Features: Amazingly detailed image &amp; recording A wider perspective Magnetic Structure Advanced AI Motion Detection Two-way audio Full encryption for privacy protection\" \/>\n\t\t<meta name=\"twitter:image\" content=\"https:\/\/www.rucashk.com\/wp-content\/uploads\/replace\/503b8e645f128a97ccde2b6290747646.jpeg\" \/>\n\t\t<script type=\"application\/ld+json\" class=\"aioseo-schema\">\n\t\t\t{\"@context\":\"https:\\\/\\\/schema.org\",\"@graph\":[{\"@type\":\"BreadcrumbList\",\"@id\":\"https:\\\/\\\/www.rucashk.com\\\/es\\\/producto\\\/mi-home-security-camera-1080p-magnetic-mount-wholesale\\\/#breadcrumblist\",\"itemListElement\":[{\"@type\":\"ListItem\",\"@id\":\"https:\\\/\\\/www.rucashk.com\\\/es\\\/#listItem\",\"position\":1,\"name\":\"Home\",\"item\":\"https:\\\/\\\/www.rucashk.com\\\/es\\\/\",\"nextItem\":\"https:\\\/\\\/www.rucashk.com\\\/es\\\/producto\\\/mi-home-security-camera-1080p-magnetic-mount-wholesale\\\/#listItem\"},{\"@type\":\"ListItem\",\"@id\":\"https:\\\/\\\/www.rucashk.com\\\/es\\\/producto\\\/mi-home-security-camera-1080p-magnetic-mount-wholesale\\\/#listItem\",\"position\":2,\"name\":\"Mi Home Security Camera 1080P (Magnetic Mount) Wholesale\",\"previousItem\":\"https:\\\/\\\/www.rucashk.com\\\/es\\\/#listItem\"}]},{\"@type\":\"Organization\",\"@id\":\"https:\\\/\\\/www.rucashk.com\\\/es\\\/#organization\",\"name\":\"Rucas\",\"url\":\"https:\\\/\\\/www.rucashk.com\\\/es\\\/\",\"logo\":{\"@type\":\"ImageObject\",\"url\":\"https:\\\/\\\/www.rucashk.com\\\/wp-content\\\/uploads\\\/2023\\\/12\\\/Rucas_campany_logo.png\",\"@id\":\"https:\\\/\\\/www.rucashk.com\\\/es\\\/producto\\\/mi-home-security-camera-1080p-magnetic-mount-wholesale\\\/#organizationLogo\",\"width\":221,\"height\":65},\"image\":{\"@id\":\"https:\\\/\\\/www.rucashk.com\\\/es\\\/#organizationLogo\"}},{\"@type\":\"Person\",\"@id\":\"https:\\\/\\\/www.rucashk.com\\\/es\\\/author\\\/admin\\\/#author\",\"url\":\"https:\\\/\\\/www.rucashk.com\\\/es\\\/author\\\/admin\\\/\",\"name\":\"admin\",\"image\":{\"@type\":\"ImageObject\",\"@id\":\"https:\\\/\\\/www.rucashk.com\\\/es\\\/producto\\\/mi-home-security-camera-1080p-magnetic-mount-wholesale\\\/#authorImage\",\"url\":\"https:\\\/\\\/secure.gravatar.com\\\/avatar\\\/b7c8925b09a27e72b30232f8ecaadbd5af0f70a38c78096863fe51b64f031c24?s=96&d=mm&r=g\",\"width\":96,\"height\":96,\"caption\":\"admin\"}},{\"@type\":\"WebPage\",\"@id\":\"https:\\\/\\\/www.rucashk.com\\\/es\\\/producto\\\/mi-home-security-camera-1080p-magnetic-mount-wholesale\\\/#webpage\",\"url\":\"https:\\\/\\\/www.rucashk.com\\\/es\\\/producto\\\/mi-home-security-camera-1080p-magnetic-mount-wholesale\\\/\",\"name\":\"Mi Home Security Camera 1080P (Magnetic Mount) Wholesale - Rucas - Wholesale and Distribution\",\"description\":\"Main Features: Amazingly detailed image & recording A wider perspective Magnetic Structure Advanced AI Motion Detection Two-way audio Full encryption for privacy protection\",\"inLanguage\":\"es-ES\",\"isPartOf\":{\"@id\":\"https:\\\/\\\/www.rucashk.com\\\/es\\\/#website\"},\"breadcrumb\":{\"@id\":\"https:\\\/\\\/www.rucashk.com\\\/es\\\/producto\\\/mi-home-security-camera-1080p-magnetic-mount-wholesale\\\/#breadcrumblist\"},\"author\":{\"@id\":\"https:\\\/\\\/www.rucashk.com\\\/es\\\/author\\\/admin\\\/#author\"},\"creator\":{\"@id\":\"https:\\\/\\\/www.rucashk.com\\\/es\\\/author\\\/admin\\\/#author\"},\"image\":{\"@type\":\"ImageObject\",\"url\":\"https:\\\/\\\/www.rucashk.com\\\/wp-content\\\/uploads\\\/2024\\\/01\\\/15991859581.png\",\"@id\":\"https:\\\/\\\/www.rucashk.com\\\/es\\\/producto\\\/mi-home-security-camera-1080p-magnetic-mount-wholesale\\\/#mainImage\",\"width\":800,\"height\":800},\"primaryImageOfPage\":{\"@id\":\"https:\\\/\\\/www.rucashk.com\\\/es\\\/producto\\\/mi-home-security-camera-1080p-magnetic-mount-wholesale\\\/#mainImage\"},\"datePublished\":\"2024-01-09T16:11:03+00:00\",\"dateModified\":\"2024-03-13T04:10:51+00:00\"},{\"@type\":\"WebSite\",\"@id\":\"https:\\\/\\\/www.rucashk.com\\\/es\\\/#website\",\"url\":\"https:\\\/\\\/www.rucashk.com\\\/es\\\/\",\"name\":\"Rucas - Wholesale and distribution worldwide\",\"alternateName\":\"Rucas - One-stop AIoT Distribution Worldwide\",\"description\":\"One-stop AIoT Distribution Worldwide\",\"inLanguage\":\"es-ES\",\"publisher\":{\"@id\":\"https:\\\/\\\/www.rucashk.com\\\/es\\\/#organization\"}}]}\n\t\t<\/script>\n\t\t<!-- All in One SEO Pro -->\r\n\t\t<title>Mi Home Security Camera 1080P (Magnetic Mount) Wholesale - Rucas - Wholesale and Distribution<\/title>\n\n","aioseo_head_json":{"title":"Mi Home Security Camera 1080P (Magnetic Mount) Wholesale - Rucas - Wholesale and Distribution","description":"Main Features: Amazingly detailed image & recording A wider perspective Magnetic Structure Advanced AI Motion Detection Two-way audio Full encryption for privacy protection","canonical_url":"https:\/\/www.rucashk.com\/es\/producto\/mi-home-security-camera-1080p-magnetic-mount-wholesale\/","robots":"max-image-preview:large","keywords":"","webmasterTools":{"miscellaneous":""},"og:locale":"es_ES","og:site_name":"Rucas - One-stop AIoT Distribution Worldwide","og:type":"article","og:title":"Mi Home Security Camera 1080P (Magnetic Mount) Wholesale - Rucas - Wholesale and Distribution","og:description":"Main Features: Amazingly detailed image &amp; recording A wider perspective Magnetic Structure Advanced AI Motion Detection Two-way audio Full encryption for privacy protection","og:url":"https:\/\/www.rucashk.com\/es\/producto\/mi-home-security-camera-1080p-magnetic-mount-wholesale\/","og:image":"https:\/\/www.rucashk.com\/wp-content\/uploads\/replace\/503b8e645f128a97ccde2b6290747646.jpeg","og:image:secure_url":"https:\/\/www.rucashk.com\/wp-content\/uploads\/replace\/503b8e645f128a97ccde2b6290747646.jpeg","og:image:width":1456,"og:image:height":816,"article:published_time":"2024-01-09T16:11:03+00:00","article:modified_time":"2024-03-13T04:10:51+00:00","twitter:card":"summary_large_image","twitter:title":"Mi Home Security Camera 1080P (Magnetic Mount) Wholesale - Rucas - Wholesale and Distribution","twitter:description":"Main Features: Amazingly detailed image &amp; recording A wider perspective Magnetic Structure Advanced AI Motion Detection Two-way audio Full encryption for privacy protection","twitter:image":"https:\/\/www.rucashk.com\/wp-content\/uploads\/replace\/503b8e645f128a97ccde2b6290747646.jpeg","schema":{"@context":"https:\/\/schema.org","@graph":[{"@type":"BreadcrumbList","@id":"https:\/\/www.rucashk.com\/es\/producto\/mi-home-security-camera-1080p-magnetic-mount-wholesale\/#breadcrumblist","itemListElement":[{"@type":"ListItem","@id":"https:\/\/www.rucashk.com\/es\/#listItem","position":1,"name":"Home","item":"https:\/\/www.rucashk.com\/es\/","nextItem":"https:\/\/www.rucashk.com\/es\/producto\/mi-home-security-camera-1080p-magnetic-mount-wholesale\/#listItem"},{"@type":"ListItem","@id":"https:\/\/www.rucashk.com\/es\/producto\/mi-home-security-camera-1080p-magnetic-mount-wholesale\/#listItem","position":2,"name":"Mi Home Security Camera 1080P (Magnetic Mount) Wholesale","previousItem":"https:\/\/www.rucashk.com\/es\/#listItem"}]},{"@type":"Organization","@id":"https:\/\/www.rucashk.com\/es\/#organization","name":"Rucas","url":"https:\/\/www.rucashk.com\/es\/","logo":{"@type":"ImageObject","url":"https:\/\/www.rucashk.com\/wp-content\/uploads\/2023\/12\/Rucas_campany_logo.png","@id":"https:\/\/www.rucashk.com\/es\/producto\/mi-home-security-camera-1080p-magnetic-mount-wholesale\/#organizationLogo","width":221,"height":65},"image":{"@id":"https:\/\/www.rucashk.com\/es\/#organizationLogo"}},{"@type":"Person","@id":"https:\/\/www.rucashk.com\/es\/author\/admin\/#author","url":"https:\/\/www.rucashk.com\/es\/author\/admin\/","name":"admin","image":{"@type":"ImageObject","@id":"https:\/\/www.rucashk.com\/es\/producto\/mi-home-security-camera-1080p-magnetic-mount-wholesale\/#authorImage","url":"https:\/\/secure.gravatar.com\/avatar\/b7c8925b09a27e72b30232f8ecaadbd5af0f70a38c78096863fe51b64f031c24?s=96&d=mm&r=g","width":96,"height":96,"caption":"admin"}},{"@type":"WebPage","@id":"https:\/\/www.rucashk.com\/es\/producto\/mi-home-security-camera-1080p-magnetic-mount-wholesale\/#webpage","url":"https:\/\/www.rucashk.com\/es\/producto\/mi-home-security-camera-1080p-magnetic-mount-wholesale\/","name":"Mi Home Security Camera 1080P (Magnetic Mount) Wholesale - Rucas - Wholesale and Distribution","description":"Main Features: Amazingly detailed image & recording A wider perspective Magnetic Structure Advanced AI Motion Detection Two-way audio Full encryption for privacy protection","inLanguage":"es-ES","isPartOf":{"@id":"https:\/\/www.rucashk.com\/es\/#website"},"breadcrumb":{"@id":"https:\/\/www.rucashk.com\/es\/producto\/mi-home-security-camera-1080p-magnetic-mount-wholesale\/#breadcrumblist"},"author":{"@id":"https:\/\/www.rucashk.com\/es\/author\/admin\/#author"},"creator":{"@id":"https:\/\/www.rucashk.com\/es\/author\/admin\/#author"},"image":{"@type":"ImageObject","url":"https:\/\/www.rucashk.com\/wp-content\/uploads\/2024\/01\/15991859581.png","@id":"https:\/\/www.rucashk.com\/es\/producto\/mi-home-security-camera-1080p-magnetic-mount-wholesale\/#mainImage","width":800,"height":800},"primaryImageOfPage":{"@id":"https:\/\/www.rucashk.com\/es\/producto\/mi-home-security-camera-1080p-magnetic-mount-wholesale\/#mainImage"},"datePublished":"2024-01-09T16:11:03+00:00","dateModified":"2024-03-13T04:10:51+00:00"},{"@type":"WebSite","@id":"https:\/\/www.rucashk.com\/es\/#website","url":"https:\/\/www.rucashk.com\/es\/","name":"Rucas - Wholesale and distribution worldwide","alternateName":"Rucas - One-stop AIoT Distribution Worldwide","description":"One-stop AIoT Distribution Worldwide","inLanguage":"es-ES","publisher":{"@id":"https:\/\/www.rucashk.com\/es\/#organization"}}]}},"aioseo_meta_data":{"post_id":"24926","title":null,"description":null,"keywords":null,"keyphrases":null,"primary_term":null,"canonical_url":null,"og_title":null,"og_description":null,"og_object_type":"default","og_image_type":"default","og_image_url":null,"og_image_width":null,"og_image_height":null,"og_image_custom_url":null,"og_image_custom_fields":null,"og_video":null,"og_custom_url":null,"og_article_section":null,"og_article_tags":null,"twitter_use_og":false,"twitter_card":"default","twitter_image_type":"default","twitter_image_url":null,"twitter_image_custom_url":null,"twitter_image_custom_fields":null,"twitter_title":null,"twitter_description":null,"schema":{"blockGraphs":[],"customGraphs":[],"default":{"data":{"Article":[],"Course":[],"Dataset":[],"FAQPage":[],"Movie":[],"Person":[],"Product":[],"Recipe":[],"Service":[],"SoftwareApplication":[],"WebPage":[]},"graphName":"","isEnabled":true},"graphs":[]},"schema_type":"default","schema_type_options":null,"pillar_content":false,"robots_default":true,"robots_noindex":false,"robots_noarchive":false,"robots_nosnippet":false,"robots_nofollow":false,"robots_noimageindex":false,"robots_noodp":false,"robots_notranslate":false,"robots_max_snippet":null,"robots_max_videopreview":null,"robots_max_imagepreview":"large","priority":null,"frequency":null,"local_seo":null,"breadcrumb_settings":null,"limit_modified_date":false,"created":"2024-04-11 01:57:15","updated":"2025-06-22 17:43:20"},"aioseo_breadcrumb":"<div class=\"aioseo-breadcrumbs\"><span class=\"aioseo-breadcrumb\">\n\t<a href=\"https:\/\/www.rucashk.com\/es\" title=\"Home\">Home<\/a>\n<\/span><span class=\"aioseo-breadcrumb-separator\">&raquo;<\/span><span class=\"aioseo-breadcrumb\">\n\t<a href=\"https:\/\/www.rucashk.com\/es\/products\/\" title=\"Productos\">Productos<\/a>\n<\/span><span class=\"aioseo-breadcrumb-separator\">&raquo;<\/span><span class=\"aioseo-breadcrumb\">\n\t<a href=\"https:\/\/www.rucashk.com\/es\/categoria-producto\/xiaomi-eco\/\" title=\"Xiaomi Eco\">Xiaomi Eco<\/a>\n<\/span><span class=\"aioseo-breadcrumb-separator\">&raquo;<\/span><span class=\"aioseo-breadcrumb\">\n\t<a href=\"https:\/\/www.rucashk.com\/es\/categoria-producto\/xiaomi-eco\/mi-camera\/\" title=\"Mi Camera\">Mi Camera<\/a>\n<\/span><span class=\"aioseo-breadcrumb-separator\">&raquo;<\/span><span class=\"aioseo-breadcrumb\">\n\tMi Home Security Camera 1080P (Magnetic Mount) Wholesale\n<\/span><\/div>","aioseo_breadcrumb_json":[{"label":"Home","link":"https:\/\/www.rucashk.com\/es"},{"label":"Productos","link":"https:\/\/www.rucashk.com\/es\/products\/"},{"label":"Xiaomi Eco","link":"https:\/\/www.rucashk.com\/es\/categoria-producto\/xiaomi-eco\/"},{"label":"Mi Camera","link":"https:\/\/www.rucashk.com\/es\/categoria-producto\/xiaomi-eco\/mi-camera\/"},{"label":"Mi Home Security Camera 1080P (Magnetic Mount) Wholesale","link":"https:\/\/www.rucashk.com\/es\/producto\/mi-home-security-camera-1080p-magnetic-mount-wholesale\/"}],"_links":{"self":[{"href":"https:\/\/www.rucashk.com\/es\/wp-json\/wp\/v2\/product\/24926","targetHints":{"allow":["GET"]}}],"collection":[{"href":"https:\/\/www.rucashk.com\/es\/wp-json\/wp\/v2\/product"}],"about":[{"href":"https:\/\/www.rucashk.com\/es\/wp-json\/wp\/v2\/types\/product"}],"wp:featuredmedia":[{"embeddable":true,"href":"https:\/\/www.rucashk.com\/es\/wp-json\/wp\/v2\/media\/25024"}],"wp:attachment":[{"href":"https:\/\/www.rucashk.com\/es\/wp-json\/wp\/v2\/media?parent=24926"}],"wp:term":[{"taxonomy":"product_brand","embeddable":true,"href":"https:\/\/www.rucashk.com\/es\/wp-json\/wp\/v2\/product_brand?post=24926"},{"taxonomy":"product_cat","embeddable":true,"href":"https:\/\/www.rucashk.com\/es\/wp-json\/wp\/v2\/product_cat?post=24926"},{"taxonomy":"product_tag","embeddable":true,"href":"https:\/\/www.rucashk.com\/es\/wp-json\/wp\/v2\/product_tag?post=24926"}],"curies":[{"name":"wp","href":"https:\/\/api.w.org\/{rel}","templated":true}]}}