{"id":24861,"date":"2024-01-09T16:10:16","date_gmt":"2024-01-09T16:10:16","guid":{"rendered":"http:\/\/rucashk.com\/?post_type=product&#038;p=24861"},"modified":"2024-03-13T04:20:44","modified_gmt":"2024-03-13T04:20:44","slug":"amazfit-band-6-wholesale","status":"publish","type":"product","link":"https:\/\/www.rucashk.com\/es\/producto\/amazfit-band-6-wholesale\/","title":{"rendered":"Amazfit banda 6 al por mayor"},"content":{"rendered":"<h2 style=\"text-align: center\">Amazfit Banda 6<\/h2>\n<p><a href=\"https:\/\/china-gadgets.com\/app\/uploads\/2020\/06\/Amazfit_Band_6_Fitness_Tracker.jpg\"><img fetchpriority=\"high\" decoding=\"async\" class=\"lazyloaded wp-image-16676\" src=\"\/wp-content\/uploads\/replace\/7fc9ea36c1ef0d8ec54566ceac940e84.jpeg\" alt=\"Amazfit Band 6 Wholesale\" width=\"1283\" height=\"650\" data-src=\"\/wp-content\/uploads\/replace\/7fc9ea36c1ef0d8ec54566ceac940e84.jpeg\" data-srcset=\"\/wp-content\/uploads\/replace\/7fc9ea36c1ef0d8ec54566ceac940e84.jpeg 734w, https:\/\/china-gadgets.com\/app\/uploads\/2020\/06\/Amazfit_Band_6_Fitness_Tracker-500x253.jpg 500w, https:\/\/china-gadgets.com\/app\/uploads\/2020\/06\/Amazfit_Band_6_Fitness_Tracker-736x373.jpg 736w, https:\/\/china-gadgets.com\/app\/uploads\/2020\/06\/Amazfit_Band_6_Fitness_Tracker-768x389.jpg 768w, https:\/\/china-gadgets.com\/app\/uploads\/2020\/06\/Amazfit_Band_6_Fitness_Tracker-600x304.jpg 600w, https:\/\/china-gadgets.com\/app\/uploads\/2020\/06\/Amazfit_Band_6_Fitness_Tracker-79x40.jpg 79w, https:\/\/china-gadgets.com\/app\/uploads\/2020\/06\/Amazfit_Band_6_Fitness_Tracker.jpg 1440w\" data-sizes=\"(max-width: 734px) 100vw, 734px\" \/><\/a><\/p>\n<h2>Amazfit Band 6 frente a Xiaomi Mi Band 5<\/h2>\n<div class=\"table-responsive\">\n<table>\n<tbody>\n<tr>\n<td><\/td>\n<td><strong>Amazfit Banda 6<\/strong><\/td>\n<td><strong><a href=\"https:\/\/china-gadgets.com\/xiaomi-mi-band-5-fitness-tracker\/\">Xiaomi Mi Banda 5<\/a><\/strong><\/td>\n<\/tr>\n<tr>\n<td>Mostrar<\/td>\n<td>Pantalla t\u00e1ctil AMOLED de 16 bits en color de 1,1 pulgadas, pantalla t\u00e1ctil de 294 x 126 p\u00edxeles (291 PPI), relaci\u00f3n de aspecto 9:21, 450 nit<\/td>\n<td>Pantalla t\u00e1ctil AMOLED de 16 bits en color de 1,1 pulgadas, pantalla t\u00e1ctil de 294 x 126 p\u00edxeles (291 PPI), relaci\u00f3n de aspecto 9:21, 450 nit<\/td>\n<\/tr>\n<tr>\n<td>Conexi\u00f3n<\/td>\n<td>Bluetooth 5.0 BLE<\/td>\n<td>Bluetooth 5,0 BLE; 2da versi\u00f3n con NFC<\/td>\n<\/tr>\n<tr>\n<td>Bater\u00eda<\/td>\n<td>125 mAh,\u00a0<strong>hasta 15 d\u00edas de duraci\u00f3n de la bater\u00eda<\/strong>\u00a0| tiempo de carga ~2 horas<\/td>\n<td>125 mAh, hasta 14 d\u00edas de duraci\u00f3n de la bater\u00eda | tiempo de carga ~2 horas<\/td>\n<\/tr>\n<tr>\n<td>Proteccion<\/td>\n<td>5 cajeros autom\u00e1ticos (ducharse, ba\u00f1arse, nadar)<\/td>\n<td>5 cajeros autom\u00e1ticos (ducharse, ba\u00f1arse, nadar)<\/td>\n<\/tr>\n<tr>\n<td>Caracter\u00edsticas<\/td>\n<td><strong>Alexa, saturaci\u00f3n de ox\u00edgeno en sangre<\/strong>, Control de m\u00fasica, Pod\u00f3metro, Monitoreo del sue\u00f1o, Monitor de frecuencia card\u00edaca, Despertador, Recordatorio de mensajes, Rechazo de llamadas, Seguimiento deportivo, Ciclo menstrual, Control remoto de c\u00e1mara<\/td>\n<td>Control de m\u00fasica, Asistente Xiao AI (solo versi\u00f3n NFC), Pod\u00f3metro, Monitoreo del sue\u00f1o, Monitor de frecuencia card\u00edaca, Despertador, Recordatorio de mensajes, Rechazo de llamadas, Seguimiento deportivo, Ciclo menstrual, Control remoto de c\u00e1mara<\/td>\n<\/tr>\n<tr>\n<td>Peso \/ Dimensiones<\/td>\n<td>24 g con correa \/ 47,2 x 18,5 x 12,4 mm; Ajuste de correa de 162-235 mm<\/td>\n<td>23,3 g con correa \/ 47,2 x 18,5 x 12,4 mm; Ajuste de correa de 155-219 mm<\/td>\n<\/tr>\n<tr>\n<td><\/td>\n<td><\/td>\n<td><\/td>\n<\/tr>\n<\/tbody>\n<\/table>\n<p>Las \u00fanicas diferencias son aparentemente\u00a0<strong>correa un poco m\u00e1s grande<\/strong>\u00a0(162-235 mm) y el\u00a0<strong>duraci\u00f3n de la bater\u00eda<\/strong>, que se dice que es\u00a0<strong>15 d\u00edas<\/strong>\u00a0en lugar de 14.<\/p>\n<\/div>\n<div><\/div>\n<p><a href=\"https:\/\/china-gadgets.com\/app\/uploads\/2020\/08\/Amazfit_Band_6_highlights.jpg\"><img decoding=\"async\" class=\"lazyloaded aligncenter wp-image-16683\" src=\"\/wp-content\/uploads\/replace\/cd09fe84324d507387145404f3ef9bf4.jpeg\" alt=\"Amazfit Band 6 Wholesale\" width=\"845\" height=\"845\" data-src=\"\/wp-content\/uploads\/replace\/cd09fe84324d507387145404f3ef9bf4.jpeg\" data-srcset=\"\/wp-content\/uploads\/replace\/cd09fe84324d507387145404f3ef9bf4.jpeg 734w, https:\/\/china-gadgets.com\/app\/uploads\/2020\/08\/Amazfit_Band_6_highlights-500x500.jpg 500w, https:\/\/china-gadgets.com\/app\/uploads\/2020\/08\/Amazfit_Band_6_highlights-600x600.jpg 600w, https:\/\/china-gadgets.com\/app\/uploads\/2020\/08\/Amazfit_Band_6_highlights-150x150.jpg 150w, https:\/\/china-gadgets.com\/app\/uploads\/2020\/08\/Amazfit_Band_6_highlights-768x768.jpg 768w, https:\/\/china-gadgets.com\/app\/uploads\/2020\/08\/Amazfit_Band_6_highlights-144x144.jpg 144w, https:\/\/china-gadgets.com\/app\/uploads\/2020\/08\/Amazfit_Band_6_highlights-300x300.jpg 300w, https:\/\/china-gadgets.com\/app\/uploads\/2020\/08\/Amazfit_Band_6_highlights-40x40.jpg 40w, https:\/\/china-gadgets.com\/app\/uploads\/2020\/08\/Amazfit_Band_6_highlights-80x80.jpg 80w, https:\/\/china-gadgets.com\/app\/uploads\/2020\/08\/Amazfit_Band_6_highlights-100x100.jpg 100w, https:\/\/china-gadgets.com\/app\/uploads\/2020\/08\/Amazfit_Band_6_highlights-225x225.jpg 225w, https:\/\/china-gadgets.com\/app\/uploads\/2020\/08\/Amazfit_Band_6_highlights-800x800.jpg 800w, https:\/\/china-gadgets.com\/app\/uploads\/2020\/08\/Amazfit_Band_6_highlights-736x736.jpg 736w, https:\/\/china-gadgets.com\/app\/uploads\/2020\/08\/Amazfit_Band_6_highlights.jpg 902w\" data-sizes=\"(max-width: 734px) 100vw, 734px\" \/><\/a><\/p>\n<p>La \u00fanica diferencia externa es la <strong>clave capacitiva<\/strong>, que est\u00e1 marcado con un \u00f3valo aqu\u00ed, en el\u00a0<strong><a href=\"https:\/\/china-gadgets.com\/xiaomi-mi-band-5-fitness-tracker\/\">Mi banda 5<\/a><\/strong> Hay un c\u00edrculo all\u00ed. El <strong>Sensor para medir la saturaci\u00f3n de ox\u00edgeno en sangre.<\/strong> est\u00e1 en la parte posterior y tambi\u00e9n el micr\u00f3fono para el <strong>Interacci\u00f3n con Alexa<\/strong> no es visible. Pero gracias a Alexa deber\u00eda ser posible lo siguiente: hacer preguntas, obtener traducciones, configurar el cron\u00f3metro y la alarma, escribir listas de compras, consultar el clima,\u00a0<strong>controlar dispositivos dom\u00e9sticos inteligentes<\/strong>\u00a0y m\u00e1s.<\/p>\n<p><a href=\"https:\/\/china-gadgets.com\/app\/uploads\/2020\/08\/Amazfit_Band_6_Alexa.jpg\"><img decoding=\"async\" class=\"lazyloaded aligncenter wp-image-16684\" src=\"\/wp-content\/uploads\/replace\/348e03198385b8cc2afb8b52c246cad3.jpeg\" alt=\"Amazfit Band 6 Wholesale\" width=\"810\" height=\"449\" data-src=\"\/wp-content\/uploads\/replace\/348e03198385b8cc2afb8b52c246cad3.jpeg\" data-srcset=\"\/wp-content\/uploads\/replace\/348e03198385b8cc2afb8b52c246cad3.jpeg 734w, https:\/\/china-gadgets.com\/app\/uploads\/2020\/08\/Amazfit_Band_6_Alexa-500x277.jpg 500w, https:\/\/china-gadgets.com\/app\/uploads\/2020\/08\/Amazfit_Band_6_Alexa-736x408.jpg 736w, https:\/\/china-gadgets.com\/app\/uploads\/2020\/08\/Amazfit_Band_6_Alexa-768x426.jpg 768w, https:\/\/china-gadgets.com\/app\/uploads\/2020\/08\/Amazfit_Band_6_Alexa-1536x852.jpg 1536w, https:\/\/china-gadgets.com\/app\/uploads\/2020\/08\/Amazfit_Band_6_Alexa-600x333.jpg 600w, https:\/\/china-gadgets.com\/app\/uploads\/2020\/08\/Amazfit_Band_6_Alexa-72x40.jpg 72w, https:\/\/china-gadgets.com\/app\/uploads\/2020\/08\/Amazfit_Band_6_Alexa.jpg 1626w\" data-sizes=\"(max-width: 734px) 100vw, 734px\" \/><\/a><\/p>\n<p><strong>Sistema operativo Amazfit<\/strong>\u00a0se especifica como sistema operativo, que es bastante similar al sistema operativo del\u00a0<strong><a href=\"https:\/\/china-gadgets.com\/xiaomi-mi-band-5-fitness-tracker\/\">Mi banda 5<\/a><\/strong>.<\/p>","protected":false},"excerpt":{"rendered":"<p><strong>Principales caracter\u00edsticas:<br \/>\n<\/strong><\/p>\n<p>Display 1.1 inch color 16 bit AMOLED, 294 x 126 pixel touch screen (291 PPI), 9:21 aspect ratio, 450 nit<\/p>\n<p>Connection Bluetooth 5.0 BLE<\/p>\n<p>Battery 125 mAh,\u00a0up to 15 days battery life\u00a0| charging time ~2 hours<\/p>\n<p>Protection 5 ATM (showering, bathing, swimming)<\/p>\n<p>Features Alexa, Blood Oxygen Saturation, Music Control, Pedometer, Sleep Monitoring, Heart Rate Monitor, Alarm Clock, Message Reminder, Call Rejection, Sports Tracking, Menstrual Cycle, Camera Remote<\/p>\n<p>Weight \/ Dimensions 24 g with strap \/ 47.2 x 18.5 x 12.4 mm; 162-235 mm strap adjustment<\/p>","protected":false},"featured_media":24954,"template":"","meta":[],"product_brand":[],"product_cat":[1339,1305],"product_tag":[425],"class_list":{"0":"post-24861","1":"product","2":"type-product","3":"status-publish","4":"has-post-thumbnail","6":"product_cat-amazfit-smartwatch","7":"product_cat-xiaomi-eco","8":"product_tag-amazfit","10":"first","11":"instock","12":"shipping-taxable","13":"product-type-external"},"aioseo_notices":[],"aioseo_head":"\n\t\t<!-- All in One SEO Pro 4.5.9.2 - aioseo.com -->\n\t\t<meta name=\"description\" content=\"Main Features: Display 1.1 inch color 16 bit AMOLED, 294 x 126 pixel touch screen (291 PPI), 9:21 aspect ratio, 450 nit Connection Bluetooth 5.0 BLE Battery 125 mAh, up to 15 days battery life | charging time ~2 hours Protection 5 ATM (showering, bathing, swimming) Features Alexa, Blood Oxygen Saturation, Music Control, Pedometer, Sleep Monitoring, Heart Rate Monitor, Alarm Clock, Message Reminder, Call Rejection, Sports Tracking, Menstrual Cycle, Camera Remote Weight \/ Dimensions 24 g with strap \/ 47.2 x 18.5 x 12.4 mm; 162-235 mm strap adjustment\" \/>\n\t\t<meta name=\"robots\" content=\"max-image-preview:large\" \/>\n\t\t<link rel=\"canonical\" href=\"https:\/\/www.rucashk.com\/es\/producto\/amazfit-band-6-wholesale\/\" \/>\n\t\t<meta name=\"generator\" content=\"All in One SEO Pro (AIOSEO) 4.5.9.2\" \/>\n\t\t<meta property=\"og:locale\" content=\"es_ES\" \/>\n\t\t<meta property=\"og:site_name\" content=\"Rucas - One-stop AIoT Distribution Worldwide\" \/>\n\t\t<meta property=\"og:type\" content=\"article\" \/>\n\t\t<meta property=\"og:title\" content=\"Amazfit Band 6 Wholesale - Rucas - Wholesale and Distribution\" \/>\n\t\t<meta property=\"og:description\" content=\"Main Features: Display 1.1 inch color 16 bit AMOLED, 294 x 126 pixel touch screen (291 PPI), 9:21 aspect ratio, 450 nit Connection Bluetooth 5.0 BLE Battery 125 mAh, up to 15 days battery life | charging time ~2 hours Protection 5 ATM (showering, bathing, swimming) Features Alexa, Blood Oxygen Saturation, Music Control, Pedometer, Sleep Monitoring, Heart Rate Monitor, Alarm Clock, Message Reminder, Call Rejection, Sports Tracking, Menstrual Cycle, Camera Remote Weight \/ Dimensions 24 g with strap \/ 47.2 x 18.5 x 12.4 mm; 162-235 mm strap adjustment\" \/>\n\t\t<meta property=\"og:url\" content=\"https:\/\/www.rucashk.com\/es\/producto\/amazfit-band-6-wholesale\/\" \/>\n\t\t<meta property=\"og:image\" content=\"https:\/\/www.rucashk.com\/wp-content\/uploads\/replace\/503b8e645f128a97ccde2b6290747646.jpeg\" \/>\n\t\t<meta property=\"og:image:secure_url\" content=\"https:\/\/www.rucashk.com\/wp-content\/uploads\/replace\/503b8e645f128a97ccde2b6290747646.jpeg\" \/>\n\t\t<meta property=\"og:image:width\" content=\"1456\" \/>\n\t\t<meta property=\"og:image:height\" content=\"816\" \/>\n\t\t<meta property=\"article:published_time\" content=\"2024-01-09T16:10:16+00:00\" \/>\n\t\t<meta property=\"article:modified_time\" content=\"2024-03-13T04:20:44+00:00\" \/>\n\t\t<meta name=\"twitter:card\" content=\"summary_large_image\" \/>\n\t\t<meta name=\"twitter:title\" content=\"Amazfit Band 6 Wholesale - Rucas - Wholesale and Distribution\" \/>\n\t\t<meta name=\"twitter:description\" content=\"Main Features: Display 1.1 inch color 16 bit AMOLED, 294 x 126 pixel touch screen (291 PPI), 9:21 aspect ratio, 450 nit Connection Bluetooth 5.0 BLE Battery 125 mAh, up to 15 days battery life | charging time ~2 hours Protection 5 ATM (showering, bathing, swimming) Features Alexa, Blood Oxygen Saturation, Music Control, Pedometer, Sleep Monitoring, Heart Rate Monitor, Alarm Clock, Message Reminder, Call Rejection, Sports Tracking, Menstrual Cycle, Camera Remote Weight \/ Dimensions 24 g with strap \/ 47.2 x 18.5 x 12.4 mm; 162-235 mm strap adjustment\" \/>\n\t\t<meta name=\"twitter:image\" content=\"https:\/\/www.rucashk.com\/wp-content\/uploads\/replace\/503b8e645f128a97ccde2b6290747646.jpeg\" \/>\n\t\t<script type=\"application\/ld+json\" class=\"aioseo-schema\">\n\t\t\t{\"@context\":\"https:\\\/\\\/schema.org\",\"@graph\":[{\"@type\":\"BreadcrumbList\",\"@id\":\"https:\\\/\\\/www.rucashk.com\\\/es\\\/producto\\\/amazfit-band-6-wholesale\\\/#breadcrumblist\",\"itemListElement\":[{\"@type\":\"ListItem\",\"@id\":\"https:\\\/\\\/www.rucashk.com\\\/es\\\/#listItem\",\"position\":1,\"name\":\"Home\",\"item\":\"https:\\\/\\\/www.rucashk.com\\\/es\\\/\",\"nextItem\":\"https:\\\/\\\/www.rucashk.com\\\/es\\\/producto\\\/amazfit-band-6-wholesale\\\/#listItem\"},{\"@type\":\"ListItem\",\"@id\":\"https:\\\/\\\/www.rucashk.com\\\/es\\\/producto\\\/amazfit-band-6-wholesale\\\/#listItem\",\"position\":2,\"name\":\"Amazfit Band 6 Wholesale\",\"previousItem\":\"https:\\\/\\\/www.rucashk.com\\\/es\\\/#listItem\"}]},{\"@type\":\"Organization\",\"@id\":\"https:\\\/\\\/www.rucashk.com\\\/es\\\/#organization\",\"name\":\"Rucas\",\"url\":\"https:\\\/\\\/www.rucashk.com\\\/es\\\/\",\"logo\":{\"@type\":\"ImageObject\",\"url\":\"https:\\\/\\\/www.rucashk.com\\\/wp-content\\\/uploads\\\/2023\\\/12\\\/Rucas_campany_logo.png\",\"@id\":\"https:\\\/\\\/www.rucashk.com\\\/es\\\/producto\\\/amazfit-band-6-wholesale\\\/#organizationLogo\",\"width\":221,\"height\":65},\"image\":{\"@id\":\"https:\\\/\\\/www.rucashk.com\\\/es\\\/#organizationLogo\"}},{\"@type\":\"Person\",\"@id\":\"https:\\\/\\\/www.rucashk.com\\\/es\\\/author\\\/admin\\\/#author\",\"url\":\"https:\\\/\\\/www.rucashk.com\\\/es\\\/author\\\/admin\\\/\",\"name\":\"admin\",\"image\":{\"@type\":\"ImageObject\",\"@id\":\"https:\\\/\\\/www.rucashk.com\\\/es\\\/producto\\\/amazfit-band-6-wholesale\\\/#authorImage\",\"url\":\"https:\\\/\\\/secure.gravatar.com\\\/avatar\\\/b7c8925b09a27e72b30232f8ecaadbd5af0f70a38c78096863fe51b64f031c24?s=96&d=mm&r=g\",\"width\":96,\"height\":96,\"caption\":\"admin\"}},{\"@type\":\"WebPage\",\"@id\":\"https:\\\/\\\/www.rucashk.com\\\/es\\\/producto\\\/amazfit-band-6-wholesale\\\/#webpage\",\"url\":\"https:\\\/\\\/www.rucashk.com\\\/es\\\/producto\\\/amazfit-band-6-wholesale\\\/\",\"name\":\"Amazfit Band 6 Wholesale - Rucas - Wholesale and Distribution\",\"description\":\"Main Features: Display 1.1 inch color 16 bit AMOLED, 294 x 126 pixel touch screen (291 PPI), 9:21 aspect ratio, 450 nit Connection Bluetooth 5.0 BLE Battery 125 mAh, up to 15 days battery life | charging time ~2 hours Protection 5 ATM (showering, bathing, swimming) Features Alexa, Blood Oxygen Saturation, Music Control, Pedometer, Sleep Monitoring, Heart Rate Monitor, Alarm Clock, Message Reminder, Call Rejection, Sports Tracking, Menstrual Cycle, Camera Remote Weight \\\/ Dimensions 24 g with strap \\\/ 47.2 x 18.5 x 12.4 mm; 162-235 mm strap adjustment\",\"inLanguage\":\"es-ES\",\"isPartOf\":{\"@id\":\"https:\\\/\\\/www.rucashk.com\\\/es\\\/#website\"},\"breadcrumb\":{\"@id\":\"https:\\\/\\\/www.rucashk.com\\\/es\\\/producto\\\/amazfit-band-6-wholesale\\\/#breadcrumblist\"},\"author\":{\"@id\":\"https:\\\/\\\/www.rucashk.com\\\/es\\\/author\\\/admin\\\/#author\"},\"creator\":{\"@id\":\"https:\\\/\\\/www.rucashk.com\\\/es\\\/author\\\/admin\\\/#author\"},\"image\":{\"@type\":\"ImageObject\",\"url\":\"https:\\\/\\\/www.rucashk.com\\\/wp-content\\\/uploads\\\/2024\\\/01\\\/1-11.jpg\",\"@id\":\"https:\\\/\\\/www.rucashk.com\\\/es\\\/producto\\\/amazfit-band-6-wholesale\\\/#mainImage\",\"width\":800,\"height\":800},\"primaryImageOfPage\":{\"@id\":\"https:\\\/\\\/www.rucashk.com\\\/es\\\/producto\\\/amazfit-band-6-wholesale\\\/#mainImage\"},\"datePublished\":\"2024-01-09T16:10:16+00:00\",\"dateModified\":\"2024-03-13T04:20:44+00:00\"},{\"@type\":\"WebSite\",\"@id\":\"https:\\\/\\\/www.rucashk.com\\\/es\\\/#website\",\"url\":\"https:\\\/\\\/www.rucashk.com\\\/es\\\/\",\"name\":\"Rucas - Wholesale and distribution worldwide\",\"alternateName\":\"Rucas - One-stop AIoT Distribution Worldwide\",\"description\":\"One-stop AIoT Distribution Worldwide\",\"inLanguage\":\"es-ES\",\"publisher\":{\"@id\":\"https:\\\/\\\/www.rucashk.com\\\/es\\\/#organization\"}}]}\n\t\t<\/script>\n\t\t<!-- All in One SEO Pro -->\r\n\t\t<title>Amazfit Band 6 Wholesale - Rucas - Wholesale and Distribution<\/title>\n\n","aioseo_head_json":{"title":"Amazfit Band 6 Wholesale - Rucas - Wholesale and Distribution","description":"Main Features: Display 1.1 inch color 16 bit AMOLED, 294 x 126 pixel touch screen (291 PPI), 9:21 aspect ratio, 450 nit Connection Bluetooth 5.0 BLE Battery 125 mAh, up to 15 days battery life | charging time ~2 hours Protection 5 ATM (showering, bathing, swimming) Features Alexa, Blood Oxygen Saturation, Music Control, Pedometer, Sleep Monitoring, Heart Rate Monitor, Alarm Clock, Message Reminder, Call Rejection, Sports Tracking, Menstrual Cycle, Camera Remote Weight \/ Dimensions 24 g with strap \/ 47.2 x 18.5 x 12.4 mm; 162-235 mm strap adjustment","canonical_url":"https:\/\/www.rucashk.com\/es\/producto\/amazfit-band-6-wholesale\/","robots":"max-image-preview:large","keywords":"","webmasterTools":{"miscellaneous":""},"og:locale":"es_ES","og:site_name":"Rucas - One-stop AIoT Distribution Worldwide","og:type":"article","og:title":"Amazfit Band 6 Wholesale - Rucas - Wholesale and Distribution","og:description":"Main Features: Display 1.1 inch color 16 bit AMOLED, 294 x 126 pixel touch screen (291 PPI), 9:21 aspect ratio, 450 nit Connection Bluetooth 5.0 BLE Battery 125 mAh, up to 15 days battery life | charging time ~2 hours Protection 5 ATM (showering, bathing, swimming) Features Alexa, Blood Oxygen Saturation, Music Control, Pedometer, Sleep Monitoring, Heart Rate Monitor, Alarm Clock, Message Reminder, Call Rejection, Sports Tracking, Menstrual Cycle, Camera Remote Weight \/ Dimensions 24 g with strap \/ 47.2 x 18.5 x 12.4 mm; 162-235 mm strap adjustment","og:url":"https:\/\/www.rucashk.com\/es\/producto\/amazfit-band-6-wholesale\/","og:image":"https:\/\/www.rucashk.com\/wp-content\/uploads\/replace\/503b8e645f128a97ccde2b6290747646.jpeg","og:image:secure_url":"https:\/\/www.rucashk.com\/wp-content\/uploads\/replace\/503b8e645f128a97ccde2b6290747646.jpeg","og:image:width":1456,"og:image:height":816,"article:published_time":"2024-01-09T16:10:16+00:00","article:modified_time":"2024-03-13T04:20:44+00:00","twitter:card":"summary_large_image","twitter:title":"Amazfit Band 6 Wholesale - Rucas - Wholesale and Distribution","twitter:description":"Main Features: Display 1.1 inch color 16 bit AMOLED, 294 x 126 pixel touch screen (291 PPI), 9:21 aspect ratio, 450 nit Connection Bluetooth 5.0 BLE Battery 125 mAh, up to 15 days battery life | charging time ~2 hours Protection 5 ATM (showering, bathing, swimming) Features Alexa, Blood Oxygen Saturation, Music Control, Pedometer, Sleep Monitoring, Heart Rate Monitor, Alarm Clock, Message Reminder, Call Rejection, Sports Tracking, Menstrual Cycle, Camera Remote Weight \/ Dimensions 24 g with strap \/ 47.2 x 18.5 x 12.4 mm; 162-235 mm strap adjustment","twitter:image":"https:\/\/www.rucashk.com\/wp-content\/uploads\/replace\/503b8e645f128a97ccde2b6290747646.jpeg","schema":{"@context":"https:\/\/schema.org","@graph":[{"@type":"BreadcrumbList","@id":"https:\/\/www.rucashk.com\/es\/producto\/amazfit-band-6-wholesale\/#breadcrumblist","itemListElement":[{"@type":"ListItem","@id":"https:\/\/www.rucashk.com\/es\/#listItem","position":1,"name":"Home","item":"https:\/\/www.rucashk.com\/es\/","nextItem":"https:\/\/www.rucashk.com\/es\/producto\/amazfit-band-6-wholesale\/#listItem"},{"@type":"ListItem","@id":"https:\/\/www.rucashk.com\/es\/producto\/amazfit-band-6-wholesale\/#listItem","position":2,"name":"Amazfit Band 6 Wholesale","previousItem":"https:\/\/www.rucashk.com\/es\/#listItem"}]},{"@type":"Organization","@id":"https:\/\/www.rucashk.com\/es\/#organization","name":"Rucas","url":"https:\/\/www.rucashk.com\/es\/","logo":{"@type":"ImageObject","url":"https:\/\/www.rucashk.com\/wp-content\/uploads\/2023\/12\/Rucas_campany_logo.png","@id":"https:\/\/www.rucashk.com\/es\/producto\/amazfit-band-6-wholesale\/#organizationLogo","width":221,"height":65},"image":{"@id":"https:\/\/www.rucashk.com\/es\/#organizationLogo"}},{"@type":"Person","@id":"https:\/\/www.rucashk.com\/es\/author\/admin\/#author","url":"https:\/\/www.rucashk.com\/es\/author\/admin\/","name":"admin","image":{"@type":"ImageObject","@id":"https:\/\/www.rucashk.com\/es\/producto\/amazfit-band-6-wholesale\/#authorImage","url":"https:\/\/secure.gravatar.com\/avatar\/b7c8925b09a27e72b30232f8ecaadbd5af0f70a38c78096863fe51b64f031c24?s=96&d=mm&r=g","width":96,"height":96,"caption":"admin"}},{"@type":"WebPage","@id":"https:\/\/www.rucashk.com\/es\/producto\/amazfit-band-6-wholesale\/#webpage","url":"https:\/\/www.rucashk.com\/es\/producto\/amazfit-band-6-wholesale\/","name":"Amazfit Band 6 Wholesale - Rucas - Wholesale and Distribution","description":"Main Features: Display 1.1 inch color 16 bit AMOLED, 294 x 126 pixel touch screen (291 PPI), 9:21 aspect ratio, 450 nit Connection Bluetooth 5.0 BLE Battery 125 mAh, up to 15 days battery life | charging time ~2 hours Protection 5 ATM (showering, bathing, swimming) Features Alexa, Blood Oxygen Saturation, Music Control, Pedometer, Sleep Monitoring, Heart Rate Monitor, Alarm Clock, Message Reminder, Call Rejection, Sports Tracking, Menstrual Cycle, Camera Remote Weight \/ Dimensions 24 g with strap \/ 47.2 x 18.5 x 12.4 mm; 162-235 mm strap adjustment","inLanguage":"es-ES","isPartOf":{"@id":"https:\/\/www.rucashk.com\/es\/#website"},"breadcrumb":{"@id":"https:\/\/www.rucashk.com\/es\/producto\/amazfit-band-6-wholesale\/#breadcrumblist"},"author":{"@id":"https:\/\/www.rucashk.com\/es\/author\/admin\/#author"},"creator":{"@id":"https:\/\/www.rucashk.com\/es\/author\/admin\/#author"},"image":{"@type":"ImageObject","url":"https:\/\/www.rucashk.com\/wp-content\/uploads\/2024\/01\/1-11.jpg","@id":"https:\/\/www.rucashk.com\/es\/producto\/amazfit-band-6-wholesale\/#mainImage","width":800,"height":800},"primaryImageOfPage":{"@id":"https:\/\/www.rucashk.com\/es\/producto\/amazfit-band-6-wholesale\/#mainImage"},"datePublished":"2024-01-09T16:10:16+00:00","dateModified":"2024-03-13T04:20:44+00:00"},{"@type":"WebSite","@id":"https:\/\/www.rucashk.com\/es\/#website","url":"https:\/\/www.rucashk.com\/es\/","name":"Rucas - Wholesale and distribution worldwide","alternateName":"Rucas - One-stop AIoT Distribution Worldwide","description":"One-stop AIoT Distribution Worldwide","inLanguage":"es-ES","publisher":{"@id":"https:\/\/www.rucashk.com\/es\/#organization"}}]}},"aioseo_meta_data":{"post_id":"24861","title":null,"description":null,"keywords":null,"keyphrases":null,"primary_term":null,"canonical_url":null,"og_title":null,"og_description":null,"og_object_type":"default","og_image_type":"default","og_image_url":null,"og_image_width":null,"og_image_height":null,"og_image_custom_url":null,"og_image_custom_fields":null,"og_video":null,"og_custom_url":null,"og_article_section":null,"og_article_tags":null,"twitter_use_og":false,"twitter_card":"default","twitter_image_type":"default","twitter_image_url":null,"twitter_image_custom_url":null,"twitter_image_custom_fields":null,"twitter_title":null,"twitter_description":null,"schema":{"blockGraphs":[],"customGraphs":[],"default":{"data":{"Article":[],"Course":[],"Dataset":[],"FAQPage":[],"Movie":[],"Person":[],"Product":[],"Recipe":[],"Service":[],"SoftwareApplication":[],"WebPage":[]},"graphName":"","isEnabled":true},"graphs":[]},"schema_type":"default","schema_type_options":null,"pillar_content":false,"robots_default":true,"robots_noindex":false,"robots_noarchive":false,"robots_nosnippet":false,"robots_nofollow":false,"robots_noimageindex":false,"robots_noodp":false,"robots_notranslate":false,"robots_max_snippet":null,"robots_max_videopreview":null,"robots_max_imagepreview":"large","priority":null,"frequency":null,"local_seo":null,"breadcrumb_settings":null,"limit_modified_date":false,"created":"2024-04-11 01:57:15","updated":"2025-06-22 17:41:05"},"aioseo_breadcrumb":"<div class=\"aioseo-breadcrumbs\"><span class=\"aioseo-breadcrumb\">\n\t<a href=\"https:\/\/www.rucashk.com\/es\" title=\"Home\">Home<\/a>\n<\/span><span class=\"aioseo-breadcrumb-separator\">&raquo;<\/span><span class=\"aioseo-breadcrumb\">\n\t<a href=\"https:\/\/www.rucashk.com\/es\/products\/\" title=\"Productos\">Productos<\/a>\n<\/span><span class=\"aioseo-breadcrumb-separator\">&raquo;<\/span><span class=\"aioseo-breadcrumb\">\n\t<a href=\"https:\/\/www.rucashk.com\/es\/categoria-producto\/xiaomi-eco\/\" title=\"Xiaomi Eco\">Xiaomi Eco<\/a>\n<\/span><span class=\"aioseo-breadcrumb-separator\">&raquo;<\/span><span class=\"aioseo-breadcrumb\">\n\t<a href=\"https:\/\/www.rucashk.com\/es\/categoria-producto\/xiaomi-eco\/amazfit-smartwatch\/\" title=\"Amazfit Smartwatch\">Amazfit Smartwatch<\/a>\n<\/span><span class=\"aioseo-breadcrumb-separator\">&raquo;<\/span><span class=\"aioseo-breadcrumb\">\n\tAmazfit Band 6 Wholesale\n<\/span><\/div>","aioseo_breadcrumb_json":[{"label":"Home","link":"https:\/\/www.rucashk.com\/es"},{"label":"Productos","link":"https:\/\/www.rucashk.com\/es\/products\/"},{"label":"Xiaomi Eco","link":"https:\/\/www.rucashk.com\/es\/categoria-producto\/xiaomi-eco\/"},{"label":"Amazfit Smartwatch","link":"https:\/\/www.rucashk.com\/es\/categoria-producto\/xiaomi-eco\/amazfit-smartwatch\/"},{"label":"Amazfit Band 6 Wholesale","link":"https:\/\/www.rucashk.com\/es\/producto\/amazfit-band-6-wholesale\/"}],"_links":{"self":[{"href":"https:\/\/www.rucashk.com\/es\/wp-json\/wp\/v2\/product\/24861","targetHints":{"allow":["GET"]}}],"collection":[{"href":"https:\/\/www.rucashk.com\/es\/wp-json\/wp\/v2\/product"}],"about":[{"href":"https:\/\/www.rucashk.com\/es\/wp-json\/wp\/v2\/types\/product"}],"wp:featuredmedia":[{"embeddable":true,"href":"https:\/\/www.rucashk.com\/es\/wp-json\/wp\/v2\/media\/24954"}],"wp:attachment":[{"href":"https:\/\/www.rucashk.com\/es\/wp-json\/wp\/v2\/media?parent=24861"}],"wp:term":[{"taxonomy":"product_brand","embeddable":true,"href":"https:\/\/www.rucashk.com\/es\/wp-json\/wp\/v2\/product_brand?post=24861"},{"taxonomy":"product_cat","embeddable":true,"href":"https:\/\/www.rucashk.com\/es\/wp-json\/wp\/v2\/product_cat?post=24861"},{"taxonomy":"product_tag","embeddable":true,"href":"https:\/\/www.rucashk.com\/es\/wp-json\/wp\/v2\/product_tag?post=24861"}],"curies":[{"name":"wp","href":"https:\/\/api.w.org\/{rel}","templated":true}]}}