{"id":24831,"date":"2024-01-09T16:09:54","date_gmt":"2024-01-09T16:09:54","guid":{"rendered":"http:\/\/rucashk.com\/?post_type=product&#038;p=24831"},"modified":"2025-06-22T07:42:45","modified_gmt":"2025-06-22T07:42:45","slug":"xiaomi-mi-band-4-smart-band-wholesale","status":"publish","type":"product","link":"https:\/\/www.rucashk.com\/es\/producto\/xiaomi-mi-band-4-smart-band-wholesale\/","title":{"rendered":"Banda inteligente Xiaomi Mi Band 4 al por mayor"},"content":{"rendered":"<h2 style=\"text-align: center\"><strong>Banda inteligente Xiaomi Mi Band 4 <\/strong><\/h2>\n<p>La pulsera inteligente Xiaomi Mi Band 4 satisface tus necesidades diarias. Si eres un entusiasta del deporte o te concentras m\u00e1s en un estilo de vida m\u00e1s saludable, funciona perfectamente para ayudarte a alcanzar tus objetivos de acondicionamiento f\u00edsico. Se puede acceder f\u00e1cilmente al pod\u00f3metro, al monitor de sue\u00f1o y a los recordatorios, por lo que puede visualizar el progreso que ha logrado utilizando la aplicaci\u00f3n. Una variedad de diales personalizados facilitan la respuesta a cada escena y expresan f\u00e1cilmente cada estado de \u00e1nimo.<\/p>\n<div class=\"self-adaption\"><img fetchpriority=\"high\" decoding=\"async\" class=\"js-descLazyload lazy-loaded aligncenter\" title=\"Xiaomi Mi Band 4 Pulsera Inteligente Bluetooth 5.0 5ATM Reloj Inteligente Deportivo A Prueba De Agua - Negro\" src=\"\/wp-content\/uploads\/replace\/bcad24c0843e4bdac06b150b6cac10d1.jpeg\" alt=\"Xiaomi Mi Band 4 Smart Band Wholesale\" width=\"1000\" height=\"639\" data-lazy=\"\/wp-content\/uploads\/replace\/bcad24c0843e4bdac06b150b6cac10d1.jpeg\" data-was-processed=\"true\" \/><\/div>\n<div class=\"self-adaption\"><img decoding=\"async\" class=\"js-descLazyload lazy-loaded aligncenter\" title=\"Xiaomi Mi Band 4 Pulsera Inteligente Bluetooth 5.0 5ATM Reloj Inteligente Deportivo A Prueba De Agua - Negro\" src=\"\/wp-content\/uploads\/replace\/a18cfad7f8b228922a6743c300087d8e.jpeg\" alt=\"Xiaomi Mi Band 4 Smart Band Wholesale\" width=\"1000\" height=\"641\" data-lazy=\"\/wp-content\/uploads\/replace\/a18cfad7f8b228922a6743c300087d8e.jpeg\" data-was-processed=\"true\" \/><\/div>\n<div class=\"self-adaption\"><img decoding=\"async\" class=\"js-descLazyload lazy-loaded aligncenter\" title=\"Xiaomi Mi Band 4 Pulsera Inteligente Bluetooth 5.0 5ATM Reloj Inteligente Deportivo A Prueba De Agua - Negro\" src=\"\/wp-content\/uploads\/replace\/c4894a97c49064e052e622f0e1382d1b.jpeg\" alt=\"Xiaomi Mi Band 4 Smart Band Wholesale\" width=\"1000\" height=\"558\" data-lazy=\"\/wp-content\/uploads\/replace\/c4894a97c49064e052e622f0e1382d1b.jpeg\" data-was-processed=\"true\" \/><img loading=\"lazy\" decoding=\"async\" class=\"js-descLazyload lazy-loaded aligncenter\" title=\"Xiaomi Mi Band 4 Pulsera Inteligente Bluetooth 5.0 5ATM Reloj Inteligente Deportivo A Prueba De Agua - Negro\" src=\"\/wp-content\/uploads\/replace\/751ef5f14d17edf8f91fa852aba5947e.jpeg\" alt=\"Xiaomi Mi Band 4 Smart Band Wholesale\" width=\"1000\" height=\"441\" data-lazy=\"\/wp-content\/uploads\/replace\/751ef5f14d17edf8f91fa852aba5947e.jpeg\" data-was-processed=\"true\" \/><\/div>\n<div class=\"self-adaption\"><img loading=\"lazy\" decoding=\"async\" class=\"js-descLazyload lazy-loaded aligncenter\" title=\"Xiaomi Mi Band 4 Pulsera Inteligente Bluetooth 5.0 5ATM Reloj Inteligente Deportivo A Prueba De Agua - Negro\" src=\"\/wp-content\/uploads\/replace\/915b5413331665a1f11c230c8ccfebf1.jpeg\" alt=\"Xiaomi Mi Band 4 Smart Band Wholesale\" width=\"1000\" height=\"585\" data-lazy=\"\/wp-content\/uploads\/replace\/915b5413331665a1f11c230c8ccfebf1.jpeg\" data-was-processed=\"true\" \/><\/div>\n<div class=\"self-adaption\"><img loading=\"lazy\" decoding=\"async\" class=\"js-descLazyload lazy-loaded aligncenter\" title=\"Xiaomi Mi Band 4 Pulsera Inteligente Bluetooth 5.0 5ATM Reloj Inteligente Deportivo A Prueba De Agua - Negro\" src=\"\/wp-content\/uploads\/replace\/55504eaed1d95b9cb8c245c693cdc56b.jpeg\" alt=\"Xiaomi Mi Band 4 Smart Band Wholesale\" width=\"1000\" height=\"578\" data-lazy=\"\/wp-content\/uploads\/replace\/55504eaed1d95b9cb8c245c693cdc56b.jpeg\" data-was-processed=\"true\" \/><\/div>\n<div class=\"self-adaption\"><img loading=\"lazy\" decoding=\"async\" class=\"js-descLazyload lazy-loaded aligncenter\" title=\"Xiaomi Mi Band 4 Pulsera Inteligente Bluetooth 5.0 5ATM Reloj Inteligente Deportivo A Prueba De Agua - Negro\" src=\"\/wp-content\/uploads\/replace\/759a2c209f6fe8a0d5df7615deac093d.jpeg\" alt=\"Xiaomi Mi Band 4 Smart Band Wholesale\" width=\"1000\" height=\"635\" data-lazy=\"\/wp-content\/uploads\/replace\/759a2c209f6fe8a0d5df7615deac093d.jpeg\" data-was-processed=\"true\" \/><\/div>\n<p>&nbsp;<\/p>\n<h4 class=\"expand_en_name\">Especificaci\u00f3n<\/h4>\n<div class=\"product_pz_info product_pz_style2\">\n<table>\n<tbody>\n<tr>\n<th>General<\/th>\n<td>Marca: Xiaomi<br \/>\nVersi\u00f3n de Bluetooth: Bluetooth 5.0<br \/>\nImpermeable\/Resistente al agua: S\u00ed<br \/>\nModo de funcionamiento: Pantalla t\u00e1ctil<br \/>\nSistema operativo compatible: Android, IOS<\/td>\n<\/tr>\n<tr>\n<th>Bater\u00eda<\/th>\n<td>Tipo de bater\u00eda: Bater\u00eda de iones de litio<br \/>\nCapacidad de la bater\u00eda: 135 mAh<br \/>\nTiempo de carga: unos 120 minutos<\/td>\n<\/tr>\n<tr>\n<th>Caracter\u00edsticas especiales<\/th>\n<td>Funciones: Recordatorio de llamada, Mensaje, Recordatorio de sedentarismo<br \/>\nAPLICACI\u00d3N: MiFit<\/td>\n<\/tr>\n<tr>\n<th>Dial y banda<\/th>\n<td>Forma de la esfera: Arco<br \/>\nMaterial de la caja: PC<br \/>\nMaterial de la banda: TPU<br \/>\nTama\u00f1o de la banda: 3,2 x 1,79 x 1,2 cm<br \/>\nTama\u00f1o de la esfera: 247 x 18 mm<br \/>\nLongitud usable: 155 \u2013 216 mm<\/td>\n<\/tr>\n<tr>\n<th>Dimensiones y peso<\/th>\n<td>Peso del producto: 0,0200 kg<br \/>\nPeso del paquete: 0,1200 kg<br \/>\nTama\u00f1o del producto (largo x ancho x alto): 24,70 x 1,79 x 1,20 cm \/ 9,72 x 0,7 x 0,47 pulgadas<br \/>\nTama\u00f1o del paquete (largo x ancho x alto): 9,00 x 9,00 x 4,10 cm \/ 3,54 x 3,54 x 1,61 pulgadas<\/td>\n<\/tr>\n<tr>\n<th>contenidos del paquete<\/th>\n<td>Contenido del Paquete: 1 x Pulsera Inteligente, 1 x Cargador USB<\/td>\n<\/tr>\n<\/tbody>\n<\/table>\n<\/div>","protected":false},"excerpt":{"rendered":"<p><b>Principales caracter\u00edsticas<\/b><br \/>\n\u25cf The fitness band uses Bluetooth 5.0 BLE which offers an improved range, connectivity speed and efficiency<br \/>\n\u25cf 0.95 inch AMOLED colour display that pushes 120 x 240 pixels resolution on an AMOLED screen<br \/>\n\u25cf 5ATM water resistant rating ( up to 50 meters )<br \/>\n\u25cf The fitness band uses Bluetooth 5.0 BLE which offers an improved range, connectivity speed and efficiency<br \/>\n\u25cf Come with a 135mAh battery and it is rated to last more than 20 days on a single charge<br \/>\n\u25cf Support for Alipay offline payment<br \/>\n\u25cf Focus on your health,built-in heart rate record, sleep monitor, sedentary reminder, etc.<br \/>\n\u25cf 135mAh battery capacity offers up to 20 days standby time<\/p>","protected":false},"featured_media":24935,"template":"","meta":[],"product_brand":[1363],"product_cat":[1307,1305],"product_tag":[1163],"class_list":{"0":"post-24831","1":"product","2":"type-product","3":"status-publish","4":"has-post-thumbnail","6":"product_brand-xiaomi","7":"product_cat-mi-band-smartwatch","8":"product_cat-xiaomi-eco","9":"product_tag-xiaomi-mi-band-4-smart-band","11":"first","12":"instock","13":"shipping-taxable","14":"product-type-external"},"aioseo_notices":[],"aioseo_head":"\n\t\t<!-- All in One SEO Pro 4.5.9.2 - aioseo.com -->\n\t\t<meta name=\"description\" content=\"Main Features \u25cf The fitness band uses Bluetooth 5.0 BLE which offers an improved range, connectivity speed and efficiency \u25cf 0.95 inch AMOLED colour display that pushes 120 x 240 pixels resolution on an AMOLED screen \u25cf 5ATM water resistant rating ( up to 50 meters ) \u25cf The fitness band uses Bluetooth 5.0 BLE which offers an improved range, connectivity speed and efficiency \u25cf Come with a 135mAh battery and it is rated to last more than 20 days on a single charge \u25cf Support for Alipay offline payment \u25cf Focus on your health,built-in heart rate record, sleep monitor, sedentary reminder, etc. \u25cf 135mAh battery capacity offers up to 20 days standby time\" \/>\n\t\t<meta name=\"robots\" content=\"max-image-preview:large\" \/>\n\t\t<link rel=\"canonical\" href=\"https:\/\/www.rucashk.com\/es\/producto\/xiaomi-mi-band-4-smart-band-wholesale\/\" \/>\n\t\t<meta name=\"generator\" content=\"All in One SEO Pro (AIOSEO) 4.5.9.2\" \/>\n\t\t<meta property=\"og:locale\" content=\"es_ES\" \/>\n\t\t<meta property=\"og:site_name\" content=\"Rucas - One-stop AIoT Distribution Worldwide\" \/>\n\t\t<meta property=\"og:type\" content=\"article\" \/>\n\t\t<meta property=\"og:title\" content=\"Xiaomi Mi Band 4 Smart Band Wholesale - Rucas - Wholesale and Distribution\" \/>\n\t\t<meta property=\"og:description\" content=\"Main Features \u25cf The fitness band uses Bluetooth 5.0 BLE which offers an improved range, connectivity speed and efficiency \u25cf 0.95 inch AMOLED colour display that pushes 120 x 240 pixels resolution on an AMOLED screen \u25cf 5ATM water resistant rating ( up to 50 meters ) \u25cf The fitness band uses Bluetooth 5.0 BLE which offers an improved range, connectivity speed and efficiency \u25cf Come with a 135mAh battery and it is rated to last more than 20 days on a single charge \u25cf Support for Alipay offline payment \u25cf Focus on your health,built-in heart rate record, sleep monitor, sedentary reminder, etc. \u25cf 135mAh battery capacity offers up to 20 days standby time\" \/>\n\t\t<meta property=\"og:url\" content=\"https:\/\/www.rucashk.com\/es\/producto\/xiaomi-mi-band-4-smart-band-wholesale\/\" \/>\n\t\t<meta property=\"og:image\" content=\"https:\/\/www.rucashk.com\/wp-content\/uploads\/replace\/503b8e645f128a97ccde2b6290747646.jpeg\" \/>\n\t\t<meta property=\"og:image:secure_url\" content=\"https:\/\/www.rucashk.com\/wp-content\/uploads\/replace\/503b8e645f128a97ccde2b6290747646.jpeg\" \/>\n\t\t<meta property=\"og:image:width\" content=\"1456\" \/>\n\t\t<meta property=\"og:image:height\" content=\"816\" \/>\n\t\t<meta property=\"article:published_time\" content=\"2024-01-09T16:09:54+00:00\" \/>\n\t\t<meta property=\"article:modified_time\" content=\"2025-06-22T07:42:45+00:00\" \/>\n\t\t<meta name=\"twitter:card\" content=\"summary_large_image\" \/>\n\t\t<meta name=\"twitter:title\" content=\"Xiaomi Mi Band 4 Smart Band Wholesale - Rucas - Wholesale and Distribution\" \/>\n\t\t<meta name=\"twitter:description\" content=\"Main Features \u25cf The fitness band uses Bluetooth 5.0 BLE which offers an improved range, connectivity speed and efficiency \u25cf 0.95 inch AMOLED colour display that pushes 120 x 240 pixels resolution on an AMOLED screen \u25cf 5ATM water resistant rating ( up to 50 meters ) \u25cf The fitness band uses Bluetooth 5.0 BLE which offers an improved range, connectivity speed and efficiency \u25cf Come with a 135mAh battery and it is rated to last more than 20 days on a single charge \u25cf Support for Alipay offline payment \u25cf Focus on your health,built-in heart rate record, sleep monitor, sedentary reminder, etc. \u25cf 135mAh battery capacity offers up to 20 days standby time\" \/>\n\t\t<meta name=\"twitter:image\" content=\"https:\/\/www.rucashk.com\/wp-content\/uploads\/replace\/503b8e645f128a97ccde2b6290747646.jpeg\" \/>\n\t\t<script type=\"application\/ld+json\" class=\"aioseo-schema\">\n\t\t\t{\"@context\":\"https:\\\/\\\/schema.org\",\"@graph\":[{\"@type\":\"BreadcrumbList\",\"@id\":\"https:\\\/\\\/www.rucashk.com\\\/es\\\/producto\\\/xiaomi-mi-band-4-smart-band-wholesale\\\/#breadcrumblist\",\"itemListElement\":[{\"@type\":\"ListItem\",\"@id\":\"https:\\\/\\\/www.rucashk.com\\\/es\\\/#listItem\",\"position\":1,\"name\":\"Home\",\"item\":\"https:\\\/\\\/www.rucashk.com\\\/es\\\/\",\"nextItem\":\"https:\\\/\\\/www.rucashk.com\\\/es\\\/producto\\\/xiaomi-mi-band-4-smart-band-wholesale\\\/#listItem\"},{\"@type\":\"ListItem\",\"@id\":\"https:\\\/\\\/www.rucashk.com\\\/es\\\/producto\\\/xiaomi-mi-band-4-smart-band-wholesale\\\/#listItem\",\"position\":2,\"name\":\"Xiaomi Mi Band 4 Smart Band Wholesale\",\"previousItem\":\"https:\\\/\\\/www.rucashk.com\\\/es\\\/#listItem\"}]},{\"@type\":\"Organization\",\"@id\":\"https:\\\/\\\/www.rucashk.com\\\/es\\\/#organization\",\"name\":\"Rucas\",\"url\":\"https:\\\/\\\/www.rucashk.com\\\/es\\\/\",\"logo\":{\"@type\":\"ImageObject\",\"url\":\"https:\\\/\\\/www.rucashk.com\\\/wp-content\\\/uploads\\\/2023\\\/12\\\/Rucas_campany_logo.png\",\"@id\":\"https:\\\/\\\/www.rucashk.com\\\/es\\\/producto\\\/xiaomi-mi-band-4-smart-band-wholesale\\\/#organizationLogo\",\"width\":221,\"height\":65},\"image\":{\"@id\":\"https:\\\/\\\/www.rucashk.com\\\/es\\\/#organizationLogo\"}},{\"@type\":\"Person\",\"@id\":\"https:\\\/\\\/www.rucashk.com\\\/es\\\/author\\\/admin\\\/#author\",\"url\":\"https:\\\/\\\/www.rucashk.com\\\/es\\\/author\\\/admin\\\/\",\"name\":\"admin\",\"image\":{\"@type\":\"ImageObject\",\"@id\":\"https:\\\/\\\/www.rucashk.com\\\/es\\\/producto\\\/xiaomi-mi-band-4-smart-band-wholesale\\\/#authorImage\",\"url\":\"https:\\\/\\\/secure.gravatar.com\\\/avatar\\\/b7c8925b09a27e72b30232f8ecaadbd5af0f70a38c78096863fe51b64f031c24?s=96&d=mm&r=g\",\"width\":96,\"height\":96,\"caption\":\"admin\"}},{\"@type\":\"WebPage\",\"@id\":\"https:\\\/\\\/www.rucashk.com\\\/es\\\/producto\\\/xiaomi-mi-band-4-smart-band-wholesale\\\/#webpage\",\"url\":\"https:\\\/\\\/www.rucashk.com\\\/es\\\/producto\\\/xiaomi-mi-band-4-smart-band-wholesale\\\/\",\"name\":\"Xiaomi Mi Band 4 Smart Band Wholesale - Rucas - Wholesale and Distribution\",\"description\":\"Main Features \\u25cf The fitness band uses Bluetooth 5.0 BLE which offers an improved range, connectivity speed and efficiency \\u25cf 0.95 inch AMOLED colour display that pushes 120 x 240 pixels resolution on an AMOLED screen \\u25cf 5ATM water resistant rating ( up to 50 meters ) \\u25cf The fitness band uses Bluetooth 5.0 BLE which offers an improved range, connectivity speed and efficiency \\u25cf Come with a 135mAh battery and it is rated to last more than 20 days on a single charge \\u25cf Support for Alipay offline payment \\u25cf Focus on your health,built-in heart rate record, sleep monitor, sedentary reminder, etc. \\u25cf 135mAh battery capacity offers up to 20 days standby time\",\"inLanguage\":\"es-ES\",\"isPartOf\":{\"@id\":\"https:\\\/\\\/www.rucashk.com\\\/es\\\/#website\"},\"breadcrumb\":{\"@id\":\"https:\\\/\\\/www.rucashk.com\\\/es\\\/producto\\\/xiaomi-mi-band-4-smart-band-wholesale\\\/#breadcrumblist\"},\"author\":{\"@id\":\"https:\\\/\\\/www.rucashk.com\\\/es\\\/author\\\/admin\\\/#author\"},\"creator\":{\"@id\":\"https:\\\/\\\/www.rucashk.com\\\/es\\\/author\\\/admin\\\/#author\"},\"image\":{\"@type\":\"ImageObject\",\"url\":\"https:\\\/\\\/www.rucashk.com\\\/wp-content\\\/uploads\\\/2024\\\/01\\\/1a669d3e-db37-450c-9b07-bf1176561129.png\",\"@id\":\"https:\\\/\\\/www.rucashk.com\\\/es\\\/producto\\\/xiaomi-mi-band-4-smart-band-wholesale\\\/#mainImage\",\"width\":800,\"height\":800},\"primaryImageOfPage\":{\"@id\":\"https:\\\/\\\/www.rucashk.com\\\/es\\\/producto\\\/xiaomi-mi-band-4-smart-band-wholesale\\\/#mainImage\"},\"datePublished\":\"2024-01-09T16:09:54+00:00\",\"dateModified\":\"2025-06-22T07:42:45+00:00\"},{\"@type\":\"WebSite\",\"@id\":\"https:\\\/\\\/www.rucashk.com\\\/es\\\/#website\",\"url\":\"https:\\\/\\\/www.rucashk.com\\\/es\\\/\",\"name\":\"Rucas - Wholesale and distribution worldwide\",\"alternateName\":\"Rucas - One-stop AIoT Distribution Worldwide\",\"description\":\"One-stop AIoT Distribution Worldwide\",\"inLanguage\":\"es-ES\",\"publisher\":{\"@id\":\"https:\\\/\\\/www.rucashk.com\\\/es\\\/#organization\"}}]}\n\t\t<\/script>\n\t\t<!-- All in One SEO Pro -->\r\n\t\t<title>Xiaomi Mi Band 4 Smart Band Wholesale - Rucas - Wholesale and Distribution<\/title>\n\n","aioseo_head_json":{"title":"Xiaomi Mi Band 4 Smart Band Wholesale - Rucas - Wholesale and Distribution","description":"Main Features \u25cf The fitness band uses Bluetooth 5.0 BLE which offers an improved range, connectivity speed and efficiency \u25cf 0.95 inch AMOLED colour display that pushes 120 x 240 pixels resolution on an AMOLED screen \u25cf 5ATM water resistant rating ( up to 50 meters ) \u25cf The fitness band uses Bluetooth 5.0 BLE which offers an improved range, connectivity speed and efficiency \u25cf Come with a 135mAh battery and it is rated to last more than 20 days on a single charge \u25cf Support for Alipay offline payment \u25cf Focus on your health,built-in heart rate record, sleep monitor, sedentary reminder, etc. \u25cf 135mAh battery capacity offers up to 20 days standby time","canonical_url":"https:\/\/www.rucashk.com\/es\/producto\/xiaomi-mi-band-4-smart-band-wholesale\/","robots":"max-image-preview:large","keywords":"","webmasterTools":{"miscellaneous":""},"og:locale":"es_ES","og:site_name":"Rucas - One-stop AIoT Distribution Worldwide","og:type":"article","og:title":"Xiaomi Mi Band 4 Smart Band Wholesale - Rucas - Wholesale and Distribution","og:description":"Main Features \u25cf The fitness band uses Bluetooth 5.0 BLE which offers an improved range, connectivity speed and efficiency \u25cf 0.95 inch AMOLED colour display that pushes 120 x 240 pixels resolution on an AMOLED screen \u25cf 5ATM water resistant rating ( up to 50 meters ) \u25cf The fitness band uses Bluetooth 5.0 BLE which offers an improved range, connectivity speed and efficiency \u25cf Come with a 135mAh battery and it is rated to last more than 20 days on a single charge \u25cf Support for Alipay offline payment \u25cf Focus on your health,built-in heart rate record, sleep monitor, sedentary reminder, etc. \u25cf 135mAh battery capacity offers up to 20 days standby time","og:url":"https:\/\/www.rucashk.com\/es\/producto\/xiaomi-mi-band-4-smart-band-wholesale\/","og:image":"https:\/\/www.rucashk.com\/wp-content\/uploads\/replace\/503b8e645f128a97ccde2b6290747646.jpeg","og:image:secure_url":"https:\/\/www.rucashk.com\/wp-content\/uploads\/replace\/503b8e645f128a97ccde2b6290747646.jpeg","og:image:width":1456,"og:image:height":816,"article:published_time":"2024-01-09T16:09:54+00:00","article:modified_time":"2025-06-22T07:42:45+00:00","twitter:card":"summary_large_image","twitter:title":"Xiaomi Mi Band 4 Smart Band Wholesale - Rucas - Wholesale and Distribution","twitter:description":"Main Features \u25cf The fitness band uses Bluetooth 5.0 BLE which offers an improved range, connectivity speed and efficiency \u25cf 0.95 inch AMOLED colour display that pushes 120 x 240 pixels resolution on an AMOLED screen \u25cf 5ATM water resistant rating ( up to 50 meters ) \u25cf The fitness band uses Bluetooth 5.0 BLE which offers an improved range, connectivity speed and efficiency \u25cf Come with a 135mAh battery and it is rated to last more than 20 days on a single charge \u25cf Support for Alipay offline payment \u25cf Focus on your health,built-in heart rate record, sleep monitor, sedentary reminder, etc. \u25cf 135mAh battery capacity offers up to 20 days standby time","twitter:image":"https:\/\/www.rucashk.com\/wp-content\/uploads\/replace\/503b8e645f128a97ccde2b6290747646.jpeg","schema":{"@context":"https:\/\/schema.org","@graph":[{"@type":"BreadcrumbList","@id":"https:\/\/www.rucashk.com\/es\/producto\/xiaomi-mi-band-4-smart-band-wholesale\/#breadcrumblist","itemListElement":[{"@type":"ListItem","@id":"https:\/\/www.rucashk.com\/es\/#listItem","position":1,"name":"Home","item":"https:\/\/www.rucashk.com\/es\/","nextItem":"https:\/\/www.rucashk.com\/es\/producto\/xiaomi-mi-band-4-smart-band-wholesale\/#listItem"},{"@type":"ListItem","@id":"https:\/\/www.rucashk.com\/es\/producto\/xiaomi-mi-band-4-smart-band-wholesale\/#listItem","position":2,"name":"Xiaomi Mi Band 4 Smart Band Wholesale","previousItem":"https:\/\/www.rucashk.com\/es\/#listItem"}]},{"@type":"Organization","@id":"https:\/\/www.rucashk.com\/es\/#organization","name":"Rucas","url":"https:\/\/www.rucashk.com\/es\/","logo":{"@type":"ImageObject","url":"https:\/\/www.rucashk.com\/wp-content\/uploads\/2023\/12\/Rucas_campany_logo.png","@id":"https:\/\/www.rucashk.com\/es\/producto\/xiaomi-mi-band-4-smart-band-wholesale\/#organizationLogo","width":221,"height":65},"image":{"@id":"https:\/\/www.rucashk.com\/es\/#organizationLogo"}},{"@type":"Person","@id":"https:\/\/www.rucashk.com\/es\/author\/admin\/#author","url":"https:\/\/www.rucashk.com\/es\/author\/admin\/","name":"admin","image":{"@type":"ImageObject","@id":"https:\/\/www.rucashk.com\/es\/producto\/xiaomi-mi-band-4-smart-band-wholesale\/#authorImage","url":"https:\/\/secure.gravatar.com\/avatar\/b7c8925b09a27e72b30232f8ecaadbd5af0f70a38c78096863fe51b64f031c24?s=96&d=mm&r=g","width":96,"height":96,"caption":"admin"}},{"@type":"WebPage","@id":"https:\/\/www.rucashk.com\/es\/producto\/xiaomi-mi-band-4-smart-band-wholesale\/#webpage","url":"https:\/\/www.rucashk.com\/es\/producto\/xiaomi-mi-band-4-smart-band-wholesale\/","name":"Xiaomi Mi Band 4 Smart Band Wholesale - Rucas - Wholesale and Distribution","description":"Main Features \u25cf The fitness band uses Bluetooth 5.0 BLE which offers an improved range, connectivity speed and efficiency \u25cf 0.95 inch AMOLED colour display that pushes 120 x 240 pixels resolution on an AMOLED screen \u25cf 5ATM water resistant rating ( up to 50 meters ) \u25cf The fitness band uses Bluetooth 5.0 BLE which offers an improved range, connectivity speed and efficiency \u25cf Come with a 135mAh battery and it is rated to last more than 20 days on a single charge \u25cf Support for Alipay offline payment \u25cf Focus on your health,built-in heart rate record, sleep monitor, sedentary reminder, etc. \u25cf 135mAh battery capacity offers up to 20 days standby time","inLanguage":"es-ES","isPartOf":{"@id":"https:\/\/www.rucashk.com\/es\/#website"},"breadcrumb":{"@id":"https:\/\/www.rucashk.com\/es\/producto\/xiaomi-mi-band-4-smart-band-wholesale\/#breadcrumblist"},"author":{"@id":"https:\/\/www.rucashk.com\/es\/author\/admin\/#author"},"creator":{"@id":"https:\/\/www.rucashk.com\/es\/author\/admin\/#author"},"image":{"@type":"ImageObject","url":"https:\/\/www.rucashk.com\/wp-content\/uploads\/2024\/01\/1a669d3e-db37-450c-9b07-bf1176561129.png","@id":"https:\/\/www.rucashk.com\/es\/producto\/xiaomi-mi-band-4-smart-band-wholesale\/#mainImage","width":800,"height":800},"primaryImageOfPage":{"@id":"https:\/\/www.rucashk.com\/es\/producto\/xiaomi-mi-band-4-smart-band-wholesale\/#mainImage"},"datePublished":"2024-01-09T16:09:54+00:00","dateModified":"2025-06-22T07:42:45+00:00"},{"@type":"WebSite","@id":"https:\/\/www.rucashk.com\/es\/#website","url":"https:\/\/www.rucashk.com\/es\/","name":"Rucas - Wholesale and distribution worldwide","alternateName":"Rucas - One-stop AIoT Distribution Worldwide","description":"One-stop AIoT Distribution Worldwide","inLanguage":"es-ES","publisher":{"@id":"https:\/\/www.rucashk.com\/es\/#organization"}}]}},"aioseo_meta_data":{"post_id":"24831","title":null,"description":null,"keywords":null,"keyphrases":null,"primary_term":null,"canonical_url":null,"og_title":null,"og_description":null,"og_object_type":"default","og_image_type":"default","og_image_url":null,"og_image_width":null,"og_image_height":null,"og_image_custom_url":null,"og_image_custom_fields":null,"og_video":null,"og_custom_url":null,"og_article_section":null,"og_article_tags":null,"twitter_use_og":false,"twitter_card":"default","twitter_image_type":"default","twitter_image_url":null,"twitter_image_custom_url":null,"twitter_image_custom_fields":null,"twitter_title":null,"twitter_description":null,"schema":{"blockGraphs":[],"customGraphs":[],"default":{"data":{"Article":[],"Course":[],"Dataset":[],"FAQPage":[],"Movie":[],"Person":[],"Product":[],"Recipe":[],"Service":[],"SoftwareApplication":[],"WebPage":[]},"graphName":"","isEnabled":true},"graphs":[]},"schema_type":"default","schema_type_options":null,"pillar_content":false,"robots_default":true,"robots_noindex":false,"robots_noarchive":false,"robots_nosnippet":false,"robots_nofollow":false,"robots_noimageindex":false,"robots_noodp":false,"robots_notranslate":false,"robots_max_snippet":null,"robots_max_videopreview":null,"robots_max_imagepreview":"large","priority":null,"frequency":null,"local_seo":null,"breadcrumb_settings":null,"limit_modified_date":false,"created":"2024-04-11 01:57:15","updated":"2025-06-22 17:41:02"},"aioseo_breadcrumb":"<div class=\"aioseo-breadcrumbs\"><span class=\"aioseo-breadcrumb\">\n\t<a href=\"https:\/\/www.rucashk.com\/es\" title=\"Home\">Home<\/a>\n<\/span><span class=\"aioseo-breadcrumb-separator\">&raquo;<\/span><span class=\"aioseo-breadcrumb\">\n\t<a href=\"https:\/\/www.rucashk.com\/es\/products\/\" title=\"Productos\">Productos<\/a>\n<\/span><span class=\"aioseo-breadcrumb-separator\">&raquo;<\/span><span class=\"aioseo-breadcrumb\">\n\t<a href=\"https:\/\/www.rucashk.com\/es\/marca\/xiaomi\/\" title=\"Xiaomi\">Xiaomi<\/a>\n<\/span><span class=\"aioseo-breadcrumb-separator\">&raquo;<\/span><span class=\"aioseo-breadcrumb\">\n\tXiaomi Mi Band 4 Smart Band Wholesale\n<\/span><\/div>","aioseo_breadcrumb_json":[{"label":"Home","link":"https:\/\/www.rucashk.com\/es"},{"label":"Productos","link":"https:\/\/www.rucashk.com\/es\/products\/"},{"label":"Xiaomi","link":"https:\/\/www.rucashk.com\/es\/marca\/xiaomi\/"},{"label":"Xiaomi Mi Band 4 Smart Band Wholesale","link":"https:\/\/www.rucashk.com\/es\/producto\/xiaomi-mi-band-4-smart-band-wholesale\/"}],"_links":{"self":[{"href":"https:\/\/www.rucashk.com\/es\/wp-json\/wp\/v2\/product\/24831","targetHints":{"allow":["GET"]}}],"collection":[{"href":"https:\/\/www.rucashk.com\/es\/wp-json\/wp\/v2\/product"}],"about":[{"href":"https:\/\/www.rucashk.com\/es\/wp-json\/wp\/v2\/types\/product"}],"wp:featuredmedia":[{"embeddable":true,"href":"https:\/\/www.rucashk.com\/es\/wp-json\/wp\/v2\/media\/24935"}],"wp:attachment":[{"href":"https:\/\/www.rucashk.com\/es\/wp-json\/wp\/v2\/media?parent=24831"}],"wp:term":[{"taxonomy":"product_brand","embeddable":true,"href":"https:\/\/www.rucashk.com\/es\/wp-json\/wp\/v2\/product_brand?post=24831"},{"taxonomy":"product_cat","embeddable":true,"href":"https:\/\/www.rucashk.com\/es\/wp-json\/wp\/v2\/product_cat?post=24831"},{"taxonomy":"product_tag","embeddable":true,"href":"https:\/\/www.rucashk.com\/es\/wp-json\/wp\/v2\/product_tag?post=24831"}],"curies":[{"name":"wp","href":"https:\/\/api.w.org\/{rel}","templated":true}]}}